{"id":23163,"date":"2024-09-30T18:27:29","date_gmt":"2024-09-30T18:27:29","guid":{"rendered":"https:\/\/elfsight.com\/de\/?page_id=23163"},"modified":"2025-07-08T10:22:51","modified_gmt":"2025-07-08T10:22:51","slug":"jquery","status":"publish","type":"page","link":"https:\/\/elfsight.com\/de\/calculator-form-widget\/jquery\/","title":{"rendered":"calculator &#8211; jquery"},"content":{"rendered":"<div class=\"application-platform-content-item-description application-platform-content-item\" id=\"description\" data-nav-section=\"description\"> <h2>Rechner mit einem Elfsight-Plugin in jQuery einbetten<\/h2> <p>Das Rechner-Widget bietet Ihren Website-Benutzern die M\u00f6glichkeit, ihre Ausgaben zu planen , Reiserouten, Kochproportionen und vieles mehr, abh\u00e4ngig von Ihrem Gesch\u00e4ftsfeld. Man kann diesem eingebetteten Widget verschiedene Felder und zus\u00e4tzliche Optionen hinzuf\u00fcgen, sodass die Benutzer ihre Vorteile \u00fcberpr\u00fcfen k\u00f6nnen, ohne die Seite zu verlassen. Mit der Funktion \u201eBedingte Logik\u201c k\u00f6nnen Sie universelle Muster f\u00fcr jedes Szenario und jeden Benutzer erstellen.<\/p><p>Variable Elemente wie Kontrollk\u00e4stchen, Schieberegler und Dropdown-Listen erm\u00f6glichen Ihnen die Einbindung beliebiger Preismuster f\u00fcr bestimmte Angebote. Beispielsweise k\u00f6nnen Sie Kredite zu einem angegebenen Prozentsatz f\u00fcr einen gew\u00fcnschten Zeitraum berechnen. Sie k\u00f6nnen einen Mietwagen mit vielen zus\u00e4tzlichen Annehmlichkeiten anbieten, aus denen Sie w\u00e4hlen k\u00f6nnen. Au\u00dferdem ist der Rechner in der Lage, die Reise Ihrer Tr\u00e4ume zu planen, wenn Transport, Unterkunft und Top-Events berechnet werden. <\/p><p><b>Beeindrucken Sie Ihre Website-Besucher mit einem soliden Berechnungserlebnis, indem Sie das leistungsstarke Z\u00e4hl-Widget integrieren! <\/b><\/p><\/div> <div class=\"application-platform-content-item-features application-platform-content-item\" id=\"features\" data-nav-section=\"features\"> <h2>Hier finden Sie die wesentlichen Funktionen des Widgets:<\/h2> <ul><li>Tool mit \u00fcbersichtlicher Oberfl\u00e4che, das alle Vorg\u00e4nge ausf\u00fchrt<\/li><li>Viele Operationsfeldl\u00f6sungen f\u00fcr Ihre Ziele<\/li><li>Bedingte Logik, die sogar mehrstufige Berechnungen abdeckt<\/li><li>\u00dcberschaubare Vorlagen f\u00fcr einen reibungslosen Start<\/li><li>On -Seitenl\u00f6sung, die die Entscheidungsfindung verbessert<\/li><\/ul><p><a href=\"#demo\">Sie k\u00f6nnen sehen, was das Widget bietet, indem Sie die Demo ausprobieren<\/a><\/p><\/div> <div class=\"application-platform-content-item-installation application-platform-content-item\" id=\"installation\" data-nav-section=\"installation\"> <h2>Wie integriere ich den Rechner in meine jQuery-Webseite?<\/h2> <p>Befolgen Sie einfach die unten aufgef\u00fchrten Schritte, um mit der Verwendung des Widgets zu beginnen.<\/p> <ol><li><b>\u00d6ffnen Sie unseren kostenlosen Editor und beginnen Sie mit der Erstellung Ihres einzigartigen Plugins. <\/b><br> Bestimmen Sie das bevorzugte Aussehen und die Eigenschaften des Werkzeugs und nehmen Sie die \u00c4nderungen vor. <\/li> <li><b>Erhalten Sie den eindeutigen Code, der im Fenster von Elfsight Apps angezeigt wird. <\/b><br> Wenn die Einrichtung Ihres pers\u00f6nlichen Plugins abgeschlossen ist, kopieren Sie den einzelnen Code aus dem angezeigten Fenster und bewahren Sie ihn f\u00fcr die zuk\u00fcnftige Verwendung auf. <\/li> <li><b>Beginnen Sie mit der Anwendung des Plugins auf Ihrer jQuery-Homepage. <\/b><br> Implementieren Sie den Code, den Sie k\u00fcrzlich kopiert haben, in Ihre Webseite und wenden Sie die Korrekturen an. <\/li> <li><b>Du bist fertig! Die Einrichtung ist erfolgreich abgeschlossen. <\/b><br> Besuchen Sie Ihre Seite, um die Arbeit des Widgets zu sehen. <\/li><\/ol> <p>Wenn Sie Fragen haben oder auf Schwierigkeiten sto\u00dfen, k\u00f6nnen Sie sich gerne an unser Kundendienstteam wenden. Unsere Mitarbeiter l\u00f6sen gerne alle Schwierigkeiten, die Sie mit dem Tool haben k\u00f6nnten. <\/p><\/div> ","protected":false},"excerpt":{"rendered":"","protected":false},"author":9,"featured_media":0,"parent":22566,"menu_order":0,"comment_status":"closed","ping_status":"closed","template":"templates\/template-application-platform.php","meta":{"publish_to_discourse":"","publish_post_category":"","wpdc_auto_publish_overridden":"","wpdc_topic_tags":"","wpdc_pin_topic":"","wpdc_pin_until":"","discourse_post_id":"","discourse_permalink":"","wpdc_publishing_response":"","wpdc_publishing_error":"","footnotes":""},"class_list":["post-23163","page","type-page","status-publish","hentry"],"yoast_head":"<!-- This site is optimized with the Yoast SEO plugin v25.3.1 - https:\/\/yoast.com\/wordpress\/plugins\/seo\/ -->\n<title>F\u00fcgen Sie einen Rechner zu jQuery hinzu \u2013 betten Sie das Clear-Counting-Plugin in die Website ein<\/title>\n<meta name=\"description\" content=\"Meistern Sie selbst komplizierte Berechnungen mit unserem reaktionsschnellen Rechner. Nutzen Sie eine \u00fcbersichtliche Demo von Elfsight, um das n\u00fctzliche Widget zu generieren.\" \/>\n<meta name=\"robots\" content=\"index, follow, max-snippet:-1, max-image-preview:large, max-video-preview:-1\" \/>\n<link rel=\"canonical\" href=\"https:\/\/elfsight.com\/de\/calculator-form-widget\/jquery\/\" \/>\n<meta property=\"og:locale\" content=\"de_DE\" \/>\n<meta property=\"og:type\" content=\"article\" \/>\n<meta property=\"og:title\" content=\"F\u00fcgen Sie einen Rechner zu jQuery hinzu \u2013 betten Sie das Clear-Counting-Plugin in die Website ein\" \/>\n<meta property=\"og:description\" content=\"Meistern Sie selbst komplizierte Berechnungen mit unserem reaktionsschnellen Rechner. Nutzen Sie eine \u00fcbersichtliche Demo von Elfsight, um das n\u00fctzliche Widget zu generieren.\" \/>\n<meta property=\"og:url\" content=\"https:\/\/elfsight.com\/de\/calculator-form-widget\/jquery\/\" \/>\n<meta property=\"og:site_name\" content=\"Elfsight DE\" \/>\n<meta property=\"article:modified_time\" content=\"2025-07-08T10:22:51+00:00\" \/>\n<meta name=\"twitter:card\" content=\"summary_large_image\" \/>\n<meta name=\"twitter:label1\" content=\"Gesch\u00e4tzte Lesezeit\" \/>\n\t<meta name=\"twitter:data1\" content=\"2\u00a0Minuten\" \/>\n<!-- \/ Yoast SEO plugin. -->","yoast_head_json":{"title":"F\u00fcgen Sie einen Rechner zu jQuery hinzu \u2013 betten Sie das Clear-Counting-Plugin in die Website ein","description":"Meistern Sie selbst komplizierte Berechnungen mit unserem reaktionsschnellen Rechner. Nutzen Sie eine \u00fcbersichtliche Demo von Elfsight, um das n\u00fctzliche Widget zu generieren.","robots":{"index":"index","follow":"follow","max-snippet":"max-snippet:-1","max-image-preview":"max-image-preview:large","max-video-preview":"max-video-preview:-1"},"canonical":"https:\/\/elfsight.com\/de\/calculator-form-widget\/jquery\/","og_locale":"de_DE","og_type":"article","og_title":"F\u00fcgen Sie einen Rechner zu jQuery hinzu \u2013 betten Sie das Clear-Counting-Plugin in die Website ein","og_description":"Meistern Sie selbst komplizierte Berechnungen mit unserem reaktionsschnellen Rechner. Nutzen Sie eine \u00fcbersichtliche Demo von Elfsight, um das n\u00fctzliche Widget zu generieren.","og_url":"https:\/\/elfsight.com\/de\/calculator-form-widget\/jquery\/","og_site_name":"Elfsight DE","article_modified_time":"2025-07-08T10:22:51+00:00","twitter_card":"summary_large_image","twitter_misc":{"Gesch\u00e4tzte Lesezeit":"2\u00a0Minuten"},"schema":{"@context":"https:\/\/schema.org","@graph":[{"@type":"WebPage","@id":"https:\/\/elfsight.com\/de\/calculator-form-widget\/jquery\/","url":"https:\/\/elfsight.com\/de\/calculator-form-widget\/jquery\/","name":"F\u00fcgen Sie einen Rechner zu jQuery hinzu \u2013 betten Sie das Clear-Counting-Plugin in die Website ein","isPartOf":{"@id":"https:\/\/elfsight.com\/de\/#website"},"datePublished":"2024-09-30T18:27:29+00:00","dateModified":"2025-07-08T10:22:51+00:00","description":"Meistern Sie selbst komplizierte Berechnungen mit unserem reaktionsschnellen Rechner. Nutzen Sie eine \u00fcbersichtliche Demo von Elfsight, um das n\u00fctzliche Widget zu generieren.","breadcrumb":{"@id":"https:\/\/elfsight.com\/de\/calculator-form-widget\/jquery\/#breadcrumb"},"inLanguage":"de","potentialAction":[{"@type":"ReadAction","target":["https:\/\/elfsight.com\/de\/calculator-form-widget\/jquery\/"]}]},{"@type":"BreadcrumbList","@id":"https:\/\/elfsight.com\/de\/calculator-form-widget\/jquery\/#breadcrumb","itemListElement":[{"@type":"ListItem","position":1,"name":"Home","item":"https:\/\/elfsight.com\/de\/"},{"@type":"ListItem","position":2,"name":"Calculator","item":"https:\/\/elfsight.com\/de\/calculator-form-widget\/"},{"@type":"ListItem","position":3,"name":"calculator &#8211; jquery"}]},{"@type":"WebSite","@id":"https:\/\/elfsight.com\/de\/#website","url":"https:\/\/elfsight.com\/de\/","name":"Elfsight DE","description":"Just another Elfsight Sites site","potentialAction":[{"@type":"SearchAction","target":{"@type":"EntryPoint","urlTemplate":"https:\/\/elfsight.com\/de\/?s={search_term_string}"},"query-input":{"@type":"PropertyValueSpecification","valueRequired":true,"valueName":"search_term_string"}}],"inLanguage":"de"}]}},"meta_box":{"industry":"","seo_heading":"","heading":"","description":"","cta_heading":"","cta_description":"","application":"22559","h1":"jQuery-Rechner-Plugin","h1_caption":"Stellen Sie Ihren Besuchern einen benutzerdefinierten Rechner zur Verf\u00fcgung, der m\u00fchelos schnelle L\u00f6sungen f\u00fcr Dinge wie Preise, Rabatte oder ROI-Berechnungen in Ihre jQuery-Website einbindet.","application_category":[],"applications_title":"","applications_request_title":"","applications_request_button_text":"","hero_text":"","hero_video":"","hero_video_schema_markup":"","selling_points_title":"","selling_points_caption":"","selling_points":[],"selling_points_cta_text":"","features_title":"","features":"","ed_cta_examples_text":"","ed_cta_examples_hidden":"","ed_cta_demo_text":"","ed_cta_demo_hidden":"","why_caption":"","why_editor_title":"","why_editor_text":"","why_team_title":"","why_team_text":"","why_service_title":"","why_service_text":"","template_catalog_visible":"0","template_catalog_title":"","template_catalog_text":"","template_catalog_categories_visible":"","demo_title":"Erstellen Sie Ihr Rechner-Plugin","demo_caption":"Configure your Calculator and add it to your jQuery website for free!","default_faq_hidden":"","app_template_category":[],"platform":"258","template_public_id":"","codecanyon_url":"","codecanyon_item_id":"","codecanyon_price":"","pricing_caption":"","pricing_elfsight_apps_hide_column":"","pricing_elfsight_apps_url":"","pricing_codecanyon_price_caption":"","integration_category":[],"integration_request_title":"","integration_request_cta":"","integration_platform":"","integrations":[],"platform_category":[],"video_schema_markup":"","price":"ab 0 $ \/ Monat","trial":"","benefits":[{"text":"Kostenlose Installationsunterst\u00fctzung"},{"text":"Premium-Support"},{"text":"14-t\u00e4gige R\u00fcckerstattungsgarantie"},{"text":"Laufende Updates"}],"button_url":"#demo","button_target_blank":"","button_nofollow":"","attributes":[{"name":"Installieren","content":"50,000 - 100,000"},{"name":"Reaktionsfreudig","content":"Ja"},{"name":"Kompatible Browser","content":"Firefox, Safari, Opera, Chrome, Edge"}],"tags":[],"tags_disable_links":"","hide_more_platforms":"","video_object":"","demo_hide_cta":"","demo_hide_cloud_options":"","pricing_title":"","pricing":[{"pricing_icon":"platform","pricing_title":"Elfsight Apps","pricing_title_caption":"Plattform\u00fcbergreifende Software, die auf jeder Website funktioniert","pricing_price":"ab 0 $ \/ Monat","pricing_price_caption":"Beginnen Sie mit einem kostenlosen Plan","pricing_benefits":[{"text":"Unbegrenzte Websites"},{"text":"Engagierter Kundensupport und gut dokumentiert"},{"text":"Kostenlose Installationshilfe"},{"text":"Flexibles Design"}],"pricing_button_text":"Zur Website hinzuf\u00fcgen","pricing_button_url":"#demo"}],"related_apps_title":"","related_apps_hidden":"","author":"","image":[],"title":"","job":"","social_networks":[]},"_links":{"self":[{"href":"https:\/\/elfsight.com\/de\/wp-json\/wp\/v2\/pages\/23163","targetHints":{"allow":["GET"]}}],"collection":[{"href":"https:\/\/elfsight.com\/de\/wp-json\/wp\/v2\/pages"}],"about":[{"href":"https:\/\/elfsight.com\/de\/wp-json\/wp\/v2\/types\/page"}],"author":[{"embeddable":true,"href":"https:\/\/elfsight.com\/de\/wp-json\/wp\/v2\/users\/9"}],"replies":[{"embeddable":true,"href":"https:\/\/elfsight.com\/de\/wp-json\/wp\/v2\/comments?post=23163"}],"version-history":[{"count":1,"href":"https:\/\/elfsight.com\/de\/wp-json\/wp\/v2\/pages\/23163\/revisions"}],"predecessor-version":[{"id":23167,"href":"https:\/\/elfsight.com\/de\/wp-json\/wp\/v2\/pages\/23163\/revisions\/23167"}],"up":[{"embeddable":true,"href":"https:\/\/elfsight.com\/de\/wp-json\/wp\/v2\/pages\/22566"}],"wp:attachment":[{"href":"https:\/\/elfsight.com\/de\/wp-json\/wp\/v2\/media?parent=23163"}],"curies":[{"name":"wp","href":"https:\/\/api.w.org\/{rel}","templated":true}]}}