{"id":23158,"date":"2024-09-30T18:27:29","date_gmt":"2024-09-30T18:27:29","guid":{"rendered":"https:\/\/elfsight.com\/de\/?page_id=23158"},"modified":"2025-07-08T10:23:29","modified_gmt":"2025-07-08T10:23:29","slug":"webnode","status":"publish","type":"page","link":"https:\/\/elfsight.com\/de\/calculator-form-widget\/webnode\/","title":{"rendered":"calculator &#8211; webnode"},"content":{"rendered":"<div class=\"application-platform-content-item-description application-platform-content-item\" id=\"description\" data-nav-section=\"description\"> <h2>Einbetten des Rechners in Webnode mit einem Elfsight-Widget<\/h2> <p>Mit dem Rechner-Widget haben Ihre Website-Besucher die M\u00f6glichkeit, ihre Kosten zu planen , Reiserouten, Kochproportionen und vieles mehr je nach T\u00e4tigkeitsbereich. Sie k\u00f6nnen in dieses On-Page-Widget Pflichtfelder und zus\u00e4tzliche Optionen integrieren, sodass die Benutzer ihre Vorteile \u00fcberpr\u00fcfen k\u00f6nnen, ohne die Website-Seite zu verlassen. Mit der bedingten Logik k\u00f6nnen Sie universelle Muster f\u00fcr jedes Szenario und jeden Kunden erstellen.<\/p><p>Verwaltbare Elemente wie Kontrollk\u00e4stchen, Schieberegler und Dropdown-Listen erm\u00f6glichen Ihnen die Einbindung beliebiger Preisbildungsmuster f\u00fcr bestimmte Produkte. Beispielsweise k\u00f6nnen Sie Kredite mit einem angegebenen Zinssatz f\u00fcr einen angemessenen Zeitraum kalkulieren. Sie k\u00f6nnen eine Autovermietung mit zahlreichen zus\u00e4tzlichen Annehmlichkeiten zur Auswahl anbieten. Au\u00dferdem ist der Rechner in der Lage, die Reise Ihrer Tr\u00e4ume zu planen, sofern Transfer, Unterkunft und Top-Ausfl\u00fcge ber\u00fccksichtigt werden. <\/p><p><b>Bieten Sie Ihren Besuchern ein perfektes Berechnungserlebnis, indem Sie das leistungsstarke Z\u00e4hl-Widget integrieren! <\/b><\/p><\/div> <div class=\"application-platform-content-item-features application-platform-content-item\" id=\"features\" data-nav-section=\"features\"> <h2>Sehen Sie sich die Liste der leistungsst\u00e4rksten Funktionen an:<\/h2> <ul><li>Tool mit einfacher Schnittstelle, die alle Funktionen erm\u00f6glicht Operationen<\/li><li>Mehrere Z\u00e4hlfeldoptionen f\u00fcr Ihre Szenarien<\/li><li>Bedingte Logikfunktion, die selbst komplizierte Berechnungen erm\u00f6glicht<\/li><li>Anpassbare Vorlagen zum Starten M\u00fchelos<\/li><li>Integrierte L\u00f6sung, die die Entscheidungsfindung verbessert<\/li><\/ul><p><a href=\"#demo\">Probieren Sie einfach diese Demo aus, um die Funktionalit\u00e4t des Widgets zu verstehen<\/a><\/p><\/div> <div class=\"application-platform-content-item-installation application-platform-content-item\" id=\"installation\" data-nav-section=\"installation\"> <h2>Wie kann ich Calculator in meine Webnode-Site integrieren?<\/h2> <p>Erf\u00fcllen Sie einfach die folgenden Richtlinien, um Aktivieren Sie das Widget.<\/p> <ol><li><b>Nutzen Sie unseren kostenlosen Editor und beginnen Sie mit der Erstellung Ihres einzigartigen Plugins. <\/b><br> W\u00e4hlen Sie das benutzerdefinierte Formular und die Funktionen des Widgets aus und speichern Sie die \u00c4nderungen. <\/li> <li><b>Holen Sie sich den einzigartigen Code, der in der speziellen Form auf Elfsight Apps erscheint. <\/b><br> Nachdem Sie Ihr Widget eingerichtet haben, kopieren Sie den exklusiven Code aus dem angezeigten Fenster und bewahren Sie ihn f\u00fcr sp\u00e4tere Gelegenheiten auf. <\/li> <li><b>Beginnen Sie mit der Nutzung des Widgets auf der Webnode-Website. <\/b><br> F\u00fcgen Sie den Code, den Sie k\u00fcrzlich kopiert haben, in Ihre Webseite ein und speichern Sie die Korrekturen. <\/li> <li><b>Die Installation wurde erfolgreich beendet. <\/b><br> Gehen Sie zu Ihrer Website, um zu sehen, wie das Plugin funktioniert. <\/li><\/ol> <p>Wenn Sie Fragen haben oder auf Schwierigkeiten sto\u00dfen, scheuen Sie sich nicht, sich an unser Kundendienstteam zu wenden. Unsere Berater helfen Ihnen gerne bei der L\u00f6sung aller Schwierigkeiten, die Sie mit dem Tool haben k\u00f6nnten. <\/p><\/div> ","protected":false},"excerpt":{"rendered":"","protected":false},"author":9,"featured_media":0,"parent":22566,"menu_order":0,"comment_status":"closed","ping_status":"closed","template":"templates\/template-application-platform.php","meta":{"publish_to_discourse":"","publish_post_category":"","wpdc_auto_publish_overridden":"","wpdc_topic_tags":"","wpdc_pin_topic":"","wpdc_pin_until":"","discourse_post_id":"","discourse_permalink":"","wpdc_publishing_response":"","wpdc_publishing_error":"","footnotes":""},"class_list":["post-23158","page","type-page","status-publish","hentry"],"yoast_head":"<!-- This site is optimized with the Yoast SEO plugin v25.3.1 - https:\/\/yoast.com\/wordpress\/plugins\/seo\/ -->\n<title>Rechner zu Webnode hinzuf\u00fcgen \u2013 Vereinfachen Sie Berechnungen auf Webseiten<\/title>\n<meta name=\"description\" content=\"Vereinfachen Sie selbst komplexe Z\u00e4hlungen mit unserem reaktionsschnellen Rechner. Profitieren Sie von einer praktischen Demo von Elfsight, um das leistungsstarke Widget zu erstellen.\" \/>\n<meta name=\"robots\" content=\"index, follow, max-snippet:-1, max-image-preview:large, max-video-preview:-1\" \/>\n<link rel=\"canonical\" href=\"https:\/\/elfsight.com\/de\/calculator-form-widget\/webnode\/\" \/>\n<meta property=\"og:locale\" content=\"de_DE\" \/>\n<meta property=\"og:type\" content=\"article\" \/>\n<meta property=\"og:title\" content=\"Rechner zu Webnode hinzuf\u00fcgen \u2013 Vereinfachen Sie Berechnungen auf Webseiten\" \/>\n<meta property=\"og:description\" content=\"Vereinfachen Sie selbst komplexe Z\u00e4hlungen mit unserem reaktionsschnellen Rechner. Profitieren Sie von einer praktischen Demo von Elfsight, um das leistungsstarke Widget zu erstellen.\" \/>\n<meta property=\"og:url\" content=\"https:\/\/elfsight.com\/de\/calculator-form-widget\/webnode\/\" \/>\n<meta property=\"og:site_name\" content=\"Elfsight DE\" \/>\n<meta property=\"article:modified_time\" content=\"2025-07-08T10:23:29+00:00\" \/>\n<meta name=\"twitter:card\" content=\"summary_large_image\" \/>\n<meta name=\"twitter:label1\" content=\"Gesch\u00e4tzte Lesezeit\" \/>\n\t<meta name=\"twitter:data1\" content=\"2\u00a0Minuten\" \/>\n<!-- \/ Yoast SEO plugin. -->","yoast_head_json":{"title":"Rechner zu Webnode hinzuf\u00fcgen \u2013 Vereinfachen Sie Berechnungen auf Webseiten","description":"Vereinfachen Sie selbst komplexe Z\u00e4hlungen mit unserem reaktionsschnellen Rechner. Profitieren Sie von einer praktischen Demo von Elfsight, um das leistungsstarke Widget zu erstellen.","robots":{"index":"index","follow":"follow","max-snippet":"max-snippet:-1","max-image-preview":"max-image-preview:large","max-video-preview":"max-video-preview:-1"},"canonical":"https:\/\/elfsight.com\/de\/calculator-form-widget\/webnode\/","og_locale":"de_DE","og_type":"article","og_title":"Rechner zu Webnode hinzuf\u00fcgen \u2013 Vereinfachen Sie Berechnungen auf Webseiten","og_description":"Vereinfachen Sie selbst komplexe Z\u00e4hlungen mit unserem reaktionsschnellen Rechner. Profitieren Sie von einer praktischen Demo von Elfsight, um das leistungsstarke Widget zu erstellen.","og_url":"https:\/\/elfsight.com\/de\/calculator-form-widget\/webnode\/","og_site_name":"Elfsight DE","article_modified_time":"2025-07-08T10:23:29+00:00","twitter_card":"summary_large_image","twitter_misc":{"Gesch\u00e4tzte Lesezeit":"2\u00a0Minuten"},"schema":{"@context":"https:\/\/schema.org","@graph":[{"@type":"WebPage","@id":"https:\/\/elfsight.com\/de\/calculator-form-widget\/webnode\/","url":"https:\/\/elfsight.com\/de\/calculator-form-widget\/webnode\/","name":"Rechner zu Webnode hinzuf\u00fcgen \u2013 Vereinfachen Sie Berechnungen auf Webseiten","isPartOf":{"@id":"https:\/\/elfsight.com\/de\/#website"},"datePublished":"2024-09-30T18:27:29+00:00","dateModified":"2025-07-08T10:23:29+00:00","description":"Vereinfachen Sie selbst komplexe Z\u00e4hlungen mit unserem reaktionsschnellen Rechner. Profitieren Sie von einer praktischen Demo von Elfsight, um das leistungsstarke Widget zu erstellen.","breadcrumb":{"@id":"https:\/\/elfsight.com\/de\/calculator-form-widget\/webnode\/#breadcrumb"},"inLanguage":"de","potentialAction":[{"@type":"ReadAction","target":["https:\/\/elfsight.com\/de\/calculator-form-widget\/webnode\/"]}]},{"@type":"BreadcrumbList","@id":"https:\/\/elfsight.com\/de\/calculator-form-widget\/webnode\/#breadcrumb","itemListElement":[{"@type":"ListItem","position":1,"name":"Home","item":"https:\/\/elfsight.com\/de\/"},{"@type":"ListItem","position":2,"name":"Calculator","item":"https:\/\/elfsight.com\/de\/calculator-form-widget\/"},{"@type":"ListItem","position":3,"name":"calculator &#8211; webnode"}]},{"@type":"WebSite","@id":"https:\/\/elfsight.com\/de\/#website","url":"https:\/\/elfsight.com\/de\/","name":"Elfsight DE","description":"Just another Elfsight Sites site","potentialAction":[{"@type":"SearchAction","target":{"@type":"EntryPoint","urlTemplate":"https:\/\/elfsight.com\/de\/?s={search_term_string}"},"query-input":{"@type":"PropertyValueSpecification","valueRequired":true,"valueName":"search_term_string"}}],"inLanguage":"de"}]}},"meta_box":{"industry":"","seo_heading":"","heading":"","description":"","cta_heading":"","cta_description":"","application":"22559","h1":"Webnode-Rechner-Widget","h1_caption":"Stellen Sie Ihren Besuchern einen benutzerdefinierten Rechner zur Verf\u00fcgung, der m\u00fchelos schnelle L\u00f6sungen f\u00fcr Dinge wie Preise, Rabatte oder ROI-Berechnungen auf Ihrer Webnode-Website bereitstellt.","application_category":[],"applications_title":"","applications_request_title":"","applications_request_button_text":"","hero_text":"","hero_video":"","hero_video_schema_markup":"","selling_points_title":"","selling_points_caption":"","selling_points":[],"selling_points_cta_text":"","features_title":"","features":"","ed_cta_examples_text":"","ed_cta_examples_hidden":"","ed_cta_demo_text":"","ed_cta_demo_hidden":"","why_caption":"","why_editor_title":"","why_editor_text":"","why_team_title":"","why_team_text":"","why_service_title":"","why_service_text":"","template_catalog_visible":"0","template_catalog_title":"","template_catalog_text":"","template_catalog_categories_visible":"","demo_title":"Erstellen Sie Ihr Rechner-Widget","demo_caption":"Configure your Calculator and add it to your Webnode website for free!","default_faq_hidden":"","app_template_category":[],"platform":"248","template_public_id":"","codecanyon_url":"","codecanyon_item_id":"","codecanyon_price":"","pricing_caption":"","pricing_elfsight_apps_hide_column":"","pricing_elfsight_apps_url":"","pricing_codecanyon_price_caption":"","integration_category":[],"integration_request_title":"","integration_request_cta":"","integration_platform":"","integrations":[],"platform_category":[],"video_schema_markup":"","price":"ab 0 $ \/ Monat","trial":"","benefits":[{"text":"Kostenloser Installationsservice"},{"text":"Erfahrener Kundensupport"},{"text":"14-t\u00e4gige Geld-zur\u00fcck-Garantie"},{"text":"Zuk\u00fcnftige kostenlose Updates"}],"button_url":"#demo","button_target_blank":"","button_nofollow":"","attributes":[{"name":"Installieren","content":"50,000 - 100,000"},{"name":"Reaktionsfreudig","content":"Ja"},{"name":"Kompatible Browser","content":"Firefox, Safari, Opera, Chrome, Edge"}],"tags":[],"tags_disable_links":"","hide_more_platforms":"","video_object":"","demo_hide_cta":"","demo_hide_cloud_options":"","pricing_title":"","pricing":[{"pricing_icon":"platform","pricing_title":"Elfsight Apps","pricing_title_caption":"Plattform\u00fcbergreifende Version","pricing_price":"ab 0 $ \/ Monat","pricing_price_caption":"Beginnen Sie mit einem kostenlosen Plan","pricing_benefits":[{"text":"Unbegrenzte Domains"},{"text":"Premium-Kundensupport"},{"text":"Kostenlose Installationshilfe"},{"text":"Vollst\u00e4ndig anpassbar"}],"pricing_button_text":"Zur Website hinzuf\u00fcgen","pricing_button_url":"#demo"}],"related_apps_title":"","related_apps_hidden":"","author":"","image":[],"title":"","job":"","social_networks":[]},"_links":{"self":[{"href":"https:\/\/elfsight.com\/de\/wp-json\/wp\/v2\/pages\/23158","targetHints":{"allow":["GET"]}}],"collection":[{"href":"https:\/\/elfsight.com\/de\/wp-json\/wp\/v2\/pages"}],"about":[{"href":"https:\/\/elfsight.com\/de\/wp-json\/wp\/v2\/types\/page"}],"author":[{"embeddable":true,"href":"https:\/\/elfsight.com\/de\/wp-json\/wp\/v2\/users\/9"}],"replies":[{"embeddable":true,"href":"https:\/\/elfsight.com\/de\/wp-json\/wp\/v2\/comments?post=23158"}],"version-history":[{"count":1,"href":"https:\/\/elfsight.com\/de\/wp-json\/wp\/v2\/pages\/23158\/revisions"}],"predecessor-version":[{"id":23162,"href":"https:\/\/elfsight.com\/de\/wp-json\/wp\/v2\/pages\/23158\/revisions\/23162"}],"up":[{"embeddable":true,"href":"https:\/\/elfsight.com\/de\/wp-json\/wp\/v2\/pages\/22566"}],"wp:attachment":[{"href":"https:\/\/elfsight.com\/de\/wp-json\/wp\/v2\/media?parent=23158"}],"curies":[{"name":"wp","href":"https:\/\/api.w.org\/{rel}","templated":true}]}}