{"id":23157,"date":"2024-09-30T18:27:29","date_gmt":"2024-09-30T18:27:29","guid":{"rendered":"https:\/\/elfsight.com\/de\/?page_id=23157"},"modified":"2025-07-08T10:22:40","modified_gmt":"2025-07-08T10:22:40","slug":"jimdo","status":"publish","type":"page","link":"https:\/\/elfsight.com\/de\/calculator-form-widget\/jimdo\/","title":{"rendered":"calculator &#8211; jimdo"},"content":{"rendered":"<div class=\"application-platform-content-item-description application-platform-content-item\" id=\"description\" data-nav-section=\"description\"> <h2>Rechner mit einem Elfsight-Widget in Jimdo einbetten<\/h2> <p>Das Rechner-Widget bietet Ihren Kunden eine M\u00f6glichkeit, ihre Ausgaben zu planen, Ausflugsrouten, Kochproportionen und vieles mehr rund um Ihren T\u00e4tigkeitsbereich. In dieses On-Page-Widget k\u00f6nnen verschiedene Felder und Zusatzoptionen integriert werden, so dass die Nutzer ihre Vorteile analysieren k\u00f6nnen, ohne die Seite zu verlassen. Bedingte Logik hilft dabei, universelle L\u00f6sungen f\u00fcr Ihr Szenario und jeden Benutzer zu erstellen.<\/p><p>Anpassbare Elemente wie Kontrollk\u00e4stchen, Schieberegler und Dropdown-Men\u00fcs erm\u00f6glichen es Ihnen, beliebige Preismuster f\u00fcr bestimmte Produkte einzubeziehen. Beispielsweise kann man Kredite mit einem angegebenen Prozentsatz f\u00fcr einen passenden Zeitraum berechnen. Sie k\u00f6nnen eine Autovermietung mit vielen zus\u00e4tzlichen Annehmlichkeiten zur Auswahl anbieten. Dar\u00fcber hinaus kann der Rechner eine Traumreise projizieren, sofern Transfer, Unterkunft und Top-Aktivit\u00e4ten ber\u00fccksichtigt werden. <\/p><p><b>Erm\u00f6glichen Sie Ihren Kunden ein benutzerfreundliches Berechnungserlebnis, indem Sie das unkomplizierte Z\u00e4hl-Widget integrieren! <\/b><\/p><\/div> <div class=\"application-platform-content-item-features application-platform-content-item\" id=\"features\" data-nav-section=\"features\"> <h2>Das Widget bietet leistungsstarke und unkomplizierte Funktionen, sehen Sie sich einige davon an:<\/h2> <ul><li>L\u00f6sung mit Benutzer- benutzerfreundliche Oberfl\u00e4che, die f\u00fcr alle Operationen geeignet ist<\/li><li>Viele Operationsfeldl\u00f6sungen f\u00fcr Ihre Ziele<\/li><li>Bedingte Logik, die selbst komplizierte Berechnungen abdeckt<\/li><li>Anpassbar Vorlagen f\u00fcr einen einfachen Einstieg<\/li><li>Integriertes Tool zur Beschleunigung der Entscheidungsfindung<\/li><\/ul><p><a href=\"#demo\">Probieren Sie alle Einstellungen in einer 100 % funktionsf\u00e4higen Demo aus<\/a> <\/p><\/div> <div class=\"application-platform-content-item-installation application-platform-content-item\" id=\"installation\" data-nav-section=\"installation\"> <h2>Wie bette ich den Rechner in meine Jimdo-Seiten ein?<\/h2> <p>F\u00fchren Sie einfach die unten beschriebenen Schritte aus um das Widget einzuf\u00fcgen.<\/p> <ol><li><b>Verwalten Sie unsere kostenlose Demo und beginnen Sie mit dem Bau Ihres ma\u00dfgeschneiderten Instruments. <\/b><br> Bestimmen Sie die benutzerdefinierte Form und die Funktionen des Tools und \u00fcbernehmen Sie die \u00c4nderungen. <\/li> <li><b>Kopieren Sie den individuellen Code, der im speziellen Formular auf Elfsight Apps angezeigt wird. <\/b><br> Kopieren Sie unmittelbar nach Abschluss der Einrichtung Ihres pers\u00f6nlichen Widgets den pers\u00f6nlichen Code im angezeigten Fenster und bewahren Sie ihn f\u00fcr die zuk\u00fcnftige Verwendung auf. <\/li> <li><b>Beginnen Sie mit der Anwendung des Plugins auf der Jimdo-Homepage. <\/b><br> Platzieren Sie den k\u00fcrzlich kopierten Code auf Ihrer Webseite und \u00fcbernehmen Sie die Anpassungen. <\/li> <li><b>Das Setup wurde erfolgreich abgeschlossen. <\/b><br> Gehen Sie auf Ihre Webseite, um die Leistung des Plugins zu \u00fcberpr\u00fcfen. <\/li><\/ol> <p>Wenn Sie Hindernisse \u00fcberwinden, wenden Sie sich bitte an unsere Kundendienstmitarbeiter. Unsere Mitarbeiter helfen Ihnen gerne bei allen Problemen, die Sie mit dem Tool haben. <\/p><\/div>","protected":false},"excerpt":{"rendered":"","protected":false},"author":9,"featured_media":0,"parent":22566,"menu_order":0,"comment_status":"closed","ping_status":"closed","template":"templates\/template-application-platform.php","meta":{"publish_to_discourse":"","publish_post_category":"","wpdc_auto_publish_overridden":"","wpdc_topic_tags":"","wpdc_pin_topic":"","wpdc_pin_until":"","discourse_post_id":"","discourse_permalink":"","wpdc_publishing_response":"","wpdc_publishing_error":"","footnotes":""},"class_list":["post-23157","page","type-page","status-publish","hentry"],"yoast_head":"<!-- This site is optimized with the Yoast SEO plugin v25.3.1 - https:\/\/yoast.com\/wordpress\/plugins\/seo\/ -->\n<title>Integrieren Sie den Rechner in Jimdo \u2013 Erleichtern Sie Berechnungen auf der Website<\/title>\n<meta name=\"description\" content=\"Meistern Sie selbst detaillierte Berechnungen mit unserem benutzerfreundlichen Rechner. Nutzen Sie eine praktische Demo von Elfsight, um das vielseitige Widget zu erstellen.\" \/>\n<meta name=\"robots\" content=\"index, follow, max-snippet:-1, max-image-preview:large, max-video-preview:-1\" \/>\n<link rel=\"canonical\" href=\"https:\/\/elfsight.com\/de\/calculator-form-widget\/jimdo\/\" \/>\n<meta property=\"og:locale\" content=\"de_DE\" \/>\n<meta property=\"og:type\" content=\"article\" \/>\n<meta property=\"og:title\" content=\"Integrieren Sie den Rechner in Jimdo \u2013 Erleichtern Sie Berechnungen auf der Website\" \/>\n<meta property=\"og:description\" content=\"Meistern Sie selbst detaillierte Berechnungen mit unserem benutzerfreundlichen Rechner. Nutzen Sie eine praktische Demo von Elfsight, um das vielseitige Widget zu erstellen.\" \/>\n<meta property=\"og:url\" content=\"https:\/\/elfsight.com\/de\/calculator-form-widget\/jimdo\/\" \/>\n<meta property=\"og:site_name\" content=\"Elfsight DE\" \/>\n<meta property=\"article:modified_time\" content=\"2025-07-08T10:22:40+00:00\" \/>\n<meta name=\"twitter:card\" content=\"summary_large_image\" \/>\n<meta name=\"twitter:label1\" content=\"Gesch\u00e4tzte Lesezeit\" \/>\n\t<meta name=\"twitter:data1\" content=\"2\u00a0Minuten\" \/>\n<!-- \/ Yoast SEO plugin. -->","yoast_head_json":{"title":"Integrieren Sie den Rechner in Jimdo \u2013 Erleichtern Sie Berechnungen auf der Website","description":"Meistern Sie selbst detaillierte Berechnungen mit unserem benutzerfreundlichen Rechner. Nutzen Sie eine praktische Demo von Elfsight, um das vielseitige Widget zu erstellen.","robots":{"index":"index","follow":"follow","max-snippet":"max-snippet:-1","max-image-preview":"max-image-preview:large","max-video-preview":"max-video-preview:-1"},"canonical":"https:\/\/elfsight.com\/de\/calculator-form-widget\/jimdo\/","og_locale":"de_DE","og_type":"article","og_title":"Integrieren Sie den Rechner in Jimdo \u2013 Erleichtern Sie Berechnungen auf der Website","og_description":"Meistern Sie selbst detaillierte Berechnungen mit unserem benutzerfreundlichen Rechner. Nutzen Sie eine praktische Demo von Elfsight, um das vielseitige Widget zu erstellen.","og_url":"https:\/\/elfsight.com\/de\/calculator-form-widget\/jimdo\/","og_site_name":"Elfsight DE","article_modified_time":"2025-07-08T10:22:40+00:00","twitter_card":"summary_large_image","twitter_misc":{"Gesch\u00e4tzte Lesezeit":"2\u00a0Minuten"},"schema":{"@context":"https:\/\/schema.org","@graph":[{"@type":"WebPage","@id":"https:\/\/elfsight.com\/de\/calculator-form-widget\/jimdo\/","url":"https:\/\/elfsight.com\/de\/calculator-form-widget\/jimdo\/","name":"Integrieren Sie den Rechner in Jimdo \u2013 Erleichtern Sie Berechnungen auf der Website","isPartOf":{"@id":"https:\/\/elfsight.com\/de\/#website"},"datePublished":"2024-09-30T18:27:29+00:00","dateModified":"2025-07-08T10:22:40+00:00","description":"Meistern Sie selbst detaillierte Berechnungen mit unserem benutzerfreundlichen Rechner. Nutzen Sie eine praktische Demo von Elfsight, um das vielseitige Widget zu erstellen.","breadcrumb":{"@id":"https:\/\/elfsight.com\/de\/calculator-form-widget\/jimdo\/#breadcrumb"},"inLanguage":"de","potentialAction":[{"@type":"ReadAction","target":["https:\/\/elfsight.com\/de\/calculator-form-widget\/jimdo\/"]}]},{"@type":"BreadcrumbList","@id":"https:\/\/elfsight.com\/de\/calculator-form-widget\/jimdo\/#breadcrumb","itemListElement":[{"@type":"ListItem","position":1,"name":"Home","item":"https:\/\/elfsight.com\/de\/"},{"@type":"ListItem","position":2,"name":"Calculator","item":"https:\/\/elfsight.com\/de\/calculator-form-widget\/"},{"@type":"ListItem","position":3,"name":"calculator &#8211; jimdo"}]},{"@type":"WebSite","@id":"https:\/\/elfsight.com\/de\/#website","url":"https:\/\/elfsight.com\/de\/","name":"Elfsight DE","description":"Just another Elfsight Sites site","potentialAction":[{"@type":"SearchAction","target":{"@type":"EntryPoint","urlTemplate":"https:\/\/elfsight.com\/de\/?s={search_term_string}"},"query-input":{"@type":"PropertyValueSpecification","valueRequired":true,"valueName":"search_term_string"}}],"inLanguage":"de"}]}},"meta_box":{"industry":"","seo_heading":"","heading":"","description":"","cta_heading":"","cta_description":"","application":"22559","h1":"Jimdo-Rechner-Widget","h1_caption":"Stellen Sie Ihren Besuchern einen benutzerdefinierten Rechner zur Verf\u00fcgung, der m\u00fchelos schnelle L\u00f6sungen f\u00fcr Dinge wie Preise, Rabatte oder ROI-Berechnungen auf Ihrer Jimdo-Website bereitstellt.","application_category":[],"applications_title":"","applications_request_title":"","applications_request_button_text":"","hero_text":"","hero_video":"","hero_video_schema_markup":"","selling_points_title":"","selling_points_caption":"","selling_points":[],"selling_points_cta_text":"","features_title":"","features":"","ed_cta_examples_text":"","ed_cta_examples_hidden":"","ed_cta_demo_text":"","ed_cta_demo_hidden":"","why_caption":"","why_editor_title":"","why_editor_text":"","why_team_title":"","why_team_text":"","why_service_title":"","why_service_text":"","template_catalog_visible":"0","template_catalog_title":"","template_catalog_text":"","template_catalog_categories_visible":"","demo_title":"Erstellen Sie Ihr Rechner-Widget","demo_caption":"Configure your Calculator and add it to your Jimdo website for free!","default_faq_hidden":"","app_template_category":[],"platform":"239","template_public_id":"","codecanyon_url":"","codecanyon_item_id":"","codecanyon_price":"","pricing_caption":"","pricing_elfsight_apps_hide_column":"","pricing_elfsight_apps_url":"","pricing_codecanyon_price_caption":"","integration_category":[],"integration_request_title":"","integration_request_cta":"","integration_platform":"","integrations":[],"platform_category":[],"video_schema_markup":"","price":"ab 0 $ \/ Monat","trial":"","benefits":[{"text":"Kostenloser Installationsservice"},{"text":"Premium-Support"},{"text":"14-t\u00e4gige R\u00fcckerstattungsgarantie"},{"text":"Kontinuierliche Weiterentwicklung"}],"button_url":"#demo","button_target_blank":"","button_nofollow":"","attributes":[{"name":"Installieren","content":"50,000 - 100,000"},{"name":"Reaktionsfreudig","content":"Ja"},{"name":"Kompatible Browser","content":"Firefox, Safari, Opera, Chrome, Edge"}],"tags":[],"tags_disable_links":"","hide_more_platforms":"","video_object":"","demo_hide_cta":"","demo_hide_cloud_options":"","pricing_title":"","pricing":[{"pricing_icon":"platform","pricing_title":"Elfsight Apps","pricing_title_caption":"Plattformunabh\u00e4ngige Version","pricing_price":"ab 0 $ \/ Monat","pricing_price_caption":"Beginnen Sie mit einem kostenlosen Plan","pricing_benefits":[{"text":"Unbegrenzte Domains"},{"text":"Engagierter Support und gut dokumentiert"},{"text":"Kostenloser Installationsservice"},{"text":"100 % anpassbar"}],"pricing_button_text":"Zur Website hinzuf\u00fcgen","pricing_button_url":"#demo"}],"related_apps_title":"","related_apps_hidden":"","author":"","image":[],"title":"","job":"","social_networks":[]},"_links":{"self":[{"href":"https:\/\/elfsight.com\/de\/wp-json\/wp\/v2\/pages\/23157","targetHints":{"allow":["GET"]}}],"collection":[{"href":"https:\/\/elfsight.com\/de\/wp-json\/wp\/v2\/pages"}],"about":[{"href":"https:\/\/elfsight.com\/de\/wp-json\/wp\/v2\/types\/page"}],"author":[{"embeddable":true,"href":"https:\/\/elfsight.com\/de\/wp-json\/wp\/v2\/users\/9"}],"replies":[{"embeddable":true,"href":"https:\/\/elfsight.com\/de\/wp-json\/wp\/v2\/comments?post=23157"}],"version-history":[{"count":1,"href":"https:\/\/elfsight.com\/de\/wp-json\/wp\/v2\/pages\/23157\/revisions"}],"predecessor-version":[{"id":23161,"href":"https:\/\/elfsight.com\/de\/wp-json\/wp\/v2\/pages\/23157\/revisions\/23161"}],"up":[{"embeddable":true,"href":"https:\/\/elfsight.com\/de\/wp-json\/wp\/v2\/pages\/22566"}],"wp:attachment":[{"href":"https:\/\/elfsight.com\/de\/wp-json\/wp\/v2\/media?parent=23157"}],"curies":[{"name":"wp","href":"https:\/\/api.w.org\/{rel}","templated":true}]}}