{"id":23156,"date":"2024-09-30T18:27:29","date_gmt":"2024-09-30T18:27:29","guid":{"rendered":"https:\/\/elfsight.com\/de\/?page_id=23156"},"modified":"2025-07-08T10:23:06","modified_gmt":"2025-07-08T10:23:06","slug":"prestashop","status":"publish","type":"page","link":"https:\/\/elfsight.com\/de\/calculator-form-widget\/prestashop\/","title":{"rendered":"calculator &#8211; prestashop"},"content":{"rendered":"<div class=\"application-platform-content-item-description application-platform-content-item\" id=\"description\" data-nav-section=\"description\"> <h2>Betten Sie den Rechner mit einem Elfsight-Add-on in PrestaShop ein<\/h2> <p>Mit dem Rechner-Widget profitieren Ihre Kunden von einer M\u00f6glichkeit, ihre Kosten zu planen , Reiserouten, Kochproportionen und vieles mehr rund um Ihren Gesch\u00e4ftsbereich. Zu diesem eingebetteten Widget k\u00f6nnen erforderliche Felder und zus\u00e4tzliche Optionen hinzugef\u00fcgt werden, sodass die Benutzer die Vorteile analysieren k\u00f6nnen, ohne die Seite zu verlassen. Mit der bedingten Logikfunktion k\u00f6nnen Sie universelle Muster f\u00fcr jedes Szenario und jeden Kunden erstellen.<\/p><p>Anpassbare Elemente wie Kontrollk\u00e4stchen, Schieberegler und Dropdown-Listen erm\u00f6glichen es Ihnen, beliebige Preismuster f\u00fcr verschiedene Angebote einzubeziehen. Versuchen Sie beispielsweise, Kredite mit einem angegebenen Prozentsatz und einer angemessenen Laufzeit zu berechnen. Sie k\u00f6nnen eine Autovermietung mit vielen zus\u00e4tzlichen Optionen bewerben, aus denen Sie w\u00e4hlen k\u00f6nnen. Ebenso ist der Rechner in der Lage, eine Traumreise zu planen, sofern Transfer, Hotel und notwendige Aktivit\u00e4ten ber\u00fccksichtigt werden. <\/p><p><b>Erm\u00f6glichen Sie Ihren Kunden ein perfektes Berechnungserlebnis, indem Sie das leistungsstarke Z\u00e4hl-Widget integrieren! <\/b><\/p><\/div> <div class=\"application-platform-content-item-features application-platform-content-item\" id=\"features\" data-nav-section=\"features\"> <h2>Das Widget enth\u00e4lt wertvolle und unkomplizierte Funktionen, sehen Sie sich einige davon an:<\/h2> <ul><li>Tool mit unkomplizierter Benutzeroberfl\u00e4che das funktioniert mit allen Berechnungen<\/li><li>Viele Z\u00e4hlfeldtypen f\u00fcr Ihre Bed\u00fcrfnisse<\/li><li>Bedingte Logikfunktion, die sogar mehrstufige Berechnungen abdeckt Z\u00e4hlen<\/li><li>Anpassbare Vorlagen f\u00fcr einen reibungslosen Start<\/li><li>Eingebettetes Tool, das die Entscheidungsfindung erleichtert<\/li><\/ul><p><a href=\"#demo\">Sie k\u00f6nnen es \u00fcberpr\u00fcfen was das Widget mit Hilfe der Demo wert ist<\/a><\/p><\/div> <div class=\"application-platform-content-item-installation application-platform-content-item\" id=\"installation\" data-nav-section=\"installation\"> <h2>Wie integriere ich den Rechner in meinen PrestaShop? Seiten?<\/h2> <p>F\u00fchren Sie einfach die folgenden Schritte aus, um mit der Verwendung des Widgets zu beginnen.<\/p> <ol><li><b>Verwalten Sie unseren kostenlosen Editor und beginnen Sie mit der Erstellung Ihres einzigartigen Plugins. <\/b><br> Geben Sie das ausgew\u00e4hlte Layout und die Spezifikationen des Plugins an und speichern Sie die \u00c4nderungen. <\/li> <li><b>Sie erhalten den eindeutigen Code, der im Feld von Elfsight Apps angezeigt wird. <\/b><br> Kopieren Sie direkt nach Abschluss der Anpassung Ihres Plugins den exklusiven Code in das angezeigte Feld und speichern Sie ihn zur sp\u00e4teren Verwendung. <\/li> <li><b>Beginnen Sie mit der Verwendung des Plugins auf Ihrer PrestaShop-Homepage. <\/b><br> Implementieren Sie den k\u00fcrzlich kopierten Code in Ihre Website und speichern Sie die Anpassungen. <\/li> <li><b>Das Setup ist vollst\u00e4ndig beendet. <\/b><br> Besuchen Sie Ihre Website, um die Leistung des Plugins zu beobachten. <\/li><\/ol> <p>Z\u00f6gern Sie nicht, sich an unser Support-Team zu wenden, wenn Sie Anfragen bearbeiten oder mit Komplikationen konfrontiert werden. Unsere Mitarbeiter helfen Ihnen gerne bei allen Fragen, die Sie zum Widget haben. <\/p> <\/div> ","protected":false},"excerpt":{"rendered":"","protected":false},"author":9,"featured_media":0,"parent":22566,"menu_order":0,"comment_status":"closed","ping_status":"closed","template":"templates\/template-application-platform.php","meta":{"publish_to_discourse":"","publish_post_category":"","wpdc_auto_publish_overridden":"","wpdc_topic_tags":"","wpdc_pin_topic":"","wpdc_pin_until":"","discourse_post_id":"","discourse_permalink":"","wpdc_publishing_response":"","wpdc_publishing_error":"","footnotes":""},"class_list":["post-23156","page","type-page","status-publish","hentry"],"yoast_head":"<!-- This site is optimized with the Yoast SEO plugin v25.3.1 - https:\/\/yoast.com\/wordpress\/plugins\/seo\/ -->\n<title>Rechner zu PrestaShop hinzuf\u00fcgen \u2013 Integrierte Berechnungen vor Ort nutzen<\/title>\n<meta name=\"description\" content=\"Vereinfachen Sie selbst mehrstufiges Z\u00e4hlen mit unserem reaktionsschnellen Rechner. Probieren Sie eine praktische Demo von Elfsight aus, um das leistungsstarke Widget zu erstellen.\" \/>\n<meta name=\"robots\" content=\"index, follow, max-snippet:-1, max-image-preview:large, max-video-preview:-1\" \/>\n<link rel=\"canonical\" href=\"https:\/\/elfsight.com\/de\/calculator-form-widget\/prestashop\/\" \/>\n<meta property=\"og:locale\" content=\"de_DE\" \/>\n<meta property=\"og:type\" content=\"article\" \/>\n<meta property=\"og:title\" content=\"Rechner zu PrestaShop hinzuf\u00fcgen \u2013 Integrierte Berechnungen vor Ort nutzen\" \/>\n<meta property=\"og:description\" content=\"Vereinfachen Sie selbst mehrstufiges Z\u00e4hlen mit unserem reaktionsschnellen Rechner. Probieren Sie eine praktische Demo von Elfsight aus, um das leistungsstarke Widget zu erstellen.\" \/>\n<meta property=\"og:url\" content=\"https:\/\/elfsight.com\/de\/calculator-form-widget\/prestashop\/\" \/>\n<meta property=\"og:site_name\" content=\"Elfsight DE\" \/>\n<meta property=\"article:modified_time\" content=\"2025-07-08T10:23:06+00:00\" \/>\n<meta name=\"twitter:card\" content=\"summary_large_image\" \/>\n<meta name=\"twitter:label1\" content=\"Gesch\u00e4tzte Lesezeit\" \/>\n\t<meta name=\"twitter:data1\" content=\"2\u00a0Minuten\" \/>\n<!-- \/ Yoast SEO plugin. -->","yoast_head_json":{"title":"Rechner zu PrestaShop hinzuf\u00fcgen \u2013 Integrierte Berechnungen vor Ort nutzen","description":"Vereinfachen Sie selbst mehrstufiges Z\u00e4hlen mit unserem reaktionsschnellen Rechner. Probieren Sie eine praktische Demo von Elfsight aus, um das leistungsstarke Widget zu erstellen.","robots":{"index":"index","follow":"follow","max-snippet":"max-snippet:-1","max-image-preview":"max-image-preview:large","max-video-preview":"max-video-preview:-1"},"canonical":"https:\/\/elfsight.com\/de\/calculator-form-widget\/prestashop\/","og_locale":"de_DE","og_type":"article","og_title":"Rechner zu PrestaShop hinzuf\u00fcgen \u2013 Integrierte Berechnungen vor Ort nutzen","og_description":"Vereinfachen Sie selbst mehrstufiges Z\u00e4hlen mit unserem reaktionsschnellen Rechner. Probieren Sie eine praktische Demo von Elfsight aus, um das leistungsstarke Widget zu erstellen.","og_url":"https:\/\/elfsight.com\/de\/calculator-form-widget\/prestashop\/","og_site_name":"Elfsight DE","article_modified_time":"2025-07-08T10:23:06+00:00","twitter_card":"summary_large_image","twitter_misc":{"Gesch\u00e4tzte Lesezeit":"2\u00a0Minuten"},"schema":{"@context":"https:\/\/schema.org","@graph":[{"@type":"WebPage","@id":"https:\/\/elfsight.com\/de\/calculator-form-widget\/prestashop\/","url":"https:\/\/elfsight.com\/de\/calculator-form-widget\/prestashop\/","name":"Rechner zu PrestaShop hinzuf\u00fcgen \u2013 Integrierte Berechnungen vor Ort nutzen","isPartOf":{"@id":"https:\/\/elfsight.com\/de\/#website"},"datePublished":"2024-09-30T18:27:29+00:00","dateModified":"2025-07-08T10:23:06+00:00","description":"Vereinfachen Sie selbst mehrstufiges Z\u00e4hlen mit unserem reaktionsschnellen Rechner. Probieren Sie eine praktische Demo von Elfsight aus, um das leistungsstarke Widget zu erstellen.","breadcrumb":{"@id":"https:\/\/elfsight.com\/de\/calculator-form-widget\/prestashop\/#breadcrumb"},"inLanguage":"de","potentialAction":[{"@type":"ReadAction","target":["https:\/\/elfsight.com\/de\/calculator-form-widget\/prestashop\/"]}]},{"@type":"BreadcrumbList","@id":"https:\/\/elfsight.com\/de\/calculator-form-widget\/prestashop\/#breadcrumb","itemListElement":[{"@type":"ListItem","position":1,"name":"Home","item":"https:\/\/elfsight.com\/de\/"},{"@type":"ListItem","position":2,"name":"Calculator","item":"https:\/\/elfsight.com\/de\/calculator-form-widget\/"},{"@type":"ListItem","position":3,"name":"calculator &#8211; prestashop"}]},{"@type":"WebSite","@id":"https:\/\/elfsight.com\/de\/#website","url":"https:\/\/elfsight.com\/de\/","name":"Elfsight DE","description":"Just another Elfsight Sites site","potentialAction":[{"@type":"SearchAction","target":{"@type":"EntryPoint","urlTemplate":"https:\/\/elfsight.com\/de\/?s={search_term_string}"},"query-input":{"@type":"PropertyValueSpecification","valueRequired":true,"valueName":"search_term_string"}}],"inLanguage":"de"}]}},"meta_box":{"industry":"","seo_heading":"","heading":"","description":"","cta_heading":"","cta_description":"","application":"22559","h1":"PrestaShop-Rechner-Add-on","h1_caption":"Stellen Sie Ihren Besuchern einen benutzerdefinierten Rechner zur Verf\u00fcgung, der m\u00fchelos schnelle L\u00f6sungen f\u00fcr Dinge wie Preise, Rabatte oder ROI-Berechnungen auf Ihrer Prestashop-Website bietet.","application_category":[],"applications_title":"","applications_request_title":"","applications_request_button_text":"","hero_text":"","hero_video":"","hero_video_schema_markup":"","selling_points_title":"","selling_points_caption":"","selling_points":[],"selling_points_cta_text":"","features_title":"","features":"","ed_cta_examples_text":"","ed_cta_examples_hidden":"","ed_cta_demo_text":"","ed_cta_demo_hidden":"","why_caption":"","why_editor_title":"","why_editor_text":"","why_team_title":"","why_team_text":"","why_service_title":"","why_service_text":"","template_catalog_visible":"0","template_catalog_title":"","template_catalog_text":"","template_catalog_categories_visible":"","demo_title":"Erstellen Sie Ihr Rechner-Add-on","demo_caption":"Configure your Calculator and add it to your PrestaShop website for free!","default_faq_hidden":"","app_template_category":[],"platform":"3811","template_public_id":"","codecanyon_url":"","codecanyon_item_id":"","codecanyon_price":"","pricing_caption":"","pricing_elfsight_apps_hide_column":"","pricing_elfsight_apps_url":"","pricing_codecanyon_price_caption":"","integration_category":[],"integration_request_title":"","integration_request_cta":"","integration_platform":"","integrations":[],"platform_category":[],"video_schema_markup":"","price":"ab 0 $ \/ Monat","trial":"","benefits":[{"text":"Kostenlose Installationshilfe"},{"text":"Erfahrener Kundensupport"},{"text":"14-t\u00e4gige R\u00fcckerstattungsgarantie"},{"text":"Laufende kostenlose Updates"}],"button_url":"#demo","button_target_blank":"","button_nofollow":"","attributes":[{"name":"Installieren","content":"50,000 - 100,000"},{"name":"Reaktionsfreudig","content":"Ja"},{"name":"Kompatible Browser","content":"Firefox, Safari, Opera, Chrome, Edge"}],"tags":[],"tags_disable_links":"","hide_more_platforms":"","video_object":"","demo_hide_cta":"","demo_hide_cloud_options":"","pricing_title":"","pricing":[{"pricing_icon":"platform","pricing_title":"Elfsight Apps","pricing_title_caption":"Plattformunabh\u00e4ngige digitale L\u00f6sung, die auf jeder Website funktioniert","pricing_price":"ab 0 $ \/ Monat","pricing_price_caption":"Beginnen Sie mit einem kostenlosen Plan","pricing_benefits":[{"text":"Unbegrenzte Domains"},{"text":"Support rund um die Uhr"},{"text":"Kostenloser Installationsservice"},{"text":"Vollst\u00e4ndig anpassbar"}],"pricing_button_text":"Zur Website hinzuf\u00fcgen","pricing_button_url":"#demo"}],"related_apps_title":"","related_apps_hidden":"","author":"","image":[],"title":"","job":"","social_networks":[]},"_links":{"self":[{"href":"https:\/\/elfsight.com\/de\/wp-json\/wp\/v2\/pages\/23156","targetHints":{"allow":["GET"]}}],"collection":[{"href":"https:\/\/elfsight.com\/de\/wp-json\/wp\/v2\/pages"}],"about":[{"href":"https:\/\/elfsight.com\/de\/wp-json\/wp\/v2\/types\/page"}],"author":[{"embeddable":true,"href":"https:\/\/elfsight.com\/de\/wp-json\/wp\/v2\/users\/9"}],"replies":[{"embeddable":true,"href":"https:\/\/elfsight.com\/de\/wp-json\/wp\/v2\/comments?post=23156"}],"version-history":[{"count":1,"href":"https:\/\/elfsight.com\/de\/wp-json\/wp\/v2\/pages\/23156\/revisions"}],"predecessor-version":[{"id":23160,"href":"https:\/\/elfsight.com\/de\/wp-json\/wp\/v2\/pages\/23156\/revisions\/23160"}],"up":[{"embeddable":true,"href":"https:\/\/elfsight.com\/de\/wp-json\/wp\/v2\/pages\/22566"}],"wp:attachment":[{"href":"https:\/\/elfsight.com\/de\/wp-json\/wp\/v2\/media?parent=23156"}],"curies":[{"name":"wp","href":"https:\/\/api.w.org\/{rel}","templated":true}]}}