{"id":23155,"date":"2024-09-30T18:27:29","date_gmt":"2024-09-30T18:27:29","guid":{"rendered":"https:\/\/elfsight.com\/de\/?page_id=23155"},"modified":"2025-10-27T12:13:18","modified_gmt":"2025-10-27T12:13:18","slug":"shopify","status":"publish","type":"page","link":"https:\/\/elfsight.com\/de\/website-translator-widget\/shopify\/","title":{"rendered":"website translator &#8211; shopify"},"content":{"rendered":"\n<div class=\"application-platform-content-item-description application-platform-content-item\" id=\"description\" data-nav-section=\"description\">\n  <h2>Betten Sie den Website-\u00dcbersetzer mit einem Elfsight-Plugin in Shopify ein<\/h2>\n  <p>Eine sch\u00f6ne Idee, um die Online-Leistung Ihres Unternehmens zu steigern und internationale Kunden anzulocken \u2014 betten Sie unser Website-\u00dcbersetzer-Widget f\u00fcr Shopify ein. Durch die reibungslose \u00dcbersetzung Ihrer Website-Inhalte garantiert dieses Widget, dass Ihre Botschaft bei Benutzern aus verschiedenen Sprachgemeinschaften Anklang findet und tr\u00e4gt so dazu bei, Sprachbarrieren abzubauen und die Reichweite Ihres Unternehmens zu vergr\u00f6\u00dfern.<\/p>\n  <p>Unser Website-\u00dcbersetzer bietet Ihnen eine sofortige automatische Website-\u00dcbersetzung, die von Google&nbsp;AI unterst\u00fctzt wird, und unterst\u00fctzt \u00fcber 130 Sprachen. Er merkt sich die Spracheinstellungen der Besucher und sorgt so f\u00fcr ein personalisiertes Surferlebnis, das die Besucher besch\u00e4ftigt. Globalisieren Sie Ihre Shopify-Website nahtlos und erreichen Sie \u00fcber die fortschrittliche \u00dcbersetzungsl\u00f6sung unterschiedliche Zielgruppen.<\/p>\n  <p><strong>Bieten Sie Ihre Waren und Dienstleistungen \u00fcberall auf der Welt mit dem benutzerfreundlichen Sprachumschalt-Widget an!<\/strong><\/p>\n<\/div>\n\n<div class=\"application-platform-content-item-features application-platform-content-item\" id=\"features\" data-nav-section=\"features\">\n  <h2>Zu den wichtigsten Widget-Funktionen geh\u00f6rt<\/h2>\n  <ul>\n    <li>Sofortige automatisierte Website-\u00dcbersetzung<\/li>\n    <li>Google KI-gest\u00fctzte \u00dcbersetzung<\/li>\n    <li>Unterst\u00fctzung von mehr als 130 Sprachen<\/li>\n    <li>Erinnerung an Benutzereinstellungen<\/li>\n    <li>Zahlreiche Vorlagen-Widget-Stile<\/li>\n  <\/ul>\n  <p><a href=\"#demo\">Probieren Sie alle Einstellungen in der Demo mit vollem Funktionsumfang aus<\/a><\/p>\n<\/div>\n\n<div class=\"application-platform-content-item-installation application-platform-content-item\" id=\"installation\" data-nav-section=\"installation\">\n  <h2>Wie bette ich den Website-\u00dcbersetzer in meine Shopify-Seiten ein?<\/h2>\n\n  <div class=\"video-container\">\n    <iframe width=\"720\" height=\"405\" src=\"https:\/\/www.youtube.com\/embed\/MLuma9Z7jsc?si=jndzxi5Xa5gQND2K\" frameborder=\"0\" allow=\"accelerometer; clipboard-write; encrypted-media; gyroscope; picture-in-picture; web-share\" allowfullscreen>\n    <\/iframe>\n  <\/div>\n\n  <p>F\u00fchren Sie einfach die folgenden Richtlinien aus, um das Tool zu integrieren.<\/p>\n  <ol>\n    <li>\n      <strong>\u00d6ffnen Sie unseren kostenlosen Editor und beginnen Sie mit der Erstellung Ihres ma\u00dfgeschneiderten Tools.<\/strong><br>\n      Geben Sie das gew\u00fcnschte Design und die gew\u00fcnschten Funktionen des Plugins an und speichern Sie die \u00c4nderungen.\n    <\/li>\n    <li>\n      <strong>Erhalten Sie den eindeutigen Code in Elfsight Apps.<\/strong><br>\n      Sobald die Generierung Ihres pers\u00f6nlichen Tools abgeschlossen ist, kopieren Sie den individuellen Code aus dem angezeigten Fenster und speichern Sie ihn zur sp\u00e4teren Verwendung.\n    <\/li>\n    <li>\n      <strong>F\u00fcgen Sie das Plugin auf Ihrer Shopify-Site ein.<\/strong><br>\n      Platzieren Sie den kopierten Code auf Ihrer Website und speichern Sie die \u00c4nderungen.\n    <\/li>\n    <li>\n      <strong>Die Installation wurde erfolgreich abgeschlossen.<\/strong><br>\n      Besuchen Sie Ihre Webseite, um zu sehen, wie das Tool funktioniert.\n    <\/li>\n  <\/ol>\n\n  <p>Sollten Sie auf Schwierigkeiten sto\u00dfen, wenden Sie sich gerne an unseren Kundendienst. Wir helfen Ihnen bei allen Fragen rund um das Produkt weiter.<\/p>\n<\/div>\n\n","protected":false},"excerpt":{"rendered":"","protected":false},"author":9,"featured_media":0,"parent":22468,"menu_order":0,"comment_status":"closed","ping_status":"closed","template":"templates\/template-application-platform.php","meta":{"publish_to_discourse":"","publish_post_category":"","wpdc_auto_publish_overridden":"","wpdc_topic_tags":"","wpdc_pin_topic":"","wpdc_pin_until":"","discourse_post_id":"","discourse_permalink":"","wpdc_publishing_response":"","wpdc_publishing_error":"","footnotes":""},"class_list":["post-23155","page","type-page","status-publish","hentry"],"yoast_head":"<!-- This site is optimized with the Yoast SEO plugin v25.3.1 - https:\/\/yoast.com\/wordpress\/plugins\/seo\/ -->\n<title>Website-\u00dcbersetzer-Widget \u2013 Integrieren Sie den \u00dcbersetzer kostenlos auf Shopify<\/title>\n<meta name=\"description\" content=\"F\u00fcgen Sie Ihrer Shopify-Website ein Website-\u00dcbersetzer-Widget ohne Code hinzu. Schauen Sie sich die benutzerfreundliche Demo von Elfsight an, um ganz einfach Ihre einzigartige L\u00f6sung zu erstellen.\" \/>\n<meta name=\"robots\" content=\"index, follow, max-snippet:-1, max-image-preview:large, max-video-preview:-1\" \/>\n<link rel=\"canonical\" href=\"https:\/\/elfsight.com\/de\/website-translator-widget\/shopify\/\" \/>\n<meta property=\"og:locale\" content=\"de_DE\" \/>\n<meta property=\"og:type\" content=\"article\" \/>\n<meta property=\"og:title\" content=\"Website-\u00dcbersetzer-Widget \u2013 Integrieren Sie den \u00dcbersetzer kostenlos auf Shopify\" \/>\n<meta property=\"og:description\" content=\"F\u00fcgen Sie Ihrer Shopify-Website ein Website-\u00dcbersetzer-Widget ohne Code hinzu. Schauen Sie sich die benutzerfreundliche Demo von Elfsight an, um ganz einfach Ihre einzigartige L\u00f6sung zu erstellen.\" \/>\n<meta property=\"og:url\" content=\"https:\/\/elfsight.com\/de\/website-translator-widget\/shopify\/\" \/>\n<meta property=\"og:site_name\" content=\"Elfsight DE\" \/>\n<meta property=\"article:modified_time\" content=\"2025-10-27T12:13:18+00:00\" \/>\n<meta name=\"twitter:card\" content=\"summary_large_image\" \/>\n<meta name=\"twitter:label1\" content=\"Gesch\u00e4tzte Lesezeit\" \/>\n\t<meta name=\"twitter:data1\" content=\"2\u00a0Minuten\" \/>\n<!-- \/ Yoast SEO plugin. -->","yoast_head_json":{"title":"Website-\u00dcbersetzer-Widget \u2013 Integrieren Sie den \u00dcbersetzer kostenlos auf Shopify","description":"F\u00fcgen Sie Ihrer Shopify-Website ein Website-\u00dcbersetzer-Widget ohne Code hinzu. Schauen Sie sich die benutzerfreundliche Demo von Elfsight an, um ganz einfach Ihre einzigartige L\u00f6sung zu erstellen.","robots":{"index":"index","follow":"follow","max-snippet":"max-snippet:-1","max-image-preview":"max-image-preview:large","max-video-preview":"max-video-preview:-1"},"canonical":"https:\/\/elfsight.com\/de\/website-translator-widget\/shopify\/","og_locale":"de_DE","og_type":"article","og_title":"Website-\u00dcbersetzer-Widget \u2013 Integrieren Sie den \u00dcbersetzer kostenlos auf Shopify","og_description":"F\u00fcgen Sie Ihrer Shopify-Website ein Website-\u00dcbersetzer-Widget ohne Code hinzu. Schauen Sie sich die benutzerfreundliche Demo von Elfsight an, um ganz einfach Ihre einzigartige L\u00f6sung zu erstellen.","og_url":"https:\/\/elfsight.com\/de\/website-translator-widget\/shopify\/","og_site_name":"Elfsight DE","article_modified_time":"2025-10-27T12:13:18+00:00","twitter_card":"summary_large_image","twitter_misc":{"Gesch\u00e4tzte Lesezeit":"2\u00a0Minuten"},"schema":{"@context":"https:\/\/schema.org","@graph":[{"@type":"WebPage","@id":"https:\/\/elfsight.com\/de\/website-translator-widget\/shopify\/","url":"https:\/\/elfsight.com\/de\/website-translator-widget\/shopify\/","name":"Website-\u00dcbersetzer-Widget \u2013 Integrieren Sie den \u00dcbersetzer kostenlos auf Shopify","isPartOf":{"@id":"https:\/\/elfsight.com\/de\/#website"},"datePublished":"2024-09-30T18:27:29+00:00","dateModified":"2025-10-27T12:13:18+00:00","description":"F\u00fcgen Sie Ihrer Shopify-Website ein Website-\u00dcbersetzer-Widget ohne Code hinzu. Schauen Sie sich die benutzerfreundliche Demo von Elfsight an, um ganz einfach Ihre einzigartige L\u00f6sung zu erstellen.","breadcrumb":{"@id":"https:\/\/elfsight.com\/de\/website-translator-widget\/shopify\/#breadcrumb"},"inLanguage":"de","potentialAction":[{"@type":"ReadAction","target":["https:\/\/elfsight.com\/de\/website-translator-widget\/shopify\/"]}]},{"@type":"BreadcrumbList","@id":"https:\/\/elfsight.com\/de\/website-translator-widget\/shopify\/#breadcrumb","itemListElement":[{"@type":"ListItem","position":1,"name":"Home","item":"https:\/\/elfsight.com\/de\/"},{"@type":"ListItem","position":2,"name":"Website Translator","item":"https:\/\/elfsight.com\/de\/website-translator-widget\/"},{"@type":"ListItem","position":3,"name":"website translator &#8211; shopify"}]},{"@type":"WebSite","@id":"https:\/\/elfsight.com\/de\/#website","url":"https:\/\/elfsight.com\/de\/","name":"Elfsight DE","description":"Just another Elfsight Sites site","potentialAction":[{"@type":"SearchAction","target":{"@type":"EntryPoint","urlTemplate":"https:\/\/elfsight.com\/de\/?s={search_term_string}"},"query-input":{"@type":"PropertyValueSpecification","valueRequired":true,"valueName":"search_term_string"}}],"inLanguage":"de"}]}},"meta_box":{"industry":"","seo_heading":"","heading":"","description":"","cta_heading":"","cta_description":"","application":"22463","h1":"Shopify Website-\u00dcbersetzer-App","h1_caption":"\u00dcbersetzen Sie den Inhalt Ihrer Website automatisch in mehrere Sprachen und machen Sie ihn so m\u00fchelos einem globalen Publikum auf Ihrer Shopify-Website zug\u00e4nglich.","application_category":[],"applications_title":"","applications_request_title":"","applications_request_button_text":"","hero_text":"","hero_video":"","hero_video_schema_markup":"","selling_points_title":"","selling_points_caption":"","selling_points":[],"selling_points_cta_text":"","features_title":"","features":"","ed_cta_examples_text":"","ed_cta_examples_hidden":"","ed_cta_demo_text":"","ed_cta_demo_hidden":"","why_caption":"","why_editor_title":"","why_editor_text":"","why_team_title":"","why_team_text":"","why_service_title":"","why_service_text":"","template_catalog_visible":"0","template_catalog_title":"","template_catalog_text":"","template_catalog_categories_visible":"","demo_title":"Erstellen Sie Ihre Website-\u00dcbersetzer-App","demo_caption":"Configure your Website Translator and add it to your Shopify website for free!","default_faq_hidden":"","app_template_category":[],"platform":"253","template_public_id":"","codecanyon_url":"","codecanyon_item_id":"","codecanyon_price":"","pricing_caption":"","pricing_elfsight_apps_hide_column":"","pricing_elfsight_apps_url":"","pricing_codecanyon_price_caption":"","integration_category":[],"integration_request_title":"","integration_request_cta":"","integration_platform":"","integrations":[],"platform_category":[],"video_schema_markup":"","price":"ab 0 $ \/ Monat","trial":"","benefits":[{"text":"Kostenlose Installationshilfe"},{"text":"Erfahrener Kundensupport"},{"text":"14-t\u00e4gige R\u00fcckerstattungsgarantie"},{"text":"Lebenslange kostenlose Verbesserungen"}],"button_url":"#demo","button_target_blank":"0","button_nofollow":"0","attributes":[{"name":"Installieren","content":"50,000 - 100,000"},{"name":"Reaktionsfreudig","content":"Ja"},{"name":"Kompatible Browser","content":"Firefox, Safari, Opera, Chrome, Edge"}],"tags":[],"tags_disable_links":"0","hide_more_platforms":"0","video_object":"","demo_hide_cta":"0","demo_hide_cloud_options":"0","pricing_title":"","pricing":[{"pricing_icon":"platform","pricing_title":"Elfsight Apps","pricing_title_caption":"Plattformunabh\u00e4ngige Version, die auf jeder Website funktioniert","pricing_price":"ab 0 $ \/ Monat","pricing_price_caption":"Beginnen Sie mit einem kostenlosen Plan","pricing_benefits":[{"text":"Unbegrenzte Websites"},{"text":"Schneller Support und gut dokumentiert"},{"text":"Kostenloser Installationsservice"},{"text":"100 % anpassbar"}],"pricing_button_text":"Zur Website hinzuf\u00fcgen","pricing_button_url":"#demo"}],"related_apps_title":"","related_apps_hidden":"0","author":"","image":[],"title":"","job":"","social_networks":[]},"_links":{"self":[{"href":"https:\/\/elfsight.com\/de\/wp-json\/wp\/v2\/pages\/23155","targetHints":{"allow":["GET"]}}],"collection":[{"href":"https:\/\/elfsight.com\/de\/wp-json\/wp\/v2\/pages"}],"about":[{"href":"https:\/\/elfsight.com\/de\/wp-json\/wp\/v2\/types\/page"}],"author":[{"embeddable":true,"href":"https:\/\/elfsight.com\/de\/wp-json\/wp\/v2\/users\/9"}],"replies":[{"embeddable":true,"href":"https:\/\/elfsight.com\/de\/wp-json\/wp\/v2\/comments?post=23155"}],"version-history":[{"count":3,"href":"https:\/\/elfsight.com\/de\/wp-json\/wp\/v2\/pages\/23155\/revisions"}],"predecessor-version":[{"id":25546,"href":"https:\/\/elfsight.com\/de\/wp-json\/wp\/v2\/pages\/23155\/revisions\/25546"}],"up":[{"embeddable":true,"href":"https:\/\/elfsight.com\/de\/wp-json\/wp\/v2\/pages\/22468"}],"wp:attachment":[{"href":"https:\/\/elfsight.com\/de\/wp-json\/wp\/v2\/media?parent=23155"}],"curies":[{"name":"wp","href":"https:\/\/api.w.org\/{rel}","templated":true}]}}