{"id":23149,"date":"2024-09-30T18:27:29","date_gmt":"2024-09-30T18:27:29","guid":{"rendered":"https:\/\/elfsight.com\/de\/?page_id=23149"},"modified":"2025-10-22T09:06:39","modified_gmt":"2025-10-22T09:06:39","slug":"shopify","status":"publish","type":"page","link":"https:\/\/elfsight.com\/de\/appointment-booking-widget\/shopify\/","title":{"rendered":"appointment booking &#8211; shopify"},"content":{"rendered":"<div class=\"application-platform-content-item-description application-platform-content-item\" id=\"description\" data-nav-section=\"description\"><h2>Terminbuchung auf Shopify mit der Elfsight-App einbetten!<\/h2> <p>Die Terminbuchungs-App steht Ihnen zur Verf\u00fcgung, um potenziellen Kunden zu helfen Sichern Sie sich Slots direkt auf Ihrer Shopify-Website und reduzieren Sie so die manuelle Arbeit \u2013 wie die st\u00e4ndige Verwaltung von Nachrichten, Anrufen und E-Mails \u2013 von Ihnen. Es dient als virtueller Assistent, der rund um die Uhr arbeitet und au\u00dferdem in der Lage ist, automatisierte Benachrichtigungen zu senden und mit Apps von Drittanbietern wie Google Kalender zu synchronisieren.<\/p> <p>Dies ist der richtige Zeitpunkt, um Ihren Gottesdienst oder Anlass n\u00e4her zu erl\u00e4utern. Geben Sie die Dauer an, geben Sie Kontaktdaten an und kl\u00e4ren Sie die Preise, um den Kunden die Entscheidungsfindung zu erleichtern. Dar\u00fcber hinaus k\u00f6nnen Sie das Erscheinungsbild der App personalisieren, indem Sie benutzerdefinierte Elemente und Funktionen \u00e4ndern, ohne dass Sie Ihre Programmierkenntnisse verbessern oder einen Programmierer engagieren m\u00fcssen!<\/p> <p><b>Erm\u00f6glichen Sie Ihrem Unternehmen, erfolgreich zu sein und einem gr\u00f6\u00dferen Kundenstamm zur Verf\u00fcgung zu stehen mit Online-Terminbuchung auf Ihrer Website!<\/b><\/p> <\/div> <div class=\"application-platform-content-item-features application-platform-content-item\" id=\"features\" data-nav-section=\"features\"> <h2>Hier ist die Liste der leistungsst\u00e4rksten Funktionen:<\/h2> <ul><li>Erkl\u00e4ren Sie Ihren Service ausf\u00fchrlich \u2013 Name, Details, Bild und Dauer \u2013 und legen Sie die Preise in verschiedenen W\u00e4hrungen fest.<\/li><li>Senden Sie automatisierte Benachrichtigungen, um die reservierten Zeitfenster an Kunden und Sie selbst zu best\u00e4tigen.<\/li><li>Verbinden Sie das Widget mit Outsourcing-Diensten wie Google Kalender, um kontinuierliche Aktualisierungen sicherzustellen.<\/li><li>Zeigen Sie Ihre Gesch\u00e4ftskontaktinformationen als soziale Best\u00e4tigung an und erm\u00f6glichen Sie Benutzern, Sie bei unerwarteten Ereignissen zu kontaktieren.<\/li><li>Codefreie Anpassung mit erweiterten Designeinstellungen: vorgefertigte Vorlagen, Farben, Layouts, Schriftarten, benutzerdefinierter CSS-Editor, benutzerdefinierter JS-Editor und mehr.<\/li><\/ul><p><a href=\"#demo\">Sie k\u00f6nnen sp\u00fcren, was das Widget wert ist, wenn Sie die Demo ausprobieren<\/a><\/p> <\/div> <div class=\"application-platform-content-item-installation application-platform-content-item\" id=\"installation\" data-nav-section=\"installation\"> <h2>Wie bette ich die Terminbuchung auf meinem ein? Shopify-Website?<\/h2><div class=\"video-container\">\n<iframe width=\"720\" height=\"405\" src=\"https:\/\/www.youtube.com\/embed\/bM2pKj8_SCs?si=8qFVB6cDS4bpFsvN\" frameborder=\"0\" allowfullscreen=\"\"><\/iframe>\n<\/div><p>Um die Terminbuchung auf Ihrer Shopify-Website einzubetten, f\u00fchren Sie die folgenden Schritte aus:<\/p> <ol><li><b>Verwenden Sie unseren kostenlosen Editor und beginnen Sie mit der Erstellung Ihres ma\u00dfgeschneiderten LinkedIn-Feeds Widget.<\/b><br> W\u00e4hlen Sie das gew\u00fcnschte Design und die gew\u00fcnschten Aspekte des Tools und speichern Sie die Korrekturen.<\/li> <li><b>Erhalten Sie den individuellen Code, der im Fenster von Elfsight Apps angezeigt wird.<\/b><br> Sobald die Einrichtung Ihres eigenen Plugins abgeschlossen ist, kopieren Sie den individuellen Code im erscheinenden Popup und bewahren Sie ihn f\u00fcr weitere Zwecke auf.<\/li> <li><b>Initiieren Sie den Einsatz des Tools auf Ihrer Shopify-Website. <\/b><br> F\u00fcgen Sie den zuvor gespeicherten Code in Ihre Website ein und speichern Sie die \u00c4nderungen.<\/li> <li><b>Fertig! Die Einrichtung ist vollst\u00e4ndig abgeschlossen.<\/b><br> Gehen Sie auf Ihre Website, um die Arbeit des Plugins zu sehen.<\/li><\/ol> <p>Angenommen, Sie haben einige Hindernisse, scheuen Sie sich nicht, Kontakt aufzunehmen unsere Support-Mitarbeiter. Unsere Mitarbeiter werden sich freuen, alle Probleme zu l\u00f6sen, die Sie m\u00f6glicherweise mit dem Produkt haben.<\/p> <\/div> ","protected":false},"excerpt":{"rendered":"","protected":false},"author":9,"featured_media":0,"parent":22850,"menu_order":0,"comment_status":"closed","ping_status":"closed","template":"templates\/template-application-platform.php","meta":{"publish_to_discourse":"","publish_post_category":"","wpdc_auto_publish_overridden":"","wpdc_topic_tags":"","wpdc_pin_topic":"","wpdc_pin_until":"","discourse_post_id":"","discourse_permalink":"","wpdc_publishing_response":"","wpdc_publishing_error":"","footnotes":""},"class_list":["post-23149","page","type-page","status-publish","hentry"],"yoast_head":"<!-- This site is optimized with the Yoast SEO plugin v25.3.1 - https:\/\/yoast.com\/wordpress\/plugins\/seo\/ -->\n<title>Shopify-Terminbuchungs-App \u2013 Buchung zu Shopify hinzuf\u00fcgen<\/title>\n<meta name=\"description\" content=\"F\u00fcgen Sie die Shopify-Buchungs-App hinzu, um in Ihrem Kalender Termine f\u00fcr Besprechungen und Anrufe bereitzustellen. Verbessern Sie die Planung mit dem Shopify-Planer.\" \/>\n<meta name=\"robots\" content=\"index, follow, max-snippet:-1, max-image-preview:large, max-video-preview:-1\" \/>\n<link rel=\"canonical\" href=\"https:\/\/elfsight.com\/de\/appointment-booking-widget\/shopify\/\" \/>\n<meta property=\"og:locale\" content=\"de_DE\" \/>\n<meta property=\"og:type\" content=\"article\" \/>\n<meta property=\"og:title\" content=\"Shopify-Terminbuchungs-App \u2013 Buchung zu Shopify hinzuf\u00fcgen\" \/>\n<meta property=\"og:description\" content=\"F\u00fcgen Sie die Shopify-Buchungs-App hinzu, um in Ihrem Kalender Termine f\u00fcr Besprechungen und Anrufe bereitzustellen. Verbessern Sie die Planung mit dem Shopify-Planer.\" \/>\n<meta property=\"og:url\" content=\"https:\/\/elfsight.com\/de\/appointment-booking-widget\/shopify\/\" \/>\n<meta property=\"og:site_name\" content=\"Elfsight DE\" \/>\n<meta property=\"article:modified_time\" content=\"2025-10-22T09:06:39+00:00\" \/>\n<meta name=\"twitter:card\" content=\"summary_large_image\" \/>\n<meta name=\"twitter:label1\" content=\"Gesch\u00e4tzte Lesezeit\" \/>\n\t<meta name=\"twitter:data1\" content=\"3\u00a0Minuten\" \/>\n<!-- \/ Yoast SEO plugin. -->","yoast_head_json":{"title":"Shopify-Terminbuchungs-App \u2013 Buchung zu Shopify hinzuf\u00fcgen","description":"F\u00fcgen Sie die Shopify-Buchungs-App hinzu, um in Ihrem Kalender Termine f\u00fcr Besprechungen und Anrufe bereitzustellen. Verbessern Sie die Planung mit dem Shopify-Planer.","robots":{"index":"index","follow":"follow","max-snippet":"max-snippet:-1","max-image-preview":"max-image-preview:large","max-video-preview":"max-video-preview:-1"},"canonical":"https:\/\/elfsight.com\/de\/appointment-booking-widget\/shopify\/","og_locale":"de_DE","og_type":"article","og_title":"Shopify-Terminbuchungs-App \u2013 Buchung zu Shopify hinzuf\u00fcgen","og_description":"F\u00fcgen Sie die Shopify-Buchungs-App hinzu, um in Ihrem Kalender Termine f\u00fcr Besprechungen und Anrufe bereitzustellen. Verbessern Sie die Planung mit dem Shopify-Planer.","og_url":"https:\/\/elfsight.com\/de\/appointment-booking-widget\/shopify\/","og_site_name":"Elfsight DE","article_modified_time":"2025-10-22T09:06:39+00:00","twitter_card":"summary_large_image","twitter_misc":{"Gesch\u00e4tzte Lesezeit":"3\u00a0Minuten"},"schema":{"@context":"https:\/\/schema.org","@graph":[{"@type":"WebPage","@id":"https:\/\/elfsight.com\/de\/appointment-booking-widget\/shopify\/","url":"https:\/\/elfsight.com\/de\/appointment-booking-widget\/shopify\/","name":"Shopify-Terminbuchungs-App \u2013 Buchung zu Shopify hinzuf\u00fcgen","isPartOf":{"@id":"https:\/\/elfsight.com\/de\/#website"},"datePublished":"2024-09-30T18:27:29+00:00","dateModified":"2025-10-22T09:06:39+00:00","description":"F\u00fcgen Sie die Shopify-Buchungs-App hinzu, um in Ihrem Kalender Termine f\u00fcr Besprechungen und Anrufe bereitzustellen. Verbessern Sie die Planung mit dem Shopify-Planer.","breadcrumb":{"@id":"https:\/\/elfsight.com\/de\/appointment-booking-widget\/shopify\/#breadcrumb"},"inLanguage":"de","potentialAction":[{"@type":"ReadAction","target":["https:\/\/elfsight.com\/de\/appointment-booking-widget\/shopify\/"]}]},{"@type":"BreadcrumbList","@id":"https:\/\/elfsight.com\/de\/appointment-booking-widget\/shopify\/#breadcrumb","itemListElement":[{"@type":"ListItem","position":1,"name":"Home","item":"https:\/\/elfsight.com\/de\/"},{"@type":"ListItem","position":2,"name":"Appointment Booking","item":"https:\/\/elfsight.com\/de\/appointment-booking-widget\/"},{"@type":"ListItem","position":3,"name":"appointment booking &#8211; shopify"}]},{"@type":"WebSite","@id":"https:\/\/elfsight.com\/de\/#website","url":"https:\/\/elfsight.com\/de\/","name":"Elfsight DE","description":"Just another Elfsight Sites site","potentialAction":[{"@type":"SearchAction","target":{"@type":"EntryPoint","urlTemplate":"https:\/\/elfsight.com\/de\/?s={search_term_string}"},"query-input":{"@type":"PropertyValueSpecification","valueRequired":true,"valueName":"search_term_string"}}],"inLanguage":"de"}]}},"meta_box":{"industry":"","seo_heading":"","heading":"","description":"","cta_heading":"","cta_description":"","application":"22849","h1":"Shopify-Terminbuchungs-App","h1_caption":"Erm\u00f6glichen Sie Benutzern die einfache Terminvereinbarung direkt \u00fcber Ihre Shopify-Website, was den Komfort erh\u00f6ht und den Buchungsprozess rationalisiert.","application_category":[],"applications_title":"","applications_request_title":"","applications_request_button_text":"","hero_text":"","hero_video":"","hero_video_schema_markup":"","selling_points_title":"","selling_points_caption":"","selling_points":[],"selling_points_cta_text":"","features_title":"","features":"","ed_cta_examples_text":"","ed_cta_examples_hidden":"","ed_cta_demo_text":"","ed_cta_demo_hidden":"","why_caption":"","why_editor_title":"","why_editor_text":"","why_team_title":"","why_team_text":"","why_service_title":"","why_service_text":"","template_catalog_visible":"0","template_catalog_title":"","template_catalog_text":"","template_catalog_categories_visible":"","demo_title":"Erstellen Sie Ihre Terminbuchungs-App","demo_caption":"Configure your Appointment Booking and add it to your Shopify website for free!","default_faq_hidden":"","app_template_category":[],"platform":"253","template_public_id":"","codecanyon_url":"","codecanyon_item_id":"","codecanyon_price":"","pricing_caption":"","pricing_elfsight_apps_hide_column":"","pricing_elfsight_apps_url":"","pricing_codecanyon_price_caption":"","integration_category":[],"integration_request_title":"","integration_request_cta":"","integration_platform":"","integrations":[],"platform_category":[],"video_schema_markup":"","price":"ab 0 $ \/ Monat","trial":"","benefits":[{"text":"Kostenlose Installationsunterst\u00fctzung"},{"text":"Effektiver Kundenservice"},{"text":"14-t\u00e4gige Geld-zur\u00fcck-Garantie"},{"text":"Zuk\u00fcnftige kostenlose Verbesserungen"}],"button_url":"#demo","button_target_blank":"0","button_nofollow":"0","attributes":[{"name":"Installiert","content":"1,000 - 5,000"},{"name":"Reaktionsfreudig","content":"Ja"},{"name":"Kompatible Browser","content":"Firefox, Safari, Opera, Chrome, Edge"}],"tags":[],"tags_disable_links":"0","hide_more_platforms":"0","video_object":"","demo_hide_cta":"0","demo_hide_cloud_options":"0","pricing_title":"","pricing":[{"pricing_icon":"platform","pricing_title":"Elfsight Apps","pricing_title_caption":"Multiplattform-Software, die auf jeder Website funktioniert","pricing_price":"Ab 0\u00a0$\/Monat","pricing_price_caption":"Beginnen Sie mit einem kostenlosen Plan","pricing_benefits":[{"text":"Unbegrenzte Websites"},{"text":"Unternehmenssupport rund um die Uhr und gut dokumentiert"},{"text":"Kostenloser Installationsservice"},{"text":"Flexibles Design"}],"pricing_button_text":"Zur Website hinzuf\u00fcgen","pricing_button_url":"#demo"}],"related_apps_title":"","related_apps_hidden":"0","author":"","image":[],"title":"","job":"","social_networks":[]},"_links":{"self":[{"href":"https:\/\/elfsight.com\/de\/wp-json\/wp\/v2\/pages\/23149","targetHints":{"allow":["GET"]}}],"collection":[{"href":"https:\/\/elfsight.com\/de\/wp-json\/wp\/v2\/pages"}],"about":[{"href":"https:\/\/elfsight.com\/de\/wp-json\/wp\/v2\/types\/page"}],"author":[{"embeddable":true,"href":"https:\/\/elfsight.com\/de\/wp-json\/wp\/v2\/users\/9"}],"replies":[{"embeddable":true,"href":"https:\/\/elfsight.com\/de\/wp-json\/wp\/v2\/comments?post=23149"}],"version-history":[{"count":2,"href":"https:\/\/elfsight.com\/de\/wp-json\/wp\/v2\/pages\/23149\/revisions"}],"predecessor-version":[{"id":25537,"href":"https:\/\/elfsight.com\/de\/wp-json\/wp\/v2\/pages\/23149\/revisions\/25537"}],"up":[{"embeddable":true,"href":"https:\/\/elfsight.com\/de\/wp-json\/wp\/v2\/pages\/22850"}],"wp:attachment":[{"href":"https:\/\/elfsight.com\/de\/wp-json\/wp\/v2\/media?parent=23149"}],"curies":[{"name":"wp","href":"https:\/\/api.w.org\/{rel}","templated":true}]}}