{"id":23141,"date":"2024-09-30T18:27:29","date_gmt":"2024-09-30T18:27:29","guid":{"rendered":"https:\/\/elfsight.com\/de\/?page_id=23141"},"modified":"2025-07-10T14:03:34","modified_gmt":"2025-07-10T14:03:34","slug":"wix","status":"publish","type":"page","link":"https:\/\/elfsight.com\/de\/website-translator-widget\/wix\/","title":{"rendered":"website translator &#8211; wix"},"content":{"rendered":"<div class=\"application-platform-content-item-description application-platform-content-item\" id=\"description\" data-nav-section=\"description\"> <h2>Betten Sie den Website-\u00dcbersetzer mit einer Elfsight-App in Wix ein<\/h2> <p>Eine gro\u00dfartige M\u00f6glichkeit, die Online-Pr\u00e4senz Ihres Unternehmens zu steigern und eine globale Pr\u00e4senz zu erreichen Audience ist die Integration unseres Website-\u00dcbersetzer-Widgets f\u00fcr Wix. Durch die nahtlose \u00dcbersetzung Ihrer Website-Inhalte stellt dieses Widget sicher, dass Ihre Botschaft Kunden aus verschiedenen Sprachgemeinschaften anspricht, und tr\u00e4gt so dazu bei, Sprachbarrieren zu \u00fcberwinden und die Reichweite Ihres Unternehmens zu vergr\u00f6\u00dfern. <\/p><p>Unser Website-\u00dcbersetzer bietet eine sofortige automatisierte Website-\u00dcbersetzung, die durch Google AI verbessert wird, und unterst\u00fctzt mehr als 130 Sprachen. Es merkt sich die Spracheinstellungen der Besucher und sorgt so f\u00fcr ein personalisiertes Surferlebnis, das die Besucher besch\u00e4ftigt. Globalisieren Sie Ihre Wix-Website nahtlos und verbinden Sie sich mit verschiedenen Zielgruppen \u00fcber die hochmoderne \u00dcbersetzungsl\u00f6sung. <\/p><p><b>Bieten Sie Ihre Waren und Dienstleistungen weltweit mit dem benutzerfreundlichen Sprachwechsel-Widget an! <\/b><\/p><\/div> <div class=\"application-platform-content-item-features application-platform-content-item\" id=\"features\" data-nav-section=\"features\"> <h2>Dies sind nur einige der wertvollen Widget-Funktionen: <\/h2><ul><li>Sofortige automatische Website-\u00dcbersetzung<\/li><li>Google AI-erweiterte \u00dcbersetzung<\/li><li>Pflege von mehr als 130 Sprachen<\/li><li>Beibehaltung der Besucherpr\u00e4ferenzen<\/li><li>Zahlreiche vorgefertigte Widget-Stile<\/li><\/ul><p><a href=\"#demo\">Sie k\u00f6nnen anhand der Demo \u00fcberpr\u00fcfen, was das Widget bietet<\/a><\/p><\/div> <div class=\"application-platform-content-item-installation application-platform-content-item\" id=\"installation\" data-nav-section=\"installation\"> <h2>So integrieren Sie eine Website \u00dcbersetzer in meine Wix-Seiten? <\/h2><p>Befolgen Sie einfach die nachstehenden Anweisungen, um mit der Verwendung des Plugins zu beginnen. <\/p><ol><li><b>F\u00fchren Sie unseren kostenlosen Konfigurator aus und beginnen Sie mit der Erstellung Ihres ma\u00dfgeschneiderten Plugins. <\/b><br>Bestimmen Sie die bevorzugte Schnittstelle und die Parameter des Widgets und \u00fcbernehmen Sie die \u00c4nderungen.<\/li> <li><b>Erhalten Sie den pers\u00f6nlichen Code, der im Feld auf Elfsight Apps angezeigt wird. <\/b><br>Sobald die Generierung Ihres Tools abgeschlossen ist, kopieren Sie den exklusiven Code im angezeigten Popup und speichern Sie ihn f\u00fcr einen sp\u00e4teren Anlass. <\/li> <li><b>Erste Schritte mit der Verwendung des Widgets auf der Wix-Webseite. <\/b><br>F\u00fcgen Sie den k\u00fcrzlich kopierten Code auf Ihrer Webseite ein und speichern Sie die \u00c4nderungen. <\/li> <li><b>Das Setup wurde erfolgreich abgeschlossen. <\/b><br>Gehen Sie auf Ihre Seite, um in Aktion zu sehen, wie das Widget funktioniert. <\/li><\/ol><p>Wenn Sie Schwierigkeiten haben, z\u00f6gern Sie nicht, unserem Support-Team zu schreiben. Unsere Berater helfen Ihnen gerne bei allen Schwierigkeiten, die Sie mit dem Tool haben. <\/p><\/div>","protected":false},"excerpt":{"rendered":"","protected":false},"author":9,"featured_media":0,"parent":22468,"menu_order":0,"comment_status":"closed","ping_status":"closed","template":"templates\/template-application-platform.php","meta":{"publish_to_discourse":"","publish_post_category":"","wpdc_auto_publish_overridden":"","wpdc_topic_tags":"","wpdc_pin_topic":"","wpdc_pin_until":"","discourse_post_id":"","discourse_permalink":"","wpdc_publishing_response":"","wpdc_publishing_error":"","footnotes":""},"class_list":["post-23141","page","type-page","status-publish","hentry"],"yoast_head":"<!-- This site is optimized with the Yoast SEO plugin v25.3.1 - https:\/\/yoast.com\/wordpress\/plugins\/seo\/ -->\n<title>Website-\u00dcbersetzer-Widget \u2013 Integrieren Sie den Schnell\u00fcbersetzer auf Wix<\/title>\n<meta name=\"description\" content=\"F\u00fcgen Sie Ihrer Wix-Website ein codefreies Website-\u00dcbersetzer-Widget hinzu. Probieren Sie die einfache Demo von Elfsight aus, um m\u00fchelos Ihre einzigartige L\u00f6sung zu erstellen.\" \/>\n<meta name=\"robots\" content=\"index, follow, max-snippet:-1, max-image-preview:large, max-video-preview:-1\" \/>\n<link rel=\"canonical\" href=\"https:\/\/elfsight.com\/de\/website-translator-widget\/wix\/\" \/>\n<meta property=\"og:locale\" content=\"de_DE\" \/>\n<meta property=\"og:type\" content=\"article\" \/>\n<meta property=\"og:title\" content=\"Website-\u00dcbersetzer-Widget \u2013 Integrieren Sie den Schnell\u00fcbersetzer auf Wix\" \/>\n<meta property=\"og:description\" content=\"F\u00fcgen Sie Ihrer Wix-Website ein codefreies Website-\u00dcbersetzer-Widget hinzu. Probieren Sie die einfache Demo von Elfsight aus, um m\u00fchelos Ihre einzigartige L\u00f6sung zu erstellen.\" \/>\n<meta property=\"og:url\" content=\"https:\/\/elfsight.com\/de\/website-translator-widget\/wix\/\" \/>\n<meta property=\"og:site_name\" content=\"Elfsight DE\" \/>\n<meta property=\"article:modified_time\" content=\"2025-07-10T14:03:34+00:00\" \/>\n<meta name=\"twitter:card\" content=\"summary_large_image\" \/>\n<meta name=\"twitter:label1\" content=\"Gesch\u00e4tzte Lesezeit\" \/>\n\t<meta name=\"twitter:data1\" content=\"2\u00a0Minuten\" \/>\n<!-- \/ Yoast SEO plugin. -->","yoast_head_json":{"title":"Website-\u00dcbersetzer-Widget \u2013 Integrieren Sie den Schnell\u00fcbersetzer auf Wix","description":"F\u00fcgen Sie Ihrer Wix-Website ein codefreies Website-\u00dcbersetzer-Widget hinzu. Probieren Sie die einfache Demo von Elfsight aus, um m\u00fchelos Ihre einzigartige L\u00f6sung zu erstellen.","robots":{"index":"index","follow":"follow","max-snippet":"max-snippet:-1","max-image-preview":"max-image-preview:large","max-video-preview":"max-video-preview:-1"},"canonical":"https:\/\/elfsight.com\/de\/website-translator-widget\/wix\/","og_locale":"de_DE","og_type":"article","og_title":"Website-\u00dcbersetzer-Widget \u2013 Integrieren Sie den Schnell\u00fcbersetzer auf Wix","og_description":"F\u00fcgen Sie Ihrer Wix-Website ein codefreies Website-\u00dcbersetzer-Widget hinzu. Probieren Sie die einfache Demo von Elfsight aus, um m\u00fchelos Ihre einzigartige L\u00f6sung zu erstellen.","og_url":"https:\/\/elfsight.com\/de\/website-translator-widget\/wix\/","og_site_name":"Elfsight DE","article_modified_time":"2025-07-10T14:03:34+00:00","twitter_card":"summary_large_image","twitter_misc":{"Gesch\u00e4tzte Lesezeit":"2\u00a0Minuten"},"schema":{"@context":"https:\/\/schema.org","@graph":[{"@type":"WebPage","@id":"https:\/\/elfsight.com\/de\/website-translator-widget\/wix\/","url":"https:\/\/elfsight.com\/de\/website-translator-widget\/wix\/","name":"Website-\u00dcbersetzer-Widget \u2013 Integrieren Sie den Schnell\u00fcbersetzer auf Wix","isPartOf":{"@id":"https:\/\/elfsight.com\/de\/#website"},"datePublished":"2024-09-30T18:27:29+00:00","dateModified":"2025-07-10T14:03:34+00:00","description":"F\u00fcgen Sie Ihrer Wix-Website ein codefreies Website-\u00dcbersetzer-Widget hinzu. Probieren Sie die einfache Demo von Elfsight aus, um m\u00fchelos Ihre einzigartige L\u00f6sung zu erstellen.","breadcrumb":{"@id":"https:\/\/elfsight.com\/de\/website-translator-widget\/wix\/#breadcrumb"},"inLanguage":"de","potentialAction":[{"@type":"ReadAction","target":["https:\/\/elfsight.com\/de\/website-translator-widget\/wix\/"]}]},{"@type":"BreadcrumbList","@id":"https:\/\/elfsight.com\/de\/website-translator-widget\/wix\/#breadcrumb","itemListElement":[{"@type":"ListItem","position":1,"name":"Home","item":"https:\/\/elfsight.com\/de\/"},{"@type":"ListItem","position":2,"name":"Website Translator","item":"https:\/\/elfsight.com\/de\/website-translator-widget\/"},{"@type":"ListItem","position":3,"name":"website translator &#8211; wix"}]},{"@type":"WebSite","@id":"https:\/\/elfsight.com\/de\/#website","url":"https:\/\/elfsight.com\/de\/","name":"Elfsight DE","description":"Just another Elfsight Sites site","potentialAction":[{"@type":"SearchAction","target":{"@type":"EntryPoint","urlTemplate":"https:\/\/elfsight.com\/de\/?s={search_term_string}"},"query-input":{"@type":"PropertyValueSpecification","valueRequired":true,"valueName":"search_term_string"}}],"inLanguage":"de"}]}},"meta_box":{"industry":"","seo_heading":"","heading":"","description":"","cta_heading":"","cta_description":"","application":"22463","h1":"Website-\u00dcbersetzer-App von Wix","h1_caption":"\u00dcbersetzen Sie den Inhalt Ihrer Website automatisch in mehrere Sprachen und machen Sie ihn so m\u00fchelos einem globalen Publikum auf Ihrer Website von Wix zug\u00e4nglich.","application_category":[],"applications_title":"","applications_request_title":"","applications_request_button_text":"","hero_text":"","hero_video":"","hero_video_schema_markup":"","selling_points_title":"","selling_points_caption":"","selling_points":[],"selling_points_cta_text":"","features_title":"","features":"","ed_cta_examples_text":"","ed_cta_examples_hidden":"","ed_cta_demo_text":"","ed_cta_demo_hidden":"","why_caption":"","why_editor_title":"","why_editor_text":"","why_team_title":"","why_team_text":"","why_service_title":"","why_service_text":"","template_catalog_visible":"0","template_catalog_title":"","template_catalog_text":"","template_catalog_categories_visible":"","demo_title":"Erstellen Sie Ihre Website-\u00dcbersetzer-App","demo_caption":"Configure your Website Translator and add it to your Wix website for free!","default_faq_hidden":"","app_template_category":[],"platform":"265","template_public_id":"","codecanyon_url":"","codecanyon_item_id":"","codecanyon_price":"","pricing_caption":"","pricing_elfsight_apps_hide_column":"","pricing_elfsight_apps_url":"","pricing_codecanyon_price_caption":"","integration_category":[],"integration_request_title":"","integration_request_cta":"","integration_platform":"","integrations":[],"platform_category":[],"video_schema_markup":"","price":"ab 0 $ \/ Monat","trial":"","benefits":[{"text":"Kostenlose Installationshilfe"},{"text":"Professioneller Kundenservice"},{"text":"14-t\u00e4gige Geld-zur\u00fcck-Garantie"},{"text":"Laufende Updates"}],"button_url":"#demo","button_target_blank":"","button_nofollow":"","attributes":[{"name":"Installieren","content":"50,000 - 100,000"},{"name":"Reaktionsfreudig","content":"Ja"},{"name":"Kompatible Browser","content":"Firefox, Safari, Opera, Chrome, Edge"}],"tags":[],"tags_disable_links":"","hide_more_platforms":"","video_object":"","demo_hide_cta":"","demo_hide_cloud_options":"","pricing_title":"","pricing":[{"pricing_icon":"platform","pricing_title":"Elfsight Apps","pricing_title_caption":"Plattformunabh\u00e4ngige L\u00f6sung","pricing_price":"ab 0 $ \/ Monat","pricing_price_caption":"Beginnen Sie mit einem kostenlosen Plan","pricing_benefits":[{"text":"Unbegrenzte Domains"},{"text":"Engagierter Kundensupport"},{"text":"Kostenlose Installationsunterst\u00fctzung"},{"text":"100 % anpassbar"}],"pricing_button_text":"Zur Website hinzuf\u00fcgen","pricing_button_url":"#demo"}],"related_apps_title":"","related_apps_hidden":"","author":"","image":[],"title":"","job":"","social_networks":[]},"_links":{"self":[{"href":"https:\/\/elfsight.com\/de\/wp-json\/wp\/v2\/pages\/23141","targetHints":{"allow":["GET"]}}],"collection":[{"href":"https:\/\/elfsight.com\/de\/wp-json\/wp\/v2\/pages"}],"about":[{"href":"https:\/\/elfsight.com\/de\/wp-json\/wp\/v2\/types\/page"}],"author":[{"embeddable":true,"href":"https:\/\/elfsight.com\/de\/wp-json\/wp\/v2\/users\/9"}],"replies":[{"embeddable":true,"href":"https:\/\/elfsight.com\/de\/wp-json\/wp\/v2\/comments?post=23141"}],"version-history":[{"count":1,"href":"https:\/\/elfsight.com\/de\/wp-json\/wp\/v2\/pages\/23141\/revisions"}],"predecessor-version":[{"id":23145,"href":"https:\/\/elfsight.com\/de\/wp-json\/wp\/v2\/pages\/23141\/revisions\/23145"}],"up":[{"embeddable":true,"href":"https:\/\/elfsight.com\/de\/wp-json\/wp\/v2\/pages\/22468"}],"wp:attachment":[{"href":"https:\/\/elfsight.com\/de\/wp-json\/wp\/v2\/media?parent=23141"}],"curies":[{"name":"wp","href":"https:\/\/api.w.org\/{rel}","templated":true}]}}