{"id":23139,"date":"2024-09-30T18:27:29","date_gmt":"2024-09-30T18:27:29","guid":{"rendered":"https:\/\/elfsight.com\/de\/?page_id=23139"},"modified":"2025-10-22T09:18:47","modified_gmt":"2025-10-22T09:18:47","slug":"wix","status":"publish","type":"page","link":"https:\/\/elfsight.com\/de\/appointment-booking-widget\/wix\/","title":{"rendered":"appointment booking &#8211; wix"},"content":{"rendered":"<div class=\"application-platform-content-item-description application-platform-content-item\" id=\"description\" data-nav-section=\"description\"><h2>Terminbuchung bei Wix mit der Elfsight-App einbetten!<\/h2> <p>Die Terminbuchungs-App ist verf\u00fcgbar, um potenziellen Kunden dabei zu helfen, Zeit zu sparen Slots direkt auf Ihrer Wix-Website und entlasten Sie so von manuellen Aufgaben wie der st\u00e4ndigen Verwaltung von Nachrichten, Anrufen und E-Mails. Es fungiert als virtuelle Empfangsdame, die rund um die Uhr arbeitet, automatisierte Best\u00e4tigungen sendet und mit Outsourcing-Apps wie Google Kalender synchronisiert werden kann.<\/p> <p>Der Moment ist gekommen, mehr Einblicke in Ihre Dienstleistung oder Veranstaltung zu geben und die Dauer zu skizzieren , Kontaktinformationen offenlegen und die Preisgestaltung kl\u00e4ren, um den Kunden die Entscheidungsfindung zu erleichtern. Passen Sie au\u00dferdem das Erscheinungsbild der App an, indem Sie benutzerdefinierte Elemente und Funktionen anpassen, ohne dass Sie Ihre Programmierkenntnisse verbessern oder einen erfahrenen Entwickler beauftragen m\u00fcssen!<\/p> <p><b>Verst\u00e4rken Sie Ihr Gesch\u00e4ft und machen Sie sich durch Ihr Angebot f\u00fcr jeden potenziellen Kunden zug\u00e4nglich Online-Terminbuchung auf Ihrer Website!<\/b><\/p> <\/div> <div class=\"application-platform-content-item-features application-platform-content-item\" id=\"features\" data-nav-section=\"features\"> <h2>Zu den grundlegenden Widget-Funktionen geh\u00f6ren:<\/h2> <ul><li>Bieten Sie ein klares Angebot Beschreiben Sie Ihren Service \u2013 Name, Details, Bild und Dauer \u2013 und richten Sie die Preise in verschiedenen W\u00e4hrungen ein.<\/li><li>Senden Sie automatische Benachrichtigungen, um die reservierten Slots an Kunden und sich selbst zu validieren.<\/li><li> Verbinden Sie das Widget mit Outsourcing-Apps wie Google Kalender, um immer auf dem Laufenden zu bleiben.<\/li><li>Pr\u00e4sentieren Sie Ihre Gesch\u00e4ftskontaktinformationen als Social Proof und erm\u00f6glichen Sie Benutzern die Kontaktaufnahme bei unvorhergesehenen Ereignissen.<\/li><li>Erweiterte Anpassung ohne Programmieraufwand: vorgefertigte Vorlagen, Farben, mehrere Layout-Designs, Schriftarten, benutzerdefinierter CSS-Editor, benutzerdefinierter JS-Editor usw.<\/li><\/ul><p><a href=\"# demo\">Sie k\u00f6nnen sp\u00fcren, ob das Widget f\u00fcr Sie geeignet ist, indem Sie die Demo ausprobieren<\/a><\/p> <\/div> <div class=\"application-platform-content-item-installation application-platform-content-item\" id=\"installation\" data-nav-section=\"installation\"> <h2>Wie kann ich die Terminbuchung auf meiner Wix-Website einbetten?<\/h2><div class=\"video-container\">\n<iframe width=\"720\" height=\"405\" src=\"https:\/\/www.youtube.com\/embed\/yj4U52MpyvM?si=OeRLNC99KG4U-RBM\" frameborder=\"0\" allowfullscreen=\"\"><\/iframe>\n<\/div> <p>Um die Terminbuchung auf Ihrer Wix-Website einzubetten, befolgen Sie diese Anweisungen:<\/p> <ol><li><b>F\u00fchren Sie unseren kostenlosen Konfigurator aus und beginnen Sie mit der Erstellung Ihres ma\u00dfgeschneiderten LinkedIn-Feed-Plugins. <\/b><br> Bestimmen Sie das gew\u00fcnschte Aussehen und die Eigenschaften des Werkzeugs und speichern Sie die \u00c4nderungen.<\/li> <li><b>Kopieren Sie den pers\u00f6nlichen Code, der im Fenster von Elfsight Apps angezeigt wird.<\/b><br> Nachdem die Generierung Ihres pers\u00f6nlichen Plugins abgeschlossen ist, kopieren Sie den exklusiven Code aus dem angezeigten Popup und bewahren Sie ihn f\u00fcr die zuk\u00fcnftige Verwendung auf.<\/li> <li><b>Beginnen Sie mit der Verwendung des Widgets auf Ihrer Wix-Website.<\/b><br> Integrieren Sie den k\u00fcrzlich kopierten Code in Ihre Website und speichern Sie die \u00c4nderungen.<\/li> <li><b>Die Installation wurde erfolgreich abgeschlossen.<\/b><br> Gehen Sie zu Ihrer Website, um zu sehen, wie das Widget funktioniert.<\/li><\/ol> <p>Wenn Sie auf Probleme sto\u00dfen, wenden Sie sich bitte an unseren Kundendienst. Unsere Spezialisten beantworten gerne alle Fragen, die Sie zum Tool haben.<\/p> <\/div> ","protected":false},"excerpt":{"rendered":"","protected":false},"author":9,"featured_media":0,"parent":22850,"menu_order":0,"comment_status":"closed","ping_status":"closed","template":"templates\/template-application-platform.php","meta":{"publish_to_discourse":"","publish_post_category":"","wpdc_auto_publish_overridden":"","wpdc_topic_tags":"","wpdc_pin_topic":"","wpdc_pin_until":"","discourse_post_id":"","discourse_permalink":"","wpdc_publishing_response":"","wpdc_publishing_error":"","footnotes":""},"class_list":["post-23139","page","type-page","status-publish","hentry"],"yoast_head":"<!-- This site is optimized with the Yoast SEO plugin v25.3.1 - https:\/\/yoast.com\/wordpress\/plugins\/seo\/ -->\n<title>Terminbuchungskalender-App von Wix<\/title>\n<meta name=\"description\" content=\"F\u00fcgen Sie einen Wix-Buchungskalender ohne Codierung hinzu, um Pl\u00e4tze f\u00fcr Ihre Kunden freizugeben. Verbessern Sie die Planung mit dem Terminplaner von Wix.\" \/>\n<meta name=\"robots\" content=\"index, follow, max-snippet:-1, max-image-preview:large, max-video-preview:-1\" \/>\n<link rel=\"canonical\" href=\"https:\/\/elfsight.com\/de\/appointment-booking-widget\/wix\/\" \/>\n<meta property=\"og:locale\" content=\"de_DE\" \/>\n<meta property=\"og:type\" content=\"article\" \/>\n<meta property=\"og:title\" content=\"Terminbuchungskalender-App von Wix\" \/>\n<meta property=\"og:description\" content=\"F\u00fcgen Sie einen Wix-Buchungskalender ohne Codierung hinzu, um Pl\u00e4tze f\u00fcr Ihre Kunden freizugeben. Verbessern Sie die Planung mit dem Terminplaner von Wix.\" \/>\n<meta property=\"og:url\" content=\"https:\/\/elfsight.com\/de\/appointment-booking-widget\/wix\/\" \/>\n<meta property=\"og:site_name\" content=\"Elfsight DE\" \/>\n<meta property=\"article:modified_time\" content=\"2025-10-22T09:18:47+00:00\" \/>\n<meta name=\"twitter:card\" content=\"summary_large_image\" \/>\n<meta name=\"twitter:label1\" content=\"Gesch\u00e4tzte Lesezeit\" \/>\n\t<meta name=\"twitter:data1\" content=\"3\u00a0Minuten\" \/>\n<!-- \/ Yoast SEO plugin. -->","yoast_head_json":{"title":"Terminbuchungskalender-App von Wix","description":"F\u00fcgen Sie einen Wix-Buchungskalender ohne Codierung hinzu, um Pl\u00e4tze f\u00fcr Ihre Kunden freizugeben. Verbessern Sie die Planung mit dem Terminplaner von Wix.","robots":{"index":"index","follow":"follow","max-snippet":"max-snippet:-1","max-image-preview":"max-image-preview:large","max-video-preview":"max-video-preview:-1"},"canonical":"https:\/\/elfsight.com\/de\/appointment-booking-widget\/wix\/","og_locale":"de_DE","og_type":"article","og_title":"Terminbuchungskalender-App von Wix","og_description":"F\u00fcgen Sie einen Wix-Buchungskalender ohne Codierung hinzu, um Pl\u00e4tze f\u00fcr Ihre Kunden freizugeben. Verbessern Sie die Planung mit dem Terminplaner von Wix.","og_url":"https:\/\/elfsight.com\/de\/appointment-booking-widget\/wix\/","og_site_name":"Elfsight DE","article_modified_time":"2025-10-22T09:18:47+00:00","twitter_card":"summary_large_image","twitter_misc":{"Gesch\u00e4tzte Lesezeit":"3\u00a0Minuten"},"schema":{"@context":"https:\/\/schema.org","@graph":[{"@type":"WebPage","@id":"https:\/\/elfsight.com\/de\/appointment-booking-widget\/wix\/","url":"https:\/\/elfsight.com\/de\/appointment-booking-widget\/wix\/","name":"Terminbuchungskalender-App von Wix","isPartOf":{"@id":"https:\/\/elfsight.com\/de\/#website"},"datePublished":"2024-09-30T18:27:29+00:00","dateModified":"2025-10-22T09:18:47+00:00","description":"F\u00fcgen Sie einen Wix-Buchungskalender ohne Codierung hinzu, um Pl\u00e4tze f\u00fcr Ihre Kunden freizugeben. Verbessern Sie die Planung mit dem Terminplaner von Wix.","breadcrumb":{"@id":"https:\/\/elfsight.com\/de\/appointment-booking-widget\/wix\/#breadcrumb"},"inLanguage":"de","potentialAction":[{"@type":"ReadAction","target":["https:\/\/elfsight.com\/de\/appointment-booking-widget\/wix\/"]}]},{"@type":"BreadcrumbList","@id":"https:\/\/elfsight.com\/de\/appointment-booking-widget\/wix\/#breadcrumb","itemListElement":[{"@type":"ListItem","position":1,"name":"Home","item":"https:\/\/elfsight.com\/de\/"},{"@type":"ListItem","position":2,"name":"Appointment Booking","item":"https:\/\/elfsight.com\/de\/appointment-booking-widget\/"},{"@type":"ListItem","position":3,"name":"appointment booking &#8211; wix"}]},{"@type":"WebSite","@id":"https:\/\/elfsight.com\/de\/#website","url":"https:\/\/elfsight.com\/de\/","name":"Elfsight DE","description":"Just another Elfsight Sites site","potentialAction":[{"@type":"SearchAction","target":{"@type":"EntryPoint","urlTemplate":"https:\/\/elfsight.com\/de\/?s={search_term_string}"},"query-input":{"@type":"PropertyValueSpecification","valueRequired":true,"valueName":"search_term_string"}}],"inLanguage":"de"}]}},"meta_box":{"industry":"","seo_heading":"","heading":"","description":"","cta_heading":"","cta_description":"","application":"22849","h1":"Terminbuchungs-App von Wix","h1_caption":"Erm\u00f6glichen Sie Benutzern die einfache Terminvereinbarung direkt \u00fcber Ihre Wix-Website, was den Komfort erh\u00f6ht und den Buchungsprozess rationalisiert.","application_category":[],"applications_title":"","applications_request_title":"","applications_request_button_text":"","hero_text":"","hero_video":"","hero_video_schema_markup":"","selling_points_title":"","selling_points_caption":"","selling_points":[],"selling_points_cta_text":"","features_title":"","features":"","ed_cta_examples_text":"","ed_cta_examples_hidden":"","ed_cta_demo_text":"","ed_cta_demo_hidden":"","why_caption":"","why_editor_title":"","why_editor_text":"","why_team_title":"","why_team_text":"","why_service_title":"","why_service_text":"","template_catalog_visible":"0","template_catalog_title":"","template_catalog_text":"","template_catalog_categories_visible":"","demo_title":"Erstellen Sie Ihre Terminbuchungs-App","demo_caption":"Configure your Appointment Booking and add it to your Wix website for free!","default_faq_hidden":"","app_template_category":[],"platform":"265","template_public_id":"","codecanyon_url":"","codecanyon_item_id":"","codecanyon_price":"","pricing_caption":"","pricing_elfsight_apps_hide_column":"","pricing_elfsight_apps_url":"","pricing_codecanyon_price_caption":"","integration_category":[],"integration_request_title":"","integration_request_cta":"","integration_platform":"","integrations":[],"platform_category":[],"video_schema_markup":"","price":"ab 0 $ \/ Monat","trial":"","benefits":[{"text":"Kostenlose Installationshilfe"},{"text":"Erfahrener Kundensupport"},{"text":"14-t\u00e4gige R\u00fcckerstattungsgarantie"},{"text":"Kontinuierliche Updates"}],"button_url":"#demo","button_target_blank":"0","button_nofollow":"0","attributes":[{"name":"Installiert","content":"1,000 - 5,000"},{"name":"Reaktionsfreudig","content":"Ja"},{"name":"Kompatible Browser","content":"Firefox, Safari, Opera, Chrome, Edge"}],"tags":[],"tags_disable_links":"0","hide_more_platforms":"0","video_object":"","demo_hide_cta":"0","demo_hide_cloud_options":"0","pricing_title":"","pricing":[{"pricing_icon":"platform","pricing_title":"Elfsight Apps","pricing_title_caption":"Plattform\u00fcbergreifende Version, die zu jeder Website passt","pricing_price":"Ab 0\u00a0$\/Monat","pricing_price_caption":"Beginnen Sie mit einem kostenlosen Plan","pricing_benefits":[{"text":"Unbegrenzte Websites"},{"text":"Schnelle Unternehmensunterst\u00fctzung und gut dokumentiert"},{"text":"Kostenlose Installationsunterst\u00fctzung"},{"text":"Flexibles Design"}],"pricing_button_text":"Zur Website hinzuf\u00fcgen","pricing_button_url":"#demo"}],"related_apps_title":"","related_apps_hidden":"0","author":"","image":[],"title":"","job":"","social_networks":[]},"_links":{"self":[{"href":"https:\/\/elfsight.com\/de\/wp-json\/wp\/v2\/pages\/23139","targetHints":{"allow":["GET"]}}],"collection":[{"href":"https:\/\/elfsight.com\/de\/wp-json\/wp\/v2\/pages"}],"about":[{"href":"https:\/\/elfsight.com\/de\/wp-json\/wp\/v2\/types\/page"}],"author":[{"embeddable":true,"href":"https:\/\/elfsight.com\/de\/wp-json\/wp\/v2\/users\/9"}],"replies":[{"embeddable":true,"href":"https:\/\/elfsight.com\/de\/wp-json\/wp\/v2\/comments?post=23139"}],"version-history":[{"count":2,"href":"https:\/\/elfsight.com\/de\/wp-json\/wp\/v2\/pages\/23139\/revisions"}],"predecessor-version":[{"id":25539,"href":"https:\/\/elfsight.com\/de\/wp-json\/wp\/v2\/pages\/23139\/revisions\/25539"}],"up":[{"embeddable":true,"href":"https:\/\/elfsight.com\/de\/wp-json\/wp\/v2\/pages\/22850"}],"wp:attachment":[{"href":"https:\/\/elfsight.com\/de\/wp-json\/wp\/v2\/media?parent=23139"}],"curies":[{"name":"wp","href":"https:\/\/api.w.org\/{rel}","templated":true}]}}