{"id":23134,"date":"2024-09-30T18:27:29","date_gmt":"2024-09-30T18:27:29","guid":{"rendered":"https:\/\/elfsight.com\/de\/?page_id=23134"},"modified":"2025-12-01T10:29:02","modified_gmt":"2025-12-01T10:29:02","slug":"html","status":"publish","type":"page","link":"https:\/\/elfsight.com\/de\/website-translator-widget\/html\/","title":{"rendered":"website translator &#8211; html"},"content":{"rendered":"<div class=\"application-platform-content-item-description application-platform-content-item\" id=\"description\" data-nav-section=\"description\"> <h2>Betten Sie den Website-\u00dcbersetzer mit einem Elfsight-Widget in HTML ein<\/h2> <p>Eine gro\u00dfartige M\u00f6glichkeit, die Online-Pr\u00e4senz Ihres Unternehmens zu steigern und eine globale Pr\u00e4senz anzuziehen Audience bettet unser Website-\u00dcbersetzer-Widget f\u00fcr HTML ein. Durch die reibungslose \u00dcbersetzung Ihrer Website-Inhalte garantiert dieses Widget, dass Ihre Botschaft bei Kunden aus verschiedenen Sprachgemeinschaften Anklang findet, und tr\u00e4gt so dazu bei, Sprachbarrieren abzubauen und die Reichweite Ihres Unternehmens zu vergr\u00f6\u00dfern. <\/p><p>Unser Website-\u00dcbersetzer bietet eine sofortige automatisierte Website-\u00dcbersetzung, die durch Google AI verbessert wird und \u00fcber 130 Sprachen unterst\u00fctzt. Es kann sich die Spracheinstellungen der Besucher merken und so ein individuelles Surferlebnis bieten, das sie besch\u00e4ftigt. Globalisieren Sie Ihre HTML-Website m\u00fchelos und erreichen Sie mithilfe der fortschrittlichen \u00dcbersetzungstechnologie unterschiedliche Zielgruppen. <\/p><p><b>Bieten Sie Ihre Waren und Dienstleistungen weltweit mit dem benutzerfreundlichen Sprachwechsel-Widget an! <\/b><\/p><\/div> <div class=\"application-platform-content-item-features application-platform-content-item\" id=\"features\" data-nav-section=\"features\"> <h2>Hier ist die Liste der wichtigsten Funktionen: <\/h2><ul><li>sofortige automatische Website-\u00dcbersetzung<\/li> <li>Google AI-erweiterte \u00dcbersetzung<\/li><li>Pflege von mehr als 130 Sprachen<\/li><li>Benutzereinstellungen beibehalten<\/li><li>Zahlreich vordefinierte Widget-Stile<\/li><\/ul><p><a href=\"#demo\">Sie k\u00f6nnen die vollst\u00e4ndigen Funktionen des Widgets in der Demo testen <\/a><\/p><\/div> <div class=\"application-platform-content-item-installation application-platform-content-item\" id=\"installation\" data-nav-section=\"installation\"> <h2>Wie kann ich Website Translator in meine HTML-Seiten integrieren? <\/h2><div class=\"video-container\">\n<iframe width=\"720\" height=\"405\" src=\"https:\/\/www.youtube.com\/embed\/CKjm68exgCE?si=biZykN-lKJPMmCOK\" frameborder=\"0\" allowfullscreen=\"\"><\/iframe>\n<\/div><p>F\u00fchren Sie einfach die folgenden Richtlinien aus, um das Plugin zu aktivieren. <\/p><ol><li><b>\u00d6ffnen Sie unsere kostenlose Demo und beginnen Sie mit der Entwicklung Ihres einzigartigen Plugins. <\/b><br>Bestimmen Sie die bevorzugten Design- und Funktionsmerkmale des Werkzeugs und speichern Sie die Korrekturen. <\/li> <li><b>Kopieren Sie den pers\u00f6nlichen Code, der im Fenster von Elfsight Apps angezeigt wird. <\/b><br>Nachdem die Einrichtung Ihres Tools abgeschlossen ist, kopieren Sie den einzelnen Code aus dem angezeigten Feld und speichern Sie ihn zur sp\u00e4teren Verwendung. <\/li> <li><b>Erste Schritte mit der Verwendung des Widgets auf der HTML-Startseite. <\/b><br>Integrieren Sie den k\u00fcrzlich gespeicherten Code in Ihre Homepage und speichern Sie die \u00c4nderungen. <\/li> <li><b>Du bist fertig! Die Einbettung wurde erfolgreich durchgef\u00fchrt. <\/b><br>Besuchen Sie Ihre Website, um zu pr\u00fcfen, wie das Tool funktioniert. <\/li><\/ol><p>Wenn Sie auf Probleme sto\u00dfen, wenden Sie sich bitte an unser Kundendienstteam. Unsere Mitarbeiter helfen Ihnen gerne bei allen Problemen, die Sie mit dem Widget haben. <\/p><\/div>","protected":false},"excerpt":{"rendered":"","protected":false},"author":9,"featured_media":0,"parent":22468,"menu_order":0,"comment_status":"closed","ping_status":"closed","template":"templates\/template-application-platform.php","meta":{"publish_to_discourse":"","publish_post_category":"","wpdc_auto_publish_overridden":"","wpdc_topic_tags":"","wpdc_pin_topic":"","wpdc_pin_until":"","discourse_post_id":"","discourse_permalink":"","wpdc_publishing_response":"","wpdc_publishing_error":"","footnotes":""},"class_list":["post-23134","page","type-page","status-publish","hentry"],"yoast_head":"<!-- This site is optimized with the Yoast SEO plugin v25.3.1 - https:\/\/yoast.com\/wordpress\/plugins\/seo\/ -->\n<title>Website-\u00dcbersetzer-Widget \u2013 F\u00fcgen Sie einen nahtlosen \u00dcbersetzer zu HTML hinzu<\/title>\n<meta name=\"description\" content=\"F\u00fcgen Sie Ihrer HTML-Website ein nahtloses Website-\u00dcbersetzer-Widget hinzu. Nutzen Sie die Online-Demo von Elfsight, um ganz einfach Ihre individuelle L\u00f6sung zu erstellen.\" \/>\n<meta name=\"robots\" content=\"index, follow, max-snippet:-1, max-image-preview:large, max-video-preview:-1\" \/>\n<link rel=\"canonical\" href=\"https:\/\/elfsight.com\/de\/website-translator-widget\/html\/\" \/>\n<meta property=\"og:locale\" content=\"de_DE\" \/>\n<meta property=\"og:type\" content=\"article\" \/>\n<meta property=\"og:title\" content=\"Website-\u00dcbersetzer-Widget \u2013 F\u00fcgen Sie einen nahtlosen \u00dcbersetzer zu HTML hinzu\" \/>\n<meta property=\"og:description\" content=\"F\u00fcgen Sie Ihrer HTML-Website ein nahtloses Website-\u00dcbersetzer-Widget hinzu. Nutzen Sie die Online-Demo von Elfsight, um ganz einfach Ihre individuelle L\u00f6sung zu erstellen.\" \/>\n<meta property=\"og:url\" content=\"https:\/\/elfsight.com\/de\/website-translator-widget\/html\/\" \/>\n<meta property=\"og:site_name\" content=\"Elfsight DE\" \/>\n<meta property=\"article:modified_time\" content=\"2025-12-01T10:29:02+00:00\" \/>\n<meta name=\"twitter:card\" content=\"summary_large_image\" \/>\n<meta name=\"twitter:label1\" content=\"Gesch\u00e4tzte Lesezeit\" \/>\n\t<meta name=\"twitter:data1\" content=\"2\u00a0Minuten\" \/>\n<!-- \/ Yoast SEO plugin. -->","yoast_head_json":{"title":"Website-\u00dcbersetzer-Widget \u2013 F\u00fcgen Sie einen nahtlosen \u00dcbersetzer zu HTML hinzu","description":"F\u00fcgen Sie Ihrer HTML-Website ein nahtloses Website-\u00dcbersetzer-Widget hinzu. Nutzen Sie die Online-Demo von Elfsight, um ganz einfach Ihre individuelle L\u00f6sung zu erstellen.","robots":{"index":"index","follow":"follow","max-snippet":"max-snippet:-1","max-image-preview":"max-image-preview:large","max-video-preview":"max-video-preview:-1"},"canonical":"https:\/\/elfsight.com\/de\/website-translator-widget\/html\/","og_locale":"de_DE","og_type":"article","og_title":"Website-\u00dcbersetzer-Widget \u2013 F\u00fcgen Sie einen nahtlosen \u00dcbersetzer zu HTML hinzu","og_description":"F\u00fcgen Sie Ihrer HTML-Website ein nahtloses Website-\u00dcbersetzer-Widget hinzu. Nutzen Sie die Online-Demo von Elfsight, um ganz einfach Ihre individuelle L\u00f6sung zu erstellen.","og_url":"https:\/\/elfsight.com\/de\/website-translator-widget\/html\/","og_site_name":"Elfsight DE","article_modified_time":"2025-12-01T10:29:02+00:00","twitter_card":"summary_large_image","twitter_misc":{"Gesch\u00e4tzte Lesezeit":"2\u00a0Minuten"},"schema":{"@context":"https:\/\/schema.org","@graph":[{"@type":"WebPage","@id":"https:\/\/elfsight.com\/de\/website-translator-widget\/html\/","url":"https:\/\/elfsight.com\/de\/website-translator-widget\/html\/","name":"Website-\u00dcbersetzer-Widget \u2013 F\u00fcgen Sie einen nahtlosen \u00dcbersetzer zu HTML hinzu","isPartOf":{"@id":"https:\/\/elfsight.com\/de\/#website"},"datePublished":"2024-09-30T18:27:29+00:00","dateModified":"2025-12-01T10:29:02+00:00","description":"F\u00fcgen Sie Ihrer HTML-Website ein nahtloses Website-\u00dcbersetzer-Widget hinzu. Nutzen Sie die Online-Demo von Elfsight, um ganz einfach Ihre individuelle L\u00f6sung zu erstellen.","breadcrumb":{"@id":"https:\/\/elfsight.com\/de\/website-translator-widget\/html\/#breadcrumb"},"inLanguage":"de","potentialAction":[{"@type":"ReadAction","target":["https:\/\/elfsight.com\/de\/website-translator-widget\/html\/"]}]},{"@type":"BreadcrumbList","@id":"https:\/\/elfsight.com\/de\/website-translator-widget\/html\/#breadcrumb","itemListElement":[{"@type":"ListItem","position":1,"name":"Home","item":"https:\/\/elfsight.com\/de\/"},{"@type":"ListItem","position":2,"name":"Website Translator","item":"https:\/\/elfsight.com\/de\/website-translator-widget\/"},{"@type":"ListItem","position":3,"name":"website translator &#8211; html"}]},{"@type":"WebSite","@id":"https:\/\/elfsight.com\/de\/#website","url":"https:\/\/elfsight.com\/de\/","name":"Elfsight DE","description":"Just another Elfsight Sites site","potentialAction":[{"@type":"SearchAction","target":{"@type":"EntryPoint","urlTemplate":"https:\/\/elfsight.com\/de\/?s={search_term_string}"},"query-input":{"@type":"PropertyValueSpecification","valueRequired":true,"valueName":"search_term_string"}}],"inLanguage":"de"}]}},"meta_box":{"industry":"","seo_heading":"","heading":"","description":"","cta_heading":"","cta_description":"","application":"22463","h1":"HTML-Website-\u00dcbersetzer-Widget","h1_caption":"\u00dcbersetzen Sie den Inhalt Ihrer Website automatisch in mehrere Sprachen und machen Sie ihn so m\u00fchelos f\u00fcr ein globales Publikum auf Ihrer HTML-Website zug\u00e4nglich.","application_category":[],"applications_title":"","applications_request_title":"","applications_request_button_text":"","hero_text":"","hero_video":"","hero_video_schema_markup":"","selling_points_title":"","selling_points_caption":"","selling_points":[],"selling_points_cta_text":"","features_title":"","features":"","ed_cta_examples_text":"","ed_cta_examples_hidden":"","ed_cta_demo_text":"","ed_cta_demo_hidden":"","why_caption":"","why_editor_title":"","why_editor_text":"","why_team_title":"","why_team_text":"","why_service_title":"","why_service_text":"","template_catalog_visible":"0","template_catalog_title":"","template_catalog_text":"","template_catalog_categories_visible":"","demo_title":"Erstellen Sie Ihr Website-\u00dcbersetzer-Widget","demo_caption":"Configure your Website Translator and add it to your HTML website for free!","default_faq_hidden":"","app_template_category":[],"platform":"260","template_public_id":"","codecanyon_url":"","codecanyon_item_id":"","codecanyon_price":"","pricing_caption":"","pricing_elfsight_apps_hide_column":"","pricing_elfsight_apps_url":"","pricing_codecanyon_price_caption":"","integration_category":[],"integration_request_title":"","integration_request_cta":"","integration_platform":"","integrations":[],"platform_category":[],"video_schema_markup":"","price":"ab 0 $ \/ Monat","trial":"","benefits":[{"text":"Kostenloser Installationsservice"},{"text":"Premium-Support"},{"text":"14-t\u00e4gige R\u00fcckerstattungsgarantie"},{"text":"Laufende Updates"}],"button_url":"#demo","button_target_blank":"0","button_nofollow":"0","attributes":[{"name":"Installieren","content":"50,000 - 100,000"},{"name":"Reaktionsfreudig","content":"Ja"},{"name":"Kompatible Browser","content":"Firefox, Safari, Opera, Chrome, Edge"}],"tags":[],"tags_disable_links":"0","hide_more_platforms":"0","video_object":"","demo_hide_cta":"0","demo_hide_cloud_options":"0","pricing_title":"","pricing":[{"pricing_icon":"platform","pricing_title":"Elfsight Apps","pricing_title_caption":"Plattform\u00fcbergreifende digitale L\u00f6sung","pricing_price":"ab 0 $ \/ Monat","pricing_price_caption":"Beginnen Sie mit einem kostenlosen Plan","pricing_benefits":[{"text":"Unbegrenzte Domains"},{"text":"Unternehmenssupport rund um die Uhr und gut dokumentiert"},{"text":"Kostenlose Installationsunterst\u00fctzung"},{"text":"Vollst\u00e4ndig anpassbar"}],"pricing_button_text":"Zur Website hinzuf\u00fcgen","pricing_button_url":"#demo"}],"related_apps_title":"","related_apps_hidden":"0","author":"","image":[],"title":"","job":"","social_networks":[]},"_links":{"self":[{"href":"https:\/\/elfsight.com\/de\/wp-json\/wp\/v2\/pages\/23134","targetHints":{"allow":["GET"]}}],"collection":[{"href":"https:\/\/elfsight.com\/de\/wp-json\/wp\/v2\/pages"}],"about":[{"href":"https:\/\/elfsight.com\/de\/wp-json\/wp\/v2\/types\/page"}],"author":[{"embeddable":true,"href":"https:\/\/elfsight.com\/de\/wp-json\/wp\/v2\/users\/9"}],"replies":[{"embeddable":true,"href":"https:\/\/elfsight.com\/de\/wp-json\/wp\/v2\/comments?post=23134"}],"version-history":[{"count":2,"href":"https:\/\/elfsight.com\/de\/wp-json\/wp\/v2\/pages\/23134\/revisions"}],"predecessor-version":[{"id":25570,"href":"https:\/\/elfsight.com\/de\/wp-json\/wp\/v2\/pages\/23134\/revisions\/25570"}],"up":[{"embeddable":true,"href":"https:\/\/elfsight.com\/de\/wp-json\/wp\/v2\/pages\/22468"}],"wp:attachment":[{"href":"https:\/\/elfsight.com\/de\/wp-json\/wp\/v2\/media?parent=23134"}],"curies":[{"name":"wp","href":"https:\/\/api.w.org\/{rel}","templated":true}]}}