{"id":23132,"date":"2024-09-30T18:27:29","date_gmt":"2024-09-30T18:27:29","guid":{"rendered":"https:\/\/elfsight.com\/de\/?page_id=23132"},"modified":"2025-07-08T09:50:09","modified_gmt":"2025-07-08T09:50:09","slug":"html","status":"publish","type":"page","link":"https:\/\/elfsight.com\/de\/appointment-booking-widget\/html\/","title":{"rendered":"appointment booking &#8211; html"},"content":{"rendered":"<div class=\"application-platform-content-item-description application-platform-content-item\" id=\"description\" data-nav-section=\"description\"><h2>Terminbuchung in HTML mit dem Elfsight-Widget einbetten!<\/h2> <p>Das Terminbuchungs-Widget ist verf\u00fcgbar, um potenziellen Kunden bei der Reservierung zu helfen Slots direkt auf Ihrer HTML-Website und minimieren so den manuellen Aufwand \u2013 wie z. B. die st\u00e4ndige Verf\u00fcgbarkeit, um zu vermeiden, dass Nachrichten, Anrufe und E-Mails von Ihnen verpasst werden. Es ist, als ob ein virtueller Assistent rund um die Uhr arbeitet, der automatisierte Benachrichtigungen sendet und mit externen Integrationen wie Google Kalender verbunden werden kann.<\/p> <p>Jetzt ist es an der Zeit, Ihren Service oder Ihre Veranstaltung n\u00e4her zu erl\u00e4utern und die Uhrzeit anzugeben Rahmen erstellen, Kontaktinformationen offenlegen und die Preise festlegen, um den Entscheidungsprozess der Kunden zu erleichtern. Dar\u00fcber hinaus k\u00f6nnen Sie die visuelle \u00c4sthetik des Widgets ausw\u00e4hlen, indem Sie benutzerdefinierte Elemente und Funktionen \u00e4ndern, ohne dass Sie Ihre Programmierf\u00e4higkeiten perfektionieren oder einen Entwickler engagieren m\u00fcssen!<\/p> <p><b>Lassen Sie Ihr Unternehmen rocken und f\u00fcr eine gr\u00f6\u00dfere \u00d6ffentlichkeit zug\u00e4nglich werden Zielgruppe mit Online-Terminbuchung auf Ihrer Website!<\/b><\/p> <\/div> <div class=\"application-platform-content-item-features application-platform-content-item\" id=\"features\" data-nav-section=\"features\"> <h2>Das Widget enth\u00e4lt praktische und schnelle Funktionen, sehen Sie sich einige davon an:<\/h2> <ul><li>Bieten Sie einen umfassenden \u00dcberblick \u00fcber Ihren Service \u2013 Name, Details, Bild und Dauer \u2013 und legen Sie die Preise in verschiedenen W\u00e4hrungen fest.<\/li><li>Senden Sie automatisierte Benachrichtigungen, um die geplanten Slots an Kunden und sich selbst zu best\u00e4tigen .<\/li><li>Synchronisieren Sie das Widget mit Outsourcing-Integrationen wie Google Kalender, um Aktualisierungen in Echtzeit sicherzustellen.<\/li><li>Pr\u00e4sentieren Sie Ihre Gesch\u00e4ftskontaktinformationen als Social Proof und erm\u00f6glichen Sie Benutzern die Kontaktaufnahme bei Bedarf unerwarteter Umst\u00e4nde.<\/li><li>Codefreie Anpassung mit erweiterten Designeinstellungen: vorgefertigte Vorlagen, Farben, mehrere Layout-Designs, Schriftarten, benutzerdefinierter CSS-Editor, benutzerdefinierter JS-Editor und mehr.<\/li><\/ul><p><a href=\"#demo\">Probieren Sie einfach diese Demo aus, um zu sehen, was das Widget wert ist<\/a><\/p> <\/div> <div class=\"application-platform-content-item-installation application-platform-content-item\" id=\"installation\" data-nav-section=\"installation\"> <h2>Wie Soll die Terminbuchung auf meiner HTML-Website eingebettet werden?<\/h2> <p>Um die Terminbuchung auf Ihrer HTML-Website einzubetten, gehen Sie wie folgt vor:<\/p> <ol><li><b>Starten Sie unseren kostenlosen Konfigurator und legen Sie los Erstellen Sie Ihr personalisiertes LinkedIn-Feed-Plugin.<\/b><br> Bestimmen Sie das ausgew\u00e4hlte Layout und die Eigenschaften des Tools und wenden Sie die Korrekturen an.<\/li> <li><b>Erhalten Sie Ihren pers\u00f6nlichen Code, der im Fenster von Elfsight Apps angezeigt wird .<\/b><br> Sobald die Einrichtung Ihres pers\u00f6nlichen Widgets abgeschlossen ist, kopieren Sie den exklusiven Code aus dem erscheinenden Popup und speichern Sie ihn f\u00fcr die zuk\u00fcnftige Verwendung.<\/li> <li><b>Beginnen Sie mit der Verwendung des Plugins Ihre HTML-Website.<\/b><br> Platzieren Sie den zuvor kopierten Code auf Ihrer Website und speichern Sie die Verbesserungen.<\/li> <li><b>Fertig! Die Integration ist vollst\u00e4ndig abgeschlossen.<\/b><br> Besuchen Sie Ihre Website, um die Funktionsweise des Widgets zu \u00fcberpr\u00fcfen.<\/li><\/ol> <p>Bei Problemen k\u00f6nnen Sie sich gerne an unseren Kundendienst wenden . Unsere Mitarbeiter sind bestrebt, alle Fragen zu beantworten, die Sie m\u00f6glicherweise mit dem Tool haben.<\/p> <\/div> ","protected":false},"excerpt":{"rendered":"","protected":false},"author":9,"featured_media":0,"parent":22850,"menu_order":0,"comment_status":"closed","ping_status":"closed","template":"templates\/template-application-platform.php","meta":{"publish_to_discourse":"","publish_post_category":"","wpdc_auto_publish_overridden":"","wpdc_topic_tags":"","wpdc_pin_topic":"","wpdc_pin_until":"","discourse_post_id":"","discourse_permalink":"","wpdc_publishing_response":"","wpdc_publishing_error":"","footnotes":""},"class_list":["post-23132","page","type-page","status-publish","hentry"],"yoast_head":"<!-- This site is optimized with the Yoast SEO plugin v25.3.1 - https:\/\/yoast.com\/wordpress\/plugins\/seo\/ -->\n<title>Buchungs-Widget f\u00fcr HTML-Website \u2013 HTML-Terminkalender einbetten<\/title>\n<meta name=\"description\" content=\"F\u00fcgen Sie der HTML-Website ein Terminbuchungs-Widget hinzu und erm\u00f6glichen Sie Ihren Kunden, Termine mit nur wenigen Klicks zu reservieren!\" \/>\n<meta name=\"robots\" content=\"index, follow, max-snippet:-1, max-image-preview:large, max-video-preview:-1\" \/>\n<link rel=\"canonical\" href=\"https:\/\/elfsight.com\/de\/appointment-booking-widget\/html\/\" \/>\n<meta property=\"og:locale\" content=\"de_DE\" \/>\n<meta property=\"og:type\" content=\"article\" \/>\n<meta property=\"og:title\" content=\"Buchungs-Widget f\u00fcr HTML-Website \u2013 HTML-Terminkalender einbetten\" \/>\n<meta property=\"og:description\" content=\"F\u00fcgen Sie der HTML-Website ein Terminbuchungs-Widget hinzu und erm\u00f6glichen Sie Ihren Kunden, Termine mit nur wenigen Klicks zu reservieren!\" \/>\n<meta property=\"og:url\" content=\"https:\/\/elfsight.com\/de\/appointment-booking-widget\/html\/\" \/>\n<meta property=\"og:site_name\" content=\"Elfsight DE\" \/>\n<meta property=\"article:modified_time\" content=\"2025-07-08T09:50:09+00:00\" \/>\n<meta name=\"twitter:card\" content=\"summary_large_image\" \/>\n<meta name=\"twitter:label1\" content=\"Gesch\u00e4tzte Lesezeit\" \/>\n\t<meta name=\"twitter:data1\" content=\"2\u00a0Minuten\" \/>\n<!-- \/ Yoast SEO plugin. -->","yoast_head_json":{"title":"Buchungs-Widget f\u00fcr HTML-Website \u2013 HTML-Terminkalender einbetten","description":"F\u00fcgen Sie der HTML-Website ein Terminbuchungs-Widget hinzu und erm\u00f6glichen Sie Ihren Kunden, Termine mit nur wenigen Klicks zu reservieren!","robots":{"index":"index","follow":"follow","max-snippet":"max-snippet:-1","max-image-preview":"max-image-preview:large","max-video-preview":"max-video-preview:-1"},"canonical":"https:\/\/elfsight.com\/de\/appointment-booking-widget\/html\/","og_locale":"de_DE","og_type":"article","og_title":"Buchungs-Widget f\u00fcr HTML-Website \u2013 HTML-Terminkalender einbetten","og_description":"F\u00fcgen Sie der HTML-Website ein Terminbuchungs-Widget hinzu und erm\u00f6glichen Sie Ihren Kunden, Termine mit nur wenigen Klicks zu reservieren!","og_url":"https:\/\/elfsight.com\/de\/appointment-booking-widget\/html\/","og_site_name":"Elfsight DE","article_modified_time":"2025-07-08T09:50:09+00:00","twitter_card":"summary_large_image","twitter_misc":{"Gesch\u00e4tzte Lesezeit":"2\u00a0Minuten"},"schema":{"@context":"https:\/\/schema.org","@graph":[{"@type":"WebPage","@id":"https:\/\/elfsight.com\/de\/appointment-booking-widget\/html\/","url":"https:\/\/elfsight.com\/de\/appointment-booking-widget\/html\/","name":"Buchungs-Widget f\u00fcr HTML-Website \u2013 HTML-Terminkalender einbetten","isPartOf":{"@id":"https:\/\/elfsight.com\/de\/#website"},"datePublished":"2024-09-30T18:27:29+00:00","dateModified":"2025-07-08T09:50:09+00:00","description":"F\u00fcgen Sie der HTML-Website ein Terminbuchungs-Widget hinzu und erm\u00f6glichen Sie Ihren Kunden, Termine mit nur wenigen Klicks zu reservieren!","breadcrumb":{"@id":"https:\/\/elfsight.com\/de\/appointment-booking-widget\/html\/#breadcrumb"},"inLanguage":"de","potentialAction":[{"@type":"ReadAction","target":["https:\/\/elfsight.com\/de\/appointment-booking-widget\/html\/"]}]},{"@type":"BreadcrumbList","@id":"https:\/\/elfsight.com\/de\/appointment-booking-widget\/html\/#breadcrumb","itemListElement":[{"@type":"ListItem","position":1,"name":"Home","item":"https:\/\/elfsight.com\/de\/"},{"@type":"ListItem","position":2,"name":"Appointment Booking","item":"https:\/\/elfsight.com\/de\/appointment-booking-widget\/"},{"@type":"ListItem","position":3,"name":"appointment booking &#8211; html"}]},{"@type":"WebSite","@id":"https:\/\/elfsight.com\/de\/#website","url":"https:\/\/elfsight.com\/de\/","name":"Elfsight DE","description":"Just another Elfsight Sites site","potentialAction":[{"@type":"SearchAction","target":{"@type":"EntryPoint","urlTemplate":"https:\/\/elfsight.com\/de\/?s={search_term_string}"},"query-input":{"@type":"PropertyValueSpecification","valueRequired":true,"valueName":"search_term_string"}}],"inLanguage":"de"}]}},"meta_box":{"industry":"","seo_heading":"","heading":"","description":"","cta_heading":"","cta_description":"","application":"22849","h1":"HTML-Terminkalender","h1_caption":"Erm\u00f6glichen Sie Benutzern die einfache Terminplanung direkt von Ihrer HTML-Website aus, was den Komfort erh\u00f6ht und den Buchungsprozess rationalisiert.","application_category":[],"applications_title":"","applications_request_title":"","applications_request_button_text":"","hero_text":"","hero_video":"","hero_video_schema_markup":"","selling_points_title":"","selling_points_caption":"","selling_points":[],"selling_points_cta_text":"","features_title":"","features":"","ed_cta_examples_text":"","ed_cta_examples_hidden":"","ed_cta_demo_text":"","ed_cta_demo_hidden":"","why_caption":"","why_editor_title":"","why_editor_text":"","why_team_title":"","why_team_text":"","why_service_title":"","why_service_text":"","template_catalog_visible":"0","template_catalog_title":"","template_catalog_text":"","template_catalog_categories_visible":"","demo_title":"Erstellen Sie Ihr Terminbuchungs-Widget","demo_caption":"Configure your Appointment Booking and add it to your HTML website for free!","default_faq_hidden":"","app_template_category":[],"platform":"260","template_public_id":"","codecanyon_url":"","codecanyon_item_id":"","codecanyon_price":"","pricing_caption":"","pricing_elfsight_apps_hide_column":"","pricing_elfsight_apps_url":"","pricing_codecanyon_price_caption":"","integration_category":[],"integration_request_title":"","integration_request_cta":"","integration_platform":"","integrations":[],"platform_category":[],"video_schema_markup":"","price":"ab 0 $ \/ Monat","trial":"","benefits":[{"text":"Kostenlose Installationsunterst\u00fctzung"},{"text":"Erfahrener Kundensupport"},{"text":"14-t\u00e4gige Geld-zur\u00fcck-Garantie"},{"text":"Kontinuierliche Weiterentwicklung"}],"button_url":"#demo","button_target_blank":"","button_nofollow":"","attributes":[{"name":"Installiert","content":"1,000 - 5,000"},{"name":"Reaktionsfreudig","content":"Ja"},{"name":"Kompatible Browser","content":"Firefox, Safari, Opera, Chrome, Edge"}],"tags":[],"tags_disable_links":"","hide_more_platforms":"","video_object":"","demo_hide_cta":"","demo_hide_cloud_options":"","pricing_title":"","pricing":[{"pricing_icon":"platform","pricing_title":"Elfsight Apps","pricing_title_caption":"Plattformunabh\u00e4ngige Software, die zu jeder Website passt","pricing_price":"Ab 0\u00a0$\/Monat","pricing_price_caption":"Beginnen Sie mit einem kostenlosen Plan","pricing_benefits":[{"text":"Unbegrenzte Websites"},{"text":"Premium-Unternehmensunterst\u00fctzung"},{"text":"Kostenlose Installationshilfe"},{"text":"100 % anpassbar"}],"pricing_button_text":"Zur Website hinzuf\u00fcgen","pricing_button_url":"#demo"}],"related_apps_title":"","related_apps_hidden":"","author":"","image":[],"title":"","job":"","social_networks":[]},"_links":{"self":[{"href":"https:\/\/elfsight.com\/de\/wp-json\/wp\/v2\/pages\/23132","targetHints":{"allow":["GET"]}}],"collection":[{"href":"https:\/\/elfsight.com\/de\/wp-json\/wp\/v2\/pages"}],"about":[{"href":"https:\/\/elfsight.com\/de\/wp-json\/wp\/v2\/types\/page"}],"author":[{"embeddable":true,"href":"https:\/\/elfsight.com\/de\/wp-json\/wp\/v2\/users\/9"}],"replies":[{"embeddable":true,"href":"https:\/\/elfsight.com\/de\/wp-json\/wp\/v2\/comments?post=23132"}],"version-history":[{"count":1,"href":"https:\/\/elfsight.com\/de\/wp-json\/wp\/v2\/pages\/23132\/revisions"}],"predecessor-version":[{"id":23136,"href":"https:\/\/elfsight.com\/de\/wp-json\/wp\/v2\/pages\/23132\/revisions\/23136"}],"up":[{"embeddable":true,"href":"https:\/\/elfsight.com\/de\/wp-json\/wp\/v2\/pages\/22850"}],"wp:attachment":[{"href":"https:\/\/elfsight.com\/de\/wp-json\/wp\/v2\/media?parent=23132"}],"curies":[{"name":"wp","href":"https:\/\/api.w.org\/{rel}","templated":true}]}}