{"id":23131,"date":"2024-09-30T18:27:29","date_gmt":"2024-09-30T18:27:29","guid":{"rendered":"https:\/\/elfsight.com\/de\/?page_id=23131"},"modified":"2025-10-27T12:23:36","modified_gmt":"2025-10-27T12:23:36","slug":"wordpress","status":"publish","type":"page","link":"https:\/\/elfsight.com\/de\/website-translator-widget\/wordpress\/","title":{"rendered":"website translator &#8211; wordpress"},"content":{"rendered":"<div class=\"application-platform-content-item-description application-platform-content-item\" id=\"description\" data-nav-section=\"description\"> <h2>Betten Sie den Website-\u00dcbersetzer mit einem Elfsight-Plugin in WordPress ein<\/h2> <p>Eine gro\u00dfartige M\u00f6glichkeit, die Online-Leistung Ihres Unternehmens zu steigern und eine internationale Reichweite zu erzielen Audience f\u00fcgt unser Website-\u00dcbersetzer-Widget f\u00fcr WordPress hinzu. Durch die reibungslose \u00dcbersetzung Ihrer Website-Inhalte stellt dieses Widget sicher, dass Ihre Botschaft Besucher aus verschiedenen Sprachgemeinschaften anspricht, was dazu beitr\u00e4gt, Sprachbarrieren abzubauen und Ihre Marktreichweite zu vergr\u00f6\u00dfern. <\/p><p>Unser Website-\u00dcbersetzer bietet eine sofortige automatische Website-\u00dcbersetzung, die durch Google AI verbessert wird und mehr als 130 Sprachen unterst\u00fctzt. Es merkt sich die Sprachauswahl des Benutzers und erm\u00f6glicht so ein personalisiertes Surferlebnis, das die Benutzer besch\u00e4ftigt. Globalisieren Sie Ihre WordPress-Website nahtlos und erreichen Sie mit der hochmodernen \u00dcbersetzungsl\u00f6sung unterschiedliche Zielgruppen. <\/p><p><b>Bewerben Sie Ihre Produkte und Dienstleistungen auf der ganzen Welt mit dem unkomplizierten Sprachwechsel-Widget! <\/b><\/p><\/div> <div class=\"application-platform-content-item-features application-platform-content-item\" id=\"features\" data-nav-section=\"features\"> <h2>Das Widget enth\u00e4lt n\u00fctzliche und schnelle Funktionen, hier sind einige davon: <\/h2><ul><li>Sofort automatisierte Website \u00dcbersetzung<\/li><li>Google AI-gest\u00fctzte \u00dcbersetzung<\/li><li>Unterst\u00fctzung von \u00fcber 130 Sprachen<\/li><li>Speichern von Benutzereinstellungen<\/li><li>Viele Vorlagen-Widget-Stile<\/li> <\/ul><p><a href=\"#demo\">Probieren Sie alle Anpassungsoptionen in der Demo mit vollem Funktionsumfang aus<\/a><\/p><\/div> <div class=\"application-platform-content-item-installation application-platform-content-item\" id=\"installation\" data-nav-section=\"installation\"> <h2>Wie Integriere ich den Website-\u00dcbersetzer in meine WordPress-Seiten? <\/h2><div class=\"video-container\">\n<iframe width=\"720\" height=\"405\" src=\"https:\/\/www.youtube.com\/embed\/yIlHr2375_4?si=bPWq6DEAEiG576g1\" frameborder=\"0\" allowfullscreen=\"\"><\/iframe>\n<\/div><p>Befolgen Sie einfach die nachstehenden Anweisungen, um das Plugin hinzuzuf\u00fcgen. <\/p><ol><li><b>\u00d6ffnen Sie unsere kostenlose Demo und beginnen Sie mit der Erstellung Ihres benutzerdefinierten Widgets. <\/b><br>Suchen Sie das ausgew\u00e4hlte Design und die Funktionen des Tools und wenden Sie die Korrekturen an. <\/li> <li><b>Kopieren Sie Ihren pers\u00f6nlichen Code, der im Fenster von Elfsight Apps angezeigt wird. <\/b><br>Wenn die Erstellung Ihres pers\u00f6nlichen Widgets abgeschlossen ist, kopieren Sie den pers\u00f6nlichen Code im erscheinenden Popup und speichern Sie ihn f\u00fcr die zuk\u00fcnftige Verwendung. <\/li> <li><b>Beginnen Sie mit der Nutzung des Widgets auf der WordPress-Webseite. <\/b><br>Integrieren Sie den zuvor gespeicherten Code in Ihre Website und speichern Sie die Anpassungen. <\/li> <li><b>Fertig! Die Einbettung ist vollst\u00e4ndig beendet. <\/b><br>Besuchen Sie Ihre Webseite, um einen Blick auf die Funktionsweise des Tools zu werfen. <\/li><\/ol><p>Wenn Sie Probleme haben, wenden Sie sich bitte an unseren Support. Unsere Berater sind bestrebt, alle Schwierigkeiten zu l\u00f6sen, die Sie m\u00f6glicherweise mit dem Produkt haben. <\/p><\/div>","protected":false},"excerpt":{"rendered":"","protected":false},"author":9,"featured_media":0,"parent":22468,"menu_order":0,"comment_status":"closed","ping_status":"closed","template":"templates\/template-application-platform.php","meta":{"publish_to_discourse":"","publish_post_category":"","wpdc_auto_publish_overridden":"","wpdc_topic_tags":"","wpdc_pin_topic":"","wpdc_pin_until":"","discourse_post_id":"","discourse_permalink":"","wpdc_publishing_response":"","wpdc_publishing_error":"","footnotes":""},"class_list":["post-23131","page","type-page","status-publish","hentry"],"yoast_head":"<!-- This site is optimized with the Yoast SEO plugin v25.3.1 - https:\/\/yoast.com\/wordpress\/plugins\/seo\/ -->\n<title>Website-\u00dcbersetzer-Widget \u2013 Integrieren Sie den Schnell\u00fcbersetzer in WordPress<\/title>\n<meta name=\"description\" content=\"F\u00fcgen Sie Ihrer WordPress-Website ein codefreies Website-\u00dcbersetzer-Widget hinzu. Nutzen Sie die benutzerfreundliche Demo von Elfsight, um ganz einfach Ihre individuelle L\u00f6sung zu generieren.\" \/>\n<meta name=\"robots\" content=\"index, follow, max-snippet:-1, max-image-preview:large, max-video-preview:-1\" \/>\n<link rel=\"canonical\" href=\"https:\/\/elfsight.com\/de\/website-translator-widget\/wordpress\/\" \/>\n<meta property=\"og:locale\" content=\"de_DE\" \/>\n<meta property=\"og:type\" content=\"article\" \/>\n<meta property=\"og:title\" content=\"Website-\u00dcbersetzer-Widget \u2013 Integrieren Sie den Schnell\u00fcbersetzer in WordPress\" \/>\n<meta property=\"og:description\" content=\"F\u00fcgen Sie Ihrer WordPress-Website ein codefreies Website-\u00dcbersetzer-Widget hinzu. Nutzen Sie die benutzerfreundliche Demo von Elfsight, um ganz einfach Ihre individuelle L\u00f6sung zu generieren.\" \/>\n<meta property=\"og:url\" content=\"https:\/\/elfsight.com\/de\/website-translator-widget\/wordpress\/\" \/>\n<meta property=\"og:site_name\" content=\"Elfsight DE\" \/>\n<meta property=\"article:modified_time\" content=\"2025-10-27T12:23:36+00:00\" \/>\n<meta name=\"twitter:card\" content=\"summary_large_image\" \/>\n<meta name=\"twitter:label1\" content=\"Gesch\u00e4tzte Lesezeit\" \/>\n\t<meta name=\"twitter:data1\" content=\"2\u00a0Minuten\" \/>\n<!-- \/ Yoast SEO plugin. -->","yoast_head_json":{"title":"Website-\u00dcbersetzer-Widget \u2013 Integrieren Sie den Schnell\u00fcbersetzer in WordPress","description":"F\u00fcgen Sie Ihrer WordPress-Website ein codefreies Website-\u00dcbersetzer-Widget hinzu. Nutzen Sie die benutzerfreundliche Demo von Elfsight, um ganz einfach Ihre individuelle L\u00f6sung zu generieren.","robots":{"index":"index","follow":"follow","max-snippet":"max-snippet:-1","max-image-preview":"max-image-preview:large","max-video-preview":"max-video-preview:-1"},"canonical":"https:\/\/elfsight.com\/de\/website-translator-widget\/wordpress\/","og_locale":"de_DE","og_type":"article","og_title":"Website-\u00dcbersetzer-Widget \u2013 Integrieren Sie den Schnell\u00fcbersetzer in WordPress","og_description":"F\u00fcgen Sie Ihrer WordPress-Website ein codefreies Website-\u00dcbersetzer-Widget hinzu. Nutzen Sie die benutzerfreundliche Demo von Elfsight, um ganz einfach Ihre individuelle L\u00f6sung zu generieren.","og_url":"https:\/\/elfsight.com\/de\/website-translator-widget\/wordpress\/","og_site_name":"Elfsight DE","article_modified_time":"2025-10-27T12:23:36+00:00","twitter_card":"summary_large_image","twitter_misc":{"Gesch\u00e4tzte Lesezeit":"2\u00a0Minuten"},"schema":{"@context":"https:\/\/schema.org","@graph":[{"@type":"WebPage","@id":"https:\/\/elfsight.com\/de\/website-translator-widget\/wordpress\/","url":"https:\/\/elfsight.com\/de\/website-translator-widget\/wordpress\/","name":"Website-\u00dcbersetzer-Widget \u2013 Integrieren Sie den Schnell\u00fcbersetzer in WordPress","isPartOf":{"@id":"https:\/\/elfsight.com\/de\/#website"},"datePublished":"2024-09-30T18:27:29+00:00","dateModified":"2025-10-27T12:23:36+00:00","description":"F\u00fcgen Sie Ihrer WordPress-Website ein codefreies Website-\u00dcbersetzer-Widget hinzu. Nutzen Sie die benutzerfreundliche Demo von Elfsight, um ganz einfach Ihre individuelle L\u00f6sung zu generieren.","breadcrumb":{"@id":"https:\/\/elfsight.com\/de\/website-translator-widget\/wordpress\/#breadcrumb"},"inLanguage":"de","potentialAction":[{"@type":"ReadAction","target":["https:\/\/elfsight.com\/de\/website-translator-widget\/wordpress\/"]}]},{"@type":"BreadcrumbList","@id":"https:\/\/elfsight.com\/de\/website-translator-widget\/wordpress\/#breadcrumb","itemListElement":[{"@type":"ListItem","position":1,"name":"Home","item":"https:\/\/elfsight.com\/de\/"},{"@type":"ListItem","position":2,"name":"Website Translator","item":"https:\/\/elfsight.com\/de\/website-translator-widget\/"},{"@type":"ListItem","position":3,"name":"website translator &#8211; wordpress"}]},{"@type":"WebSite","@id":"https:\/\/elfsight.com\/de\/#website","url":"https:\/\/elfsight.com\/de\/","name":"Elfsight DE","description":"Just another Elfsight Sites site","potentialAction":[{"@type":"SearchAction","target":{"@type":"EntryPoint","urlTemplate":"https:\/\/elfsight.com\/de\/?s={search_term_string}"},"query-input":{"@type":"PropertyValueSpecification","valueRequired":true,"valueName":"search_term_string"}}],"inLanguage":"de"}]}},"meta_box":{"industry":"","seo_heading":"","heading":"","description":"","cta_heading":"","cta_description":"","application":"22463","h1":"WordPress-Website-\u00dcbersetzer-Plugin","h1_caption":"\u00dcbersetzen Sie den Inhalt Ihrer Website automatisch in mehrere Sprachen und machen Sie ihn so m\u00fchelos einem globalen Publikum auf Ihrer WordPress-Website zug\u00e4nglich.","application_category":[],"applications_title":"","applications_request_title":"","applications_request_button_text":"","hero_text":"","hero_video":"","hero_video_schema_markup":"","selling_points_title":"","selling_points_caption":"","selling_points":[],"selling_points_cta_text":"","features_title":"","features":"","ed_cta_examples_text":"","ed_cta_examples_hidden":"","ed_cta_demo_text":"","ed_cta_demo_hidden":"","why_caption":"","why_editor_title":"","why_editor_text":"","why_team_title":"","why_team_text":"","why_service_title":"","why_service_text":"","template_catalog_visible":"0","template_catalog_title":"","template_catalog_text":"","template_catalog_categories_visible":"","demo_title":"Erstellen Sie Ihr Website-\u00dcbersetzer-Plugin","demo_caption":"Configure your Website Translator and add it to your WordPress website for free!","default_faq_hidden":"","app_template_category":[],"platform":"266","template_public_id":"","codecanyon_url":"","codecanyon_item_id":"","codecanyon_price":"","pricing_caption":"","pricing_elfsight_apps_hide_column":"","pricing_elfsight_apps_url":"","pricing_codecanyon_price_caption":"","integration_category":[],"integration_request_title":"","integration_request_cta":"","integration_platform":"","integrations":[],"platform_category":[],"video_schema_markup":"","price":"ab 0 $ \/ Monat","trial":"","benefits":[{"text":"Kostenloser Installationsservice"},{"text":"Professioneller Kundenservice"},{"text":"14-t\u00e4gige R\u00fcckerstattungsgarantie"},{"text":"Lebenslange Updates"}],"button_url":"#demo","button_target_blank":"0","button_nofollow":"0","attributes":[{"name":"Installieren","content":"50,000 - 100,000"},{"name":"Reaktionsfreudig","content":"Ja"},{"name":"Kompatible Browser","content":"Firefox, Safari, Opera, Chrome, Edge"}],"tags":[],"tags_disable_links":"0","hide_more_platforms":"0","video_object":"","demo_hide_cta":"0","demo_hide_cloud_options":"0","pricing_title":"","pricing":[{"pricing_icon":"platform","pricing_title":"Elfsight Apps","pricing_title_caption":"Multiplattform-Software","pricing_price":"ab 0 $ \/ Monat","pricing_price_caption":"Beginnen Sie mit einem kostenlosen Plan","pricing_benefits":[{"text":"Unbegrenzte Websites"},{"text":"Schneller und p\u00fcnktlicher Support und gut dokumentiert"},{"text":"Kostenloser Installationssupport"},{"text":"100 % anpassbar"}],"pricing_button_text":"Zur Website hinzuf\u00fcgen","pricing_button_url":"#demo"}],"related_apps_title":"","related_apps_hidden":"0","author":"","image":[],"title":"","job":"","social_networks":[]},"_links":{"self":[{"href":"https:\/\/elfsight.com\/de\/wp-json\/wp\/v2\/pages\/23131","targetHints":{"allow":["GET"]}}],"collection":[{"href":"https:\/\/elfsight.com\/de\/wp-json\/wp\/v2\/pages"}],"about":[{"href":"https:\/\/elfsight.com\/de\/wp-json\/wp\/v2\/types\/page"}],"author":[{"embeddable":true,"href":"https:\/\/elfsight.com\/de\/wp-json\/wp\/v2\/users\/9"}],"replies":[{"embeddable":true,"href":"https:\/\/elfsight.com\/de\/wp-json\/wp\/v2\/comments?post=23131"}],"version-history":[{"count":2,"href":"https:\/\/elfsight.com\/de\/wp-json\/wp\/v2\/pages\/23131\/revisions"}],"predecessor-version":[{"id":25547,"href":"https:\/\/elfsight.com\/de\/wp-json\/wp\/v2\/pages\/23131\/revisions\/25547"}],"up":[{"embeddable":true,"href":"https:\/\/elfsight.com\/de\/wp-json\/wp\/v2\/pages\/22468"}],"wp:attachment":[{"href":"https:\/\/elfsight.com\/de\/wp-json\/wp\/v2\/media?parent=23131"}],"curies":[{"name":"wp","href":"https:\/\/api.w.org\/{rel}","templated":true}]}}