{"id":23126,"date":"2024-09-30T18:27:29","date_gmt":"2024-09-30T18:27:29","guid":{"rendered":"https:\/\/elfsight.com\/de\/?page_id=23126"},"modified":"2025-02-20T10:49:47","modified_gmt":"2025-02-20T10:49:47","slug":"wordpress","status":"publish","type":"page","link":"https:\/\/elfsight.com\/de\/spinning-wheel-widget\/wordpress\/","title":{"rendered":"spinning wheel &#8211; wordpress"},"content":{"rendered":"\n<div class=\"application-platform-content-item-description application-platform-content-item\" id=\"description\" data-nav-section=\"description\"><h2>Spinning Wheel mit Elfsight-Plugin einbetten<\/h2> <p>F\u00fcgen Sie Ihrer Website ein dynamisches und interaktives Spinning Wheel hinzu! Passen Sie bis zu 10 Preise mit personalisierten Inhalten, Bildern, exklusiven Promo-Codes und Calls-to-Action an. Sammeln Sie E-Mails, bevor Benutzer spielen, senden Sie automatische Benachrichtigungen an Gewinner, erhalten Sie Echtzeit-Updates und verwalten Sie die Gewinnchancen f\u00fcr jeden Preis. Optimieren Sie die Sichtbarkeit mit intelligenten Triggern und ger\u00e4tespezifischem Targeting. Das Plugin unterst\u00fctzt \u00fcber 70 Sprachen und reagiert vollst\u00e4ndig. Sie k\u00f6nnen das Erscheinungsbild und die Funktionalit\u00e4t auch mithilfe von benutzerdefiniertem CSS und JavaScript \u00e4ndern.<\/p> <p><b>Steigern Sie die Benutzerinteraktion und steigern Sie die Conversions, indem Sie Ihren Website-Besuchern attraktive Pr\u00e4mien anbieten!<\/b><\/p> <\/div> <div class=\"application-platform-content-item-features application-platform-content-item\" id=\"features\" data-nav-section=\"features\"> <h2>Hauptfunktionen des Spinning Wheel-Plugins f\u00fcr WordPress<\/h2> <p>Hier finden Sie eine detaillierte \u00dcbersicht \u00fcber die Funktionen des Spinning Wheel-Plugins, die speziell f\u00fcr WordPress entwickelt wurden. Diese Tools sind im Editor verf\u00fcgbar und helfen Ihnen, das Plugin genau an Ihre Bed\u00fcrfnisse anzupassen.<\/p> <ul> <li>F\u00fcgen Sie dem interaktiven Spinnrad bis zu 10 einzigartige Preise hinzu.<\/li> <li>Benutzerdefinierter Inhalt f\u00fcr jeden Preis.<\/li> <li>Jeder Preis kann seinen eigenen exklusiven Promo-Code haben.<\/li> <li>Spezielle Aktionsschaltfl\u00e4che f\u00fcr jeden Preis.<\/li> <li>Option zum Sammeln der E-Mails der Benutzer vor dem Drehen das Rad.<\/li> <\/ul> <p>Dieses Plugin ist ideal f\u00fcr WordPress-Benutzer, die interaktive Elemente in ihre Website integrieren m\u00f6chten.<\/p> <p><a href=\"#demo\">Entdecken Sie alle zus\u00e4tzlichen Funktionen in der Demo<\/a><\/p> <\/div> <div class=\"application-platform-content-item-installation application-platform-content-item\" id=\"installation\" data-nav-section=\"installation\"> <h2>Wie bette ich das Spinning Wheel auf meiner WordPress-Website ein?<\/h2> <p>Um das Plugin auf Ihrer WordPress-Website zu installieren, befolgen Sie diese einfachen Schritte:<\/p> <ul> <li><b>Erstellen Sie Ihr individuelles Spinning Wheel-Plugin<\/b><br> Nutzen Sie unsere kostenlose Demo, um das Plugin mit Ihrem bevorzugten Stil und Ihren bevorzugten Funktionen zu gestalten.<\/li> <li><b>Kopieren Sie das Einzigartige Code zum Integrieren des Plugins<\/b><br> Sobald Sie Ihr Plugin konfiguriert haben, erhalten Sie \u00fcber das Popup in Elfsight Apps einen eindeutigen Code. Speichern Sie diesen Code zur sp\u00e4teren Verwendung.<\/li> <li><b>F\u00fcgen Sie das Spinning Wheel-Plugin zu Ihrer WordPress-Site hinzu<\/b><br> Navigieren Sie zu dem Abschnitt, in den Sie das Plugin einbetten m\u00f6chten, f\u00fcgen Sie den kopierten Code ein, und \u00fcbernehmen Sie die \u00c4nderungen.<\/li> <li><b>Plugin erfolgreich eingebettet!<\/b><br> Besuchen Sie Ihre WordPress-Site, um das Plugin in Aktion zu sehen.<\/li> <\/ul> <p>Wenn Sie Wenn Sie Hilfe ben\u00f6tigen oder Fragen haben, k\u00f6nnen Sie sich gerne an unser Support-Team wenden. Wir helfen Ihnen jederzeit gerne weiter, insbesondere f\u00fcr WordPress-Benutzer.<\/p> <div class=\"faq\" data-component=\"FAQ\"> <div class=\"faq-item\">\r\n\t\t\t\t\t<div class=\"faq-item-question\">\r\n\t\t\t\t\t\t<h3 class=\"faq-item-question-text\">Wie kann ich das Spinning Wheel ohne Programmiererfahrung zu meiner WordPress-Website hinzuf\u00fcgen?<\/h3>\r\n\r\n\t\t\t\t\t\t<div class=\"faq-item-question-icon\"><\/div>\r\n\t\t\t\t\t<\/div>\r\n\r\n\t\t\t\t\t<div class=\"faq-item-answer\">\r\n\t\t\t\t\t\t<div class=\"faq-item-answer-text\"> <p>Elfsight bietet eine SaaS-Plattform Damit k\u00f6nnen Sie ohne Programmierkenntnisse ein Spinning Wheel-Plugin erstellen. Verwenden Sie den Online-Editor, um Ihr Plugin zu konfigurieren. W\u00e4hlen Sie eine Vorlage, passen Sie die Einstellungen an, f\u00fcgen Sie Ihre Inhalte hinzu und passen Sie das Layout und die Farben an. Wenn Sie fertig sind, speichern Sie das Plugin und kopieren Sie den Installationscode, um ihn in Ihre WordPress-Site einzubetten. F\u00fcr die Nutzung des Dienstes ist weder ein Abonnement noch eine Kreditkarte erforderlich. Wenn Sie auf Probleme sto\u00dfen, steht Ihnen unser technisches Support-Team jederzeit zur Verf\u00fcgung.<\/p> <\/div>\r\n\t\t\t\t\t<\/div>\r\n\t\t\t\t<\/div> <\/div> <\/div>\n","protected":false},"excerpt":{"rendered":"","protected":false},"author":9,"featured_media":0,"parent":22470,"menu_order":0,"comment_status":"closed","ping_status":"closed","template":"templates\/template-application-platform.php","meta":{"publish_to_discourse":"","publish_post_category":"","wpdc_auto_publish_overridden":"","wpdc_topic_tags":"","wpdc_pin_topic":"","wpdc_pin_until":"","discourse_post_id":"","discourse_permalink":"","wpdc_publishing_response":"","wpdc_publishing_error":"","footnotes":""},"class_list":["post-23126","page","type-page","status-publish","hentry"],"yoast_head":"<!-- This site is optimized with the Yoast SEO plugin v25.3.1 - https:\/\/yoast.com\/wordpress\/plugins\/seo\/ -->\n<title>Spinning Wheel-Widget \u2013 Luck Spin auf der Website einbetten [KOSTENLOS]<\/title>\n<meta name=\"description\" content=\"Betten Sie ein interaktives Spinnrad auf der WordPress-Site ein. Sehen Sie sich alle Funktionen des WordPress Spinning Wheel-Plugins an, die Sie zur Website hinzuf\u00fcgen k\u00f6nnen.\" \/>\n<meta name=\"robots\" content=\"index, follow, max-snippet:-1, max-image-preview:large, max-video-preview:-1\" \/>\n<link rel=\"canonical\" href=\"https:\/\/elfsight.com\/de\/spinning-wheel-widget\/wordpress\/\" \/>\n<meta property=\"og:locale\" content=\"de_DE\" \/>\n<meta property=\"og:type\" content=\"article\" \/>\n<meta property=\"og:title\" content=\"Spinning Wheel-Widget \u2013 Luck Spin auf der Website einbetten [KOSTENLOS]\" \/>\n<meta property=\"og:description\" content=\"Betten Sie ein interaktives Spinnrad auf der WordPress-Site ein. Sehen Sie sich alle Funktionen des WordPress Spinning Wheel-Plugins an, die Sie zur Website hinzuf\u00fcgen k\u00f6nnen.\" \/>\n<meta property=\"og:url\" content=\"https:\/\/elfsight.com\/de\/spinning-wheel-widget\/wordpress\/\" \/>\n<meta property=\"og:site_name\" content=\"Elfsight DE\" \/>\n<meta property=\"article:modified_time\" content=\"2025-02-20T10:49:47+00:00\" \/>\n<meta name=\"twitter:card\" content=\"summary_large_image\" \/>\n<meta name=\"twitter:label1\" content=\"Gesch\u00e4tzte Lesezeit\" \/>\n\t<meta name=\"twitter:data1\" content=\"3\u00a0Minuten\" \/>\n<!-- \/ Yoast SEO plugin. -->","yoast_head_json":{"title":"Spinning Wheel-Widget \u2013 Luck Spin auf der Website einbetten [KOSTENLOS]","description":"Betten Sie ein interaktives Spinnrad auf der WordPress-Site ein. Sehen Sie sich alle Funktionen des WordPress Spinning Wheel-Plugins an, die Sie zur Website hinzuf\u00fcgen k\u00f6nnen.","robots":{"index":"index","follow":"follow","max-snippet":"max-snippet:-1","max-image-preview":"max-image-preview:large","max-video-preview":"max-video-preview:-1"},"canonical":"https:\/\/elfsight.com\/de\/spinning-wheel-widget\/wordpress\/","og_locale":"de_DE","og_type":"article","og_title":"Spinning Wheel-Widget \u2013 Luck Spin auf der Website einbetten [KOSTENLOS]","og_description":"Betten Sie ein interaktives Spinnrad auf der WordPress-Site ein. Sehen Sie sich alle Funktionen des WordPress Spinning Wheel-Plugins an, die Sie zur Website hinzuf\u00fcgen k\u00f6nnen.","og_url":"https:\/\/elfsight.com\/de\/spinning-wheel-widget\/wordpress\/","og_site_name":"Elfsight DE","article_modified_time":"2025-02-20T10:49:47+00:00","twitter_card":"summary_large_image","twitter_misc":{"Gesch\u00e4tzte Lesezeit":"3\u00a0Minuten"},"schema":{"@context":"https:\/\/schema.org","@graph":[{"@type":"WebPage","@id":"https:\/\/elfsight.com\/de\/spinning-wheel-widget\/wordpress\/","url":"https:\/\/elfsight.com\/de\/spinning-wheel-widget\/wordpress\/","name":"Spinning Wheel-Widget \u2013 Luck Spin auf der Website einbetten [KOSTENLOS]","isPartOf":{"@id":"https:\/\/elfsight.com\/de\/#website"},"datePublished":"2024-09-30T18:27:29+00:00","dateModified":"2025-02-20T10:49:47+00:00","description":"Betten Sie ein interaktives Spinnrad auf der WordPress-Site ein. Sehen Sie sich alle Funktionen des WordPress Spinning Wheel-Plugins an, die Sie zur Website hinzuf\u00fcgen k\u00f6nnen.","breadcrumb":{"@id":"https:\/\/elfsight.com\/de\/spinning-wheel-widget\/wordpress\/#breadcrumb"},"inLanguage":"de","potentialAction":[{"@type":"ReadAction","target":["https:\/\/elfsight.com\/de\/spinning-wheel-widget\/wordpress\/"]}]},{"@type":"BreadcrumbList","@id":"https:\/\/elfsight.com\/de\/spinning-wheel-widget\/wordpress\/#breadcrumb","itemListElement":[{"@type":"ListItem","position":1,"name":"Home","item":"https:\/\/elfsight.com\/de\/"},{"@type":"ListItem","position":2,"name":"Spinning Wheel","item":"https:\/\/elfsight.com\/de\/spinning-wheel-widget\/"},{"@type":"ListItem","position":3,"name":"spinning wheel &#8211; wordpress"}]},{"@type":"WebSite","@id":"https:\/\/elfsight.com\/de\/#website","url":"https:\/\/elfsight.com\/de\/","name":"Elfsight DE","description":"Just another Elfsight Sites site","potentialAction":[{"@type":"SearchAction","target":{"@type":"EntryPoint","urlTemplate":"https:\/\/elfsight.com\/de\/?s={search_term_string}"},"query-input":{"@type":"PropertyValueSpecification","valueRequired":true,"valueName":"search_term_string"}}],"inLanguage":"de"}]}},"meta_box":{"industry":"","seo_heading":"","heading":"","description":"","cta_heading":"","cta_description":"","application":"22465","h1":"Spinning Wheel-Plugin f\u00fcr WordPress","h1_caption":"Steigern Sie das Engagement und die Conversions mit einem unterhaltsamen Spinning Wheel f\u00fcr WordPress, das Besuchern die Chance bietet, Rabatte, Pr\u00e4mien oder andere Anreize zu gewinnen.","application_category":[],"applications_title":"","applications_request_title":"","applications_request_button_text":"","hero_text":"","hero_video":"","hero_video_schema_markup":"","selling_points_title":"","selling_points_caption":"","selling_points":[],"selling_points_cta_text":"","features_title":"","features":"","ed_cta_examples_text":"","ed_cta_examples_hidden":"","ed_cta_demo_text":"","ed_cta_demo_hidden":"","why_caption":"","why_editor_title":"","why_editor_text":"","why_team_title":"","why_team_text":"","why_service_title":"","why_service_text":"","template_catalog_visible":"0","template_catalog_title":"","template_catalog_text":"","template_catalog_categories_visible":"","demo_title":"Erstellen Sie Ihr Spinning Wheel-Plugin","demo_caption":"Configure your Spinning Wheel and add it to your WordPress website for free!","default_faq_hidden":"","app_template_category":[],"platform":"266","template_public_id":"","codecanyon_url":"","codecanyon_item_id":"","codecanyon_price":"","pricing_caption":"","pricing_elfsight_apps_hide_column":"","pricing_elfsight_apps_url":"","pricing_codecanyon_price_caption":"","integration_category":[],"integration_request_title":"","integration_request_cta":"","integration_platform":"","integrations":[],"platform_category":[],"video_schema_markup":"","price":"ab 0 $ \/ Monat","trial":"","benefits":[{"text":"Kostenlose Installationsunterst\u00fctzung"},{"text":"Premium-Support"},{"text":"14-t\u00e4gige Geld-zur\u00fcck-Garantie"},{"text":"Kontinuierliche kostenlose Verbesserungen"}],"button_url":"#demo","button_target_blank":"0","button_nofollow":"0","attributes":[{"name":"Installiert","content":"1,000 - 5,000"},{"name":"Reaktionsfreudig","content":"Ja"},{"name":"Kompatible Browser","content":"IE11, Firefox, Safari, Opera, Chrome, Edge"}],"tags":[],"tags_disable_links":"0","hide_more_platforms":"0","video_object":"","demo_hide_cta":"0","demo_hide_cloud_options":"0","pricing_title":"","pricing":[{"pricing_icon":"platform","pricing_title":"Elfsight Apps","pricing_title_caption":"Plattformunabh\u00e4ngige L\u00f6sung, die auf jeder Website funktioniert","pricing_price":"ab 0 $ \/ Monat","pricing_price_caption":"Beginnen Sie mit einem kostenlosen Plan","pricing_benefits":[{"text":"Unbegrenzte Domains"},{"text":"Premium-Support"},{"text":"Kostenlose Installationshilfe"},{"text":"Sonderpreis f\u00fcr mehrere Apps"}],"pricing_button_text":"Zur Website hinzuf\u00fcgen","pricing_button_url":"#demo"}],"related_apps_title":"","related_apps_hidden":"0","author":"","image":[],"title":"","job":"","social_networks":[]},"_links":{"self":[{"href":"https:\/\/elfsight.com\/de\/wp-json\/wp\/v2\/pages\/23126","targetHints":{"allow":["GET"]}}],"collection":[{"href":"https:\/\/elfsight.com\/de\/wp-json\/wp\/v2\/pages"}],"about":[{"href":"https:\/\/elfsight.com\/de\/wp-json\/wp\/v2\/types\/page"}],"author":[{"embeddable":true,"href":"https:\/\/elfsight.com\/de\/wp-json\/wp\/v2\/users\/9"}],"replies":[{"embeddable":true,"href":"https:\/\/elfsight.com\/de\/wp-json\/wp\/v2\/comments?post=23126"}],"version-history":[{"count":2,"href":"https:\/\/elfsight.com\/de\/wp-json\/wp\/v2\/pages\/23126\/revisions"}],"predecessor-version":[{"id":24539,"href":"https:\/\/elfsight.com\/de\/wp-json\/wp\/v2\/pages\/23126\/revisions\/24539"}],"up":[{"embeddable":true,"href":"https:\/\/elfsight.com\/de\/wp-json\/wp\/v2\/pages\/22470"}],"wp:attachment":[{"href":"https:\/\/elfsight.com\/de\/wp-json\/wp\/v2\/media?parent=23126"}],"curies":[{"name":"wp","href":"https:\/\/api.w.org\/{rel}","templated":true}]}}