{"id":23124,"date":"2024-09-30T18:27:29","date_gmt":"2024-09-30T18:27:29","guid":{"rendered":"https:\/\/elfsight.com\/de\/?page_id=23124"},"modified":"2025-07-10T14:03:17","modified_gmt":"2025-07-10T14:03:17","slug":"webflow","status":"publish","type":"page","link":"https:\/\/elfsight.com\/de\/website-translator-widget\/webflow\/","title":{"rendered":"website translator &#8211; webflow"},"content":{"rendered":"<div class=\"application-platform-content-item-description application-platform-content-item\" id=\"description\" data-nav-section=\"description\"> <h2>Betten Sie den Website-\u00dcbersetzer mit einem Elfsight-Widget in Webflow ein<\/h2> <p>Eine hilfreiche Idee, um die Online-Pr\u00e4senz Ihres Unternehmens zu steigern und eine globale Pr\u00e4senz zu erreichen Das Publikum f\u00fcgt unser Website-\u00dcbersetzer-Widget f\u00fcr Webflow hinzu. Durch die nahtlose \u00dcbersetzung Ihrer Website-Inhalte stellt dieses Widget sicher, dass Ihre Botschaft bei Benutzern mit unterschiedlichem sprachlichem Hintergrund Anklang findet, und hilft dabei, Sprachbarrieren zu \u00fcberwinden und die Reichweite Ihres Unternehmens zu vergr\u00f6\u00dfern. <\/p><p>Unser Website-\u00dcbersetzer bietet eine sofortige automatische Website-\u00dcbersetzung, die von Google AI gesteuert wird und \u00fcber 130 Sprachen unterst\u00fctzt. Es speichert die Spracheinstellungen der Besucher und erm\u00f6glicht so ein personalisiertes Surferlebnis, das die Benutzer besch\u00e4ftigt. Globalisieren Sie m\u00fchelos Ihre Webflow-Website und erreichen Sie \u00fcber die hochmoderne \u00dcbersetzungsl\u00f6sung vielf\u00e4ltige Zielgruppen. <\/p><p><b>Bieten Sie Ihre Produkte und Dienstleistungen weltweit mit dem benutzerfreundlichen Sprachwechsel-Widget an! <\/b><\/p><\/div> <div class=\"application-platform-content-item-features application-platform-content-item\" id=\"features\" data-nav-section=\"features\"> <h2>Im Folgenden sind grundlegende Funktionen des Widgets aufgef\u00fchrt: <\/h2><ul><li>sofortige automatisierte Website-\u00dcbersetzung<\/li><li>Google KI-gest\u00fctzte \u00dcbersetzung<\/li><li>Unterst\u00fctzung von \u00fcber 130 Sprachen<\/li><li>Erinnerung an Besucherpr\u00e4ferenzen<\/li><li>Zahlreiche vordefinierte Widgets Stile<\/li><\/ul><p><a href=\"#demo\">Sie k\u00f6nnen die vollst\u00e4ndigen Funktionen des Widgets in der Demo auf dieser Seite testen<\/a><\/p><\/div> <div class=\"application-platform-content-item-installation application-platform-content-item\" id=\"installation\" data-nav-section=\"installation\"> <h2>Wie integriere ich Website Translator in meine Webflow-Seiten? <\/h2><p>F\u00fchren Sie einfach die folgenden Richtlinien aus, um mit der Arbeit mit dem Plugin zu beginnen. <\/p><ol><li><b>Starten Sie unsere kostenlose Demo und beginnen Sie mit der Erstellung Ihres individuellen Widgets. <\/b><br>Geben Sie die passende Schnittstelle und Funktionen des Widgets an und speichern Sie die \u00c4nderungen. <\/li> <li><b>Erhalten Sie den einzigartigen Code, der im speziellen Formular auf Elfsight Apps angezeigt wird. <\/b><br>Sobald die Erstellung Ihres pers\u00f6nlichen Plugins abgeschlossen ist, kopieren Sie den einzelnen Code im angezeigten Popup und speichern Sie ihn f\u00fcr die zuk\u00fcnftige Verwendung. <\/li> <li><b>Initiieren Sie den Einsatz des Widgets auf der Webflow-Website. <\/b><br>F\u00fcgen Sie den Code, den Sie zuvor gespeichert haben, auf Ihrer Seite ein und speichern Sie die Verbesserungen. <\/li> <li><b>Das Setup wurde erfolgreich abgeschlossen. <\/b><br>Besuchen Sie Ihre Seite, um zu sehen, wie das Plugin funktioniert. <\/li><\/ol><p>Wenn Sie Fragen haben oder auf Schwierigkeiten sto\u00dfen, k\u00f6nnen Sie sich gerne an unsere Kundendienstmitarbeiter wenden. Unsere Spezialisten helfen Ihnen gerne bei allen Schwierigkeiten, die Sie mit dem Produkt haben k\u00f6nnten. <\/p><\/div>","protected":false},"excerpt":{"rendered":"","protected":false},"author":9,"featured_media":0,"parent":22468,"menu_order":0,"comment_status":"closed","ping_status":"closed","template":"templates\/template-application-platform.php","meta":{"publish_to_discourse":"","publish_post_category":"","wpdc_auto_publish_overridden":"","wpdc_topic_tags":"","wpdc_pin_topic":"","wpdc_pin_until":"","discourse_post_id":"","discourse_permalink":"","wpdc_publishing_response":"","wpdc_publishing_error":"","footnotes":""},"class_list":["post-23124","page","type-page","status-publish","hentry"],"yoast_head":"<!-- This site is optimized with the Yoast SEO plugin v25.3.1 - https:\/\/yoast.com\/wordpress\/plugins\/seo\/ -->\n<title>Website-\u00dcbersetzer-Widget \u2013 Inhalts\u00fcbersetzer in Webflow einbetten<\/title>\n<meta name=\"description\" content=\"F\u00fcgen Sie Ihrer Webflow-Website ein nahtloses Website-\u00dcbersetzer-Widget hinzu. Schauen Sie sich die schnelle Demo von Elfsight an, um m\u00fchelos Ihre individuelle L\u00f6sung zu erstellen.\" \/>\n<meta name=\"robots\" content=\"index, follow, max-snippet:-1, max-image-preview:large, max-video-preview:-1\" \/>\n<link rel=\"canonical\" href=\"https:\/\/elfsight.com\/de\/website-translator-widget\/webflow\/\" \/>\n<meta property=\"og:locale\" content=\"de_DE\" \/>\n<meta property=\"og:type\" content=\"article\" \/>\n<meta property=\"og:title\" content=\"Website-\u00dcbersetzer-Widget \u2013 Inhalts\u00fcbersetzer in Webflow einbetten\" \/>\n<meta property=\"og:description\" content=\"F\u00fcgen Sie Ihrer Webflow-Website ein nahtloses Website-\u00dcbersetzer-Widget hinzu. Schauen Sie sich die schnelle Demo von Elfsight an, um m\u00fchelos Ihre individuelle L\u00f6sung zu erstellen.\" \/>\n<meta property=\"og:url\" content=\"https:\/\/elfsight.com\/de\/website-translator-widget\/webflow\/\" \/>\n<meta property=\"og:site_name\" content=\"Elfsight DE\" \/>\n<meta property=\"article:modified_time\" content=\"2025-07-10T14:03:17+00:00\" \/>\n<meta name=\"twitter:card\" content=\"summary_large_image\" \/>\n<meta name=\"twitter:label1\" content=\"Gesch\u00e4tzte Lesezeit\" \/>\n\t<meta name=\"twitter:data1\" content=\"2\u00a0Minuten\" \/>\n<!-- \/ Yoast SEO plugin. -->","yoast_head_json":{"title":"Website-\u00dcbersetzer-Widget \u2013 Inhalts\u00fcbersetzer in Webflow einbetten","description":"F\u00fcgen Sie Ihrer Webflow-Website ein nahtloses Website-\u00dcbersetzer-Widget hinzu. Schauen Sie sich die schnelle Demo von Elfsight an, um m\u00fchelos Ihre individuelle L\u00f6sung zu erstellen.","robots":{"index":"index","follow":"follow","max-snippet":"max-snippet:-1","max-image-preview":"max-image-preview:large","max-video-preview":"max-video-preview:-1"},"canonical":"https:\/\/elfsight.com\/de\/website-translator-widget\/webflow\/","og_locale":"de_DE","og_type":"article","og_title":"Website-\u00dcbersetzer-Widget \u2013 Inhalts\u00fcbersetzer in Webflow einbetten","og_description":"F\u00fcgen Sie Ihrer Webflow-Website ein nahtloses Website-\u00dcbersetzer-Widget hinzu. Schauen Sie sich die schnelle Demo von Elfsight an, um m\u00fchelos Ihre individuelle L\u00f6sung zu erstellen.","og_url":"https:\/\/elfsight.com\/de\/website-translator-widget\/webflow\/","og_site_name":"Elfsight DE","article_modified_time":"2025-07-10T14:03:17+00:00","twitter_card":"summary_large_image","twitter_misc":{"Gesch\u00e4tzte Lesezeit":"2\u00a0Minuten"},"schema":{"@context":"https:\/\/schema.org","@graph":[{"@type":"WebPage","@id":"https:\/\/elfsight.com\/de\/website-translator-widget\/webflow\/","url":"https:\/\/elfsight.com\/de\/website-translator-widget\/webflow\/","name":"Website-\u00dcbersetzer-Widget \u2013 Inhalts\u00fcbersetzer in Webflow einbetten","isPartOf":{"@id":"https:\/\/elfsight.com\/de\/#website"},"datePublished":"2024-09-30T18:27:29+00:00","dateModified":"2025-07-10T14:03:17+00:00","description":"F\u00fcgen Sie Ihrer Webflow-Website ein nahtloses Website-\u00dcbersetzer-Widget hinzu. Schauen Sie sich die schnelle Demo von Elfsight an, um m\u00fchelos Ihre individuelle L\u00f6sung zu erstellen.","breadcrumb":{"@id":"https:\/\/elfsight.com\/de\/website-translator-widget\/webflow\/#breadcrumb"},"inLanguage":"de","potentialAction":[{"@type":"ReadAction","target":["https:\/\/elfsight.com\/de\/website-translator-widget\/webflow\/"]}]},{"@type":"BreadcrumbList","@id":"https:\/\/elfsight.com\/de\/website-translator-widget\/webflow\/#breadcrumb","itemListElement":[{"@type":"ListItem","position":1,"name":"Home","item":"https:\/\/elfsight.com\/de\/"},{"@type":"ListItem","position":2,"name":"Website Translator","item":"https:\/\/elfsight.com\/de\/website-translator-widget\/"},{"@type":"ListItem","position":3,"name":"website translator &#8211; webflow"}]},{"@type":"WebSite","@id":"https:\/\/elfsight.com\/de\/#website","url":"https:\/\/elfsight.com\/de\/","name":"Elfsight DE","description":"Just another Elfsight Sites site","potentialAction":[{"@type":"SearchAction","target":{"@type":"EntryPoint","urlTemplate":"https:\/\/elfsight.com\/de\/?s={search_term_string}"},"query-input":{"@type":"PropertyValueSpecification","valueRequired":true,"valueName":"search_term_string"}}],"inLanguage":"de"}]}},"meta_box":{"industry":"","seo_heading":"","heading":"","description":"","cta_heading":"","cta_description":"","application":"22463","h1":"Webflow-Website-\u00dcbersetzer-Widget","h1_caption":"F\u00fcgen Sie einen Sprachmanager hinzu, der Ihre Website sofort in jede beliebige Sprache \u00fcbersetzt.","application_category":[],"applications_title":"","applications_request_title":"","applications_request_button_text":"","hero_text":"","hero_video":"","hero_video_schema_markup":"","selling_points_title":"","selling_points_caption":"","selling_points":[],"selling_points_cta_text":"","features_title":"","features":"","ed_cta_examples_text":"","ed_cta_examples_hidden":"","ed_cta_demo_text":"","ed_cta_demo_hidden":"","why_caption":"","why_editor_title":"","why_editor_text":"","why_team_title":"","why_team_text":"","why_service_title":"","why_service_text":"","template_catalog_visible":"0","template_catalog_title":"","template_catalog_text":"","template_catalog_categories_visible":"","demo_title":"Erstellen Sie Ihr Website-\u00dcbersetzer-Widget","demo_caption":"Configure your Website Translator and add it to your Webflow website for free!","default_faq_hidden":"","app_template_category":[],"platform":"250","template_public_id":"","codecanyon_url":"","codecanyon_item_id":"","codecanyon_price":"","pricing_caption":"","pricing_elfsight_apps_hide_column":"","pricing_elfsight_apps_url":"","pricing_codecanyon_price_caption":"","integration_category":[],"integration_request_title":"","integration_request_cta":"","integration_platform":"","integrations":[],"platform_category":[],"video_schema_markup":"","price":"ab 0 $ \/ Monat","trial":"","benefits":[{"text":"Kostenlose Installationshilfe"},{"text":"Effektiver Kundenservice"},{"text":"14-t\u00e4gige Geld-zur\u00fcck-Garantie"},{"text":"Kontinuierliche kostenlose Verbesserungen"}],"button_url":"#demo","button_target_blank":"","button_nofollow":"","attributes":[{"name":"Installieren","content":"50,000 - 100,000"},{"name":"Reaktionsfreudig","content":"Ja"},{"name":"Kompatible Browser","content":"Firefox, Safari, Opera, Chrome, Edge"}],"tags":[],"tags_disable_links":"","hide_more_platforms":"","video_object":"","demo_hide_cta":"","demo_hide_cloud_options":"","pricing_title":"","pricing":[{"pricing_icon":"platform","pricing_title":"Elfsight Apps","pricing_title_caption":"Plattformunabh\u00e4ngige Version, die auf jeder Site funktioniert","pricing_price":"ab 0 $ \/ Monat","pricing_price_caption":"Beginnen Sie mit einem kostenlosen Plan","pricing_benefits":[{"text":"Unbegrenzte Domains"},{"text":"Erstklassiger und p\u00fcnktlicher Support"},{"text":"Kostenloser Installationssupport"},{"text":"Vollst\u00e4ndig anpassbar"}],"pricing_button_text":"Zur Website hinzuf\u00fcgen","pricing_button_url":"#demo"}],"related_apps_title":"","related_apps_hidden":"","author":"","image":[],"title":"","job":"","social_networks":[]},"_links":{"self":[{"href":"https:\/\/elfsight.com\/de\/wp-json\/wp\/v2\/pages\/23124","targetHints":{"allow":["GET"]}}],"collection":[{"href":"https:\/\/elfsight.com\/de\/wp-json\/wp\/v2\/pages"}],"about":[{"href":"https:\/\/elfsight.com\/de\/wp-json\/wp\/v2\/types\/page"}],"author":[{"embeddable":true,"href":"https:\/\/elfsight.com\/de\/wp-json\/wp\/v2\/users\/9"}],"replies":[{"embeddable":true,"href":"https:\/\/elfsight.com\/de\/wp-json\/wp\/v2\/comments?post=23124"}],"version-history":[{"count":1,"href":"https:\/\/elfsight.com\/de\/wp-json\/wp\/v2\/pages\/23124\/revisions"}],"predecessor-version":[{"id":23128,"href":"https:\/\/elfsight.com\/de\/wp-json\/wp\/v2\/pages\/23124\/revisions\/23128"}],"up":[{"embeddable":true,"href":"https:\/\/elfsight.com\/de\/wp-json\/wp\/v2\/pages\/22468"}],"wp:attachment":[{"href":"https:\/\/elfsight.com\/de\/wp-json\/wp\/v2\/media?parent=23124"}],"curies":[{"name":"wp","href":"https:\/\/api.w.org\/{rel}","templated":true}]}}