{"id":23118,"date":"2024-09-30T18:27:29","date_gmt":"2024-09-30T18:27:29","guid":{"rendered":"https:\/\/elfsight.com\/de\/?page_id=23118"},"modified":"2025-07-08T09:51:23","modified_gmt":"2025-07-08T09:51:23","slug":"webflow","status":"publish","type":"page","link":"https:\/\/elfsight.com\/de\/appointment-booking-widget\/webflow\/","title":{"rendered":"appointment booking &#8211; webflow"},"content":{"rendered":"<div class=\"application-platform-content-item-description application-platform-content-item\" id=\"description\" data-nav-section=\"description\"><h2>Terminbuchung mit dem Elfsight-Widget in Webflow einbetten!<\/h2> <p>Das Terminbuchungs-Widget steht Ihnen zur Verf\u00fcgung, um potenziellen Kunden zu helfen bei der bequemen Reservierung von Slots auf Ihrer Webflow-Website und der Minimierung des manuellen Aufwands \u2013 wie der st\u00e4ndigen Verwaltung von Nachrichten, Anrufen und E-Mails \u2013 von Ihnen. Es fungiert als engagierter Rezeptionist, der rund um die Uhr im Einsatz ist, au\u00dferdem in der Lage ist, automatisierte Benachrichtigungen zu senden und sich mit Outsourcing-Apps wie Google Kalender zu verbinden.<\/p> <p>Jetzt ist der ideale Zeitpunkt, um mehr \u00fcber Ihren Service oder Ihre Veranstaltung zu erz\u00e4hlen, spezifizieren Sie das Dauer, teilen Sie Kontaktdaten mit und legen Sie die Preise fest, um den Entscheidungsprozess der Kunden zu erleichtern. Dar\u00fcber hinaus k\u00f6nnen Sie die visuelle \u00c4sthetik des Widgets anpassen, indem Sie benutzerdefinierte Elemente und Funktionen anpassen, ohne dass Sie Ihre Programmierkenntnisse verfeinern oder einen erfahrenen Programmierer engagieren m\u00fcssen!<\/p> <p><b>Erm\u00f6glichen Sie Ihrem Unternehmen, zu florieren und f\u00fcr a zug\u00e4nglich zu werden Erweitern Sie Ihren Kundenkreis, indem Sie Online-Terminbuchungen auf Ihrer Website anbieten!<\/b><\/p> <\/div> <div class=\"application-platform-content-item-features application-platform-content-item\" id=\"features\" data-nav-section=\"features\"> <h2>Wir bieten wertvolle und schnelle Angebote Funktionen, sehen Sie sich einige davon an:<\/h2> <ul><li>Geben Sie einen umfassenden \u00dcberblick \u00fcber Ihren Service \u2013 Name, Details, Bild und Dauer \u2013 und legen Sie die Preise in verschiedenen W\u00e4hrungen fest.<\/li><li>Senden Automatisierte Benachrichtigungen, um die reservierten Termine gegen\u00fcber Kunden und Ihnen selbst zu \u00fcberpr\u00fcfen.<\/li><li>Synchronisieren Sie das Widget mit Drittanbieter-Apps wie Google Kalender, um Aktualisierungen in Echtzeit sicherzustellen.<\/li><li>Teilen Sie Ihr Unternehmen Kontaktinformationen dienen der Glaubw\u00fcrdigkeit und erm\u00f6glichen es Benutzern, Sie im Falle eines Falles zu kontaktieren unvorhergesehene Situationen.<\/li><li>Erweiterte Anpassung ohne Programmieraufwand: gebrauchsfertige Vorlagen, Farben, Layouts, Schriftarten, benutzerdefinierter CSS-Editor, benutzerdefinierter JS-Editor usw.<\/li><\/ul><p><a href=\"#demo\">Probieren Sie einfach diese Demo aus, um einen vollst\u00e4ndigen \u00dcberblick zu erhalten<\/a><\/p> <\/div> <div class=\"application-platform-content-item-installation application-platform-content-item\" id=\"installation\" data-nav-section=\"installation\"> <h2>Wie bette ich die Terminbuchung auf meiner Webflow-Website ein?<\/h2> <p>Wenn Sie die Terminbuchung auf Ihrer Webflow-Website einbetten m\u00f6chten, gehen Sie folgenderma\u00dfen vor:<\/p> <ol><li><b>Verwalten Sie unseren kostenlosen Konfigurator und beginnen Sie mit der Gestaltung Ihres individuellen LinkedIn-Feed-Widgets.<\/b><br> W\u00e4hlen Sie die bevorzugte Schnittstelle und Funktionalit\u00e4t des Plugins und speichern Sie die \u00c4nderungen.<\/li> <li><b>Kopieren Sie Ihren angezeigten pers\u00f6nlichen Code in der Box auf Elfsight Apps.<\/b><br> Wenn die Einrichtung Ihres pers\u00f6nlichen Widgets abgeschlossen ist, kopieren Sie den individuellen Code aus dem angezeigten Feld und speichern Sie ihn zur weiteren Verwendung.<\/li> <li><b>Beginnen Sie mit der Verwendung des Tools Ihre Webflow-Website.<\/b><br> Implementieren Sie den zuvor gespeicherten Code auf Ihrer Website und \u00fcbernehmen Sie die Korrekturen.<\/li> <li><b>Das Setup ist vollst\u00e4ndig durchgef\u00fchrt.<\/b><br> Besuchen Sie Ihre Website, um die Funktionsweise des Plugins zu sehen.<\/li><\/ol> <p>Im Zustand von Wenn Sie mit Anfragen konfrontiert werden oder auf Schwierigkeiten sto\u00dfen, scheuen Sie sich nicht, unserem Kundenservice-Team zu schreiben. Unsere Mitarbeiter sind bestrebt, alle Schwierigkeiten zu l\u00f6sen, die Sie m\u00f6glicherweise mit dem Tool haben.<\/p> <\/div> ","protected":false},"excerpt":{"rendered":"","protected":false},"author":9,"featured_media":0,"parent":22850,"menu_order":0,"comment_status":"closed","ping_status":"closed","template":"templates\/template-application-platform.php","meta":{"publish_to_discourse":"","publish_post_category":"","wpdc_auto_publish_overridden":"","wpdc_topic_tags":"","wpdc_pin_topic":"","wpdc_pin_until":"","discourse_post_id":"","discourse_permalink":"","wpdc_publishing_response":"","wpdc_publishing_error":"","footnotes":""},"class_list":["post-23118","page","type-page","status-publish","hentry"],"yoast_head":"<!-- This site is optimized with the Yoast SEO plugin v25.3.1 - https:\/\/yoast.com\/wordpress\/plugins\/seo\/ -->\n<title>Terminbuchungs-Widget \u2013 Buchungssystem in Webflow einbetten<\/title>\n<meta name=\"description\" content=\"F\u00fcgen Sie einen programmierungsfreien Webflow-Buchungskalender hinzu und erm\u00f6glichen Sie Kunden, Slots zu reservieren. Verbessern Sie die Planung mit der Webflow-Terminbuchung.\" \/>\n<meta name=\"robots\" content=\"index, follow, max-snippet:-1, max-image-preview:large, max-video-preview:-1\" \/>\n<link rel=\"canonical\" href=\"https:\/\/elfsight.com\/de\/appointment-booking-widget\/webflow\/\" \/>\n<meta property=\"og:locale\" content=\"de_DE\" \/>\n<meta property=\"og:type\" content=\"article\" \/>\n<meta property=\"og:title\" content=\"Terminbuchungs-Widget \u2013 Buchungssystem in Webflow einbetten\" \/>\n<meta property=\"og:description\" content=\"F\u00fcgen Sie einen programmierungsfreien Webflow-Buchungskalender hinzu und erm\u00f6glichen Sie Kunden, Slots zu reservieren. Verbessern Sie die Planung mit der Webflow-Terminbuchung.\" \/>\n<meta property=\"og:url\" content=\"https:\/\/elfsight.com\/de\/appointment-booking-widget\/webflow\/\" \/>\n<meta property=\"og:site_name\" content=\"Elfsight DE\" \/>\n<meta property=\"article:modified_time\" content=\"2025-07-08T09:51:23+00:00\" \/>\n<meta name=\"twitter:card\" content=\"summary_large_image\" \/>\n<meta name=\"twitter:label1\" content=\"Gesch\u00e4tzte Lesezeit\" \/>\n\t<meta name=\"twitter:data1\" content=\"2\u00a0Minuten\" \/>\n<!-- \/ Yoast SEO plugin. -->","yoast_head_json":{"title":"Terminbuchungs-Widget \u2013 Buchungssystem in Webflow einbetten","description":"F\u00fcgen Sie einen programmierungsfreien Webflow-Buchungskalender hinzu und erm\u00f6glichen Sie Kunden, Slots zu reservieren. Verbessern Sie die Planung mit der Webflow-Terminbuchung.","robots":{"index":"index","follow":"follow","max-snippet":"max-snippet:-1","max-image-preview":"max-image-preview:large","max-video-preview":"max-video-preview:-1"},"canonical":"https:\/\/elfsight.com\/de\/appointment-booking-widget\/webflow\/","og_locale":"de_DE","og_type":"article","og_title":"Terminbuchungs-Widget \u2013 Buchungssystem in Webflow einbetten","og_description":"F\u00fcgen Sie einen programmierungsfreien Webflow-Buchungskalender hinzu und erm\u00f6glichen Sie Kunden, Slots zu reservieren. Verbessern Sie die Planung mit der Webflow-Terminbuchung.","og_url":"https:\/\/elfsight.com\/de\/appointment-booking-widget\/webflow\/","og_site_name":"Elfsight DE","article_modified_time":"2025-07-08T09:51:23+00:00","twitter_card":"summary_large_image","twitter_misc":{"Gesch\u00e4tzte Lesezeit":"2\u00a0Minuten"},"schema":{"@context":"https:\/\/schema.org","@graph":[{"@type":"WebPage","@id":"https:\/\/elfsight.com\/de\/appointment-booking-widget\/webflow\/","url":"https:\/\/elfsight.com\/de\/appointment-booking-widget\/webflow\/","name":"Terminbuchungs-Widget \u2013 Buchungssystem in Webflow einbetten","isPartOf":{"@id":"https:\/\/elfsight.com\/de\/#website"},"datePublished":"2024-09-30T18:27:29+00:00","dateModified":"2025-07-08T09:51:23+00:00","description":"F\u00fcgen Sie einen programmierungsfreien Webflow-Buchungskalender hinzu und erm\u00f6glichen Sie Kunden, Slots zu reservieren. Verbessern Sie die Planung mit der Webflow-Terminbuchung.","breadcrumb":{"@id":"https:\/\/elfsight.com\/de\/appointment-booking-widget\/webflow\/#breadcrumb"},"inLanguage":"de","potentialAction":[{"@type":"ReadAction","target":["https:\/\/elfsight.com\/de\/appointment-booking-widget\/webflow\/"]}]},{"@type":"BreadcrumbList","@id":"https:\/\/elfsight.com\/de\/appointment-booking-widget\/webflow\/#breadcrumb","itemListElement":[{"@type":"ListItem","position":1,"name":"Home","item":"https:\/\/elfsight.com\/de\/"},{"@type":"ListItem","position":2,"name":"Appointment Booking","item":"https:\/\/elfsight.com\/de\/appointment-booking-widget\/"},{"@type":"ListItem","position":3,"name":"appointment booking &#8211; webflow"}]},{"@type":"WebSite","@id":"https:\/\/elfsight.com\/de\/#website","url":"https:\/\/elfsight.com\/de\/","name":"Elfsight DE","description":"Just another Elfsight Sites site","potentialAction":[{"@type":"SearchAction","target":{"@type":"EntryPoint","urlTemplate":"https:\/\/elfsight.com\/de\/?s={search_term_string}"},"query-input":{"@type":"PropertyValueSpecification","valueRequired":true,"valueName":"search_term_string"}}],"inLanguage":"de"}]}},"meta_box":{"industry":"","seo_heading":"","heading":"","description":"","cta_heading":"","cta_description":"","application":"489","h1":"Webflow-Terminbuchungs-Widget","h1_caption":"Erm\u00f6glichen Sie Benutzern die einfache Planung von Terminen direkt \u00fcber Ihre Webflow-Website, was den Komfort erh\u00f6ht und den Buchungsprozess rationalisiert.","application_category":[],"applications_title":"","applications_request_title":"","applications_request_button_text":"","hero_text":"","hero_video":"","hero_video_schema_markup":"","selling_points_title":"","selling_points_caption":"","selling_points":[],"selling_points_cta_text":"","features_title":"","features":"","ed_cta_examples_text":"","ed_cta_examples_hidden":"","ed_cta_demo_text":"","ed_cta_demo_hidden":"","why_caption":"","why_editor_title":"","why_editor_text":"","why_team_title":"","why_team_text":"","why_service_title":"","why_service_text":"","template_catalog_visible":"0","template_catalog_title":"","template_catalog_text":"","template_catalog_categories_visible":"","demo_title":"Erstellen Sie Ihr Terminbuchungs-Widget","demo_caption":"Configure your Appointment Booking and add it to your Webflow website for free!","default_faq_hidden":"","app_template_category":[],"platform":"250","template_public_id":"","codecanyon_url":"","codecanyon_item_id":"","codecanyon_price":"","pricing_caption":"","pricing_elfsight_apps_hide_column":"","pricing_elfsight_apps_url":"","pricing_codecanyon_price_caption":"","integration_category":[],"integration_request_title":"","integration_request_cta":"","integration_platform":"","integrations":[],"platform_category":[],"video_schema_markup":"","price":"ab 0 $ \/ Monat","trial":"","benefits":[{"text":"Kostenlose Installationshilfe"},{"text":"Kompetenter Kundenservice"},{"text":"14-t\u00e4gige Geld-zur\u00fcck-Garantie"},{"text":"St\u00e4ndige Aktualisierung"}],"button_url":"#demo","button_target_blank":"","button_nofollow":"","attributes":[{"name":"Installiert","content":"1,000 - 5,000"},{"name":"Reaktionsfreudig","content":"Ja"},{"name":"Kompatible Browser","content":"Firefox, Safari, Opera, Chrome, Edge"}],"tags":[],"tags_disable_links":"","hide_more_platforms":"","video_object":"","demo_hide_cta":"","demo_hide_cloud_options":"","pricing_title":"","pricing":[{"pricing_icon":"platform","pricing_title":"Elfsight Apps","pricing_title_caption":"Multiplattform-Software, die auf jeder Website funktioniert","pricing_price":"Ab 0\u00a0$\/Monat","pricing_price_caption":"Beginnen Sie mit einem kostenlosen Plan","pricing_benefits":[{"text":"Unbegrenzte Websites"},{"text":"Professionelle Unternehmensunterst\u00fctzung"},{"text":"Kostenlose Installationshilfe"},{"text":"100 % anpassbar"}],"pricing_button_text":"Zur Website hinzuf\u00fcgen","pricing_button_url":"#demo"}],"related_apps_title":"","related_apps_hidden":"","author":"","image":[],"title":"","job":"","social_networks":[]},"_links":{"self":[{"href":"https:\/\/elfsight.com\/de\/wp-json\/wp\/v2\/pages\/23118","targetHints":{"allow":["GET"]}}],"collection":[{"href":"https:\/\/elfsight.com\/de\/wp-json\/wp\/v2\/pages"}],"about":[{"href":"https:\/\/elfsight.com\/de\/wp-json\/wp\/v2\/types\/page"}],"author":[{"embeddable":true,"href":"https:\/\/elfsight.com\/de\/wp-json\/wp\/v2\/users\/9"}],"replies":[{"embeddable":true,"href":"https:\/\/elfsight.com\/de\/wp-json\/wp\/v2\/comments?post=23118"}],"version-history":[{"count":1,"href":"https:\/\/elfsight.com\/de\/wp-json\/wp\/v2\/pages\/23118\/revisions"}],"predecessor-version":[{"id":23122,"href":"https:\/\/elfsight.com\/de\/wp-json\/wp\/v2\/pages\/23118\/revisions\/23122"}],"up":[{"embeddable":true,"href":"https:\/\/elfsight.com\/de\/wp-json\/wp\/v2\/pages\/22850"}],"wp:attachment":[{"href":"https:\/\/elfsight.com\/de\/wp-json\/wp\/v2\/media?parent=23118"}],"curies":[{"name":"wp","href":"https:\/\/api.w.org\/{rel}","templated":true}]}}