{"id":23108,"date":"2024-09-30T18:27:29","date_gmt":"2024-09-30T18:27:29","guid":{"rendered":"https:\/\/elfsight.com\/de\/?page_id=23108"},"modified":"2024-12-27T10:49:18","modified_gmt":"2024-12-27T10:49:18","slug":"google-sites","status":"publish","type":"page","link":"https:\/\/elfsight.com\/de\/appointment-booking-widget\/google-sites\/","title":{"rendered":"appointment booking &#8211; google sites"},"content":{"rendered":"<div class=\"application-platform-content-item-description application-platform-content-item\" id=\"description\" data-nav-section=\"description\"><h2>Terminbuchung auf Google Sites mit dem Elfsight-Plugin einbetten!<\/h2> <p>Das Terminbuchungs-Plugin steht Ihnen zur Verf\u00fcgung, um Interessenten zu helfen Kunden reservieren Zeitfenster direkt auf Ihrer Google Sites-Website und nehmen Ihnen den manuellen Aufwand wie die st\u00e4ndige \u00dcberwachung von Nachrichten, Anrufen und E-Mails ab. Es fungiert als virtuelle Empfangsdame, die rund um die Uhr in Bereitschaft ist, au\u00dferdem in der Lage ist, automatisierte Best\u00e4tigungen zu versenden und sich mit Outsourcing-Integrationen wie Google Kalender zu verbinden.<\/p> <p>Es ist die perfekte Gelegenheit, tiefer in Ihren Service oder Ihre Veranstaltung einzutauchen und das zu definieren Dauer, teilen Sie Kontaktdaten mit und legen Sie die Preise fest, um den Entscheidungsprozess der Kunden zu erleichtern. Dar\u00fcber hinaus k\u00f6nnen Sie die visuelle \u00c4sthetik des Plugins anpassen, indem Sie benutzerdefinierte Elemente und Funktionen optimieren, ohne dass Sie sich Programmierkenntnisse aneignen oder einen erfahrenen Programmierer beauftragen m\u00fcssen!<\/p> <p><b>Sorgen Sie daf\u00fcr, dass Ihr Unternehmen rockt und f\u00fcr a verf\u00fcgbar ist Erweitern Sie Ihr Publikum durch die Online-Terminbuchung auf Ihrer Website!<\/b><\/p> <\/div> <div class=\"application-platform-content-item-features application-platform-content-item\" id=\"features\" data-nav-section=\"features\"> <h2>Sehen Sie sich die Liste an Die besten Funktionen:<\/h2> <ul><li>Geben Sie einen pr\u00e4gnanten \u00dcberblick \u00fcber Ihren Service \u2013 Name, Details, Bild und Dauer \u2013 und richten Sie die Preise in verschiedenen W\u00e4hrungen ein.<\/li><li>Senden Sie automatische Benachrichtigungen um die reservierten Termine f\u00fcr Kunden und sich selbst zu \u00fcberpr\u00fcfen.<\/li><li>Verbinden Sie das Widget mit externen Diensten wie Google Kalender, um immer auf dem Laufenden zu bleiben.<\/li><li>Zeigen Sie Ihre gesch\u00e4ftlichen Kontaktinformationen als Social Proof an Erm\u00f6glichen Sie Benutzern die Kontaktaufnahme im Falle unvorhergesehener Ereignisse Umst\u00e4nde.<\/li><li>Erweiterte Anpassung ohne Programmieraufwand: gebrauchsfertige Vorlagen, Farben, Layoutdesigns, Schriftarten, benutzerdefinierter CSS-Editor, benutzerdefinierter JS-Editor und mehr.<\/li><\/ul> <p><a href=\"#demo\">Sie k\u00f6nnen mithilfe der Demo testen, wie das Widget funktioniert<\/a><\/p> <\/div> <div class=\"application-platform-content-item-installation application-platform-content-item\" id=\"installation\" data-nav-section=\"installation\"> <h2>Wie kann Ich bette die Terminbuchung auf meiner Google Sites-Website ein?<\/h2> <p>Um die Terminbuchung auf Ihrer Google Sites-Website einzubetten, f\u00fchren Sie die folgenden Schritte aus:<\/p> <ol><li><b>Starten Sie unseren kostenlosen Editor und beginnen Sie mit der Erstellung Ihres ma\u00dfgeschneiderten LinkedIn-Feed-Plugins.<\/b><br> Geben Sie das passende Design und die Eigenschaften des Widgets an und speichern Sie die Korrekturen.<\/li> <li><b>Kopieren Sie Ihren individuellen Code, der im Special angezeigt wird Formular auf Elfsight Apps.<\/b><br> Sobald die Einrichtung Ihres pers\u00f6nlichen Tools abgeschlossen ist, kopieren Sie den einzelnen Code in das angezeigte Feld und speichern Sie ihn f\u00fcr zuk\u00fcnftige Gelegenheiten.<\/li> <li><b>Beginnen Sie mit der Verwendung des Tools auf Ihrer Google Sites-Website.<\/b><br> Geben Sie den Code ein, den Sie k\u00fcrzlich auf Ihrer Website gespeichert haben, und speichern Sie die Verbesserungen.<\/li> <li><b>Die Installation ist vollst\u00e4ndig abgeschlossen.<\/b><br> Besuchen Sie Ihre Website, um die Arbeit zu \u00fcberpr\u00fcfen des Widgets.<\/li><\/ol> <p>Falls Sie damit zu tun haben Bei Hindernissen wenden Sie sich bitte an unseren Support. Unsere Spezialisten helfen Ihnen gerne bei allen Fragen rund um das Produkt weiter.<\/p> <\/div> ","protected":false},"excerpt":{"rendered":"","protected":false},"author":9,"featured_media":0,"parent":22850,"menu_order":0,"comment_status":"closed","ping_status":"closed","template":"templates\/template-application-platform.php","meta":{"publish_to_discourse":"","publish_post_category":"","wpdc_auto_publish_overridden":"","wpdc_topic_tags":"","wpdc_pin_topic":"","wpdc_pin_until":"","discourse_post_id":"","discourse_permalink":"","wpdc_publishing_response":"","wpdc_publishing_error":"","footnotes":""},"class_list":["post-23108","page","type-page","status-publish","hentry"],"yoast_head":"<!-- This site is optimized with the Yoast SEO plugin v25.3.1 - https:\/\/yoast.com\/wordpress\/plugins\/seo\/ -->\n<title>Terminbuchungs-Widget \u2013 Betten Sie die Buchung auf der Google Sites-Website ein<\/title>\n<meta name=\"description\" content=\"F\u00fcgen Sie der Google Sites-Website eine programmierungsfreie Terminbuchungs-App hinzu und erm\u00f6glichen Sie Ihren Kunden, Termine mit nur wenigen Klicks zu reservieren!\" \/>\n<meta name=\"robots\" content=\"index, follow, max-snippet:-1, max-image-preview:large, max-video-preview:-1\" \/>\n<link rel=\"canonical\" href=\"https:\/\/elfsight.com\/de\/appointment-booking-widget\/google-sites\/\" \/>\n<meta property=\"og:locale\" content=\"de_DE\" \/>\n<meta property=\"og:type\" content=\"article\" \/>\n<meta property=\"og:title\" content=\"Terminbuchungs-Widget \u2013 Betten Sie die Buchung auf der Google Sites-Website ein\" \/>\n<meta property=\"og:description\" content=\"F\u00fcgen Sie der Google Sites-Website eine programmierungsfreie Terminbuchungs-App hinzu und erm\u00f6glichen Sie Ihren Kunden, Termine mit nur wenigen Klicks zu reservieren!\" \/>\n<meta property=\"og:url\" content=\"https:\/\/elfsight.com\/de\/appointment-booking-widget\/google-sites\/\" \/>\n<meta property=\"og:site_name\" content=\"Elfsight DE\" \/>\n<meta property=\"article:modified_time\" content=\"2024-12-27T10:49:18+00:00\" \/>\n<meta name=\"twitter:card\" content=\"summary_large_image\" \/>\n<meta name=\"twitter:label1\" content=\"Gesch\u00e4tzte Lesezeit\" \/>\n\t<meta name=\"twitter:data1\" content=\"3\u00a0Minuten\" \/>\n<!-- \/ Yoast SEO plugin. -->","yoast_head_json":{"title":"Terminbuchungs-Widget \u2013 Betten Sie die Buchung auf der Google Sites-Website ein","description":"F\u00fcgen Sie der Google Sites-Website eine programmierungsfreie Terminbuchungs-App hinzu und erm\u00f6glichen Sie Ihren Kunden, Termine mit nur wenigen Klicks zu reservieren!","robots":{"index":"index","follow":"follow","max-snippet":"max-snippet:-1","max-image-preview":"max-image-preview:large","max-video-preview":"max-video-preview:-1"},"canonical":"https:\/\/elfsight.com\/de\/appointment-booking-widget\/google-sites\/","og_locale":"de_DE","og_type":"article","og_title":"Terminbuchungs-Widget \u2013 Betten Sie die Buchung auf der Google Sites-Website ein","og_description":"F\u00fcgen Sie der Google Sites-Website eine programmierungsfreie Terminbuchungs-App hinzu und erm\u00f6glichen Sie Ihren Kunden, Termine mit nur wenigen Klicks zu reservieren!","og_url":"https:\/\/elfsight.com\/de\/appointment-booking-widget\/google-sites\/","og_site_name":"Elfsight DE","article_modified_time":"2024-12-27T10:49:18+00:00","twitter_card":"summary_large_image","twitter_misc":{"Gesch\u00e4tzte Lesezeit":"3\u00a0Minuten"},"schema":{"@context":"https:\/\/schema.org","@graph":[{"@type":"WebPage","@id":"https:\/\/elfsight.com\/de\/appointment-booking-widget\/google-sites\/","url":"https:\/\/elfsight.com\/de\/appointment-booking-widget\/google-sites\/","name":"Terminbuchungs-Widget \u2013 Betten Sie die Buchung auf der Google Sites-Website ein","isPartOf":{"@id":"https:\/\/elfsight.com\/de\/#website"},"datePublished":"2024-09-30T18:27:29+00:00","dateModified":"2024-12-27T10:49:18+00:00","description":"F\u00fcgen Sie der Google Sites-Website eine programmierungsfreie Terminbuchungs-App hinzu und erm\u00f6glichen Sie Ihren Kunden, Termine mit nur wenigen Klicks zu reservieren!","breadcrumb":{"@id":"https:\/\/elfsight.com\/de\/appointment-booking-widget\/google-sites\/#breadcrumb"},"inLanguage":"de","potentialAction":[{"@type":"ReadAction","target":["https:\/\/elfsight.com\/de\/appointment-booking-widget\/google-sites\/"]}]},{"@type":"BreadcrumbList","@id":"https:\/\/elfsight.com\/de\/appointment-booking-widget\/google-sites\/#breadcrumb","itemListElement":[{"@type":"ListItem","position":1,"name":"Home","item":"https:\/\/elfsight.com\/de\/"},{"@type":"ListItem","position":2,"name":"Appointment Booking","item":"https:\/\/elfsight.com\/de\/appointment-booking-widget\/"},{"@type":"ListItem","position":3,"name":"appointment booking &#8211; google sites"}]},{"@type":"WebSite","@id":"https:\/\/elfsight.com\/de\/#website","url":"https:\/\/elfsight.com\/de\/","name":"Elfsight DE","description":"Just another Elfsight Sites site","potentialAction":[{"@type":"SearchAction","target":{"@type":"EntryPoint","urlTemplate":"https:\/\/elfsight.com\/de\/?s={search_term_string}"},"query-input":{"@type":"PropertyValueSpecification","valueRequired":true,"valueName":"search_term_string"}}],"inLanguage":"de"}]}},"meta_box":{"industry":"","seo_heading":"","heading":"","description":"","cta_heading":"","cta_description":"","application":"22849","h1":"Google Sites-Terminbuchungs-Plugin","h1_caption":"Erm\u00f6glichen Sie Benutzern die einfache Terminvereinbarung direkt \u00fcber Ihre Google Sites, was den Komfort erh\u00f6ht und den Buchungsprozess optimiert.","application_category":[],"applications_title":"","applications_request_title":"","applications_request_button_text":"","hero_text":"","hero_video":"","hero_video_schema_markup":"","selling_points_title":"","selling_points_caption":"","selling_points":[],"selling_points_cta_text":"","features_title":"","features":"","ed_cta_examples_text":"","ed_cta_examples_hidden":"","ed_cta_demo_text":"","ed_cta_demo_hidden":"","why_caption":"","why_editor_title":"","why_editor_text":"","why_team_title":"","why_team_text":"","why_service_title":"","why_service_text":"","template_catalog_visible":"0","template_catalog_title":"","template_catalog_text":"","template_catalog_categories_visible":"","demo_title":"Erstellen Sie Ihr Terminbuchungs-Widget","demo_caption":"Configure your Appointment Booking and add it to your Google Sites website for free!","default_faq_hidden":"","app_template_category":[],"platform":"3000","template_public_id":"","codecanyon_url":"","codecanyon_item_id":"","codecanyon_price":"","pricing_caption":"","pricing_elfsight_apps_hide_column":"","pricing_elfsight_apps_url":"","pricing_codecanyon_price_caption":"","integration_category":[],"integration_request_title":"","integration_request_cta":"","integration_platform":"","integrations":[],"platform_category":[],"video_schema_markup":"","price":"ab 0 $ \/ Monat","trial":"","benefits":[{"text":"Kostenlose Installationshilfe"},{"text":"Premium-Support"},{"text":"14-t\u00e4gige R\u00fcckerstattungsgarantie"},{"text":"Regelm\u00e4\u00dfige Verbesserungen"}],"button_url":"#demo","button_target_blank":"0","button_nofollow":"0","attributes":[{"name":"Installiert","content":"1,000 - 5,000"},{"name":"Reaktionsfreudig","content":"Ja"},{"name":"Kompatible Browser","content":"Firefox, Safari, Opera, Chrome, Edge"}],"tags":[],"tags_disable_links":"0","hide_more_platforms":"","video_object":"","demo_hide_cta":"0","demo_hide_cloud_options":"0","pricing_title":"","pricing":[{"pricing_icon":"platform","pricing_title":"Elfsight Apps","pricing_title_caption":"Plattformunabh\u00e4ngige L\u00f6sung, die zu jeder Website passt","pricing_price":"Ab 0\u00a0$\/Monat","pricing_price_caption":"Beginnen Sie mit einem kostenlosen Plan","pricing_benefits":[{"text":"Unbegrenzte Websites"},{"text":"Engagierter Kundensupport"},{"text":"Kostenlose Installationsunterst\u00fctzung"},{"text":"Vollst\u00e4ndig anpassbar"}],"pricing_button_text":"Zur Website hinzuf\u00fcgen","pricing_button_url":"#demo"}],"related_apps_title":"","related_apps_hidden":"0","author":"","image":[],"title":"","job":"","social_networks":[]},"_links":{"self":[{"href":"https:\/\/elfsight.com\/de\/wp-json\/wp\/v2\/pages\/23108","targetHints":{"allow":["GET"]}}],"collection":[{"href":"https:\/\/elfsight.com\/de\/wp-json\/wp\/v2\/pages"}],"about":[{"href":"https:\/\/elfsight.com\/de\/wp-json\/wp\/v2\/types\/page"}],"author":[{"embeddable":true,"href":"https:\/\/elfsight.com\/de\/wp-json\/wp\/v2\/users\/9"}],"replies":[{"embeddable":true,"href":"https:\/\/elfsight.com\/de\/wp-json\/wp\/v2\/comments?post=23108"}],"version-history":[{"count":1,"href":"https:\/\/elfsight.com\/de\/wp-json\/wp\/v2\/pages\/23108\/revisions"}],"predecessor-version":[{"id":23112,"href":"https:\/\/elfsight.com\/de\/wp-json\/wp\/v2\/pages\/23108\/revisions\/23112"}],"up":[{"embeddable":true,"href":"https:\/\/elfsight.com\/de\/wp-json\/wp\/v2\/pages\/22850"}],"wp:attachment":[{"href":"https:\/\/elfsight.com\/de\/wp-json\/wp\/v2\/media?parent=23108"}],"curies":[{"name":"wp","href":"https:\/\/api.w.org\/{rel}","templated":true}]}}