{"id":23101,"date":"2024-09-30T18:27:29","date_gmt":"2024-09-30T18:27:29","guid":{"rendered":"https:\/\/elfsight.com\/de\/?page_id=23101"},"modified":"2025-07-08T09:50:16","modified_gmt":"2025-07-08T09:50:16","slug":"iframe","status":"publish","type":"page","link":"https:\/\/elfsight.com\/de\/appointment-booking-widget\/iframe\/","title":{"rendered":"appointment booking &#8211; iframe"},"content":{"rendered":"<div class=\"application-platform-content-item-description application-platform-content-item\" id=\"description\" data-nav-section=\"description\"><h2>Terminbuchung auf iFrame mit dem Elfsight-Widget einbetten!<\/h2> <p>Das Terminbuchungs-Widget ist verf\u00fcgbar, um potenziellen Kunden dabei zu helfen, Zeit zu sparen Slots lassen sich bequem auf Ihrer iFrame-Website platzieren und minimieren so den manuellen Aufwand \u2013 wie die st\u00e4ndige \u00dcberwachung von Nachrichten, Anrufen und E-Mails \u2013 von Ihnen. Es dient als dedizierter Assistent, der rund um die Uhr arbeitet, automatische Benachrichtigungen sendet und mit speziellen Integrationen wie Google Kalender verbunden werden kann.<\/p> <p>Jetzt ist der ideale Zeitpunkt, um mehr \u00fcber Ihren Dienst oder Anlass zu erz\u00e4hlen, spezifizieren Sie das Dauer, teilen Sie Kontaktinformationen mit und entscheiden Sie \u00fcber die Preisgestaltung, um den Entscheidungsprozess der Kunden zu optimieren. Passen Sie au\u00dferdem das Erscheinungsbild des Widgets an, indem Sie benutzerdefinierte Elemente und Funktionen anpassen, ohne dass Sie Ihre Programmierkenntnisse verbessern oder einen Entwickler engagieren m\u00fcssen!<\/p> <p><b>Erm\u00f6glichen Sie Ihrem Unternehmen, erfolgreich zu sein und einem breiteren Kundenstamm online zug\u00e4nglich zu sein Buchen Sie Termine auf Ihrer Website!<\/b><\/p> <\/div> <div class=\"application-platform-content-item-features application-platform-content-item\" id=\"features\" data-nav-section=\"features\"> <h2>Schauen Sie sich die Liste der n\u00fctzlichsten an Funktionen:<\/h2> <ul><li>Geben Sie eine genaue Darstellung Ihres Dienstes \u2013 Name, Details, Bild und Dauer \u2013 und richten Sie die Preise in verschiedenen W\u00e4hrungen ein.<\/li><li>Senden Sie automatische Benachrichtigungen zur \u00dcberpr\u00fcfung Informieren Sie Kunden und sich selbst \u00fcber die gebuchten Termine.<\/li><li>Synchronisieren Sie das Widget mit externen Diensten wie Google Kalender, um immer auf dem neuesten Stand zu bleiben.<\/li><li>Pr\u00e4sentieren Sie Ihre gesch\u00e4ftlichen Kontaktinformationen, um Glaubw\u00fcrdigkeit zu gew\u00e4hrleisten und Benutzern die Erreichbarkeit zu erm\u00f6glichen im Falle unvorhergesehener Ereignisse aus Vorkommen.<\/li><li>Einfache Anpassungsoptionen, ohne dass Code geschrieben werden muss: gebrauchsfertige Vorlagen, Farben, stilvolle Layouts, Schriftarten, benutzerdefinierter CSS-Editor, benutzerdefinierter JS-Editor und mehr.<\/li><\/ul><p><a href=\"#demo\">Mit der Demo k\u00f6nnen Sie sehen, ob das Widget f\u00fcr Sie geeignet ist<\/a><\/p> <\/div> <div class=\"application-platform-content-item-installation application-platform-content-item\" id=\"installation\" data-nav-section=\"installation\"> <h2>Wie Kann ich die Terminbuchung zu meiner iFrame-Website hinzuf\u00fcgen?<\/h2> <p>Wenn Sie die Terminbuchung auf Ihrer iFrame-Website einbetten m\u00f6chten, f\u00fchren Sie die folgenden Schritte aus:<\/p> <ol><li><b>Erstellen Nutzen Sie unsere kostenlose Demo und beginnen Sie mit der Erstellung Ihres einzigartigen LinkedIn-Feed-Widgets.<\/b><br> W\u00e4hlen Sie die gew\u00fcnschte Form und Optionen des Tools und speichern Sie die \u00c4nderungen.<\/li> <li><b>Erhalten Sie Ihren pers\u00f6nlichen Code im Fenster von Elfsight Apps.<\/b><br> Sobald die Generierung Ihres pers\u00f6nlichen Tools abgeschlossen ist, kopieren Sie den exklusiven Code im erscheinenden Fenster und speichern Sie ihn f\u00fcr sp\u00e4tere Gelegenheiten.<\/li> <li><b>Geben Sie die Verwendung des ein Plugin auf Ihrer iFrame-Website.<\/b><br> Platzieren Sie den k\u00fcrzlich kopierten Code auf Ihrer Website und \u00fcbernehmen Sie die Korrekturen.<\/li> <li><b>Das Setup ist vollst\u00e4ndig abgeschlossen.<\/b><br> Los Besuchen Sie Ihre Website, um zu pr\u00fcfen, wie das Plugin funktioniert.<\/li><\/ol> <p>Falls Sie auf eines sto\u00dfen Bei Komplikationen k\u00f6nnen Sie sich gerne an unseren Kundendienst wenden. Unsere Mitarbeiter werden sich freuen, alle Probleme zu l\u00f6sen, die Sie m\u00f6glicherweise mit dem Tool haben.<\/p> <\/div> ","protected":false},"excerpt":{"rendered":"","protected":false},"author":9,"featured_media":0,"parent":22850,"menu_order":0,"comment_status":"closed","ping_status":"closed","template":"templates\/template-application-platform.php","meta":{"publish_to_discourse":"","publish_post_category":"","wpdc_auto_publish_overridden":"","wpdc_topic_tags":"","wpdc_pin_topic":"","wpdc_pin_until":"","discourse_post_id":"","discourse_permalink":"","wpdc_publishing_response":"","wpdc_publishing_error":"","footnotes":""},"class_list":["post-23101","page","type-page","status-publish","hentry"],"yoast_head":"<!-- This site is optimized with the Yoast SEO plugin v25.3.1 - https:\/\/yoast.com\/wordpress\/plugins\/seo\/ -->\n<title>Terminbuchungs-Widget \u2013 Betten Sie die Buchung auf der iFrame-Website ein<\/title>\n<meta name=\"description\" content=\"F\u00fcgen Sie der iFrame-Website eine programmierungsfreie Terminbuchungs-App hinzu und erm\u00f6glichen Sie Ihren Kunden, Termine mit nur wenigen Klicks zu reservieren!\" \/>\n<meta name=\"robots\" content=\"index, follow, max-snippet:-1, max-image-preview:large, max-video-preview:-1\" \/>\n<link rel=\"canonical\" href=\"https:\/\/elfsight.com\/de\/appointment-booking-widget\/iframe\/\" \/>\n<meta property=\"og:locale\" content=\"de_DE\" \/>\n<meta property=\"og:type\" content=\"article\" \/>\n<meta property=\"og:title\" content=\"Terminbuchungs-Widget \u2013 Betten Sie die Buchung auf der iFrame-Website ein\" \/>\n<meta property=\"og:description\" content=\"F\u00fcgen Sie der iFrame-Website eine programmierungsfreie Terminbuchungs-App hinzu und erm\u00f6glichen Sie Ihren Kunden, Termine mit nur wenigen Klicks zu reservieren!\" \/>\n<meta property=\"og:url\" content=\"https:\/\/elfsight.com\/de\/appointment-booking-widget\/iframe\/\" \/>\n<meta property=\"og:site_name\" content=\"Elfsight DE\" \/>\n<meta property=\"article:modified_time\" content=\"2025-07-08T09:50:16+00:00\" \/>\n<meta name=\"twitter:card\" content=\"summary_large_image\" \/>\n<meta name=\"twitter:label1\" content=\"Gesch\u00e4tzte Lesezeit\" \/>\n\t<meta name=\"twitter:data1\" content=\"2\u00a0Minuten\" \/>\n<!-- \/ Yoast SEO plugin. -->","yoast_head_json":{"title":"Terminbuchungs-Widget \u2013 Betten Sie die Buchung auf der iFrame-Website ein","description":"F\u00fcgen Sie der iFrame-Website eine programmierungsfreie Terminbuchungs-App hinzu und erm\u00f6glichen Sie Ihren Kunden, Termine mit nur wenigen Klicks zu reservieren!","robots":{"index":"index","follow":"follow","max-snippet":"max-snippet:-1","max-image-preview":"max-image-preview:large","max-video-preview":"max-video-preview:-1"},"canonical":"https:\/\/elfsight.com\/de\/appointment-booking-widget\/iframe\/","og_locale":"de_DE","og_type":"article","og_title":"Terminbuchungs-Widget \u2013 Betten Sie die Buchung auf der iFrame-Website ein","og_description":"F\u00fcgen Sie der iFrame-Website eine programmierungsfreie Terminbuchungs-App hinzu und erm\u00f6glichen Sie Ihren Kunden, Termine mit nur wenigen Klicks zu reservieren!","og_url":"https:\/\/elfsight.com\/de\/appointment-booking-widget\/iframe\/","og_site_name":"Elfsight DE","article_modified_time":"2025-07-08T09:50:16+00:00","twitter_card":"summary_large_image","twitter_misc":{"Gesch\u00e4tzte Lesezeit":"2\u00a0Minuten"},"schema":{"@context":"https:\/\/schema.org","@graph":[{"@type":"WebPage","@id":"https:\/\/elfsight.com\/de\/appointment-booking-widget\/iframe\/","url":"https:\/\/elfsight.com\/de\/appointment-booking-widget\/iframe\/","name":"Terminbuchungs-Widget \u2013 Betten Sie die Buchung auf der iFrame-Website ein","isPartOf":{"@id":"https:\/\/elfsight.com\/de\/#website"},"datePublished":"2024-09-30T18:27:29+00:00","dateModified":"2025-07-08T09:50:16+00:00","description":"F\u00fcgen Sie der iFrame-Website eine programmierungsfreie Terminbuchungs-App hinzu und erm\u00f6glichen Sie Ihren Kunden, Termine mit nur wenigen Klicks zu reservieren!","breadcrumb":{"@id":"https:\/\/elfsight.com\/de\/appointment-booking-widget\/iframe\/#breadcrumb"},"inLanguage":"de","potentialAction":[{"@type":"ReadAction","target":["https:\/\/elfsight.com\/de\/appointment-booking-widget\/iframe\/"]}]},{"@type":"BreadcrumbList","@id":"https:\/\/elfsight.com\/de\/appointment-booking-widget\/iframe\/#breadcrumb","itemListElement":[{"@type":"ListItem","position":1,"name":"Home","item":"https:\/\/elfsight.com\/de\/"},{"@type":"ListItem","position":2,"name":"Appointment Booking","item":"https:\/\/elfsight.com\/de\/appointment-booking-widget\/"},{"@type":"ListItem","position":3,"name":"appointment booking &#8211; iframe"}]},{"@type":"WebSite","@id":"https:\/\/elfsight.com\/de\/#website","url":"https:\/\/elfsight.com\/de\/","name":"Elfsight DE","description":"Just another Elfsight Sites site","potentialAction":[{"@type":"SearchAction","target":{"@type":"EntryPoint","urlTemplate":"https:\/\/elfsight.com\/de\/?s={search_term_string}"},"query-input":{"@type":"PropertyValueSpecification","valueRequired":true,"valueName":"search_term_string"}}],"inLanguage":"de"}]}},"meta_box":{"industry":"","seo_heading":"","heading":"","description":"","cta_heading":"","cta_description":"","application":"22849","h1":"iFrame-Terminbuchungs-Widget","h1_caption":"Erm\u00f6glichen Sie Benutzern die einfache Terminplanung direkt \u00fcber Ihre iFrame-Website, was den Komfort erh\u00f6ht und den Buchungsprozess rationalisiert.","application_category":[],"applications_title":"","applications_request_title":"","applications_request_button_text":"","hero_text":"","hero_video":"","hero_video_schema_markup":"","selling_points_title":"","selling_points_caption":"","selling_points":[],"selling_points_cta_text":"","features_title":"","features":"","ed_cta_examples_text":"","ed_cta_examples_hidden":"","ed_cta_demo_text":"","ed_cta_demo_hidden":"","why_caption":"","why_editor_title":"","why_editor_text":"","why_team_title":"","why_team_text":"","why_service_title":"","why_service_text":"","template_catalog_visible":"0","template_catalog_title":"","template_catalog_text":"","template_catalog_categories_visible":"","demo_title":"Erstellen Sie Ihr Terminbuchungs-Widget","demo_caption":"Configure your Appointment Booking and add it to your iFrame website for free!","default_faq_hidden":"","app_template_category":[],"platform":"240","template_public_id":"","codecanyon_url":"","codecanyon_item_id":"","codecanyon_price":"","pricing_caption":"","pricing_elfsight_apps_hide_column":"","pricing_elfsight_apps_url":"","pricing_codecanyon_price_caption":"","integration_category":[],"integration_request_title":"","integration_request_cta":"","integration_platform":"","integrations":[],"platform_category":[],"video_schema_markup":"","price":"ab 0 $ \/ Monat","trial":"","benefits":[{"text":"Kostenlose Installationsunterst\u00fctzung"},{"text":"Professioneller Kundenservice"},{"text":"14-t\u00e4gige R\u00fcckerstattungsgarantie"},{"text":"Kontinuierliche Updates"}],"button_url":"#demo","button_target_blank":"","button_nofollow":"","attributes":[{"name":"Installiert","content":"1,000 - 5,000"},{"name":"Reaktionsfreudig","content":"Ja"},{"name":"Kompatible Browser","content":"Firefox, Safari, Opera, Chrome, Edge"}],"tags":[],"tags_disable_links":"","hide_more_platforms":"","video_object":"","demo_hide_cta":"","demo_hide_cloud_options":"","pricing_title":"","pricing":[{"pricing_icon":"platform","pricing_title":"Elfsight Apps","pricing_title_caption":"Plattformunabh\u00e4ngige Version, die zu jeder Website passt","pricing_price":"Ab 0\u00a0$\/Monat","pricing_price_caption":"Beginnen Sie mit einem kostenlosen Plan","pricing_benefits":[{"text":"Unbegrenzte Websites"},{"text":"Engagierte Unterst\u00fctzung"},{"text":"Kostenloser Installationssupport"},{"text":"Flexibles Design"}],"pricing_button_text":"Zur Website hinzuf\u00fcgen","pricing_button_url":"#demo"}],"related_apps_title":"","related_apps_hidden":"","author":"","image":[],"title":"","job":"","social_networks":[]},"_links":{"self":[{"href":"https:\/\/elfsight.com\/de\/wp-json\/wp\/v2\/pages\/23101","targetHints":{"allow":["GET"]}}],"collection":[{"href":"https:\/\/elfsight.com\/de\/wp-json\/wp\/v2\/pages"}],"about":[{"href":"https:\/\/elfsight.com\/de\/wp-json\/wp\/v2\/types\/page"}],"author":[{"embeddable":true,"href":"https:\/\/elfsight.com\/de\/wp-json\/wp\/v2\/users\/9"}],"replies":[{"embeddable":true,"href":"https:\/\/elfsight.com\/de\/wp-json\/wp\/v2\/comments?post=23101"}],"version-history":[{"count":1,"href":"https:\/\/elfsight.com\/de\/wp-json\/wp\/v2\/pages\/23101\/revisions"}],"predecessor-version":[{"id":23105,"href":"https:\/\/elfsight.com\/de\/wp-json\/wp\/v2\/pages\/23101\/revisions\/23105"}],"up":[{"embeddable":true,"href":"https:\/\/elfsight.com\/de\/wp-json\/wp\/v2\/pages\/22850"}],"wp:attachment":[{"href":"https:\/\/elfsight.com\/de\/wp-json\/wp\/v2\/media?parent=23101"}],"curies":[{"name":"wp","href":"https:\/\/api.w.org\/{rel}","templated":true}]}}