{"id":23100,"date":"2024-09-30T18:27:29","date_gmt":"2024-09-30T18:27:29","guid":{"rendered":"https:\/\/elfsight.com\/de\/?page_id=23100"},"modified":"2025-07-10T14:02:30","modified_gmt":"2025-07-10T14:02:30","slug":"joomla","status":"publish","type":"page","link":"https:\/\/elfsight.com\/de\/website-translator-widget\/joomla\/","title":{"rendered":"website translator &#8211; joomla"},"content":{"rendered":"<div class=\"application-platform-content-item-description application-platform-content-item\" id=\"description\" data-nav-section=\"description\"> <h2>Betten Sie den Website-\u00dcbersetzer mit einem Elfsight-Plugin in Joomla ein<\/h2> <p>Eine gro\u00dfartige M\u00f6glichkeit, die Online-Pr\u00e4senz Ihres Unternehmens zu steigern und eine globale Pr\u00e4senz zu erreichen Audience f\u00fcgt unser Website-\u00dcbersetzer-Widget f\u00fcr Joomla hinzu. Durch die reibungslose \u00dcbersetzung Ihrer Website-Inhalte garantiert dieses Widget, dass Ihre Botschaft bei Benutzern aus verschiedenen Sprachgemeinschaften Anklang findet, und hilft so, Sprachbarrieren zu \u00fcberwinden und die Reichweite Ihres Unternehmens zu vergr\u00f6\u00dfern. <\/p><p>Unser Website-\u00dcbersetzer bietet Ihnen eine sofortige automatisierte Website-\u00dcbersetzung, die von Google AI unterst\u00fctzt wird und mehr als 130 Sprachen unterst\u00fctzt. Es kann sich die Sprachauswahl der Besucher merken und so ein personalisiertes Surferlebnis bieten, das die Benutzer besch\u00e4ftigt. Globalisieren Sie Ihre Joomla-Website nahtlos und erreichen Sie mithilfe modernster \u00dcbersetzungstechnologie unterschiedliche Zielgruppen. <\/p><p><b>Bieten Sie Ihre Produkte und Dienstleistungen \u00fcberall auf der Welt mit dem unkomplizierten Sprachwechsel-Widget an! <\/b><\/p><\/div> <div class=\"application-platform-content-item-features application-platform-content-item\" id=\"features\" data-nav-section=\"features\"> <h2>Lernen Sie die Liste der n\u00fctzlichsten Funktionen kennen: <\/h2><ul><li>Sofortige automatische Website-\u00dcbersetzung<\/li><li>Google AI-erweiterte \u00dcbersetzung<\/li><li>Unterst\u00fctzung von mehr als 130 Sprachen<\/li><li>Besucherpr\u00e4ferenzen speichern<\/li><li>Mehrere Vorlagen-Widget-Stile<\/li><\/ul><p><a href=\"#demo\">Probieren Sie einfach diese Demo aus, um zu sehen, was das Widget wert ist<\/a><\/p><\/div> <div class=\"application-platform-content-item-installation application-platform-content-item\" id=\"installation\" data-nav-section=\"installation\"> <h2>Wie Website-\u00dcbersetzer in meine Joomla-Plattform einbetten? <\/h2><p>Erf\u00fcllen Sie einfach die folgenden Richtlinien, um das Widget zu integrieren. <\/p><ol><li><b>\u00d6ffnen Sie unseren kostenlosen Editor und beginnen Sie mit der Erstellung Ihres personalisierten Widgets. <\/b><br>Geben Sie das benutzerdefinierte Design und die Parameter des Widgets an und speichern Sie die \u00c4nderungen. <\/li> <li><b>Kopieren Sie den pers\u00f6nlichen Code, der in der Box auf Elfsight Apps angezeigt wird. <\/b><br>Wenn die Erstellung Ihres Tools abgeschlossen ist, kopieren Sie den einzelnen Code in das entstandene Feld und bewahren Sie ihn zur weiteren Verwendung auf. <\/li> <li><b>Geben Sie die Verwendung des Widgets auf der Joomla-Homepage ein. <\/b><br>Betten Sie den Code, den Sie zuvor kopiert haben, in Ihre Homepage ein und \u00fcbernehmen Sie die \u00c4nderungen. <\/li> <li><b>Fertig! Die Einrichtung ist erfolgreich abgeschlossen. <\/b><br>Gehen Sie zu Ihrer Seite, um die Leistung des Widgets zu \u00fcberpr\u00fcfen. <\/li><\/ol><p>Wenn Sie mit Anfragen konfrontiert werden oder auf Schwierigkeiten sto\u00dfen, wenden Sie sich bitte an unser Kundendienstteam. Unsere Spezialisten sind bestrebt, alle Probleme zu l\u00f6sen, die Sie m\u00f6glicherweise mit dem Widget haben. <\/p><\/div>","protected":false},"excerpt":{"rendered":"","protected":false},"author":9,"featured_media":0,"parent":22468,"menu_order":0,"comment_status":"closed","ping_status":"closed","template":"templates\/template-application-platform.php","meta":{"publish_to_discourse":"","publish_post_category":"","wpdc_auto_publish_overridden":"","wpdc_topic_tags":"","wpdc_pin_topic":"","wpdc_pin_until":"","discourse_post_id":"","discourse_permalink":"","wpdc_publishing_response":"","wpdc_publishing_error":"","footnotes":""},"class_list":["post-23100","page","type-page","status-publish","hentry"],"yoast_head":"<!-- This site is optimized with the Yoast SEO plugin v25.3.1 - https:\/\/yoast.com\/wordpress\/plugins\/seo\/ -->\n<title>Sprach\u00fcbersetzer-Widget \u2013 Text\u00fcbersetzer in Joomla einbetten<\/title>\n<meta name=\"description\" content=\"F\u00fcgen Sie Ihrer Joomla-Website ein nahtloses Website-\u00dcbersetzer-Widget hinzu. Schauen Sie sich die schnelle Demo von Elfsight an, um m\u00fchelos Ihre pers\u00f6nliche L\u00f6sung zu erstellen.\" \/>\n<meta name=\"robots\" content=\"index, follow, max-snippet:-1, max-image-preview:large, max-video-preview:-1\" \/>\n<link rel=\"canonical\" href=\"https:\/\/elfsight.com\/de\/website-translator-widget\/joomla\/\" \/>\n<meta property=\"og:locale\" content=\"de_DE\" \/>\n<meta property=\"og:type\" content=\"article\" \/>\n<meta property=\"og:title\" content=\"Sprach\u00fcbersetzer-Widget \u2013 Text\u00fcbersetzer in Joomla einbetten\" \/>\n<meta property=\"og:description\" content=\"F\u00fcgen Sie Ihrer Joomla-Website ein nahtloses Website-\u00dcbersetzer-Widget hinzu. Schauen Sie sich die schnelle Demo von Elfsight an, um m\u00fchelos Ihre pers\u00f6nliche L\u00f6sung zu erstellen.\" \/>\n<meta property=\"og:url\" content=\"https:\/\/elfsight.com\/de\/website-translator-widget\/joomla\/\" \/>\n<meta property=\"og:site_name\" content=\"Elfsight DE\" \/>\n<meta property=\"article:modified_time\" content=\"2025-07-10T14:02:30+00:00\" \/>\n<meta name=\"twitter:card\" content=\"summary_large_image\" \/>\n<meta name=\"twitter:label1\" content=\"Gesch\u00e4tzte Lesezeit\" \/>\n\t<meta name=\"twitter:data1\" content=\"2\u00a0Minuten\" \/>\n<!-- \/ Yoast SEO plugin. -->","yoast_head_json":{"title":"Sprach\u00fcbersetzer-Widget \u2013 Text\u00fcbersetzer in Joomla einbetten","description":"F\u00fcgen Sie Ihrer Joomla-Website ein nahtloses Website-\u00dcbersetzer-Widget hinzu. Schauen Sie sich die schnelle Demo von Elfsight an, um m\u00fchelos Ihre pers\u00f6nliche L\u00f6sung zu erstellen.","robots":{"index":"index","follow":"follow","max-snippet":"max-snippet:-1","max-image-preview":"max-image-preview:large","max-video-preview":"max-video-preview:-1"},"canonical":"https:\/\/elfsight.com\/de\/website-translator-widget\/joomla\/","og_locale":"de_DE","og_type":"article","og_title":"Sprach\u00fcbersetzer-Widget \u2013 Text\u00fcbersetzer in Joomla einbetten","og_description":"F\u00fcgen Sie Ihrer Joomla-Website ein nahtloses Website-\u00dcbersetzer-Widget hinzu. Schauen Sie sich die schnelle Demo von Elfsight an, um m\u00fchelos Ihre pers\u00f6nliche L\u00f6sung zu erstellen.","og_url":"https:\/\/elfsight.com\/de\/website-translator-widget\/joomla\/","og_site_name":"Elfsight DE","article_modified_time":"2025-07-10T14:02:30+00:00","twitter_card":"summary_large_image","twitter_misc":{"Gesch\u00e4tzte Lesezeit":"2\u00a0Minuten"},"schema":{"@context":"https:\/\/schema.org","@graph":[{"@type":"WebPage","@id":"https:\/\/elfsight.com\/de\/website-translator-widget\/joomla\/","url":"https:\/\/elfsight.com\/de\/website-translator-widget\/joomla\/","name":"Sprach\u00fcbersetzer-Widget \u2013 Text\u00fcbersetzer in Joomla einbetten","isPartOf":{"@id":"https:\/\/elfsight.com\/de\/#website"},"datePublished":"2024-09-30T18:27:29+00:00","dateModified":"2025-07-10T14:02:30+00:00","description":"F\u00fcgen Sie Ihrer Joomla-Website ein nahtloses Website-\u00dcbersetzer-Widget hinzu. Schauen Sie sich die schnelle Demo von Elfsight an, um m\u00fchelos Ihre pers\u00f6nliche L\u00f6sung zu erstellen.","breadcrumb":{"@id":"https:\/\/elfsight.com\/de\/website-translator-widget\/joomla\/#breadcrumb"},"inLanguage":"de","potentialAction":[{"@type":"ReadAction","target":["https:\/\/elfsight.com\/de\/website-translator-widget\/joomla\/"]}]},{"@type":"BreadcrumbList","@id":"https:\/\/elfsight.com\/de\/website-translator-widget\/joomla\/#breadcrumb","itemListElement":[{"@type":"ListItem","position":1,"name":"Home","item":"https:\/\/elfsight.com\/de\/"},{"@type":"ListItem","position":2,"name":"Website Translator","item":"https:\/\/elfsight.com\/de\/website-translator-widget\/"},{"@type":"ListItem","position":3,"name":"website translator &#8211; joomla"}]},{"@type":"WebSite","@id":"https:\/\/elfsight.com\/de\/#website","url":"https:\/\/elfsight.com\/de\/","name":"Elfsight DE","description":"Just another Elfsight Sites site","potentialAction":[{"@type":"SearchAction","target":{"@type":"EntryPoint","urlTemplate":"https:\/\/elfsight.com\/de\/?s={search_term_string}"},"query-input":{"@type":"PropertyValueSpecification","valueRequired":true,"valueName":"search_term_string"}}],"inLanguage":"de"}]}},"meta_box":{"industry":"","seo_heading":"","heading":"","description":"","cta_heading":"","cta_description":"","application":"22463","h1":"Joomla-Website-\u00dcbersetzer-Erweiterung","h1_caption":"\u00dcbersetzen Sie den Inhalt Ihrer Website automatisch in mehrere Sprachen und machen Sie ihn so m\u00fchelos einem globalen Publikum auf Ihrer Joomla-Website zug\u00e4nglich.","application_category":[],"applications_title":"","applications_request_title":"","applications_request_button_text":"","hero_text":"","hero_video":"","hero_video_schema_markup":"","selling_points_title":"","selling_points_caption":"","selling_points":[],"selling_points_cta_text":"","features_title":"","features":"","ed_cta_examples_text":"","ed_cta_examples_hidden":"","ed_cta_demo_text":"","ed_cta_demo_hidden":"","why_caption":"","why_editor_title":"","why_editor_text":"","why_team_title":"","why_team_text":"","why_service_title":"","why_service_text":"","template_catalog_visible":"0","template_catalog_title":"","template_catalog_text":"","template_catalog_categories_visible":"","demo_title":"Erstellen Sie Ihr Website-\u00dcbersetzer-Plugin","demo_caption":"Configure your Website Translator and add it to your Joomla website for free!","default_faq_hidden":"","app_template_category":[],"platform":"259","template_public_id":"","codecanyon_url":"","codecanyon_item_id":"","codecanyon_price":"","pricing_caption":"","pricing_elfsight_apps_hide_column":"","pricing_elfsight_apps_url":"","pricing_codecanyon_price_caption":"","integration_category":[],"integration_request_title":"","integration_request_cta":"","integration_platform":"","integrations":[],"platform_category":[],"video_schema_markup":"","price":"ab 0 $ \/ Monat","trial":"","benefits":[{"text":"Kostenlose Installationshilfe"},{"text":"Professioneller Kundenservice"},{"text":"14-t\u00e4gige R\u00fcckerstattungsgarantie"},{"text":"Kontinuierliche kostenlose Updates"}],"button_url":"#demo","button_target_blank":"","button_nofollow":"","attributes":[{"name":"Installieren","content":"50,000 - 100,000"},{"name":"Reaktionsfreudig","content":"Ja"},{"name":"Kompatible Browser","content":"Firefox, Safari, Opera, Chrome, Edge"}],"tags":[],"tags_disable_links":"","hide_more_platforms":"","video_object":"","demo_hide_cta":"","demo_hide_cloud_options":"","pricing_title":"","pricing":[{"pricing_icon":"platform","pricing_title":"Elfsight Apps","pricing_title_caption":"Plattform\u00fcbergreifende Software, die auf jeder Website funktioniert","pricing_price":"ab 0 $ \/ Monat","pricing_price_caption":"Beginnen Sie mit einem kostenlosen Plan","pricing_benefits":[{"text":"Unbegrenzte Domains"},{"text":"Engagierter Support und gut dokumentiert"},{"text":"Kostenloser Installationssupport"},{"text":"Vollst\u00e4ndig anpassbar"}],"pricing_button_text":"Zur Website hinzuf\u00fcgen","pricing_button_url":"#demo"}],"related_apps_title":"","related_apps_hidden":"","author":"","image":[],"title":"","job":"","social_networks":[]},"_links":{"self":[{"href":"https:\/\/elfsight.com\/de\/wp-json\/wp\/v2\/pages\/23100","targetHints":{"allow":["GET"]}}],"collection":[{"href":"https:\/\/elfsight.com\/de\/wp-json\/wp\/v2\/pages"}],"about":[{"href":"https:\/\/elfsight.com\/de\/wp-json\/wp\/v2\/types\/page"}],"author":[{"embeddable":true,"href":"https:\/\/elfsight.com\/de\/wp-json\/wp\/v2\/users\/9"}],"replies":[{"embeddable":true,"href":"https:\/\/elfsight.com\/de\/wp-json\/wp\/v2\/comments?post=23100"}],"version-history":[{"count":1,"href":"https:\/\/elfsight.com\/de\/wp-json\/wp\/v2\/pages\/23100\/revisions"}],"predecessor-version":[{"id":23104,"href":"https:\/\/elfsight.com\/de\/wp-json\/wp\/v2\/pages\/23100\/revisions\/23104"}],"up":[{"embeddable":true,"href":"https:\/\/elfsight.com\/de\/wp-json\/wp\/v2\/pages\/22468"}],"wp:attachment":[{"href":"https:\/\/elfsight.com\/de\/wp-json\/wp\/v2\/media?parent=23100"}],"curies":[{"name":"wp","href":"https:\/\/api.w.org\/{rel}","templated":true}]}}