{"id":23091,"date":"2024-09-30T18:27:29","date_gmt":"2024-09-30T18:27:29","guid":{"rendered":"https:\/\/elfsight.com\/de\/?page_id=23091"},"modified":"2025-02-25T07:07:09","modified_gmt":"2025-02-25T07:07:09","slug":"facebook","status":"publish","type":"page","link":"https:\/\/elfsight.com\/de\/website-translator-widget\/facebook\/","title":{"rendered":"website translator &#8211; facebook page"},"content":{"rendered":"<div class=\"application-platform-content-item-description application-platform-content-item\" id=\"description\" data-nav-section=\"description\"> <h2>Website-\u00dcbersetzer mit einem Elfsight-Plugin in eine Facebook-Seite einbetten<\/h2> <p>Eine hilfreiche Idee, um die Online-Leistung Ihres Unternehmens zu steigern und Kunden anzulocken Das weltweite Publikum nutzt unser Website-\u00dcbersetzer-Widget f\u00fcr die Facebook-Seite. Durch die nahtlose \u00dcbersetzung Ihrer Website-Inhalte stellt dieses Widget sicher, dass Ihre Botschaft bei Besuchern mit unterschiedlichem Sprachhintergrund Anklang findet, und hilft so, Sprachbarrieren zu \u00fcberwinden und Ihre Marktreichweite zu vergr\u00f6\u00dfern. <\/p><p>Unser Website-\u00dcbersetzer bietet Ihnen eine sofortige automatische Website-\u00dcbersetzung, die von Google AI unterst\u00fctzt wird und \u00fcber 130 Sprachen unterst\u00fctzt. Es merkt sich die Sprachauswahl des Benutzers und erm\u00f6glicht so ein individuelles Surferlebnis, das die Besucher fesselt. Globalisieren Sie Ihre Facebook-Seiten-Website nahtlos und verbinden Sie sich mit verschiedenen Zielgruppen durch die fortschrittliche \u00dcbersetzungstechnologie. <\/p><p><b>Bewerben Sie Ihre Waren und Dienstleistungen weltweit mit dem kundenorientierten Sprachwechsel-Widget! <\/b><\/p><\/div> <div class=\"application-platform-content-item-features application-platform-content-item\" id=\"features\" data-nav-section=\"features\"> <h2>Dies sind nur einige der umfangreichen Widget-Funktionen: <\/h2><ul><li>Sofortige automatisierte Website-\u00dcbersetzung<\/li><li>Google AI-gest\u00fctzte \u00dcbersetzung<\/li><li>Pflege von \u00fcber 130 Sprachen<\/li><li>Speichern von Benutzereinstellungen<\/li><li>Mehrere vordefinierte Widget-Stile<\/li><\/ul> <p><a href=\"#demo\">Mit Hilfe der Demo k\u00f6nnen Sie erkunden, wie das Widget funktioniert<\/a><\/p><\/div> <div class=\"application-platform-content-item-installation application-platform-content-item\" id=\"installation\" data-nav-section=\"installation\"> <h2>Anleitung Website-\u00dcbersetzer in meine Facebook-Seitenplattform integrieren? <\/h2><div class=\"tip-yellow tip\"><b>Aufgrund der j\u00fcngsten Facebook-\u00c4nderungen und der Umstellung auf das New Page Experience ist die Nutzung derzeit nur durch Hinzuf\u00fcgen eines direkten Links zum Widget m\u00f6glich. Wir suchen aktiv nach einer L\u00f6sung und werden die Einrichtung der Facebook-Seite aktualisieren, sobald wir eine M\u00f6glichkeit finden.<\/b><\/div><p>Befolgen Sie einfach die unten beschriebenen Schritte, um mit der Arbeit mit dem Tool zu beginnen. <\/p><ol><li><b>Nutzen Sie unsere kostenlose Demo und beginnen Sie mit der Erstellung Ihres ma\u00dfgeschneiderten Widgets. <\/b><br>Bestimmen Sie das bevorzugte Aussehen und die Parameter des Tools und nehmen Sie die \u00c4nderungen vor. <\/li> <li><b>Holen Sie sich den pers\u00f6nlichen Code, der im Feld auf Elfsight Apps angezeigt wird. <\/b><br>Nachdem die Einrichtung Ihres pers\u00f6nlichen Widgets abgeschlossen ist, kopieren Sie den individuellen Code in das erscheinende Feld und speichern Sie ihn f\u00fcr einen sp\u00e4teren Anlass. <\/li> <li><b>Geben Sie die Verwendung des Tools auf Ihrer Facebook-Seite ein. <\/b><br>F\u00fcgen Sie den Code, den Sie zuvor gespeichert haben, in Ihre Webseite ein und \u00fcbernehmen Sie die \u00c4nderungen. <\/li> <li><b>Die Installation wurde erfolgreich beendet. <\/b><br>Besuchen Sie Ihre Webseite, um zu sehen, wie das Widget funktioniert. <\/li><\/ol><p>Wenn Sie auf Komplikationen sto\u00dfen, z\u00f6gern Sie nicht, sich an unser Support-Team zu wenden. Unsere Spezialisten helfen Ihnen gern bei der L\u00f6sung aller Schwierigkeiten, die Sie mit dem Tool haben k\u00f6nnten. <\/p><\/div>","protected":false},"excerpt":{"rendered":"","protected":false},"author":9,"featured_media":0,"parent":22468,"menu_order":0,"comment_status":"closed","ping_status":"closed","template":"templates\/template-application-platform.php","meta":{"publish_to_discourse":"","publish_post_category":"","wpdc_auto_publish_overridden":"","wpdc_topic_tags":"","wpdc_pin_topic":"","wpdc_pin_until":"","discourse_post_id":"","discourse_permalink":"","wpdc_publishing_response":"","wpdc_publishing_error":"","footnotes":""},"class_list":["post-23091","page","type-page","status-publish","hentry"],"yoast_head":"<!-- This site is optimized with the Yoast SEO plugin v25.3.1 - https:\/\/yoast.com\/wordpress\/plugins\/seo\/ -->\n<title>Website-\u00dcbersetzer-Widget \u2013 Integrieren Sie einen kostenlosen \u00dcbersetzer f\u00fcr Facebook<\/title>\n<meta name=\"description\" content=\"F\u00fcgen Sie Ihrer Facebook-Seite ein codefreies Website-\u00dcbersetzer-Widget hinzu. Nutzen Sie die Online-Demo von Elfsight, um m\u00fchelos Ihre individuelle L\u00f6sung zu generieren.\" \/>\n<meta name=\"robots\" content=\"index, follow, max-snippet:-1, max-image-preview:large, max-video-preview:-1\" \/>\n<link rel=\"canonical\" href=\"https:\/\/elfsight.com\/de\/website-translator-widget\/facebook\/\" \/>\n<meta property=\"og:locale\" content=\"de_DE\" \/>\n<meta property=\"og:type\" content=\"article\" \/>\n<meta property=\"og:title\" content=\"Website-\u00dcbersetzer-Widget \u2013 Integrieren Sie einen kostenlosen \u00dcbersetzer f\u00fcr Facebook\" \/>\n<meta property=\"og:description\" content=\"F\u00fcgen Sie Ihrer Facebook-Seite ein codefreies Website-\u00dcbersetzer-Widget hinzu. Nutzen Sie die Online-Demo von Elfsight, um m\u00fchelos Ihre individuelle L\u00f6sung zu generieren.\" \/>\n<meta property=\"og:url\" content=\"https:\/\/elfsight.com\/de\/website-translator-widget\/facebook\/\" \/>\n<meta property=\"og:site_name\" content=\"Elfsight DE\" \/>\n<meta property=\"article:modified_time\" content=\"2025-02-25T07:07:09+00:00\" \/>\n<meta name=\"twitter:card\" content=\"summary_large_image\" \/>\n<meta name=\"twitter:label1\" content=\"Gesch\u00e4tzte Lesezeit\" \/>\n\t<meta name=\"twitter:data1\" content=\"3\u00a0Minuten\" \/>\n<!-- \/ Yoast SEO plugin. -->","yoast_head_json":{"title":"Website-\u00dcbersetzer-Widget \u2013 Integrieren Sie einen kostenlosen \u00dcbersetzer f\u00fcr Facebook","description":"F\u00fcgen Sie Ihrer Facebook-Seite ein codefreies Website-\u00dcbersetzer-Widget hinzu. Nutzen Sie die Online-Demo von Elfsight, um m\u00fchelos Ihre individuelle L\u00f6sung zu generieren.","robots":{"index":"index","follow":"follow","max-snippet":"max-snippet:-1","max-image-preview":"max-image-preview:large","max-video-preview":"max-video-preview:-1"},"canonical":"https:\/\/elfsight.com\/de\/website-translator-widget\/facebook\/","og_locale":"de_DE","og_type":"article","og_title":"Website-\u00dcbersetzer-Widget \u2013 Integrieren Sie einen kostenlosen \u00dcbersetzer f\u00fcr Facebook","og_description":"F\u00fcgen Sie Ihrer Facebook-Seite ein codefreies Website-\u00dcbersetzer-Widget hinzu. Nutzen Sie die Online-Demo von Elfsight, um m\u00fchelos Ihre individuelle L\u00f6sung zu generieren.","og_url":"https:\/\/elfsight.com\/de\/website-translator-widget\/facebook\/","og_site_name":"Elfsight DE","article_modified_time":"2025-02-25T07:07:09+00:00","twitter_card":"summary_large_image","twitter_misc":{"Gesch\u00e4tzte Lesezeit":"3\u00a0Minuten"},"schema":{"@context":"https:\/\/schema.org","@graph":[{"@type":"WebPage","@id":"https:\/\/elfsight.com\/de\/website-translator-widget\/facebook\/","url":"https:\/\/elfsight.com\/de\/website-translator-widget\/facebook\/","name":"Website-\u00dcbersetzer-Widget \u2013 Integrieren Sie einen kostenlosen \u00dcbersetzer f\u00fcr Facebook","isPartOf":{"@id":"https:\/\/elfsight.com\/de\/#website"},"datePublished":"2024-09-30T18:27:29+00:00","dateModified":"2025-02-25T07:07:09+00:00","description":"F\u00fcgen Sie Ihrer Facebook-Seite ein codefreies Website-\u00dcbersetzer-Widget hinzu. Nutzen Sie die Online-Demo von Elfsight, um m\u00fchelos Ihre individuelle L\u00f6sung zu generieren.","breadcrumb":{"@id":"https:\/\/elfsight.com\/de\/website-translator-widget\/facebook\/#breadcrumb"},"inLanguage":"de","potentialAction":[{"@type":"ReadAction","target":["https:\/\/elfsight.com\/de\/website-translator-widget\/facebook\/"]}]},{"@type":"BreadcrumbList","@id":"https:\/\/elfsight.com\/de\/website-translator-widget\/facebook\/#breadcrumb","itemListElement":[{"@type":"ListItem","position":1,"name":"Home","item":"https:\/\/elfsight.com\/de\/"},{"@type":"ListItem","position":2,"name":"Website Translator","item":"https:\/\/elfsight.com\/de\/website-translator-widget\/"},{"@type":"ListItem","position":3,"name":"website translator &#8211; facebook page"}]},{"@type":"WebSite","@id":"https:\/\/elfsight.com\/de\/#website","url":"https:\/\/elfsight.com\/de\/","name":"Elfsight DE","description":"Just another Elfsight Sites site","potentialAction":[{"@type":"SearchAction","target":{"@type":"EntryPoint","urlTemplate":"https:\/\/elfsight.com\/de\/?s={search_term_string}"},"query-input":{"@type":"PropertyValueSpecification","valueRequired":true,"valueName":"search_term_string"}}],"inLanguage":"de"}]}},"meta_box":{"industry":"","seo_heading":"","heading":"","description":"","cta_heading":"","cta_description":"","application":"22463","h1":"Widget \u201eFacebook-Seiten-Website-\u00dcbersetzer\u201c","h1_caption":"\u00dcbersetzen Sie den Inhalt Ihrer Website automatisch in mehrere Sprachen und machen Sie ihn so m\u00fchelos einem globalen Publikum auf Ihrer Facebook-Seite zug\u00e4nglich.","application_category":[],"applications_title":"","applications_request_title":"","applications_request_button_text":"","hero_text":"","hero_video":"","hero_video_schema_markup":"","selling_points_title":"","selling_points_caption":"","selling_points":[],"selling_points_cta_text":"","features_title":"","features":"","ed_cta_examples_text":"","ed_cta_examples_hidden":"","ed_cta_demo_text":"","ed_cta_demo_hidden":"","why_caption":"","why_editor_title":"","why_editor_text":"","why_team_title":"","why_team_text":"","why_service_title":"","why_service_text":"","template_catalog_visible":"0","template_catalog_title":"","template_catalog_text":"","template_catalog_categories_visible":"","demo_title":"Erstellen Sie Ihr Website-\u00dcbersetzer-Widget","demo_caption":"Configure your Website Translator and add it to your Facebook Page website for free!","default_faq_hidden":"","app_template_category":[],"platform":"216","template_public_id":"","codecanyon_url":"","codecanyon_item_id":"","codecanyon_price":"","pricing_caption":"","pricing_elfsight_apps_hide_column":"","pricing_elfsight_apps_url":"","pricing_codecanyon_price_caption":"","integration_category":[],"integration_request_title":"","integration_request_cta":"","integration_platform":"","integrations":[],"platform_category":[],"video_schema_markup":"","price":"ab 0 $ \/ Monat","trial":"","benefits":[{"text":"Kostenlose Installationshilfe"},{"text":"Premium-Support"},{"text":"14-t\u00e4gige Geld-zur\u00fcck-Garantie"},{"text":"Kontinuierliche Weiterentwicklung"}],"button_url":"#demo","button_target_blank":"0","button_nofollow":"0","attributes":[{"name":"Installieren","content":"50,000 - 100,000"},{"name":"Reaktionsfreudig","content":"Ja"},{"name":"Kompatible Browser","content":"Firefox, Safari, Opera, Chrome, Edge"}],"tags":[],"tags_disable_links":"0","hide_more_platforms":"0","video_object":"","demo_hide_cta":"0","demo_hide_cloud_options":"0","pricing_title":"","pricing":[{"pricing_icon":"platform","pricing_title":"Elfsight Apps","pricing_title_caption":"Plattform\u00fcbergreifende digitale L\u00f6sung","pricing_price":"ab 0 $ \/ Monat","pricing_price_caption":"Beginnen Sie mit einem kostenlosen Plan","pricing_benefits":[{"text":"Unbegrenzte Websites"},{"text":"Kostenloser Unternehmenssupport"},{"text":"Kostenloser Installationsservice"},{"text":"Flexibles Design"}],"pricing_button_text":"Zur Website hinzuf\u00fcgen","pricing_button_url":"#demo"}],"related_apps_title":"","related_apps_hidden":"0","author":"","image":[],"title":"","job":"","social_networks":[]},"_links":{"self":[{"href":"https:\/\/elfsight.com\/de\/wp-json\/wp\/v2\/pages\/23091","targetHints":{"allow":["GET"]}}],"collection":[{"href":"https:\/\/elfsight.com\/de\/wp-json\/wp\/v2\/pages"}],"about":[{"href":"https:\/\/elfsight.com\/de\/wp-json\/wp\/v2\/types\/page"}],"author":[{"embeddable":true,"href":"https:\/\/elfsight.com\/de\/wp-json\/wp\/v2\/users\/9"}],"replies":[{"embeddable":true,"href":"https:\/\/elfsight.com\/de\/wp-json\/wp\/v2\/comments?post=23091"}],"version-history":[{"count":1,"href":"https:\/\/elfsight.com\/de\/wp-json\/wp\/v2\/pages\/23091\/revisions"}],"predecessor-version":[{"id":23095,"href":"https:\/\/elfsight.com\/de\/wp-json\/wp\/v2\/pages\/23091\/revisions\/23095"}],"up":[{"embeddable":true,"href":"https:\/\/elfsight.com\/de\/wp-json\/wp\/v2\/pages\/22468"}],"wp:attachment":[{"href":"https:\/\/elfsight.com\/de\/wp-json\/wp\/v2\/media?parent=23091"}],"curies":[{"name":"wp","href":"https:\/\/api.w.org\/{rel}","templated":true}]}}