{"id":23085,"date":"2024-09-30T18:27:29","date_gmt":"2024-09-30T18:27:29","guid":{"rendered":"https:\/\/elfsight.com\/de\/?page_id=23085"},"modified":"2025-07-10T14:01:25","modified_gmt":"2025-07-10T14:01:25","slug":"blogger","status":"publish","type":"page","link":"https:\/\/elfsight.com\/de\/website-translator-widget\/blogger\/","title":{"rendered":"website translator &#8211; blogger"},"content":{"rendered":"<div class=\"application-platform-content-item-description application-platform-content-item\" id=\"description\" data-nav-section=\"description\"> <h2>Betten Sie den Website-\u00dcbersetzer mit einem Elfsight-Plugin in Blogger ein<\/h2> <p>Eine gro\u00dfartige M\u00f6glichkeit, die Online-Leistung Ihres Unternehmens zu verbessern und internationale Interessenten anzulocken Das Publikum f\u00fcgt unser Website-\u00dcbersetzer-Widget f\u00fcr Blogger hinzu. Durch die nahtlose \u00dcbersetzung Ihrer Website-Inhalte garantiert dieses Widget, dass Ihre Botschaft bei Besuchern aus verschiedenen Sprachgemeinschaften Anklang findet, und tr\u00e4gt so dazu bei, Sprachbarrieren abzubauen und die Reichweite Ihres Unternehmens zu vergr\u00f6\u00dfern. <\/p><p>Unser Website-\u00dcbersetzer bietet Ihnen eine sofortige automatische Website-\u00dcbersetzung, die durch Google AI verbessert wird und mehr als 130 Sprachen unterst\u00fctzt. Es kann sich die Sprachpr\u00e4ferenzen des Benutzers merken und so ein individuelles Surferlebnis schaffen, das die Besucher besch\u00e4ftigt. Globalisieren Sie Ihre Blogger-Website nahtlos und erreichen Sie mithilfe der fortschrittlichen \u00dcbersetzungstechnologie unterschiedliche Zielgruppen. <\/p><p><b>Bewerben Sie Ihre Produkte und Dienstleistungen auf der ganzen Welt mit dem benutzerfreundlichen Sprachwechsel-Widget! <\/b><\/p><\/div> <div class=\"application-platform-content-item-features application-platform-content-item\" id=\"features\" data-nav-section=\"features\"> <h2>Das Widget verf\u00fcgt \u00fcber n\u00fctzliche und unkomplizierte Funktionen, sehen Sie sich einige davon an: <\/h2><ul><li>sofortige automatisierte Website-\u00dcbersetzung <\/li><li>Google AI-verst\u00e4rkte \u00dcbersetzung<\/li><li>Pflege von mehr als 130 Sprachen<\/li><li>Benutzer erhalten Einstellungen<\/li><li>Viele Vorlagen-Widget-Stile<\/li><\/ul><p><a href=\"#demo\">Sehen Sie sich einfach diese Demo an, um die Funktionalit\u00e4t des Widgets zu verstehen<\/a><\/p><\/div> <div class=\"application-platform-content-item-installation application-platform-content-item\" id=\"installation\" data-nav-section=\"installation\"> <h2>Wie integriere ich Website Translator in meine Blogger-Plattform? <\/h2><p>Befolgen Sie einfach die folgenden Richtlinien, um das Tool zu aktivieren. <\/p><ol><li><b>Starten Sie unseren kostenlosen Konfigurator und beginnen Sie mit der Gestaltung Ihres individuellen Plugins. <\/b><br>Bestimmen Sie die bevorzugte Form und Optionen des Tools und speichern Sie die \u00c4nderungen. <\/li> <li><b>Lassen Sie sich den pers\u00f6nlichen Code in der speziellen Form auf Elfsight Apps anzeigen. <\/b><br>Wenn die Konfiguration Ihres Plugins abgeschlossen ist, kopieren Sie den einzelnen Code aus dem angezeigten Feld und speichern Sie ihn f\u00fcr zuk\u00fcnftige Gelegenheiten. <\/li> <li><b>Initiieren Sie den Einsatz des Plugins auf der Blogger-Seite. <\/b><br>F\u00fcgen Sie den Code, den Sie zuvor kopiert haben, in Ihre Webseite ein und \u00fcbernehmen Sie die Korrekturen. <\/li> <li><b>Fertig! Der Aufbau ist vollst\u00e4ndig abgeschlossen. <\/b><br>Besuchen Sie Ihre Website, um zu sehen, wie das Plugin funktioniert. <\/li><\/ol><p>Wenn Sie auf Schwierigkeiten sto\u00dfen, wenden Sie sich bitte an unser Kundendienstteam. Unsere Spezialisten helfen Ihnen gerne bei allen Schwierigkeiten, die Sie mit dem Produkt haben. <\/p><\/div>","protected":false},"excerpt":{"rendered":"","protected":false},"author":9,"featured_media":0,"parent":22468,"menu_order":0,"comment_status":"closed","ping_status":"closed","template":"templates\/template-application-platform.php","meta":{"publish_to_discourse":"","publish_post_category":"","wpdc_auto_publish_overridden":"","wpdc_topic_tags":"","wpdc_pin_topic":"","wpdc_pin_until":"","discourse_post_id":"","discourse_permalink":"","wpdc_publishing_response":"","wpdc_publishing_error":"","footnotes":""},"class_list":["post-23085","page","type-page","status-publish","hentry"],"yoast_head":"<!-- This site is optimized with the Yoast SEO plugin v25.3.1 - https:\/\/yoast.com\/wordpress\/plugins\/seo\/ -->\n<title>Website-\u00dcbersetzer-Widget \u2013 F\u00fcgen Sie Blogger einen Sofort\u00fcbersetzer hinzu<\/title>\n<meta name=\"description\" content=\"F\u00fcgen Sie Ihrer Blogger-Website ein nahtloses Website-\u00dcbersetzer-Widget hinzu. Schauen Sie sich die benutzerfreundliche Demo von Elfsight an, um m\u00fchelos Ihre einzigartige L\u00f6sung zu erstellen.\" \/>\n<meta name=\"robots\" content=\"index, follow, max-snippet:-1, max-image-preview:large, max-video-preview:-1\" \/>\n<link rel=\"canonical\" href=\"https:\/\/elfsight.com\/de\/website-translator-widget\/blogger\/\" \/>\n<meta property=\"og:locale\" content=\"de_DE\" \/>\n<meta property=\"og:type\" content=\"article\" \/>\n<meta property=\"og:title\" content=\"Website-\u00dcbersetzer-Widget \u2013 F\u00fcgen Sie Blogger einen Sofort\u00fcbersetzer hinzu\" \/>\n<meta property=\"og:description\" content=\"F\u00fcgen Sie Ihrer Blogger-Website ein nahtloses Website-\u00dcbersetzer-Widget hinzu. Schauen Sie sich die benutzerfreundliche Demo von Elfsight an, um m\u00fchelos Ihre einzigartige L\u00f6sung zu erstellen.\" \/>\n<meta property=\"og:url\" content=\"https:\/\/elfsight.com\/de\/website-translator-widget\/blogger\/\" \/>\n<meta property=\"og:site_name\" content=\"Elfsight DE\" \/>\n<meta property=\"article:modified_time\" content=\"2025-07-10T14:01:25+00:00\" \/>\n<meta name=\"twitter:card\" content=\"summary_large_image\" \/>\n<meta name=\"twitter:label1\" content=\"Gesch\u00e4tzte Lesezeit\" \/>\n\t<meta name=\"twitter:data1\" content=\"2\u00a0Minuten\" \/>\n<!-- \/ Yoast SEO plugin. -->","yoast_head_json":{"title":"Website-\u00dcbersetzer-Widget \u2013 F\u00fcgen Sie Blogger einen Sofort\u00fcbersetzer hinzu","description":"F\u00fcgen Sie Ihrer Blogger-Website ein nahtloses Website-\u00dcbersetzer-Widget hinzu. Schauen Sie sich die benutzerfreundliche Demo von Elfsight an, um m\u00fchelos Ihre einzigartige L\u00f6sung zu erstellen.","robots":{"index":"index","follow":"follow","max-snippet":"max-snippet:-1","max-image-preview":"max-image-preview:large","max-video-preview":"max-video-preview:-1"},"canonical":"https:\/\/elfsight.com\/de\/website-translator-widget\/blogger\/","og_locale":"de_DE","og_type":"article","og_title":"Website-\u00dcbersetzer-Widget \u2013 F\u00fcgen Sie Blogger einen Sofort\u00fcbersetzer hinzu","og_description":"F\u00fcgen Sie Ihrer Blogger-Website ein nahtloses Website-\u00dcbersetzer-Widget hinzu. Schauen Sie sich die benutzerfreundliche Demo von Elfsight an, um m\u00fchelos Ihre einzigartige L\u00f6sung zu erstellen.","og_url":"https:\/\/elfsight.com\/de\/website-translator-widget\/blogger\/","og_site_name":"Elfsight DE","article_modified_time":"2025-07-10T14:01:25+00:00","twitter_card":"summary_large_image","twitter_misc":{"Gesch\u00e4tzte Lesezeit":"2\u00a0Minuten"},"schema":{"@context":"https:\/\/schema.org","@graph":[{"@type":"WebPage","@id":"https:\/\/elfsight.com\/de\/website-translator-widget\/blogger\/","url":"https:\/\/elfsight.com\/de\/website-translator-widget\/blogger\/","name":"Website-\u00dcbersetzer-Widget \u2013 F\u00fcgen Sie Blogger einen Sofort\u00fcbersetzer hinzu","isPartOf":{"@id":"https:\/\/elfsight.com\/de\/#website"},"datePublished":"2024-09-30T18:27:29+00:00","dateModified":"2025-07-10T14:01:25+00:00","description":"F\u00fcgen Sie Ihrer Blogger-Website ein nahtloses Website-\u00dcbersetzer-Widget hinzu. Schauen Sie sich die benutzerfreundliche Demo von Elfsight an, um m\u00fchelos Ihre einzigartige L\u00f6sung zu erstellen.","breadcrumb":{"@id":"https:\/\/elfsight.com\/de\/website-translator-widget\/blogger\/#breadcrumb"},"inLanguage":"de","potentialAction":[{"@type":"ReadAction","target":["https:\/\/elfsight.com\/de\/website-translator-widget\/blogger\/"]}]},{"@type":"BreadcrumbList","@id":"https:\/\/elfsight.com\/de\/website-translator-widget\/blogger\/#breadcrumb","itemListElement":[{"@type":"ListItem","position":1,"name":"Home","item":"https:\/\/elfsight.com\/de\/"},{"@type":"ListItem","position":2,"name":"Website Translator","item":"https:\/\/elfsight.com\/de\/website-translator-widget\/"},{"@type":"ListItem","position":3,"name":"website translator &#8211; blogger"}]},{"@type":"WebSite","@id":"https:\/\/elfsight.com\/de\/#website","url":"https:\/\/elfsight.com\/de\/","name":"Elfsight DE","description":"Just another Elfsight Sites site","potentialAction":[{"@type":"SearchAction","target":{"@type":"EntryPoint","urlTemplate":"https:\/\/elfsight.com\/de\/?s={search_term_string}"},"query-input":{"@type":"PropertyValueSpecification","valueRequired":true,"valueName":"search_term_string"}}],"inLanguage":"de"}]}},"meta_box":{"industry":"","seo_heading":"","heading":"","description":"","cta_heading":"","cta_description":"","application":"22466","h1":"Blogger-Website-\u00dcbersetzer-Widget","h1_caption":"\u00dcbersetzen Sie den Inhalt Ihrer Website automatisch in mehrere Sprachen und machen Sie ihn so m\u00fchelos einem globalen Publikum auf Ihrer Blogger-Website zug\u00e4nglich.","application_category":[],"applications_title":"","applications_request_title":"","applications_request_button_text":"","hero_text":"","hero_video":"","hero_video_schema_markup":"","selling_points_title":"","selling_points_caption":"","selling_points":[],"selling_points_cta_text":"","features_title":"","features":"","ed_cta_examples_text":"","ed_cta_examples_hidden":"","ed_cta_demo_text":"","ed_cta_demo_hidden":"","why_caption":"","why_editor_title":"","why_editor_text":"","why_team_title":"","why_team_text":"","why_service_title":"","why_service_text":"","template_catalog_visible":"0","template_catalog_title":"","template_catalog_text":"","template_catalog_categories_visible":"","demo_title":"Erstellen Sie Ihr Website-\u00dcbersetzer-Widget","demo_caption":"Configure your Website Translator and add it to your Blogger website for free!","default_faq_hidden":"","app_template_category":[],"platform":"262","template_public_id":"","codecanyon_url":"","codecanyon_item_id":"","codecanyon_price":"","pricing_caption":"","pricing_elfsight_apps_hide_column":"","pricing_elfsight_apps_url":"","pricing_codecanyon_price_caption":"","integration_category":[],"integration_request_title":"","integration_request_cta":"","integration_platform":"","integrations":[],"platform_category":[],"video_schema_markup":"","price":"ab 0 $ \/ Monat","trial":"","benefits":[{"text":"Kostenloser Installationsservice"},{"text":"Kompetenter Kundenservice"},{"text":"14-t\u00e4gige Geld-zur\u00fcck-Garantie"},{"text":"Kontinuierliche Weiterentwicklung"}],"button_url":"#demo","button_target_blank":"","button_nofollow":"","attributes":[{"name":"Installieren","content":"50,000 - 100,000"},{"name":"Reaktionsfreudig","content":"Ja"},{"name":"Kompatible Browser","content":"Firefox, Safari, Opera, Chrome, Edge"}],"tags":[],"tags_disable_links":"","hide_more_platforms":"","video_object":"","demo_hide_cta":"","demo_hide_cloud_options":"","pricing_title":"","pricing":[{"pricing_icon":"platform","pricing_title":"Elfsight Apps","pricing_title_caption":"Plattformunabh\u00e4ngige digitale L\u00f6sung","pricing_price":"ab 0 $ \/ Monat","pricing_price_caption":"Beginnen Sie mit einem kostenlosen Plan","pricing_benefits":[{"text":"Unbegrenzte Domains"},{"text":"Erstklassiger und p\u00fcnktlicher Support und gut dokumentiert"},{"text":"Kostenlose Installationsunterst\u00fctzung"},{"text":"Vollst\u00e4ndig anpassbar"}],"pricing_button_text":"Zur Website hinzuf\u00fcgen","pricing_button_url":"#demo"}],"related_apps_title":"","related_apps_hidden":"","author":"","image":[],"title":"","job":"","social_networks":[]},"_links":{"self":[{"href":"https:\/\/elfsight.com\/de\/wp-json\/wp\/v2\/pages\/23085","targetHints":{"allow":["GET"]}}],"collection":[{"href":"https:\/\/elfsight.com\/de\/wp-json\/wp\/v2\/pages"}],"about":[{"href":"https:\/\/elfsight.com\/de\/wp-json\/wp\/v2\/types\/page"}],"author":[{"embeddable":true,"href":"https:\/\/elfsight.com\/de\/wp-json\/wp\/v2\/users\/9"}],"replies":[{"embeddable":true,"href":"https:\/\/elfsight.com\/de\/wp-json\/wp\/v2\/comments?post=23085"}],"version-history":[{"count":1,"href":"https:\/\/elfsight.com\/de\/wp-json\/wp\/v2\/pages\/23085\/revisions"}],"predecessor-version":[{"id":23089,"href":"https:\/\/elfsight.com\/de\/wp-json\/wp\/v2\/pages\/23085\/revisions\/23089"}],"up":[{"embeddable":true,"href":"https:\/\/elfsight.com\/de\/wp-json\/wp\/v2\/pages\/22468"}],"wp:attachment":[{"href":"https:\/\/elfsight.com\/de\/wp-json\/wp\/v2\/media?parent=23085"}],"curies":[{"name":"wp","href":"https:\/\/api.w.org\/{rel}","templated":true}]}}