{"id":23084,"date":"2024-09-30T18:27:29","date_gmt":"2024-09-30T18:27:29","guid":{"rendered":"https:\/\/elfsight.com\/de\/?page_id=23084"},"modified":"2025-07-10T14:03:40","modified_gmt":"2025-07-10T14:03:40","slug":"woocommerce","status":"publish","type":"page","link":"https:\/\/elfsight.com\/de\/website-translator-widget\/woocommerce\/","title":{"rendered":"website translator &#8211; woocommerce"},"content":{"rendered":"<div class=\"application-platform-content-item-description application-platform-content-item\" id=\"description\" data-nav-section=\"description\"> <h2>Betten Sie den Website-\u00dcbersetzer mit einem Elfsight-Plugin in WooCommerce ein<\/h2> <p>Eine sch\u00f6ne Idee, um die Online-Pr\u00e4senz Ihres Unternehmens zu verbessern und eine internationale Pr\u00e4senz zu erreichen Das Publikum erh\u00e4lt unser Website-\u00dcbersetzer-Widget f\u00fcr WooCommerce. Durch die reibungslose \u00dcbersetzung Ihrer Website-Inhalte garantiert dieses Widget, dass Ihre Botschaft Besucher aus verschiedenen Sprachgemeinschaften anspricht, was dazu beitr\u00e4gt, Sprachbarrieren zu \u00fcberwinden und Ihre Marktreichweite zu vergr\u00f6\u00dfern. <\/p><p>Unser Website-\u00dcbersetzer bietet Ihnen eine sofortige automatisierte Website-\u00dcbersetzung, die von Google AI gesteuert wird und mehr als 130 Sprachen unterst\u00fctzt. Es merkt sich die Sprachauswahl der Besucher und schafft so ein personalisiertes Surferlebnis, das die Nutzer besch\u00e4ftigt. Globalisieren Sie Ihre WooCommerce-Website m\u00fchelos und erreichen Sie mithilfe der fortschrittlichen \u00dcbersetzungstechnologie verschiedene Zielgruppen. <\/p><p><b>Bewerben Sie Ihre Waren und Dienstleistungen \u00fcberall auf der Welt mit dem unkomplizierten Sprachwechsel-Widget! <\/b><\/p><\/div> <div class=\"application-platform-content-item-features application-platform-content-item\" id=\"features\" data-nav-section=\"features\"> <h2>Dies sind nur einige der zahlreichen Widget-Funktionen: <\/h2><ul><li>Sofortige automatisierte Website-\u00dcbersetzung<\/li><li>Google AI-gesteuerte \u00dcbersetzung<\/li><li>Pflege von mehr als 130 Sprachen<\/li><li>Behalten der Benutzereinstellungen<\/li><li>Mehrere Vorlagen-Widget Stile<\/li><\/ul><p><a href=\"#demo\">Sie k\u00f6nnen die volle Funktionalit\u00e4t des Widgets in der Demo unten testen<\/a><\/p><\/div> <div class=\"application-platform-content-item-\u201eInstallation\u201c application-platform-content-item\" id=\"\u201eInstallation\u201c\" data-nav-section=\"\u201eInstallation\u201c\"> <h2>Wie bette ich den Website-\u00dcbersetzer in meine WooCommerce-Seiten ein? <\/h2><p>Befolgen Sie einfach die nachstehenden Anweisungen, um das Widget einzubetten. <\/p><ol><li><b>Nutzen Sie unsere kostenlose Demo und beginnen Sie mit der Gestaltung Ihres personalisierten Widgets. <\/b><br>Geben Sie die ausgew\u00e4hlte Schnittstelle und die Funktionsmerkmale des Plugins an und wenden Sie die Korrekturen an. <\/li> <li><b>Erhalten Sie Ihren individuellen Code, der in der Box auf Elfsight Apps angezeigt wird. <\/b><br>Kopieren Sie direkt nach Abschluss der Erstellung Ihres Tools den einzelnen Code im angezeigten Fenster und bewahren Sie ihn f\u00fcr einen sp\u00e4teren Bedarf auf. <\/li> <li><b>Beginnen Sie mit der Verwendung des Tools auf Ihrer WooCommerce-Website. <\/b><br>F\u00fcgen Sie den k\u00fcrzlich gespeicherten Code in Ihre Homepage ein und speichern Sie die \u00c4nderungen. <\/li> <li><b>Das Setup wurde erfolgreich durchgef\u00fchrt. <\/b><br>Gehen Sie auf Ihre Website, um sich die Arbeit des Plugins anzusehen. <\/li><\/ol><p>Wenn Sie auf Schwierigkeiten sto\u00dfen, wenden Sie sich bitte schriftlich an unseren Kundendienst. Unsere Mitarbeiter helfen Ihnen gerne bei allen Fragen, die Sie zum Widget haben. <\/p><\/div>","protected":false},"excerpt":{"rendered":"","protected":false},"author":9,"featured_media":0,"parent":22468,"menu_order":0,"comment_status":"closed","ping_status":"closed","template":"templates\/template-application-platform.php","meta":{"publish_to_discourse":"","publish_post_category":"","wpdc_auto_publish_overridden":"","wpdc_topic_tags":"","wpdc_pin_topic":"","wpdc_pin_until":"","discourse_post_id":"","discourse_permalink":"","wpdc_publishing_response":"","wpdc_publishing_error":"","footnotes":""},"class_list":["post-23084","page","type-page","status-publish","hentry"],"yoast_head":"<!-- This site is optimized with the Yoast SEO plugin v25.3.1 - https:\/\/yoast.com\/wordpress\/plugins\/seo\/ -->\n<title>Website-\u00dcbersetzer-Widget \u2013 Integrieren Sie den Schnell\u00fcbersetzer in WooCommerce<\/title>\n<meta name=\"description\" content=\"F\u00fcgen Sie Ihrer WooCommerce-Website ein codefreies Website-\u00dcbersetzer-Widget hinzu. Probieren Sie die Online-Demo von Elfsight aus, um ganz einfach Ihre individuelle L\u00f6sung zu erstellen.\" \/>\n<meta name=\"robots\" content=\"index, follow, max-snippet:-1, max-image-preview:large, max-video-preview:-1\" \/>\n<link rel=\"canonical\" href=\"https:\/\/elfsight.com\/de\/website-translator-widget\/woocommerce\/\" \/>\n<meta property=\"og:locale\" content=\"de_DE\" \/>\n<meta property=\"og:type\" content=\"article\" \/>\n<meta property=\"og:title\" content=\"Website-\u00dcbersetzer-Widget \u2013 Integrieren Sie den Schnell\u00fcbersetzer in WooCommerce\" \/>\n<meta property=\"og:description\" content=\"F\u00fcgen Sie Ihrer WooCommerce-Website ein codefreies Website-\u00dcbersetzer-Widget hinzu. Probieren Sie die Online-Demo von Elfsight aus, um ganz einfach Ihre individuelle L\u00f6sung zu erstellen.\" \/>\n<meta property=\"og:url\" content=\"https:\/\/elfsight.com\/de\/website-translator-widget\/woocommerce\/\" \/>\n<meta property=\"og:site_name\" content=\"Elfsight DE\" \/>\n<meta property=\"article:modified_time\" content=\"2025-07-10T14:03:40+00:00\" \/>\n<meta name=\"twitter:card\" content=\"summary_large_image\" \/>\n<meta name=\"twitter:label1\" content=\"Gesch\u00e4tzte Lesezeit\" \/>\n\t<meta name=\"twitter:data1\" content=\"2\u00a0Minuten\" \/>\n<!-- \/ Yoast SEO plugin. -->","yoast_head_json":{"title":"Website-\u00dcbersetzer-Widget \u2013 Integrieren Sie den Schnell\u00fcbersetzer in WooCommerce","description":"F\u00fcgen Sie Ihrer WooCommerce-Website ein codefreies Website-\u00dcbersetzer-Widget hinzu. Probieren Sie die Online-Demo von Elfsight aus, um ganz einfach Ihre individuelle L\u00f6sung zu erstellen.","robots":{"index":"index","follow":"follow","max-snippet":"max-snippet:-1","max-image-preview":"max-image-preview:large","max-video-preview":"max-video-preview:-1"},"canonical":"https:\/\/elfsight.com\/de\/website-translator-widget\/woocommerce\/","og_locale":"de_DE","og_type":"article","og_title":"Website-\u00dcbersetzer-Widget \u2013 Integrieren Sie den Schnell\u00fcbersetzer in WooCommerce","og_description":"F\u00fcgen Sie Ihrer WooCommerce-Website ein codefreies Website-\u00dcbersetzer-Widget hinzu. Probieren Sie die Online-Demo von Elfsight aus, um ganz einfach Ihre individuelle L\u00f6sung zu erstellen.","og_url":"https:\/\/elfsight.com\/de\/website-translator-widget\/woocommerce\/","og_site_name":"Elfsight DE","article_modified_time":"2025-07-10T14:03:40+00:00","twitter_card":"summary_large_image","twitter_misc":{"Gesch\u00e4tzte Lesezeit":"2\u00a0Minuten"},"schema":{"@context":"https:\/\/schema.org","@graph":[{"@type":"WebPage","@id":"https:\/\/elfsight.com\/de\/website-translator-widget\/woocommerce\/","url":"https:\/\/elfsight.com\/de\/website-translator-widget\/woocommerce\/","name":"Website-\u00dcbersetzer-Widget \u2013 Integrieren Sie den Schnell\u00fcbersetzer in WooCommerce","isPartOf":{"@id":"https:\/\/elfsight.com\/de\/#website"},"datePublished":"2024-09-30T18:27:29+00:00","dateModified":"2025-07-10T14:03:40+00:00","description":"F\u00fcgen Sie Ihrer WooCommerce-Website ein codefreies Website-\u00dcbersetzer-Widget hinzu. Probieren Sie die Online-Demo von Elfsight aus, um ganz einfach Ihre individuelle L\u00f6sung zu erstellen.","breadcrumb":{"@id":"https:\/\/elfsight.com\/de\/website-translator-widget\/woocommerce\/#breadcrumb"},"inLanguage":"de","potentialAction":[{"@type":"ReadAction","target":["https:\/\/elfsight.com\/de\/website-translator-widget\/woocommerce\/"]}]},{"@type":"BreadcrumbList","@id":"https:\/\/elfsight.com\/de\/website-translator-widget\/woocommerce\/#breadcrumb","itemListElement":[{"@type":"ListItem","position":1,"name":"Home","item":"https:\/\/elfsight.com\/de\/"},{"@type":"ListItem","position":2,"name":"Website Translator","item":"https:\/\/elfsight.com\/de\/website-translator-widget\/"},{"@type":"ListItem","position":3,"name":"website translator &#8211; woocommerce"}]},{"@type":"WebSite","@id":"https:\/\/elfsight.com\/de\/#website","url":"https:\/\/elfsight.com\/de\/","name":"Elfsight DE","description":"Just another Elfsight Sites site","potentialAction":[{"@type":"SearchAction","target":{"@type":"EntryPoint","urlTemplate":"https:\/\/elfsight.com\/de\/?s={search_term_string}"},"query-input":{"@type":"PropertyValueSpecification","valueRequired":true,"valueName":"search_term_string"}}],"inLanguage":"de"}]}},"meta_box":{"industry":"","seo_heading":"","heading":"","description":"","cta_heading":"","cta_description":"","application":"22463","h1":"WooCommerce-Website-\u00dcbersetzer-Plugin","h1_caption":"\u00dcbersetzen Sie den Inhalt Ihrer Website automatisch in mehrere Sprachen und machen Sie ihn so m\u00fchelos einem globalen Publikum auf Ihrer WooCommerce-Website zug\u00e4nglich.","application_category":[],"applications_title":"","applications_request_title":"","applications_request_button_text":"","hero_text":"","hero_video":"","hero_video_schema_markup":"","selling_points_title":"","selling_points_caption":"","selling_points":[],"selling_points_cta_text":"","features_title":"","features":"","ed_cta_examples_text":"","ed_cta_examples_hidden":"","ed_cta_demo_text":"","ed_cta_demo_hidden":"","why_caption":"","why_editor_title":"","why_editor_text":"","why_team_title":"","why_team_text":"","why_service_title":"","why_service_text":"","template_catalog_visible":"0","template_catalog_title":"","template_catalog_text":"","template_catalog_categories_visible":"","demo_title":"Erstellen Sie Ihre Website-\u00dcbersetzer-App","demo_caption":"Configure your Website Translator and add it to your WooCommerce website for free!","default_faq_hidden":"","app_template_category":[],"platform":"200","template_public_id":"","codecanyon_url":"","codecanyon_item_id":"","codecanyon_price":"","pricing_caption":"","pricing_elfsight_apps_hide_column":"","pricing_elfsight_apps_url":"","pricing_codecanyon_price_caption":"","integration_category":[],"integration_request_title":"","integration_request_cta":"","integration_platform":"","integrations":[],"platform_category":[],"video_schema_markup":"","price":"ab 0 $ \/ Monat","trial":"","benefits":[{"text":"Kostenlose Installationsunterst\u00fctzung"},{"text":"Kompetenter Kundenservice"},{"text":"14-t\u00e4gige Geld-zur\u00fcck-Garantie"},{"text":"Lebenslange Verbesserungen"}],"button_url":"#demo","button_target_blank":"","button_nofollow":"","attributes":[{"name":"Installieren","content":"50,000 - 100,000"},{"name":"Reaktionsfreudig","content":"Ja"},{"name":"Kompatible Browser","content":"Firefox, Safari, Opera, Chrome, Edge"}],"tags":[],"tags_disable_links":"","hide_more_platforms":"","video_object":"","demo_hide_cta":"","demo_hide_cloud_options":"","pricing_title":"","pricing":[{"pricing_icon":"platform","pricing_title":"Elfsight Apps","pricing_title_caption":"Plattformunabh\u00e4ngige L\u00f6sung","pricing_price":"ab 0 $ \/ Monat","pricing_price_caption":"Beginnen Sie mit einem kostenlosen Plan","pricing_benefits":[{"text":"Unbegrenzte Domains"},{"text":"Kostenloser und p\u00fcnktlicher Support und gut dokumentiert"},{"text":"Kostenlose Installationshilfe"},{"text":"100 % anpassbar"}],"pricing_button_text":"Zur Website hinzuf\u00fcgen","pricing_button_url":"#demo"}],"related_apps_title":"","related_apps_hidden":"","author":"","image":[],"title":"","job":"","social_networks":[]},"_links":{"self":[{"href":"https:\/\/elfsight.com\/de\/wp-json\/wp\/v2\/pages\/23084","targetHints":{"allow":["GET"]}}],"collection":[{"href":"https:\/\/elfsight.com\/de\/wp-json\/wp\/v2\/pages"}],"about":[{"href":"https:\/\/elfsight.com\/de\/wp-json\/wp\/v2\/types\/page"}],"author":[{"embeddable":true,"href":"https:\/\/elfsight.com\/de\/wp-json\/wp\/v2\/users\/9"}],"replies":[{"embeddable":true,"href":"https:\/\/elfsight.com\/de\/wp-json\/wp\/v2\/comments?post=23084"}],"version-history":[{"count":1,"href":"https:\/\/elfsight.com\/de\/wp-json\/wp\/v2\/pages\/23084\/revisions"}],"predecessor-version":[{"id":23088,"href":"https:\/\/elfsight.com\/de\/wp-json\/wp\/v2\/pages\/23084\/revisions\/23088"}],"up":[{"embeddable":true,"href":"https:\/\/elfsight.com\/de\/wp-json\/wp\/v2\/pages\/22468"}],"wp:attachment":[{"href":"https:\/\/elfsight.com\/de\/wp-json\/wp\/v2\/media?parent=23084"}],"curies":[{"name":"wp","href":"https:\/\/api.w.org\/{rel}","templated":true}]}}