{"id":23077,"date":"2024-09-30T18:27:29","date_gmt":"2024-09-30T18:27:29","guid":{"rendered":"https:\/\/elfsight.com\/de\/?page_id=23077"},"modified":"2025-07-10T14:01:38","modified_gmt":"2025-07-10T14:01:38","slug":"drupal","status":"publish","type":"page","link":"https:\/\/elfsight.com\/de\/website-translator-widget\/drupal\/","title":{"rendered":"website translator &#8211; drupal"},"content":{"rendered":"<div class=\"application-platform-content-item-description application-platform-content-item\" id=\"description\" data-nav-section=\"description\"> <h2>Betten Sie den Website-\u00dcbersetzer mit einem Elfsight-Plugin in Drupal ein<\/h2> <p>Eine sch\u00f6ne Idee, um die Online-Leistung Ihres Unternehmens zu verbessern und ein internationales Publikum anzulocken Audience ist die Integration unseres Website-\u00dcbersetzer-Widgets f\u00fcr Drupal. Durch die reibungslose \u00dcbersetzung Ihrer Website-Inhalte garantiert dieses Widget, dass Ihre Botschaft Kunden mit unterschiedlichem Sprachhintergrund anspricht, was dazu beitr\u00e4gt, Sprachbarrieren abzubauen und die Reichweite Ihres Unternehmens zu vergr\u00f6\u00dfern. <\/p><p>Unser Website-\u00dcbersetzer bietet Ihnen eine sofortige automatische Website-\u00dcbersetzung, die durch Google AI verbessert wird und mehr als 130 Sprachen unterst\u00fctzt. Es kann sich die Sprachpr\u00e4ferenzen der Besucher merken und so ein personalisiertes Surferlebnis schaffen, das die Benutzer besch\u00e4ftigt. Globalisieren Sie Ihre Drupal-Website m\u00fchelos und erreichen Sie mithilfe der hochmodernen \u00dcbersetzungsl\u00f6sung vielf\u00e4ltige Zielgruppen. <\/p><p><b>Bewerben Sie Ihre Waren und Dienstleistungen \u00fcberall auf der Welt mit dem benutzerfreundlichen Sprachwechsel-Widget! <\/b><\/p><\/div> <div class=\"application-platform-content-item-features application-platform-content-item\" id=\"features\" data-nav-section=\"features\"> <h2>Wir bieten praktische und schnelle Funktionen, sehen Sie sich einige davon an: <\/h2><ul><li>sofortige automatische Website-\u00dcbersetzung<\/li><li>Google AI-gesteuerte \u00dcbersetzung<\/li><li>Unterst\u00fctzung von mehr als 130 Sprachen<\/li><li>Besuchereinstellungen speichern<\/li><li>Zahlreiche vorgefertigte Widgets Stile<\/li><\/ul><p><a href=\"#demo\">Entdecken Sie alle Anpassungsoptionen in der voll ausgestatteten Demo<\/a><\/p><\/div> <div class=\"application-platform-content-item-installation application-platform-content-item\" id=\"installation\" data-nav-section=\"installation\"> <h2>Wie kann ich Website Translator in meine Drupal-Webseite integrieren? <\/h2><p>F\u00fchren Sie einfach die folgenden Richtlinien aus, um mit der Arbeit mit dem Widget zu beginnen. <\/p><ol><li><b>Starten Sie unseren kostenlosen Editor und beginnen Sie mit der Gestaltung Ihres einzigartigen Widgets. <\/b><br>W\u00e4hlen Sie die benutzerdefinierte Benutzeroberfl\u00e4che und Funktionalit\u00e4t des Tools und wenden Sie die Korrekturen an. <\/li> <li><b>Kopieren Sie Ihren pers\u00f6nlichen Code, der im Fenster von Elfsight Apps angezeigt wird. <\/b><br>Sobald die Einrichtung Ihres Tools abgeschlossen ist, kopieren Sie den einzelnen Code aus dem angezeigten Popup und speichern Sie ihn f\u00fcr die weitere Verwendung. <\/li> <li><b>Erste Schritte mit der Verwendung des Widgets auf der Drupal-Website. <\/b><br>F\u00fcgen Sie den zuletzt gespeicherten Code in Ihre Webseite ein und speichern Sie die \u00c4nderungen. <\/li> <li><b>Fertig! Die Integration ist vollst\u00e4ndig abgeschlossen. <\/b><br>Gehen Sie zu Ihrer Website, um zu sehen, wie das Widget funktioniert. <\/li><\/ol><p>Wenn Sie Fragen haben oder auf Schwierigkeiten sto\u00dfen, z\u00f6gern Sie nicht, unserem Support-Team zu schreiben. Unsere Mitarbeiter sind bestrebt, alle Ihre Fragen zum Widget zu beantworten. <\/p><\/div>","protected":false},"excerpt":{"rendered":"","protected":false},"author":9,"featured_media":0,"parent":22468,"menu_order":0,"comment_status":"closed","ping_status":"closed","template":"templates\/template-application-platform.php","meta":{"publish_to_discourse":"","publish_post_category":"","wpdc_auto_publish_overridden":"","wpdc_topic_tags":"","wpdc_pin_topic":"","wpdc_pin_until":"","discourse_post_id":"","discourse_permalink":"","wpdc_publishing_response":"","wpdc_publishing_error":"","footnotes":""},"class_list":["post-23077","page","type-page","status-publish","hentry"],"yoast_head":"<!-- This site is optimized with the Yoast SEO plugin v25.3.1 - https:\/\/yoast.com\/wordpress\/plugins\/seo\/ -->\n<title>Website-\u00dcbersetzer-Widget \u2013 Integrieren Sie einen kostenlosen \u00dcbersetzer f\u00fcr Drupal<\/title>\n<meta name=\"description\" content=\"F\u00fcgen Sie Ihrer Drupal-Website ein nahtloses Website-\u00dcbersetzer-Widget hinzu. Nutzen Sie die benutzerfreundliche Demo von Elfsight, um ganz einfach Ihre individuelle L\u00f6sung zu erstellen.\" \/>\n<meta name=\"robots\" content=\"index, follow, max-snippet:-1, max-image-preview:large, max-video-preview:-1\" \/>\n<link rel=\"canonical\" href=\"https:\/\/elfsight.com\/de\/website-translator-widget\/drupal\/\" \/>\n<meta property=\"og:locale\" content=\"de_DE\" \/>\n<meta property=\"og:type\" content=\"article\" \/>\n<meta property=\"og:title\" content=\"Website-\u00dcbersetzer-Widget \u2013 Integrieren Sie einen kostenlosen \u00dcbersetzer f\u00fcr Drupal\" \/>\n<meta property=\"og:description\" content=\"F\u00fcgen Sie Ihrer Drupal-Website ein nahtloses Website-\u00dcbersetzer-Widget hinzu. Nutzen Sie die benutzerfreundliche Demo von Elfsight, um ganz einfach Ihre individuelle L\u00f6sung zu erstellen.\" \/>\n<meta property=\"og:url\" content=\"https:\/\/elfsight.com\/de\/website-translator-widget\/drupal\/\" \/>\n<meta property=\"og:site_name\" content=\"Elfsight DE\" \/>\n<meta property=\"article:modified_time\" content=\"2025-07-10T14:01:38+00:00\" \/>\n<meta name=\"twitter:card\" content=\"summary_large_image\" \/>\n<meta name=\"twitter:label1\" content=\"Gesch\u00e4tzte Lesezeit\" \/>\n\t<meta name=\"twitter:data1\" content=\"2\u00a0Minuten\" \/>\n<!-- \/ Yoast SEO plugin. -->","yoast_head_json":{"title":"Website-\u00dcbersetzer-Widget \u2013 Integrieren Sie einen kostenlosen \u00dcbersetzer f\u00fcr Drupal","description":"F\u00fcgen Sie Ihrer Drupal-Website ein nahtloses Website-\u00dcbersetzer-Widget hinzu. Nutzen Sie die benutzerfreundliche Demo von Elfsight, um ganz einfach Ihre individuelle L\u00f6sung zu erstellen.","robots":{"index":"index","follow":"follow","max-snippet":"max-snippet:-1","max-image-preview":"max-image-preview:large","max-video-preview":"max-video-preview:-1"},"canonical":"https:\/\/elfsight.com\/de\/website-translator-widget\/drupal\/","og_locale":"de_DE","og_type":"article","og_title":"Website-\u00dcbersetzer-Widget \u2013 Integrieren Sie einen kostenlosen \u00dcbersetzer f\u00fcr Drupal","og_description":"F\u00fcgen Sie Ihrer Drupal-Website ein nahtloses Website-\u00dcbersetzer-Widget hinzu. Nutzen Sie die benutzerfreundliche Demo von Elfsight, um ganz einfach Ihre individuelle L\u00f6sung zu erstellen.","og_url":"https:\/\/elfsight.com\/de\/website-translator-widget\/drupal\/","og_site_name":"Elfsight DE","article_modified_time":"2025-07-10T14:01:38+00:00","twitter_card":"summary_large_image","twitter_misc":{"Gesch\u00e4tzte Lesezeit":"2\u00a0Minuten"},"schema":{"@context":"https:\/\/schema.org","@graph":[{"@type":"WebPage","@id":"https:\/\/elfsight.com\/de\/website-translator-widget\/drupal\/","url":"https:\/\/elfsight.com\/de\/website-translator-widget\/drupal\/","name":"Website-\u00dcbersetzer-Widget \u2013 Integrieren Sie einen kostenlosen \u00dcbersetzer f\u00fcr Drupal","isPartOf":{"@id":"https:\/\/elfsight.com\/de\/#website"},"datePublished":"2024-09-30T18:27:29+00:00","dateModified":"2025-07-10T14:01:38+00:00","description":"F\u00fcgen Sie Ihrer Drupal-Website ein nahtloses Website-\u00dcbersetzer-Widget hinzu. Nutzen Sie die benutzerfreundliche Demo von Elfsight, um ganz einfach Ihre individuelle L\u00f6sung zu erstellen.","breadcrumb":{"@id":"https:\/\/elfsight.com\/de\/website-translator-widget\/drupal\/#breadcrumb"},"inLanguage":"de","potentialAction":[{"@type":"ReadAction","target":["https:\/\/elfsight.com\/de\/website-translator-widget\/drupal\/"]}]},{"@type":"BreadcrumbList","@id":"https:\/\/elfsight.com\/de\/website-translator-widget\/drupal\/#breadcrumb","itemListElement":[{"@type":"ListItem","position":1,"name":"Home","item":"https:\/\/elfsight.com\/de\/"},{"@type":"ListItem","position":2,"name":"Website Translator","item":"https:\/\/elfsight.com\/de\/website-translator-widget\/"},{"@type":"ListItem","position":3,"name":"website translator &#8211; drupal"}]},{"@type":"WebSite","@id":"https:\/\/elfsight.com\/de\/#website","url":"https:\/\/elfsight.com\/de\/","name":"Elfsight DE","description":"Just another Elfsight Sites site","potentialAction":[{"@type":"SearchAction","target":{"@type":"EntryPoint","urlTemplate":"https:\/\/elfsight.com\/de\/?s={search_term_string}"},"query-input":{"@type":"PropertyValueSpecification","valueRequired":true,"valueName":"search_term_string"}}],"inLanguage":"de"}]}},"meta_box":{"industry":"","seo_heading":"","heading":"","description":"","cta_heading":"","cta_description":"","application":"22463","h1":"Drupal-Website-\u00dcbersetzer-Modul","h1_caption":"\u00dcbersetzen Sie den Inhalt Ihrer Website automatisch in mehrere Sprachen und machen Sie ihn so m\u00fchelos einem globalen Publikum auf Ihrer Drupal-Website zug\u00e4nglich.","application_category":[],"applications_title":"","applications_request_title":"","applications_request_button_text":"","hero_text":"","hero_video":"","hero_video_schema_markup":"","selling_points_title":"","selling_points_caption":"","selling_points":[],"selling_points_cta_text":"","features_title":"","features":"","ed_cta_examples_text":"","ed_cta_examples_hidden":"","ed_cta_demo_text":"","ed_cta_demo_hidden":"","why_caption":"","why_editor_title":"","why_editor_text":"","why_team_title":"","why_team_text":"","why_service_title":"","why_service_text":"","template_catalog_visible":"0","template_catalog_title":"","template_catalog_text":"","template_catalog_categories_visible":"","demo_title":"Erstellen Sie Ihr Website-\u00dcbersetzer-Modul","demo_caption":"Configure your Website Translator and add it to your Drupal website for free!","default_faq_hidden":"","app_template_category":[],"platform":"261","template_public_id":"","codecanyon_url":"","codecanyon_item_id":"","codecanyon_price":"","pricing_caption":"","pricing_elfsight_apps_hide_column":"","pricing_elfsight_apps_url":"","pricing_codecanyon_price_caption":"","integration_category":[],"integration_request_title":"","integration_request_cta":"","integration_platform":"","integrations":[],"platform_category":[],"video_schema_markup":"","price":"ab 0 $ \/ Monat","trial":"","benefits":[{"text":"Kostenloser Installationsservice"},{"text":"Premium-Support"},{"text":"14-t\u00e4gige Geld-zur\u00fcck-Garantie"},{"text":"St\u00e4ndige Aktualisierung"}],"button_url":"#demo","button_target_blank":"","button_nofollow":"","attributes":[{"name":"Installieren","content":"50,000 - 100,000"},{"name":"Reaktionsfreudig","content":"Ja"},{"name":"Kompatible Browser","content":"Firefox, Safari, Opera, Chrome, Edge"}],"tags":[],"tags_disable_links":"","hide_more_platforms":"","video_object":"","demo_hide_cta":"","demo_hide_cloud_options":"","pricing_title":"","pricing":[{"pricing_icon":"platform","pricing_title":"Elfsight Apps","pricing_title_caption":"Plattformunabh\u00e4ngige digitale L\u00f6sung","pricing_price":"ab 0 $ \/ Monat","pricing_price_caption":"Beginnen Sie mit einem kostenlosen Plan","pricing_benefits":[{"text":"Unbegrenzte Websites"},{"text":"Kostenloser Unternehmenssupport"},{"text":"Kostenloser Installationsservice"},{"text":"Vollst\u00e4ndig anpassbar"}],"pricing_button_text":"Zur Website hinzuf\u00fcgen","pricing_button_url":"#demo"}],"related_apps_title":"","related_apps_hidden":"","author":"","image":[],"title":"","job":"","social_networks":[]},"_links":{"self":[{"href":"https:\/\/elfsight.com\/de\/wp-json\/wp\/v2\/pages\/23077","targetHints":{"allow":["GET"]}}],"collection":[{"href":"https:\/\/elfsight.com\/de\/wp-json\/wp\/v2\/pages"}],"about":[{"href":"https:\/\/elfsight.com\/de\/wp-json\/wp\/v2\/types\/page"}],"author":[{"embeddable":true,"href":"https:\/\/elfsight.com\/de\/wp-json\/wp\/v2\/users\/9"}],"replies":[{"embeddable":true,"href":"https:\/\/elfsight.com\/de\/wp-json\/wp\/v2\/comments?post=23077"}],"version-history":[{"count":1,"href":"https:\/\/elfsight.com\/de\/wp-json\/wp\/v2\/pages\/23077\/revisions"}],"predecessor-version":[{"id":23081,"href":"https:\/\/elfsight.com\/de\/wp-json\/wp\/v2\/pages\/23077\/revisions\/23081"}],"up":[{"embeddable":true,"href":"https:\/\/elfsight.com\/de\/wp-json\/wp\/v2\/pages\/22468"}],"wp:attachment":[{"href":"https:\/\/elfsight.com\/de\/wp-json\/wp\/v2\/media?parent=23077"}],"curies":[{"name":"wp","href":"https:\/\/api.w.org\/{rel}","templated":true}]}}