{"id":23075,"date":"2024-09-30T18:27:29","date_gmt":"2024-09-30T18:27:29","guid":{"rendered":"https:\/\/elfsight.com\/de\/?page_id=23075"},"modified":"2025-07-10T14:02:50","modified_gmt":"2025-07-10T14:02:50","slug":"opencart","status":"publish","type":"page","link":"https:\/\/elfsight.com\/de\/website-translator-widget\/opencart\/","title":{"rendered":"website translator &#8211; opencart"},"content":{"rendered":"<div class=\"application-platform-content-item-description application-platform-content-item\" id=\"description\" data-nav-section=\"description\"> <h2>Betten Sie den Website-\u00dcbersetzer mit einem Elfsight-Plugin in OpenCart ein<\/h2> <p>Eine gro\u00dfartige Idee, um die Online-Pr\u00e4senz Ihres Unternehmens zu steigern und eine internationale Pr\u00e4senz zu erreichen Audience ist die Integration unseres Website-\u00dcbersetzer-Widgets f\u00fcr OpenCart. Durch die reibungslose \u00dcbersetzung Ihrer Website-Inhalte garantiert dieses Widget, dass Ihre Botschaft Kunden aus verschiedenen Sprachgemeinschaften anspricht, was dazu beitr\u00e4gt, Sprachbarrieren abzubauen und die Reichweite Ihres Unternehmens zu vergr\u00f6\u00dfern. <\/p><p>Unser Website-\u00dcbersetzer bietet Ihnen eine sofortige automatische Website-\u00dcbersetzung, die von Google AI unterst\u00fctzt wird und \u00fcber 130 Sprachen unterst\u00fctzt. Es kann sich die Sprachauswahl der Besucher merken und so ein individuelles Surferlebnis erm\u00f6glichen, das die Besucher besch\u00e4ftigt. Globalisieren Sie m\u00fchelos Ihre OpenCart-Website und verbinden Sie sich \u00fcber die hochmoderne \u00dcbersetzungsl\u00f6sung mit verschiedenen Zielgruppen. <\/p><p><b>Bewerben Sie Ihre Produkte und Dienstleistungen auf der ganzen Welt mit dem benutzerfreundlichen Sprachwechsel-Widget! <\/b><\/p><\/div> <div class=\"application-platform-content-item-features application-platform-content-item\" id=\"features\" data-nav-section=\"features\"> <h2>Dies sind nur einige der verschiedenen Widget-Funktionen: <\/h2><ul><li>Sofortige automatische Website-\u00dcbersetzung<\/li><li>Google AI-erweiterte \u00dcbersetzung<\/li><li>Unterst\u00fctzung von \u00fcber 130 Sprachen<\/li><li>Speichern von Benutzereinstellungen<\/li><li>Zahlreiche Vorlagen-Widget-Stile<\/li><\/ul> <p><a href=\"#demo\">Testen Sie alle Anpassungsoptionen in einer Demo mit vollem Funktionsumfang<\/a><\/p><\/div> <div class=\"application-platform-content-item-installation application-platform-content-item\" id=\"installation\" data-nav-section=\"installation\"> <h2>Wie integriere ich die Website? \u00dcbersetzer in meine OpenCart-Webseite? <\/h2><p>Befolgen Sie einfach die folgenden Richtlinien, um mit der Verwendung des Widgets zu beginnen. <\/p><ol><li><b>Starten Sie unseren kostenlosen Editor und beginnen Sie mit der Gestaltung Ihres einzigartigen Instruments. <\/b><br>W\u00e4hlen Sie das gew\u00fcnschte Design und die gew\u00fcnschten Eigenschaften des Plugins und \u00fcbernehmen Sie die \u00c4nderungen. <\/li> <li><b>Kopieren Sie den pers\u00f6nlichen Code, der im Feld von Elfsight Apps angezeigt wird. <\/b><br>Wenn die Einrichtung Ihres Werkzeugs abgeschlossen ist, kopieren Sie den pers\u00f6nlichen Code aus der entstandenen Box und bewahren Sie ihn f\u00fcr einen sp\u00e4teren Anlass auf. <\/li> <li><b>Erste Schritte mit der Verwendung des Tools auf Ihrer OpenCart-Website. <\/b><br>Integrieren Sie den k\u00fcrzlich kopierten Code in Ihre Webseite und \u00fcbernehmen Sie die Anpassungen. <\/li> <li><b>Fertig! Die Einbettung ist erfolgreich abgeschlossen. <\/b><br>Gehen Sie auf Ihre Website, um einen Blick auf die Funktionsweise des Tools zu werfen. <\/li><\/ol><p>Sollten bei Ihnen Probleme auftreten, scheuen Sie sich nicht, unserem Kundenservice zu schreiben. Unsere Spezialisten helfen Ihnen gerne bei allen Schwierigkeiten, die Sie mit dem Widget haben k\u00f6nnten. <\/p><\/div>","protected":false},"excerpt":{"rendered":"","protected":false},"author":9,"featured_media":0,"parent":22468,"menu_order":0,"comment_status":"closed","ping_status":"closed","template":"templates\/template-application-platform.php","meta":{"publish_to_discourse":"","publish_post_category":"","wpdc_auto_publish_overridden":"","wpdc_topic_tags":"","wpdc_pin_topic":"","wpdc_pin_until":"","discourse_post_id":"","discourse_permalink":"","wpdc_publishing_response":"","wpdc_publishing_error":"","footnotes":""},"class_list":["post-23075","page","type-page","status-publish","hentry"],"yoast_head":"<!-- This site is optimized with the Yoast SEO plugin v25.3.1 - https:\/\/yoast.com\/wordpress\/plugins\/seo\/ -->\n<title>Website-\u00dcbersetzer-Widget \u2013 Inhalts\u00fcbersetzer in OpenCart einbetten<\/title>\n<meta name=\"description\" content=\"F\u00fcgen Sie Ihrer OpenCart-Website ein codefreies Website-\u00dcbersetzer-Widget hinzu. Probieren Sie die einfache Demo von Elfsight aus, um ganz einfach Ihre pers\u00f6nliche L\u00f6sung zu erstellen.\" \/>\n<meta name=\"robots\" content=\"index, follow, max-snippet:-1, max-image-preview:large, max-video-preview:-1\" \/>\n<link rel=\"canonical\" href=\"https:\/\/elfsight.com\/de\/website-translator-widget\/opencart\/\" \/>\n<meta property=\"og:locale\" content=\"de_DE\" \/>\n<meta property=\"og:type\" content=\"article\" \/>\n<meta property=\"og:title\" content=\"Website-\u00dcbersetzer-Widget \u2013 Inhalts\u00fcbersetzer in OpenCart einbetten\" \/>\n<meta property=\"og:description\" content=\"F\u00fcgen Sie Ihrer OpenCart-Website ein codefreies Website-\u00dcbersetzer-Widget hinzu. Probieren Sie die einfache Demo von Elfsight aus, um ganz einfach Ihre pers\u00f6nliche L\u00f6sung zu erstellen.\" \/>\n<meta property=\"og:url\" content=\"https:\/\/elfsight.com\/de\/website-translator-widget\/opencart\/\" \/>\n<meta property=\"og:site_name\" content=\"Elfsight DE\" \/>\n<meta property=\"article:modified_time\" content=\"2025-07-10T14:02:50+00:00\" \/>\n<meta name=\"twitter:card\" content=\"summary_large_image\" \/>\n<meta name=\"twitter:label1\" content=\"Gesch\u00e4tzte Lesezeit\" \/>\n\t<meta name=\"twitter:data1\" content=\"2\u00a0Minuten\" \/>\n<!-- \/ Yoast SEO plugin. -->","yoast_head_json":{"title":"Website-\u00dcbersetzer-Widget \u2013 Inhalts\u00fcbersetzer in OpenCart einbetten","description":"F\u00fcgen Sie Ihrer OpenCart-Website ein codefreies Website-\u00dcbersetzer-Widget hinzu. Probieren Sie die einfache Demo von Elfsight aus, um ganz einfach Ihre pers\u00f6nliche L\u00f6sung zu erstellen.","robots":{"index":"index","follow":"follow","max-snippet":"max-snippet:-1","max-image-preview":"max-image-preview:large","max-video-preview":"max-video-preview:-1"},"canonical":"https:\/\/elfsight.com\/de\/website-translator-widget\/opencart\/","og_locale":"de_DE","og_type":"article","og_title":"Website-\u00dcbersetzer-Widget \u2013 Inhalts\u00fcbersetzer in OpenCart einbetten","og_description":"F\u00fcgen Sie Ihrer OpenCart-Website ein codefreies Website-\u00dcbersetzer-Widget hinzu. Probieren Sie die einfache Demo von Elfsight aus, um ganz einfach Ihre pers\u00f6nliche L\u00f6sung zu erstellen.","og_url":"https:\/\/elfsight.com\/de\/website-translator-widget\/opencart\/","og_site_name":"Elfsight DE","article_modified_time":"2025-07-10T14:02:50+00:00","twitter_card":"summary_large_image","twitter_misc":{"Gesch\u00e4tzte Lesezeit":"2\u00a0Minuten"},"schema":{"@context":"https:\/\/schema.org","@graph":[{"@type":"WebPage","@id":"https:\/\/elfsight.com\/de\/website-translator-widget\/opencart\/","url":"https:\/\/elfsight.com\/de\/website-translator-widget\/opencart\/","name":"Website-\u00dcbersetzer-Widget \u2013 Inhalts\u00fcbersetzer in OpenCart einbetten","isPartOf":{"@id":"https:\/\/elfsight.com\/de\/#website"},"datePublished":"2024-09-30T18:27:29+00:00","dateModified":"2025-07-10T14:02:50+00:00","description":"F\u00fcgen Sie Ihrer OpenCart-Website ein codefreies Website-\u00dcbersetzer-Widget hinzu. Probieren Sie die einfache Demo von Elfsight aus, um ganz einfach Ihre pers\u00f6nliche L\u00f6sung zu erstellen.","breadcrumb":{"@id":"https:\/\/elfsight.com\/de\/website-translator-widget\/opencart\/#breadcrumb"},"inLanguage":"de","potentialAction":[{"@type":"ReadAction","target":["https:\/\/elfsight.com\/de\/website-translator-widget\/opencart\/"]}]},{"@type":"BreadcrumbList","@id":"https:\/\/elfsight.com\/de\/website-translator-widget\/opencart\/#breadcrumb","itemListElement":[{"@type":"ListItem","position":1,"name":"Home","item":"https:\/\/elfsight.com\/de\/"},{"@type":"ListItem","position":2,"name":"Website Translator","item":"https:\/\/elfsight.com\/de\/website-translator-widget\/"},{"@type":"ListItem","position":3,"name":"website translator &#8211; opencart"}]},{"@type":"WebSite","@id":"https:\/\/elfsight.com\/de\/#website","url":"https:\/\/elfsight.com\/de\/","name":"Elfsight DE","description":"Just another Elfsight Sites site","potentialAction":[{"@type":"SearchAction","target":{"@type":"EntryPoint","urlTemplate":"https:\/\/elfsight.com\/de\/?s={search_term_string}"},"query-input":{"@type":"PropertyValueSpecification","valueRequired":true,"valueName":"search_term_string"}}],"inLanguage":"de"}]}},"meta_box":{"industry":"","seo_heading":"","heading":"","description":"","cta_heading":"","cta_description":"","application":"22463","h1":"OpenCart Website Translator-Erweiterung","h1_caption":"\u00dcbersetzen Sie den Inhalt Ihrer Website automatisch in mehrere Sprachen und machen Sie ihn so m\u00fchelos einem globalen Publikum auf Ihrer Opencart-Website zug\u00e4nglich.","application_category":[],"applications_title":"","applications_request_title":"","applications_request_button_text":"","hero_text":"","hero_video":"","hero_video_schema_markup":"","selling_points_title":"","selling_points_caption":"","selling_points":[],"selling_points_cta_text":"","features_title":"","features":"","ed_cta_examples_text":"","ed_cta_examples_hidden":"","ed_cta_demo_text":"","ed_cta_demo_hidden":"","why_caption":"","why_editor_title":"","why_editor_text":"","why_team_title":"","why_team_text":"","why_service_title":"","why_service_text":"","template_catalog_visible":"0","template_catalog_title":"","template_catalog_text":"","template_catalog_categories_visible":"","demo_title":"Erstellen Sie Ihre Website-\u00dcbersetzer-Erweiterung","demo_caption":"Configure your Website Translator and add it to your OpenCart website for free!","default_faq_hidden":"","app_template_category":[],"platform":"254","template_public_id":"","codecanyon_url":"","codecanyon_item_id":"","codecanyon_price":"","pricing_caption":"","pricing_elfsight_apps_hide_column":"","pricing_elfsight_apps_url":"","pricing_codecanyon_price_caption":"","integration_category":[],"integration_request_title":"","integration_request_cta":"","integration_platform":"","integrations":[],"platform_category":[],"video_schema_markup":"","price":"ab 0 $ \/ Monat","trial":"","benefits":[{"text":"Kostenlose Installationsunterst\u00fctzung"},{"text":"Kompetenter Kundenservice"},{"text":"14-t\u00e4gige R\u00fcckerstattungsgarantie"},{"text":"Zuk\u00fcnftige Verbesserungen"}],"button_url":"#demo","button_target_blank":"","button_nofollow":"","attributes":[{"name":"Installieren","content":"50,000 - 100,000"},{"name":"Reaktionsfreudig","content":"Ja"},{"name":"Kompatible Browser","content":"Firefox, Safari, Opera, Chrome, Edge"}],"tags":[],"tags_disable_links":"","hide_more_platforms":"","video_object":"","demo_hide_cta":"","demo_hide_cloud_options":"","pricing_title":"","pricing":[{"pricing_icon":"platform","pricing_title":"Elfsight Apps","pricing_title_caption":"Plattformunabh\u00e4ngige digitale L\u00f6sung","pricing_price":"ab 0 $ \/ Monat","pricing_price_caption":"Beginnen Sie mit einem kostenlosen Plan","pricing_benefits":[{"text":"Unbegrenzte Websites"},{"text":"Kostenloser Unternehmenssupport und gut dokumentiert"},{"text":"Kostenlose Installationsunterst\u00fctzung"},{"text":"Flexibles Design"}],"pricing_button_text":"Zur Website hinzuf\u00fcgen","pricing_button_url":"#demo"}],"related_apps_title":"","related_apps_hidden":"","author":"","image":[],"title":"","job":"","social_networks":[]},"_links":{"self":[{"href":"https:\/\/elfsight.com\/de\/wp-json\/wp\/v2\/pages\/23075","targetHints":{"allow":["GET"]}}],"collection":[{"href":"https:\/\/elfsight.com\/de\/wp-json\/wp\/v2\/pages"}],"about":[{"href":"https:\/\/elfsight.com\/de\/wp-json\/wp\/v2\/types\/page"}],"author":[{"embeddable":true,"href":"https:\/\/elfsight.com\/de\/wp-json\/wp\/v2\/users\/9"}],"replies":[{"embeddable":true,"href":"https:\/\/elfsight.com\/de\/wp-json\/wp\/v2\/comments?post=23075"}],"version-history":[{"count":1,"href":"https:\/\/elfsight.com\/de\/wp-json\/wp\/v2\/pages\/23075\/revisions"}],"predecessor-version":[{"id":23079,"href":"https:\/\/elfsight.com\/de\/wp-json\/wp\/v2\/pages\/23075\/revisions\/23079"}],"up":[{"embeddable":true,"href":"https:\/\/elfsight.com\/de\/wp-json\/wp\/v2\/pages\/22468"}],"wp:attachment":[{"href":"https:\/\/elfsight.com\/de\/wp-json\/wp\/v2\/media?parent=23075"}],"curies":[{"name":"wp","href":"https:\/\/api.w.org\/{rel}","templated":true}]}}