{"id":23070,"date":"2024-09-30T18:27:29","date_gmt":"2024-09-30T18:27:29","guid":{"rendered":"https:\/\/elfsight.com\/de\/?page_id=23070"},"modified":"2025-07-10T14:02:34","modified_gmt":"2025-07-10T14:02:34","slug":"jquery","status":"publish","type":"page","link":"https:\/\/elfsight.com\/de\/website-translator-widget\/jquery\/","title":{"rendered":"website translator &#8211; jquery"},"content":{"rendered":"<div class=\"application-platform-content-item-description application-platform-content-item\" id=\"description\" data-nav-section=\"description\"> <h2>Betten Sie den Website-\u00dcbersetzer mit einem Elfsight-Plugin in jQuery ein<\/h2> <p>Eine gro\u00dfartige Idee, um die Online-Pr\u00e4senz Ihres Unternehmens zu verbessern und ein internationales Publikum anzulocken Das Publikum erh\u00e4lt unser Website-\u00dcbersetzer-Widget f\u00fcr jQuery. Durch die reibungslose \u00dcbersetzung Ihrer Website-Inhalte garantiert dieses Widget, dass Ihre Botschaft bei Kunden mit unterschiedlichem Sprachhintergrund Anklang findet, und hilft dabei, Sprachbarrieren zu \u00fcberwinden und Ihre Marktreichweite zu vergr\u00f6\u00dfern. <\/p><p>Unser Website-\u00dcbersetzer bietet eine sofortige automatische Website-\u00dcbersetzung, die von Google AI gesteuert wird und \u00fcber 130 Sprachen unterst\u00fctzt. Es kann sich die Spracheinstellungen der Besucher merken und so ein personalisiertes Surferlebnis erm\u00f6glichen, das die Besucher besch\u00e4ftigt. Globalisieren Sie Ihre jQuery-Website m\u00fchelos und erreichen Sie mithilfe modernster \u00dcbersetzungstechnologie verschiedene Zielgruppen. <\/p><p><b>Bewerben Sie Ihre Produkte und Dienstleistungen auf der ganzen Welt mit dem benutzerfreundlichen Sprachwechsel-Widget! <\/b><\/p><\/div> <div class=\"application-platform-content-item-features application-platform-content-item\" id=\"features\" data-nav-section=\"features\"> <h2>Im Folgenden sind die Hauptfunktionen des Widgets aufgef\u00fchrt: <\/h2><ul><li>Sofortige automatisierte Website-\u00dcbersetzung<\/li><li>Google AI-erweiterte \u00dcbersetzung<\/li><li>Pflege von \u00fcber 130 Sprachen<\/li><li>Behalten der Benutzereinstellungen<\/li><li>Zahlreiche vorgefertigte Widgets Stile<\/li><\/ul><p><a href=\"#demo\">Entdecken Sie alle Personalisierungsfunktionen in der voll ausgestatteten Demo<\/a><\/p><\/div> <div class=\"application-platform-content-item-installation application-platform-content-item\" id=\"installation\" data-nav-section=\"installation\"> <h2>Wie bette ich den Website-\u00dcbersetzer in meine jQuery-Seiten ein? <\/h2><p>Befolgen Sie einfach die nachstehenden Anweisungen, um das Tool zu integrieren. <\/p><ol><li><b>F\u00fchren Sie unsere kostenlose Demo durch und beginnen Sie mit der Erstellung Ihres personalisierten Plugins. <\/b><br>Finden Sie die gew\u00fcnschten Design- und Funktionsmerkmale des Widgets und speichern Sie die Korrekturen. <\/li> <li><b>Sie erhalten den individuellen Code, der im Feld auf Elfsight Apps angezeigt wird. <\/b><br>Nachdem die Erstellung Ihres pers\u00f6nlichen Tools abgeschlossen ist, kopieren Sie den pers\u00f6nlichen Code im erscheinenden Fenster und bewahren Sie ihn f\u00fcr einen sp\u00e4teren Anlass auf. <\/li> <li><b>Initiieren Sie die Verwendung des Plugins auf der jQuery-Seite. <\/b><br>Geben Sie den zuvor gespeicherten Code in Ihre Website ein und \u00fcbernehmen Sie die \u00c4nderungen. <\/li> <li><b>Fertig! Die Einbettung ist vollst\u00e4ndig beendet. <\/b><br>Gehen Sie zu Ihrer Seite, um die Leistung des Widgets zu \u00fcberpr\u00fcfen. <\/li><\/ol><p>Wenn Sie Fragen haben oder auf Komplikationen sto\u00dfen, z\u00f6gern Sie nicht, sich an unser Support-Team zu wenden. Unsere Mitarbeiter sind bestrebt, alle Fragen zu beantworten, die Sie m\u00f6glicherweise mit dem Tool haben. <\/p><\/div>","protected":false},"excerpt":{"rendered":"","protected":false},"author":9,"featured_media":0,"parent":22468,"menu_order":0,"comment_status":"closed","ping_status":"closed","template":"templates\/template-application-platform.php","meta":{"publish_to_discourse":"","publish_post_category":"","wpdc_auto_publish_overridden":"","wpdc_topic_tags":"","wpdc_pin_topic":"","wpdc_pin_until":"","discourse_post_id":"","discourse_permalink":"","wpdc_publishing_response":"","wpdc_publishing_error":"","footnotes":""},"class_list":["post-23070","page","type-page","status-publish","hentry"],"yoast_head":"<!-- This site is optimized with the Yoast SEO plugin v25.3.1 - https:\/\/yoast.com\/wordpress\/plugins\/seo\/ -->\n<title>Website-\u00dcbersetzer-Widget \u2013 Betten Sie den Schnell\u00fcbersetzer in jQuery ein<\/title>\n<meta name=\"description\" content=\"F\u00fcgen Sie Ihrer jQuery-Website ein codefreies Website-\u00dcbersetzer-Widget hinzu. Probieren Sie die schnelle Demo von Elfsight aus, um m\u00fchelos Ihre einzigartige L\u00f6sung zu erstellen.\" \/>\n<meta name=\"robots\" content=\"index, follow, max-snippet:-1, max-image-preview:large, max-video-preview:-1\" \/>\n<link rel=\"canonical\" href=\"https:\/\/elfsight.com\/de\/website-translator-widget\/jquery\/\" \/>\n<meta property=\"og:locale\" content=\"de_DE\" \/>\n<meta property=\"og:type\" content=\"article\" \/>\n<meta property=\"og:title\" content=\"Website-\u00dcbersetzer-Widget \u2013 Betten Sie den Schnell\u00fcbersetzer in jQuery ein\" \/>\n<meta property=\"og:description\" content=\"F\u00fcgen Sie Ihrer jQuery-Website ein codefreies Website-\u00dcbersetzer-Widget hinzu. Probieren Sie die schnelle Demo von Elfsight aus, um m\u00fchelos Ihre einzigartige L\u00f6sung zu erstellen.\" \/>\n<meta property=\"og:url\" content=\"https:\/\/elfsight.com\/de\/website-translator-widget\/jquery\/\" \/>\n<meta property=\"og:site_name\" content=\"Elfsight DE\" \/>\n<meta property=\"article:modified_time\" content=\"2025-07-10T14:02:34+00:00\" \/>\n<meta name=\"twitter:card\" content=\"summary_large_image\" \/>\n<meta name=\"twitter:label1\" content=\"Gesch\u00e4tzte Lesezeit\" \/>\n\t<meta name=\"twitter:data1\" content=\"2\u00a0Minuten\" \/>\n<!-- \/ Yoast SEO plugin. -->","yoast_head_json":{"title":"Website-\u00dcbersetzer-Widget \u2013 Betten Sie den Schnell\u00fcbersetzer in jQuery ein","description":"F\u00fcgen Sie Ihrer jQuery-Website ein codefreies Website-\u00dcbersetzer-Widget hinzu. Probieren Sie die schnelle Demo von Elfsight aus, um m\u00fchelos Ihre einzigartige L\u00f6sung zu erstellen.","robots":{"index":"index","follow":"follow","max-snippet":"max-snippet:-1","max-image-preview":"max-image-preview:large","max-video-preview":"max-video-preview:-1"},"canonical":"https:\/\/elfsight.com\/de\/website-translator-widget\/jquery\/","og_locale":"de_DE","og_type":"article","og_title":"Website-\u00dcbersetzer-Widget \u2013 Betten Sie den Schnell\u00fcbersetzer in jQuery ein","og_description":"F\u00fcgen Sie Ihrer jQuery-Website ein codefreies Website-\u00dcbersetzer-Widget hinzu. Probieren Sie die schnelle Demo von Elfsight aus, um m\u00fchelos Ihre einzigartige L\u00f6sung zu erstellen.","og_url":"https:\/\/elfsight.com\/de\/website-translator-widget\/jquery\/","og_site_name":"Elfsight DE","article_modified_time":"2025-07-10T14:02:34+00:00","twitter_card":"summary_large_image","twitter_misc":{"Gesch\u00e4tzte Lesezeit":"2\u00a0Minuten"},"schema":{"@context":"https:\/\/schema.org","@graph":[{"@type":"WebPage","@id":"https:\/\/elfsight.com\/de\/website-translator-widget\/jquery\/","url":"https:\/\/elfsight.com\/de\/website-translator-widget\/jquery\/","name":"Website-\u00dcbersetzer-Widget \u2013 Betten Sie den Schnell\u00fcbersetzer in jQuery ein","isPartOf":{"@id":"https:\/\/elfsight.com\/de\/#website"},"datePublished":"2024-09-30T18:27:29+00:00","dateModified":"2025-07-10T14:02:34+00:00","description":"F\u00fcgen Sie Ihrer jQuery-Website ein codefreies Website-\u00dcbersetzer-Widget hinzu. Probieren Sie die schnelle Demo von Elfsight aus, um m\u00fchelos Ihre einzigartige L\u00f6sung zu erstellen.","breadcrumb":{"@id":"https:\/\/elfsight.com\/de\/website-translator-widget\/jquery\/#breadcrumb"},"inLanguage":"de","potentialAction":[{"@type":"ReadAction","target":["https:\/\/elfsight.com\/de\/website-translator-widget\/jquery\/"]}]},{"@type":"BreadcrumbList","@id":"https:\/\/elfsight.com\/de\/website-translator-widget\/jquery\/#breadcrumb","itemListElement":[{"@type":"ListItem","position":1,"name":"Home","item":"https:\/\/elfsight.com\/de\/"},{"@type":"ListItem","position":2,"name":"Website Translator","item":"https:\/\/elfsight.com\/de\/website-translator-widget\/"},{"@type":"ListItem","position":3,"name":"website translator &#8211; jquery"}]},{"@type":"WebSite","@id":"https:\/\/elfsight.com\/de\/#website","url":"https:\/\/elfsight.com\/de\/","name":"Elfsight DE","description":"Just another Elfsight Sites site","potentialAction":[{"@type":"SearchAction","target":{"@type":"EntryPoint","urlTemplate":"https:\/\/elfsight.com\/de\/?s={search_term_string}"},"query-input":{"@type":"PropertyValueSpecification","valueRequired":true,"valueName":"search_term_string"}}],"inLanguage":"de"}]}},"meta_box":{"industry":"","seo_heading":"","heading":"","description":"","cta_heading":"","cta_description":"","application":"22463","h1":"jQuery-Website-\u00dcbersetzer-Plugin","h1_caption":"\u00dcbersetzen Sie den Inhalt Ihrer Website automatisch in mehrere Sprachen und machen Sie ihn so m\u00fchelos f\u00fcr ein globales Publikum auf Ihrer jQuery-Website zug\u00e4nglich.","application_category":[],"applications_title":"","applications_request_title":"","applications_request_button_text":"","hero_text":"","hero_video":"","hero_video_schema_markup":"","selling_points_title":"","selling_points_caption":"","selling_points":[],"selling_points_cta_text":"","features_title":"","features":"","ed_cta_examples_text":"","ed_cta_examples_hidden":"","ed_cta_demo_text":"","ed_cta_demo_hidden":"","why_caption":"","why_editor_title":"","why_editor_text":"","why_team_title":"","why_team_text":"","why_service_title":"","why_service_text":"","template_catalog_visible":"0","template_catalog_title":"","template_catalog_text":"","template_catalog_categories_visible":"","demo_title":"Erstellen Sie Ihr Website-\u00dcbersetzer-Plugin","demo_caption":"Configure your Website Translator and add it to your jQuery website for free!","default_faq_hidden":"","app_template_category":[],"platform":"258","template_public_id":"","codecanyon_url":"","codecanyon_item_id":"","codecanyon_price":"","pricing_caption":"","pricing_elfsight_apps_hide_column":"","pricing_elfsight_apps_url":"","pricing_codecanyon_price_caption":"","integration_category":[],"integration_request_title":"","integration_request_cta":"","integration_platform":"","integrations":[],"platform_category":[],"video_schema_markup":"","price":"ab 0 $ \/ Monat","trial":"","benefits":[{"text":"Kostenlose Installationshilfe"},{"text":"Effektiver Kundenservice"},{"text":"14-t\u00e4gige R\u00fcckerstattungsgarantie"},{"text":"Lebenslange Updates"}],"button_url":"#demo","button_target_blank":"","button_nofollow":"","attributes":[{"name":"Installieren","content":"50,000 - 100,000"},{"name":"Reaktionsfreudig","content":"Ja"},{"name":"Kompatible Browser","content":"Firefox, Safari, Opera, Chrome, Edge"}],"tags":[],"tags_disable_links":"","hide_more_platforms":"","video_object":"","demo_hide_cta":"","demo_hide_cloud_options":"","pricing_title":"","pricing":[{"pricing_icon":"platform","pricing_title":"Elfsight Apps","pricing_title_caption":"Plattformunabh\u00e4ngige L\u00f6sung, die auf jeder Site funktioniert","pricing_price":"ab 0 $ \/ Monat","pricing_price_caption":"Beginnen Sie mit einem kostenlosen Plan","pricing_benefits":[{"text":"Unbegrenzte Websites"},{"text":"Engagierter und p\u00fcnktlicher Support"},{"text":"Kostenloser Installationssupport"},{"text":"100 % anpassbar"}],"pricing_button_text":"Zur Website hinzuf\u00fcgen","pricing_button_url":"#demo"}],"related_apps_title":"","related_apps_hidden":"","author":"","image":[],"title":"","job":"","social_networks":[]},"_links":{"self":[{"href":"https:\/\/elfsight.com\/de\/wp-json\/wp\/v2\/pages\/23070","targetHints":{"allow":["GET"]}}],"collection":[{"href":"https:\/\/elfsight.com\/de\/wp-json\/wp\/v2\/pages"}],"about":[{"href":"https:\/\/elfsight.com\/de\/wp-json\/wp\/v2\/types\/page"}],"author":[{"embeddable":true,"href":"https:\/\/elfsight.com\/de\/wp-json\/wp\/v2\/users\/9"}],"replies":[{"embeddable":true,"href":"https:\/\/elfsight.com\/de\/wp-json\/wp\/v2\/comments?post=23070"}],"version-history":[{"count":1,"href":"https:\/\/elfsight.com\/de\/wp-json\/wp\/v2\/pages\/23070\/revisions"}],"predecessor-version":[{"id":23074,"href":"https:\/\/elfsight.com\/de\/wp-json\/wp\/v2\/pages\/23070\/revisions\/23074"}],"up":[{"embeddable":true,"href":"https:\/\/elfsight.com\/de\/wp-json\/wp\/v2\/pages\/22468"}],"wp:attachment":[{"href":"https:\/\/elfsight.com\/de\/wp-json\/wp\/v2\/media?parent=23070"}],"curies":[{"name":"wp","href":"https:\/\/api.w.org\/{rel}","templated":true}]}}