{"id":23067,"date":"2024-09-30T18:27:29","date_gmt":"2024-09-30T18:27:29","guid":{"rendered":"https:\/\/elfsight.com\/de\/?page_id=23067"},"modified":"2025-07-10T14:02:56","modified_gmt":"2025-07-10T14:02:56","slug":"prestashop","status":"publish","type":"page","link":"https:\/\/elfsight.com\/de\/website-translator-widget\/prestashop\/","title":{"rendered":"website translator &#8211; prestashop"},"content":{"rendered":"<div class=\"application-platform-content-item-description application-platform-content-item\" id=\"description\" data-nav-section=\"description\"> <h2>Betten Sie den Website-\u00dcbersetzer mit einem Elfsight-Plugin in PrestaShop ein<\/h2> <p>Eine hilfreiche Idee, um die Online-Pr\u00e4senz Ihres Unternehmens zu steigern und internationale Interessenten anzulocken Das Publikum bettet unser Website-\u00dcbersetzer-Widget f\u00fcr PrestaShop ein. Durch die nahtlose \u00dcbersetzung Ihrer Website-Inhalte garantiert dieses Widget, dass Ihre Botschaft Besucher aus verschiedenen Sprachgemeinschaften anspricht, und hilft dabei, Sprachbarrieren zu \u00fcberwinden und die Reichweite Ihres Unternehmens zu vergr\u00f6\u00dfern. <\/p><p>Unser Website-\u00dcbersetzer bietet Ihnen eine sofortige automatisierte Website-\u00dcbersetzung, die von Google AI gesteuert wird und mehr als 130 Sprachen unterst\u00fctzt. Es merkt sich die Spracheinstellungen des Benutzers und schafft so ein personalisiertes Surferlebnis, das die Benutzer besch\u00e4ftigt. Globalisieren Sie Ihre PrestaShop-Website nahtlos und verbinden Sie sich \u00fcber die fortschrittliche \u00dcbersetzungstechnologie mit verschiedenen Zielgruppen. <\/p><p><b>Bieten Sie Ihre Waren und Dienstleistungen weltweit mit dem unkomplizierten Sprachwechsel-Widget an! <\/b><\/p><\/div> <div class=\"application-platform-content-item-features application-platform-content-item\" id=\"features\" data-nav-section=\"features\"> <h2>Hier sind zentrale Funktionen des Widgets: <\/h2><ul><li>Sofortige automatisierte Website-\u00dcbersetzung<\/li><li>Google AI-gesteuerte \u00dcbersetzung<\/li><li>Pflege von mehr als 130 Sprachen<\/li><li>Besuchereinstellungen speichern<\/li><li>Mehrere vordefinierte Widget-Stile<\/li><\/ul><p><a href=\"#demo\">Probieren Sie alle Anpassungsoptionen in der Demo mit vollem Funktionsumfang aus<\/a><\/p><\/div> <div class=\"application-platform-content-item-installation application-platform-content-item\" id=\"installation\" data-nav-section=\"installation\"> <h2>Wie integriere ich Website Translator? in meine PrestaShop-Plattform? <\/h2><p>Befolgen Sie einfach die unten aufgef\u00fchrten Schritte, um das Widget zu integrieren. <\/p><ol><li><b>Starten Sie unseren kostenlosen Editor und beginnen Sie mit der Erstellung Ihres benutzerdefinierten Widgets. <\/b><br>W\u00e4hlen Sie das bevorzugte Layout und die Funktionen des Plugins und wenden Sie die Korrekturen an. <\/li> <li><b>Sie erhalten Ihren pers\u00f6nlichen Code, der im Fenster von Elfsight Apps angezeigt wird. <\/b><br>Nachdem die Anpassung Ihres Tools abgeschlossen ist, kopieren Sie den pers\u00f6nlichen Code aus dem angezeigten Popup und bewahren Sie ihn f\u00fcr eine sp\u00e4tere Gelegenheit auf. <\/li> <li><b>Initiieren Sie die Nutzung des Widgets auf der PrestaShop-Homepage. <\/b><br>F\u00fcgen Sie den Code, den Sie k\u00fcrzlich gespeichert haben, auf Ihrer Seite ein und speichern Sie die Anpassungen. <\/li> <li><b>Du bist fertig! Die Integration ist vollst\u00e4ndig durchgef\u00fchrt. <\/b><br>Gehen Sie auf Ihre Website, um zu \u00fcberpr\u00fcfen, wie das Widget funktioniert. <\/li><\/ol><p>Wenn Sie auf Hindernisse sto\u00dfen, z\u00f6gern Sie nicht, sich bei unserem Support-Team zu bewerben. Unsere Mitarbeiter sind bestrebt, alle Schwierigkeiten zu l\u00f6sen, die Sie m\u00f6glicherweise mit dem Tool haben. <\/p><\/div>","protected":false},"excerpt":{"rendered":"","protected":false},"author":9,"featured_media":0,"parent":22468,"menu_order":0,"comment_status":"closed","ping_status":"closed","template":"templates\/template-application-platform.php","meta":{"publish_to_discourse":"","publish_post_category":"","wpdc_auto_publish_overridden":"","wpdc_topic_tags":"","wpdc_pin_topic":"","wpdc_pin_until":"","discourse_post_id":"","discourse_permalink":"","wpdc_publishing_response":"","wpdc_publishing_error":"","footnotes":""},"class_list":["post-23067","page","type-page","status-publish","hentry"],"yoast_head":"<!-- This site is optimized with the Yoast SEO plugin v25.3.1 - https:\/\/yoast.com\/wordpress\/plugins\/seo\/ -->\n<title>Website-\u00dcbersetzer-Widget \u2013 F\u00fcgen Sie einen Inhalts\u00fcbersetzer zu PrestaShop hinzu<\/title>\n<meta name=\"description\" content=\"F\u00fcgen Sie Ihrer PrestaShop-Website ein nahtloses Website-\u00dcbersetzer-Widget hinzu. Nutzen Sie die schnelle Demo von Elfsight, um m\u00fchelos Ihre individuelle L\u00f6sung zu erstellen.\" \/>\n<meta name=\"robots\" content=\"index, follow, max-snippet:-1, max-image-preview:large, max-video-preview:-1\" \/>\n<link rel=\"canonical\" href=\"https:\/\/elfsight.com\/de\/website-translator-widget\/prestashop\/\" \/>\n<meta property=\"og:locale\" content=\"de_DE\" \/>\n<meta property=\"og:type\" content=\"article\" \/>\n<meta property=\"og:title\" content=\"Website-\u00dcbersetzer-Widget \u2013 F\u00fcgen Sie einen Inhalts\u00fcbersetzer zu PrestaShop hinzu\" \/>\n<meta property=\"og:description\" content=\"F\u00fcgen Sie Ihrer PrestaShop-Website ein nahtloses Website-\u00dcbersetzer-Widget hinzu. Nutzen Sie die schnelle Demo von Elfsight, um m\u00fchelos Ihre individuelle L\u00f6sung zu erstellen.\" \/>\n<meta property=\"og:url\" content=\"https:\/\/elfsight.com\/de\/website-translator-widget\/prestashop\/\" \/>\n<meta property=\"og:site_name\" content=\"Elfsight DE\" \/>\n<meta property=\"article:modified_time\" content=\"2025-07-10T14:02:56+00:00\" \/>\n<meta name=\"twitter:card\" content=\"summary_large_image\" \/>\n<meta name=\"twitter:label1\" content=\"Gesch\u00e4tzte Lesezeit\" \/>\n\t<meta name=\"twitter:data1\" content=\"2\u00a0Minuten\" \/>\n<!-- \/ Yoast SEO plugin. -->","yoast_head_json":{"title":"Website-\u00dcbersetzer-Widget \u2013 F\u00fcgen Sie einen Inhalts\u00fcbersetzer zu PrestaShop hinzu","description":"F\u00fcgen Sie Ihrer PrestaShop-Website ein nahtloses Website-\u00dcbersetzer-Widget hinzu. Nutzen Sie die schnelle Demo von Elfsight, um m\u00fchelos Ihre individuelle L\u00f6sung zu erstellen.","robots":{"index":"index","follow":"follow","max-snippet":"max-snippet:-1","max-image-preview":"max-image-preview:large","max-video-preview":"max-video-preview:-1"},"canonical":"https:\/\/elfsight.com\/de\/website-translator-widget\/prestashop\/","og_locale":"de_DE","og_type":"article","og_title":"Website-\u00dcbersetzer-Widget \u2013 F\u00fcgen Sie einen Inhalts\u00fcbersetzer zu PrestaShop hinzu","og_description":"F\u00fcgen Sie Ihrer PrestaShop-Website ein nahtloses Website-\u00dcbersetzer-Widget hinzu. Nutzen Sie die schnelle Demo von Elfsight, um m\u00fchelos Ihre individuelle L\u00f6sung zu erstellen.","og_url":"https:\/\/elfsight.com\/de\/website-translator-widget\/prestashop\/","og_site_name":"Elfsight DE","article_modified_time":"2025-07-10T14:02:56+00:00","twitter_card":"summary_large_image","twitter_misc":{"Gesch\u00e4tzte Lesezeit":"2\u00a0Minuten"},"schema":{"@context":"https:\/\/schema.org","@graph":[{"@type":"WebPage","@id":"https:\/\/elfsight.com\/de\/website-translator-widget\/prestashop\/","url":"https:\/\/elfsight.com\/de\/website-translator-widget\/prestashop\/","name":"Website-\u00dcbersetzer-Widget \u2013 F\u00fcgen Sie einen Inhalts\u00fcbersetzer zu PrestaShop hinzu","isPartOf":{"@id":"https:\/\/elfsight.com\/de\/#website"},"datePublished":"2024-09-30T18:27:29+00:00","dateModified":"2025-07-10T14:02:56+00:00","description":"F\u00fcgen Sie Ihrer PrestaShop-Website ein nahtloses Website-\u00dcbersetzer-Widget hinzu. Nutzen Sie die schnelle Demo von Elfsight, um m\u00fchelos Ihre individuelle L\u00f6sung zu erstellen.","breadcrumb":{"@id":"https:\/\/elfsight.com\/de\/website-translator-widget\/prestashop\/#breadcrumb"},"inLanguage":"de","potentialAction":[{"@type":"ReadAction","target":["https:\/\/elfsight.com\/de\/website-translator-widget\/prestashop\/"]}]},{"@type":"BreadcrumbList","@id":"https:\/\/elfsight.com\/de\/website-translator-widget\/prestashop\/#breadcrumb","itemListElement":[{"@type":"ListItem","position":1,"name":"Home","item":"https:\/\/elfsight.com\/de\/"},{"@type":"ListItem","position":2,"name":"Website Translator","item":"https:\/\/elfsight.com\/de\/website-translator-widget\/"},{"@type":"ListItem","position":3,"name":"website translator &#8211; prestashop"}]},{"@type":"WebSite","@id":"https:\/\/elfsight.com\/de\/#website","url":"https:\/\/elfsight.com\/de\/","name":"Elfsight DE","description":"Just another Elfsight Sites site","potentialAction":[{"@type":"SearchAction","target":{"@type":"EntryPoint","urlTemplate":"https:\/\/elfsight.com\/de\/?s={search_term_string}"},"query-input":{"@type":"PropertyValueSpecification","valueRequired":true,"valueName":"search_term_string"}}],"inLanguage":"de"}]}},"meta_box":{"industry":"","seo_heading":"","heading":"","description":"","cta_heading":"","cta_description":"","application":"22463","h1":"PrestaShop-Website-\u00dcbersetzer-Add-on","h1_caption":"\u00dcbersetzen Sie den Inhalt Ihrer Website automatisch in mehrere Sprachen und machen Sie ihn so m\u00fchelos einem globalen Publikum auf Ihrer Prestashop-Website zug\u00e4nglich.","application_category":[],"applications_title":"","applications_request_title":"","applications_request_button_text":"","hero_text":"","hero_video":"","hero_video_schema_markup":"","selling_points_title":"","selling_points_caption":"","selling_points":[],"selling_points_cta_text":"","features_title":"","features":"","ed_cta_examples_text":"","ed_cta_examples_hidden":"","ed_cta_demo_text":"","ed_cta_demo_hidden":"","why_caption":"","why_editor_title":"","why_editor_text":"","why_team_title":"","why_team_text":"","why_service_title":"","why_service_text":"","template_catalog_visible":"0","template_catalog_title":"","template_catalog_text":"","template_catalog_categories_visible":"","demo_title":"Erstellen Sie Ihr Website-\u00dcbersetzer-Add-on","demo_caption":"Configure your Website Translator and add it to your PrestaShop website for free!","default_faq_hidden":"","app_template_category":[],"platform":"3811","template_public_id":"","codecanyon_url":"","codecanyon_item_id":"","codecanyon_price":"","pricing_caption":"","pricing_elfsight_apps_hide_column":"","pricing_elfsight_apps_url":"","pricing_codecanyon_price_caption":"","integration_category":[],"integration_request_title":"","integration_request_cta":"","integration_platform":"","integrations":[],"platform_category":[],"video_schema_markup":"","price":"ab 0 $ \/ Monat","trial":"","benefits":[{"text":"Kostenlose Installationsunterst\u00fctzung"},{"text":"Au\u00dfergew\u00f6hnliche Unterst\u00fctzung"},{"text":"14-t\u00e4gige R\u00fcckerstattungsgarantie"},{"text":"Kontinuierliche Weiterentwicklung"}],"button_url":"#demo","button_target_blank":"","button_nofollow":"","attributes":[{"name":"Installieren","content":"50,000 - 100,000"},{"name":"Reaktionsfreudig","content":"Ja"},{"name":"Kompatible Browser","content":"Firefox, Safari, Opera, Chrome, Edge"}],"tags":[],"tags_disable_links":"","hide_more_platforms":"","video_object":"","demo_hide_cta":"","demo_hide_cloud_options":"","pricing_title":"","pricing":[{"pricing_icon":"platform","pricing_title":"Elfsight Apps","pricing_title_caption":"#VALUE!","pricing_price":"ab 0 $ \/ Monat","pricing_price_caption":"Beginnen Sie mit einem kostenlosen Plan","pricing_benefits":[{"text":"#VALUE!"},{"text":"#VALUE!"},{"text":"#VALUE!"},{"text":"#VALUE!"}],"pricing_button_text":"Zur Website hinzuf\u00fcgen","pricing_button_url":"#demo"}],"related_apps_title":"","related_apps_hidden":"","author":"","image":[],"title":"","job":"","social_networks":[]},"_links":{"self":[{"href":"https:\/\/elfsight.com\/de\/wp-json\/wp\/v2\/pages\/23067","targetHints":{"allow":["GET"]}}],"collection":[{"href":"https:\/\/elfsight.com\/de\/wp-json\/wp\/v2\/pages"}],"about":[{"href":"https:\/\/elfsight.com\/de\/wp-json\/wp\/v2\/types\/page"}],"author":[{"embeddable":true,"href":"https:\/\/elfsight.com\/de\/wp-json\/wp\/v2\/users\/9"}],"replies":[{"embeddable":true,"href":"https:\/\/elfsight.com\/de\/wp-json\/wp\/v2\/comments?post=23067"}],"version-history":[{"count":1,"href":"https:\/\/elfsight.com\/de\/wp-json\/wp\/v2\/pages\/23067\/revisions"}],"predecessor-version":[{"id":23071,"href":"https:\/\/elfsight.com\/de\/wp-json\/wp\/v2\/pages\/23067\/revisions\/23071"}],"up":[{"embeddable":true,"href":"https:\/\/elfsight.com\/de\/wp-json\/wp\/v2\/pages\/22468"}],"wp:attachment":[{"href":"https:\/\/elfsight.com\/de\/wp-json\/wp\/v2\/media?parent=23067"}],"curies":[{"name":"wp","href":"https:\/\/api.w.org\/{rel}","templated":true}]}}