{"id":23060,"date":"2024-09-30T18:27:29","date_gmt":"2024-09-30T18:27:29","guid":{"rendered":"https:\/\/elfsight.com\/de\/?page_id=23060"},"modified":"2025-02-19T11:31:11","modified_gmt":"2025-02-19T11:31:11","slug":"facebook","status":"publish","type":"page","link":"https:\/\/elfsight.com\/de\/appointment-booking-widget\/facebook\/","title":{"rendered":"appointment booking &#8211; facebook page"},"content":{"rendered":"\n<div class=\"application-platform-content-item-description application-platform-content-item\" id=\"description\" data-nav-section=\"description\"><h2>Terminbuchung auf Facebook-Seite mit dem Elfsight-Widget einbetten!<\/h2> <p>Das Terminbuchungs-Widget soll potenziellen Kunden bei der Sicherheit helfen Zeitfenster bequem auf der Website Ihrer Facebook-Seite einrichten und so den manuellen Aufwand minimieren \u2013 wie zum Beispiel, st\u00e4ndig erreichbar zu bleiben, um keine Nachrichten, Anrufe und E-Mails von Ihnen zu verpassen. Es dient als engagierter Empfangsmitarbeiter, der rund um die Uhr in Bereitschaft ist, automatische Best\u00e4tigungen sendet und mit speziellen Integrationen wie Google Kalender verbunden werden kann.<\/p> <p>Dies ist der richtige Zeitpunkt, um Ihre Dienstleistung oder Veranstaltung genauer zu erl\u00e4utern Legen Sie den Zeitrahmen fest, geben Sie Kontaktinformationen an und legen Sie die Preise fest, um es den Kunden so einfach zu machen, sich zu entscheiden. Dar\u00fcber hinaus k\u00f6nnen Sie das Aussehen des Widgets anpassen, indem Sie benutzerdefinierte Elemente und Funktionen optimieren, ohne dass Sie Ihre Programmierkenntnisse perfektionieren oder einen erfahrenen Programmierer beauftragen m\u00fcssen!<\/p> <p><b>Lassen Sie Ihr Unternehmen rocken und einem breiteren Publikum zug\u00e4nglich machen Klientel durch Online-Terminbuchung auf Ihrer Website!<\/b><\/p> <\/div> <div class=\"application-platform-content-item-features application-platform-content-item\" id=\"features\" data-nav-section=\"features\"> <h2>Dies sind nur einige der umfangreichen Widget-Funktionen:<\/h2> <ul><li>Stellen Sie eine pr\u00e4gnante Darstellung Ihres Dienstes bereit \u2013 Name, Details, Bild und Dauer \u2013 und legen Sie die Preise in verschiedenen W\u00e4hrungen fest.<\/li><li>Automatisch senden Benachrichtigungen, um den Kunden und Ihnen selbst die gebuchten Termine zu best\u00e4tigen.<\/li><li>Synchronisieren Sie das Widget mit Outsourcing-Apps wie Google Kalender, um st\u00e4ndige Aktualisierungen sicherzustellen.<\/li><li>Teilen Sie Ihre Gesch\u00e4ftskontaktinformationen als Social Proof und Erm\u00f6glichen Sie Benutzern, Sie im Falle unvorhergesehener Ereignisse zu kontaktieren Umst\u00e4nde.<\/li><li>Erweiterte Anpassung ohne Programmieraufwand: vorgefertigte Vorlagen, Farben, Layouts, Schriftarten, benutzerdefinierter CSS-Editor, benutzerdefinierter JS-Editor usw.<\/li><\/ul><p><a href=\"#demo\">Schauen Sie sich einfach diese Demo an, um zu sehen, was das Widget wert ist<\/a><\/p> <\/div> <div class=\"application-platform-content-item-installation application-platform-content-item\" id=\"installation\" data-nav-section=\"installation\"> <h2>So betten Sie das ein Terminbuchung auf meiner Facebook-Seiten-Website?<\/h2> <div class=\"tip-yellow tip\"><b>Aufgrund der j\u00fcngsten Facebook-\u00c4nderungen und der Umstellung auf die neue Seitenerfahrung ist die Nutzung derzeit nur durch Hinzuf\u00fcgen eines direkten Links zum Widget m\u00f6glich. Wir suchen aktiv nach einer L\u00f6sung und werden die Einrichtung der Facebook-Seite aktualisieren, sobald wir eine M\u00f6glichkeit finden.<\/b><\/div><p>Um die Terminbuchung auf Ihrer Facebook-Seiten-Website einzubetten, f\u00fchren Sie die folgenden Schritte aus:<\/p> <ol><li><b>Verwalten Sie unseren kostenlosen Konfigurator und beginnen Sie mit der Gestaltung Ihres personalisierten LinkedIn-Feed-Widgets.<\/b><br> Bestimmen Sie das bevorzugte Layout und die Funktionen des Plugins und \u00fcbernehmen Sie die \u00c4nderungen.<\/li> <li><b>Erhalten Sie Ihren pers\u00f6nlichen Code, der im angezeigt wird Feld auf Elfsight Apps.<\/b><br> Nachdem die Konfiguration Ihres Plugins abgeschlossen ist, kopieren Sie den einzelnen Code im erscheinenden Popup und speichern Sie ihn zur sp\u00e4teren Verwendung.<\/li> <li><b>Beginnen Sie mit der Verwendung des Tools auf Ihrer Facebook-Seiten-Website.<\/b><br> Integrieren Sie den k\u00fcrzlich auf Ihrer Website gespeicherten Code und wenden Sie die Verbesserungen an.<\/li> <li><b>Fertig! Die Integration ist vollst\u00e4ndig abgeschlossen.<\/b><br> Besuchen Sie Ihre Website, um zu sehen, wie das Widget funktioniert.<\/li><\/ol> <p>Falls Sie auf Hindernisse sto\u00dfen, wenden Sie sich bitte an uns Support-Mitarbeiter. Unsere Mitarbeiter helfen Ihnen gerne bei allen Problemen, die Sie mit dem Plugin haben k\u00f6nnten.<\/p> <\/div>\n","protected":false},"excerpt":{"rendered":"","protected":false},"author":9,"featured_media":0,"parent":22850,"menu_order":0,"comment_status":"closed","ping_status":"closed","template":"templates\/template-application-platform.php","meta":{"publish_to_discourse":"","publish_post_category":"","wpdc_auto_publish_overridden":"","wpdc_topic_tags":"","wpdc_pin_topic":"","wpdc_pin_until":"","discourse_post_id":"","discourse_permalink":"","wpdc_publishing_response":"","wpdc_publishing_error":"","footnotes":""},"class_list":["post-23060","page","type-page","status-publish","hentry"],"yoast_head":"<!-- This site is optimized with the Yoast SEO plugin v25.3.1 - https:\/\/yoast.com\/wordpress\/plugins\/seo\/ -->\n<title>Terminbuchungs-Widget \u2013 Betten Sie die Buchung auf der Website der Facebook-Seite ein<\/title>\n<meta name=\"description\" content=\"F\u00fcgen Sie der Facebook-Seiten-Website eine programmierungsfreie Terminbuchungs-App hinzu und erm\u00f6glichen Sie Ihren Kunden, mit nur wenigen Klicks Termine zu reservieren!\" \/>\n<meta name=\"robots\" content=\"index, follow, max-snippet:-1, max-image-preview:large, max-video-preview:-1\" \/>\n<link rel=\"canonical\" href=\"https:\/\/elfsight.com\/de\/appointment-booking-widget\/facebook\/\" \/>\n<meta property=\"og:locale\" content=\"de_DE\" \/>\n<meta property=\"og:type\" content=\"article\" \/>\n<meta property=\"og:title\" content=\"Terminbuchungs-Widget \u2013 Betten Sie die Buchung auf der Website der Facebook-Seite ein\" \/>\n<meta property=\"og:description\" content=\"F\u00fcgen Sie der Facebook-Seiten-Website eine programmierungsfreie Terminbuchungs-App hinzu und erm\u00f6glichen Sie Ihren Kunden, mit nur wenigen Klicks Termine zu reservieren!\" \/>\n<meta property=\"og:url\" content=\"https:\/\/elfsight.com\/de\/appointment-booking-widget\/facebook\/\" \/>\n<meta property=\"og:site_name\" content=\"Elfsight DE\" \/>\n<meta property=\"article:modified_time\" content=\"2025-02-19T11:31:11+00:00\" \/>\n<meta name=\"twitter:card\" content=\"summary_large_image\" \/>\n<meta name=\"twitter:label1\" content=\"Gesch\u00e4tzte Lesezeit\" \/>\n\t<meta name=\"twitter:data1\" content=\"3\u00a0Minuten\" \/>\n<!-- \/ Yoast SEO plugin. -->","yoast_head_json":{"title":"Terminbuchungs-Widget \u2013 Betten Sie die Buchung auf der Website der Facebook-Seite ein","description":"F\u00fcgen Sie der Facebook-Seiten-Website eine programmierungsfreie Terminbuchungs-App hinzu und erm\u00f6glichen Sie Ihren Kunden, mit nur wenigen Klicks Termine zu reservieren!","robots":{"index":"index","follow":"follow","max-snippet":"max-snippet:-1","max-image-preview":"max-image-preview:large","max-video-preview":"max-video-preview:-1"},"canonical":"https:\/\/elfsight.com\/de\/appointment-booking-widget\/facebook\/","og_locale":"de_DE","og_type":"article","og_title":"Terminbuchungs-Widget \u2013 Betten Sie die Buchung auf der Website der Facebook-Seite ein","og_description":"F\u00fcgen Sie der Facebook-Seiten-Website eine programmierungsfreie Terminbuchungs-App hinzu und erm\u00f6glichen Sie Ihren Kunden, mit nur wenigen Klicks Termine zu reservieren!","og_url":"https:\/\/elfsight.com\/de\/appointment-booking-widget\/facebook\/","og_site_name":"Elfsight DE","article_modified_time":"2025-02-19T11:31:11+00:00","twitter_card":"summary_large_image","twitter_misc":{"Gesch\u00e4tzte Lesezeit":"3\u00a0Minuten"},"schema":{"@context":"https:\/\/schema.org","@graph":[{"@type":"WebPage","@id":"https:\/\/elfsight.com\/de\/appointment-booking-widget\/facebook\/","url":"https:\/\/elfsight.com\/de\/appointment-booking-widget\/facebook\/","name":"Terminbuchungs-Widget \u2013 Betten Sie die Buchung auf der Website der Facebook-Seite ein","isPartOf":{"@id":"https:\/\/elfsight.com\/de\/#website"},"datePublished":"2024-09-30T18:27:29+00:00","dateModified":"2025-02-19T11:31:11+00:00","description":"F\u00fcgen Sie der Facebook-Seiten-Website eine programmierungsfreie Terminbuchungs-App hinzu und erm\u00f6glichen Sie Ihren Kunden, mit nur wenigen Klicks Termine zu reservieren!","breadcrumb":{"@id":"https:\/\/elfsight.com\/de\/appointment-booking-widget\/facebook\/#breadcrumb"},"inLanguage":"de","potentialAction":[{"@type":"ReadAction","target":["https:\/\/elfsight.com\/de\/appointment-booking-widget\/facebook\/"]}]},{"@type":"BreadcrumbList","@id":"https:\/\/elfsight.com\/de\/appointment-booking-widget\/facebook\/#breadcrumb","itemListElement":[{"@type":"ListItem","position":1,"name":"Home","item":"https:\/\/elfsight.com\/de\/"},{"@type":"ListItem","position":2,"name":"Appointment Booking","item":"https:\/\/elfsight.com\/de\/appointment-booking-widget\/"},{"@type":"ListItem","position":3,"name":"appointment booking &#8211; facebook page"}]},{"@type":"WebSite","@id":"https:\/\/elfsight.com\/de\/#website","url":"https:\/\/elfsight.com\/de\/","name":"Elfsight DE","description":"Just another Elfsight Sites site","potentialAction":[{"@type":"SearchAction","target":{"@type":"EntryPoint","urlTemplate":"https:\/\/elfsight.com\/de\/?s={search_term_string}"},"query-input":{"@type":"PropertyValueSpecification","valueRequired":true,"valueName":"search_term_string"}}],"inLanguage":"de"}]}},"meta_box":{"industry":"","seo_heading":"","heading":"","description":"","cta_heading":"","cta_description":"","application":"22849","h1":"Widget zur Terminbuchung auf der Facebook-Seite","h1_caption":"Erm\u00f6glichen Sie Benutzern die einfache Terminvereinbarung direkt \u00fcber Ihre Facebook-Seite, was den Komfort erh\u00f6ht und den Buchungsprozess rationalisiert.","application_category":[],"applications_title":"","applications_request_title":"","applications_request_button_text":"","hero_text":"","hero_video":"","hero_video_schema_markup":"","selling_points_title":"","selling_points_caption":"","selling_points":[],"selling_points_cta_text":"","features_title":"","features":"","ed_cta_examples_text":"","ed_cta_examples_hidden":"","ed_cta_demo_text":"","ed_cta_demo_hidden":"","why_caption":"","why_editor_title":"","why_editor_text":"","why_team_title":"","why_team_text":"","why_service_title":"","why_service_text":"","template_catalog_visible":"0","template_catalog_title":"","template_catalog_text":"","template_catalog_categories_visible":"","demo_title":"Erstellen Sie Ihr Terminbuchungs-Widget","demo_caption":"Configure your Appointment Booking and add it to your Facebook Page website for free!","default_faq_hidden":"","app_template_category":[],"platform":"216","template_public_id":"","codecanyon_url":"","codecanyon_item_id":"","codecanyon_price":"","pricing_caption":"","pricing_elfsight_apps_hide_column":"","pricing_elfsight_apps_url":"","pricing_codecanyon_price_caption":"","integration_category":[],"integration_request_title":"","integration_request_cta":"","integration_platform":"","integrations":[],"platform_category":[],"video_schema_markup":"","price":"ab 0 $ \/ Monat","trial":"","benefits":[{"text":"Kostenlose Installationsunterst\u00fctzung"},{"text":"Erfahrener Kundensupport"},{"text":"14-t\u00e4gige Geld-zur\u00fcck-Garantie"},{"text":"St\u00e4ndige Aktualisierung"}],"button_url":"#demo","button_target_blank":"0","button_nofollow":"0","attributes":[{"name":"Installiert","content":"1,000 - 5,000"},{"name":"Reaktionsfreudig","content":"Ja"},{"name":"Kompatible Browser","content":"Firefox, Safari, Opera, Chrome, Edge"}],"tags":[],"tags_disable_links":"0","hide_more_platforms":"0","video_object":"","demo_hide_cta":"0","demo_hide_cloud_options":"0","pricing_title":"","pricing":[{"pricing_icon":"platform","pricing_title":"Elfsight Apps","pricing_title_caption":"Plattform\u00fcbergreifende digitale L\u00f6sung, die auf jeder Website funktioniert","pricing_price":"Ab 0\u00a0$\/Monat","pricing_price_caption":"Beginnen Sie mit einem kostenlosen Plan","pricing_benefits":[{"text":"Unbegrenzte Websites"},{"text":"Schneller Kundensupport"},{"text":"Kostenlose Installationsunterst\u00fctzung"},{"text":"Flexibles Design"}],"pricing_button_text":"Zur Website hinzuf\u00fcgen","pricing_button_url":"#demo"}],"related_apps_title":"","related_apps_hidden":"0","author":"","image":[],"title":"","job":"","social_networks":[]},"_links":{"self":[{"href":"https:\/\/elfsight.com\/de\/wp-json\/wp\/v2\/pages\/23060","targetHints":{"allow":["GET"]}}],"collection":[{"href":"https:\/\/elfsight.com\/de\/wp-json\/wp\/v2\/pages"}],"about":[{"href":"https:\/\/elfsight.com\/de\/wp-json\/wp\/v2\/types\/page"}],"author":[{"embeddable":true,"href":"https:\/\/elfsight.com\/de\/wp-json\/wp\/v2\/users\/9"}],"replies":[{"embeddable":true,"href":"https:\/\/elfsight.com\/de\/wp-json\/wp\/v2\/comments?post=23060"}],"version-history":[{"count":3,"href":"https:\/\/elfsight.com\/de\/wp-json\/wp\/v2\/pages\/23060\/revisions"}],"predecessor-version":[{"id":24453,"href":"https:\/\/elfsight.com\/de\/wp-json\/wp\/v2\/pages\/23060\/revisions\/24453"}],"up":[{"embeddable":true,"href":"https:\/\/elfsight.com\/de\/wp-json\/wp\/v2\/pages\/22850"}],"wp:attachment":[{"href":"https:\/\/elfsight.com\/de\/wp-json\/wp\/v2\/media?parent=23060"}],"curies":[{"name":"wp","href":"https:\/\/api.w.org\/{rel}","templated":true}]}}