{"id":23059,"date":"2024-09-30T18:27:29","date_gmt":"2024-09-30T18:27:29","guid":{"rendered":"https:\/\/elfsight.com\/de\/?page_id=23059"},"modified":"2025-07-08T09:49:35","modified_gmt":"2025-07-08T09:49:35","slug":"bigcommerce","status":"publish","type":"page","link":"https:\/\/elfsight.com\/de\/appointment-booking-widget\/bigcommerce\/","title":{"rendered":"appointment booking &#8211; bigcommerce"},"content":{"rendered":"<div class=\"application-platform-content-item-description application-platform-content-item\" id=\"description\" data-nav-section=\"description\"><h2>Terminbuchung bei BigCommerce mit der Elfsight-App einbetten!<\/h2> <p>Die Terminbuchungs-App steht Ihnen zur Verf\u00fcgung, um potenziellen Kunden zu helfen indem Sie Zeitfenster bequem auf Ihrer BigCommerce-Website reservieren und so die Last manueller Arbeit \u2013 wie das st\u00e4ndige \u00dcberwachen von Nachrichten, Anrufen und E-Mails \u2013 von Ihnen nehmen. Stellen Sie sich vor, Sie h\u00e4tten rund um die Uhr eine Bereitschaftsrezeption, die automatisierte Best\u00e4tigungen liefert und mit externen Integrationen wie Google Kalender verbunden werden kann.<\/p> <p>Dies ist der perfekte Moment, um Ihren Service n\u00e4her zu erl\u00e4utern Geben Sie den Anlass an, geben Sie die Dauer an, legen Sie Kontaktinformationen offen und legen Sie die Preise fest, um den Entscheidungsprozess der Kunden zu optimieren. Passen Sie au\u00dferdem die visuelle \u00c4sthetik der App an, indem Sie benutzerdefinierte Elemente und Funktionen optimieren, ohne dass Sie Ihre Programmierkenntnisse verbessern oder einen erfahrenen Entwickler einstellen m\u00fcssen!<\/p> <p><b>Lassen Sie Ihr Unternehmen rocken und einem gr\u00f6\u00dferen Kundenkreis zug\u00e4nglich machen Online-Terminbuchung auf Ihrer Website!<\/b><\/p> <\/div> <div class=\"application-platform-content-item-features application-platform-content-item\" id=\"features\" data-nav-section=\"features\"> <h2>Wir bieten n\u00fctzliche und schnelle Funktionen, Ansicht Einige davon:<\/h2> <ul><li>Geben Sie eine pr\u00e4gnante Darstellung Ihres Dienstes \u2013 Name, Details, Bild und Dauer \u2013 und legen Sie die Preise in verschiedenen W\u00e4hrungen fest.<\/li><li>Senden Sie automatische Benachrichtigungen an Validieren Sie die geplanten Termine f\u00fcr Kunden und sich selbst.<\/li><li>Synchronisieren Sie das Widget mit Integrationen von Drittanbietern wie Google Kalender, um immer auf dem neuesten Stand zu bleiben.<\/li><li>Zeigen Sie Ihre Gesch\u00e4ftskontaktinformationen an, um Glaubw\u00fcrdigkeit und Genehmigung zu gew\u00e4hrleisten Benutzer k\u00f6nnen sich im Falle unvorhergesehener Ereignisse an uns wenden Umst\u00e4nde.<\/li><li>Codefreie Anpassung mit erweiterten Designeinstellungen: vorgefertigte Vorlagen, Farben, stilvolle Layouts, Schriftarten, benutzerdefinierter CSS-Editor, benutzerdefinierter JS-Editor und mehr.<\/li><\/ul><p><a href=\"#demo\">Sie k\u00f6nnen sich die vollst\u00e4ndigen Funktionen des Widgets in der Demo auf dieser Seite ansehen<\/a><\/p> <\/div> <div class=\"application-platform-content-item-installation application-platform-content-item\" id=\"installation\" data-nav-section=\"installation\"> <h2> Wie Kann ich die Terminbuchung auf meiner BigCommerce-Website einbetten?<\/h2> <p>Um die Terminbuchung zu Ihrer BigCommerce-Website hinzuzuf\u00fcgen, f\u00fchren Sie die folgenden Aktionen aus:<\/p> <ol><li><b>Nutzen Sie unsere Kostenlose Demo und beginnen Sie mit der Erstellung Ihres benutzerdefinierten LinkedIn-Feed-Widgets.<\/b><br> Geben Sie das benutzerdefinierte Design und die Eigenschaften des Plugins an und wenden Sie die \u00c4nderungen an.<\/li> <li><b>Kopieren Sie den im Fenster angezeigten pers\u00f6nlichen Code auf Elfsight Apps.<\/b><br> Nach der Erstellung Wenn Ihr pers\u00f6nliches Tool fertig ist, kopieren Sie den individuellen Code aus dem Popup und speichern Sie ihn f\u00fcr zuk\u00fcnftige Gelegenheiten.<\/li> <li><b>Beginnen Sie mit der Nutzung des Tools auf Ihrer BigCommerce-Website.<\/b><br> F\u00fcgen Sie den ein Code, den Sie k\u00fcrzlich auf Ihrer Website gespeichert haben, und \u00fcbernehmen Sie die \u00c4nderungen.<\/li> <li><b>Das Setup ist vollst\u00e4ndig ausgef\u00fchrt.<\/b><br> Gehen Sie zu Ihrer Website, um zu \u00fcberpr\u00fcfen, wie das Tool funktioniert.<\/li><\/ol> <p>Unter der Bedingung, dass Sie sich mit Fragen befassen oder auf Hindernisse sto\u00dfen, Bitte wenden Sie sich an unseren Support. Unsere Leute sind bestrebt, alle Schwierigkeiten zu l\u00f6sen, die Sie m\u00f6glicherweise mit dem Plugin haben.<\/p> <\/div> ","protected":false},"excerpt":{"rendered":"","protected":false},"author":9,"featured_media":0,"parent":22850,"menu_order":0,"comment_status":"closed","ping_status":"closed","template":"templates\/template-application-platform.php","meta":{"publish_to_discourse":"","publish_post_category":"","wpdc_auto_publish_overridden":"","wpdc_topic_tags":"","wpdc_pin_topic":"","wpdc_pin_until":"","discourse_post_id":"","discourse_permalink":"","wpdc_publishing_response":"","wpdc_publishing_error":"","footnotes":""},"class_list":["post-23059","page","type-page","status-publish","hentry"],"yoast_head":"<!-- This site is optimized with the Yoast SEO plugin v25.3.1 - https:\/\/yoast.com\/wordpress\/plugins\/seo\/ -->\n<title>Terminbuchungs-Widget \u2013 Betten Sie die Buchung auf der BigCommerce-Website ein<\/title>\n<meta name=\"description\" content=\"F\u00fcgen Sie der BigCommerce-Website eine programmierungsfreie Terminbuchungs-App hinzu und erm\u00f6glichen Sie Ihren Kunden, Termine mit nur wenigen Klicks zu reservieren!\" \/>\n<meta name=\"robots\" content=\"index, follow, max-snippet:-1, max-image-preview:large, max-video-preview:-1\" \/>\n<link rel=\"canonical\" href=\"https:\/\/elfsight.com\/de\/appointment-booking-widget\/bigcommerce\/\" \/>\n<meta property=\"og:locale\" content=\"de_DE\" \/>\n<meta property=\"og:type\" content=\"article\" \/>\n<meta property=\"og:title\" content=\"Terminbuchungs-Widget \u2013 Betten Sie die Buchung auf der BigCommerce-Website ein\" \/>\n<meta property=\"og:description\" content=\"F\u00fcgen Sie der BigCommerce-Website eine programmierungsfreie Terminbuchungs-App hinzu und erm\u00f6glichen Sie Ihren Kunden, Termine mit nur wenigen Klicks zu reservieren!\" \/>\n<meta property=\"og:url\" content=\"https:\/\/elfsight.com\/de\/appointment-booking-widget\/bigcommerce\/\" \/>\n<meta property=\"og:site_name\" content=\"Elfsight DE\" \/>\n<meta property=\"article:modified_time\" content=\"2025-07-08T09:49:35+00:00\" \/>\n<meta name=\"twitter:card\" content=\"summary_large_image\" \/>\n<meta name=\"twitter:label1\" content=\"Gesch\u00e4tzte Lesezeit\" \/>\n\t<meta name=\"twitter:data1\" content=\"3\u00a0Minuten\" \/>\n<!-- \/ Yoast SEO plugin. -->","yoast_head_json":{"title":"Terminbuchungs-Widget \u2013 Betten Sie die Buchung auf der BigCommerce-Website ein","description":"F\u00fcgen Sie der BigCommerce-Website eine programmierungsfreie Terminbuchungs-App hinzu und erm\u00f6glichen Sie Ihren Kunden, Termine mit nur wenigen Klicks zu reservieren!","robots":{"index":"index","follow":"follow","max-snippet":"max-snippet:-1","max-image-preview":"max-image-preview:large","max-video-preview":"max-video-preview:-1"},"canonical":"https:\/\/elfsight.com\/de\/appointment-booking-widget\/bigcommerce\/","og_locale":"de_DE","og_type":"article","og_title":"Terminbuchungs-Widget \u2013 Betten Sie die Buchung auf der BigCommerce-Website ein","og_description":"F\u00fcgen Sie der BigCommerce-Website eine programmierungsfreie Terminbuchungs-App hinzu und erm\u00f6glichen Sie Ihren Kunden, Termine mit nur wenigen Klicks zu reservieren!","og_url":"https:\/\/elfsight.com\/de\/appointment-booking-widget\/bigcommerce\/","og_site_name":"Elfsight DE","article_modified_time":"2025-07-08T09:49:35+00:00","twitter_card":"summary_large_image","twitter_misc":{"Gesch\u00e4tzte Lesezeit":"3\u00a0Minuten"},"schema":{"@context":"https:\/\/schema.org","@graph":[{"@type":"WebPage","@id":"https:\/\/elfsight.com\/de\/appointment-booking-widget\/bigcommerce\/","url":"https:\/\/elfsight.com\/de\/appointment-booking-widget\/bigcommerce\/","name":"Terminbuchungs-Widget \u2013 Betten Sie die Buchung auf der BigCommerce-Website ein","isPartOf":{"@id":"https:\/\/elfsight.com\/de\/#website"},"datePublished":"2024-09-30T18:27:29+00:00","dateModified":"2025-07-08T09:49:35+00:00","description":"F\u00fcgen Sie der BigCommerce-Website eine programmierungsfreie Terminbuchungs-App hinzu und erm\u00f6glichen Sie Ihren Kunden, Termine mit nur wenigen Klicks zu reservieren!","breadcrumb":{"@id":"https:\/\/elfsight.com\/de\/appointment-booking-widget\/bigcommerce\/#breadcrumb"},"inLanguage":"de","potentialAction":[{"@type":"ReadAction","target":["https:\/\/elfsight.com\/de\/appointment-booking-widget\/bigcommerce\/"]}]},{"@type":"BreadcrumbList","@id":"https:\/\/elfsight.com\/de\/appointment-booking-widget\/bigcommerce\/#breadcrumb","itemListElement":[{"@type":"ListItem","position":1,"name":"Home","item":"https:\/\/elfsight.com\/de\/"},{"@type":"ListItem","position":2,"name":"Appointment Booking","item":"https:\/\/elfsight.com\/de\/appointment-booking-widget\/"},{"@type":"ListItem","position":3,"name":"appointment booking &#8211; bigcommerce"}]},{"@type":"WebSite","@id":"https:\/\/elfsight.com\/de\/#website","url":"https:\/\/elfsight.com\/de\/","name":"Elfsight DE","description":"Just another Elfsight Sites site","potentialAction":[{"@type":"SearchAction","target":{"@type":"EntryPoint","urlTemplate":"https:\/\/elfsight.com\/de\/?s={search_term_string}"},"query-input":{"@type":"PropertyValueSpecification","valueRequired":true,"valueName":"search_term_string"}}],"inLanguage":"de"}]}},"meta_box":{"industry":"","seo_heading":"","heading":"","description":"","cta_heading":"","cta_description":"","application":"22849","h1":"BigCommerce-Terminbuchungs-App","h1_caption":"Erm\u00f6glichen Sie Benutzern die einfache Terminvereinbarung direkt \u00fcber Ihre BigCommere-Website, was den Komfort erh\u00f6ht und den Buchungsprozess rationalisiert.","application_category":[],"applications_title":"","applications_request_title":"","applications_request_button_text":"","hero_text":"","hero_video":"","hero_video_schema_markup":"","selling_points_title":"","selling_points_caption":"","selling_points":[],"selling_points_cta_text":"","features_title":"","features":"","ed_cta_examples_text":"","ed_cta_examples_hidden":"","ed_cta_demo_text":"","ed_cta_demo_hidden":"","why_caption":"","why_editor_title":"","why_editor_text":"","why_team_title":"","why_team_text":"","why_service_title":"","why_service_text":"","template_catalog_visible":"0","template_catalog_title":"","template_catalog_text":"","template_catalog_categories_visible":"","demo_title":"Erstellen Sie Ihre Terminbuchungs-App","demo_caption":"Configure your Appointment Booking and add it to your BigCommerce website for free!","default_faq_hidden":"","app_template_category":[],"platform":"268","template_public_id":"","codecanyon_url":"","codecanyon_item_id":"","codecanyon_price":"","pricing_caption":"","pricing_elfsight_apps_hide_column":"","pricing_elfsight_apps_url":"","pricing_codecanyon_price_caption":"","integration_category":[],"integration_request_title":"","integration_request_cta":"","integration_platform":"","integrations":[],"platform_category":[],"video_schema_markup":"","price":"ab 0 $ \/ Monat","trial":"","benefits":[{"text":"Kostenloser Installationsservice"},{"text":"Professioneller Kundenservice"},{"text":"14-t\u00e4gige Geld-zur\u00fcck-Garantie"},{"text":"Regelm\u00e4\u00dfige Verbesserungen"}],"button_url":"#demo","button_target_blank":"","button_nofollow":"","attributes":[{"name":"Installiert","content":"1,000 - 5,000"},{"name":"Reaktionsfreudig","content":"Ja"},{"name":"Kompatible Browser","content":"Firefox, Safari, Opera, Chrome, Edge"}],"tags":[],"tags_disable_links":"","hide_more_platforms":"","video_object":"","demo_hide_cta":"","demo_hide_cloud_options":"","pricing_title":"","pricing":[{"pricing_icon":"platform","pricing_title":"Elfsight Apps","pricing_title_caption":"Plattform\u00fcbergreifende digitale L\u00f6sung, die auf jeder Website funktioniert","pricing_price":"Ab 0\u00a0$\/Monat","pricing_price_caption":"Beginnen Sie mit einem kostenlosen Plan","pricing_benefits":[{"text":"Unbegrenzte Websites"},{"text":"Schnelle Unternehmensunterst\u00fctzung und gut dokumentiert"},{"text":"Kostenloser Installationsservice"},{"text":"100 % anpassbar"}],"pricing_button_text":"Zur Website hinzuf\u00fcgen","pricing_button_url":"#demo"}],"related_apps_title":"","related_apps_hidden":"","author":"","image":[],"title":"","job":"","social_networks":[]},"_links":{"self":[{"href":"https:\/\/elfsight.com\/de\/wp-json\/wp\/v2\/pages\/23059","targetHints":{"allow":["GET"]}}],"collection":[{"href":"https:\/\/elfsight.com\/de\/wp-json\/wp\/v2\/pages"}],"about":[{"href":"https:\/\/elfsight.com\/de\/wp-json\/wp\/v2\/types\/page"}],"author":[{"embeddable":true,"href":"https:\/\/elfsight.com\/de\/wp-json\/wp\/v2\/users\/9"}],"replies":[{"embeddable":true,"href":"https:\/\/elfsight.com\/de\/wp-json\/wp\/v2\/comments?post=23059"}],"version-history":[{"count":1,"href":"https:\/\/elfsight.com\/de\/wp-json\/wp\/v2\/pages\/23059\/revisions"}],"predecessor-version":[{"id":23063,"href":"https:\/\/elfsight.com\/de\/wp-json\/wp\/v2\/pages\/23059\/revisions\/23063"}],"up":[{"embeddable":true,"href":"https:\/\/elfsight.com\/de\/wp-json\/wp\/v2\/pages\/22850"}],"wp:attachment":[{"href":"https:\/\/elfsight.com\/de\/wp-json\/wp\/v2\/media?parent=23059"}],"curies":[{"name":"wp","href":"https:\/\/api.w.org\/{rel}","templated":true}]}}