{"id":23054,"date":"2024-09-30T18:27:29","date_gmt":"2024-09-30T18:27:29","guid":{"rendered":"https:\/\/elfsight.com\/de\/?page_id=23054"},"modified":"2025-07-08T09:49:42","modified_gmt":"2025-07-08T09:49:42","slug":"blogger","status":"publish","type":"page","link":"https:\/\/elfsight.com\/de\/appointment-booking-widget\/blogger\/","title":{"rendered":"appointment booking &#8211; blogger"},"content":{"rendered":"<div class=\"application-platform-content-item-description application-platform-content-item\" id=\"description\" data-nav-section=\"description\"><h2>Terminbuchung auf Blogger mit dem Elfsight-Widget einbetten!<\/h2> <p>Das Terminbuchungs-Widget soll potenziellen Kunden dabei helfen, Zeit zu sparen Platzieren Sie sie bequem auf Ihrer Blogger-Website und nehmen Sie Ihnen die Last praktischer Aufgaben ab \u2013 wie das st\u00e4ndige \u00dcberwachen von Nachrichten, Anrufen und E-Mails. Es fungiert als virtuelle Empfangsdame, die rund um die Uhr im Einsatz ist, au\u00dferdem in der Lage ist, automatisierte Best\u00e4tigungen zu senden und sich mit externen Integrationen wie Google Kalender zu verbinden.<\/p> <p>Der Moment ist gekommen, tiefer in Ihren Service oder Ihre Veranstaltung einzutauchen, spezifizieren Sie das Legen Sie den Zeitrahmen fest, legen Sie Kontaktinformationen offen und entscheiden Sie \u00fcber den Preis, um es den Kunden so einfach zu machen, sich zu entscheiden. Passen Sie au\u00dferdem das Erscheinungsbild des Widgets an, indem Sie benutzerdefinierte Elemente und Funktionen \u00e4ndern, ohne dass Sie Ihre Programmierkenntnisse perfektionieren oder einen erfahrenen Programmierer besch\u00e4ftigen m\u00fcssen!<\/p> <p><b>Lassen Sie Ihr Unternehmen rocken und einem breiteren Publikum zug\u00e4nglich machen indem Sie die Online-Buchung von Terminen auf Ihrer Website anbieten!<\/b><\/p> <\/div> <div class=\"application-platform-content-item-features application-platform-content-item\" id=\"features\" data-nav-section=\"features\"> <h2>Hier finden Sie die wichtigsten Funktionen des Widgets:<\/h2> <ul><li>Bieten Sie einen umfassenden \u00dcberblick \u00fcber Ihren Service \u2013 Name, Details, Bild und Dauer \u2013 und konfigurieren Sie die Preise in verschiedenen W\u00e4hrungen.<\/li><li>Senden Sie automatisierte Benachrichtigungen, um die reservierten Termine an Kunden und Sie selbst zu best\u00e4tigen.<\/li> <li>Verbinden Sie das Widget mit Outsourcing-Diensten wie Google Kalender, um st\u00e4ndige Updates zu gew\u00e4hrleisten.<\/li><li>Geben Sie Ihre Gesch\u00e4ftskontaktinformationen als soziale Best\u00e4tigung weiter und erm\u00f6glichen Sie Benutzern, Sie im Falle unvorhergesehener Ereignisse zu kontaktieren.<\/li><li>Codefreie Anpassung mit erweiterten Designeinstellungen: gebrauchsfertige Vorlagen, Farben, Layouts, Schriftarten, benutzerdefinierter CSS-Editor, benutzerdefinierter JS-Editor und mehr.<\/li><\/ul><p><a href=\"#demo\">Probieren Sie alle Einstellungen in einer Demo mit vollem Funktionsumfang aus<\/a><\/p> <\/div> <div class=\"application-platform-content-item-installation application-platform-content-item\" id=\"installation\" data-nav-section=\"installation\"> <h2>So f\u00fcge ich die Terminbuchung zu meiner Blogger-Website hinzu ?<\/h2> <p>Wenn Sie die Terminbuchung zu Ihrer Blogger-Website hinzuf\u00fcgen m\u00f6chten, befolgen Sie diese Schritte:<\/p> <ol><li><b>Starten Sie unsere kostenlose Demo und beginnen Sie mit der Gestaltung Ihres personalisierten LinkedIn-Feed-Plugins .<\/b><br> Bestimmen Sie die gew\u00fcnschte Schnittstelle und die Spezifikationen des Tools und \u00fcbernehmen Sie die \u00c4nderungen.<\/li> <li><b>Holen Sie sich Ihren eindeutigen Code, der im Fenster von Elfsight Apps angezeigt wird.<\/b> <br> Sobald die Anpassung Ihres pers\u00f6nlichen Tools abgeschlossen ist, kopieren Sie den einzelnen Code in das angezeigte Feld und bewahren Sie ihn f\u00fcr einen sp\u00e4teren Bedarf auf.<\/li> <li><b>Beginnen Sie mit der Verwendung des Widgets auf Ihrer Blogger-Website .<\/b><br> Implementieren Sie den zuvor kopierten Code in Ihre Website und wenden Sie die Korrekturen an.<\/li> <li><b>Die Installation ist vollst\u00e4ndig abgeschlossen.<\/b><br> Besuchen Sie Ihre Website, um eine zu erstellen Schauen Sie sich an, wie das Plugin funktioniert.<\/li><\/ol> <p>Wenn Sie Fragen haben oder auf Komplikationen sto\u00dfen, scheuen Sie sich nicht, sich an unser Kundendienstteam zu wenden. Unsere Berater helfen Ihnen gerne bei allen Problemen mit dem Tool.<\/p> <\/div> ","protected":false},"excerpt":{"rendered":"","protected":false},"author":9,"featured_media":0,"parent":22850,"menu_order":0,"comment_status":"closed","ping_status":"closed","template":"templates\/template-application-platform.php","meta":{"publish_to_discourse":"","publish_post_category":"","wpdc_auto_publish_overridden":"","wpdc_topic_tags":"","wpdc_pin_topic":"","wpdc_pin_until":"","discourse_post_id":"","discourse_permalink":"","wpdc_publishing_response":"","wpdc_publishing_error":"","footnotes":""},"class_list":["post-23054","page","type-page","status-publish","hentry"],"yoast_head":"<!-- This site is optimized with the Yoast SEO plugin v25.3.1 - https:\/\/yoast.com\/wordpress\/plugins\/seo\/ -->\n<title>Terminbuchungs-Widget \u2013 Betten Sie die Buchung auf der Blogger-Website ein<\/title>\n<meta name=\"description\" content=\"F\u00fcgen Sie der Blogger-Website eine programmierungsfreie Terminbuchungs-App hinzu und erm\u00f6glichen Sie Ihren Kunden, Termine mit nur wenigen Klicks zu reservieren!\" \/>\n<meta name=\"robots\" content=\"index, follow, max-snippet:-1, max-image-preview:large, max-video-preview:-1\" \/>\n<link rel=\"canonical\" href=\"https:\/\/elfsight.com\/de\/appointment-booking-widget\/blogger\/\" \/>\n<meta property=\"og:locale\" content=\"de_DE\" \/>\n<meta property=\"og:type\" content=\"article\" \/>\n<meta property=\"og:title\" content=\"Terminbuchungs-Widget \u2013 Betten Sie die Buchung auf der Blogger-Website ein\" \/>\n<meta property=\"og:description\" content=\"F\u00fcgen Sie der Blogger-Website eine programmierungsfreie Terminbuchungs-App hinzu und erm\u00f6glichen Sie Ihren Kunden, Termine mit nur wenigen Klicks zu reservieren!\" \/>\n<meta property=\"og:url\" content=\"https:\/\/elfsight.com\/de\/appointment-booking-widget\/blogger\/\" \/>\n<meta property=\"og:site_name\" content=\"Elfsight DE\" \/>\n<meta property=\"article:modified_time\" content=\"2025-07-08T09:49:42+00:00\" \/>\n<meta name=\"twitter:card\" content=\"summary_large_image\" \/>\n<meta name=\"twitter:label1\" content=\"Gesch\u00e4tzte Lesezeit\" \/>\n\t<meta name=\"twitter:data1\" content=\"2\u00a0Minuten\" \/>\n<!-- \/ Yoast SEO plugin. -->","yoast_head_json":{"title":"Terminbuchungs-Widget \u2013 Betten Sie die Buchung auf der Blogger-Website ein","description":"F\u00fcgen Sie der Blogger-Website eine programmierungsfreie Terminbuchungs-App hinzu und erm\u00f6glichen Sie Ihren Kunden, Termine mit nur wenigen Klicks zu reservieren!","robots":{"index":"index","follow":"follow","max-snippet":"max-snippet:-1","max-image-preview":"max-image-preview:large","max-video-preview":"max-video-preview:-1"},"canonical":"https:\/\/elfsight.com\/de\/appointment-booking-widget\/blogger\/","og_locale":"de_DE","og_type":"article","og_title":"Terminbuchungs-Widget \u2013 Betten Sie die Buchung auf der Blogger-Website ein","og_description":"F\u00fcgen Sie der Blogger-Website eine programmierungsfreie Terminbuchungs-App hinzu und erm\u00f6glichen Sie Ihren Kunden, Termine mit nur wenigen Klicks zu reservieren!","og_url":"https:\/\/elfsight.com\/de\/appointment-booking-widget\/blogger\/","og_site_name":"Elfsight DE","article_modified_time":"2025-07-08T09:49:42+00:00","twitter_card":"summary_large_image","twitter_misc":{"Gesch\u00e4tzte Lesezeit":"2\u00a0Minuten"},"schema":{"@context":"https:\/\/schema.org","@graph":[{"@type":"WebPage","@id":"https:\/\/elfsight.com\/de\/appointment-booking-widget\/blogger\/","url":"https:\/\/elfsight.com\/de\/appointment-booking-widget\/blogger\/","name":"Terminbuchungs-Widget \u2013 Betten Sie die Buchung auf der Blogger-Website ein","isPartOf":{"@id":"https:\/\/elfsight.com\/de\/#website"},"datePublished":"2024-09-30T18:27:29+00:00","dateModified":"2025-07-08T09:49:42+00:00","description":"F\u00fcgen Sie der Blogger-Website eine programmierungsfreie Terminbuchungs-App hinzu und erm\u00f6glichen Sie Ihren Kunden, Termine mit nur wenigen Klicks zu reservieren!","breadcrumb":{"@id":"https:\/\/elfsight.com\/de\/appointment-booking-widget\/blogger\/#breadcrumb"},"inLanguage":"de","potentialAction":[{"@type":"ReadAction","target":["https:\/\/elfsight.com\/de\/appointment-booking-widget\/blogger\/"]}]},{"@type":"BreadcrumbList","@id":"https:\/\/elfsight.com\/de\/appointment-booking-widget\/blogger\/#breadcrumb","itemListElement":[{"@type":"ListItem","position":1,"name":"Home","item":"https:\/\/elfsight.com\/de\/"},{"@type":"ListItem","position":2,"name":"Appointment Booking","item":"https:\/\/elfsight.com\/de\/appointment-booking-widget\/"},{"@type":"ListItem","position":3,"name":"appointment booking &#8211; blogger"}]},{"@type":"WebSite","@id":"https:\/\/elfsight.com\/de\/#website","url":"https:\/\/elfsight.com\/de\/","name":"Elfsight DE","description":"Just another Elfsight Sites site","potentialAction":[{"@type":"SearchAction","target":{"@type":"EntryPoint","urlTemplate":"https:\/\/elfsight.com\/de\/?s={search_term_string}"},"query-input":{"@type":"PropertyValueSpecification","valueRequired":true,"valueName":"search_term_string"}}],"inLanguage":"de"}]}},"meta_box":{"industry":"","seo_heading":"","heading":"","description":"","cta_heading":"","cta_description":"","application":"22849","h1":"Widget f\u00fcr Blogger-Terminbuchung","h1_caption":"Erm\u00f6glichen Sie Benutzern die einfache Terminvereinbarung direkt \u00fcber Ihre Blogger-Website, was den Komfort erh\u00f6ht und den Buchungsprozess rationalisiert.","application_category":[],"applications_title":"","applications_request_title":"","applications_request_button_text":"","hero_text":"","hero_video":"","hero_video_schema_markup":"","selling_points_title":"","selling_points_caption":"","selling_points":[],"selling_points_cta_text":"","features_title":"","features":"","ed_cta_examples_text":"","ed_cta_examples_hidden":"","ed_cta_demo_text":"","ed_cta_demo_hidden":"","why_caption":"","why_editor_title":"","why_editor_text":"","why_team_title":"","why_team_text":"","why_service_title":"","why_service_text":"","template_catalog_visible":"0","template_catalog_title":"","template_catalog_text":"","template_catalog_categories_visible":"","demo_title":"Erstellen Sie Ihr Terminbuchungs-Widget","demo_caption":"Configure your Appointment Booking and add it to your Blogger website for free!","default_faq_hidden":"","app_template_category":[],"platform":"262","template_public_id":"","codecanyon_url":"","codecanyon_item_id":"","codecanyon_price":"","pricing_caption":"","pricing_elfsight_apps_hide_column":"","pricing_elfsight_apps_url":"","pricing_codecanyon_price_caption":"","integration_category":[],"integration_request_title":"","integration_request_cta":"","integration_platform":"","integrations":[],"platform_category":[],"video_schema_markup":"","price":"ab 0 $ \/ Monat","trial":"","benefits":[{"text":"Kostenloser Installationsservice"},{"text":"Au\u00dfergew\u00f6hnlicher Support"},{"text":"14-t\u00e4gige R\u00fcckerstattungsgarantie"},{"text":"Laufende kostenlose Updates"}],"button_url":"#demo","button_target_blank":"","button_nofollow":"","attributes":[{"name":"Installiert","content":"1,000 - 5,000"},{"name":"Reaktionsfreudig","content":"Ja"},{"name":"Kompatible Browser","content":"Firefox, Safari, Opera, Chrome, Edge"}],"tags":[],"tags_disable_links":"","hide_more_platforms":"","video_object":"","demo_hide_cta":"","demo_hide_cloud_options":"","pricing_title":"","pricing":[{"pricing_icon":"platform","pricing_title":"Elfsight Apps","pricing_title_caption":"Plattform\u00fcbergreifende Version, die auf jeder Website funktioniert","pricing_price":"Ab 0\u00a0$\/Monat","pricing_price_caption":"Beginnen Sie mit einem kostenlosen Plan","pricing_benefits":[{"text":"Unbegrenzte Websites"},{"text":"Kostenloser Kundensupport"},{"text":"Kostenloser Installationssupport"},{"text":"Vollst\u00e4ndig anpassbar"}],"pricing_button_text":"Zur Website hinzuf\u00fcgen","pricing_button_url":"#demo"}],"related_apps_title":"","related_apps_hidden":"","author":"","image":[],"title":"","job":"","social_networks":[]},"_links":{"self":[{"href":"https:\/\/elfsight.com\/de\/wp-json\/wp\/v2\/pages\/23054","targetHints":{"allow":["GET"]}}],"collection":[{"href":"https:\/\/elfsight.com\/de\/wp-json\/wp\/v2\/pages"}],"about":[{"href":"https:\/\/elfsight.com\/de\/wp-json\/wp\/v2\/types\/page"}],"author":[{"embeddable":true,"href":"https:\/\/elfsight.com\/de\/wp-json\/wp\/v2\/users\/9"}],"replies":[{"embeddable":true,"href":"https:\/\/elfsight.com\/de\/wp-json\/wp\/v2\/comments?post=23054"}],"version-history":[{"count":1,"href":"https:\/\/elfsight.com\/de\/wp-json\/wp\/v2\/pages\/23054\/revisions"}],"predecessor-version":[{"id":23058,"href":"https:\/\/elfsight.com\/de\/wp-json\/wp\/v2\/pages\/23054\/revisions\/23058"}],"up":[{"embeddable":true,"href":"https:\/\/elfsight.com\/de\/wp-json\/wp\/v2\/pages\/22850"}],"wp:attachment":[{"href":"https:\/\/elfsight.com\/de\/wp-json\/wp\/v2\/media?parent=23054"}],"curies":[{"name":"wp","href":"https:\/\/api.w.org\/{rel}","templated":true}]}}