{"id":23053,"date":"2024-09-30T18:27:29","date_gmt":"2024-09-30T18:27:29","guid":{"rendered":"https:\/\/elfsight.com\/de\/?page_id=23053"},"modified":"2025-07-08T09:52:07","modified_gmt":"2025-07-08T09:52:07","slug":"woocommerce","status":"publish","type":"page","link":"https:\/\/elfsight.com\/de\/appointment-booking-widget\/woocommerce\/","title":{"rendered":"appointment booking &#8211; woocommerce"},"content":{"rendered":"<div class=\"application-platform-content-item-description application-platform-content-item\" id=\"description\" data-nav-section=\"description\"><h2>Terminbuchung auf WooCommerce mit dem Elfsight-Plugin einbetten!<\/h2> <p>Das Terminbuchungs-Plugin ist verf\u00fcgbar, um potenziellen Kunden dabei zu helfen, Zeit zu reservieren Slots bequem auf Ihrer WooCommerce-Website und reduzieren so den manuellen Arbeitsaufwand \u2013 wie das st\u00e4ndige \u00dcberwachen von Nachrichten, Anrufen und E-Mails \u2013 von Ihnen. Es fungiert als dedizierter Assistent, der rund um die Uhr arbeitet und auch in der Lage ist, automatisierte Benachrichtigungen zu versenden und mit speziellen Apps wie Google Kalender zu synchronisieren.<\/p> <p>Der Moment ist gekommen, Ihren Gottesdienst oder Anlass n\u00e4her zu erl\u00e4utern und die Zeit zu definieren Rahmen erstellen, Kontaktdaten weitergeben und die Preise kl\u00e4ren, um den Entscheidungsprozess der Kunden zu erleichtern. Dar\u00fcber hinaus k\u00f6nnen Sie das Erscheinungsbild des Plugins anpassen, indem Sie benutzerdefinierte Elemente und Funktionen anpassen, ohne dass Sie Ihre Programmierkenntnisse verbessern oder einen Entwickler engagieren m\u00fcssen!<\/p> <p><b>Lassen Sie Ihr Unternehmen rocken und f\u00fcr jeden potenziellen Kunden online zug\u00e4nglich sein Terminbuchung auf Ihrer Website!<\/b><\/p> <\/div> <div class=\"application-platform-content-item-features application-platform-content-item\" id=\"features\" data-nav-section=\"features\"> <h2>Das Widget enth\u00e4lt wertvolle und unkomplizierte Informationen Funktionen, hier sind einige davon:<\/h2> <ul><li>Geben Sie eine pr\u00e4gnante Darstellung Ihres Dienstes \u2013 Name, Details, Bild und Dauer \u2013 und richten Sie die Preise in verschiedenen W\u00e4hrungen ein.<\/li><li>Senden Sie automatisierte Benachrichtigungen, um die gesicherten Termine an Kunden und sich selbst zu validieren.<\/li><li>Verbinden Sie das Widget mit Drittanbieterdiensten wie Google Kalender, um immer auf dem Laufenden zu bleiben.<\/li><li>Pr\u00e4sentieren Sie Ihr Unternehmen Kontaktdaten dienen als sozialer Beweis und erm\u00f6glichen Benutzern die Kontaktaufnahme im Falle eines Falles unvorhergesehene Szenarien.<\/li><li>Erweiterte Anpassung ohne Programmieraufwand: gebrauchsfertige Vorlagen, Farben, Layoutdesigns, Schriftarten, benutzerdefinierter CSS-Editor, benutzerdefinierter JS-Editor und mehr.<\/li><\/ul><p><a href=\"#demo\">Probieren Sie einfach diese Demo aus, um einen vollst\u00e4ndigen \u00dcberblick zu bekommen<\/a><\/p> <\/div> <div class=\"application-platform-content-item-installation application-platform-content-item\" id=\"installation\" data-nav-section=\"installation\"> <h2>Wie M\u00f6chte ich die Terminbuchung zu meiner WooCommerce-Website hinzuf\u00fcgen?<\/h2> <p>Um die Terminbuchung zu meiner WooCommerce-Website hinzuzuf\u00fcgen, gehen Sie wie folgt vor:<\/p> <ol><li><b>F\u00fchren Sie unseren kostenlosen Editor aus und starten Sie Erstellen Sie Ihr benutzerdefiniertes LinkedIn-Feed-Widget.<\/b><br> Geben Sie die passende Form und Spezifikationen des Widgets an und speichern Sie die \u00c4nderungen.<\/li> <li><b>Erhalten Sie den pers\u00f6nlichen Code, der im speziellen Formular auf Elfsight Apps angezeigt wird .<\/b><br> Wenn die Einstellung Wenn die Installation Ihres pers\u00f6nlichen Plugins abgeschlossen ist, kopieren Sie den pers\u00f6nlichen Code aus dem angezeigten Fenster und bewahren Sie ihn f\u00fcr sp\u00e4tere Gelegenheiten auf.<\/li> <li><b>Initiieren Sie die Nutzung des Plugins auf Ihrer WooCommerce-Website.<\/b><br> Integrieren Sie den zuvor gespeicherten Code in Ihre Website und speichern Sie die Anpassungen.<\/li> <li><b>Fertig! Die Integration ist vollst\u00e4ndig abgeschlossen.<\/b><br> Besuchen Sie Ihre Website, um die Funktion des Widgets zu \u00fcberpr\u00fcfen.<\/li><\/ol> <p>Seien Sie nicht beunruhigt, wenn Sie auf Fragen sto\u00dfen oder auf Komplikationen sto\u00dfen um Unterst\u00fctzung von unserem Kundendienstteam zu erhalten. Unsere Berater helfen Ihnen gerne bei allen Problemen, die Sie mit dem Widget haben k\u00f6nnten.<\/p> <\/div> ","protected":false},"excerpt":{"rendered":"","protected":false},"author":9,"featured_media":0,"parent":22850,"menu_order":0,"comment_status":"closed","ping_status":"closed","template":"templates\/template-application-platform.php","meta":{"publish_to_discourse":"","publish_post_category":"","wpdc_auto_publish_overridden":"","wpdc_topic_tags":"","wpdc_pin_topic":"","wpdc_pin_until":"","discourse_post_id":"","discourse_permalink":"","wpdc_publishing_response":"","wpdc_publishing_error":"","footnotes":""},"class_list":["post-23053","page","type-page","status-publish","hentry"],"yoast_head":"<!-- This site is optimized with the Yoast SEO plugin v25.3.1 - https:\/\/yoast.com\/wordpress\/plugins\/seo\/ -->\n<title>Terminbuchungs-Widget \u2013 Betten Sie die Buchung auf der WooCommerce-Website ein<\/title>\n<meta name=\"description\" content=\"F\u00fcgen Sie der WooCommerce-Website eine programmierungsfreie Terminbuchungs-App hinzu und erm\u00f6glichen Sie Ihren Kunden, Termine mit nur wenigen Klicks zu reservieren!\" \/>\n<meta name=\"robots\" content=\"index, follow, max-snippet:-1, max-image-preview:large, max-video-preview:-1\" \/>\n<link rel=\"canonical\" href=\"https:\/\/elfsight.com\/de\/appointment-booking-widget\/woocommerce\/\" \/>\n<meta property=\"og:locale\" content=\"de_DE\" \/>\n<meta property=\"og:type\" content=\"article\" \/>\n<meta property=\"og:title\" content=\"Terminbuchungs-Widget \u2013 Betten Sie die Buchung auf der WooCommerce-Website ein\" \/>\n<meta property=\"og:description\" content=\"F\u00fcgen Sie der WooCommerce-Website eine programmierungsfreie Terminbuchungs-App hinzu und erm\u00f6glichen Sie Ihren Kunden, Termine mit nur wenigen Klicks zu reservieren!\" \/>\n<meta property=\"og:url\" content=\"https:\/\/elfsight.com\/de\/appointment-booking-widget\/woocommerce\/\" \/>\n<meta property=\"og:site_name\" content=\"Elfsight DE\" \/>\n<meta property=\"article:modified_time\" content=\"2025-07-08T09:52:07+00:00\" \/>\n<meta name=\"twitter:card\" content=\"summary_large_image\" \/>\n<meta name=\"twitter:label1\" content=\"Gesch\u00e4tzte Lesezeit\" \/>\n\t<meta name=\"twitter:data1\" content=\"2\u00a0Minuten\" \/>\n<!-- \/ Yoast SEO plugin. -->","yoast_head_json":{"title":"Terminbuchungs-Widget \u2013 Betten Sie die Buchung auf der WooCommerce-Website ein","description":"F\u00fcgen Sie der WooCommerce-Website eine programmierungsfreie Terminbuchungs-App hinzu und erm\u00f6glichen Sie Ihren Kunden, Termine mit nur wenigen Klicks zu reservieren!","robots":{"index":"index","follow":"follow","max-snippet":"max-snippet:-1","max-image-preview":"max-image-preview:large","max-video-preview":"max-video-preview:-1"},"canonical":"https:\/\/elfsight.com\/de\/appointment-booking-widget\/woocommerce\/","og_locale":"de_DE","og_type":"article","og_title":"Terminbuchungs-Widget \u2013 Betten Sie die Buchung auf der WooCommerce-Website ein","og_description":"F\u00fcgen Sie der WooCommerce-Website eine programmierungsfreie Terminbuchungs-App hinzu und erm\u00f6glichen Sie Ihren Kunden, Termine mit nur wenigen Klicks zu reservieren!","og_url":"https:\/\/elfsight.com\/de\/appointment-booking-widget\/woocommerce\/","og_site_name":"Elfsight DE","article_modified_time":"2025-07-08T09:52:07+00:00","twitter_card":"summary_large_image","twitter_misc":{"Gesch\u00e4tzte Lesezeit":"2\u00a0Minuten"},"schema":{"@context":"https:\/\/schema.org","@graph":[{"@type":"WebPage","@id":"https:\/\/elfsight.com\/de\/appointment-booking-widget\/woocommerce\/","url":"https:\/\/elfsight.com\/de\/appointment-booking-widget\/woocommerce\/","name":"Terminbuchungs-Widget \u2013 Betten Sie die Buchung auf der WooCommerce-Website ein","isPartOf":{"@id":"https:\/\/elfsight.com\/de\/#website"},"datePublished":"2024-09-30T18:27:29+00:00","dateModified":"2025-07-08T09:52:07+00:00","description":"F\u00fcgen Sie der WooCommerce-Website eine programmierungsfreie Terminbuchungs-App hinzu und erm\u00f6glichen Sie Ihren Kunden, Termine mit nur wenigen Klicks zu reservieren!","breadcrumb":{"@id":"https:\/\/elfsight.com\/de\/appointment-booking-widget\/woocommerce\/#breadcrumb"},"inLanguage":"de","potentialAction":[{"@type":"ReadAction","target":["https:\/\/elfsight.com\/de\/appointment-booking-widget\/woocommerce\/"]}]},{"@type":"BreadcrumbList","@id":"https:\/\/elfsight.com\/de\/appointment-booking-widget\/woocommerce\/#breadcrumb","itemListElement":[{"@type":"ListItem","position":1,"name":"Home","item":"https:\/\/elfsight.com\/de\/"},{"@type":"ListItem","position":2,"name":"Appointment Booking","item":"https:\/\/elfsight.com\/de\/appointment-booking-widget\/"},{"@type":"ListItem","position":3,"name":"appointment booking &#8211; woocommerce"}]},{"@type":"WebSite","@id":"https:\/\/elfsight.com\/de\/#website","url":"https:\/\/elfsight.com\/de\/","name":"Elfsight DE","description":"Just another Elfsight Sites site","potentialAction":[{"@type":"SearchAction","target":{"@type":"EntryPoint","urlTemplate":"https:\/\/elfsight.com\/de\/?s={search_term_string}"},"query-input":{"@type":"PropertyValueSpecification","valueRequired":true,"valueName":"search_term_string"}}],"inLanguage":"de"}]}},"meta_box":{"industry":"","seo_heading":"","heading":"","description":"","cta_heading":"","cta_description":"","application":"22849","h1":"WooCommerce-Terminbuchungs-Plugin","h1_caption":"Erm\u00f6glichen Sie Benutzern die einfache Terminvereinbarung direkt \u00fcber Ihre Woocommerce-Website, was den Komfort erh\u00f6ht und den Buchungsprozess rationalisiert.","application_category":[],"applications_title":"","applications_request_title":"","applications_request_button_text":"","hero_text":"","hero_video":"","hero_video_schema_markup":"","selling_points_title":"","selling_points_caption":"","selling_points":[],"selling_points_cta_text":"","features_title":"","features":"","ed_cta_examples_text":"","ed_cta_examples_hidden":"","ed_cta_demo_text":"","ed_cta_demo_hidden":"","why_caption":"","why_editor_title":"","why_editor_text":"","why_team_title":"","why_team_text":"","why_service_title":"","why_service_text":"","template_catalog_visible":"0","template_catalog_title":"","template_catalog_text":"","template_catalog_categories_visible":"","demo_title":"Erstellen Sie Ihre Terminbuchungs-App","demo_caption":"Configure your Appointment Booking and add it to your WooCommerce website for free!","default_faq_hidden":"","app_template_category":[],"platform":"200","template_public_id":"","codecanyon_url":"","codecanyon_item_id":"","codecanyon_price":"","pricing_caption":"","pricing_elfsight_apps_hide_column":"","pricing_elfsight_apps_url":"","pricing_codecanyon_price_caption":"","integration_category":[],"integration_request_title":"","integration_request_cta":"","integration_platform":"","integrations":[],"platform_category":[],"video_schema_markup":"","price":"ab 0 $ \/ Monat","trial":"","benefits":[{"text":"Kostenlose Installationsunterst\u00fctzung"},{"text":"Professioneller Kundenservice"},{"text":"14-t\u00e4gige R\u00fcckerstattungsgarantie"},{"text":"Kontinuierliche Weiterentwicklung"}],"button_url":"#demo","button_target_blank":"","button_nofollow":"","attributes":[{"name":"Installiert","content":"1,000 - 5,000"},{"name":"Reaktionsfreudig","content":"Ja"},{"name":"Kompatible Browser","content":"Firefox, Safari, Opera, Chrome, Edge"}],"tags":[],"tags_disable_links":"","hide_more_platforms":"","video_object":"","demo_hide_cta":"","demo_hide_cloud_options":"","pricing_title":"","pricing":[{"pricing_icon":"platform","pricing_title":"Elfsight Apps","pricing_title_caption":"Plattform\u00fcbergreifende digitale L\u00f6sung, die auf jeder Website funktioniert","pricing_price":"Ab 0\u00a0$\/Monat","pricing_price_caption":"Beginnen Sie mit einem kostenlosen Plan","pricing_benefits":[{"text":"Unbegrenzte Websites"},{"text":"Kostenloser und p\u00fcnktlicher Support und gut dokumentiert"},{"text":"Kostenlose Installationshilfe"},{"text":"Vollst\u00e4ndig anpassbar"}],"pricing_button_text":"Zur Website hinzuf\u00fcgen","pricing_button_url":"#demo"}],"related_apps_title":"","related_apps_hidden":"","author":"","image":[],"title":"","job":"","social_networks":[]},"_links":{"self":[{"href":"https:\/\/elfsight.com\/de\/wp-json\/wp\/v2\/pages\/23053","targetHints":{"allow":["GET"]}}],"collection":[{"href":"https:\/\/elfsight.com\/de\/wp-json\/wp\/v2\/pages"}],"about":[{"href":"https:\/\/elfsight.com\/de\/wp-json\/wp\/v2\/types\/page"}],"author":[{"embeddable":true,"href":"https:\/\/elfsight.com\/de\/wp-json\/wp\/v2\/users\/9"}],"replies":[{"embeddable":true,"href":"https:\/\/elfsight.com\/de\/wp-json\/wp\/v2\/comments?post=23053"}],"version-history":[{"count":1,"href":"https:\/\/elfsight.com\/de\/wp-json\/wp\/v2\/pages\/23053\/revisions"}],"predecessor-version":[{"id":23057,"href":"https:\/\/elfsight.com\/de\/wp-json\/wp\/v2\/pages\/23053\/revisions\/23057"}],"up":[{"embeddable":true,"href":"https:\/\/elfsight.com\/de\/wp-json\/wp\/v2\/pages\/22850"}],"wp:attachment":[{"href":"https:\/\/elfsight.com\/de\/wp-json\/wp\/v2\/media?parent=23053"}],"curies":[{"name":"wp","href":"https:\/\/api.w.org\/{rel}","templated":true}]}}