{"id":23052,"date":"2024-09-30T18:27:29","date_gmt":"2024-09-30T18:27:29","guid":{"rendered":"https:\/\/elfsight.com\/de\/?page_id=23052"},"modified":"2025-07-08T09:50:41","modified_gmt":"2025-07-08T09:50:41","slug":"magento","status":"publish","type":"page","link":"https:\/\/elfsight.com\/de\/appointment-booking-widget\/magento\/","title":{"rendered":"appointment booking &#8211; magento"},"content":{"rendered":"<div class=\"application-platform-content-item-description application-platform-content-item\" id=\"description\" data-nav-section=\"description\"><h2>Terminbuchung auf Magento mit der Elfsight-Erweiterung einbetten!<\/h2> <p>Die Terminbuchungserweiterung soll potenziellen Kunden bei der Reservierung helfen Slots direkt auf Ihrer Magento-Website und entlasten Sie so von manueller Arbeit \u2013 wie der st\u00e4ndigen Erreichbarkeit, um zu vermeiden, dass Sie Nachrichten, Anrufe und E-Mails verpassen. Es dient als virtueller Assistent, der rund um die Uhr arbeitet, automatisierte Best\u00e4tigungen liefert und mit Outsourcing-Apps wie Google Kalender verbunden werden kann.<\/p> <p>Jetzt ist der ideale Zeitpunkt, sich eingehender mit Ihrem Service oder Ihrer Veranstaltung zu befassen Dauer, geben Sie Kontaktinformationen an und legen Sie die Preise fest, um den Kunden die Entscheidungsfindung zu erleichtern. Dar\u00fcber hinaus k\u00f6nnen Sie das Erscheinungsbild der Erweiterung anpassen, indem Sie benutzerdefinierte Elemente und Funktionen anpassen, ohne dass Sie Ihre Programmierkenntnisse verbessern oder einen Programmierer beauftragen m\u00fcssen!<\/p> <p><b>Erweitern Sie Ihre Gesch\u00e4ftspr\u00e4senz und werden Sie einem breiteren Kundenstamm zug\u00e4nglich indem Sie die Online-Terminbuchung auf Ihrer Website anbieten!<\/b><\/p> <\/div> <div class=\"application-platform-content-item-features application-platform-content-item\" id=\"features\" data-nav-section=\"features\"> <h2>Hier sind wesentliche Funktionen des Widget:<\/h2> <ul><li>Geben Sie eine klare Beschreibung Ihres Dienstes an \u2013 Name, Details, Bild und Dauer \u2013 und legen Sie die Preise in verschiedenen W\u00e4hrungen fest.<\/li><li>Senden Sie automatische Benachrichtigungen, um dies zu best\u00e4tigen Gebuchte Zeitfenster f\u00fcr Kunden und sich selbst.<\/li><li>Synchronisieren Sie das Widget mit externen Integrationen wie Google Kalender, um die Relevanz in Echtzeit aufrechtzuerhalten.<\/li><li>Pr\u00e4sentieren Sie Ihre Gesch\u00e4ftskontaktinformationen als soziale Best\u00e4tigung und aktivieren Sie sie Benutzer k\u00f6nnen Sie bei unerwarteten Ereignissen kontaktieren Umst\u00e4nde.<\/li><li>Codefreie Anpassung mit erweiterten Designeinstellungen: vorgefertigte Vorlagen, Farben, Layouts, Schriftarten, benutzerdefinierter CSS-Editor, benutzerdefinierter JS-Editor usw.<\/li><\/ul><p> <a href=\"#demo\">Sie k\u00f6nnen sehen, wie das Widget funktioniert, indem Sie die Demo ausprobieren<\/a><\/p> <\/div> <div class=\"application-platform-content-item-installation application-platform-content-item\" id=\"installation\" data-nav-section=\"installation\"> <h2>Wie kann ich das einbetten? Terminbuchung auf meiner Magento-Website?<\/h2> <p>Wenn Sie die Terminbuchung zu Ihrer Magento-Website hinzuf\u00fcgen m\u00f6chten, f\u00fchren Sie die folgenden Schritte aus:<\/p> <ol><li><b>Nutzen Sie unsere kostenlose Konfigurator und beginnen Sie mit der Erstellung Ihres individuellen LinkedIn-Feed-Plugins.<\/b><br> W\u00e4hlen Sie das benutzerdefinierte Layout und die Parameter des Plugins und wenden Sie die Korrekturen an.<\/li> <li><b>Kopieren Sie Ihren eindeutigen Code, der im Fenster angezeigt wird auf Elfsight Apps.<\/b><br> Sobald die Wenn die Einrichtung Ihres Tools abgeschlossen ist, kopieren Sie den einzelnen Code im erscheinenden Popup und speichern Sie ihn f\u00fcr die zuk\u00fcnftige Verwendung.<\/li> <li><b>Geben Sie die Verwendung des Widgets auf Ihrer Magento-Website ein.<\/b><br> Einbetten Der Code wurde k\u00fcrzlich in Ihre Website kopiert und die \u00c4nderungen \u00fcbernommen.<\/li> <li><b>Die Installation wurde erfolgreich durchgef\u00fchrt.<\/b><br> Besuchen Sie Ihre Website, um zu sehen, wie das Tool funktioniert.<\/li> <\/ol> <p>Falls Sie Schwierigkeiten haben, k\u00f6nnen Sie sich gerne an unseren Support wenden Personal. Unsere Spezialisten beantworten gerne alle Fragen, die Sie zum Plugin haben.<\/p> <\/div> ","protected":false},"excerpt":{"rendered":"","protected":false},"author":9,"featured_media":0,"parent":22850,"menu_order":0,"comment_status":"closed","ping_status":"closed","template":"templates\/template-application-platform.php","meta":{"publish_to_discourse":"","publish_post_category":"","wpdc_auto_publish_overridden":"","wpdc_topic_tags":"","wpdc_pin_topic":"","wpdc_pin_until":"","discourse_post_id":"","discourse_permalink":"","wpdc_publishing_response":"","wpdc_publishing_error":"","footnotes":""},"class_list":["post-23052","page","type-page","status-publish","hentry"],"yoast_head":"<!-- This site is optimized with the Yoast SEO plugin v25.3.1 - https:\/\/yoast.com\/wordpress\/plugins\/seo\/ -->\n<title>Terminbuchungs-Widget \u2013 Betten Sie die Buchung auf der Magento-Website ein<\/title>\n<meta name=\"description\" content=\"F\u00fcgen Sie der Magento-Website eine programmierungsfreie Terminbuchungs-App hinzu und erm\u00f6glichen Sie Ihren Kunden, Termine mit nur wenigen Klicks zu reservieren!\" \/>\n<meta name=\"robots\" content=\"index, follow, max-snippet:-1, max-image-preview:large, max-video-preview:-1\" \/>\n<link rel=\"canonical\" href=\"https:\/\/elfsight.com\/de\/appointment-booking-widget\/magento\/\" \/>\n<meta property=\"og:locale\" content=\"de_DE\" \/>\n<meta property=\"og:type\" content=\"article\" \/>\n<meta property=\"og:title\" content=\"Terminbuchungs-Widget \u2013 Betten Sie die Buchung auf der Magento-Website ein\" \/>\n<meta property=\"og:description\" content=\"F\u00fcgen Sie der Magento-Website eine programmierungsfreie Terminbuchungs-App hinzu und erm\u00f6glichen Sie Ihren Kunden, Termine mit nur wenigen Klicks zu reservieren!\" \/>\n<meta property=\"og:url\" content=\"https:\/\/elfsight.com\/de\/appointment-booking-widget\/magento\/\" \/>\n<meta property=\"og:site_name\" content=\"Elfsight DE\" \/>\n<meta property=\"article:modified_time\" content=\"2025-07-08T09:50:41+00:00\" \/>\n<meta name=\"twitter:card\" content=\"summary_large_image\" \/>\n<meta name=\"twitter:label1\" content=\"Gesch\u00e4tzte Lesezeit\" \/>\n\t<meta name=\"twitter:data1\" content=\"2\u00a0Minuten\" \/>\n<!-- \/ Yoast SEO plugin. -->","yoast_head_json":{"title":"Terminbuchungs-Widget \u2013 Betten Sie die Buchung auf der Magento-Website ein","description":"F\u00fcgen Sie der Magento-Website eine programmierungsfreie Terminbuchungs-App hinzu und erm\u00f6glichen Sie Ihren Kunden, Termine mit nur wenigen Klicks zu reservieren!","robots":{"index":"index","follow":"follow","max-snippet":"max-snippet:-1","max-image-preview":"max-image-preview:large","max-video-preview":"max-video-preview:-1"},"canonical":"https:\/\/elfsight.com\/de\/appointment-booking-widget\/magento\/","og_locale":"de_DE","og_type":"article","og_title":"Terminbuchungs-Widget \u2013 Betten Sie die Buchung auf der Magento-Website ein","og_description":"F\u00fcgen Sie der Magento-Website eine programmierungsfreie Terminbuchungs-App hinzu und erm\u00f6glichen Sie Ihren Kunden, Termine mit nur wenigen Klicks zu reservieren!","og_url":"https:\/\/elfsight.com\/de\/appointment-booking-widget\/magento\/","og_site_name":"Elfsight DE","article_modified_time":"2025-07-08T09:50:41+00:00","twitter_card":"summary_large_image","twitter_misc":{"Gesch\u00e4tzte Lesezeit":"2\u00a0Minuten"},"schema":{"@context":"https:\/\/schema.org","@graph":[{"@type":"WebPage","@id":"https:\/\/elfsight.com\/de\/appointment-booking-widget\/magento\/","url":"https:\/\/elfsight.com\/de\/appointment-booking-widget\/magento\/","name":"Terminbuchungs-Widget \u2013 Betten Sie die Buchung auf der Magento-Website ein","isPartOf":{"@id":"https:\/\/elfsight.com\/de\/#website"},"datePublished":"2024-09-30T18:27:29+00:00","dateModified":"2025-07-08T09:50:41+00:00","description":"F\u00fcgen Sie der Magento-Website eine programmierungsfreie Terminbuchungs-App hinzu und erm\u00f6glichen Sie Ihren Kunden, Termine mit nur wenigen Klicks zu reservieren!","breadcrumb":{"@id":"https:\/\/elfsight.com\/de\/appointment-booking-widget\/magento\/#breadcrumb"},"inLanguage":"de","potentialAction":[{"@type":"ReadAction","target":["https:\/\/elfsight.com\/de\/appointment-booking-widget\/magento\/"]}]},{"@type":"BreadcrumbList","@id":"https:\/\/elfsight.com\/de\/appointment-booking-widget\/magento\/#breadcrumb","itemListElement":[{"@type":"ListItem","position":1,"name":"Home","item":"https:\/\/elfsight.com\/de\/"},{"@type":"ListItem","position":2,"name":"Appointment Booking","item":"https:\/\/elfsight.com\/de\/appointment-booking-widget\/"},{"@type":"ListItem","position":3,"name":"appointment booking &#8211; magento"}]},{"@type":"WebSite","@id":"https:\/\/elfsight.com\/de\/#website","url":"https:\/\/elfsight.com\/de\/","name":"Elfsight DE","description":"Just another Elfsight Sites site","potentialAction":[{"@type":"SearchAction","target":{"@type":"EntryPoint","urlTemplate":"https:\/\/elfsight.com\/de\/?s={search_term_string}"},"query-input":{"@type":"PropertyValueSpecification","valueRequired":true,"valueName":"search_term_string"}}],"inLanguage":"de"}]}},"meta_box":{"industry":"","seo_heading":"","heading":"","description":"","cta_heading":"","cta_description":"","application":"22849","h1":"Magento Terminbuchungserweiterung","h1_caption":"Erm\u00f6glichen Sie Benutzern die einfache Terminvereinbarung direkt \u00fcber Ihre Magento-Website, was den Komfort erh\u00f6ht und den Buchungsprozess rationalisiert.","application_category":[],"applications_title":"","applications_request_title":"","applications_request_button_text":"","hero_text":"","hero_video":"","hero_video_schema_markup":"","selling_points_title":"","selling_points_caption":"","selling_points":[],"selling_points_cta_text":"","features_title":"","features":"","ed_cta_examples_text":"","ed_cta_examples_hidden":"","ed_cta_demo_text":"","ed_cta_demo_hidden":"","why_caption":"","why_editor_title":"","why_editor_text":"","why_team_title":"","why_team_text":"","why_service_title":"","why_service_text":"","template_catalog_visible":"0","template_catalog_title":"","template_catalog_text":"","template_catalog_categories_visible":"","demo_title":"Erstellen Sie Ihre Terminbuchungserweiterung","demo_caption":"Configure your Appointment Booking and add it to your Magento website for free!","default_faq_hidden":"","app_template_category":[],"platform":"256","template_public_id":"","codecanyon_url":"","codecanyon_item_id":"","codecanyon_price":"","pricing_caption":"","pricing_elfsight_apps_hide_column":"","pricing_elfsight_apps_url":"","pricing_codecanyon_price_caption":"","integration_category":[],"integration_request_title":"","integration_request_cta":"","integration_platform":"","integrations":[],"platform_category":[],"video_schema_markup":"","price":"ab 0 $ \/ Monat","trial":"","benefits":[{"text":"Kostenlose Installationsunterst\u00fctzung"},{"text":"Au\u00dfergew\u00f6hnlicher Support"},{"text":"14-t\u00e4gige Geld-zur\u00fcck-Garantie"},{"text":"Laufende Verbesserungen"}],"button_url":"#demo","button_target_blank":"","button_nofollow":"","attributes":[{"name":"Installiert","content":"1,000 - 5,000"},{"name":"Reaktionsfreudig","content":"Ja"},{"name":"Kompatible Browser","content":"Firefox, Safari, Opera, Chrome, Edge"}],"tags":[],"tags_disable_links":"","hide_more_platforms":"","video_object":"","demo_hide_cta":"","demo_hide_cloud_options":"","pricing_title":"","pricing":[{"pricing_icon":"platform","pricing_title":"Elfsight Apps","pricing_title_caption":"Plattformunabh\u00e4ngige Software, die zu jeder Website passt","pricing_price":"Ab 0\u00a0$\/Monat","pricing_price_caption":"Beginnen Sie mit einem kostenlosen Plan","pricing_benefits":[{"text":"Unbegrenzte Websites"},{"text":"Engagierte Unternehmensunterst\u00fctzung"},{"text":"Kostenloser Installationsservice"},{"text":"100 % anpassbar"}],"pricing_button_text":"Zur Website hinzuf\u00fcgen","pricing_button_url":"#demo"}],"related_apps_title":"","related_apps_hidden":"","author":"","image":[],"title":"","job":"","social_networks":[]},"_links":{"self":[{"href":"https:\/\/elfsight.com\/de\/wp-json\/wp\/v2\/pages\/23052","targetHints":{"allow":["GET"]}}],"collection":[{"href":"https:\/\/elfsight.com\/de\/wp-json\/wp\/v2\/pages"}],"about":[{"href":"https:\/\/elfsight.com\/de\/wp-json\/wp\/v2\/types\/page"}],"author":[{"embeddable":true,"href":"https:\/\/elfsight.com\/de\/wp-json\/wp\/v2\/users\/9"}],"replies":[{"embeddable":true,"href":"https:\/\/elfsight.com\/de\/wp-json\/wp\/v2\/comments?post=23052"}],"version-history":[{"count":1,"href":"https:\/\/elfsight.com\/de\/wp-json\/wp\/v2\/pages\/23052\/revisions"}],"predecessor-version":[{"id":23056,"href":"https:\/\/elfsight.com\/de\/wp-json\/wp\/v2\/pages\/23052\/revisions\/23056"}],"up":[{"embeddable":true,"href":"https:\/\/elfsight.com\/de\/wp-json\/wp\/v2\/pages\/22850"}],"wp:attachment":[{"href":"https:\/\/elfsight.com\/de\/wp-json\/wp\/v2\/media?parent=23052"}],"curies":[{"name":"wp","href":"https:\/\/api.w.org\/{rel}","templated":true}]}}