{"id":23046,"date":"2024-09-30T18:27:29","date_gmt":"2024-09-30T18:27:29","guid":{"rendered":"https:\/\/elfsight.com\/de\/?page_id=23046"},"modified":"2025-07-08T09:49:49","modified_gmt":"2025-07-08T09:49:49","slug":"drupal","status":"publish","type":"page","link":"https:\/\/elfsight.com\/de\/appointment-booking-widget\/drupal\/","title":{"rendered":"appointment booking &#8211; drupal"},"content":{"rendered":"<div class=\"application-platform-content-item-description application-platform-content-item\" id=\"description\" data-nav-section=\"description\"><h2>Terminbuchung auf Drupal mit dem Elfsight-Modul einbetten!<\/h2> <p>Das Terminbuchungsmodul soll potenziellen Kunden helfen, Termine zu sichern direkt auf Ihrer Drupal-Website und entlastet Sie so von manueller Arbeit \u2013 wie der st\u00e4ndigen Verwaltung von Nachrichten, Anrufen und E-Mails. Es fungiert als engagierter Rezeptionist, der rund um die Uhr arbeitet, automatisierte Benachrichtigungen sendet und mit Outsourcing-Apps wie Google Kalender synchronisiert werden kann.<\/p> <p>Es ist der ideale Moment, um Ihren Service oder Anlass n\u00e4her zu erl\u00e4utern und die Dauer festzulegen , geben Sie Kontaktinformationen bekannt und entscheiden Sie \u00fcber die Preisgestaltung, um Kunden dabei zu helfen, fundierte Entscheidungen zu treffen. Dar\u00fcber hinaus k\u00f6nnen Sie das Erscheinungsbild des Moduls personalisieren, indem Sie benutzerdefinierte Elemente und Funktionen anpassen, ohne dass Sie Ihre Programmierkenntnisse perfektionieren oder einen Programmierer engagieren m\u00fcssen!<\/p> <p><b>St\u00e4rken Sie Ihr Unternehmen und werden Sie durch Online-Terminbuchung f\u00fcr eine breitere Kundschaft verf\u00fcgbar auf Ihrer Website!<\/b><\/p> <\/div> <div class=\"application-platform-content-item-features application-platform-content-item\" id=\"features\" data-nav-section=\"features\"> <h2>Dies sind nur einige der zahlreichen Widgets Funktionen:<\/h2> <ul><li>Bieten Sie einen pr\u00e4gnanten \u00dcberblick \u00fcber Ihren Service \u2013 Name, Details, Bild und Dauer \u2013 und konfigurieren Sie die Preise in verschiedenen W\u00e4hrungen.<\/li><li>Senden Sie automatische Benachrichtigungen, um dies zu best\u00e4tigen Sichere Termine f\u00fcr Kunden und sich selbst.<\/li><li>Synchronisieren Sie das Widget mit externen Diensten wie Google Kalender, um st\u00e4ndige Aktualisierungen sicherzustellen.<\/li><li>Pr\u00e4sentieren Sie Ihre gesch\u00e4ftlichen Kontaktdaten als soziale Best\u00e4tigung und erm\u00f6glichen Sie Benutzern die Kontaktaufnahme Sie im Falle unvorhergesehener Ereignisse Vorkommen.<\/li><li>Codefreie Anpassung mit erweiterten Designeinstellungen: gebrauchsfertige Vorlagen, Farben, stilvolle Layouts, Schriftarten, benutzerdefinierter CSS-Editor, benutzerdefinierter JS-Editor usw.<\/li><\/ul> <p><a href=\"#demo\">Probieren Sie einfach diese Demo aus, um zu sehen, wie es funktioniert<\/a><\/p> <\/div> <div class=\"application-platform-content-item-installation application-platform-content-item\" id=\"installation\" data-nav-section=\"installation\"> <h2>Wie mache ich Die Terminbuchung zu meiner Drupal-Website hinzuf\u00fcgen?<\/h2> <p>Um die Terminbuchung zu Ihrer Drupal-Website hinzuzuf\u00fcgen, folgen Sie diesen Schritten:<\/p> <ol><li><b>\u00d6ffnen Sie unsere kostenlose Demo und beginnen Sie mit der Gestaltung Ihr individuell erstelltes LinkedIn-Feed-Widget.<\/b><br> Bestimmen Sie die ausgew\u00e4hlte Benutzeroberfl\u00e4che und die Optionen des Widgets und wenden Sie die \u00c4nderungen an.<\/li> <li><b>Erhalten Sie Ihren pers\u00f6nlichen Code, der in der Box auf Elfsight Apps angezeigt wird .<\/b><br> Wenn die Anpassung Ihres Wenn das Plugin fertig ist, kopieren Sie den einzelnen Code aus dem angezeigten Feld und bewahren Sie ihn zur weiteren Verwendung auf.<\/li> <li><b>Beginnen Sie mit der Verwendung des Tools auf Ihrer Drupal-Website.<\/b><br> Implementieren Sie den von Ihnen gew\u00fcnschten Code. Ich habe es k\u00fcrzlich auf Ihre Website kopiert und speichere die Anpassungen.<\/li> <li><b>Sie sind fertig! Die Einbettung wurde erfolgreich durchgef\u00fchrt.<\/b><br> Besuchen Sie Ihre Website, um zu \u00fcberpr\u00fcfen, wie das Plugin funktioniert.<\/li><\/ol> <p>Wenn Sie auf Komplikationen sto\u00dfen, scheuen Sie sich nicht, Kontakt mit uns aufzunehmen unsere Mitarbeiter im Kundenservice. Unsere Spezialisten l\u00f6sen gerne alle Probleme, die Sie mit dem Widget haben k\u00f6nnten.<\/p> <\/div> ","protected":false},"excerpt":{"rendered":"","protected":false},"author":9,"featured_media":0,"parent":22850,"menu_order":0,"comment_status":"closed","ping_status":"closed","template":"templates\/template-application-platform.php","meta":{"publish_to_discourse":"","publish_post_category":"","wpdc_auto_publish_overridden":"","wpdc_topic_tags":"","wpdc_pin_topic":"","wpdc_pin_until":"","discourse_post_id":"","discourse_permalink":"","wpdc_publishing_response":"","wpdc_publishing_error":"","footnotes":""},"class_list":["post-23046","page","type-page","status-publish","hentry"],"yoast_head":"<!-- This site is optimized with the Yoast SEO plugin v25.3.1 - https:\/\/yoast.com\/wordpress\/plugins\/seo\/ -->\n<title>Terminbuchungs-Widget \u2013 Betten Sie die Buchung auf der Drupal-Website ein<\/title>\n<meta name=\"description\" content=\"F\u00fcgen Sie der Drupal-Website eine programmierungsfreie Terminbuchungs-App hinzu und erm\u00f6glichen Sie Ihren Kunden, Termine mit nur wenigen Klicks zu reservieren!\" \/>\n<meta name=\"robots\" content=\"index, follow, max-snippet:-1, max-image-preview:large, max-video-preview:-1\" \/>\n<link rel=\"canonical\" href=\"https:\/\/elfsight.com\/de\/appointment-booking-widget\/drupal\/\" \/>\n<meta property=\"og:locale\" content=\"de_DE\" \/>\n<meta property=\"og:type\" content=\"article\" \/>\n<meta property=\"og:title\" content=\"Terminbuchungs-Widget \u2013 Betten Sie die Buchung auf der Drupal-Website ein\" \/>\n<meta property=\"og:description\" content=\"F\u00fcgen Sie der Drupal-Website eine programmierungsfreie Terminbuchungs-App hinzu und erm\u00f6glichen Sie Ihren Kunden, Termine mit nur wenigen Klicks zu reservieren!\" \/>\n<meta property=\"og:url\" content=\"https:\/\/elfsight.com\/de\/appointment-booking-widget\/drupal\/\" \/>\n<meta property=\"og:site_name\" content=\"Elfsight DE\" \/>\n<meta property=\"article:modified_time\" content=\"2025-07-08T09:49:49+00:00\" \/>\n<meta name=\"twitter:card\" content=\"summary_large_image\" \/>\n<meta name=\"twitter:label1\" content=\"Gesch\u00e4tzte Lesezeit\" \/>\n\t<meta name=\"twitter:data1\" content=\"2\u00a0Minuten\" \/>\n<!-- \/ Yoast SEO plugin. -->","yoast_head_json":{"title":"Terminbuchungs-Widget \u2013 Betten Sie die Buchung auf der Drupal-Website ein","description":"F\u00fcgen Sie der Drupal-Website eine programmierungsfreie Terminbuchungs-App hinzu und erm\u00f6glichen Sie Ihren Kunden, Termine mit nur wenigen Klicks zu reservieren!","robots":{"index":"index","follow":"follow","max-snippet":"max-snippet:-1","max-image-preview":"max-image-preview:large","max-video-preview":"max-video-preview:-1"},"canonical":"https:\/\/elfsight.com\/de\/appointment-booking-widget\/drupal\/","og_locale":"de_DE","og_type":"article","og_title":"Terminbuchungs-Widget \u2013 Betten Sie die Buchung auf der Drupal-Website ein","og_description":"F\u00fcgen Sie der Drupal-Website eine programmierungsfreie Terminbuchungs-App hinzu und erm\u00f6glichen Sie Ihren Kunden, Termine mit nur wenigen Klicks zu reservieren!","og_url":"https:\/\/elfsight.com\/de\/appointment-booking-widget\/drupal\/","og_site_name":"Elfsight DE","article_modified_time":"2025-07-08T09:49:49+00:00","twitter_card":"summary_large_image","twitter_misc":{"Gesch\u00e4tzte Lesezeit":"2\u00a0Minuten"},"schema":{"@context":"https:\/\/schema.org","@graph":[{"@type":"WebPage","@id":"https:\/\/elfsight.com\/de\/appointment-booking-widget\/drupal\/","url":"https:\/\/elfsight.com\/de\/appointment-booking-widget\/drupal\/","name":"Terminbuchungs-Widget \u2013 Betten Sie die Buchung auf der Drupal-Website ein","isPartOf":{"@id":"https:\/\/elfsight.com\/de\/#website"},"datePublished":"2024-09-30T18:27:29+00:00","dateModified":"2025-07-08T09:49:49+00:00","description":"F\u00fcgen Sie der Drupal-Website eine programmierungsfreie Terminbuchungs-App hinzu und erm\u00f6glichen Sie Ihren Kunden, Termine mit nur wenigen Klicks zu reservieren!","breadcrumb":{"@id":"https:\/\/elfsight.com\/de\/appointment-booking-widget\/drupal\/#breadcrumb"},"inLanguage":"de","potentialAction":[{"@type":"ReadAction","target":["https:\/\/elfsight.com\/de\/appointment-booking-widget\/drupal\/"]}]},{"@type":"BreadcrumbList","@id":"https:\/\/elfsight.com\/de\/appointment-booking-widget\/drupal\/#breadcrumb","itemListElement":[{"@type":"ListItem","position":1,"name":"Home","item":"https:\/\/elfsight.com\/de\/"},{"@type":"ListItem","position":2,"name":"Appointment Booking","item":"https:\/\/elfsight.com\/de\/appointment-booking-widget\/"},{"@type":"ListItem","position":3,"name":"appointment booking &#8211; drupal"}]},{"@type":"WebSite","@id":"https:\/\/elfsight.com\/de\/#website","url":"https:\/\/elfsight.com\/de\/","name":"Elfsight DE","description":"Just another Elfsight Sites site","potentialAction":[{"@type":"SearchAction","target":{"@type":"EntryPoint","urlTemplate":"https:\/\/elfsight.com\/de\/?s={search_term_string}"},"query-input":{"@type":"PropertyValueSpecification","valueRequired":true,"valueName":"search_term_string"}}],"inLanguage":"de"}]}},"meta_box":{"industry":"","seo_heading":"","heading":"","description":"","cta_heading":"","cta_description":"","application":"22849","h1":"Drupal-Terminbuchungsmodul","h1_caption":"Erm\u00f6glichen Sie Benutzern die einfache Terminvereinbarung direkt \u00fcber Ihre Drupal-Website, was den Komfort erh\u00f6ht und den Buchungsprozess rationalisiert.","application_category":[],"applications_title":"","applications_request_title":"","applications_request_button_text":"","hero_text":"","hero_video":"","hero_video_schema_markup":"","selling_points_title":"","selling_points_caption":"","selling_points":[],"selling_points_cta_text":"","features_title":"","features":"","ed_cta_examples_text":"","ed_cta_examples_hidden":"","ed_cta_demo_text":"","ed_cta_demo_hidden":"","why_caption":"","why_editor_title":"","why_editor_text":"","why_team_title":"","why_team_text":"","why_service_title":"","why_service_text":"","template_catalog_visible":"0","template_catalog_title":"","template_catalog_text":"","template_catalog_categories_visible":"","demo_title":"Erstellen Sie Ihr Terminbuchungsmodul","demo_caption":"Configure your Appointment Booking and add it to your Drupal website for free!","default_faq_hidden":"","app_template_category":[],"platform":"261","template_public_id":"","codecanyon_url":"","codecanyon_item_id":"","codecanyon_price":"","pricing_caption":"","pricing_elfsight_apps_hide_column":"","pricing_elfsight_apps_url":"","pricing_codecanyon_price_caption":"","integration_category":[],"integration_request_title":"","integration_request_cta":"","integration_platform":"","integrations":[],"platform_category":[],"video_schema_markup":"","price":"ab 0 $ \/ Monat","trial":"","benefits":[{"text":"Kostenlose Installationshilfe"},{"text":"Effektiver Kundenservice"},{"text":"14-t\u00e4gige Geld-zur\u00fcck-Garantie"},{"text":"Zuk\u00fcnftige Verbesserungen"}],"button_url":"#demo","button_target_blank":"","button_nofollow":"","attributes":[{"name":"Installiert","content":"1,000 - 5,000"},{"name":"Reaktionsfreudig","content":"Ja"},{"name":"Kompatible Browser","content":"Firefox, Safari, Opera, Chrome, Edge"}],"tags":[],"tags_disable_links":"","hide_more_platforms":"","video_object":"","demo_hide_cta":"","demo_hide_cloud_options":"","pricing_title":"","pricing":[{"pricing_icon":"platform","pricing_title":"Elfsight Apps","pricing_title_caption":"Multiplattform-L\u00f6sung, die zu jeder Website passt","pricing_price":"Ab 0\u00a0$\/Monat","pricing_price_caption":"Beginnen Sie mit einem kostenlosen Plan","pricing_benefits":[{"text":"Unbegrenzte Websites"},{"text":"Erstklassiger Kundensupport und gut dokumentiert"},{"text":"Kostenlose Installationshilfe"},{"text":"Vollst\u00e4ndig anpassbar"}],"pricing_button_text":"Zur Website hinzuf\u00fcgen","pricing_button_url":"#demo"}],"related_apps_title":"","related_apps_hidden":"","author":"","image":[],"title":"","job":"","social_networks":[]},"_links":{"self":[{"href":"https:\/\/elfsight.com\/de\/wp-json\/wp\/v2\/pages\/23046","targetHints":{"allow":["GET"]}}],"collection":[{"href":"https:\/\/elfsight.com\/de\/wp-json\/wp\/v2\/pages"}],"about":[{"href":"https:\/\/elfsight.com\/de\/wp-json\/wp\/v2\/types\/page"}],"author":[{"embeddable":true,"href":"https:\/\/elfsight.com\/de\/wp-json\/wp\/v2\/users\/9"}],"replies":[{"embeddable":true,"href":"https:\/\/elfsight.com\/de\/wp-json\/wp\/v2\/comments?post=23046"}],"version-history":[{"count":1,"href":"https:\/\/elfsight.com\/de\/wp-json\/wp\/v2\/pages\/23046\/revisions"}],"predecessor-version":[{"id":23050,"href":"https:\/\/elfsight.com\/de\/wp-json\/wp\/v2\/pages\/23046\/revisions\/23050"}],"up":[{"embeddable":true,"href":"https:\/\/elfsight.com\/de\/wp-json\/wp\/v2\/pages\/22850"}],"wp:attachment":[{"href":"https:\/\/elfsight.com\/de\/wp-json\/wp\/v2\/media?parent=23046"}],"curies":[{"name":"wp","href":"https:\/\/api.w.org\/{rel}","templated":true}]}}