{"id":23044,"date":"2024-09-30T18:27:29","date_gmt":"2024-09-30T18:27:29","guid":{"rendered":"https:\/\/elfsight.com\/de\/?page_id=23044"},"modified":"2025-07-08T09:50:51","modified_gmt":"2025-07-08T09:50:51","slug":"opencart","status":"publish","type":"page","link":"https:\/\/elfsight.com\/de\/appointment-booking-widget\/opencart\/","title":{"rendered":"appointment booking &#8211; opencart"},"content":{"rendered":"<div class=\"application-platform-content-item-description application-platform-content-item\" id=\"description\" data-nav-section=\"description\"><h2>Terminbuchung auf OpenCart mit der Elfsight-Erweiterung einbetten!<\/h2> <p>Die Terminbuchungserweiterung steht Ihnen zur Verf\u00fcgung, um potenziellen Kunden zu helfen Reservieren Sie Zeitfenster direkt auf Ihrer OpenCart-Website und reduzieren Sie so die praktischen Aufgaben \u2013 wie das st\u00e4ndige \u00dcberwachen von Nachrichten, Anrufen und E-Mails \u2013 f\u00fcr Sie. Es fungiert als virtueller Assistent, der rund um die Uhr arbeitet und au\u00dferdem in der Lage ist, automatisierte Benachrichtigungen zu senden und mit externen Integrationen wie Google Kalender zu synchronisieren.<\/p> <p>Der Moment ist gekommen, mehr Einblicke in Ihren Service oder Ihre Veranstaltung zu bieten Sie k\u00f6nnen den Zeitrahmen festlegen, Kontaktinformationen weitergeben und die Preise festlegen, um die Entscheidungsfindung f\u00fcr Kunden zu optimieren. Passen Sie au\u00dferdem das Erscheinungsbild der Erweiterung an, indem Sie benutzerdefinierte Elemente und Funktionen optimieren, ohne dass Sie Ihre Programmierkenntnisse verbessern oder einen erfahrenen Entwickler einstellen m\u00fcssen!<\/p> <p><b>Lassen Sie Ihr Unternehmen rocken und werden Sie f\u00fcr einen breiteren Kundenstamm erreichbar durch Online-Terminbuchung auf Ihrer Website!<\/b><\/p> <\/div> <div class=\"application-platform-content-item-features application-platform-content-item\" id=\"features\" data-nav-section=\"features\"> <h2>Sehen Sie sich die Liste der leistungsst\u00e4rksten Funktionen an:<\/h2> <ul><li>Geben Sie eine pr\u00e4zise Darstellung Ihres Dienstes an \u2013 Name, Details, Bild und Dauer \u2013 und richten Sie die Preise in verschiedenen W\u00e4hrungen ein.<\/li><li>Senden Sie automatisierte Benachrichtigungen, um die geplanten Zeitfenster an Kunden und Sie selbst zu validieren.<\/li><li>Synchronisieren Sie das Widget mit Integrationen von Drittanbietern wie Google Kalender, um die Relevanz in Echtzeit aufrechtzuerhalten.<\/li><li>Teilen Sie Ihre Gesch\u00e4ftskontaktdaten als soziale Best\u00e4tigung und erm\u00f6glichen Sie Benutzern, Sie im Falle unvorhergesehener Ereignisse zu kontaktieren Umst\u00e4nde.<\/li><li>Einfache Anpassungsoptionen, ohne dass Code geschrieben werden muss: gebrauchsfertige Vorlagen, Farben, Layouts, Schriftarten, benutzerdefinierter CSS-Editor, benutzerdefinierter JS-Editor usw.<\/li><\/ul> <p><a href=\"#demo\">Mit Hilfe der Demo k\u00f6nnen Sie testen, ob das Widget f\u00fcr Sie geeignet ist<\/a><\/p> <\/div> <div class=\"application-platform-content-item-installation application-platform-content-item\" id=\"installation\" data-nav-section=\"installation\"> <h2> Wie f\u00fcge ich die Terminbuchung zu meiner OpenCart-Website hinzu?<\/h2> <p>Um die Terminbuchung auf Ihrer OpenCart-Website einzubetten, f\u00fchren Sie die folgenden Schritte aus:<\/p> <ol><li><b>\u00d6ffnen Sie unseren kostenlosen Editor und beginnen Sie mit der Erstellung Ihres individuellen LinkedIn-Feed-Plugins.<\/b><br> Finden Sie das bevorzugte Layout und die Funktionalit\u00e4t des Plugins und speichern Sie die \u00c4nderungen.<\/li> <li><b>Rufen Sie den individuellen Code ab, der im speziellen Formular angezeigt wird Elfsight Apps.<\/b><br> Sobald die Konfiguration Ihres pers\u00f6nlichen Widgets abgeschlossen ist, kopieren Sie den exklusiven Code im angezeigten Fenster und bewahren Sie ihn f\u00fcr die sp\u00e4tere Verwendung auf.<\/li> <li><b>Beginnen Sie mit der Nutzung von Das Widget auf Ihrer OpenCart-Website.<\/b><br> Integrieren Sie den zuvor gespeicherten Code in Ihre Website und speichern Sie die Verbesserungen.<\/li> <li><b>Das Setup wurde erfolgreich beendet.<\/b><br> Besuchen Sie Ihre Website, um die Leistung des Tools zu \u00fcberpr\u00fcfen.<\/li><\/ol> <p>Wenn Sie Fragen haben oder auf Hindernisse sto\u00dfen, k\u00f6nnen Sie sich gerne an unser Support-Team wenden. Unsere Mitarbeiter sind bestrebt, alle Ihre Fragen zum Produkt zu beantworten.<\/p> <\/div> ","protected":false},"excerpt":{"rendered":"","protected":false},"author":9,"featured_media":0,"parent":22850,"menu_order":0,"comment_status":"closed","ping_status":"closed","template":"templates\/template-application-platform.php","meta":{"publish_to_discourse":"","publish_post_category":"","wpdc_auto_publish_overridden":"","wpdc_topic_tags":"","wpdc_pin_topic":"","wpdc_pin_until":"","discourse_post_id":"","discourse_permalink":"","wpdc_publishing_response":"","wpdc_publishing_error":"","footnotes":""},"class_list":["post-23044","page","type-page","status-publish","hentry"],"yoast_head":"<!-- This site is optimized with the Yoast SEO plugin v25.3.1 - https:\/\/yoast.com\/wordpress\/plugins\/seo\/ -->\n<title>Terminbuchungs-Widget \u2013 Betten Sie die Buchung auf der OpenCart-Website ein<\/title>\n<meta name=\"description\" content=\"F\u00fcgen Sie der OpenCart-Website eine programmierungsfreie Terminbuchungs-App hinzu und erm\u00f6glichen Sie Ihren Kunden, Termine mit nur wenigen Klicks zu reservieren!\" \/>\n<meta name=\"robots\" content=\"index, follow, max-snippet:-1, max-image-preview:large, max-video-preview:-1\" \/>\n<link rel=\"canonical\" href=\"https:\/\/elfsight.com\/de\/appointment-booking-widget\/opencart\/\" \/>\n<meta property=\"og:locale\" content=\"de_DE\" \/>\n<meta property=\"og:type\" content=\"article\" \/>\n<meta property=\"og:title\" content=\"Terminbuchungs-Widget \u2013 Betten Sie die Buchung auf der OpenCart-Website ein\" \/>\n<meta property=\"og:description\" content=\"F\u00fcgen Sie der OpenCart-Website eine programmierungsfreie Terminbuchungs-App hinzu und erm\u00f6glichen Sie Ihren Kunden, Termine mit nur wenigen Klicks zu reservieren!\" \/>\n<meta property=\"og:url\" content=\"https:\/\/elfsight.com\/de\/appointment-booking-widget\/opencart\/\" \/>\n<meta property=\"og:site_name\" content=\"Elfsight DE\" \/>\n<meta property=\"article:modified_time\" content=\"2025-07-08T09:50:51+00:00\" \/>\n<meta name=\"twitter:card\" content=\"summary_large_image\" \/>\n<meta name=\"twitter:label1\" content=\"Gesch\u00e4tzte Lesezeit\" \/>\n\t<meta name=\"twitter:data1\" content=\"2\u00a0Minuten\" \/>\n<!-- \/ Yoast SEO plugin. -->","yoast_head_json":{"title":"Terminbuchungs-Widget \u2013 Betten Sie die Buchung auf der OpenCart-Website ein","description":"F\u00fcgen Sie der OpenCart-Website eine programmierungsfreie Terminbuchungs-App hinzu und erm\u00f6glichen Sie Ihren Kunden, Termine mit nur wenigen Klicks zu reservieren!","robots":{"index":"index","follow":"follow","max-snippet":"max-snippet:-1","max-image-preview":"max-image-preview:large","max-video-preview":"max-video-preview:-1"},"canonical":"https:\/\/elfsight.com\/de\/appointment-booking-widget\/opencart\/","og_locale":"de_DE","og_type":"article","og_title":"Terminbuchungs-Widget \u2013 Betten Sie die Buchung auf der OpenCart-Website ein","og_description":"F\u00fcgen Sie der OpenCart-Website eine programmierungsfreie Terminbuchungs-App hinzu und erm\u00f6glichen Sie Ihren Kunden, Termine mit nur wenigen Klicks zu reservieren!","og_url":"https:\/\/elfsight.com\/de\/appointment-booking-widget\/opencart\/","og_site_name":"Elfsight DE","article_modified_time":"2025-07-08T09:50:51+00:00","twitter_card":"summary_large_image","twitter_misc":{"Gesch\u00e4tzte Lesezeit":"2\u00a0Minuten"},"schema":{"@context":"https:\/\/schema.org","@graph":[{"@type":"WebPage","@id":"https:\/\/elfsight.com\/de\/appointment-booking-widget\/opencart\/","url":"https:\/\/elfsight.com\/de\/appointment-booking-widget\/opencart\/","name":"Terminbuchungs-Widget \u2013 Betten Sie die Buchung auf der OpenCart-Website ein","isPartOf":{"@id":"https:\/\/elfsight.com\/de\/#website"},"datePublished":"2024-09-30T18:27:29+00:00","dateModified":"2025-07-08T09:50:51+00:00","description":"F\u00fcgen Sie der OpenCart-Website eine programmierungsfreie Terminbuchungs-App hinzu und erm\u00f6glichen Sie Ihren Kunden, Termine mit nur wenigen Klicks zu reservieren!","breadcrumb":{"@id":"https:\/\/elfsight.com\/de\/appointment-booking-widget\/opencart\/#breadcrumb"},"inLanguage":"de","potentialAction":[{"@type":"ReadAction","target":["https:\/\/elfsight.com\/de\/appointment-booking-widget\/opencart\/"]}]},{"@type":"BreadcrumbList","@id":"https:\/\/elfsight.com\/de\/appointment-booking-widget\/opencart\/#breadcrumb","itemListElement":[{"@type":"ListItem","position":1,"name":"Home","item":"https:\/\/elfsight.com\/de\/"},{"@type":"ListItem","position":2,"name":"Appointment Booking","item":"https:\/\/elfsight.com\/de\/appointment-booking-widget\/"},{"@type":"ListItem","position":3,"name":"appointment booking &#8211; opencart"}]},{"@type":"WebSite","@id":"https:\/\/elfsight.com\/de\/#website","url":"https:\/\/elfsight.com\/de\/","name":"Elfsight DE","description":"Just another Elfsight Sites site","potentialAction":[{"@type":"SearchAction","target":{"@type":"EntryPoint","urlTemplate":"https:\/\/elfsight.com\/de\/?s={search_term_string}"},"query-input":{"@type":"PropertyValueSpecification","valueRequired":true,"valueName":"search_term_string"}}],"inLanguage":"de"}]}},"meta_box":{"industry":"","seo_heading":"","heading":"","description":"","cta_heading":"","cta_description":"","application":"22849","h1":"OpenCart Terminbuchungserweiterung","h1_caption":"Erm\u00f6glichen Sie Benutzern die einfache Terminvereinbarung direkt \u00fcber Ihre Opencart-Website, was den Komfort erh\u00f6ht und den Buchungsprozess rationalisiert.","application_category":[],"applications_title":"","applications_request_title":"","applications_request_button_text":"","hero_text":"","hero_video":"","hero_video_schema_markup":"","selling_points_title":"","selling_points_caption":"","selling_points":[],"selling_points_cta_text":"","features_title":"","features":"","ed_cta_examples_text":"","ed_cta_examples_hidden":"","ed_cta_demo_text":"","ed_cta_demo_hidden":"","why_caption":"","why_editor_title":"","why_editor_text":"","why_team_title":"","why_team_text":"","why_service_title":"","why_service_text":"","template_catalog_visible":"0","template_catalog_title":"","template_catalog_text":"","template_catalog_categories_visible":"","demo_title":"Erstellen Sie Ihre Terminbuchungserweiterung","demo_caption":"Configure your Appointment Booking and add it to your OpenCart website for free!","default_faq_hidden":"","app_template_category":[],"platform":"254","template_public_id":"","codecanyon_url":"","codecanyon_item_id":"","codecanyon_price":"","pricing_caption":"","pricing_elfsight_apps_hide_column":"","pricing_elfsight_apps_url":"","pricing_codecanyon_price_caption":"","integration_category":[],"integration_request_title":"","integration_request_cta":"","integration_platform":"","integrations":[],"platform_category":[],"video_schema_markup":"","price":"ab 0 $ \/ Monat","trial":"","benefits":[{"text":"Kostenlose Installationsunterst\u00fctzung"},{"text":"Effektiver Kundenservice"},{"text":"14-t\u00e4gige R\u00fcckerstattungsgarantie"},{"text":"St\u00e4ndige Aktualisierung"}],"button_url":"#demo","button_target_blank":"","button_nofollow":"","attributes":[{"name":"Installiert","content":"1,000 - 5,000"},{"name":"Reaktionsfreudig","content":"Ja"},{"name":"Kompatible Browser","content":"Firefox, Safari, Opera, Chrome, Edge"}],"tags":[],"tags_disable_links":"","hide_more_platforms":"","video_object":"","demo_hide_cta":"","demo_hide_cloud_options":"","pricing_title":"","pricing":[{"pricing_icon":"platform","pricing_title":"Elfsight Apps","pricing_title_caption":"Plattformunabh\u00e4ngige digitale L\u00f6sung, die zu jeder Website passt","pricing_price":"Ab 0\u00a0$\/Monat","pricing_price_caption":"Beginnen Sie mit einem kostenlosen Plan","pricing_benefits":[{"text":"Unbegrenzte Websites"},{"text":"Premium-Support und gut dokumentiert"},{"text":"Kostenlose Installationsunterst\u00fctzung"},{"text":"100 % anpassbar"}],"pricing_button_text":"Zur Website hinzuf\u00fcgen","pricing_button_url":"#demo"}],"related_apps_title":"","related_apps_hidden":"","author":"","image":[],"title":"","job":"","social_networks":[]},"_links":{"self":[{"href":"https:\/\/elfsight.com\/de\/wp-json\/wp\/v2\/pages\/23044","targetHints":{"allow":["GET"]}}],"collection":[{"href":"https:\/\/elfsight.com\/de\/wp-json\/wp\/v2\/pages"}],"about":[{"href":"https:\/\/elfsight.com\/de\/wp-json\/wp\/v2\/types\/page"}],"author":[{"embeddable":true,"href":"https:\/\/elfsight.com\/de\/wp-json\/wp\/v2\/users\/9"}],"replies":[{"embeddable":true,"href":"https:\/\/elfsight.com\/de\/wp-json\/wp\/v2\/comments?post=23044"}],"version-history":[{"count":1,"href":"https:\/\/elfsight.com\/de\/wp-json\/wp\/v2\/pages\/23044\/revisions"}],"predecessor-version":[{"id":23048,"href":"https:\/\/elfsight.com\/de\/wp-json\/wp\/v2\/pages\/23044\/revisions\/23048"}],"up":[{"embeddable":true,"href":"https:\/\/elfsight.com\/de\/wp-json\/wp\/v2\/pages\/22850"}],"wp:attachment":[{"href":"https:\/\/elfsight.com\/de\/wp-json\/wp\/v2\/media?parent=23044"}],"curies":[{"name":"wp","href":"https:\/\/api.w.org\/{rel}","templated":true}]}}