{"id":23043,"date":"2024-09-30T18:27:29","date_gmt":"2024-09-30T18:27:29","guid":{"rendered":"https:\/\/elfsight.com\/de\/?page_id=23043"},"modified":"2025-07-08T09:50:32","modified_gmt":"2025-07-08T09:50:32","slug":"jquery","status":"publish","type":"page","link":"https:\/\/elfsight.com\/de\/appointment-booking-widget\/jquery\/","title":{"rendered":"appointment booking &#8211; jquery"},"content":{"rendered":"<div class=\"application-platform-content-item-description application-platform-content-item\" id=\"description\" data-nav-section=\"description\"><h2>Terminbuchung auf jQuery mit dem Elfsight-Plugin einbetten!<\/h2> <p>Das Terminbuchungs-Plugin ist verf\u00fcgbar, um potenziellen Kunden bei der Reservierung von Pl\u00e4tzen zu helfen direkt auf Ihrer jQuery-Website und nehmen Ihnen die Last manueller Arbeit \u2013 wie der st\u00e4ndigen Verwaltung von Nachrichten, Anrufen und E-Mails \u2013 ab. Er fungiert als Rezeptionist auf Abruf, der rund um die Uhr im Einsatz ist, au\u00dferdem in der Lage ist, automatisierte Benachrichtigungen zu senden und sich mit speziellen Integrationen wie Google Kalender zu verbinden.<\/p> <p>Jetzt ist der richtige Zeitpunkt, um mehr Einblicke in Ihren Dienst zu geben oder Legen Sie den Anlass fest, legen Sie die Dauer fest, geben Sie Kontaktdaten bekannt und entscheiden Sie \u00fcber die Preisgestaltung, um den Kunden die Entscheidung so einfach wie m\u00f6glich zu machen. Dar\u00fcber hinaus k\u00f6nnen Sie das Erscheinungsbild des Plugins anpassen, indem Sie benutzerdefinierte Elemente und Funktionen \u00e4ndern, ohne die Programmierf\u00e4higkeiten verbessern oder einen erfahrenen Entwickler hinzuziehen zu m\u00fcssen!<\/p> <p><b>Sorgen Sie daf\u00fcr, dass Ihr Unternehmen erfolgreich ist und f\u00fcr jeden potenziellen Kunden erreichbar ist Online-Terminbuchung auf Ihrer Website!<\/b><\/p> <\/div> <div class=\"application-platform-content-item-features application-platform-content-item\" id=\"features\" data-nav-section=\"features\"> <h2>Im Folgenden finden Sie die zentralen Funktionen des Widget:<\/h2> <ul><li>Pr\u00e4sentieren Sie einen klaren \u00dcberblick \u00fcber Ihren Service \u2013 Name, Details, Bild und Dauer \u2013 und legen Sie die Preise in verschiedenen W\u00e4hrungen fest.<\/li><li>Senden Sie automatisierte Benachrichtigungen, um dies zu best\u00e4tigen Reservieren Sie Termine f\u00fcr Kunden und sich selbst.<\/li><li>Synchronisieren Sie das Widget mit externen Diensten wie Google Kalender, um kontinuierliche Relevanz zu gew\u00e4hrleisten.<\/li><li>Zeigen Sie Ihre Gesch\u00e4ftskontaktinformationen an, um Glaubw\u00fcrdigkeit zu gew\u00e4hrleisten und Benutzern die Kontaktaufnahme zu erm\u00f6glichen im Falle eines Unerwarteten Situationen.<\/li><li>Erweiterte Anpassung ohne Programmieraufwand: vorgefertigte Vorlagen, Farben, zug\u00e4ngliche Layouts, Schriftarten, benutzerdefinierter CSS-Editor, benutzerdefinierter JS-Editor und mehr.<\/li><\/ul><p><a href=\"#demo\">Entdecken Sie alle Personalisierungsfunktionen in der voll ausgestatteten Demo<\/a><\/p> <\/div> <div class=\"application-platform-content-item-installation application-platform-content-item\" id=\"installation\" data-nav-section=\"installation\"> <h2>Wie geht das? Ich bette die Terminbuchung auf meiner jQuery-Website ein?<\/h2> <p>Wenn Sie die Terminbuchung auf Ihrer jQuery-Website einbetten m\u00f6chten, befolgen Sie diese Anweisungen:<\/p> <ol><li><b>F\u00fchren Sie unsere kostenlose durch Konfigurator und beginnen Sie mit der Erstellung Ihres ma\u00dfgeschneiderten LinkedIn-Feed-Widgets.<\/b><br> Geben Sie die benutzerdefinierte Schnittstelle und die Parameter des Widgets an und wenden Sie die \u00c4nderungen an.<\/li> <li><b>Lassen Sie den pers\u00f6nlichen Code im offengelegt werden Fenster auf Elfsight Apps.<\/b><br> Wenn die Anpassung Ihres Tools abgeschlossen ist, kopieren Sie den einzelnen Code aus dem angezeigten Popup und bewahren Sie ihn zur weiteren Verwendung auf.<\/li> <li><b>Beginnen Sie mit der Anwendung des Plugins auf Ihrem jQuery-Website.<\/b><br> Platzieren Sie den Code, den Sie k\u00fcrzlich gespeichert haben, auf Ihrer Website und \u00fcbernehmen Sie die Anpassungen.<\/li> <li><b>Die Installation wurde erfolgreich abgeschlossen.<\/b><br> Besuchen Sie Ihre Website, um die Leistung des Widgets zu \u00fcberpr\u00fcfen.<\/li><\/ol> <p>Wenn Sie Wenn es zu Komplikationen kommt, z\u00f6gern Sie nicht, unserem Support-Team zu schreiben. Unsere Spezialisten helfen Ihnen gerne bei allen Schwierigkeiten, die Sie mit dem Plugin haben k\u00f6nnten.<\/p> <\/div> ","protected":false},"excerpt":{"rendered":"","protected":false},"author":9,"featured_media":0,"parent":22850,"menu_order":0,"comment_status":"closed","ping_status":"closed","template":"templates\/template-application-platform.php","meta":{"publish_to_discourse":"","publish_post_category":"","wpdc_auto_publish_overridden":"","wpdc_topic_tags":"","wpdc_pin_topic":"","wpdc_pin_until":"","discourse_post_id":"","discourse_permalink":"","wpdc_publishing_response":"","wpdc_publishing_error":"","footnotes":""},"class_list":["post-23043","page","type-page","status-publish","hentry"],"yoast_head":"<!-- This site is optimized with the Yoast SEO plugin v25.3.1 - https:\/\/yoast.com\/wordpress\/plugins\/seo\/ -->\n<title>Terminbuchungs-Widget \u2013 Betten Sie die Buchung auf der jQuery-Website ein<\/title>\n<meta name=\"description\" content=\"F\u00fcgen Sie der jQuery-Website eine programmierungsfreie Terminbuchungs-App hinzu und erm\u00f6glichen Sie Kunden, Termine mit nur wenigen Klicks zu reservieren!\" \/>\n<meta name=\"robots\" content=\"index, follow, max-snippet:-1, max-image-preview:large, max-video-preview:-1\" \/>\n<link rel=\"canonical\" href=\"https:\/\/elfsight.com\/de\/appointment-booking-widget\/jquery\/\" \/>\n<meta property=\"og:locale\" content=\"de_DE\" \/>\n<meta property=\"og:type\" content=\"article\" \/>\n<meta property=\"og:title\" content=\"Terminbuchungs-Widget \u2013 Betten Sie die Buchung auf der jQuery-Website ein\" \/>\n<meta property=\"og:description\" content=\"F\u00fcgen Sie der jQuery-Website eine programmierungsfreie Terminbuchungs-App hinzu und erm\u00f6glichen Sie Kunden, Termine mit nur wenigen Klicks zu reservieren!\" \/>\n<meta property=\"og:url\" content=\"https:\/\/elfsight.com\/de\/appointment-booking-widget\/jquery\/\" \/>\n<meta property=\"og:site_name\" content=\"Elfsight DE\" \/>\n<meta property=\"article:modified_time\" content=\"2025-07-08T09:50:32+00:00\" \/>\n<meta name=\"twitter:card\" content=\"summary_large_image\" \/>\n<meta name=\"twitter:label1\" content=\"Gesch\u00e4tzte Lesezeit\" \/>\n\t<meta name=\"twitter:data1\" content=\"2\u00a0Minuten\" \/>\n<!-- \/ Yoast SEO plugin. -->","yoast_head_json":{"title":"Terminbuchungs-Widget \u2013 Betten Sie die Buchung auf der jQuery-Website ein","description":"F\u00fcgen Sie der jQuery-Website eine programmierungsfreie Terminbuchungs-App hinzu und erm\u00f6glichen Sie Kunden, Termine mit nur wenigen Klicks zu reservieren!","robots":{"index":"index","follow":"follow","max-snippet":"max-snippet:-1","max-image-preview":"max-image-preview:large","max-video-preview":"max-video-preview:-1"},"canonical":"https:\/\/elfsight.com\/de\/appointment-booking-widget\/jquery\/","og_locale":"de_DE","og_type":"article","og_title":"Terminbuchungs-Widget \u2013 Betten Sie die Buchung auf der jQuery-Website ein","og_description":"F\u00fcgen Sie der jQuery-Website eine programmierungsfreie Terminbuchungs-App hinzu und erm\u00f6glichen Sie Kunden, Termine mit nur wenigen Klicks zu reservieren!","og_url":"https:\/\/elfsight.com\/de\/appointment-booking-widget\/jquery\/","og_site_name":"Elfsight DE","article_modified_time":"2025-07-08T09:50:32+00:00","twitter_card":"summary_large_image","twitter_misc":{"Gesch\u00e4tzte Lesezeit":"2\u00a0Minuten"},"schema":{"@context":"https:\/\/schema.org","@graph":[{"@type":"WebPage","@id":"https:\/\/elfsight.com\/de\/appointment-booking-widget\/jquery\/","url":"https:\/\/elfsight.com\/de\/appointment-booking-widget\/jquery\/","name":"Terminbuchungs-Widget \u2013 Betten Sie die Buchung auf der jQuery-Website ein","isPartOf":{"@id":"https:\/\/elfsight.com\/de\/#website"},"datePublished":"2024-09-30T18:27:29+00:00","dateModified":"2025-07-08T09:50:32+00:00","description":"F\u00fcgen Sie der jQuery-Website eine programmierungsfreie Terminbuchungs-App hinzu und erm\u00f6glichen Sie Kunden, Termine mit nur wenigen Klicks zu reservieren!","breadcrumb":{"@id":"https:\/\/elfsight.com\/de\/appointment-booking-widget\/jquery\/#breadcrumb"},"inLanguage":"de","potentialAction":[{"@type":"ReadAction","target":["https:\/\/elfsight.com\/de\/appointment-booking-widget\/jquery\/"]}]},{"@type":"BreadcrumbList","@id":"https:\/\/elfsight.com\/de\/appointment-booking-widget\/jquery\/#breadcrumb","itemListElement":[{"@type":"ListItem","position":1,"name":"Home","item":"https:\/\/elfsight.com\/de\/"},{"@type":"ListItem","position":2,"name":"Appointment Booking","item":"https:\/\/elfsight.com\/de\/appointment-booking-widget\/"},{"@type":"ListItem","position":3,"name":"appointment booking &#8211; jquery"}]},{"@type":"WebSite","@id":"https:\/\/elfsight.com\/de\/#website","url":"https:\/\/elfsight.com\/de\/","name":"Elfsight DE","description":"Just another Elfsight Sites site","potentialAction":[{"@type":"SearchAction","target":{"@type":"EntryPoint","urlTemplate":"https:\/\/elfsight.com\/de\/?s={search_term_string}"},"query-input":{"@type":"PropertyValueSpecification","valueRequired":true,"valueName":"search_term_string"}}],"inLanguage":"de"}]}},"meta_box":{"industry":"","seo_heading":"","heading":"","description":"","cta_heading":"","cta_description":"","application":"22849","h1":"jQuery-Terminbuchungs-Plugin","h1_caption":"Erm\u00f6glichen Sie Benutzern die einfache Terminplanung direkt \u00fcber Ihre jQuery-Website, was den Komfort erh\u00f6ht und den Buchungsprozess rationalisiert.","application_category":[],"applications_title":"","applications_request_title":"","applications_request_button_text":"","hero_text":"","hero_video":"","hero_video_schema_markup":"","selling_points_title":"","selling_points_caption":"","selling_points":[],"selling_points_cta_text":"","features_title":"","features":"","ed_cta_examples_text":"","ed_cta_examples_hidden":"","ed_cta_demo_text":"","ed_cta_demo_hidden":"","why_caption":"","why_editor_title":"","why_editor_text":"","why_team_title":"","why_team_text":"","why_service_title":"","why_service_text":"","template_catalog_visible":"0","template_catalog_title":"","template_catalog_text":"","template_catalog_categories_visible":"","demo_title":"Erstellen Sie Ihr Terminbuchungs-Plugin","demo_caption":"Configure your Appointment Booking and add it to your jQuery website for free!","default_faq_hidden":"","app_template_category":[],"platform":"258","template_public_id":"","codecanyon_url":"","codecanyon_item_id":"","codecanyon_price":"","pricing_caption":"","pricing_elfsight_apps_hide_column":"","pricing_elfsight_apps_url":"","pricing_codecanyon_price_caption":"","integration_category":[],"integration_request_title":"","integration_request_cta":"","integration_platform":"","integrations":[],"platform_category":[],"video_schema_markup":"","price":"ab 0 $ \/ Monat","trial":"","benefits":[{"text":"Kostenlose Installationshilfe"},{"text":"Erfahrener Kundensupport"},{"text":"14-t\u00e4gige R\u00fcckerstattungsgarantie"},{"text":"Kontinuierliche Weiterentwicklung"}],"button_url":"#demo","button_target_blank":"","button_nofollow":"","attributes":[{"name":"Installiert","content":"1,000 - 5,000"},{"name":"Reaktionsfreudig","content":"Ja"},{"name":"Kompatible Browser","content":"Firefox, Safari, Opera, Chrome, Edge"}],"tags":[],"tags_disable_links":"","hide_more_platforms":"","video_object":"","demo_hide_cta":"","demo_hide_cloud_options":"","pricing_title":"","pricing":[{"pricing_icon":"platform","pricing_title":"Elfsight Apps","pricing_title_caption":"Multiplattform-L\u00f6sung, die zu jeder Website passt","pricing_price":"Ab 0\u00a0$\/Monat","pricing_price_caption":"Beginnen Sie mit einem kostenlosen Plan","pricing_benefits":[{"text":"Unbegrenzte Websites"},{"text":"24\/7 und p\u00fcnktlicher Support und gut dokumentiert"},{"text":"Kostenloser Installationssupport"},{"text":"Vollst\u00e4ndig anpassbar"}],"pricing_button_text":"Zur Website hinzuf\u00fcgen","pricing_button_url":"#demo"}],"related_apps_title":"","related_apps_hidden":"","author":"","image":[],"title":"","job":"","social_networks":[]},"_links":{"self":[{"href":"https:\/\/elfsight.com\/de\/wp-json\/wp\/v2\/pages\/23043","targetHints":{"allow":["GET"]}}],"collection":[{"href":"https:\/\/elfsight.com\/de\/wp-json\/wp\/v2\/pages"}],"about":[{"href":"https:\/\/elfsight.com\/de\/wp-json\/wp\/v2\/types\/page"}],"author":[{"embeddable":true,"href":"https:\/\/elfsight.com\/de\/wp-json\/wp\/v2\/users\/9"}],"replies":[{"embeddable":true,"href":"https:\/\/elfsight.com\/de\/wp-json\/wp\/v2\/comments?post=23043"}],"version-history":[{"count":1,"href":"https:\/\/elfsight.com\/de\/wp-json\/wp\/v2\/pages\/23043\/revisions"}],"predecessor-version":[{"id":23047,"href":"https:\/\/elfsight.com\/de\/wp-json\/wp\/v2\/pages\/23043\/revisions\/23047"}],"up":[{"embeddable":true,"href":"https:\/\/elfsight.com\/de\/wp-json\/wp\/v2\/pages\/22850"}],"wp:attachment":[{"href":"https:\/\/elfsight.com\/de\/wp-json\/wp\/v2\/media?parent=23043"}],"curies":[{"name":"wp","href":"https:\/\/api.w.org\/{rel}","templated":true}]}}