{"id":23036,"date":"2024-09-30T18:27:29","date_gmt":"2024-09-30T18:27:29","guid":{"rendered":"https:\/\/elfsight.com\/de\/?page_id=23036"},"modified":"2025-07-08T09:51:00","modified_gmt":"2025-07-08T09:51:00","slug":"prestashop","status":"publish","type":"page","link":"https:\/\/elfsight.com\/de\/appointment-booking-widget\/prestashop\/","title":{"rendered":"appointment booking &#8211; prestashop"},"content":{"rendered":"<div class=\"application-platform-content-item-description application-platform-content-item\" id=\"description\" data-nav-section=\"description\"><h2>Terminbuchung auf PrestaShop mit dem Elfsight-Add-on einbetten!<\/h2> <p>Das Terminbuchungs-Add-on steht Ihnen zur Verf\u00fcgung, um potenziellen Kunden zu helfen indem Sie Zeitfenster direkt auf Ihrer PrestaShop-Website sichern und so die praktischen Aufgaben \u2013 wie die st\u00e4ndige Verwaltung von Nachrichten, Anrufen und E-Mails \u2013 von Ihnen reduzieren. Stellen Sie sich vor, Sie h\u00e4tten einen Bereitschaftsassistenten, der rund um die Uhr im Einsatz ist, der automatisierte Benachrichtigungen sendet und mit speziellen Apps wie Google Kalender synchronisiert werden kann.<\/p> <p>Es ist an der Zeit, tiefer in Ihren Dienst oder Anlass einzutauchen und ihn zu definieren Dauer festlegen, Kontaktdaten offenlegen und Preise festlegen, um den Entscheidungsprozess der Kunden zu vereinfachen. Dar\u00fcber hinaus haben Sie die M\u00f6glichkeit, die visuelle \u00c4sthetik des Add-ons zu w\u00e4hlen, indem Sie benutzerdefinierte Elemente und Funktionen optimieren, ohne dass Sie Ihre Programmierkenntnisse perfektionieren oder einen erfahrenen Programmierer engagieren m\u00fcssen!<\/p> <p><b>Steigern Sie die Reichweite Ihres Unternehmens und werden Sie erreichbar eine gr\u00f6\u00dfere Kundschaft mit Online-Terminbuchung auf Ihrer Website!<\/b><\/p> <\/div> <div class=\"application-platform-content-item-features application-platform-content-item\" id=\"features\" data-nav-section=\"features\"> <h2>Dies sind nur einige der umfangreichen Widget-Funktionen:<\/h2> <ul><li>Geben Sie eine genaue Beschreibung Ihrer Dienstleistung an \u2013 Name, Details, Bild und Dauer \u2013 und konfigurieren Sie die Preise in verschiedenen W\u00e4hrungen.<\/li><li>Senden Sie automatisierte Benachrichtigungen, um die gebuchten Zeitfenster an Kunden und sich selbst zu best\u00e4tigen .<\/li><li>Synchronisieren Sie das Widget mit Drittanbieterdiensten wie Google Kalender, um st\u00e4ndige Aktualisierungen sicherzustellen.<\/li><li>Geben Sie Ihre gesch\u00e4ftlichen Kontaktdaten als soziale Best\u00e4tigung weiter und erm\u00f6glichen Sie Benutzern die Kontaktaufnahme f\u00fcr den Fall von unvorhergesehenen Umst\u00e4nden.<\/li><li>Erweiterte Anpassung ohne Programmieraufwand: vorgefertigte Vorlagen, Farben, Layouts, Schriftarten, benutzerdefinierter CSS-Editor, benutzerdefinierter JS-Editor usw.<\/li><\/ul><p><a href=\"#demo\">Hier k\u00f6nnen Sie die volle Funktionalit\u00e4t des Widgets in der Demo erkunden<\/a><\/p> <\/div> <div class=\"application-platform-content-item-installation application-platform-content-item\" id=\"installation\" data-nav-section=\"installation\"> <h2>Wie kann ich Die Terminbuchung zu meiner PrestaShop-Website hinzuf\u00fcgen?<\/h2> <p>Wenn Sie die Terminbuchung zu Ihrer PrestaShop-Website hinzuf\u00fcgen m\u00f6chten, f\u00fchren Sie die folgenden Schritte aus:<\/p> <ol><li><b>Benutzen Sie unsere kostenlose Editor und beginnen Sie mit der Erstellung Ihres eigenen LinkedIn-Feed-Widgets.<\/b><br> W\u00e4hlen Sie das ausgew\u00e4hlte Design und die Eigenschaften des Plugins und \u00fcbernehmen Sie die \u00c4nderungen.<\/li> <li><b>Erhalten Sie Ihren individuellen Code, der im Fenster angezeigt wird auf Elfsight Apps.<\/b><br> Sobald die Erstellung Ihres Widgets abgeschlossen ist, kopieren Sie den exklusiven Code aus dem angezeigten Fenster und speichern Sie ihn zur sp\u00e4teren Verwendung.<\/li> <li><b>Initiieren Sie die Verwendung von Das Widget auf Ihrer PrestaShop-Website.<\/b><br> Betten Sie den zuvor gespeicherten Code in Ihre Website ein und \u00fcbernehmen Sie die Korrekturen.<\/li> <li><b>Das Setup wurde erfolgreich abgeschlossen.<\/b><br> Besuchen Sie Ihre Website, um die Arbeit des Widgets zu beobachten.<\/li><\/ol> <p>Wenn Sie mit Anfragen konfrontiert werden oder auf Schwierigkeiten sto\u00dfen, scheuen Sie sich nicht, sich an unser Support-Team zu wenden. Unsere Spezialisten sind bestrebt, alle Probleme zu l\u00f6sen, die Sie m\u00f6glicherweise mit dem Widget haben.<\/p> <\/div> ","protected":false},"excerpt":{"rendered":"","protected":false},"author":9,"featured_media":0,"parent":22850,"menu_order":0,"comment_status":"closed","ping_status":"closed","template":"templates\/template-application-platform.php","meta":{"publish_to_discourse":"","publish_post_category":"","wpdc_auto_publish_overridden":"","wpdc_topic_tags":"","wpdc_pin_topic":"","wpdc_pin_until":"","discourse_post_id":"","discourse_permalink":"","wpdc_publishing_response":"","wpdc_publishing_error":"","footnotes":""},"class_list":["post-23036","page","type-page","status-publish","hentry"],"yoast_head":"<!-- This site is optimized with the Yoast SEO plugin v25.3.1 - https:\/\/yoast.com\/wordpress\/plugins\/seo\/ -->\n<title>Terminbuchungs-Widget \u2013 Betten Sie die Buchung auf der PrestaShop-Website ein<\/title>\n<meta name=\"description\" content=\"F\u00fcgen Sie der PrestaShop-Website eine programmierungsfreie Terminbuchungs-App hinzu und erm\u00f6glichen Sie Ihren Kunden, Termine mit nur wenigen Klicks zu reservieren!\" \/>\n<meta name=\"robots\" content=\"index, follow, max-snippet:-1, max-image-preview:large, max-video-preview:-1\" \/>\n<link rel=\"canonical\" href=\"https:\/\/elfsight.com\/de\/appointment-booking-widget\/prestashop\/\" \/>\n<meta property=\"og:locale\" content=\"de_DE\" \/>\n<meta property=\"og:type\" content=\"article\" \/>\n<meta property=\"og:title\" content=\"Terminbuchungs-Widget \u2013 Betten Sie die Buchung auf der PrestaShop-Website ein\" \/>\n<meta property=\"og:description\" content=\"F\u00fcgen Sie der PrestaShop-Website eine programmierungsfreie Terminbuchungs-App hinzu und erm\u00f6glichen Sie Ihren Kunden, Termine mit nur wenigen Klicks zu reservieren!\" \/>\n<meta property=\"og:url\" content=\"https:\/\/elfsight.com\/de\/appointment-booking-widget\/prestashop\/\" \/>\n<meta property=\"og:site_name\" content=\"Elfsight DE\" \/>\n<meta property=\"article:modified_time\" content=\"2025-07-08T09:51:00+00:00\" \/>\n<meta name=\"twitter:card\" content=\"summary_large_image\" \/>\n<meta name=\"twitter:label1\" content=\"Gesch\u00e4tzte Lesezeit\" \/>\n\t<meta name=\"twitter:data1\" content=\"2\u00a0Minuten\" \/>\n<!-- \/ Yoast SEO plugin. -->","yoast_head_json":{"title":"Terminbuchungs-Widget \u2013 Betten Sie die Buchung auf der PrestaShop-Website ein","description":"F\u00fcgen Sie der PrestaShop-Website eine programmierungsfreie Terminbuchungs-App hinzu und erm\u00f6glichen Sie Ihren Kunden, Termine mit nur wenigen Klicks zu reservieren!","robots":{"index":"index","follow":"follow","max-snippet":"max-snippet:-1","max-image-preview":"max-image-preview:large","max-video-preview":"max-video-preview:-1"},"canonical":"https:\/\/elfsight.com\/de\/appointment-booking-widget\/prestashop\/","og_locale":"de_DE","og_type":"article","og_title":"Terminbuchungs-Widget \u2013 Betten Sie die Buchung auf der PrestaShop-Website ein","og_description":"F\u00fcgen Sie der PrestaShop-Website eine programmierungsfreie Terminbuchungs-App hinzu und erm\u00f6glichen Sie Ihren Kunden, Termine mit nur wenigen Klicks zu reservieren!","og_url":"https:\/\/elfsight.com\/de\/appointment-booking-widget\/prestashop\/","og_site_name":"Elfsight DE","article_modified_time":"2025-07-08T09:51:00+00:00","twitter_card":"summary_large_image","twitter_misc":{"Gesch\u00e4tzte Lesezeit":"2\u00a0Minuten"},"schema":{"@context":"https:\/\/schema.org","@graph":[{"@type":"WebPage","@id":"https:\/\/elfsight.com\/de\/appointment-booking-widget\/prestashop\/","url":"https:\/\/elfsight.com\/de\/appointment-booking-widget\/prestashop\/","name":"Terminbuchungs-Widget \u2013 Betten Sie die Buchung auf der PrestaShop-Website ein","isPartOf":{"@id":"https:\/\/elfsight.com\/de\/#website"},"datePublished":"2024-09-30T18:27:29+00:00","dateModified":"2025-07-08T09:51:00+00:00","description":"F\u00fcgen Sie der PrestaShop-Website eine programmierungsfreie Terminbuchungs-App hinzu und erm\u00f6glichen Sie Ihren Kunden, Termine mit nur wenigen Klicks zu reservieren!","breadcrumb":{"@id":"https:\/\/elfsight.com\/de\/appointment-booking-widget\/prestashop\/#breadcrumb"},"inLanguage":"de","potentialAction":[{"@type":"ReadAction","target":["https:\/\/elfsight.com\/de\/appointment-booking-widget\/prestashop\/"]}]},{"@type":"BreadcrumbList","@id":"https:\/\/elfsight.com\/de\/appointment-booking-widget\/prestashop\/#breadcrumb","itemListElement":[{"@type":"ListItem","position":1,"name":"Home","item":"https:\/\/elfsight.com\/de\/"},{"@type":"ListItem","position":2,"name":"Appointment Booking","item":"https:\/\/elfsight.com\/de\/appointment-booking-widget\/"},{"@type":"ListItem","position":3,"name":"appointment booking &#8211; prestashop"}]},{"@type":"WebSite","@id":"https:\/\/elfsight.com\/de\/#website","url":"https:\/\/elfsight.com\/de\/","name":"Elfsight DE","description":"Just another Elfsight Sites site","potentialAction":[{"@type":"SearchAction","target":{"@type":"EntryPoint","urlTemplate":"https:\/\/elfsight.com\/de\/?s={search_term_string}"},"query-input":{"@type":"PropertyValueSpecification","valueRequired":true,"valueName":"search_term_string"}}],"inLanguage":"de"}]}},"meta_box":{"industry":"","seo_heading":"","heading":"","description":"","cta_heading":"","cta_description":"","application":"22849","h1":"PrestaShop-Terminbuchungs-Add-on","h1_caption":"Erm\u00f6glichen Sie Benutzern die einfache Terminvereinbarung direkt \u00fcber Ihre Prestashop-Website, was den Komfort erh\u00f6ht und den Buchungsprozess rationalisiert.","application_category":[],"applications_title":"","applications_request_title":"","applications_request_button_text":"","hero_text":"","hero_video":"","hero_video_schema_markup":"","selling_points_title":"","selling_points_caption":"","selling_points":[],"selling_points_cta_text":"","features_title":"","features":"","ed_cta_examples_text":"","ed_cta_examples_hidden":"","ed_cta_demo_text":"","ed_cta_demo_hidden":"","why_caption":"","why_editor_title":"","why_editor_text":"","why_team_title":"","why_team_text":"","why_service_title":"","why_service_text":"","template_catalog_visible":"0","template_catalog_title":"","template_catalog_text":"","template_catalog_categories_visible":"","demo_title":"Erstellen Sie Ihr Terminbuchungs-Addon","demo_caption":"Configure your Appointment Booking and add it to your PrestaShop website for free!","default_faq_hidden":"","app_template_category":[],"platform":"3811","template_public_id":"","codecanyon_url":"","codecanyon_item_id":"","codecanyon_price":"","pricing_caption":"","pricing_elfsight_apps_hide_column":"","pricing_elfsight_apps_url":"","pricing_codecanyon_price_caption":"","integration_category":[],"integration_request_title":"","integration_request_cta":"","integration_platform":"","integrations":[],"platform_category":[],"video_schema_markup":"","price":"ab 0 $ \/ Monat","trial":"","benefits":[{"text":"Kostenlose Installationshilfe"},{"text":"Premium-Support"},{"text":"14-t\u00e4gige Geld-zur\u00fcck-Garantie"},{"text":"St\u00e4ndige Aktualisierung"}],"button_url":"#demo","button_target_blank":"","button_nofollow":"","attributes":[{"name":"Installiert","content":"1,000 - 5,000"},{"name":"Reaktionsfreudig","content":"Ja"},{"name":"Kompatible Browser","content":"Firefox, Safari, Opera, Chrome, Edge"}],"tags":[],"tags_disable_links":"","hide_more_platforms":"","video_object":"","demo_hide_cta":"","demo_hide_cloud_options":"","pricing_title":"","pricing":[{"pricing_icon":"platform","pricing_title":"Elfsight Apps","pricing_title_caption":"Plattformunabh\u00e4ngige Version, die zu jeder Website passt","pricing_price":"Ab 0\u00a0$\/Monat","pricing_price_caption":"Beginnen Sie mit einem kostenlosen Plan","pricing_benefits":[{"text":"Unbegrenzte Websites"},{"text":"Engagierter Kundensupport und gut dokumentiert"},{"text":"Kostenlose Installationshilfe"},{"text":"100 % anpassbar"}],"pricing_button_text":"Zur Website hinzuf\u00fcgen","pricing_button_url":"#demo"}],"related_apps_title":"","related_apps_hidden":"","author":"","image":[],"title":"","job":"","social_networks":[]},"_links":{"self":[{"href":"https:\/\/elfsight.com\/de\/wp-json\/wp\/v2\/pages\/23036","targetHints":{"allow":["GET"]}}],"collection":[{"href":"https:\/\/elfsight.com\/de\/wp-json\/wp\/v2\/pages"}],"about":[{"href":"https:\/\/elfsight.com\/de\/wp-json\/wp\/v2\/types\/page"}],"author":[{"embeddable":true,"href":"https:\/\/elfsight.com\/de\/wp-json\/wp\/v2\/users\/9"}],"replies":[{"embeddable":true,"href":"https:\/\/elfsight.com\/de\/wp-json\/wp\/v2\/comments?post=23036"}],"version-history":[{"count":1,"href":"https:\/\/elfsight.com\/de\/wp-json\/wp\/v2\/pages\/23036\/revisions"}],"predecessor-version":[{"id":23040,"href":"https:\/\/elfsight.com\/de\/wp-json\/wp\/v2\/pages\/23036\/revisions\/23040"}],"up":[{"embeddable":true,"href":"https:\/\/elfsight.com\/de\/wp-json\/wp\/v2\/pages\/22850"}],"wp:attachment":[{"href":"https:\/\/elfsight.com\/de\/wp-json\/wp\/v2\/media?parent=23036"}],"curies":[{"name":"wp","href":"https:\/\/api.w.org\/{rel}","templated":true}]}}