{"id":23029,"date":"2024-08-01T13:16:37","date_gmt":"2024-08-01T13:16:37","guid":{"rendered":"https:\/\/elfsight.com\/de\/?page_id=23029"},"modified":"2025-07-08T10:43:34","modified_gmt":"2025-07-08T10:43:34","slug":"html","status":"publish","type":"page","link":"https:\/\/elfsight.com\/de\/flipbook-widget\/html\/","title":{"rendered":"Flipbook &#8211; HTML"},"content":{"rendered":"<div class=\"application-platform-content-item-description application-platform-content-item\" id=\"description\" data-nav-section=\"description\"><h2>Wie das Flipbook-Widget f\u00fcr HTML die Interaktion auf Ihrer Website steigern kann<\/h2><p>Mit dem Flipbook-Widget f\u00fcr HTML k\u00f6nnen Sie Ihrer Website mit nur wenigen Klicks eine dynamische, interaktive Inhaltsanzeige hinzuf\u00fcgen. Dieses Widget verwandelt jedes Dokument, jede Pr\u00e4sentation oder jedes E-Book in ein optisch ansprechendes Format, das Besucher nahtlos durchsuchen k\u00f6nnen. Durch die Integration dieser Funktion bieten Sie ein ansprechendes, immersives Erlebnis, das die Benutzerinteraktion f\u00f6rdert und Ihre Inhalte \u00fcberzeugender macht.<\/p><p>Ob Publisher, Vermarkter oder Gesch\u00e4ftsinhaber \u2013 dieses anpassbare Widget bietet eine einfache M\u00f6glichkeit, digitale Inhalte zu pr\u00e4sentieren. Es f\u00fcgt sich nahtlos in das Design Ihrer Website ein und sorgt f\u00fcr einen eleganten, auf Ihre Marke zugeschnittenen Look. Da die Einrichtung ganz einfach ist und keine Programmierkenntnisse erforderlich sind, eignet es sich perfekt f\u00fcr Benutzer aller Erfahrungsstufen.<\/p><p><b>Beginnen Sie noch heute mit der Verwendung dieses leistungsstarken Widgets auf Ihrer HTML-Website \u2013 testen Sie es kostenlos und steigern Sie die Interaktion, indem Sie Ihre Inhalte in nur wenigen einfachen Schritten einbetten.<\/b><\/p><\/div><div class=\"application-platform-content-item-features application-platform-content-item\" id=\"features\" data-nav-section=\"features\"><h2>Hauptfunktionen des HTML-Flipbook-Widgets<\/h2><p>Das Flipbook-Widget bietet eine Vielzahl leistungsstarker Funktionen, die das Benutzererlebnis Ihrer Website verbessern:<\/p><ul> <li><strong>Vollst\u00e4ndig anpassbares Design:<\/strong> Passen Sie das Aussehen des Flipbooks an das Branding Ihrer Website an. Passen Sie Farben, Schriftarten und Schaltfl\u00e4chen an, um sicherzustellen, dass sie perfekt zu Ihrer Gesamt\u00e4sthetik passen.<\/li> <li><strong>Interaktives Benutzererlebnis:<\/strong> Besucher k\u00f6nnen mit Ihren Inhalten interagieren, indem sie durch die Seiten bl\u00e4ttern. Dies bietet ein umfassendes Erlebnis, das die Benutzer l\u00e4nger auf Ihrer Website h\u00e4lt.<\/li> <li><strong>Unterst\u00fctzung f\u00fcr mehrere Inhaltstypen:<\/strong> Ob PDF, Bildergalerie oder Pr\u00e4sentation, Elfsight funktioniert mit einer Vielzahl von Inhaltsformaten und ist daher vielseitig f\u00fcr unterschiedliche Anwendungsf\u00e4lle geeignet.<\/li> <li><strong>Responsive und mobilfreundlich:<\/strong> Optimiert f\u00fcr alle Ger\u00e4te, um sicherzustellen, dass die Benutzer ein einheitliches Erlebnis genie\u00dfen, egal ob sie an einem Desktop, Tablet oder Smartphone sind.<\/li> <li><strong>Schnelle und einfache Integration:<\/strong> Betten Sie das Widget schnell und einfach in Ihre Website ein. Keine Programmierung erforderlich \u2013 kopieren Sie einfach den generierten Code und f\u00fcgen Sie ihn in Ihre HTML-Seiten ein.<\/li> <li><strong>Anpassungsoptionen:<\/strong> Passen Sie die Umbl\u00e4ttergeschwindigkeit, \u00dcbergangseffekte und mehr an und sorgen Sie so f\u00fcr ein pers\u00f6nlicheres Benutzererlebnis.<\/li><\/ul><p><a href=\"#demo\">Entdecken Sie jetzt alle Funktionen des benutzerfreundlichen Editors ohne Registrierung und sehen Sie, wie er Ihre Website verbessert!<\/a><\/p><\/div><div class=\"application-platform-content-item-installation application-platform-content-item\" id=\"installation\" data-nav-section=\"installation\"><h2>So f\u00fcgen Sie ein Flipbook in HTML ein<\/h2><p>Das Einbetten eines Flipbook-HTML-Codes ist mit Elfsight ganz einfach und erfordert keine Programmierkenntnisse. Befolgen Sie diese einfachen Schritte, um das Widget zu integrieren:<\/p><ol> <li><strong>W\u00e4hlen Sie Ihre Vorlage:<\/strong> Gehen Sie zum Elfsight-Editor und w\u00e4hlen Sie eine Vorlage, die am besten zum Stil und den Funktionsanforderungen Ihrer Website passt.<\/li> <li><strong>Widget anpassen:<\/strong> Passen Sie Einstellungen, Design und Inhalt an. Passen Sie Schriftarten, Farben und mehr an die \u00c4sthetik Ihrer Website an.<\/li> <li><strong>HTML-Code kopieren:<\/strong> Wenn Sie mit der Anpassung zufrieden sind, kopieren Sie den generierten Code.<\/li> <li><strong>Code einbetten:<\/strong> F\u00fcgen Sie den Code in den entsprechenden Abschnitt des HTML-Codes Ihrer Website ein, entweder in einen Codeblock oder direkt in Ihren Seiteneinstellungen.<\/li> <li><strong>Ver\u00f6ffentlichen und genie\u00dfen:<\/strong> Speichern Sie Ihre \u00c4nderungen und ver\u00f6ffentlichen Sie Ihre Website, um das Widget live zu schalten. Ihre Besucher k\u00f6nnen jetzt interaktiv und ansprechend durch Ihre Inhalte bl\u00e4ttern.<\/li><\/ol><p>M\u00f6chten Sie detailliertere Anweisungen? Lesen Sie unsere Anleitung zum <a href=\"https:\/\/elfsight.com\/blog\/how-to-embed-flipbook-on-website\/\" target=\"_blank\">Einbetten eines Flipbooks in Ihre Website<\/a>.<\/p><p>Wenn Sie Hilfe bei der Installation ben\u00f6tigen oder auf Probleme sto\u00dfen, wenden Sie sich gerne an unser Support-Team. Wir helfen Ihnen gerne bei der Einrichtung des HTML-Codes, damit alles reibungslos funktioniert.<\/p><\/div><div class=\"faq\" data-component=\"FAQ\"><div class=\"faq-item\">\r\n\t\t\t\t\t<div class=\"faq-item-question\">\r\n\t\t\t\t\t\t<h3 class=\"faq-item-question-text\">Was ist ein Flipbook-Widget?<\/h3>\r\n\r\n\t\t\t\t\t\t<div class=\"faq-item-question-icon\"><\/div>\r\n\t\t\t\t\t<\/div>\r\n\r\n\t\t\t\t\t<div class=\"faq-item-answer\">\r\n\t\t\t\t\t\t<div class=\"faq-item-answer-text\">Ein Flipbook ist ein Widget, mit dem Sie Ihre Dokumente, Pr\u00e4sentationen oder andere Inhalte in einem interaktiven, bl\u00e4tterbaren Format anzeigen k\u00f6nnen. Es ist eine gro\u00dfartige M\u00f6glichkeit, Besucher Ihrer Website durch ein immersives Browsing-Erlebnis zu begeistern.<\/div>\r\n\t\t\t\t\t<\/div>\r\n\t\t\t\t<\/div><div class=\"faq-item\">\r\n\t\t\t\t\t<div class=\"faq-item-question\">\r\n\t\t\t\t\t\t<h3 class=\"faq-item-question-text\">Kann ich das Elfsight Flipbook anpassen?<\/h3>\r\n\r\n\t\t\t\t\t\t<div class=\"faq-item-question-icon\"><\/div>\r\n\t\t\t\t\t<\/div>\r\n\r\n\t\t\t\t\t<div class=\"faq-item-answer\">\r\n\t\t\t\t\t\t<div class=\"faq-item-answer-text\">Ja, alle Elfsight-Widgets sind vollst\u00e4ndig anpassbar. Sie k\u00f6nnen Design, Layout, Farben und sogar die Umbl\u00e4ttergeschwindigkeit und -effekte anpassen, um sicherzustellen, dass das Widget die \u00c4sthetik Ihrer Website erg\u00e4nzt.<\/div>\r\n\t\t\t\t\t<\/div>\r\n\t\t\t\t<\/div><div class=\"faq-item\">\r\n\t\t\t\t\t<div class=\"faq-item-question\">\r\n\t\t\t\t\t\t<h3 class=\"faq-item-question-text\">Ist das Flipbook mobilfreundlich?<\/h3>\r\n\r\n\t\t\t\t\t\t<div class=\"faq-item-question-icon\"><\/div>\r\n\t\t\t\t\t<\/div>\r\n\r\n\t\t\t\t\t<div class=\"faq-item-answer\">\r\n\t\t\t\t\t\t<div class=\"faq-item-answer-text\">Absolut! Das Flipbook-Widget ist responsive und bietet eine hervorragende Darstellung und reibungslose Funktion auf allen Ger\u00e4ten, einschlie\u00dflich Desktops, Tablets und Smartphones. <\/div>\r\n\t\t\t\t\t<\/div>\r\n\t\t\t\t<\/div><div class=\"faq-item\">\r\n\t\t\t\t\t<div class=\"faq-item-question\">\r\n\t\t\t\t\t\t<h3 class=\"faq-item-question-text\">Ben\u00f6tige ich Programmierkenntnisse, um das Flipbook zu nutzen?<\/h3>\r\n\r\n\t\t\t\t\t\t<div class=\"faq-item-question-icon\"><\/div>\r\n\t\t\t\t\t<\/div>\r\n\r\n\t\t\t\t\t<div class=\"faq-item-answer\">\r\n\t\t\t\t\t\t<div class=\"faq-item-answer-text\">Nein, Sie ben\u00f6tigen keine Programmierkenntnisse, um das Widget zu nutzen. Es ist benutzerfreundlich gestaltet und l\u00e4sst sich mit wenigen Schritten in Ihre HTML-Website einbetten. <\/div>\r\n\t\t\t\t\t<\/div>\r\n\t\t\t\t<\/div><div class=\"faq-item\">\r\n\t\t\t\t\t<div class=\"faq-item-question\">\r\n\t\t\t\t\t\t<h3 class=\"faq-item-question-text\">Woher bekomme ich den HTML-Code f\u00fcr das Flipbook?<\/h3>\r\n\r\n\t\t\t\t\t\t<div class=\"faq-item-question-icon\"><\/div>\r\n\t\t\t\t\t<\/div>\r\n\r\n\t\t\t\t\t<div class=\"faq-item-answer\">\r\n\t\t\t\t\t\t<div class=\"faq-item-answer-text\">Nachdem Sie Ihr Widget im Elfsight-Editor angepasst haben, k\u00f6nnen Sie den kostenlosen HTML-Code f\u00fcr das Flipbook generieren und direkt aus dem Dashboard kopieren. Diesen Code k\u00f6nnen Sie dann in Ihre Website einbetten. <\/div>\r\n\t\t\t\t\t<\/div>\r\n\t\t\t\t<\/div><\/div>","protected":false},"excerpt":{"rendered":"","protected":false},"author":9,"featured_media":0,"parent":22469,"menu_order":0,"comment_status":"closed","ping_status":"closed","template":"templates\/template-application-platform.php","meta":{"publish_to_discourse":"","publish_post_category":"","wpdc_auto_publish_overridden":"","wpdc_topic_tags":"","wpdc_pin_topic":"","wpdc_pin_until":"","discourse_post_id":"","discourse_permalink":"","wpdc_publishing_response":"","wpdc_publishing_error":"","footnotes":""},"class_list":["post-23029","page","type-page","status-publish","hentry"],"yoast_head":"<!-- This site is optimized with the Yoast SEO plugin v25.3.1 - https:\/\/yoast.com\/wordpress\/plugins\/seo\/ -->\n<title>HTML-Flipbook \u2013 F\u00fcgen Sie Ihrer HTML-Website ein Flipbook hinzu [kostenlos]<\/title>\n<meta name=\"description\" content=\"F\u00fcgen Sie Ihrer HTML-Website ein anpassbares Flipbook-Widget ohne Code hinzu, um die Inhaltsanzeige und die Benutzerinteraktion zu verbessern.\" \/>\n<meta name=\"robots\" content=\"index, follow, max-snippet:-1, max-image-preview:large, max-video-preview:-1\" \/>\n<link rel=\"canonical\" href=\"https:\/\/elfsight.com\/de\/flipbook-widget\/html\/\" \/>\n<meta property=\"og:locale\" content=\"de_DE\" \/>\n<meta property=\"og:type\" content=\"article\" \/>\n<meta property=\"og:title\" content=\"HTML-Flipbook \u2013 F\u00fcgen Sie Ihrer HTML-Website ein Flipbook hinzu [kostenlos]\" \/>\n<meta property=\"og:description\" content=\"F\u00fcgen Sie Ihrer HTML-Website ein anpassbares Flipbook-Widget ohne Code hinzu, um die Inhaltsanzeige und die Benutzerinteraktion zu verbessern.\" \/>\n<meta property=\"og:url\" content=\"https:\/\/elfsight.com\/de\/flipbook-widget\/html\/\" \/>\n<meta property=\"og:site_name\" content=\"Elfsight DE\" \/>\n<meta property=\"article:modified_time\" content=\"2025-07-08T10:43:34+00:00\" \/>\n<meta name=\"twitter:card\" content=\"summary_large_image\" \/>\n<meta name=\"twitter:label1\" content=\"Gesch\u00e4tzte Lesezeit\" \/>\n\t<meta name=\"twitter:data1\" content=\"4\u00a0Minuten\" \/>\n<!-- \/ Yoast SEO plugin. -->","yoast_head_json":{"title":"HTML-Flipbook \u2013 F\u00fcgen Sie Ihrer HTML-Website ein Flipbook hinzu [kostenlos]","description":"F\u00fcgen Sie Ihrer HTML-Website ein anpassbares Flipbook-Widget ohne Code hinzu, um die Inhaltsanzeige und die Benutzerinteraktion zu verbessern.","robots":{"index":"index","follow":"follow","max-snippet":"max-snippet:-1","max-image-preview":"max-image-preview:large","max-video-preview":"max-video-preview:-1"},"canonical":"https:\/\/elfsight.com\/de\/flipbook-widget\/html\/","og_locale":"de_DE","og_type":"article","og_title":"HTML-Flipbook \u2013 F\u00fcgen Sie Ihrer HTML-Website ein Flipbook hinzu [kostenlos]","og_description":"F\u00fcgen Sie Ihrer HTML-Website ein anpassbares Flipbook-Widget ohne Code hinzu, um die Inhaltsanzeige und die Benutzerinteraktion zu verbessern.","og_url":"https:\/\/elfsight.com\/de\/flipbook-widget\/html\/","og_site_name":"Elfsight DE","article_modified_time":"2025-07-08T10:43:34+00:00","twitter_card":"summary_large_image","twitter_misc":{"Gesch\u00e4tzte Lesezeit":"4\u00a0Minuten"},"schema":{"@context":"https:\/\/schema.org","@graph":[{"@type":"WebPage","@id":"https:\/\/elfsight.com\/de\/flipbook-widget\/html\/","url":"https:\/\/elfsight.com\/de\/flipbook-widget\/html\/","name":"HTML-Flipbook \u2013 F\u00fcgen Sie Ihrer HTML-Website ein Flipbook hinzu [kostenlos]","isPartOf":{"@id":"https:\/\/elfsight.com\/de\/#website"},"datePublished":"2024-08-01T13:16:37+00:00","dateModified":"2025-07-08T10:43:34+00:00","description":"F\u00fcgen Sie Ihrer HTML-Website ein anpassbares Flipbook-Widget ohne Code hinzu, um die Inhaltsanzeige und die Benutzerinteraktion zu verbessern.","breadcrumb":{"@id":"https:\/\/elfsight.com\/de\/flipbook-widget\/html\/#breadcrumb"},"inLanguage":"de","potentialAction":[{"@type":"ReadAction","target":["https:\/\/elfsight.com\/de\/flipbook-widget\/html\/"]}]},{"@type":"BreadcrumbList","@id":"https:\/\/elfsight.com\/de\/flipbook-widget\/html\/#breadcrumb","itemListElement":[{"@type":"ListItem","position":1,"name":"Home","item":"https:\/\/elfsight.com\/de\/"},{"@type":"ListItem","position":2,"name":"Flipbook","item":"https:\/\/elfsight.com\/de\/flipbook-widget\/"},{"@type":"ListItem","position":3,"name":"Flipbook &#8211; HTML"}]},{"@type":"WebSite","@id":"https:\/\/elfsight.com\/de\/#website","url":"https:\/\/elfsight.com\/de\/","name":"Elfsight DE","description":"Just another Elfsight Sites site","potentialAction":[{"@type":"SearchAction","target":{"@type":"EntryPoint","urlTemplate":"https:\/\/elfsight.com\/de\/?s={search_term_string}"},"query-input":{"@type":"PropertyValueSpecification","valueRequired":true,"valueName":"search_term_string"}}],"inLanguage":"de"}]}},"meta_box":{"industry":"","seo_heading":"","heading":"","description":"","cta_heading":"","cta_description":"","application":"22464","h1":"HTML-Flipbook-Widget","h1_caption":"Erweitern Sie Ihre HTML-Website mit einer anpassbaren, interaktiven Inhaltsanzeige. Binden Sie Besucher ein und steigern Sie die Benutzerinteraktion durch die einfache Einbettung eines dynamischen Flipbooks.","application_category":[],"applications_title":"","applications_request_title":"","applications_request_button_text":"","hero_text":"","hero_video":"","hero_video_schema_markup":"","selling_points_title":"","selling_points_caption":"","selling_points":[],"selling_points_cta_text":"","features_title":"","features":"","ed_cta_examples_text":"","ed_cta_examples_hidden":"","ed_cta_demo_text":"","ed_cta_demo_hidden":"","why_caption":"","why_editor_title":"","why_editor_text":"","why_team_title":"","why_team_text":"","why_service_title":"","why_service_text":"","template_catalog_visible":"0","template_catalog_title":"","template_catalog_text":"","template_catalog_categories_visible":"","demo_title":"Erstellen Sie Ihr Flipbook-Widget","demo_caption":"Konfigurieren Sie Ihr Widget und f\u00fcgen Sie es kostenlos zu Ihrer HTML-Website hinzu!","default_faq_hidden":"","app_template_category":[],"platform":"260","template_public_id":"","codecanyon_url":"","codecanyon_item_id":"","codecanyon_price":"","pricing_caption":"","pricing_elfsight_apps_hide_column":"","pricing_elfsight_apps_url":"","pricing_codecanyon_price_caption":"","integration_category":[],"integration_request_title":"","integration_request_cta":"","integration_platform":"","integrations":[],"platform_category":[],"video_schema_markup":"","price":"ab 0 $ \/ Monat","trial":"","benefits":[{"text":"Kostenloser Installationsservice"},{"text":"Erfahrener Kundensupport"},{"text":"14-t\u00e4gige Geld-zur\u00fcck-Garantie"},{"text":"Regelm\u00e4\u00dfige Verbesserungen"}],"button_url":"#demo","button_target_blank":"0","button_nofollow":"","attributes":[{"name":"Installationen","content":"50,000 - 100,000","_state":""},{"name":"Reaktionsschnell","content":"Ja","_state":""},{"name":"Kompatible Browser","content":"Firefox, Safari, Opera, Chrome, Edge","_state":""}],"tags":[],"tags_disable_links":"","hide_more_platforms":"","video_object":"","demo_hide_cta":"","demo_hide_cloud_options":"","pricing_title":"","pricing":[{"pricing_icon":"platform","pricing_title":"Elfsight Apps","pricing_title_caption":"Plattformunabh\u00e4ngige Version","pricing_price":"ab 0 $ \/ Monat","pricing_price_caption":"Beginnen Sie mit einem kostenlosen Plan","pricing_benefits":[{"text":"Unbegrenzte Domains"},{"text":"Schnelle Unternehmensunterst\u00fctzung und gut dokumentiert"},{"text":"Kostenloser Installationsservice"},{"text":"Flexibles Design"}],"pricing_button_text":"Zur Website hinzuf\u00fcgen","pricing_button_url":"#demo"}],"related_apps_title":"","related_apps_hidden":"","author":"","image":[],"title":"","job":"","social_networks":[]},"_links":{"self":[{"href":"https:\/\/elfsight.com\/de\/wp-json\/wp\/v2\/pages\/23029","targetHints":{"allow":["GET"]}}],"collection":[{"href":"https:\/\/elfsight.com\/de\/wp-json\/wp\/v2\/pages"}],"about":[{"href":"https:\/\/elfsight.com\/de\/wp-json\/wp\/v2\/types\/page"}],"author":[{"embeddable":true,"href":"https:\/\/elfsight.com\/de\/wp-json\/wp\/v2\/users\/9"}],"replies":[{"embeddable":true,"href":"https:\/\/elfsight.com\/de\/wp-json\/wp\/v2\/comments?post=23029"}],"version-history":[{"count":2,"href":"https:\/\/elfsight.com\/de\/wp-json\/wp\/v2\/pages\/23029\/revisions"}],"predecessor-version":[{"id":25306,"href":"https:\/\/elfsight.com\/de\/wp-json\/wp\/v2\/pages\/23029\/revisions\/25306"}],"up":[{"embeddable":true,"href":"https:\/\/elfsight.com\/de\/wp-json\/wp\/v2\/pages\/22469"}],"wp:attachment":[{"href":"https:\/\/elfsight.com\/de\/wp-json\/wp\/v2\/media?parent=23029"}],"curies":[{"name":"wp","href":"https:\/\/api.w.org\/{rel}","templated":true}]}}