{"id":23027,"date":"2024-08-01T13:24:15","date_gmt":"2024-08-01T13:24:15","guid":{"rendered":"https:\/\/elfsight.com\/de\/?page_id=23027"},"modified":"2025-07-08T10:45:00","modified_gmt":"2025-07-08T10:45:00","slug":"wordpress","status":"publish","type":"page","link":"https:\/\/elfsight.com\/de\/flipbook-widget\/wordpress\/","title":{"rendered":"Flipbook &#8211; WordPress"},"content":{"rendered":"<div class=\"application-platform-content-item-description application-platform-content-item\" id=\"description\" data-nav-section=\"description\"><h2>WordPress Flipbook-Plugin f\u00fcr verbesserte Nutzerinteraktion<\/h2> <p>Elfsights Flipbook bietet eine clevere M\u00f6glichkeit, Ihre Inhalte in einem ansprechenden, modernen und optisch ansprechenden Format zu pr\u00e4sentieren. Ob Kataloge, Brosch\u00fcren, Berichte oder Zeitschriften \u2013 ein Flipbook-Layout imitiert das Umbl\u00e4ttern in der realen Welt und bietet ein intensiveres Erlebnis als ein statischer PDF-Download. Das Plugin eignet sich perfekt f\u00fcr Unternehmen, Lehrkr\u00e4fte, Verlage und Vermarkter, die die Darstellung digitaler Dokumente auf ihren Websites optimieren m\u00f6chten. Dank nahtloser Integration und intuitiver Steuerung k\u00f6nnen Ihre Besucher Seiten umbl\u00e4ttern, ohne Ihre Website verlassen zu m\u00fcssen.<\/p> <p><b>Transformieren Sie Ihre Inhaltspr\u00e4sentation, nutzen Sie noch heute kostenlos das Flipbook-Plugin von Elfsight!<\/b><\/p><\/div><div class=\"application-platform-content-item-features application-platform-content-item\" id=\"features\" data-nav-section=\"features\"><h2>Hauptfunktionen des PDF-Flipbooks f\u00fcr WordPress<\/h2> <p>Elfsight verf\u00fcgt \u00fcber eine leistungsstarke Reihe von Funktionen, die die Dokumentanzeige verbessern und die Benutzerinteraktion auf Ihrer Website erh\u00f6hen. Zu den wichtigsten Highlights geh\u00f6ren:<\/p> <ul> <li><strong>Interaktiver PDF-Viewer:<\/strong> Verwandeln Sie jedes Standarddokument in ein digitales Flipbook mit realistischen Umbl\u00e4ttereffekten.<\/li> <li><strong>Mobil-responsives Design:<\/strong> Elfsight funktioniert nahtlos auf allen Ger\u00e4ten, einschlie\u00dflich Smartphones und Tablets.<\/li> <li><strong>Anpassbare Benutzeroberfl\u00e4che:<\/strong> Passen Sie Farben, Schaltfl\u00e4chenstile, Zoom-Optionen und mehr an Ihr Branding an.<\/li> <li><strong>Schnelles Laden von PDFs:<\/strong> Optimieren Sie die Dateidarstellung f\u00fcr ein fl\u00fcssiges, verz\u00f6gerungsfreies Anzeigeerlebnis.<\/li> <\/ul> <p><a href=\"#demo\">Testen Sie jetzt alle Funktionen des besten Flipbook-Plugins im kostenlosen Editor \u2013 keine Anmeldung erforderlich!<\/a><\/p><\/div><div class=\"application-platform-content-item-installation application-platform-content-item\" id=\"installation\" data-nav-section=\"installation\"><h2>So f\u00fcgen Sie Flipbook zu WordPress hinzu<\/h2> <p>Folgen Sie diesen einfachen Schritten, um das Flipbook-Plugin in Ihre WordPress-Website zu integrieren. Elfensicht. Keine Programmierkenntnisse erforderlich:<\/p> <ol><li><strong>W\u00e4hlen Sie Ihre Vorlage:<\/strong> \u00d6ffnen Sie den Elfsight-Editor und w\u00e4hlen Sie die Vorlage, die zu Ihrem Inhaltstyp passt \u2013 egal ob Produktkatalog oder digitales Magazin.<\/li> <li><strong>Passen Sie Ihr Widget an:<\/strong> Gestalten Sie die Benutzeroberfl\u00e4che, laden Sie Ihre PDF-Datei hoch, passen Sie die Umbl\u00e4tteranimation an und optimieren Sie die Einstellungen nach Ihren W\u00fcnschen.<\/li> <li><strong>Kopieren Sie den generierten Code:<\/strong> Wenn Sie zufrieden sind, kopieren Sie den automatisch generierten HTML-Code des Plugins.<\/li> <li><strong>Betten Sie den Code ein:<\/strong> Gehen Sie zu Ihrem WordPress-Dashboard, \u00f6ffnen Sie die Seite\/den Beitrag, auf der\/dem Sie das Flipbook haben m\u00f6chten, f\u00fcgen Sie einen benutzerdefinierten HTML-Block ein und f\u00fcgen Sie den Code ein.<\/li><\/ol> <p>Lesen Sie die vollst\u00e4ndigen Anweisungen zum <a href=\"https:\/\/elfsight.com\/blog\/how-to-embed-flipbook-on-website\/\" target=\"_blank\" rel=\"noopener\">Einbetten eines Flipbooks in Ihre Website<\/a>. Sollten Sie auf Probleme sto\u00dfen oder eine einfache Einrichtung bevorzugen, hilft Ihnen unser Team gerne weiter \u2013 wenden Sie sich einfach an unseren Support.<\/p><\/div><div class=\"faq\" data-component=\"FAQ\"><div class=\"faq-item\">\r\n\t\t\t\t\t<div class=\"faq-item-question\">\r\n\t\t\t\t\t\t<h3 class=\"faq-item-question-text\">Kann ich das Elfsight Flipbook kostenlos nutzen?<\/h3>\r\n\r\n\t\t\t\t\t\t<div class=\"faq-item-question-icon\"><\/div>\r\n\t\t\t\t\t<\/div>\r\n\r\n\t\t\t\t\t<div class=\"faq-item-answer\">\r\n\t\t\t\t\t\t<div class=\"faq-item-answer-text\">Ja, Elfsight bietet ein kostenloses Abonnement an, sodass Sie das Flipbook mit allen Grundfunktionen sofort nutzen k\u00f6nnen. Sie k\u00f6nnen jederzeit auf Premium-Funktionen upgraden. <\/div>\r\n\t\t\t\t\t<\/div>\r\n\t\t\t\t<\/div><div class=\"faq-item\">\r\n\t\t\t\t\t<div class=\"faq-item-question\">\r\n\t\t\t\t\t\t<h3 class=\"faq-item-question-text\">Ist das Plugin mobil-responsive?<\/h3>\r\n\r\n\t\t\t\t\t\t<div class=\"faq-item-question-icon\"><\/div>\r\n\t\t\t\t\t<\/div>\r\n\r\n\t\t\t\t\t<div class=\"faq-item-answer\">\r\n\t\t\t\t\t\t<div class=\"faq-item-answer-text\">Absolut. Das Plugin ist vollst\u00e4ndig responsive und sorgt daf\u00fcr, dass Ihr Flipbook auf Desktops, Tablets und Smartphones gut aussieht und reibungslos funktioniert. <\/div>\r\n\t\t\t\t\t<\/div>\r\n\t\t\t\t<\/div><div class=\"faq-item\">\r\n\t\t\t\t\t<div class=\"faq-item-question\">\r\n\t\t\t\t\t\t<h3 class=\"faq-item-question-text\">Wie passe ich das Erscheinungsbild meines Flipbooks an?<\/h3>\r\n\r\n\t\t\t\t\t\t<div class=\"faq-item-question-icon\"><\/div>\r\n\t\t\t\t\t<\/div>\r\n\r\n\t\t\t\t\t<div class=\"faq-item-answer\">\r\n\t\t\t\t\t\t<div class=\"faq-item-answer-text\">Mit dem visuellen Editor von Elfsight k\u00f6nnen Sie Farben, Schaltfl\u00e4chenstile, Gr\u00f6\u00dfe, Umbl\u00e4ttereffekte und mehr anpassen. Dadurch l\u00e4sst sich das Plugin nahtlos in das Branding Ihrer Website integrieren. <\/div>\r\n\t\t\t\t\t<\/div>\r\n\t\t\t\t<\/div><div class=\"faq-item\">\r\n\t\t\t\t\t<div class=\"faq-item-question\">\r\n\t\t\t\t\t\t<h3 class=\"faq-item-question-text\">Kann ich den Widget-Inhalt aktualisieren, ohne die Website jedes Mal bearbeiten zu m\u00fcssen?<\/h3>\r\n\r\n\t\t\t\t\t\t<div class=\"faq-item-question-icon\"><\/div>\r\n\t\t\t\t\t<\/div>\r\n\r\n\t\t\t\t\t<div class=\"faq-item-answer\">\r\n\t\t\t\t\t\t<div class=\"faq-item-answer-text\">Ja, Sie k\u00f6nnen den Inhalt direkt in Ihrem Elfsight-Dashboard aktualisieren und \u00c4nderungen werden in Echtzeit auf Ihrer Website angezeigt \u2013 Sie m\u00fcssen nichts erneut einbetten.<\/div>\r\n\t\t\t\t\t<\/div>\r\n\t\t\t\t<\/div><div class=\"faq-item\">\r\n\t\t\t\t\t<div class=\"faq-item-question\">\r\n\t\t\t\t\t\t<h3 class=\"faq-item-question-text\">Verlangsamt das Widget meine Website?<\/h3>\r\n\r\n\t\t\t\t\t\t<div class=\"faq-item-question-icon\"><\/div>\r\n\t\t\t\t\t<\/div>\r\n\r\n\t\t\t\t\t<div class=\"faq-item-answer\">\r\n\t\t\t\t\t\t<div class=\"faq-item-answer-text\">Elfsight-Widgets sind leichtgewichtig und werden in der Cloud gehostet, d. h. sie werden asynchron geladen und beeintr\u00e4chtigen die Leistung Ihrer Website nicht.<\/div>\r\n\t\t\t\t\t<\/div>\r\n\t\t\t\t<\/div><\/div>","protected":false},"excerpt":{"rendered":"","protected":false},"author":9,"featured_media":0,"parent":22469,"menu_order":0,"comment_status":"closed","ping_status":"closed","template":"templates\/template-application-platform.php","meta":{"publish_to_discourse":"","publish_post_category":"","wpdc_auto_publish_overridden":"","wpdc_topic_tags":"","wpdc_pin_topic":"","wpdc_pin_until":"","discourse_post_id":"","discourse_permalink":"","wpdc_publishing_response":"","wpdc_publishing_error":"","footnotes":""},"class_list":["post-23027","page","type-page","status-publish","hentry"],"yoast_head":"<!-- This site is optimized with the Yoast SEO plugin v25.3.1 - https:\/\/yoast.com\/wordpress\/plugins\/seo\/ -->\n<title>WordPress Flipbook Plugin \u2013 PDF Flipbook zu WordPress hinzuf\u00fcgen [Kostenlos]<\/title>\n<meta name=\"description\" content=\"F\u00fcgen Sie das beste PDF-Flipbook-Plugin f\u00fcr WordPress hinzu, um das Engagement zu steigern und Inhalte in einem dynamischen Format zu pr\u00e4sentieren.\" \/>\n<meta name=\"robots\" content=\"index, follow, max-snippet:-1, max-image-preview:large, max-video-preview:-1\" \/>\n<link rel=\"canonical\" href=\"https:\/\/elfsight.com\/de\/flipbook-widget\/wordpress\/\" \/>\n<meta property=\"og:locale\" content=\"de_DE\" \/>\n<meta property=\"og:type\" content=\"article\" \/>\n<meta property=\"og:title\" content=\"WordPress Flipbook Plugin \u2013 PDF Flipbook zu WordPress hinzuf\u00fcgen [Kostenlos]\" \/>\n<meta property=\"og:description\" content=\"F\u00fcgen Sie das beste PDF-Flipbook-Plugin f\u00fcr WordPress hinzu, um das Engagement zu steigern und Inhalte in einem dynamischen Format zu pr\u00e4sentieren.\" \/>\n<meta property=\"og:url\" content=\"https:\/\/elfsight.com\/de\/flipbook-widget\/wordpress\/\" \/>\n<meta property=\"og:site_name\" content=\"Elfsight DE\" \/>\n<meta property=\"article:modified_time\" content=\"2025-07-08T10:45:00+00:00\" \/>\n<meta name=\"twitter:card\" content=\"summary_large_image\" \/>\n<meta name=\"twitter:label1\" content=\"Gesch\u00e4tzte Lesezeit\" \/>\n\t<meta name=\"twitter:data1\" content=\"3\u00a0Minuten\" \/>\n<!-- \/ Yoast SEO plugin. -->","yoast_head_json":{"title":"WordPress Flipbook Plugin \u2013 PDF Flipbook zu WordPress hinzuf\u00fcgen [Kostenlos]","description":"F\u00fcgen Sie das beste PDF-Flipbook-Plugin f\u00fcr WordPress hinzu, um das Engagement zu steigern und Inhalte in einem dynamischen Format zu pr\u00e4sentieren.","robots":{"index":"index","follow":"follow","max-snippet":"max-snippet:-1","max-image-preview":"max-image-preview:large","max-video-preview":"max-video-preview:-1"},"canonical":"https:\/\/elfsight.com\/de\/flipbook-widget\/wordpress\/","og_locale":"de_DE","og_type":"article","og_title":"WordPress Flipbook Plugin \u2013 PDF Flipbook zu WordPress hinzuf\u00fcgen [Kostenlos]","og_description":"F\u00fcgen Sie das beste PDF-Flipbook-Plugin f\u00fcr WordPress hinzu, um das Engagement zu steigern und Inhalte in einem dynamischen Format zu pr\u00e4sentieren.","og_url":"https:\/\/elfsight.com\/de\/flipbook-widget\/wordpress\/","og_site_name":"Elfsight DE","article_modified_time":"2025-07-08T10:45:00+00:00","twitter_card":"summary_large_image","twitter_misc":{"Gesch\u00e4tzte Lesezeit":"3\u00a0Minuten"},"schema":{"@context":"https:\/\/schema.org","@graph":[{"@type":"WebPage","@id":"https:\/\/elfsight.com\/de\/flipbook-widget\/wordpress\/","url":"https:\/\/elfsight.com\/de\/flipbook-widget\/wordpress\/","name":"WordPress Flipbook Plugin \u2013 PDF Flipbook zu WordPress hinzuf\u00fcgen [Kostenlos]","isPartOf":{"@id":"https:\/\/elfsight.com\/de\/#website"},"datePublished":"2024-08-01T13:24:15+00:00","dateModified":"2025-07-08T10:45:00+00:00","description":"F\u00fcgen Sie das beste PDF-Flipbook-Plugin f\u00fcr WordPress hinzu, um das Engagement zu steigern und Inhalte in einem dynamischen Format zu pr\u00e4sentieren.","breadcrumb":{"@id":"https:\/\/elfsight.com\/de\/flipbook-widget\/wordpress\/#breadcrumb"},"inLanguage":"de","potentialAction":[{"@type":"ReadAction","target":["https:\/\/elfsight.com\/de\/flipbook-widget\/wordpress\/"]}]},{"@type":"BreadcrumbList","@id":"https:\/\/elfsight.com\/de\/flipbook-widget\/wordpress\/#breadcrumb","itemListElement":[{"@type":"ListItem","position":1,"name":"Home","item":"https:\/\/elfsight.com\/de\/"},{"@type":"ListItem","position":2,"name":"Flipbook","item":"https:\/\/elfsight.com\/de\/flipbook-widget\/"},{"@type":"ListItem","position":3,"name":"Flipbook &#8211; WordPress"}]},{"@type":"WebSite","@id":"https:\/\/elfsight.com\/de\/#website","url":"https:\/\/elfsight.com\/de\/","name":"Elfsight DE","description":"Just another Elfsight Sites site","potentialAction":[{"@type":"SearchAction","target":{"@type":"EntryPoint","urlTemplate":"https:\/\/elfsight.com\/de\/?s={search_term_string}"},"query-input":{"@type":"PropertyValueSpecification","valueRequired":true,"valueName":"search_term_string"}}],"inLanguage":"de"}]}},"meta_box":{"industry":"","seo_heading":"","heading":"","description":"","cta_heading":"","cta_description":"","application":"22464","h1":"WordPress Flipbook-Plugin","h1_caption":"F\u00fcgen Sie Ihrer WordPress-Website ein responsives Flipbook hinzu, um Ihre PDFs in wenigen Minuten in elegante, interaktive Publikationen zu verwandeln.","application_category":[],"applications_title":"","applications_request_title":"","applications_request_button_text":"","hero_text":"","hero_video":"","hero_video_schema_markup":"","selling_points_title":"","selling_points_caption":"","selling_points":[],"selling_points_cta_text":"","features_title":"","features":"","ed_cta_examples_text":"","ed_cta_examples_hidden":"","ed_cta_demo_text":"","ed_cta_demo_hidden":"","why_caption":"","why_editor_title":"","why_editor_text":"","why_team_title":"","why_team_text":"","why_service_title":"","why_service_text":"","template_catalog_visible":"0","template_catalog_title":"","template_catalog_text":"","template_catalog_categories_visible":"","demo_title":"Erstellen Sie Ihr Flipbook-Plugin","demo_caption":"Konfigurieren Sie Ihr PDF-Flipbook und f\u00fcgen Sie es kostenlos zu Ihrer WordPress-Website hinzu!","default_faq_hidden":"","app_template_category":[],"platform":"266","template_public_id":"","codecanyon_url":"","codecanyon_item_id":"","codecanyon_price":"","pricing_caption":"","pricing_elfsight_apps_hide_column":"","pricing_elfsight_apps_url":"","pricing_codecanyon_price_caption":"","integration_category":[],"integration_request_title":"","integration_request_cta":"","integration_platform":"","integrations":[],"platform_category":[],"video_schema_markup":"","price":"ab 0 $ \/ Monat","trial":"","benefits":[{"text":"Kostenloser Installationsservice"},{"text":"Effektiver Kundenservice"},{"text":"14-t\u00e4gige Geld-zur\u00fcck-Garantie"},{"text":"Kontinuierliche Updates"}],"button_url":"#demo","button_target_blank":"0","button_nofollow":"","attributes":[{"name":"Installationen","content":"50,000 - 100,000","_state":""},{"name":"Reaktionsschnell","content":"Ja","_state":""},{"name":"Kompatible Browser","content":"Firefox, Safari, Opera, Chrome, Edge","_state":""}],"tags":[],"tags_disable_links":"","hide_more_platforms":"","video_object":"","demo_hide_cta":"","demo_hide_cloud_options":"","pricing_title":"","pricing":[{"pricing_icon":"platform","pricing_title":"Elfsight Apps","pricing_title_caption":"Digitale Multiplattform-L\u00f6sung","pricing_price":"ab 0 $ \/ Monat","pricing_price_caption":"Beginnen Sie mit einem kostenlosen Plan","pricing_benefits":[{"text":"Unbegrenzte Domains"},{"text":"Kostenloser Kundensupport und gut dokumentiert"},{"text":"Kostenloser Installationsservice"},{"text":"Flexibles Design"}],"pricing_button_text":"Zur Website hinzuf\u00fcgen","pricing_button_url":"#demo"}],"related_apps_title":"","related_apps_hidden":"","author":"","image":[],"title":"","job":"","social_networks":[]},"_links":{"self":[{"href":"https:\/\/elfsight.com\/de\/wp-json\/wp\/v2\/pages\/23027","targetHints":{"allow":["GET"]}}],"collection":[{"href":"https:\/\/elfsight.com\/de\/wp-json\/wp\/v2\/pages"}],"about":[{"href":"https:\/\/elfsight.com\/de\/wp-json\/wp\/v2\/types\/page"}],"author":[{"embeddable":true,"href":"https:\/\/elfsight.com\/de\/wp-json\/wp\/v2\/users\/9"}],"replies":[{"embeddable":true,"href":"https:\/\/elfsight.com\/de\/wp-json\/wp\/v2\/comments?post=23027"}],"version-history":[{"count":2,"href":"https:\/\/elfsight.com\/de\/wp-json\/wp\/v2\/pages\/23027\/revisions"}],"predecessor-version":[{"id":25304,"href":"https:\/\/elfsight.com\/de\/wp-json\/wp\/v2\/pages\/23027\/revisions\/25304"}],"up":[{"embeddable":true,"href":"https:\/\/elfsight.com\/de\/wp-json\/wp\/v2\/pages\/22469"}],"wp:attachment":[{"href":"https:\/\/elfsight.com\/de\/wp-json\/wp\/v2\/media?parent=23027"}],"curies":[{"name":"wp","href":"https:\/\/api.w.org\/{rel}","templated":true}]}}