{"id":23022,"date":"2024-08-01T13:29:11","date_gmt":"2024-08-01T13:29:11","guid":{"rendered":"https:\/\/elfsight.com\/de\/?page_id=23022"},"modified":"2025-07-08T10:44:25","modified_gmt":"2025-07-08T10:44:25","slug":"shopify","status":"publish","type":"page","link":"https:\/\/elfsight.com\/de\/flipbook-widget\/shopify\/","title":{"rendered":"Flipbook &#8211; Shopify"},"content":{"rendered":"<div class=\"application-platform-content-item-description application-platform-content-item\" id=\"description\" data-nav-section=\"description\"> <h2>Flipbook mit einer Elfsight-App in Shopify einbetten<\/h2> <p>Die Flipbook-App f\u00fcr Shopify ist eine clevere L\u00f6sung f\u00fcr die Pr\u00e4sentation visueller Inhalte auf Ihrer Website. Sie erm\u00f6glicht Ihnen das einfache Hinzuf\u00fcgen von PDFs zu Ihren Shopify-Produkten oder zu Ihrer Shopify-Seite. Die App verwandelt Ihre PDF-Dateien in interaktive Magazine mit animierten Bildern und komfortabler Navigation. Sie pr\u00e4sentiert Zeitschriften, Kataloge, Handb\u00fccher und Werbematerialien auf ansprechende Weise und erh\u00f6ht so die Markenbekanntheit und die Zug\u00e4nglichkeit der Inhalte. <\/p><p>Sie k\u00f6nnen schnell einen Link zu Ihrem PDF-Album versenden, es \u00fcber soziale Medien teilen und Website-Besuchern eine \u00fcbersichtliche M\u00f6glichkeit zum Herunterladen oder Ausdrucken bieten. Die App ist zudem vollst\u00e4ndig anpassbar und passt sich Ihren Website- oder Markenfarben an. Das Flipbook l\u00e4dt schnell auf Ihren Seiten und sieht auf jedem Ger\u00e4t gut aus. <\/p><p><b>Organisieren Sie Ihren pers\u00f6nlichen Katalog f\u00fcr eine bessere Pr\u00e4sentation Ihrer Produkte und Erfolge. <\/b><\/p><\/div> <div class=\"application-platform-content-item-features application-platform-content-item\" id=\"features\" data-nav-section=\"features\"> <h2>Die wichtigsten App-Funktionen umfassen<\/h2><ul><li><b>Realistisches Umbl\u00e4ttern f\u00fcr Ihre hochgeladenen PDF-Dateien.<\/b> Sie k\u00f6nnen jede PDF-Datei hinzuf\u00fcgen, um sie mit realistischen Umbl\u00e4ttereffekten und Papierger\u00e4uschen zu animieren und so ein zufriedenstellendes Kundenerlebnis zu gew\u00e4hrleisten.<\/li><li><b>Suchen, Vergr\u00f6\u00dfern und Verkleinern, zum Anfang oder Ende springen.<\/b>Das Flipbook bietet zahlreiche interaktive Schaltfl\u00e4chen und Optionen, um mit dem Katalog zu arbeiten und ihn nahtlos zu pr\u00fcfen.<\/li><li><b>M\u00fchelos den Katalog teilen, herunterladen oder drucken.<\/b>Es ist m\u00f6glich, einen Link zum Katalog zu senden, ihn \u00fcber soziale Medien zu teilen oder dem Betrachter die M\u00f6glichkeit zum Herunterladen und Drucken zu bieten.<\/li><li><b>Mehr Ansichtsmodi f\u00fcr eine bessere Pr\u00e4sentation. <\/b>F\u00fcr das Flipbook stehen die Ansichtsmodi Miniaturansicht, Einzelseite und Vollbild zur Verf\u00fcgung, um die Navigation noch weiter zu verbessern. <\/li><li><b>Verbesserte Anpassung, Optimierung und Lokalisierung. <\/b>Das Flipbook bietet zahlreiche Anpassungsoptionen, sieht auf jedem Ger\u00e4t fantastisch aus und ist f\u00fcr 76 L\u00e4nder lokalisiert. <\/li><\/ul><p><a href=\"#demo\">Testen Sie alle Einstellungen in einer voll funktionsf\u00e4higen Demo.<\/a><\/p><\/div> <div class=\"application-platform-content-item-installation application-platform-content-item\" id=\"installation\" data-nav-section=\"installation\"> <h2>Wie integriere ich Flipbook in meine Shopify-Webseite? <\/h2><p>Wir bieten eine einfache M\u00f6glichkeit, die App auf Ihrer Shopify-Website einzurichten. Es dauert nur wenige Minuten und erfordert keine Codierung.<\/p> <ol><li><strong>Erstellen Sie Ihre benutzerdefinierte Flipbook-App.<\/strong><br> Beginnen Sie mit einer beliebigen Vorlage im Editor, verbinden Sie Ihr Profil oder die gew\u00fcnschten Hashtags und passen Sie die App an Ihren bevorzugten Stil und Ihre bevorzugten Einstellungen an. <\/li><li><strong>Erhalten Sie den pers\u00f6nlichen Code zum Einbetten der App<\/strong><br> Sobald Sie Ihre App erstellt haben, erhalten Sie einen individuellen HTML-Code in Ihrem Dashboard. Kopieren Sie diesen Code, der alle Details zur Anpassung Ihrer App enth\u00e4lt. <\/li> <li><strong>Zeigen Sie die App auf Ihrer Shopify-Website an<\/strong><br> W\u00e4hlen Sie die Bereiche Ihrer Website aus, in denen die App angezeigt werden soll, und f\u00fcgen Sie den Code dort ein. Speichern Sie Ihre \u00c4nderungen. <\/li> <\/ol><p>Fertig! Pr\u00fcfen Sie nun, wie die App auf Ihrer Website funktioniert. <\/p><p>Sollten beim Einbetten der App in eine Website Probleme auftreten, wenden Sie sich bitte an unseren Kundensupport. Wir zeigen Ihnen gerne, wie Sie Ihr Flipbook hinzuf\u00fcgen und anpassen.<\/p><\/div>","protected":false},"excerpt":{"rendered":"","protected":false},"author":9,"featured_media":0,"parent":22469,"menu_order":0,"comment_status":"closed","ping_status":"closed","template":"templates\/template-application-platform.php","meta":{"publish_to_discourse":"","publish_post_category":"","wpdc_auto_publish_overridden":"","wpdc_topic_tags":"","wpdc_pin_topic":"","wpdc_pin_until":"","discourse_post_id":"","discourse_permalink":"","wpdc_publishing_response":"","wpdc_publishing_error":"","footnotes":""},"class_list":["post-23022","page","type-page","status-publish","hentry"],"yoast_head":"<!-- This site is optimized with the Yoast SEO plugin v25.3.1 - https:\/\/yoast.com\/wordpress\/plugins\/seo\/ -->\n<title>Flipbook-App f\u00fcr Shopify \u2013 PDFs in Shopify einbetten<\/title>\n<meta name=\"description\" content=\"F\u00fcgen Sie Ihrer Shopify-Website eine nahtlose Flipbook-App hinzu. Testen Sie die benutzerfreundliche Demo von Elfsight und erstellen Sie m\u00fchelos Ihre individuelle L\u00f6sung.\" \/>\n<meta name=\"robots\" content=\"index, follow, max-snippet:-1, max-image-preview:large, max-video-preview:-1\" \/>\n<link rel=\"canonical\" href=\"https:\/\/elfsight.com\/de\/flipbook-widget\/shopify\/\" \/>\n<meta property=\"og:locale\" content=\"de_DE\" \/>\n<meta property=\"og:type\" content=\"article\" \/>\n<meta property=\"og:title\" content=\"Flipbook-App f\u00fcr Shopify \u2013 PDFs in Shopify einbetten\" \/>\n<meta property=\"og:description\" content=\"F\u00fcgen Sie Ihrer Shopify-Website eine nahtlose Flipbook-App hinzu. Testen Sie die benutzerfreundliche Demo von Elfsight und erstellen Sie m\u00fchelos Ihre individuelle L\u00f6sung.\" \/>\n<meta property=\"og:url\" content=\"https:\/\/elfsight.com\/de\/flipbook-widget\/shopify\/\" \/>\n<meta property=\"og:site_name\" content=\"Elfsight DE\" \/>\n<meta property=\"article:modified_time\" content=\"2025-07-08T10:44:25+00:00\" \/>\n<meta name=\"twitter:card\" content=\"summary_large_image\" \/>\n<meta name=\"twitter:label1\" content=\"Gesch\u00e4tzte Lesezeit\" \/>\n\t<meta name=\"twitter:data1\" content=\"3\u00a0Minuten\" \/>\n<!-- \/ Yoast SEO plugin. -->","yoast_head_json":{"title":"Flipbook-App f\u00fcr Shopify \u2013 PDFs in Shopify einbetten","description":"F\u00fcgen Sie Ihrer Shopify-Website eine nahtlose Flipbook-App hinzu. Testen Sie die benutzerfreundliche Demo von Elfsight und erstellen Sie m\u00fchelos Ihre individuelle L\u00f6sung.","robots":{"index":"index","follow":"follow","max-snippet":"max-snippet:-1","max-image-preview":"max-image-preview:large","max-video-preview":"max-video-preview:-1"},"canonical":"https:\/\/elfsight.com\/de\/flipbook-widget\/shopify\/","og_locale":"de_DE","og_type":"article","og_title":"Flipbook-App f\u00fcr Shopify \u2013 PDFs in Shopify einbetten","og_description":"F\u00fcgen Sie Ihrer Shopify-Website eine nahtlose Flipbook-App hinzu. Testen Sie die benutzerfreundliche Demo von Elfsight und erstellen Sie m\u00fchelos Ihre individuelle L\u00f6sung.","og_url":"https:\/\/elfsight.com\/de\/flipbook-widget\/shopify\/","og_site_name":"Elfsight DE","article_modified_time":"2025-07-08T10:44:25+00:00","twitter_card":"summary_large_image","twitter_misc":{"Gesch\u00e4tzte Lesezeit":"3\u00a0Minuten"},"schema":{"@context":"https:\/\/schema.org","@graph":[{"@type":"WebPage","@id":"https:\/\/elfsight.com\/de\/flipbook-widget\/shopify\/","url":"https:\/\/elfsight.com\/de\/flipbook-widget\/shopify\/","name":"Flipbook-App f\u00fcr Shopify \u2013 PDFs in Shopify einbetten","isPartOf":{"@id":"https:\/\/elfsight.com\/de\/#website"},"datePublished":"2024-08-01T13:29:11+00:00","dateModified":"2025-07-08T10:44:25+00:00","description":"F\u00fcgen Sie Ihrer Shopify-Website eine nahtlose Flipbook-App hinzu. Testen Sie die benutzerfreundliche Demo von Elfsight und erstellen Sie m\u00fchelos Ihre individuelle L\u00f6sung.","breadcrumb":{"@id":"https:\/\/elfsight.com\/de\/flipbook-widget\/shopify\/#breadcrumb"},"inLanguage":"de","potentialAction":[{"@type":"ReadAction","target":["https:\/\/elfsight.com\/de\/flipbook-widget\/shopify\/"]}]},{"@type":"BreadcrumbList","@id":"https:\/\/elfsight.com\/de\/flipbook-widget\/shopify\/#breadcrumb","itemListElement":[{"@type":"ListItem","position":1,"name":"Home","item":"https:\/\/elfsight.com\/de\/"},{"@type":"ListItem","position":2,"name":"Flipbook","item":"https:\/\/elfsight.com\/de\/flipbook-widget\/"},{"@type":"ListItem","position":3,"name":"Flipbook &#8211; Shopify"}]},{"@type":"WebSite","@id":"https:\/\/elfsight.com\/de\/#website","url":"https:\/\/elfsight.com\/de\/","name":"Elfsight DE","description":"Just another Elfsight Sites site","potentialAction":[{"@type":"SearchAction","target":{"@type":"EntryPoint","urlTemplate":"https:\/\/elfsight.com\/de\/?s={search_term_string}"},"query-input":{"@type":"PropertyValueSpecification","valueRequired":true,"valueName":"search_term_string"}}],"inLanguage":"de"}]}},"meta_box":{"industry":"","seo_heading":"","heading":"","description":"","cta_heading":"","cta_description":"","application":"22464","h1":"Shopify Flipbook-App","h1_caption":"Konvertieren Sie PDFs oder Bilder in interaktive Flipbooks und bieten Sie so eine ansprechendere M\u00f6glichkeit, Dokumente oder Kataloge m\u00fchelos auf Ihrer Shopify-Website zu pr\u00e4sentieren.","application_category":[],"applications_title":"","applications_request_title":"","applications_request_button_text":"","hero_text":"","hero_video":"","hero_video_schema_markup":"","selling_points_title":"","selling_points_caption":"","selling_points":[],"selling_points_cta_text":"","features_title":"","features":"","ed_cta_examples_text":"","ed_cta_examples_hidden":"","ed_cta_demo_text":"","ed_cta_demo_hidden":"","why_caption":"","why_editor_title":"","why_editor_text":"","why_team_title":"","why_team_text":"","why_service_title":"","why_service_text":"","template_catalog_visible":"0","template_catalog_title":"","template_catalog_text":"","template_catalog_categories_visible":"","demo_title":"Erstellen Sie Ihre Flipbook-App","demo_caption":"Konfigurieren Sie Ihr Flipbook und f\u00fcgen Sie es kostenlos zu Ihrer Shopify-Website hinzu!","default_faq_hidden":"","app_template_category":[],"platform":"253","template_public_id":"","codecanyon_url":"","codecanyon_item_id":"","codecanyon_price":"","pricing_caption":"","pricing_elfsight_apps_hide_column":"","pricing_elfsight_apps_url":"","pricing_codecanyon_price_caption":"","integration_category":[],"integration_request_title":"","integration_request_cta":"","integration_platform":"","integrations":[],"platform_category":[],"video_schema_markup":"","price":"ab 0 $ \/ Monat","trial":"","benefits":[{"text":"Kostenloser Installationsservice"},{"text":"Premium-Support"},{"text":"14-t\u00e4gige Geld-zur\u00fcck-Garantie"},{"text":"Regelm\u00e4\u00dfige Updates"}],"button_url":"#demo","button_target_blank":"0","button_nofollow":"","attributes":[{"name":"Installationen","content":"50,000 - 100,000","_state":""},{"name":"Reaktionsschnell","content":"Ja","_state":""},{"name":"Kompatible Browser","content":"Firefox, Safari, Opera, Chrome, Edge","_state":""}],"tags":[],"tags_disable_links":"","hide_more_platforms":"","video_object":"","demo_hide_cta":"","demo_hide_cloud_options":"","pricing_title":"","pricing":[{"pricing_icon":"platform","pricing_title":"Elfsight Apps","pricing_title_caption":"Plattform\u00fcbergreifende digitale L\u00f6sung, die f\u00fcr jede Website geeignet ist","pricing_price":"ab 0 $ \/ Monat","pricing_price_caption":"Beginnen Sie mit einem kostenlosen Plan","pricing_benefits":[{"text":"Unbegrenzte Websites"},{"text":"Schneller Kundensupport und gut dokumentiert"},{"text":"Kostenlose Installationshilfe"},{"text":"Vollst\u00e4ndig anpassbar"}],"pricing_button_text":"Zur Website hinzuf\u00fcgen","pricing_button_url":"#demo"}],"related_apps_title":"","related_apps_hidden":"","author":"","image":[],"title":"","job":"","social_networks":[]},"_links":{"self":[{"href":"https:\/\/elfsight.com\/de\/wp-json\/wp\/v2\/pages\/23022","targetHints":{"allow":["GET"]}}],"collection":[{"href":"https:\/\/elfsight.com\/de\/wp-json\/wp\/v2\/pages"}],"about":[{"href":"https:\/\/elfsight.com\/de\/wp-json\/wp\/v2\/types\/page"}],"author":[{"embeddable":true,"href":"https:\/\/elfsight.com\/de\/wp-json\/wp\/v2\/users\/9"}],"replies":[{"embeddable":true,"href":"https:\/\/elfsight.com\/de\/wp-json\/wp\/v2\/comments?post=23022"}],"version-history":[{"count":2,"href":"https:\/\/elfsight.com\/de\/wp-json\/wp\/v2\/pages\/23022\/revisions"}],"predecessor-version":[{"id":25303,"href":"https:\/\/elfsight.com\/de\/wp-json\/wp\/v2\/pages\/23022\/revisions\/25303"}],"up":[{"embeddable":true,"href":"https:\/\/elfsight.com\/de\/wp-json\/wp\/v2\/pages\/22469"}],"wp:attachment":[{"href":"https:\/\/elfsight.com\/de\/wp-json\/wp\/v2\/media?parent=23022"}],"curies":[{"name":"wp","href":"https:\/\/api.w.org\/{rel}","templated":true}]}}