{"id":23021,"date":"2024-08-01T13:31:59","date_gmt":"2024-08-01T13:31:59","guid":{"rendered":"https:\/\/elfsight.com\/de\/?page_id=23021"},"modified":"2025-07-08T10:43:04","modified_gmt":"2025-07-08T10:43:04","slug":"elementor","status":"publish","type":"page","link":"https:\/\/elfsight.com\/de\/flipbook-widget\/elementor\/","title":{"rendered":"Flipbook &#8211; Elementor"},"content":{"rendered":"<div class=\"application-platform-content-item-description application-platform-content-item\" id=\"description\" data-nav-section=\"description\"> <h2>Wie das Flipbook f\u00fcr Elementor Ihre Website verbessern kann<\/h2><p>Mit dem Elfsight Flipbook-Widget erstellen Sie ein ansprechendes, interaktives Flipbook, das sich nahtlos in Ihre Elementor-Website einbetten l\u00e4sst. Dieses dynamische Widget bietet eine moderne M\u00f6glichkeit, Ihre Inhalte darzustellen \u2013 egal ob Kataloge, Brosch\u00fcren, Portfolios oder sogar digitale Magazine. Das Widget wertet Ihre Website auf, indem es Ihre Inhalte interaktiver und ansprechender f\u00fcr Besucher macht und sie dazu anregt, sich l\u00e4nger mit Ihren Inhalten zu besch\u00e4ftigen.<\/p><p>Mit Elfsight pr\u00e4sentieren Sie Ihre Inhalte innovativ und benutzerfreundlich. Dieses Widget sorgt f\u00fcr ein hochgradig interaktives Leseerlebnis und verwandelt statische PDFs oder bildbasierte Dateien in ein visuell ansprechendes digitales Format. Das Flipbook eignet sich perfekt f\u00fcr Unternehmen jeder Branche \u2013 sei es Einzelhandel, Immobilien oder Bildung \u2013 und hilft Ihnen, reichhaltige Inhalte anzuzeigen, die Ihr Publikum ansprechen.<\/p><p><b>Nutzen Sie das Elfsight Flipbook noch heute kostenlos auf Ihrer Elementor-Website und erleben Sie alle Vorteile!<\/b><\/p><\/div><div class=\"application-platform-content-item-features application-platform-content-item\" id=\"features\" data-nav-section=\"features\"><h2>Hauptfunktionen des Elementor Flipbooks<\/h2><p>Das Elfsight Flipbook bietet eine Reihe von Funktionen, die es von anderen Inhaltsanzeige-Widgets abheben:<\/p><ul> <li><b>Vollst\u00e4ndig anpassbares Design:<\/b> Passen Sie das Erscheinungsbild an das Design Ihrer Marke an, indem Sie Farben, Schriftarten und Layout anpassen.<\/li> <li><b>Interaktiver Seitenumbl\u00e4ttereffekt:<\/b> F\u00fcgen Sie eine fl\u00fcssige, realistische Umbl\u00e4tteranimation hinzu, um Benutzer einzubinden und Inhalte interaktiv zu gestalten.<\/li> <li><b>Mehrere Layouts:<\/b> W\u00e4hlen Sie aus verschiedenen Anzeigemodi, einschlie\u00dflich Einzelseite oder Doppelseiten-Layouts, die optimal zu Ihrem Inhalt passen.<\/li> <li><b>Vergr\u00f6\u00dfern\/Verkleinern-Funktion:<\/b> Erm\u00f6glichen Sie Ihren Benutzern das Vergr\u00f6\u00dfern, um detaillierte Bilder oder Texte im Flipbook genauer zu betrachten.<\/li> <li><b>Mobil-Responsive:<\/b> Das Elementor Flipbook-Widget ist vollst\u00e4ndig responsive und stellt sicher, dass es auf allen Ger\u00e4ten, vom Desktop bis zum Mobilger\u00e4t, perfekt angezeigt wird.<\/li> <li><b>Einfache Navigation:<\/b> F\u00fcgen Sie Navigationspfeile oder eine Mini-Navigationsleiste hinzu, damit Benutzer sich einfach durch die Seiten bewegen k\u00f6nnen.<\/li><\/ul><p><a href=\"#demo\">Testen Sie das Widget im intuitiven Editor und \u00fcberzeugen Sie sich selbst vom interaktiven Erlebnis \u2013 keine Registrierung erforderlich!<\/a><\/p><\/div><div class=\"application-platform-content-item-installation application-platform-content-item\" id=\"installation\" data-nav-section=\"installation\"><h2>So f\u00fcgen Sie das Flipbook zu Elementor hinzu<\/h2><p>Befolgen Sie diese einfachen Anweisungen, um das Flipbook-Widget mit Elfsight zu Ihrer Website hinzuzuf\u00fcgen. Der Vorgang ist schnell und erfordert keine Programmierkenntnisse:<\/p><ol> <li><strong>W\u00e4hlen Sie Ihre Vorlage:<\/strong> Gehen Sie zum Elementor-Editor und w\u00e4hlen Sie die Vorlage, die Ihren Anforderungen am besten entspricht.<\/li> <li><strong>Passen Sie Ihr Widget an:<\/strong> Laden Sie PDFs hoch oder f\u00fcgen Sie sie per Link hinzu, passen Sie die Einstellungen und Designelemente an.<\/li> <li><strong>Kopieren Sie den generierten Code:<\/strong> Wenn Sie mit dem Design und den Einstellungen zufrieden sind, kopieren Sie den generierten Einbettungscode.<\/li> <li><strong>Betten Sie den Code ein:<\/strong> F\u00fcgen Sie den Code in den entsprechenden Abschnitt Ihrer Elementor-Seite ein (normalerweise ein Codeblock oder Widget-Abschnitt), um das Flipbook anzuzeigen.<\/li><\/ol><p>Interessieren Sie sich f\u00fcr weitere Anpassungsoptionen? Erfahren Sie mit unserem Expertenhandbuch, wie Sie <a href=\"https:\/\/elfsight.com\/blog\/how-to-embed-flipbook-on-website\/\" target=\"_blank\">ein Flipbook in Ihre Website einbetten<\/a>.<\/p><p>Wenn Sie Hilfe ben\u00f6tigen, steht Ihnen das Support-Team von Elfsight jederzeit zur Verf\u00fcgung!<\/p><\/div><div class=\"faq\" data-component=\"FAQ\"><div class=\"faq-item\">\r\n\t\t\t\t\t<div class=\"faq-item-question\">\r\n\t\t\t\t\t\t<h3 class=\"faq-item-question-text\">Kann ich das Flipbook-Widget auf meiner mobil-responsiven Website verwenden?<\/h3>\r\n\r\n\t\t\t\t\t\t<div class=\"faq-item-question-icon\"><\/div>\r\n\t\t\t\t\t<\/div>\r\n\r\n\t\t\t\t\t<div class=\"faq-item-answer\">\r\n\t\t\t\t\t\t<div class=\"faq-item-answer-text\">Ja, das Elfsight Flipbook ist vollst\u00e4ndig mobil-responsiv, d.\u00a0h. es passt sich nahtlos an alle Bildschirmgr\u00f6\u00dfen an und bietet so auf jedem Ger\u00e4t ein optimales Benutzererlebnis.<\/div>\r\n\t\t\t\t\t<\/div>\r\n\t\t\t\t<\/div><div class=\"faq-item\">\r\n\t\t\t\t\t<div class=\"faq-item-question\">\r\n\t\t\t\t\t\t<h3 class=\"faq-item-question-text\">Wie kann ich dem Flipbook-Widget Inhalte hinzuf\u00fcgen?<\/h3>\r\n\r\n\t\t\t\t\t\t<div class=\"faq-item-question-icon\"><\/div>\r\n\t\t\t\t\t<\/div>\r\n\r\n\t\t\t\t\t<div class=\"faq-item-answer\">\r\n\t\t\t\t\t\t<div class=\"faq-item-answer-text\">Sie k\u00f6nnen Ihre Inhalte in Form von PDFs direkt \u00fcber den intuitiven Editor hochladen oder \u00fcber einen Link hinzuf\u00fcgen. Nach dem Hochladen k\u00f6nnen Sie Aussehen und Funktionalit\u00e4t, wie Zoom-Einstellungen und Seiten\u00fcberg\u00e4nge, anpassen.<\/div>\r\n\t\t\t\t\t<\/div>\r\n\t\t\t\t<\/div><div class=\"faq-item\">\r\n\t\t\t\t\t<div class=\"faq-item-question\">\r\n\t\t\t\t\t\t<h3 class=\"faq-item-question-text\">Ist das Elfsight Flipbook im Design anpassbar?<\/h3>\r\n\r\n\t\t\t\t\t\t<div class=\"faq-item-question-icon\"><\/div>\r\n\t\t\t\t\t<\/div>\r\n\r\n\t\t\t\t\t<div class=\"faq-item-answer\">\r\n\t\t\t\t\t\t<div class=\"faq-item-answer-text\">Absolut! Sie k\u00f6nnen Farben, Schriftarten und Layout des Flipbooks \u00e4ndern und so sicherstellen, dass es zur \u00c4sthetik und Markenidentit\u00e4t Ihrer Website passt.<\/div>\r\n\t\t\t\t\t<\/div>\r\n\t\t\t\t<\/div><div class=\"faq-item\">\r\n\t\t\t\t\t<div class=\"faq-item-question\">\r\n\t\t\t\t\t\t<h3 class=\"faq-item-question-text\">Ben\u00f6tige ich Programmierkenntnisse, um das Widget zu verwenden?<\/h3>\r\n\r\n\t\t\t\t\t\t<div class=\"faq-item-question-icon\"><\/div>\r\n\t\t\t\t\t<\/div>\r\n\r\n\t\t\t\t\t<div class=\"faq-item-answer\">\r\n\t\t\t\t\t\t<div class=\"faq-item-answer-text\">\u00dcberhaupt nicht! Das Elfsight Flipbook ist dank seiner Drag-and-Drop-Oberfl\u00e4che benutzerfreundlich gestaltet. F\u00fcr die Installation oder Anpassung ist keine Programmierung erforderlich.<\/div>\r\n\t\t\t\t\t<\/div>\r\n\t\t\t\t<\/div><div class=\"faq-item\">\r\n\t\t\t\t\t<div class=\"faq-item-question\">\r\n\t\t\t\t\t\t<h3 class=\"faq-item-question-text\">Kann ich das Flipbook vor dem Kauf testen?<\/h3>\r\n\r\n\t\t\t\t\t\t<div class=\"faq-item-question-icon\"><\/div>\r\n\t\t\t\t\t<\/div>\r\n\r\n\t\t\t\t\t<div class=\"faq-item-answer\">\r\n\t\t\t\t\t\t<div class=\"faq-item-answer-text\">Ja, Elfsight bietet ein kostenloses Abonnement an. Sie k\u00f6nnen das Elfsight Flipbook also testen und alle Funktionen ausprobieren, bevor Sie sich f\u00fcr ein kostenpflichtiges Abonnement entscheiden.<\/div>\r\n\t\t\t\t\t<\/div>\r\n\t\t\t\t<\/div><\/div>","protected":false},"excerpt":{"rendered":"","protected":false},"author":9,"featured_media":0,"parent":22469,"menu_order":0,"comment_status":"closed","ping_status":"closed","template":"templates\/template-application-platform.php","meta":{"publish_to_discourse":"","publish_post_category":"","wpdc_auto_publish_overridden":"","wpdc_topic_tags":"","wpdc_pin_topic":"","wpdc_pin_until":"","discourse_post_id":"","discourse_permalink":"","wpdc_publishing_response":"","wpdc_publishing_error":"","footnotes":""},"class_list":["post-23021","page","type-page","status-publish","hentry"],"yoast_head":"<!-- This site is optimized with the Yoast SEO plugin v25.3.1 - https:\/\/yoast.com\/wordpress\/plugins\/seo\/ -->\n<title>Elementor Flipbook \u2013 F\u00fcgen Sie Elementor ein Flipbook hinzu [kostenlos]<\/title>\n<meta name=\"description\" content=\"F\u00fcgen Sie Ihrer Elementor-Website das beste Flipbook hinzu, um das Benutzererlebnis zu verbessern, Inhalte zu pr\u00e4sentieren und das Engagement zu steigern.\" \/>\n<meta name=\"robots\" content=\"index, follow, max-snippet:-1, max-image-preview:large, max-video-preview:-1\" \/>\n<link rel=\"canonical\" href=\"https:\/\/elfsight.com\/de\/flipbook-widget\/elementor\/\" \/>\n<meta property=\"og:locale\" content=\"de_DE\" \/>\n<meta property=\"og:type\" content=\"article\" \/>\n<meta property=\"og:title\" content=\"Elementor Flipbook \u2013 F\u00fcgen Sie Elementor ein Flipbook hinzu [kostenlos]\" \/>\n<meta property=\"og:description\" content=\"F\u00fcgen Sie Ihrer Elementor-Website das beste Flipbook hinzu, um das Benutzererlebnis zu verbessern, Inhalte zu pr\u00e4sentieren und das Engagement zu steigern.\" \/>\n<meta property=\"og:url\" content=\"https:\/\/elfsight.com\/de\/flipbook-widget\/elementor\/\" \/>\n<meta property=\"og:site_name\" content=\"Elfsight DE\" \/>\n<meta property=\"article:modified_time\" content=\"2025-07-08T10:43:04+00:00\" \/>\n<meta name=\"twitter:card\" content=\"summary_large_image\" \/>\n<meta name=\"twitter:label1\" content=\"Gesch\u00e4tzte Lesezeit\" \/>\n\t<meta name=\"twitter:data1\" content=\"3\u00a0Minuten\" \/>\n<!-- \/ Yoast SEO plugin. -->","yoast_head_json":{"title":"Elementor Flipbook \u2013 F\u00fcgen Sie Elementor ein Flipbook hinzu [kostenlos]","description":"F\u00fcgen Sie Ihrer Elementor-Website das beste Flipbook hinzu, um das Benutzererlebnis zu verbessern, Inhalte zu pr\u00e4sentieren und das Engagement zu steigern.","robots":{"index":"index","follow":"follow","max-snippet":"max-snippet:-1","max-image-preview":"max-image-preview:large","max-video-preview":"max-video-preview:-1"},"canonical":"https:\/\/elfsight.com\/de\/flipbook-widget\/elementor\/","og_locale":"de_DE","og_type":"article","og_title":"Elementor Flipbook \u2013 F\u00fcgen Sie Elementor ein Flipbook hinzu [kostenlos]","og_description":"F\u00fcgen Sie Ihrer Elementor-Website das beste Flipbook hinzu, um das Benutzererlebnis zu verbessern, Inhalte zu pr\u00e4sentieren und das Engagement zu steigern.","og_url":"https:\/\/elfsight.com\/de\/flipbook-widget\/elementor\/","og_site_name":"Elfsight DE","article_modified_time":"2025-07-08T10:43:04+00:00","twitter_card":"summary_large_image","twitter_misc":{"Gesch\u00e4tzte Lesezeit":"3\u00a0Minuten"},"schema":{"@context":"https:\/\/schema.org","@graph":[{"@type":"WebPage","@id":"https:\/\/elfsight.com\/de\/flipbook-widget\/elementor\/","url":"https:\/\/elfsight.com\/de\/flipbook-widget\/elementor\/","name":"Elementor Flipbook \u2013 F\u00fcgen Sie Elementor ein Flipbook hinzu [kostenlos]","isPartOf":{"@id":"https:\/\/elfsight.com\/de\/#website"},"datePublished":"2024-08-01T13:31:59+00:00","dateModified":"2025-07-08T10:43:04+00:00","description":"F\u00fcgen Sie Ihrer Elementor-Website das beste Flipbook hinzu, um das Benutzererlebnis zu verbessern, Inhalte zu pr\u00e4sentieren und das Engagement zu steigern.","breadcrumb":{"@id":"https:\/\/elfsight.com\/de\/flipbook-widget\/elementor\/#breadcrumb"},"inLanguage":"de","potentialAction":[{"@type":"ReadAction","target":["https:\/\/elfsight.com\/de\/flipbook-widget\/elementor\/"]}]},{"@type":"BreadcrumbList","@id":"https:\/\/elfsight.com\/de\/flipbook-widget\/elementor\/#breadcrumb","itemListElement":[{"@type":"ListItem","position":1,"name":"Home","item":"https:\/\/elfsight.com\/de\/"},{"@type":"ListItem","position":2,"name":"Flipbook","item":"https:\/\/elfsight.com\/de\/flipbook-widget\/"},{"@type":"ListItem","position":3,"name":"Flipbook &#8211; Elementor"}]},{"@type":"WebSite","@id":"https:\/\/elfsight.com\/de\/#website","url":"https:\/\/elfsight.com\/de\/","name":"Elfsight DE","description":"Just another Elfsight Sites site","potentialAction":[{"@type":"SearchAction","target":{"@type":"EntryPoint","urlTemplate":"https:\/\/elfsight.com\/de\/?s={search_term_string}"},"query-input":{"@type":"PropertyValueSpecification","valueRequired":true,"valueName":"search_term_string"}}],"inLanguage":"de"}]}},"meta_box":{"industry":"","seo_heading":"","heading":"","description":"","cta_heading":"","cta_description":"","application":"22464","h1":"Elementor Flipbook-Widget","h1_caption":"F\u00fcgen Sie Ihrer Elementor-Website ein digitales Flipbook hinzu und begeistern Sie Benutzer mit einer interaktiven, optisch ansprechenden Inhaltsanzeige.","application_category":[],"applications_title":"","applications_request_title":"","applications_request_button_text":"","hero_text":"","hero_video":"","hero_video_schema_markup":"","selling_points_title":"","selling_points_caption":"","selling_points":[],"selling_points_cta_text":"","features_title":"","features":"","ed_cta_examples_text":"","ed_cta_examples_hidden":"","ed_cta_demo_text":"","ed_cta_demo_hidden":"","why_caption":"","why_editor_title":"","why_editor_text":"","why_team_title":"","why_team_text":"","why_service_title":"","why_service_text":"","template_catalog_visible":"0","template_catalog_title":"","template_catalog_text":"","template_catalog_categories_visible":"","demo_title":"Erstellen Sie Ihr Flipbook-Widget","demo_caption":"Konfigurieren Sie Ihr Widget und f\u00fcgen Sie es kostenlos zu Ihrer Elementor-Website hinzu!","default_faq_hidden":"","app_template_category":[],"platform":"223","template_public_id":"","codecanyon_url":"","codecanyon_item_id":"","codecanyon_price":"","pricing_caption":"","pricing_elfsight_apps_hide_column":"","pricing_elfsight_apps_url":"","pricing_codecanyon_price_caption":"","integration_category":[],"integration_request_title":"","integration_request_cta":"","integration_platform":"","integrations":[],"platform_category":[],"video_schema_markup":"","price":"ab 0 $ \/ Monat","trial":"","benefits":[{"text":"Kostenloser Installationsservice"},{"text":"Erfahrener Kundensupport"},{"text":"14-t\u00e4gige Geld-zur\u00fcck-Garantie"},{"text":"Laufende Updates"}],"button_url":"#demo","button_target_blank":"0","button_nofollow":"","attributes":[{"name":"Installationen","content":"50,000 - 100,000","_state":""},{"name":"Reaktionsschnell","content":"Ja","_state":""},{"name":"Kompatible Browser","content":"Firefox, Safari, Opera, Chrome, Edge","_state":""}],"tags":[],"tags_disable_links":"","hide_more_platforms":"","video_object":"","demo_hide_cta":"","demo_hide_cloud_options":"","pricing_title":"","pricing":[{"pricing_icon":"platform","pricing_title":"Elfsight Apps","pricing_title_caption":"Plattform\u00fcbergreifende digitale L\u00f6sung","pricing_price":"ab 0 $ \/ Monat","pricing_price_caption":"Beginnen Sie mit einem kostenlosen Plan","pricing_benefits":[{"text":"Unbegrenzte Domains"},{"text":"Kostenloser Support und gut dokumentiert"},{"text":"Kostenloser Installationsservice"},{"text":"Flexibles Design"}],"pricing_button_text":"Zur Website hinzuf\u00fcgen","pricing_button_url":"#demo"}],"related_apps_title":"","related_apps_hidden":"","author":"","image":[],"title":"","job":"","social_networks":[]},"_links":{"self":[{"href":"https:\/\/elfsight.com\/de\/wp-json\/wp\/v2\/pages\/23021","targetHints":{"allow":["GET"]}}],"collection":[{"href":"https:\/\/elfsight.com\/de\/wp-json\/wp\/v2\/pages"}],"about":[{"href":"https:\/\/elfsight.com\/de\/wp-json\/wp\/v2\/types\/page"}],"author":[{"embeddable":true,"href":"https:\/\/elfsight.com\/de\/wp-json\/wp\/v2\/users\/9"}],"replies":[{"embeddable":true,"href":"https:\/\/elfsight.com\/de\/wp-json\/wp\/v2\/comments?post=23021"}],"version-history":[{"count":2,"href":"https:\/\/elfsight.com\/de\/wp-json\/wp\/v2\/pages\/23021\/revisions"}],"predecessor-version":[{"id":25302,"href":"https:\/\/elfsight.com\/de\/wp-json\/wp\/v2\/pages\/23021\/revisions\/25302"}],"up":[{"embeddable":true,"href":"https:\/\/elfsight.com\/de\/wp-json\/wp\/v2\/pages\/22469"}],"wp:attachment":[{"href":"https:\/\/elfsight.com\/de\/wp-json\/wp\/v2\/media?parent=23021"}],"curies":[{"name":"wp","href":"https:\/\/api.w.org\/{rel}","templated":true}]}}