{"id":23019,"date":"2024-08-01T13:39:59","date_gmt":"2024-08-01T13:39:59","guid":{"rendered":"https:\/\/elfsight.com\/de\/?page_id=23019"},"modified":"2025-07-08T10:43:38","modified_gmt":"2025-07-08T10:43:38","slug":"iframe","status":"publish","type":"page","link":"https:\/\/elfsight.com\/de\/flipbook-widget\/iframe\/","title":{"rendered":"Flipbook &#8211; iFrame"},"content":{"rendered":"<div class=\"application-platform-content-item-description application-platform-content-item\" id=\"description\" data-nav-section=\"description\"> <h2>Flipbook mit einem Elfsight-Widget in iFrame einbetten<\/h2> <p>Das Flipbook-Widget f\u00fcr iFrame ist eine attraktive L\u00f6sung, um Bildmaterial auf der Website zu pr\u00e4sentieren. Das Widget verwandelt Ihre PDF-Dateien in interaktive Magazine mit animierten Seiten und erweiterter Navigation. Es wurde entwickelt, um Zeitschriften, Kataloge, Handb\u00fccher und Werbematerialien ansprechend zu pr\u00e4sentieren und so Markenbekanntheit und die Zug\u00e4nglichkeit der Inhalte zu erh\u00f6hen. <\/p><p>Sie k\u00f6nnen ganz einfach einen Link zu Ihrem PDF-Booklet versenden, es \u00fcber soziale Medien teilen und Nutzern eine einfache M\u00f6glichkeit zum Herunterladen oder Ausdrucken bieten. Das Widget ist zudem vollst\u00e4ndig anpassbar und passt sich Ihren Website- oder Markenfarben an. Das Flipbook wird sofort auf Ihren Seiten geladen und sieht auf jedem Ger\u00e4t fantastisch aus.<\/p><p><b>Organisieren Sie Ihr pers\u00f6nliches Album mit Bildmaterial f\u00fcr eine ansprechende Pr\u00e4sentation Ihrer Produkte und Erfolge. <\/b><\/p><\/div> <div class=\"application-platform-content-item-features application-platform-content-item\" id=\"features\" data-nav-section=\"features\"> <h2>Dies sind nur einige der wertvollen Widget-Funktionen: <\/h2><ul><li><b>Realistisches Umbl\u00e4ttern f\u00fcr eingebettete PDF-Dateien. <\/b> Sie k\u00f6nnen jede PDF-Datei hinzuf\u00fcgen, um sie mit realistischen Umbl\u00e4ttereffekten und Papierger\u00e4uschen zu animieren und so ein au\u00dfergew\u00f6hnliches Benutzererlebnis zu schaffen. <\/li><li><b>Suchen, hinein- und herauszoomen, zum Anfang oder Ende springen. <\/b>Das Flipbook bietet zahlreiche interaktive Schaltfl\u00e4chen und Elemente, um mit der Brosch\u00fcre zu arbeiten und sie nahtlos zu erkunden. <\/li><li><b>Den Katalog ganz einfach teilen, herunterladen oder drucken. <\/b>Es ist ganz einfach, einen Link zu Ihrem Katalog zu senden, ihn in sozialen Medien zu teilen oder dem Leser die M\u00f6glichkeit zu geben, ihn herunterzuladen und auszudrucken. <\/li><li><b>Mehr Ansichtsmodi f\u00fcr eine ansprechende Pr\u00e4sentation. <\/b>F\u00fcr das Flipbook stehen die Anzeigemodi Miniaturansicht, Einzelseite und Vollbild zur Verf\u00fcgung, um die Navigation noch weiter zu verbessern. <\/li><li><b>Verbesserte Anpassung, Optimierung und Lokalisierung. <\/b>Das Flipbook bietet verschiedene Anpassungsoptionen, sieht auf jedem Ger\u00e4t fantastisch aus und ist f\u00fcr 76 L\u00e4nder lokalisiert. <\/li><\/ul><p><a href=\"#demo\">Testen Sie alle Anpassungsoptionen in einer 100 % funktionsf\u00e4higen Demo.<\/a><\/p><\/div> <div class=\"application-platform-content-item-installation application-platform-content-item\" id=\"installation\" data-nav-section=\"installation\"> <h2>Wie bette ich Flipbook in meine iFrame-Webseite ein? <\/h2><p>Hier ist eine einfache Anleitung zum Einrichten des Widgets auf Ihrer iFrame-Website. Es dauert nur wenige Minuten und erfordert keine Programmierung.<\/p> <ol><li><strong>Erstellen Sie Ihr individuelles Flipbook-Widget<\/strong><br> Beginnen Sie mit einer beliebigen Vorlage im Editor, verkn\u00fcpfen Sie Ihr Profil oder die gew\u00fcnschten Hashtags und passen Sie das Widget nach Ihrem Wunschstil und mit Ihren Einstellungen an.<\/li><li><strong>Holen Sie sich den pers\u00f6nlichen Code zum Einbetten des Widgets<\/strong><br> Sobald Sie Ihr Widget erstellt haben, erhalten Sie einen individuellen HTML-Code in Ihrem Dashboard. Kopieren Sie den Code, der alle Details zur Anpassung Ihres Widgets enth\u00e4lt.<\/li> <li><strong>Zeigen Sie das Widget auf Ihrer iFrame-Website an<\/strong><br> Definieren Sie die Bereiche Ihrer Website, in denen das Widget angezeigt werden soll, und f\u00fcgen Sie den Code dort ein. Speichern Sie Ihre \u00c4nderungen.<\/li> <\/ol><p>Fertig! \u00dcberpr\u00fcfen Sie nun, wie das Widget auf Ihrer Website funktioniert.<\/p><p>Sollten beim Einbetten des Widgets in Ihre Website Probleme auftreten, wenden Sie sich einfach an unser Hilfecenter. Wir unterst\u00fctzen Sie gerne beim Hinzuf\u00fcgen und Verwalten Ihres Flipbooks.<\/p><\/div>","protected":false},"excerpt":{"rendered":"","protected":false},"author":9,"featured_media":0,"parent":22469,"menu_order":0,"comment_status":"closed","ping_status":"closed","template":"templates\/template-application-platform.php","meta":{"publish_to_discourse":"","publish_post_category":"","wpdc_auto_publish_overridden":"","wpdc_topic_tags":"","wpdc_pin_topic":"","wpdc_pin_until":"","discourse_post_id":"","discourse_permalink":"","wpdc_publishing_response":"","wpdc_publishing_error":"","footnotes":""},"class_list":["post-23019","page","type-page","status-publish","hentry"],"yoast_head":"<!-- This site is optimized with the Yoast SEO plugin v25.3.1 - https:\/\/yoast.com\/wordpress\/plugins\/seo\/ -->\n<title>Flipbook-Widget f\u00fcr iFrame \u2013 Interaktive Kataloge in die Website einbetten<\/title>\n<meta name=\"description\" content=\"F\u00fcgen Sie Ihrer iFrame-Website ein Flipbook-Widget ohne Code hinzu. Nutzen Sie die Kurzdemo von Elfsight, um m\u00fchelos Ihre individuelle L\u00f6sung zu erstellen.\" \/>\n<meta name=\"robots\" content=\"index, follow, max-snippet:-1, max-image-preview:large, max-video-preview:-1\" \/>\n<link rel=\"canonical\" href=\"https:\/\/elfsight.com\/de\/flipbook-widget\/iframe\/\" \/>\n<meta property=\"og:locale\" content=\"de_DE\" \/>\n<meta property=\"og:type\" content=\"article\" \/>\n<meta property=\"og:title\" content=\"Flipbook-Widget f\u00fcr iFrame \u2013 Interaktive Kataloge in die Website einbetten\" \/>\n<meta property=\"og:description\" content=\"F\u00fcgen Sie Ihrer iFrame-Website ein Flipbook-Widget ohne Code hinzu. Nutzen Sie die Kurzdemo von Elfsight, um m\u00fchelos Ihre individuelle L\u00f6sung zu erstellen.\" \/>\n<meta property=\"og:url\" content=\"https:\/\/elfsight.com\/de\/flipbook-widget\/iframe\/\" \/>\n<meta property=\"og:site_name\" content=\"Elfsight DE\" \/>\n<meta property=\"article:modified_time\" content=\"2025-07-08T10:43:38+00:00\" \/>\n<meta name=\"twitter:card\" content=\"summary_large_image\" \/>\n<meta name=\"twitter:label1\" content=\"Gesch\u00e4tzte Lesezeit\" \/>\n\t<meta name=\"twitter:data1\" content=\"3\u00a0Minuten\" \/>\n<!-- \/ Yoast SEO plugin. -->","yoast_head_json":{"title":"Flipbook-Widget f\u00fcr iFrame \u2013 Interaktive Kataloge in die Website einbetten","description":"F\u00fcgen Sie Ihrer iFrame-Website ein Flipbook-Widget ohne Code hinzu. Nutzen Sie die Kurzdemo von Elfsight, um m\u00fchelos Ihre individuelle L\u00f6sung zu erstellen.","robots":{"index":"index","follow":"follow","max-snippet":"max-snippet:-1","max-image-preview":"max-image-preview:large","max-video-preview":"max-video-preview:-1"},"canonical":"https:\/\/elfsight.com\/de\/flipbook-widget\/iframe\/","og_locale":"de_DE","og_type":"article","og_title":"Flipbook-Widget f\u00fcr iFrame \u2013 Interaktive Kataloge in die Website einbetten","og_description":"F\u00fcgen Sie Ihrer iFrame-Website ein Flipbook-Widget ohne Code hinzu. Nutzen Sie die Kurzdemo von Elfsight, um m\u00fchelos Ihre individuelle L\u00f6sung zu erstellen.","og_url":"https:\/\/elfsight.com\/de\/flipbook-widget\/iframe\/","og_site_name":"Elfsight DE","article_modified_time":"2025-07-08T10:43:38+00:00","twitter_card":"summary_large_image","twitter_misc":{"Gesch\u00e4tzte Lesezeit":"3\u00a0Minuten"},"schema":{"@context":"https:\/\/schema.org","@graph":[{"@type":"WebPage","@id":"https:\/\/elfsight.com\/de\/flipbook-widget\/iframe\/","url":"https:\/\/elfsight.com\/de\/flipbook-widget\/iframe\/","name":"Flipbook-Widget f\u00fcr iFrame \u2013 Interaktive Kataloge in die Website einbetten","isPartOf":{"@id":"https:\/\/elfsight.com\/de\/#website"},"datePublished":"2024-08-01T13:39:59+00:00","dateModified":"2025-07-08T10:43:38+00:00","description":"F\u00fcgen Sie Ihrer iFrame-Website ein Flipbook-Widget ohne Code hinzu. Nutzen Sie die Kurzdemo von Elfsight, um m\u00fchelos Ihre individuelle L\u00f6sung zu erstellen.","breadcrumb":{"@id":"https:\/\/elfsight.com\/de\/flipbook-widget\/iframe\/#breadcrumb"},"inLanguage":"de","potentialAction":[{"@type":"ReadAction","target":["https:\/\/elfsight.com\/de\/flipbook-widget\/iframe\/"]}]},{"@type":"BreadcrumbList","@id":"https:\/\/elfsight.com\/de\/flipbook-widget\/iframe\/#breadcrumb","itemListElement":[{"@type":"ListItem","position":1,"name":"Home","item":"https:\/\/elfsight.com\/de\/"},{"@type":"ListItem","position":2,"name":"Flipbook","item":"https:\/\/elfsight.com\/de\/flipbook-widget\/"},{"@type":"ListItem","position":3,"name":"Flipbook &#8211; iFrame"}]},{"@type":"WebSite","@id":"https:\/\/elfsight.com\/de\/#website","url":"https:\/\/elfsight.com\/de\/","name":"Elfsight DE","description":"Just another Elfsight Sites site","potentialAction":[{"@type":"SearchAction","target":{"@type":"EntryPoint","urlTemplate":"https:\/\/elfsight.com\/de\/?s={search_term_string}"},"query-input":{"@type":"PropertyValueSpecification","valueRequired":true,"valueName":"search_term_string"}}],"inLanguage":"de"}]}},"meta_box":{"industry":"","seo_heading":"","heading":"","description":"","cta_heading":"","cta_description":"","application":"22464","h1":"iFrame Flipbook-Widget","h1_caption":"Wandeln Sie PDFs oder Bilder in interaktive Flipbooks um und bieten Sie so eine ansprechendere M\u00f6glichkeit, Dokumente oder Kataloge m\u00fchelos auf Ihrer iFrame-Website zu pr\u00e4sentieren.","application_category":[],"applications_title":"","applications_request_title":"","applications_request_button_text":"","hero_text":"","hero_video":"","hero_video_schema_markup":"","selling_points_title":"","selling_points_caption":"","selling_points":[],"selling_points_cta_text":"","features_title":"","features":"","ed_cta_examples_text":"","ed_cta_examples_hidden":"","ed_cta_demo_text":"","ed_cta_demo_hidden":"","why_caption":"","why_editor_title":"","why_editor_text":"","why_team_title":"","why_team_text":"","why_service_title":"","why_service_text":"","template_catalog_visible":"0","template_catalog_title":"","template_catalog_text":"","template_catalog_categories_visible":"","demo_title":"Erstellen Sie Ihr Flipbook-Widget","demo_caption":"Konfigurieren Sie Ihr Flipbook und f\u00fcgen Sie es kostenlos zu Ihrer iFrame-Website hinzu!","default_faq_hidden":"","app_template_category":[],"platform":"240","template_public_id":"","codecanyon_url":"","codecanyon_item_id":"","codecanyon_price":"","pricing_caption":"","pricing_elfsight_apps_hide_column":"","pricing_elfsight_apps_url":"","pricing_codecanyon_price_caption":"","integration_category":[],"integration_request_title":"","integration_request_cta":"","integration_platform":"","integrations":[],"platform_category":[],"video_schema_markup":"","price":"ab 0 $ \/ Monat","trial":"","benefits":[{"text":"Kostenlose Installationshilfe"},{"text":"Kompetenter Kundenservice"},{"text":"14-t\u00e4gige Geld-zur\u00fcck-Garantie"},{"text":"Kontinuierliche Verbesserungen"}],"button_url":"#demo","button_target_blank":"0","button_nofollow":"","attributes":[{"name":"Installationen","content":"50,000 - 100,000","_state":""},{"name":"Reaktionsschnell","content":"Ja","_state":""},{"name":"Kompatible Browser","content":"Firefox, Safari, Opera, Chrome, Edge","_state":""}],"tags":[],"tags_disable_links":"","hide_more_platforms":"","video_object":"","demo_hide_cta":"","demo_hide_cloud_options":"","pricing_title":"","pricing":[{"pricing_icon":"platform","pricing_title":"Elfsight Apps","pricing_title_caption":"Plattform\u00fcbergreifende digitale L\u00f6sung, die auf jeder Website funktioniert","pricing_price":"ab 0 $ \/ Monat","pricing_price_caption":"Beginnen Sie mit einem kostenlosen Plan","pricing_benefits":[{"text":"Unbegrenzte Domains"},{"text":"Kostenloser Unternehmenssupport"},{"text":"Kostenlose Installationsunterst\u00fctzung"},{"text":"Vollst\u00e4ndig anpassbar"}],"pricing_button_text":"Zur Website hinzuf\u00fcgen","pricing_button_url":"#demo"}],"related_apps_title":"","related_apps_hidden":"","author":"","image":[],"title":"","job":"","social_networks":[]},"_links":{"self":[{"href":"https:\/\/elfsight.com\/de\/wp-json\/wp\/v2\/pages\/23019","targetHints":{"allow":["GET"]}}],"collection":[{"href":"https:\/\/elfsight.com\/de\/wp-json\/wp\/v2\/pages"}],"about":[{"href":"https:\/\/elfsight.com\/de\/wp-json\/wp\/v2\/types\/page"}],"author":[{"embeddable":true,"href":"https:\/\/elfsight.com\/de\/wp-json\/wp\/v2\/users\/9"}],"replies":[{"embeddable":true,"href":"https:\/\/elfsight.com\/de\/wp-json\/wp\/v2\/comments?post=23019"}],"version-history":[{"count":2,"href":"https:\/\/elfsight.com\/de\/wp-json\/wp\/v2\/pages\/23019\/revisions"}],"predecessor-version":[{"id":25300,"href":"https:\/\/elfsight.com\/de\/wp-json\/wp\/v2\/pages\/23019\/revisions\/25300"}],"up":[{"embeddable":true,"href":"https:\/\/elfsight.com\/de\/wp-json\/wp\/v2\/pages\/22469"}],"wp:attachment":[{"href":"https:\/\/elfsight.com\/de\/wp-json\/wp\/v2\/media?parent=23019"}],"curies":[{"name":"wp","href":"https:\/\/api.w.org\/{rel}","templated":true}]}}