{"id":23006,"date":"2024-08-02T06:43:54","date_gmt":"2024-08-02T06:43:54","guid":{"rendered":"https:\/\/elfsight.com\/de\/?page_id=23006"},"modified":"2025-07-08T10:42:44","modified_gmt":"2025-07-08T10:42:44","slug":"bigcommerce","status":"publish","type":"page","link":"https:\/\/elfsight.com\/de\/flipbook-widget\/bigcommerce\/","title":{"rendered":"Flipbook &#8211; BigCommerce"},"content":{"rendered":"<div class=\"application-platform-content-item-description application-platform-content-item\" id=\"description\" data-nav-section=\"description\"> <h2>Flipbook mit einer Elfsight-App in BigCommerce einbetten<\/h2> <p>Die Flipbook-App f\u00fcr BigCommerce ist eine praktische Methode, um visuelle Materialien auf der Website zu pr\u00e4sentieren. Die App verwandelt Ihre PDF-Dateien in lebendige Kataloge mit animierten Seiten und erweiterter Navigation. Sie dient dazu, Zeitschriften, Kataloge, Handb\u00fccher und Werbematerialien dem Betrachter auf ansprechende Weise zu pr\u00e4sentieren und so die Markenbekanntheit und die Zug\u00e4nglichkeit der Inhalte zu erh\u00f6hen. <\/p><p>Sie k\u00f6nnen ganz einfach einen Link zu Ihrem PDF-Magazin versenden, es in sozialen Medien teilen und Nutzern eine \u00fcbersichtliche M\u00f6glichkeit zum Drucken oder Herunterladen bieten. Dar\u00fcber hinaus ist die App vollst\u00e4ndig anpassbar, um zu Ihrer Website oder Ihrem Markenstil zu passen. Das Flipbook l\u00e4dt schnell auf Ihren Seiten und sieht auf jedem Ger\u00e4t ansprechend aus. <\/p><p><b>Verbessern Sie die Qualit\u00e4t Ihrer Produkt- und Leistungspr\u00e4sentation mit dem pers\u00f6nlichen interaktiven Booklet. <\/b><\/p><\/div> <div class=\"application-platform-content-item-features application-platform-content-item\" id=\"features\" data-nav-section=\"features\"> <h2>Die App bietet praktische und schnelle Funktionen. Sehen Sie sich einige davon an: <\/h2><ul><li><b>Realistisches Umbl\u00e4ttern f\u00fcr Ihr hinzugef\u00fcgtes PDF. <\/b> Sie k\u00f6nnen jede PDF-Datei hinzuf\u00fcgen, um sie mit realistischen Umbl\u00e4ttereffekten und Papierger\u00e4uschen zu animieren und so ein zufriedenstellendes Kundenerlebnis zu schaffen. <\/li><li><b>Suchen, hinein- und herauszoomen, zum Anfang oder Ende springen. <\/b>Das Flipbook bietet mehrere interaktive Schaltfl\u00e4chen und Optionen, um mit dem Katalog zu arbeiten und ihn bequem zu pr\u00fcfen. <\/li><li><b>Teilen, herunterladen oder drucken Sie das Booklet m\u00fchelos. <\/b>Es ist m\u00f6glich, einen Link zu Ihrem Katalog zu senden, ihn in sozialen Medien zu teilen oder dem Betrachter die M\u00f6glichkeit zum Herunterladen und Drucken zu bieten. <\/li><li><b>Zus\u00e4tzliche Ansichtsmodi f\u00fcr eine bessere Pr\u00e4sentation. <\/b>Im Flipbook sind die Anzeigemodi Miniaturansicht, Einzelseite und Vollbild verf\u00fcgbar, um die Navigation noch weiter zu verbessern. <\/li><li><b>Verbesserte Anpassung, Optimierung und Lokalisierung. <\/b>Das Flipbook bietet zahlreiche Anpassungseinstellungen, sieht auf jedem Ger\u00e4t perfekt aus und ist f\u00fcr 76 L\u00e4nder lokalisiert. <\/li><\/ul><p><a href=\"#demo\">Sie k\u00f6nnen die Funktionen der App mithilfe der Demo testen.<\/a><\/p><\/div> <div class=\"application-platform-content-item-installation application-platform-content-item\" id=\"installation\" data-nav-section=\"installation\"> <h2>Wie kann ich Flipbook in meine BigCommerce-Seiten einbetten? <\/h2><p>Sehen Sie sich diese einfache M\u00f6glichkeit an, die App auf Ihrer BigCommerce-Website einzurichten. Es dauert nur ein paar Minuten und erfordert keine Programmierung.<\/p> <ol><li><strong>Erstellen Sie Ihre pers\u00f6nliche Flipbook-App<\/strong><br> Beginnen Sie mit einer beliebigen Vorlage im Editor, verbinden Sie Ihr Profil oder die gew\u00fcnschten Hashtags und passen Sie die App an Ihren bevorzugten Stil und Ihre bevorzugten Optionen an.<\/li><li><strong>Erhalten Sie den pers\u00f6nlichen Code zum Einbetten der App<\/strong><br> Sobald Sie die App erstellt haben, erhalten Sie einen individuellen HTML-Code in Ihrem Dashboard. Kopieren Sie den Code, der alle Informationen zu den Einstellungen Ihrer App enth\u00e4lt.<\/li> <li><strong>Pr\u00e4sentieren Sie die App auf Ihrer BigCommerce-Website<\/strong><br> W\u00e4hlen Sie die Bereiche Ihrer Website aus, in denen Sie die App pr\u00e4sentieren m\u00f6chten, und f\u00fcgen Sie den Code dort ein. Speichern Sie Ihre \u00c4nderungen.<\/li> <\/ol><p>Das ist alles! \u00dcberpr\u00fcfen Sie jetzt, wie die App auf Ihrer Website funktioniert.<\/p><p>Sollten beim Einbetten der App in Ihre Website Probleme auftreten, wenden Sie sich einfach an unsere Support-Manager. Wir beraten Sie gerne bei der Einbindung und Anpassung Ihres Flipbooks.<\/p><\/div>","protected":false},"excerpt":{"rendered":"","protected":false},"author":9,"featured_media":0,"parent":22469,"menu_order":0,"comment_status":"closed","ping_status":"closed","template":"templates\/template-application-platform.php","meta":{"publish_to_discourse":"","publish_post_category":"","wpdc_auto_publish_overridden":"","wpdc_topic_tags":"","wpdc_pin_topic":"","wpdc_pin_until":"","discourse_post_id":"","discourse_permalink":"","wpdc_publishing_response":"","wpdc_publishing_error":"","footnotes":""},"class_list":["post-23006","page","type-page","status-publish","hentry"],"yoast_head":"<!-- This site is optimized with the Yoast SEO plugin v25.3.1 - https:\/\/yoast.com\/wordpress\/plugins\/seo\/ -->\n<title>Flipbook-App f\u00fcr BigCommerce \u2013 Betten Sie wunderbare Zeitschriften in die Website ein<\/title>\n<meta name=\"description\" content=\"F\u00fcgen Sie Ihrer BigCommerce-Website eine Flipbook-App ohne Code hinzu. Sehen Sie sich die Kurzdemo von Elfsight an, um m\u00fchelos Ihre individuelle L\u00f6sung zu erstellen.\" \/>\n<meta name=\"robots\" content=\"index, follow, max-snippet:-1, max-image-preview:large, max-video-preview:-1\" \/>\n<link rel=\"canonical\" href=\"https:\/\/elfsight.com\/de\/flipbook-widget\/bigcommerce\/\" \/>\n<meta property=\"og:locale\" content=\"de_DE\" \/>\n<meta property=\"og:type\" content=\"article\" \/>\n<meta property=\"og:title\" content=\"Flipbook-App f\u00fcr BigCommerce \u2013 Betten Sie wunderbare Zeitschriften in die Website ein\" \/>\n<meta property=\"og:description\" content=\"F\u00fcgen Sie Ihrer BigCommerce-Website eine Flipbook-App ohne Code hinzu. Sehen Sie sich die Kurzdemo von Elfsight an, um m\u00fchelos Ihre individuelle L\u00f6sung zu erstellen.\" \/>\n<meta property=\"og:url\" content=\"https:\/\/elfsight.com\/de\/flipbook-widget\/bigcommerce\/\" \/>\n<meta property=\"og:site_name\" content=\"Elfsight DE\" \/>\n<meta property=\"article:modified_time\" content=\"2025-07-08T10:42:44+00:00\" \/>\n<meta name=\"twitter:card\" content=\"summary_large_image\" \/>\n<meta name=\"twitter:label1\" content=\"Gesch\u00e4tzte Lesezeit\" \/>\n\t<meta name=\"twitter:data1\" content=\"3\u00a0Minuten\" \/>\n<!-- \/ Yoast SEO plugin. -->","yoast_head_json":{"title":"Flipbook-App f\u00fcr BigCommerce \u2013 Betten Sie wunderbare Zeitschriften in die Website ein","description":"F\u00fcgen Sie Ihrer BigCommerce-Website eine Flipbook-App ohne Code hinzu. Sehen Sie sich die Kurzdemo von Elfsight an, um m\u00fchelos Ihre individuelle L\u00f6sung zu erstellen.","robots":{"index":"index","follow":"follow","max-snippet":"max-snippet:-1","max-image-preview":"max-image-preview:large","max-video-preview":"max-video-preview:-1"},"canonical":"https:\/\/elfsight.com\/de\/flipbook-widget\/bigcommerce\/","og_locale":"de_DE","og_type":"article","og_title":"Flipbook-App f\u00fcr BigCommerce \u2013 Betten Sie wunderbare Zeitschriften in die Website ein","og_description":"F\u00fcgen Sie Ihrer BigCommerce-Website eine Flipbook-App ohne Code hinzu. Sehen Sie sich die Kurzdemo von Elfsight an, um m\u00fchelos Ihre individuelle L\u00f6sung zu erstellen.","og_url":"https:\/\/elfsight.com\/de\/flipbook-widget\/bigcommerce\/","og_site_name":"Elfsight DE","article_modified_time":"2025-07-08T10:42:44+00:00","twitter_card":"summary_large_image","twitter_misc":{"Gesch\u00e4tzte Lesezeit":"3\u00a0Minuten"},"schema":{"@context":"https:\/\/schema.org","@graph":[{"@type":"WebPage","@id":"https:\/\/elfsight.com\/de\/flipbook-widget\/bigcommerce\/","url":"https:\/\/elfsight.com\/de\/flipbook-widget\/bigcommerce\/","name":"Flipbook-App f\u00fcr BigCommerce \u2013 Betten Sie wunderbare Zeitschriften in die Website ein","isPartOf":{"@id":"https:\/\/elfsight.com\/de\/#website"},"datePublished":"2024-08-02T06:43:54+00:00","dateModified":"2025-07-08T10:42:44+00:00","description":"F\u00fcgen Sie Ihrer BigCommerce-Website eine Flipbook-App ohne Code hinzu. Sehen Sie sich die Kurzdemo von Elfsight an, um m\u00fchelos Ihre individuelle L\u00f6sung zu erstellen.","breadcrumb":{"@id":"https:\/\/elfsight.com\/de\/flipbook-widget\/bigcommerce\/#breadcrumb"},"inLanguage":"de","potentialAction":[{"@type":"ReadAction","target":["https:\/\/elfsight.com\/de\/flipbook-widget\/bigcommerce\/"]}]},{"@type":"BreadcrumbList","@id":"https:\/\/elfsight.com\/de\/flipbook-widget\/bigcommerce\/#breadcrumb","itemListElement":[{"@type":"ListItem","position":1,"name":"Home","item":"https:\/\/elfsight.com\/de\/"},{"@type":"ListItem","position":2,"name":"Flipbook","item":"https:\/\/elfsight.com\/de\/flipbook-widget\/"},{"@type":"ListItem","position":3,"name":"Flipbook &#8211; BigCommerce"}]},{"@type":"WebSite","@id":"https:\/\/elfsight.com\/de\/#website","url":"https:\/\/elfsight.com\/de\/","name":"Elfsight DE","description":"Just another Elfsight Sites site","potentialAction":[{"@type":"SearchAction","target":{"@type":"EntryPoint","urlTemplate":"https:\/\/elfsight.com\/de\/?s={search_term_string}"},"query-input":{"@type":"PropertyValueSpecification","valueRequired":true,"valueName":"search_term_string"}}],"inLanguage":"de"}]}},"meta_box":{"industry":"","seo_heading":"","heading":"","description":"","cta_heading":"","cta_description":"","application":"22464","h1":"BigCommerce Flipbook-App","h1_caption":"Konvertieren Sie PDFs oder Bilder in interaktive Flipbooks und bieten Sie so eine ansprechendere M\u00f6glichkeit, Dokumente oder Kataloge m\u00fchelos auf Ihrer BigCommerce-Website zu pr\u00e4sentieren.","application_category":[],"applications_title":"","applications_request_title":"","applications_request_button_text":"","hero_text":"","hero_video":"","hero_video_schema_markup":"","selling_points_title":"","selling_points_caption":"","selling_points":[],"selling_points_cta_text":"","features_title":"","features":"","ed_cta_examples_text":"","ed_cta_examples_hidden":"","ed_cta_demo_text":"","ed_cta_demo_hidden":"","why_caption":"","why_editor_title":"","why_editor_text":"","why_team_title":"","why_team_text":"","why_service_title":"","why_service_text":"","template_catalog_visible":"0","template_catalog_title":"","template_catalog_text":"","template_catalog_categories_visible":"","demo_title":"Erstellen Sie Ihre Flipbook-App","demo_caption":"Konfigurieren Sie Ihr Flipbook und f\u00fcgen Sie es kostenlos zu Ihrer BigCommerce-Website hinzu!","default_faq_hidden":"","app_template_category":[],"platform":"268","template_public_id":"","codecanyon_url":"","codecanyon_item_id":"","codecanyon_price":"","pricing_caption":"","pricing_elfsight_apps_hide_column":"","pricing_elfsight_apps_url":"","pricing_codecanyon_price_caption":"","integration_category":[],"integration_request_title":"","integration_request_cta":"","integration_platform":"","integrations":[],"platform_category":[],"video_schema_markup":"","price":"ab 0 $ \/ Monat","trial":"","benefits":[{"text":"Kostenlose Installationshilfe"},{"text":"Effektiver Kundenservice"},{"text":"14-t\u00e4gige Geld-zur\u00fcck-Garantie"},{"text":"Kontinuierliche Weiterentwicklung"}],"button_url":"#demo","button_target_blank":"0","button_nofollow":"","attributes":[{"name":"Installationen","content":"50,000 - 100,000","_state":""},{"name":"Reaktionsschnell","content":"Ja","_state":""},{"name":"Kompatible Browser","content":"Firefox, Safari, Opera, Chrome, Edge","_state":""}],"tags":[],"tags_disable_links":"","hide_more_platforms":"","video_object":"","demo_hide_cta":"","demo_hide_cloud_options":"","pricing_title":"","pricing":[{"pricing_icon":"platform","pricing_title":"Elfsight Apps","pricing_title_caption":"Multiplattforml\u00f6sung, die auf jeder Website funktioniert","pricing_price":"ab 0 $ \/ Monat","pricing_price_caption":"Beginnen Sie mit einem kostenlosen Plan","pricing_benefits":[{"text":"Unbegrenzte Domains"},{"text":"Schneller und p\u00fcnktlicher Support"},{"text":"Kostenloser Installationsservice"},{"text":"100 % anpassbar"}],"pricing_button_text":"Zur Website hinzuf\u00fcgen","pricing_button_url":"#demo"}],"related_apps_title":"","related_apps_hidden":"","author":"","image":[],"title":"","job":"","social_networks":[]},"_links":{"self":[{"href":"https:\/\/elfsight.com\/de\/wp-json\/wp\/v2\/pages\/23006","targetHints":{"allow":["GET"]}}],"collection":[{"href":"https:\/\/elfsight.com\/de\/wp-json\/wp\/v2\/pages"}],"about":[{"href":"https:\/\/elfsight.com\/de\/wp-json\/wp\/v2\/types\/page"}],"author":[{"embeddable":true,"href":"https:\/\/elfsight.com\/de\/wp-json\/wp\/v2\/users\/9"}],"replies":[{"embeddable":true,"href":"https:\/\/elfsight.com\/de\/wp-json\/wp\/v2\/comments?post=23006"}],"version-history":[{"count":2,"href":"https:\/\/elfsight.com\/de\/wp-json\/wp\/v2\/pages\/23006\/revisions"}],"predecessor-version":[{"id":25295,"href":"https:\/\/elfsight.com\/de\/wp-json\/wp\/v2\/pages\/23006\/revisions\/25295"}],"up":[{"embeddable":true,"href":"https:\/\/elfsight.com\/de\/wp-json\/wp\/v2\/pages\/22469"}],"wp:attachment":[{"href":"https:\/\/elfsight.com\/de\/wp-json\/wp\/v2\/media?parent=23006"}],"curies":[{"name":"wp","href":"https:\/\/api.w.org\/{rel}","templated":true}]}}