{"id":23005,"date":"2024-08-02T06:47:41","date_gmt":"2024-08-02T06:47:41","guid":{"rendered":"https:\/\/elfsight.com\/de\/?page_id=23005"},"modified":"2025-07-08T10:42:49","modified_gmt":"2025-07-08T10:42:49","slug":"blogger","status":"publish","type":"page","link":"https:\/\/elfsight.com\/de\/flipbook-widget\/blogger\/","title":{"rendered":"Flipbook &#8211; Blogger"},"content":{"rendered":"<div class=\"application-platform-content-item-description application-platform-content-item\" id=\"description\" data-nav-section=\"description\"> <h2>Flipbook mit einem Elfsight-Widget in Blogger einbetten<\/h2> <p>Das Flipbook-Widget f\u00fcr Blogger ist eine clevere Methode, visuelle Materialien auf der Website zu pr\u00e4sentieren. Das Widget verwandelt Ihre PDF-Dateien in interaktive Brosch\u00fcren mit animierten Seiten und benutzerfreundlicher Navigation. Es hilft Ihnen, Zeitschriften, Kataloge, Handb\u00fccher und Werbematerialien ansprechend zu pr\u00e4sentieren und so die Markenbekanntheit und die Zug\u00e4nglichkeit der Inhalte zu verbessern. <\/p><p>Sie k\u00f6nnen ganz einfach einen Link zu Ihrer PDF-Brosch\u00fcre versenden, sie in sozialen Medien teilen und Nutzern eine \u00fcbersichtliche M\u00f6glichkeit zum Drucken oder Herunterladen bieten. Dar\u00fcber hinaus ist das Widget vollst\u00e4ndig anpassbar, um es an Ihre Website oder Ihre Markenfarben anzupassen. Das Flipbook wird sofort auf Ihren Seiten geladen und sieht auf jedem Ger\u00e4t fantastisch aus. <\/p><p><b>Erstellen Sie Ihren pers\u00f6nlichen Katalog f\u00fcr eine ansprechende Pr\u00e4sentation Ihrer Produkte und Erfolge. <\/b><\/p><\/div> <div class=\"application-platform-content-item-features application-platform-content-item\" id=\"features\" data-nav-section=\"features\"> <h2>Das Widget bietet wertvolle und unkomplizierte Funktionen. Sehen Sie sich einige davon an: <\/h2><ul><li><b>Realistisches Umbl\u00e4ttern f\u00fcr Ihre eingebetteten PDF-Dateien. <\/b> Sie k\u00f6nnen jede beliebige PDF-Datei hinzuf\u00fcgen, um sie mit authentischen Umbl\u00e4ttereffekten und Papierger\u00e4uschen zu animieren und so ein au\u00dfergew\u00f6hnliches Benutzererlebnis zu schaffen. <\/li><li><b>Suchen, hinein- und herauszoomen, zum Anfang oder Ende springen. <\/b>Das Flipbook verf\u00fcgt \u00fcber verschiedene interaktive Schaltfl\u00e4chen und Elemente, um mit dem Katalog zu arbeiten und ihn nahtlos zu erkunden. <\/li><li><b>Teilen, herunterladen oder drucken Sie das Booklet ganz einfach. <\/b>Es ist ganz einfach, einen Link zu Ihrem Katalog zu senden, ihn in sozialen Medien zu teilen oder dem Betrachter die M\u00f6glichkeit zum Herunterladen und Ausdrucken zu geben. <\/li><li><b>Zus\u00e4tzliche Ansichtsmodi f\u00fcr eine bessere Pr\u00e4sentation. <\/b>F\u00fcr das Flipbook sind die Anzeigemodi Miniaturansicht, Einzelseite und Vollbild verf\u00fcgbar, um die Navigation noch weiter zu verbessern. <\/li><li><b>Verbesserte Anpassung, Optimierung und Lokalisierung. <\/b>Das Flipbook bietet verschiedene Anpassungsoptionen, sieht auf jedem Ger\u00e4t fantastisch aus und ist f\u00fcr 76 L\u00e4nder lokalisiert. <\/li><\/ul><p><a href=\"#demo\">Mithilfe der Demo k\u00f6nnen Sie herausfinden, wie das Widget funktioniert.<\/a><\/p><\/div> <div class=\"application-platform-content-item-installation application-platform-content-item\" id=\"installation\" data-nav-section=\"installation\"> <h2>Wie integriere ich Flipbook in meine Blogger-Seiten? <\/h2><p>Hier finden Sie diese einfache Anleitung zum Einbetten des Widgets in Ihre Blogger-Website. Es dauert nur wenige Minuten und erfordert keine Programmierung.<\/p> <ol><li><strong>Erstellen Sie Ihr individuelles Flipbook-Widget<\/strong><br> Beginnen Sie mit einer beliebigen Vorlage im Editor, verbinden Sie Ihr Profil oder die gew\u00fcnschten Hashtags und passen Sie das Widget an Ihren gew\u00fcnschten Stil und Ihre gew\u00fcnschten Optionen an.<\/li><li><strong>Holen Sie sich den pers\u00f6nlichen Code zum Einbetten des Widgets<\/strong><br> Sobald Sie Ihr Widget erstellt haben, erhalten Sie einen individuellen HTML-Code in Ihrem Dashboard. Kopieren Sie diesen Code, der alle Informationen zur Anpassung Ihres Widgets enth\u00e4lt.<\/li> <li><strong>Zeigen Sie das Widget auf Ihrer Blogger-Website an<\/strong><br> Definieren Sie die Bereiche Ihrer Website, in denen das Widget angezeigt werden soll, und f\u00fcgen Sie den Code dort ein. Speichern Sie die \u00c4nderungen.<\/li> <\/ol><p>Das ist alles! \u00dcberpr\u00fcfen Sie jetzt die Leistung des Widgets auf Ihrer Website.<\/p><p>Sollten Sie beim Einbetten des Widgets in Ihre Website auf Schwierigkeiten sto\u00dfen, z\u00f6gern Sie nicht, unseren Kundenservice zu kontaktieren. Wir f\u00fchren Sie gerne durch das Hinzuf\u00fcgen und Verwalten Ihres Flipbooks.<\/p><\/div>","protected":false},"excerpt":{"rendered":"","protected":false},"author":9,"featured_media":0,"parent":22469,"menu_order":0,"comment_status":"closed","ping_status":"closed","template":"templates\/template-application-platform.php","meta":{"publish_to_discourse":"","publish_post_category":"","wpdc_auto_publish_overridden":"","wpdc_topic_tags":"","wpdc_pin_topic":"","wpdc_pin_until":"","discourse_post_id":"","discourse_permalink":"","wpdc_publishing_response":"","wpdc_publishing_error":"","footnotes":""},"class_list":["post-23005","page","type-page","status-publish","hentry"],"yoast_head":"<!-- This site is optimized with the Yoast SEO plugin v25.3.1 - https:\/\/yoast.com\/wordpress\/plugins\/seo\/ -->\n<title>Flipbook-Widget f\u00fcr Blogger \u2013 Betten Sie farbenfrohe Brosch\u00fcren in die Website ein<\/title>\n<meta name=\"description\" content=\"F\u00fcgen Sie Ihrer Blogger-Website ein nahtloses Flipbook-Widget hinzu. Testen Sie die einfache Demo von Elfsight, um ganz einfach Ihre individuelle L\u00f6sung zu erstellen.\" \/>\n<meta name=\"robots\" content=\"index, follow, max-snippet:-1, max-image-preview:large, max-video-preview:-1\" \/>\n<link rel=\"canonical\" href=\"https:\/\/elfsight.com\/de\/flipbook-widget\/blogger\/\" \/>\n<meta property=\"og:locale\" content=\"de_DE\" \/>\n<meta property=\"og:type\" content=\"article\" \/>\n<meta property=\"og:title\" content=\"Flipbook-Widget f\u00fcr Blogger \u2013 Betten Sie farbenfrohe Brosch\u00fcren in die Website ein\" \/>\n<meta property=\"og:description\" content=\"F\u00fcgen Sie Ihrer Blogger-Website ein nahtloses Flipbook-Widget hinzu. Testen Sie die einfache Demo von Elfsight, um ganz einfach Ihre individuelle L\u00f6sung zu erstellen.\" \/>\n<meta property=\"og:url\" content=\"https:\/\/elfsight.com\/de\/flipbook-widget\/blogger\/\" \/>\n<meta property=\"og:site_name\" content=\"Elfsight DE\" \/>\n<meta property=\"article:modified_time\" content=\"2025-07-08T10:42:49+00:00\" \/>\n<meta name=\"twitter:card\" content=\"summary_large_image\" \/>\n<meta name=\"twitter:label1\" content=\"Gesch\u00e4tzte Lesezeit\" \/>\n\t<meta name=\"twitter:data1\" content=\"3\u00a0Minuten\" \/>\n<!-- \/ Yoast SEO plugin. -->","yoast_head_json":{"title":"Flipbook-Widget f\u00fcr Blogger \u2013 Betten Sie farbenfrohe Brosch\u00fcren in die Website ein","description":"F\u00fcgen Sie Ihrer Blogger-Website ein nahtloses Flipbook-Widget hinzu. Testen Sie die einfache Demo von Elfsight, um ganz einfach Ihre individuelle L\u00f6sung zu erstellen.","robots":{"index":"index","follow":"follow","max-snippet":"max-snippet:-1","max-image-preview":"max-image-preview:large","max-video-preview":"max-video-preview:-1"},"canonical":"https:\/\/elfsight.com\/de\/flipbook-widget\/blogger\/","og_locale":"de_DE","og_type":"article","og_title":"Flipbook-Widget f\u00fcr Blogger \u2013 Betten Sie farbenfrohe Brosch\u00fcren in die Website ein","og_description":"F\u00fcgen Sie Ihrer Blogger-Website ein nahtloses Flipbook-Widget hinzu. Testen Sie die einfache Demo von Elfsight, um ganz einfach Ihre individuelle L\u00f6sung zu erstellen.","og_url":"https:\/\/elfsight.com\/de\/flipbook-widget\/blogger\/","og_site_name":"Elfsight DE","article_modified_time":"2025-07-08T10:42:49+00:00","twitter_card":"summary_large_image","twitter_misc":{"Gesch\u00e4tzte Lesezeit":"3\u00a0Minuten"},"schema":{"@context":"https:\/\/schema.org","@graph":[{"@type":"WebPage","@id":"https:\/\/elfsight.com\/de\/flipbook-widget\/blogger\/","url":"https:\/\/elfsight.com\/de\/flipbook-widget\/blogger\/","name":"Flipbook-Widget f\u00fcr Blogger \u2013 Betten Sie farbenfrohe Brosch\u00fcren in die Website ein","isPartOf":{"@id":"https:\/\/elfsight.com\/de\/#website"},"datePublished":"2024-08-02T06:47:41+00:00","dateModified":"2025-07-08T10:42:49+00:00","description":"F\u00fcgen Sie Ihrer Blogger-Website ein nahtloses Flipbook-Widget hinzu. Testen Sie die einfache Demo von Elfsight, um ganz einfach Ihre individuelle L\u00f6sung zu erstellen.","breadcrumb":{"@id":"https:\/\/elfsight.com\/de\/flipbook-widget\/blogger\/#breadcrumb"},"inLanguage":"de","potentialAction":[{"@type":"ReadAction","target":["https:\/\/elfsight.com\/de\/flipbook-widget\/blogger\/"]}]},{"@type":"BreadcrumbList","@id":"https:\/\/elfsight.com\/de\/flipbook-widget\/blogger\/#breadcrumb","itemListElement":[{"@type":"ListItem","position":1,"name":"Home","item":"https:\/\/elfsight.com\/de\/"},{"@type":"ListItem","position":2,"name":"Flipbook","item":"https:\/\/elfsight.com\/de\/flipbook-widget\/"},{"@type":"ListItem","position":3,"name":"Flipbook &#8211; Blogger"}]},{"@type":"WebSite","@id":"https:\/\/elfsight.com\/de\/#website","url":"https:\/\/elfsight.com\/de\/","name":"Elfsight DE","description":"Just another Elfsight Sites site","potentialAction":[{"@type":"SearchAction","target":{"@type":"EntryPoint","urlTemplate":"https:\/\/elfsight.com\/de\/?s={search_term_string}"},"query-input":{"@type":"PropertyValueSpecification","valueRequired":true,"valueName":"search_term_string"}}],"inLanguage":"de"}]}},"meta_box":{"industry":"","seo_heading":"","heading":"","description":"","cta_heading":"","cta_description":"","application":"22464","h1":"Blogger-Flipbook-Widget","h1_caption":"Konvertieren Sie PDFs oder Bilder in interaktive Flipbooks und bieten Sie so eine ansprechendere M\u00f6glichkeit, Dokumente oder Kataloge m\u00fchelos auf Ihrer Blogger-Website zu pr\u00e4sentieren.","application_category":[],"applications_title":"","applications_request_title":"","applications_request_button_text":"","hero_text":"","hero_video":"","hero_video_schema_markup":"","selling_points_title":"","selling_points_caption":"","selling_points":[],"selling_points_cta_text":"","features_title":"","features":"","ed_cta_examples_text":"","ed_cta_examples_hidden":"","ed_cta_demo_text":"","ed_cta_demo_hidden":"","why_caption":"","why_editor_title":"","why_editor_text":"","why_team_title":"","why_team_text":"","why_service_title":"","why_service_text":"","template_catalog_visible":"0","template_catalog_title":"","template_catalog_text":"","template_catalog_categories_visible":"","demo_title":"Erstellen Sie Ihr Flipbook-Widget","demo_caption":"Konfigurieren Sie Ihr Flipbook und f\u00fcgen Sie es kostenlos zu Ihrer Blogger-Website hinzu!","default_faq_hidden":"","app_template_category":[],"platform":"262","template_public_id":"","codecanyon_url":"","codecanyon_item_id":"","codecanyon_price":"","pricing_caption":"","pricing_elfsight_apps_hide_column":"","pricing_elfsight_apps_url":"","pricing_codecanyon_price_caption":"","integration_category":[],"integration_request_title":"","integration_request_cta":"","integration_platform":"","integrations":[],"platform_category":[],"video_schema_markup":"","price":"ab 0 $ \/ Monat","trial":"","benefits":[{"text":"Kostenloser Installationsservice"},{"text":"Professioneller Kundenservice"},{"text":"14-t\u00e4gige Geld-zur\u00fcck-Garantie"},{"text":"Lebenslange kostenlose Verbesserungen"}],"button_url":"#demo","button_target_blank":"0","button_nofollow":"","attributes":[{"name":"Installationen","content":"50,000 - 100,000","_state":""},{"name":"Reaktionsschnell","content":"Ja","_state":""},{"name":"Kompatible Browser","content":"Firefox, Safari, Opera, Chrome, Edge","_state":""}],"tags":[],"tags_disable_links":"","hide_more_platforms":"","video_object":"","demo_hide_cta":"","demo_hide_cloud_options":"","pricing_title":"","pricing":[{"pricing_icon":"platform","pricing_title":"Elfsight Apps","pricing_title_caption":"Plattform\u00fcbergreifende Version","pricing_price":"ab 0 $ \/ Monat","pricing_price_caption":"Beginnen Sie mit einem kostenlosen Plan","pricing_benefits":[{"text":"Unbegrenzte Domains"},{"text":"Erstklassiger und p\u00fcnktlicher Support"},{"text":"Kostenlose Installationshilfe"},{"text":"100 % anpassbar"}],"pricing_button_text":"Zur Website hinzuf\u00fcgen","pricing_button_url":"#demo"}],"related_apps_title":"","related_apps_hidden":"","author":"","image":[],"title":"","job":"","social_networks":[]},"_links":{"self":[{"href":"https:\/\/elfsight.com\/de\/wp-json\/wp\/v2\/pages\/23005","targetHints":{"allow":["GET"]}}],"collection":[{"href":"https:\/\/elfsight.com\/de\/wp-json\/wp\/v2\/pages"}],"about":[{"href":"https:\/\/elfsight.com\/de\/wp-json\/wp\/v2\/types\/page"}],"author":[{"embeddable":true,"href":"https:\/\/elfsight.com\/de\/wp-json\/wp\/v2\/users\/9"}],"replies":[{"embeddable":true,"href":"https:\/\/elfsight.com\/de\/wp-json\/wp\/v2\/comments?post=23005"}],"version-history":[{"count":2,"href":"https:\/\/elfsight.com\/de\/wp-json\/wp\/v2\/pages\/23005\/revisions"}],"predecessor-version":[{"id":25294,"href":"https:\/\/elfsight.com\/de\/wp-json\/wp\/v2\/pages\/23005\/revisions\/25294"}],"up":[{"embeddable":true,"href":"https:\/\/elfsight.com\/de\/wp-json\/wp\/v2\/pages\/22469"}],"wp:attachment":[{"href":"https:\/\/elfsight.com\/de\/wp-json\/wp\/v2\/media?parent=23005"}],"curies":[{"name":"wp","href":"https:\/\/api.w.org\/{rel}","templated":true}]}}