{"id":23004,"date":"2024-08-02T06:54:41","date_gmt":"2024-08-02T06:54:41","guid":{"rendered":"https:\/\/elfsight.com\/de\/?page_id=23004"},"modified":"2025-07-08T10:44:55","modified_gmt":"2025-07-08T10:44:55","slug":"woocommerce","status":"publish","type":"page","link":"https:\/\/elfsight.com\/de\/flipbook-widget\/woocommerce\/","title":{"rendered":"Flipbook &#8211; WooCommerce"},"content":{"rendered":"<div class=\"application-platform-content-item-description application-platform-content-item\" id=\"description\" data-nav-section=\"description\"> <h2>Flipbook mit dem Elfsight-Plugin in WooCommerce einbetten<\/h2> <p>Das Flipbook-Plugin f\u00fcr WooCommerce ist eine praktische L\u00f6sung f\u00fcr die Pr\u00e4sentation visueller Inhalte auf Ihrer Website. Es verwandelt Ihre PDF-Dateien in interaktive Kataloge mit animierten Bildern und komfortabler Navigation. So k\u00f6nnen Sie Zeitschriften, Kataloge, Handb\u00fccher und Werbematerialien ansprechend pr\u00e4sentieren und so Markenbekanntheit und die Zug\u00e4nglichkeit der Inhalte steigern. <\/p><p>Sie k\u00f6nnen schnell einen Link zu Ihrem PDF-Album versenden, es \u00fcber soziale Medien teilen und Nutzern eine einfache M\u00f6glichkeit zum Drucken oder Herunterladen bieten. Das Plugin ist zudem vollst\u00e4ndig anpassbar und passt sich Ihrem Website- oder Markenstil an. Das Flipbook wird sofort auf Ihren Seiten geladen und sieht auf jedem Ger\u00e4t fantastisch aus. <\/p><p><b>Organisieren Sie Ihr pers\u00f6nliches Album mit visuellen Inhalten f\u00fcr eine ansprechende Pr\u00e4sentation Ihrer Produkte und Erfolge. <\/b><\/p><\/div> <div class=\"application-platform-content-item-features application-platform-content-item\" id=\"features\" data-nav-section=\"features\"> <h2>Die zentralen Plugin-Funktionen bieten<\/h2><ul><li><b>Realistisches Umbl\u00e4ttern f\u00fcr Ihre eingebetteten PDF-Dateien. <\/b> F\u00fcgen Sie einfach eine beliebige PDF-Datei hinzu, um sie mit authentischen Umbl\u00e4ttereffekten und Papierger\u00e4uschen zu animieren und so ein angenehmes Benutzererlebnis zu schaffen. <\/li><li><b>Suchen, Vergr\u00f6\u00dfern und Verkleinern, zum Anfang oder Ende springen. <\/b>Das Flipbook bietet zahlreiche interaktive Schaltfl\u00e4chen und Elemente f\u00fcr die nahtlose Arbeit mit dem Katalog und dessen Anzeige. <\/li><li><b>Teilen, herunterladen oder drucken Sie das Album ganz einfach. <\/b>Es ist ganz einfach, einen Link zum Katalog zu senden, ihn in sozialen Medien zu teilen oder dem Leser die M\u00f6glichkeit zum Herunterladen und Drucken zu bieten. <\/li><li><b>Zus\u00e4tzliche Ansichtsmodi f\u00fcr eine komfortable Pr\u00e4sentation. <\/b>F\u00fcr das Flipbook sind die Anzeigemodi Miniaturansicht, Einzelseite und Vollbild verf\u00fcgbar, um die Navigation noch weiter zu verbessern. <\/li><li><b>Erweiterte Anpassung, Optimierung und Lokalisierung. <\/b>Das Flipbook bietet verschiedene Anpassungsm\u00f6glichkeiten, sieht auf jedem Ger\u00e4t fantastisch aus und ist f\u00fcr 76 L\u00e4nder lokalisiert. <\/li><\/ul><p><a href=\"#demo\">Testen Sie alle Einstellungen in der Demo mit vollem Funktionsumfang.<\/a><\/p><\/div> <div class=\"application-platform-content-item-installation application-platform-content-item\" id=\"installation\" data-nav-section=\"installation\"> <h2>Wie integriere ich Flipbook in meine WooCommerce-Seiten? <\/h2><p>Sehen Sie sich diese einfache M\u00f6glichkeit an, das Plugin auf Ihrer WooCommerce-Website einzurichten. Es dauert nur wenige Minuten und erfordert keine Programmierung.<\/p> <ol><li><strong>Erstellen Sie Ihr pers\u00f6nliches Flipbook-Plugin<\/strong><br> Beginnen Sie mit einer beliebigen Vorlage im Editor, verkn\u00fcpfen Sie Ihr Profil oder die gew\u00fcnschten Hashtags und passen Sie das Plugin an Ihr bevorzugtes Design und Ihre bevorzugten Einstellungen an.<\/li><li><strong>Erhalten Sie den pers\u00f6nlichen Code zum Einbetten des Plugins<\/strong><br> Sobald Sie mit der Erstellung Ihres Plugins fertig sind, erhalten Sie einen individuellen HTML-Code in Ihrem Dashboard. Kopieren Sie den Code, der alle Details zu den Einstellungen Ihres Plugins enth\u00e4lt.<\/li> <li><strong>Zeigen Sie das Plugin auf Ihrer WooCommerce-Website an<\/strong><br> W\u00e4hlen Sie die Bereiche Ihrer Website aus, in denen das Plugin angezeigt werden soll, und f\u00fcgen Sie den Code dort ein. Speichern Sie Ihre \u00c4nderungen.<\/li> <\/ol><p>Das war&#8217;s! Sehen Sie sich jetzt die Leistung des Plugins auf Ihrer Website an.<\/p><p>Sollten beim Einbetten des Plugins in Ihre Website Probleme auftreten, wenden Sie sich bitte an unser Hilfecenter. Wir erkl\u00e4ren Ihnen gerne, wie Sie Ihr Flipbook hinzuf\u00fcgen und anpassen.<\/p><\/div>","protected":false},"excerpt":{"rendered":"","protected":false},"author":9,"featured_media":0,"parent":22469,"menu_order":0,"comment_status":"closed","ping_status":"closed","template":"templates\/template-application-platform.php","meta":{"publish_to_discourse":"","publish_post_category":"","wpdc_auto_publish_overridden":"","wpdc_topic_tags":"","wpdc_pin_topic":"","wpdc_pin_until":"","discourse_post_id":"","discourse_permalink":"","wpdc_publishing_response":"","wpdc_publishing_error":"","footnotes":""},"class_list":["post-23004","page","type-page","status-publish","hentry"],"yoast_head":"<!-- This site is optimized with the Yoast SEO plugin v25.3.1 - https:\/\/yoast.com\/wordpress\/plugins\/seo\/ -->\n<title>Flipbook-Plugin f\u00fcr WooCommerce \u2013 Betten Sie sch\u00f6ne Kataloge in die Website ein<\/title>\n<meta name=\"description\" content=\"F\u00fcgen Sie Ihrer WooCommerce-Website ein nahtloses Flipbook-Plugin hinzu. Nutzen Sie die Kurzdemo von Elfsight, um m\u00fchelos Ihre pers\u00f6nliche L\u00f6sung zu erstellen.\" \/>\n<meta name=\"robots\" content=\"index, follow, max-snippet:-1, max-image-preview:large, max-video-preview:-1\" \/>\n<link rel=\"canonical\" href=\"https:\/\/elfsight.com\/de\/flipbook-widget\/woocommerce\/\" \/>\n<meta property=\"og:locale\" content=\"de_DE\" \/>\n<meta property=\"og:type\" content=\"article\" \/>\n<meta property=\"og:title\" content=\"Flipbook-Plugin f\u00fcr WooCommerce \u2013 Betten Sie sch\u00f6ne Kataloge in die Website ein\" \/>\n<meta property=\"og:description\" content=\"F\u00fcgen Sie Ihrer WooCommerce-Website ein nahtloses Flipbook-Plugin hinzu. Nutzen Sie die Kurzdemo von Elfsight, um m\u00fchelos Ihre pers\u00f6nliche L\u00f6sung zu erstellen.\" \/>\n<meta property=\"og:url\" content=\"https:\/\/elfsight.com\/de\/flipbook-widget\/woocommerce\/\" \/>\n<meta property=\"og:site_name\" content=\"Elfsight DE\" \/>\n<meta property=\"article:modified_time\" content=\"2025-07-08T10:44:55+00:00\" \/>\n<meta name=\"twitter:card\" content=\"summary_large_image\" \/>\n<meta name=\"twitter:label1\" content=\"Gesch\u00e4tzte Lesezeit\" \/>\n\t<meta name=\"twitter:data1\" content=\"3\u00a0Minuten\" \/>\n<!-- \/ Yoast SEO plugin. -->","yoast_head_json":{"title":"Flipbook-Plugin f\u00fcr WooCommerce \u2013 Betten Sie sch\u00f6ne Kataloge in die Website ein","description":"F\u00fcgen Sie Ihrer WooCommerce-Website ein nahtloses Flipbook-Plugin hinzu. Nutzen Sie die Kurzdemo von Elfsight, um m\u00fchelos Ihre pers\u00f6nliche L\u00f6sung zu erstellen.","robots":{"index":"index","follow":"follow","max-snippet":"max-snippet:-1","max-image-preview":"max-image-preview:large","max-video-preview":"max-video-preview:-1"},"canonical":"https:\/\/elfsight.com\/de\/flipbook-widget\/woocommerce\/","og_locale":"de_DE","og_type":"article","og_title":"Flipbook-Plugin f\u00fcr WooCommerce \u2013 Betten Sie sch\u00f6ne Kataloge in die Website ein","og_description":"F\u00fcgen Sie Ihrer WooCommerce-Website ein nahtloses Flipbook-Plugin hinzu. Nutzen Sie die Kurzdemo von Elfsight, um m\u00fchelos Ihre pers\u00f6nliche L\u00f6sung zu erstellen.","og_url":"https:\/\/elfsight.com\/de\/flipbook-widget\/woocommerce\/","og_site_name":"Elfsight DE","article_modified_time":"2025-07-08T10:44:55+00:00","twitter_card":"summary_large_image","twitter_misc":{"Gesch\u00e4tzte Lesezeit":"3\u00a0Minuten"},"schema":{"@context":"https:\/\/schema.org","@graph":[{"@type":"WebPage","@id":"https:\/\/elfsight.com\/de\/flipbook-widget\/woocommerce\/","url":"https:\/\/elfsight.com\/de\/flipbook-widget\/woocommerce\/","name":"Flipbook-Plugin f\u00fcr WooCommerce \u2013 Betten Sie sch\u00f6ne Kataloge in die Website ein","isPartOf":{"@id":"https:\/\/elfsight.com\/de\/#website"},"datePublished":"2024-08-02T06:54:41+00:00","dateModified":"2025-07-08T10:44:55+00:00","description":"F\u00fcgen Sie Ihrer WooCommerce-Website ein nahtloses Flipbook-Plugin hinzu. Nutzen Sie die Kurzdemo von Elfsight, um m\u00fchelos Ihre pers\u00f6nliche L\u00f6sung zu erstellen.","breadcrumb":{"@id":"https:\/\/elfsight.com\/de\/flipbook-widget\/woocommerce\/#breadcrumb"},"inLanguage":"de","potentialAction":[{"@type":"ReadAction","target":["https:\/\/elfsight.com\/de\/flipbook-widget\/woocommerce\/"]}]},{"@type":"BreadcrumbList","@id":"https:\/\/elfsight.com\/de\/flipbook-widget\/woocommerce\/#breadcrumb","itemListElement":[{"@type":"ListItem","position":1,"name":"Home","item":"https:\/\/elfsight.com\/de\/"},{"@type":"ListItem","position":2,"name":"Flipbook","item":"https:\/\/elfsight.com\/de\/flipbook-widget\/"},{"@type":"ListItem","position":3,"name":"Flipbook &#8211; WooCommerce"}]},{"@type":"WebSite","@id":"https:\/\/elfsight.com\/de\/#website","url":"https:\/\/elfsight.com\/de\/","name":"Elfsight DE","description":"Just another Elfsight Sites site","potentialAction":[{"@type":"SearchAction","target":{"@type":"EntryPoint","urlTemplate":"https:\/\/elfsight.com\/de\/?s={search_term_string}"},"query-input":{"@type":"PropertyValueSpecification","valueRequired":true,"valueName":"search_term_string"}}],"inLanguage":"de"}]}},"meta_box":{"industry":"","seo_heading":"","heading":"","description":"","cta_heading":"","cta_description":"","application":"22464","h1":"WooCommerce Flipbook-Plugin","h1_caption":"Verwandeln Sie Ihre PDFs auf WooCommerce in interaktive digitale B\u00fccher, fesseln Sie Ihre Besucher und schaffen Sie ein unvergessliches Leseerlebnis.","application_category":[],"applications_title":"","applications_request_title":"","applications_request_button_text":"","hero_text":"","hero_video":"","hero_video_schema_markup":"","selling_points_title":"","selling_points_caption":"","selling_points":[],"selling_points_cta_text":"","features_title":"","features":"","ed_cta_examples_text":"","ed_cta_examples_hidden":"","ed_cta_demo_text":"","ed_cta_demo_hidden":"","why_caption":"","why_editor_title":"","why_editor_text":"","why_team_title":"","why_team_text":"","why_service_title":"","why_service_text":"","template_catalog_visible":"0","template_catalog_title":"","template_catalog_text":"","template_catalog_categories_visible":"","demo_title":"Erstellen Sie Ihre Flipbook-App","demo_caption":"Konfigurieren Sie Ihr Flipbook und f\u00fcgen Sie es kostenlos zu Ihrer WooCommerce-Website hinzu!","default_faq_hidden":"","app_template_category":[],"platform":"200","template_public_id":"","codecanyon_url":"","codecanyon_item_id":"","codecanyon_price":"","pricing_caption":"","pricing_elfsight_apps_hide_column":"","pricing_elfsight_apps_url":"","pricing_codecanyon_price_caption":"","integration_category":[],"integration_request_title":"","integration_request_cta":"","integration_platform":"","integrations":[],"platform_category":[],"video_schema_markup":"","price":"ab 0 $ \/ Monat","trial":"","benefits":[{"text":"Kostenloser Installationsservice"},{"text":"Professioneller Kundenservice"},{"text":"14-t\u00e4gige Geld-zur\u00fcck-Garantie"},{"text":"Laufende kostenlose Updates"}],"button_url":"#demo","button_target_blank":"0","button_nofollow":"","attributes":[{"name":"Installationen","content":"50,000 - 100,000","_state":""},{"name":"Reaktionsschnell","content":"Ja","_state":""},{"name":"Kompatible Browser","content":"Firefox, Safari, Opera, Chrome, Edge","_state":""}],"tags":[],"tags_disable_links":"","hide_more_platforms":"","video_object":"","demo_hide_cta":"","demo_hide_cloud_options":"","pricing_title":"","pricing":[{"pricing_icon":"platform","pricing_title":"Elfsight Apps","pricing_title_caption":"Plattform\u00fcbergreifende Software, die auf jeder Website funktioniert","pricing_price":"ab 0 $ \/ Monat","pricing_price_caption":"Beginnen Sie mit einem kostenlosen Plan","pricing_benefits":[{"text":"Unbegrenzte Domains"},{"text":"Premium-Unternehmensunterst\u00fctzung"},{"text":"Kostenloser Installationssupport"},{"text":"Flexibles Design"}],"pricing_button_text":"Zur Website hinzuf\u00fcgen","pricing_button_url":"#demo"}],"related_apps_title":"","related_apps_hidden":"","author":"","image":[],"title":"","job":"","social_networks":[]},"_links":{"self":[{"href":"https:\/\/elfsight.com\/de\/wp-json\/wp\/v2\/pages\/23004","targetHints":{"allow":["GET"]}}],"collection":[{"href":"https:\/\/elfsight.com\/de\/wp-json\/wp\/v2\/pages"}],"about":[{"href":"https:\/\/elfsight.com\/de\/wp-json\/wp\/v2\/types\/page"}],"author":[{"embeddable":true,"href":"https:\/\/elfsight.com\/de\/wp-json\/wp\/v2\/users\/9"}],"replies":[{"embeddable":true,"href":"https:\/\/elfsight.com\/de\/wp-json\/wp\/v2\/comments?post=23004"}],"version-history":[{"count":2,"href":"https:\/\/elfsight.com\/de\/wp-json\/wp\/v2\/pages\/23004\/revisions"}],"predecessor-version":[{"id":25293,"href":"https:\/\/elfsight.com\/de\/wp-json\/wp\/v2\/pages\/23004\/revisions\/25293"}],"up":[{"embeddable":true,"href":"https:\/\/elfsight.com\/de\/wp-json\/wp\/v2\/pages\/22469"}],"wp:attachment":[{"href":"https:\/\/elfsight.com\/de\/wp-json\/wp\/v2\/media?parent=23004"}],"curies":[{"name":"wp","href":"https:\/\/api.w.org\/{rel}","templated":true}]}}