{"id":22988,"date":"2024-08-02T07:31:43","date_gmt":"2024-08-02T07:31:43","guid":{"rendered":"https:\/\/elfsight.com\/de\/?page_id=22988"},"modified":"2025-07-08T10:43:43","modified_gmt":"2025-07-08T10:43:43","slug":"jimdo","status":"publish","type":"page","link":"https:\/\/elfsight.com\/de\/flipbook-widget\/jimdo\/","title":{"rendered":"Flipbook &#8211; Jimdo"},"content":{"rendered":"<div class=\"application-platform-content-item-description application-platform-content-item\" id=\"description\" data-nav-section=\"description\"> <h2>Flipbook mit einem Elfsight-Widget in Jimdo einbetten<\/h2> <p>Das Flipbook-Widget f\u00fcr Jimdo ist eine attraktive M\u00f6glichkeit, visuelle Inhalte auf Ihrer Website zu pr\u00e4sentieren. Es verwandelt Ihre PDF-Dateien in interaktive Magazine mit animierten Bildern und benutzerfreundlicher Navigation. Es dient dazu, Zeitschriften, Kataloge, Handb\u00fccher und Werbematerialien dem Leser auf ansprechende Weise zu pr\u00e4sentieren und so die Markenbekanntheit und die Zug\u00e4nglichkeit der Inhalte zu erh\u00f6hen. <\/p><p>Sie k\u00f6nnen schnell einen Link zu Ihrem PDF-Magazin versenden, es in sozialen Medien teilen und Nutzern eine einfache M\u00f6glichkeit zum Drucken oder Herunterladen bieten. Das Widget ist au\u00dferdem vollst\u00e4ndig anpassbar, um es an Ihre Website oder Ihren Markenstil anzupassen. Das Flipbook wird sofort auf Ihren Seiten geladen und sieht auf jedem Ger\u00e4t fantastisch aus. <\/p><p><b>Organisieren Sie Ihren pers\u00f6nlichen Katalog f\u00fcr eine ansprechendere Pr\u00e4sentation Ihrer Produkte und Leistungen. <\/b><\/p><\/div> <div class=\"application-platform-content-item-features application-platform-content-item\" id=\"features\" data-nav-section=\"features\"> <h2>Hier sind die wichtigsten Funktionen des Widgets: <\/h2><ul><li><b>Realistisches Umbl\u00e4ttern f\u00fcr Ihre hinzugef\u00fcgte PDF-Datei. <\/b> F\u00fcgen Sie einfach eine beliebige PDF-Datei hinzu, um sie mit realistischen Umbl\u00e4ttereffekten und Papierger\u00e4uschen zu animieren und so ein angenehmes Kundenerlebnis zu schaffen. <\/li><li><b>Suchen, Vergr\u00f6\u00dfern und Verkleinern, zum Anfang oder Ende springen. <\/b>Das Flipbook bietet zahlreiche interaktive Schaltfl\u00e4chen und Elemente zum Arbeiten mit der Brosch\u00fcre und zum nahtlosen Betrachten. <\/li><li><b>M\u00fchelos die Brosch\u00fcre teilen, herunterladen oder drucken. <\/b>Es ist ganz einfach, einen Link zu Ihrem Katalog zu senden, ihn \u00fcber soziale Medien zu teilen oder dem Betrachter die M\u00f6glichkeit zum Herunterladen und Ausdrucken zu bieten. <\/li><li><b>Mehr Ansichtsmodi f\u00fcr eine ansprechende Pr\u00e4sentation. <\/b>Im Flipbook stehen die Anzeigemodi Miniaturansicht, Einzelseite und Vollbild zur Verf\u00fcgung, um die Navigation noch weiter zu verbessern. <\/li><li><b>Erweiterte Anpassung, Optimierung und Lokalisierung. <\/b>Das Flipbook bietet verschiedene Anpassungseinstellungen, sieht auf jedem Ger\u00e4t fantastisch aus und ist f\u00fcr 76 L\u00e4nder lokalisiert. <\/li><\/ul><p><a href=\"#demo\">Testen Sie einfach diese Demo, um sich einen vollst\u00e4ndigen Eindruck zu verschaffen.<\/a><\/p><\/div> <div class=\"application-platform-content-item-installation application-platform-content-item\" id=\"installation\" data-nav-section=\"installation\"> <h2>Wie kann ich Flipbook in meine Jimdo-Website integrieren? <\/h2><p>Wir bieten eine unkomplizierte M\u00f6glichkeit, das Widget auf Ihrer Jimdo-Website einzurichten. Es dauert nur wenige Minuten und erfordert keine Programmierung.<\/p> <ol><li><strong>Erstelle dein pers\u00f6nliches Flipbook-Widget<\/strong><br> Beginne mit einer beliebigen Vorlage im Editor, verbinde dein Profil oder die gew\u00fcnschten Hashtags und passe das Widget deinem bevorzugten Stil und deinen bevorzugten Optionen an.<\/li><li><strong>Erhalte den pers\u00f6nlichen Code zum Einbetten des Widgets<\/strong><br> Sobald du mit der Erstellung des Widgets fertig bist, erh\u00e4ltst du einen individuellen HTML-Code in deinem Dashboard. Kopiere diesen Code, der alle Informationen zur Anpassung deines Widgets enth\u00e4lt.<\/li> <li><strong>Zeige das Widget auf deiner Jimdo-Website an<\/strong><br> W\u00e4hle die Bereiche deiner Website aus, in denen das Widget angezeigt werden soll, und f\u00fcge den Code dort ein. Speichere die \u00c4nderungen.<\/li> <\/ol><p>Fertig! \u00dcberpr\u00fcfe nun die Leistung des Widgets auf deiner Website.<\/p><p>Solltest du Probleme beim Einbetten des Widgets in eine Website haben, wende dich gerne an unsere Support-Manager. Wir f\u00fchren Sie gerne durch das Hinzuf\u00fcgen und Verwalten Ihres Flipbooks.<\/p><\/div>","protected":false},"excerpt":{"rendered":"","protected":false},"author":9,"featured_media":0,"parent":22469,"menu_order":0,"comment_status":"closed","ping_status":"closed","template":"templates\/template-application-platform.php","meta":{"publish_to_discourse":"","publish_post_category":"","wpdc_auto_publish_overridden":"","wpdc_topic_tags":"","wpdc_pin_topic":"","wpdc_pin_until":"","discourse_post_id":"","discourse_permalink":"","wpdc_publishing_response":"","wpdc_publishing_error":"","footnotes":""},"class_list":["post-22988","page","type-page","status-publish","hentry"],"yoast_head":"<!-- This site is optimized with the Yoast SEO plugin v25.3.1 - https:\/\/yoast.com\/wordpress\/plugins\/seo\/ -->\n<title>Flipbook-Widget f\u00fcr Jimdo \u2013 Animierte B\u00fccher in die Website einbetten<\/title>\n<meta name=\"description\" content=\"F\u00fcgen Sie Ihrer Jimdo-Website ein nahtloses Flipbook-Widget hinzu. Sehen Sie sich die benutzerfreundliche Demo von Elfsight an, um m\u00fchelos Ihre individuelle L\u00f6sung zu erstellen.\" \/>\n<meta name=\"robots\" content=\"index, follow, max-snippet:-1, max-image-preview:large, max-video-preview:-1\" \/>\n<link rel=\"canonical\" href=\"https:\/\/elfsight.com\/de\/flipbook-widget\/jimdo\/\" \/>\n<meta property=\"og:locale\" content=\"de_DE\" \/>\n<meta property=\"og:type\" content=\"article\" \/>\n<meta property=\"og:title\" content=\"Flipbook-Widget f\u00fcr Jimdo \u2013 Animierte B\u00fccher in die Website einbetten\" \/>\n<meta property=\"og:description\" content=\"F\u00fcgen Sie Ihrer Jimdo-Website ein nahtloses Flipbook-Widget hinzu. Sehen Sie sich die benutzerfreundliche Demo von Elfsight an, um m\u00fchelos Ihre individuelle L\u00f6sung zu erstellen.\" \/>\n<meta property=\"og:url\" content=\"https:\/\/elfsight.com\/de\/flipbook-widget\/jimdo\/\" \/>\n<meta property=\"og:site_name\" content=\"Elfsight DE\" \/>\n<meta property=\"article:modified_time\" content=\"2025-07-08T10:43:43+00:00\" \/>\n<meta name=\"twitter:card\" content=\"summary_large_image\" \/>\n<meta name=\"twitter:label1\" content=\"Gesch\u00e4tzte Lesezeit\" \/>\n\t<meta name=\"twitter:data1\" content=\"3\u00a0Minuten\" \/>\n<!-- \/ Yoast SEO plugin. -->","yoast_head_json":{"title":"Flipbook-Widget f\u00fcr Jimdo \u2013 Animierte B\u00fccher in die Website einbetten","description":"F\u00fcgen Sie Ihrer Jimdo-Website ein nahtloses Flipbook-Widget hinzu. Sehen Sie sich die benutzerfreundliche Demo von Elfsight an, um m\u00fchelos Ihre individuelle L\u00f6sung zu erstellen.","robots":{"index":"index","follow":"follow","max-snippet":"max-snippet:-1","max-image-preview":"max-image-preview:large","max-video-preview":"max-video-preview:-1"},"canonical":"https:\/\/elfsight.com\/de\/flipbook-widget\/jimdo\/","og_locale":"de_DE","og_type":"article","og_title":"Flipbook-Widget f\u00fcr Jimdo \u2013 Animierte B\u00fccher in die Website einbetten","og_description":"F\u00fcgen Sie Ihrer Jimdo-Website ein nahtloses Flipbook-Widget hinzu. Sehen Sie sich die benutzerfreundliche Demo von Elfsight an, um m\u00fchelos Ihre individuelle L\u00f6sung zu erstellen.","og_url":"https:\/\/elfsight.com\/de\/flipbook-widget\/jimdo\/","og_site_name":"Elfsight DE","article_modified_time":"2025-07-08T10:43:43+00:00","twitter_card":"summary_large_image","twitter_misc":{"Gesch\u00e4tzte Lesezeit":"3\u00a0Minuten"},"schema":{"@context":"https:\/\/schema.org","@graph":[{"@type":"WebPage","@id":"https:\/\/elfsight.com\/de\/flipbook-widget\/jimdo\/","url":"https:\/\/elfsight.com\/de\/flipbook-widget\/jimdo\/","name":"Flipbook-Widget f\u00fcr Jimdo \u2013 Animierte B\u00fccher in die Website einbetten","isPartOf":{"@id":"https:\/\/elfsight.com\/de\/#website"},"datePublished":"2024-08-02T07:31:43+00:00","dateModified":"2025-07-08T10:43:43+00:00","description":"F\u00fcgen Sie Ihrer Jimdo-Website ein nahtloses Flipbook-Widget hinzu. Sehen Sie sich die benutzerfreundliche Demo von Elfsight an, um m\u00fchelos Ihre individuelle L\u00f6sung zu erstellen.","breadcrumb":{"@id":"https:\/\/elfsight.com\/de\/flipbook-widget\/jimdo\/#breadcrumb"},"inLanguage":"de","potentialAction":[{"@type":"ReadAction","target":["https:\/\/elfsight.com\/de\/flipbook-widget\/jimdo\/"]}]},{"@type":"BreadcrumbList","@id":"https:\/\/elfsight.com\/de\/flipbook-widget\/jimdo\/#breadcrumb","itemListElement":[{"@type":"ListItem","position":1,"name":"Home","item":"https:\/\/elfsight.com\/de\/"},{"@type":"ListItem","position":2,"name":"Flipbook","item":"https:\/\/elfsight.com\/de\/flipbook-widget\/"},{"@type":"ListItem","position":3,"name":"Flipbook &#8211; Jimdo"}]},{"@type":"WebSite","@id":"https:\/\/elfsight.com\/de\/#website","url":"https:\/\/elfsight.com\/de\/","name":"Elfsight DE","description":"Just another Elfsight Sites site","potentialAction":[{"@type":"SearchAction","target":{"@type":"EntryPoint","urlTemplate":"https:\/\/elfsight.com\/de\/?s={search_term_string}"},"query-input":{"@type":"PropertyValueSpecification","valueRequired":true,"valueName":"search_term_string"}}],"inLanguage":"de"}]}},"meta_box":{"industry":"","seo_heading":"","heading":"","description":"","cta_heading":"","cta_description":"","application":"22464","h1":"Jimdo Flipbook-Widget","h1_caption":"Wandeln Sie PDFs oder Bilder in interaktive Flipbooks um und pr\u00e4sentieren Sie so Dokumente oder Kataloge m\u00fchelos und ansprechender auf Ihrer Jimdo-Website.","application_category":[],"applications_title":"","applications_request_title":"","applications_request_button_text":"","hero_text":"","hero_video":"","hero_video_schema_markup":"","selling_points_title":"","selling_points_caption":"","selling_points":[],"selling_points_cta_text":"","features_title":"","features":"","ed_cta_examples_text":"","ed_cta_examples_hidden":"","ed_cta_demo_text":"","ed_cta_demo_hidden":"","why_caption":"","why_editor_title":"","why_editor_text":"","why_team_title":"","why_team_text":"","why_service_title":"","why_service_text":"","template_catalog_visible":"0","template_catalog_title":"","template_catalog_text":"","template_catalog_categories_visible":"","demo_title":"Erstellen Sie Ihr Flipbook-Widget","demo_caption":"Konfigurieren Sie Ihr Flipbook und f\u00fcgen Sie es kostenlos zu Ihrer Jimdo-Website hinzu!","default_faq_hidden":"","app_template_category":[],"platform":"239","template_public_id":"","codecanyon_url":"","codecanyon_item_id":"","codecanyon_price":"","pricing_caption":"","pricing_elfsight_apps_hide_column":"","pricing_elfsight_apps_url":"","pricing_codecanyon_price_caption":"","integration_category":[],"integration_request_title":"","integration_request_cta":"","integration_platform":"","integrations":[],"platform_category":[],"video_schema_markup":"","price":"ab 0 $ \/ Monat","trial":"","benefits":[{"text":"Kostenlose Installationshilfe"},{"text":"Kompetenter Kundenservice"},{"text":"14-t\u00e4gige Geld-zur\u00fcck-Garantie"},{"text":"Kontinuierliche Weiterentwicklung"}],"button_url":"#demo","button_target_blank":"0","button_nofollow":"","attributes":[{"name":"Installationen","content":"50,000 - 100,000","_state":""},{"name":"Reaktionsschnell","content":"Ja","_state":""},{"name":"Kompatible Browser","content":"Firefox, Safari, Opera, Chrome, Edge","_state":""}],"tags":[],"tags_disable_links":"","hide_more_platforms":"","video_object":"","demo_hide_cta":"","demo_hide_cloud_options":"","pricing_title":"","pricing":[{"pricing_icon":"platform","pricing_title":"Elfsight Apps","pricing_title_caption":"Plattformunabh\u00e4ngige L\u00f6sung, die auf jeder Website funktioniert","pricing_price":"ab 0 $ \/ Monat","pricing_price_caption":"Beginnen Sie mit einem kostenlosen Plan","pricing_benefits":[{"text":"Unbegrenzte Websites"},{"text":"Engagierte Unterst\u00fctzung"},{"text":"Kostenlose Installationsunterst\u00fctzung"},{"text":"100 % anpassbar"}],"pricing_button_text":"Zur Website hinzuf\u00fcgen","pricing_button_url":"#demo"}],"related_apps_title":"","related_apps_hidden":"","author":"","image":[],"title":"","job":"","social_networks":[]},"_links":{"self":[{"href":"https:\/\/elfsight.com\/de\/wp-json\/wp\/v2\/pages\/22988","targetHints":{"allow":["GET"]}}],"collection":[{"href":"https:\/\/elfsight.com\/de\/wp-json\/wp\/v2\/pages"}],"about":[{"href":"https:\/\/elfsight.com\/de\/wp-json\/wp\/v2\/types\/page"}],"author":[{"embeddable":true,"href":"https:\/\/elfsight.com\/de\/wp-json\/wp\/v2\/users\/9"}],"replies":[{"embeddable":true,"href":"https:\/\/elfsight.com\/de\/wp-json\/wp\/v2\/comments?post=22988"}],"version-history":[{"count":2,"href":"https:\/\/elfsight.com\/de\/wp-json\/wp\/v2\/pages\/22988\/revisions"}],"predecessor-version":[{"id":25285,"href":"https:\/\/elfsight.com\/de\/wp-json\/wp\/v2\/pages\/22988\/revisions\/25285"}],"up":[{"embeddable":true,"href":"https:\/\/elfsight.com\/de\/wp-json\/wp\/v2\/pages\/22469"}],"wp:attachment":[{"href":"https:\/\/elfsight.com\/de\/wp-json\/wp\/v2\/media?parent=22988"}],"curies":[{"name":"wp","href":"https:\/\/api.w.org\/{rel}","templated":true}]}}