{"id":22955,"date":"2024-09-30T18:27:29","date_gmt":"2024-09-30T18:27:29","guid":{"rendered":"https:\/\/elfsight.com\/de\/?page_id=22955"},"modified":"2025-07-08T10:18:12","modified_gmt":"2025-07-08T10:18:12","slug":"woocommerce","status":"publish","type":"page","link":"https:\/\/elfsight.com\/de\/blog-widget\/woocommerce\/","title":{"rendered":"blog &#8211; woocommerce"},"content":{"rendered":"<div class=\"application-platform-content-item-description application-platform-content-item\" id=\"description\" data-nav-section=\"description\"> <h2>Blog mit einem Elfsight-Plugin in WooCommerce einbetten<\/h2> <p>Das Blog-Plugin steigert die Content-Strategie und das Publikumsengagement Ihrer Website. Erstellen und verwalten Sie fesselnde Artikel mit Multimedia-Elementen, pr\u00e4sentieren Sie beliebte Beitr\u00e4ge in dynamischen Schiebereglern und stellen Sie sicher, dass Ihre Inhalte auf jedem Ger\u00e4t gut aussehen. Das Schreiben und Verwalten von Blog-Inhalten war noch nie einfacher und effizienter. <\/p><p>Das Hinzuf\u00fcgen neuer Artikel ist mit dem Blog-Plugin ganz einfach \u2013 nur ein Klick und Ihre Ver\u00f6ffentlichung ist online. Sie k\u00f6nnen Beitr\u00e4ge ganz einfach \u00fcber direkte Links verbreiten und mit der eingebetteten KI k\u00f6nnen Sie nicht nur m\u00fchelos Artikel erstellen, sondern auch Bilder generieren, um Ihre Beitr\u00e4ge zu verbessern. Mit diesem Plugin k\u00f6nnen Sie die Geschichte Ihres Unternehmens teilen und Ihr Unternehmen als Ma\u00dfstab in der Branche etablieren. <\/p><p><b>Erstellen Sie Ihren pers\u00f6nlichen Block mit Geschichten, um Kunden anzulocken und die Kompetenz Ihrer Marke hervorzuheben! <\/b><\/p><\/div> <div class=\"application-platform-content-item-features application-platform-content-item\" id=\"features\" data-nav-section=\"features\"> <h2>Dies sind nur einige der verschiedenen Plugin-Funktionen: <\/h2><ul><li><b>Einfaches Hinzuf\u00fcgen des Blogs zu jeder Website. <\/b> Beginnen Sie mit der Entwicklung Ihres pers\u00f6nlichen Blog-Plugins, das eine unglaubliche Leistung auf jeder Art von Website-Plattform gew\u00e4hrleistet. <\/li><li><b>Profitieren Sie von KI, um regelm\u00e4\u00dfig Inhalte zu generieren. <\/b> Die KI-Eigenschaften des Plugins bieten Ihnen eine leistungsstarke M\u00f6glichkeit, den Feed regelm\u00e4\u00dfig zu aktualisieren und Artikel zeitnah zu ver\u00f6ffentlichen. <\/li><li><b>Erstellen Sie Beitr\u00e4ge mit einem intuitiven Editor. <\/b> Unser Editor, der \u00e4hnlich wie Notion funktioniert, erm\u00f6glicht Ihnen die einfache Erstellung des Artikels ohne zus\u00e4tzliche Handb\u00fccher. <\/li><li><b>F\u00fcgen Sie zahlreiche Elemente hinzu, um Artikel zu dekorieren. <\/b> Der Blog-Editor verf\u00fcgt \u00fcber eine gro\u00dfe Auswahl an Text- und Grafikelementen, um einen umfassenden und ansprechenden Beitrag zu erstellen. <\/li><li><b>Teilen Sie Beitr\u00e4ge \u00fcber einen direkten Link.<\/b> Jeder Beitrag erh\u00e4lt eine eindeutige URL-Adresse, die Sie teilen k\u00f6nnen, um zus\u00e4tzliche Aufrufe und Engagement zu erzielen. <\/li><\/ul><p><a href=\"#demo\">Entdecken Sie einfach alle M\u00f6glichkeiten unseres Plugins in der Demo direkt auf dieser Seite<\/a><\/p><\/div> <div class=\"application-platform-content-item-\u201eInstallation\u201c application-platform-content-item\" id=\"\u201eInstallation\u201c\" data-nav-section=\"\u201eInstallation\u201c\"> <h2>Wie kann ich einen Blog in meine WooCommerce-Website einbetten? <\/h2><p>Sehen Sie sich diese einfache M\u00f6glichkeit an, das Plugin auf Ihrer WooCommerce-Website einzurichten. Es dauert nur ein paar Minuten und erfordert keine Programmierung. <\/p> <ol><li><strong>Erstellen Sie Ihr individuelles Blog-Plugin<\/strong><br> Beginnen Sie mit einer beliebigen Vorlage in der Demo, arbeiten Sie mit den benutzerfreundlichen Elementen des Editors und passen Sie das Plugin an Ihre Bed\u00fcrfnisse an gew\u00fcnschtes Design und Optionen. <\/li><li><strong>Besorgen Sie sich den pers\u00f6nlichen Code zum Einbetten des Plugins<\/strong><br> Sobald Sie mit der Erstellung Ihres Plugins fertig sind, erhalten Sie einen individuellen HTML-Code in Ihrem Dashboard. Kopieren Sie diesen Code, der alle Informationen zu Ihren Anpassungen enth\u00e4lt. <\/li> <li><strong>Pr\u00e4sentieren Sie das Plugin auf Ihrer WooCommerce-Website<\/strong><br> Definieren Sie die Bereiche Ihrer Website, in denen Sie den Blog pr\u00e4sentieren m\u00f6chten, und f\u00fcgen Sie dort den Code ein. Speichern Sie die \u00c4nderungen. <\/li> <\/ol><p>Das ist alles! \u00dcberpr\u00fcfen Sie nun, wie das Plugin auf Ihrer Website funktioniert. <\/p><p>Sollten beim Einbetten des Plugins in eine Website Probleme auftreten, wenden Sie sich einfach an unseren Kundenservice. Gerne unterst\u00fctzen wir Sie bei der Erg\u00e4nzung und Anpassung Ihres Blogs. <\/p><\/div>","protected":false},"excerpt":{"rendered":"","protected":false},"author":9,"featured_media":0,"parent":22471,"menu_order":0,"comment_status":"closed","ping_status":"closed","template":"templates\/template-application-platform.php","meta":{"publish_to_discourse":"","publish_post_category":"","wpdc_auto_publish_overridden":"","wpdc_topic_tags":"","wpdc_pin_topic":"","wpdc_pin_until":"","discourse_post_id":"","discourse_permalink":"","wpdc_publishing_response":"","wpdc_publishing_error":"","footnotes":""},"class_list":["post-22955","page","type-page","status-publish","hentry"],"yoast_head":"<!-- This site is optimized with the Yoast SEO plugin v25.3.1 - https:\/\/yoast.com\/wordpress\/plugins\/seo\/ -->\n<title>WooCommerce-Blog-Plugin \u2013 Blog zu Ihrer WooCommerce-Website hinzuf\u00fcgen [Kostenlos]<\/title>\n<meta name=\"description\" content=\"F\u00fcgen Sie Ihrer WooCommerce-Website ein codefreies Blog-Plugin hinzu. Probieren Sie die schnelle Demo von Elfsight aus, um ganz einfach Ihre pers\u00f6nliche L\u00f6sung zu erstellen.\" \/>\n<meta name=\"robots\" content=\"index, follow, max-snippet:-1, max-image-preview:large, max-video-preview:-1\" \/>\n<link rel=\"canonical\" href=\"https:\/\/elfsight.com\/de\/blog-widget\/woocommerce\/\" \/>\n<meta property=\"og:locale\" content=\"de_DE\" \/>\n<meta property=\"og:type\" content=\"article\" \/>\n<meta property=\"og:title\" content=\"WooCommerce-Blog-Plugin \u2013 Blog zu Ihrer WooCommerce-Website hinzuf\u00fcgen [Kostenlos]\" \/>\n<meta property=\"og:description\" content=\"F\u00fcgen Sie Ihrer WooCommerce-Website ein codefreies Blog-Plugin hinzu. Probieren Sie die schnelle Demo von Elfsight aus, um ganz einfach Ihre pers\u00f6nliche L\u00f6sung zu erstellen.\" \/>\n<meta property=\"og:url\" content=\"https:\/\/elfsight.com\/de\/blog-widget\/woocommerce\/\" \/>\n<meta property=\"og:site_name\" content=\"Elfsight DE\" \/>\n<meta property=\"article:modified_time\" content=\"2025-07-08T10:18:12+00:00\" \/>\n<meta name=\"twitter:card\" content=\"summary_large_image\" \/>\n<meta name=\"twitter:label1\" content=\"Gesch\u00e4tzte Lesezeit\" \/>\n\t<meta name=\"twitter:data1\" content=\"3\u00a0Minuten\" \/>\n<!-- \/ Yoast SEO plugin. -->","yoast_head_json":{"title":"WooCommerce-Blog-Plugin \u2013 Blog zu Ihrer WooCommerce-Website hinzuf\u00fcgen [Kostenlos]","description":"F\u00fcgen Sie Ihrer WooCommerce-Website ein codefreies Blog-Plugin hinzu. Probieren Sie die schnelle Demo von Elfsight aus, um ganz einfach Ihre pers\u00f6nliche L\u00f6sung zu erstellen.","robots":{"index":"index","follow":"follow","max-snippet":"max-snippet:-1","max-image-preview":"max-image-preview:large","max-video-preview":"max-video-preview:-1"},"canonical":"https:\/\/elfsight.com\/de\/blog-widget\/woocommerce\/","og_locale":"de_DE","og_type":"article","og_title":"WooCommerce-Blog-Plugin \u2013 Blog zu Ihrer WooCommerce-Website hinzuf\u00fcgen [Kostenlos]","og_description":"F\u00fcgen Sie Ihrer WooCommerce-Website ein codefreies Blog-Plugin hinzu. Probieren Sie die schnelle Demo von Elfsight aus, um ganz einfach Ihre pers\u00f6nliche L\u00f6sung zu erstellen.","og_url":"https:\/\/elfsight.com\/de\/blog-widget\/woocommerce\/","og_site_name":"Elfsight DE","article_modified_time":"2025-07-08T10:18:12+00:00","twitter_card":"summary_large_image","twitter_misc":{"Gesch\u00e4tzte Lesezeit":"3\u00a0Minuten"},"schema":{"@context":"https:\/\/schema.org","@graph":[{"@type":"WebPage","@id":"https:\/\/elfsight.com\/de\/blog-widget\/woocommerce\/","url":"https:\/\/elfsight.com\/de\/blog-widget\/woocommerce\/","name":"WooCommerce-Blog-Plugin \u2013 Blog zu Ihrer WooCommerce-Website hinzuf\u00fcgen [Kostenlos]","isPartOf":{"@id":"https:\/\/elfsight.com\/de\/#website"},"datePublished":"2024-09-30T18:27:29+00:00","dateModified":"2025-07-08T10:18:12+00:00","description":"F\u00fcgen Sie Ihrer WooCommerce-Website ein codefreies Blog-Plugin hinzu. Probieren Sie die schnelle Demo von Elfsight aus, um ganz einfach Ihre pers\u00f6nliche L\u00f6sung zu erstellen.","breadcrumb":{"@id":"https:\/\/elfsight.com\/de\/blog-widget\/woocommerce\/#breadcrumb"},"inLanguage":"de","potentialAction":[{"@type":"ReadAction","target":["https:\/\/elfsight.com\/de\/blog-widget\/woocommerce\/"]}]},{"@type":"BreadcrumbList","@id":"https:\/\/elfsight.com\/de\/blog-widget\/woocommerce\/#breadcrumb","itemListElement":[{"@type":"ListItem","position":1,"name":"Home","item":"https:\/\/elfsight.com\/de\/"},{"@type":"ListItem","position":2,"name":"Blog","item":"https:\/\/elfsight.com\/de\/blog-widget\/"},{"@type":"ListItem","position":3,"name":"blog &#8211; woocommerce"}]},{"@type":"WebSite","@id":"https:\/\/elfsight.com\/de\/#website","url":"https:\/\/elfsight.com\/de\/","name":"Elfsight DE","description":"Just another Elfsight Sites site","potentialAction":[{"@type":"SearchAction","target":{"@type":"EntryPoint","urlTemplate":"https:\/\/elfsight.com\/de\/?s={search_term_string}"},"query-input":{"@type":"PropertyValueSpecification","valueRequired":true,"valueName":"search_term_string"}}],"inLanguage":"de"}]}},"meta_box":{"industry":"","seo_heading":"","heading":"","description":"","cta_heading":"","cta_description":"","application":"22466","h1":"Blog zur WooCommerce-Website hinzuf\u00fcgen","h1_caption":"Zeigen Sie Blog-Beitr\u00e4ge ganz einfach mit einem anpassbaren Layout auf Ihrer Website an und bieten Sie so eine dynamische und ansprechende M\u00f6glichkeit, Inhalte zu teilen und Besucher Ihrer WooCommerce-Website m\u00fchelos auf dem Laufenden zu halten.","application_category":[],"applications_title":"","applications_request_title":"","applications_request_button_text":"","hero_text":"","hero_video":"","hero_video_schema_markup":"","selling_points_title":"","selling_points_caption":"","selling_points":[],"selling_points_cta_text":"","features_title":"","features":"","ed_cta_examples_text":"","ed_cta_examples_hidden":"","ed_cta_demo_text":"","ed_cta_demo_hidden":"","why_caption":"","why_editor_title":"","why_editor_text":"","why_team_title":"","why_team_text":"","why_service_title":"","why_service_text":"","template_catalog_visible":"0","template_catalog_title":"","template_catalog_text":"","template_catalog_categories_visible":"","demo_title":"Erstellen Sie Ihre Blog-App","demo_caption":"Configure your Blog and add it to your WooCommerce website for free!","default_faq_hidden":"","app_template_category":[],"platform":"200","template_public_id":"","codecanyon_url":"","codecanyon_item_id":"","codecanyon_price":"","pricing_caption":"","pricing_elfsight_apps_hide_column":"","pricing_elfsight_apps_url":"","pricing_codecanyon_price_caption":"","integration_category":[],"integration_request_title":"","integration_request_cta":"","integration_platform":"","integrations":[],"platform_category":[],"video_schema_markup":"","price":"ab 0 $ \/ Monat","trial":"","benefits":[{"text":"Kostenloser Installationsservice"},{"text":"Kompetenter Kundenservice"},{"text":"14-t\u00e4gige R\u00fcckerstattungsgarantie"},{"text":"Regelm\u00e4\u00dfige kostenlose Updates"}],"button_url":"#demo","button_target_blank":"","button_nofollow":"","attributes":[{"name":"Installieren","content":"50,000 - 100,000"},{"name":"Reaktionsfreudig","content":"Ja"},{"name":"Kompatible Browser","content":"Firefox, Safari, Opera, Chrome, Edge"}],"tags":[],"tags_disable_links":"","hide_more_platforms":"","video_object":"","demo_hide_cta":"","demo_hide_cloud_options":"","pricing_title":"","pricing":[{"pricing_icon":"platform","pricing_title":"Elfsight Apps","pricing_title_caption":"Multiplattform-Software, die f\u00fcr jede Website geeignet ist","pricing_price":"ab 0 $ \/ Monat","pricing_price_caption":"Beginnen Sie mit einem kostenlosen Plan","pricing_benefits":[{"text":"Unbegrenzte Domains"},{"text":"Kostenloser Unternehmenssupport"},{"text":"Kostenlose Installationsunterst\u00fctzung"},{"text":"Vollst\u00e4ndig anpassbar"}],"pricing_button_text":"Zur Website hinzuf\u00fcgen","pricing_button_url":"#demo"}],"related_apps_title":"","related_apps_hidden":"","author":"","image":[],"title":"","job":"","social_networks":[]},"_links":{"self":[{"href":"https:\/\/elfsight.com\/de\/wp-json\/wp\/v2\/pages\/22955","targetHints":{"allow":["GET"]}}],"collection":[{"href":"https:\/\/elfsight.com\/de\/wp-json\/wp\/v2\/pages"}],"about":[{"href":"https:\/\/elfsight.com\/de\/wp-json\/wp\/v2\/types\/page"}],"author":[{"embeddable":true,"href":"https:\/\/elfsight.com\/de\/wp-json\/wp\/v2\/users\/9"}],"replies":[{"embeddable":true,"href":"https:\/\/elfsight.com\/de\/wp-json\/wp\/v2\/comments?post=22955"}],"version-history":[{"count":1,"href":"https:\/\/elfsight.com\/de\/wp-json\/wp\/v2\/pages\/22955\/revisions"}],"predecessor-version":[{"id":22959,"href":"https:\/\/elfsight.com\/de\/wp-json\/wp\/v2\/pages\/22955\/revisions\/22959"}],"up":[{"embeddable":true,"href":"https:\/\/elfsight.com\/de\/wp-json\/wp\/v2\/pages\/22471"}],"wp:attachment":[{"href":"https:\/\/elfsight.com\/de\/wp-json\/wp\/v2\/media?parent=22955"}],"curies":[{"name":"wp","href":"https:\/\/api.w.org\/{rel}","templated":true}]}}