{"id":2292,"date":"2020-08-18T09:54:12","date_gmt":"2020-08-18T09:54:12","guid":{"rendered":"https:\/\/elfsight.com\/de\/?page_id=2292"},"modified":"2020-09-10T12:25:37","modified_gmt":"2020-09-10T12:25:37","slug":"create","status":"publish","type":"page","link":"https:\/\/elfsight.com\/de\/background-music-widget\/create\/","title":{"rendered":"Background Music &#8211; Create"},"content":{"rendered":"\n<div class=\"faq\" data-component=\"FAQ\">\n<div class=\"faq-item\">\r\n\t\t\t\t\t<div class=\"faq-item-question\">\r\n\t\t\t\t\t\t<h3 class=\"faq-item-question-text\">Was ist ein Hintergrundmusik Widget f\u00fcr Website?<\/h3>\r\n\r\n\t\t\t\t\t\t<div class=\"faq-item-question-icon\"><\/div>\r\n\t\t\t\t\t<\/div>\r\n\r\n\t\t\t\t\t<div class=\"faq-item-answer\">\r\n\t\t\t\t\t\t<div class=\"faq-item-answer-text\">\nDas Hintergrundmusik Widget ist ein responsives Werkzeug, das ist nutzbar f\u00fcr der Fortschritt Ihrer Website-Performance. Es dient zur  Verbesserung der User-Experience und Aufbau Ihrer Audienz auf Ihrer Webseite. \n<\/div>\r\n\t\t\t\t\t<\/div>\r\n\t\t\t\t<\/div>\n<div class=\"faq-item\">\r\n\t\t\t\t\t<div class=\"faq-item-question\">\r\n\t\t\t\t\t\t<h3 class=\"faq-item-question-text\">Ist es m\u00f6glich, der Stil des Widget zu anpassen?<\/h3>\r\n\r\n\t\t\t\t\t\t<div class=\"faq-item-question-icon\"><\/div>\r\n\t\t\t\t\t<\/div>\r\n\r\n\t\t\t\t\t<div class=\"faq-item-answer\">\r\n\t\t\t\t\t\t<div class=\"faq-item-answer-text\">\nNat\u00fcrlich! \u00d6ffnen Sie Tab Stil unseres Online-Editors und \u00e4ndern Sie die Einstellungen des Plugins. Sie werden alle Modifizierungen online sehen. \n<\/div>\r\n\t\t\t\t\t<\/div>\r\n\t\t\t\t<\/div>\n<div class=\"faq-item\">\r\n\t\t\t\t\t<div class=\"faq-item-question\">\r\n\t\t\t\t\t\t<h3 class=\"faq-item-question-text\">Wie kann man das Hintergrundmusik Plugin auf meiner Webseite-Vorlage einbinden?<\/h3>\r\n\r\n\t\t\t\t\t\t<div class=\"faq-item-question-icon\"><\/div>\r\n\t\t\t\t\t<\/div>\r\n\r\n\t\t\t\t\t<div class=\"faq-item-answer\">\r\n\t\t\t\t\t\t<div class=\"faq-item-answer-text\">\nAlles, was Sie tun m\u00fcssen, ist nur noch zu unserem Live-Editor gehen und da erstens ein Widget zu erstellen. Nachdem speichern Sie alle benutzerdefinierten \u00c4nderungen. Rufen Sie den Widget-Code aus dem \u00f6ffnenden Fenster. Integrieren Sie dann den Code in erforderlichen Inhaltszone Ihrer Website. Falls Sie bei Plugins Anbau irgendwelche Fragen haben, senden Sie eine E-Mail unser Support-Team. \n<\/div>\r\n\t\t\t\t\t<\/div>\r\n\t\t\t\t<\/div>\n<div class=\"faq-item\">\r\n\t\t\t\t\t<div class=\"faq-item-question\">\r\n\t\t\t\t\t\t<h3 class=\"faq-item-question-text\">Wie Kann ich die Gr\u00f6\u00dfe und Farbe des Widget \u00e4ndern?<\/h3>\r\n\r\n\t\t\t\t\t\t<div class=\"faq-item-question-icon\"><\/div>\r\n\t\t\t\t\t<\/div>\r\n\r\n\t\t\t\t\t<div class=\"faq-item-answer\">\r\n\t\t\t\t\t\t<div class=\"faq-item-answer-text\">\nElfsight Live-Editor beschert Ihnen volle Freiheit f\u00fcr die Individualisierung Ihres Plugins. Sie k\u00f6nnen die Gr\u00f6\u00dfe des Widgets in Pixeln einstellen, oder bedienen Sie eine automatische Gr\u00f6\u00dfeneinstellung. Folglich k\u00f6nnen Sie jede Farbt\u00f6ne aus der Palette beschlie\u00dfen oder einer von vorgeschlagene Farbschemen bedienen. \n<\/div>\r\n\t\t\t\t\t<\/div>\r\n\t\t\t\t<\/div>\n<\/div>\n\n","protected":false},"excerpt":{"rendered":"","protected":false},"author":13,"featured_media":0,"parent":2301,"menu_order":0,"comment_status":"closed","ping_status":"closed","template":"templates\/template-application-create.php","meta":{"publish_to_discourse":"","publish_post_category":"","wpdc_auto_publish_overridden":"","wpdc_topic_tags":"","wpdc_pin_topic":"","wpdc_pin_until":"","discourse_post_id":"","discourse_permalink":"","wpdc_publishing_response":"","wpdc_publishing_error":"","footnotes":""},"class_list":["post-2292","page","type-page","status-publish","hentry"],"yoast_head":"<!-- This site is optimized with the Yoast SEO plugin v25.3.1 - https:\/\/yoast.com\/wordpress\/plugins\/seo\/ -->\n<title>Hintergrundmusik Widget f\u00fcr Ihre Website in 3 min (schnell und kostenlos)<\/title>\n<meta name=\"description\" content=\"Erstellen Hintergrundmusik Widget f\u00fcr Ihre Website mithilfe einem Online-Editor. Binden ein Audio-Player Widget von Elfsight kostenlos ein.\" \/>\n<meta name=\"robots\" content=\"index, follow, max-snippet:-1, max-image-preview:large, max-video-preview:-1\" \/>\n<link rel=\"canonical\" href=\"https:\/\/elfsight.com\/de\/background-music-widget\/create\/\" \/>\n<meta property=\"og:locale\" content=\"de_DE\" \/>\n<meta property=\"og:type\" content=\"article\" \/>\n<meta property=\"og:title\" content=\"Hintergrundmusik Widget f\u00fcr Ihre Website in 3 min (schnell und kostenlos)\" \/>\n<meta property=\"og:description\" content=\"Erstellen Hintergrundmusik Widget f\u00fcr Ihre Website mithilfe einem Online-Editor. Binden ein Audio-Player Widget von Elfsight kostenlos ein.\" \/>\n<meta property=\"og:url\" content=\"https:\/\/elfsight.com\/de\/background-music-widget\/create\/\" \/>\n<meta property=\"og:site_name\" content=\"Elfsight DE\" \/>\n<meta property=\"article:modified_time\" content=\"2020-09-10T12:25:37+00:00\" \/>\n<meta name=\"twitter:card\" content=\"summary_large_image\" \/>\n<meta name=\"twitter:label1\" content=\"Gesch\u00e4tzte Lesezeit\" \/>\n\t<meta name=\"twitter:data1\" content=\"1\u00a0Minute\" \/>\n<!-- \/ Yoast SEO plugin. -->","yoast_head_json":{"title":"Hintergrundmusik Widget f\u00fcr Ihre Website in 3 min (schnell und kostenlos)","description":"Erstellen Hintergrundmusik Widget f\u00fcr Ihre Website mithilfe einem Online-Editor. Binden ein Audio-Player Widget von Elfsight kostenlos ein.","robots":{"index":"index","follow":"follow","max-snippet":"max-snippet:-1","max-image-preview":"max-image-preview:large","max-video-preview":"max-video-preview:-1"},"canonical":"https:\/\/elfsight.com\/de\/background-music-widget\/create\/","og_locale":"de_DE","og_type":"article","og_title":"Hintergrundmusik Widget f\u00fcr Ihre Website in 3 min (schnell und kostenlos)","og_description":"Erstellen Hintergrundmusik Widget f\u00fcr Ihre Website mithilfe einem Online-Editor. Binden ein Audio-Player Widget von Elfsight kostenlos ein.","og_url":"https:\/\/elfsight.com\/de\/background-music-widget\/create\/","og_site_name":"Elfsight DE","article_modified_time":"2020-09-10T12:25:37+00:00","twitter_card":"summary_large_image","twitter_misc":{"Gesch\u00e4tzte Lesezeit":"1\u00a0Minute"},"schema":{"@context":"https:\/\/schema.org","@graph":[{"@type":"WebPage","@id":"https:\/\/elfsight.com\/de\/background-music-widget\/create\/","url":"https:\/\/elfsight.com\/de\/background-music-widget\/create\/","name":"Hintergrundmusik Widget f\u00fcr Ihre Website in 3 min (schnell und kostenlos)","isPartOf":{"@id":"https:\/\/elfsight.com\/de\/#website"},"datePublished":"2020-08-18T09:54:12+00:00","dateModified":"2020-09-10T12:25:37+00:00","description":"Erstellen Hintergrundmusik Widget f\u00fcr Ihre Website mithilfe einem Online-Editor. Binden ein Audio-Player Widget von Elfsight kostenlos ein.","breadcrumb":{"@id":"https:\/\/elfsight.com\/de\/background-music-widget\/create\/#breadcrumb"},"inLanguage":"de","potentialAction":[{"@type":"ReadAction","target":["https:\/\/elfsight.com\/de\/background-music-widget\/create\/"]}]},{"@type":"BreadcrumbList","@id":"https:\/\/elfsight.com\/de\/background-music-widget\/create\/#breadcrumb","itemListElement":[{"@type":"ListItem","position":1,"name":"Home","item":"https:\/\/elfsight.com\/de\/"},{"@type":"ListItem","position":2,"name":"Background Music","item":"https:\/\/elfsight.com\/de\/background-music-widget\/"},{"@type":"ListItem","position":3,"name":"Background Music &#8211; Create"}]},{"@type":"WebSite","@id":"https:\/\/elfsight.com\/de\/#website","url":"https:\/\/elfsight.com\/de\/","name":"Elfsight DE","description":"Just another Elfsight Sites site","potentialAction":[{"@type":"SearchAction","target":{"@type":"EntryPoint","urlTemplate":"https:\/\/elfsight.com\/de\/?s={search_term_string}"},"query-input":{"@type":"PropertyValueSpecification","valueRequired":true,"valueName":"search_term_string"}}],"inLanguage":"de"}]}},"meta_box":{"industry":"","seo_heading":"","heading":"","description":"","cta_heading":"","cta_description":"","application":"2274","h1":"","h1_caption":"","application_category":[],"applications_title":"","applications_request_title":"","applications_request_button_text":"","hero_text":"","hero_video":"","hero_video_schema_markup":"","selling_points_title":"","selling_points_caption":"","selling_points":[],"selling_points_cta_text":"","features_title":"","features":"","ed_cta_examples_text":"","ed_cta_examples_hidden":"","ed_cta_demo_text":"","ed_cta_demo_hidden":"","why_caption":"","why_editor_title":"","why_editor_text":"","why_team_title":"","why_team_text":"","why_service_title":"","why_service_text":"","template_catalog_visible":"","template_catalog_title":"","template_catalog_text":"","template_catalog_categories_visible":"","demo_title":"","demo_caption":"","default_faq_hidden":"","app_template_category":[],"platform":"","template_public_id":"","codecanyon_url":"","codecanyon_item_id":"","codecanyon_price":"","pricing_caption":"","pricing_elfsight_apps_hide_column":"","pricing_elfsight_apps_url":"","pricing_codecanyon_price_caption":"","integration_category":[],"integration_request_title":"","integration_request_cta":"","integration_platform":"","integrations":[],"platform_category":[],"video_schema_markup":"","price":"","trial":"","benefits":[],"button_url":"","button_target_blank":"","button_nofollow":"","attributes":[],"tags":[],"tags_disable_links":"","hide_more_platforms":"","video_object":"","demo_hide_cta":"","demo_hide_cloud_options":"","pricing_title":"","pricing":[],"related_apps_title":"","related_apps_hidden":"","author":"","image":[],"title":"","job":"","social_networks":[]},"_links":{"self":[{"href":"https:\/\/elfsight.com\/de\/wp-json\/wp\/v2\/pages\/2292","targetHints":{"allow":["GET"]}}],"collection":[{"href":"https:\/\/elfsight.com\/de\/wp-json\/wp\/v2\/pages"}],"about":[{"href":"https:\/\/elfsight.com\/de\/wp-json\/wp\/v2\/types\/page"}],"author":[{"embeddable":true,"href":"https:\/\/elfsight.com\/de\/wp-json\/wp\/v2\/users\/13"}],"replies":[{"embeddable":true,"href":"https:\/\/elfsight.com\/de\/wp-json\/wp\/v2\/comments?post=2292"}],"version-history":[{"count":5,"href":"https:\/\/elfsight.com\/de\/wp-json\/wp\/v2\/pages\/2292\/revisions"}],"predecessor-version":[{"id":2752,"href":"https:\/\/elfsight.com\/de\/wp-json\/wp\/v2\/pages\/2292\/revisions\/2752"}],"up":[{"embeddable":true,"href":"https:\/\/elfsight.com\/de\/wp-json\/wp\/v2\/pages\/2301"}],"wp:attachment":[{"href":"https:\/\/elfsight.com\/de\/wp-json\/wp\/v2\/media?parent=2292"}],"curies":[{"name":"wp","href":"https:\/\/api.w.org\/{rel}","templated":true}]}}