{"id":22910,"date":"2024-09-30T18:27:29","date_gmt":"2024-09-30T18:27:29","guid":{"rendered":"https:\/\/elfsight.com\/de\/?page_id=22910"},"modified":"2025-07-09T14:13:44","modified_gmt":"2025-07-09T14:13:44","slug":"jquery","status":"publish","type":"page","link":"https:\/\/elfsight.com\/de\/poll-widget\/jquery\/","title":{"rendered":"poll &#8211; jquery"},"content":{"rendered":"<div class=\"application-platform-content-item-description application-platform-content-item\" id=\"description\" data-nav-section=\"description\"> <h2>Umfrage mit einem Elfsight-Plugin in jQuery einbetten<\/h2> <p>F\u00fcgen Sie ganz einfach ein benutzerdefiniertes Umfrage-Plugin zu Ihrer Website hinzu, um die Benutzerinteraktion zu steigern und Erkenntnisse sammeln. Mit nur wenigen Schritten erstellen Sie interaktive Umfragen mit zahlreichen Fragetypen wie Multiple Choice und Bewertungsskalen. Die Einrichtung Ihrer Umfrage ist schnell und einfach. <\/p><p>Mit nur einem Klick k\u00f6nnen Sie neue Umfragen erstellen und die Ergebnisse werden in Echtzeit pr\u00e4sentiert. Mit bedingter Logik k\u00f6nnen Sie Fragen basierend auf Kundenantworten personalisieren. Das Plugin l\u00e4sst sich auch in g\u00e4ngige CRM- und E-Mail-Tools integrieren, sodass Sie Ihre Daten einfacher organisieren und Ihre Dienste entsprechend den Kundenerwartungen aktualisieren k\u00f6nnen. <\/p><p><b>Erstellen Sie ganz einfach individuelle Umfragen, um herauszufinden, was Ihre Zielgruppe von Ihrem Unternehmen erwartet! <\/b><\/p><\/div> <div class=\"application-platform-content-item-features application-platform-content-item\" id=\"features\" data-nav-section=\"features\"> <h2>Im Folgenden sind die Grundfunktionen des Plugins aufgef\u00fchrt: <\/h2><ul><li><b>Machen Sie Ihre Umfragen mit Bedingungen pers\u00f6nlich Logik. <\/b> Sie k\u00f6nnen anstehende Fragen dynamisch \u00e4ndern und so f\u00fcr ein individuelleres und g\u00fcnstigeres Umfrageerlebnis sorgen. <\/li><li><b>Erstellen Sie ansprechende Umfragen mit nur wenigen Klicks. <\/b> Unser benutzerfreundlicher Editor macht es einfach, ansprechende Umfragen zu erstellen, um problemlos Antworten und Meinungen zu sammeln. <\/li><li><b>Verwandeln Sie Antworten in Echtzeitverk\u00e4ufe. <\/b> Verstehen Sie die Erwartungen der Benutzer sofort und bieten Sie sofort relevante L\u00f6sungen an, um Antworten in Gesch\u00e4ftsm\u00f6glichkeiten umzuwandeln. <\/li><li><b>Verwenden Sie verschiedene Arten von Feldern und Eingabedaten. <\/b> Passen Sie Ihre benutzerdefinierte Umfrage an, um mithilfe von Optionsfeldern, Dropdown-Listen, Kontrollk\u00e4stchen, Textfeldern und vielen anderen Elementen die erforderlichen Daten zu erhalten. <\/li><li><b>Beginnen Sie mit einer perfekt vorgefertigten Vorlage. <\/b> W\u00e4hlen Sie aus einer Reihe professionell gestalteter Umfrageideen, die f\u00fcr verschiedene Umfragetypen und Gesch\u00e4ftsziele optimiert sind. <\/li><\/ul><p><a href=\"#demo\">Probieren Sie den intuitiven Editor aus, um herauszufinden, wie das Plugin funktioniert<\/a><\/p><\/div> <div class=\"application-platform-content-item-installation application-platform-content-item\" id=\"installation\" data-nav-section=\"installation\"> <h2>Wie bette ich Poll in meine jQuery-Website ein? <\/h2><p>Wir bieten eine unkomplizierte Anleitung zum Einrichten des Plugins auf Ihrer jQuery-Website. Es dauert nur wenige Minuten und erfordert keine Programmierung. <\/p> <ol><li><strong>Erstellen Sie Ihr individuelles Umfrage-Plugin<\/strong><br> Beginnen Sie mit einer beliebigen Vorlage im Editor, arbeiten Sie mit den praktischen Elementen des Editors und passen Sie das Plugin an Ihr gew\u00fcnschtes Design an und Einstellungen. <\/li><li><strong>Erhalten Sie den pers\u00f6nlichen Code zum Einbetten des Plugins<\/strong><br> Sobald Sie mit der Erstellung des Plugins fertig sind, erhalten Sie einen individuellen HTML-Code in Ihrem Dashboard. Kopieren Sie diesen Code, der alle Informationen zu Ihren Anpassungen enth\u00e4lt. <\/li> <li><strong>Zeigen Sie das Plugin auf Ihrer jQuery-Website an<\/strong><br> Definieren Sie die Abschnitte Ihrer Website, in denen die Umfrage angezeigt werden soll, und f\u00fcgen Sie den Code dort ein. Speichern Sie die \u00c4nderungen. <\/li> <\/ol><p>Das ist es! \u00dcberpr\u00fcfen Sie nun, wie das Plugin auf Ihrer Website funktioniert. <\/p><p>Wenn Sie beim Einbetten des Plugins in eine Website auf Unannehmlichkeiten sto\u00dfen, wenden Sie sich einfach an unser Hilfecenter. Wir zeigen Ihnen gerne, wie Sie Ihre Umfrage hinzuf\u00fcgen und verwalten. <\/p><\/div>","protected":false},"excerpt":{"rendered":"","protected":false},"author":9,"featured_media":0,"parent":22477,"menu_order":0,"comment_status":"closed","ping_status":"closed","template":"templates\/template-application-platform.php","meta":{"publish_to_discourse":"","publish_post_category":"","wpdc_auto_publish_overridden":"","wpdc_topic_tags":"","wpdc_pin_topic":"","wpdc_pin_until":"","discourse_post_id":"","discourse_permalink":"","wpdc_publishing_response":"","wpdc_publishing_error":"","footnotes":""},"class_list":["post-22910","page","type-page","status-publish","hentry"],"yoast_head":"<!-- This site is optimized with the Yoast SEO plugin v25.3.1 - https:\/\/yoast.com\/wordpress\/plugins\/seo\/ -->\n<title>jQuery-Umfrage-Plugin \u2013 F\u00fcgen Sie eine Umfrage zu Ihrer jQuery-Website hinzu [KOSTENLOS]<\/title>\n<meta name=\"description\" content=\"F\u00fcgen Sie Ihrer jQuery-Website ein codefreies Umfrage-Plugin hinzu. Schauen Sie sich den Schnelleditor von Elfsight an, um ganz einfach Ihre pers\u00f6nliche L\u00f6sung zu erstellen.\" \/>\n<meta name=\"robots\" content=\"index, follow, max-snippet:-1, max-image-preview:large, max-video-preview:-1\" \/>\n<link rel=\"canonical\" href=\"https:\/\/elfsight.com\/de\/poll-widget\/jquery\/\" \/>\n<meta property=\"og:locale\" content=\"de_DE\" \/>\n<meta property=\"og:type\" content=\"article\" \/>\n<meta property=\"og:title\" content=\"jQuery-Umfrage-Plugin \u2013 F\u00fcgen Sie eine Umfrage zu Ihrer jQuery-Website hinzu [KOSTENLOS]\" \/>\n<meta property=\"og:description\" content=\"F\u00fcgen Sie Ihrer jQuery-Website ein codefreies Umfrage-Plugin hinzu. Schauen Sie sich den Schnelleditor von Elfsight an, um ganz einfach Ihre pers\u00f6nliche L\u00f6sung zu erstellen.\" \/>\n<meta property=\"og:url\" content=\"https:\/\/elfsight.com\/de\/poll-widget\/jquery\/\" \/>\n<meta property=\"og:site_name\" content=\"Elfsight DE\" \/>\n<meta property=\"article:modified_time\" content=\"2025-07-09T14:13:44+00:00\" \/>\n<meta name=\"twitter:card\" content=\"summary_large_image\" \/>\n<meta name=\"twitter:label1\" content=\"Gesch\u00e4tzte Lesezeit\" \/>\n\t<meta name=\"twitter:data1\" content=\"2\u00a0Minuten\" \/>\n<!-- \/ Yoast SEO plugin. -->","yoast_head_json":{"title":"jQuery-Umfrage-Plugin \u2013 F\u00fcgen Sie eine Umfrage zu Ihrer jQuery-Website hinzu [KOSTENLOS]","description":"F\u00fcgen Sie Ihrer jQuery-Website ein codefreies Umfrage-Plugin hinzu. Schauen Sie sich den Schnelleditor von Elfsight an, um ganz einfach Ihre pers\u00f6nliche L\u00f6sung zu erstellen.","robots":{"index":"index","follow":"follow","max-snippet":"max-snippet:-1","max-image-preview":"max-image-preview:large","max-video-preview":"max-video-preview:-1"},"canonical":"https:\/\/elfsight.com\/de\/poll-widget\/jquery\/","og_locale":"de_DE","og_type":"article","og_title":"jQuery-Umfrage-Plugin \u2013 F\u00fcgen Sie eine Umfrage zu Ihrer jQuery-Website hinzu [KOSTENLOS]","og_description":"F\u00fcgen Sie Ihrer jQuery-Website ein codefreies Umfrage-Plugin hinzu. Schauen Sie sich den Schnelleditor von Elfsight an, um ganz einfach Ihre pers\u00f6nliche L\u00f6sung zu erstellen.","og_url":"https:\/\/elfsight.com\/de\/poll-widget\/jquery\/","og_site_name":"Elfsight DE","article_modified_time":"2025-07-09T14:13:44+00:00","twitter_card":"summary_large_image","twitter_misc":{"Gesch\u00e4tzte Lesezeit":"2\u00a0Minuten"},"schema":{"@context":"https:\/\/schema.org","@graph":[{"@type":"WebPage","@id":"https:\/\/elfsight.com\/de\/poll-widget\/jquery\/","url":"https:\/\/elfsight.com\/de\/poll-widget\/jquery\/","name":"jQuery-Umfrage-Plugin \u2013 F\u00fcgen Sie eine Umfrage zu Ihrer jQuery-Website hinzu [KOSTENLOS]","isPartOf":{"@id":"https:\/\/elfsight.com\/de\/#website"},"datePublished":"2024-09-30T18:27:29+00:00","dateModified":"2025-07-09T14:13:44+00:00","description":"F\u00fcgen Sie Ihrer jQuery-Website ein codefreies Umfrage-Plugin hinzu. Schauen Sie sich den Schnelleditor von Elfsight an, um ganz einfach Ihre pers\u00f6nliche L\u00f6sung zu erstellen.","breadcrumb":{"@id":"https:\/\/elfsight.com\/de\/poll-widget\/jquery\/#breadcrumb"},"inLanguage":"de","potentialAction":[{"@type":"ReadAction","target":["https:\/\/elfsight.com\/de\/poll-widget\/jquery\/"]}]},{"@type":"BreadcrumbList","@id":"https:\/\/elfsight.com\/de\/poll-widget\/jquery\/#breadcrumb","itemListElement":[{"@type":"ListItem","position":1,"name":"Home","item":"https:\/\/elfsight.com\/de\/"},{"@type":"ListItem","position":2,"name":"Poll","item":"https:\/\/elfsight.com\/de\/poll-widget\/"},{"@type":"ListItem","position":3,"name":"poll &#8211; jquery"}]},{"@type":"WebSite","@id":"https:\/\/elfsight.com\/de\/#website","url":"https:\/\/elfsight.com\/de\/","name":"Elfsight DE","description":"Just another Elfsight Sites site","potentialAction":[{"@type":"SearchAction","target":{"@type":"EntryPoint","urlTemplate":"https:\/\/elfsight.com\/de\/?s={search_term_string}"},"query-input":{"@type":"PropertyValueSpecification","valueRequired":true,"valueName":"search_term_string"}}],"inLanguage":"de"}]}},"meta_box":{"industry":"","seo_heading":"","heading":"","description":"","cta_heading":"","cta_description":"","application":"22467","h1":"Umfrage zur jQuery-Website hinzuf\u00fcgen","h1_caption":"Binden Sie die Besucher Ihrer jQuery-Website ein, indem Sie interaktive Umfragen erstellen, die Ihnen dabei helfen, wertvolles Feedback und Erkenntnisse zu sammeln, um Ihre Produkte und Dienstleistungen zu verbessern.","application_category":[],"applications_title":"","applications_request_title":"","applications_request_button_text":"","hero_text":"","hero_video":"","hero_video_schema_markup":"","selling_points_title":"","selling_points_caption":"","selling_points":[],"selling_points_cta_text":"","features_title":"","features":"","ed_cta_examples_text":"","ed_cta_examples_hidden":"","ed_cta_demo_text":"","ed_cta_demo_hidden":"","why_caption":"","why_editor_title":"","why_editor_text":"","why_team_title":"","why_team_text":"","why_service_title":"","why_service_text":"","template_catalog_visible":"0","template_catalog_title":"","template_catalog_text":"","template_catalog_categories_visible":"","demo_title":"Erstellen Sie Ihr Umfrage-Plugin","demo_caption":"Configure your Poll and add it to your jQuery website for free!","default_faq_hidden":"","app_template_category":[],"platform":"258","template_public_id":"","codecanyon_url":"","codecanyon_item_id":"","codecanyon_price":"","pricing_caption":"","pricing_elfsight_apps_hide_column":"","pricing_elfsight_apps_url":"","pricing_codecanyon_price_caption":"","integration_category":[],"integration_request_title":"","integration_request_cta":"","integration_platform":"","integrations":[],"platform_category":[],"video_schema_markup":"","price":"ab 0 $ \/ Monat","trial":"","benefits":[{"text":"Kostenlose Installationsunterst\u00fctzung"},{"text":"Premium-Support"},{"text":"14-t\u00e4gige R\u00fcckerstattungsgarantie"},{"text":"Laufende Verbesserungen"}],"button_url":"#demo","button_target_blank":"","button_nofollow":"","attributes":[{"name":"Installieren","content":"50,000 - 100,000"},{"name":"Reaktionsfreudig","content":"Ja"},{"name":"Kompatible Browser","content":"Firefox, Safari, Opera, Chrome, Edge"}],"tags":[],"tags_disable_links":"","hide_more_platforms":"","video_object":"","demo_hide_cta":"","demo_hide_cloud_options":"","pricing_title":"","pricing":[{"pricing_icon":"platform","pricing_title":"Elfsight Apps","pricing_title_caption":"Plattform\u00fcbergreifende digitale L\u00f6sung, die f\u00fcr jeden Standort geeignet ist","pricing_price":"ab 0 $ \/ Monat","pricing_price_caption":"Beginnen Sie mit einem kostenlosen Plan","pricing_benefits":[{"text":"Unbegrenzte Domains"},{"text":"Professionelle Unternehmensunterst\u00fctzung"},{"text":"Kostenlose Installationshilfe"},{"text":"Flexibles Design"}],"pricing_button_text":"Zur Website hinzuf\u00fcgen","pricing_button_url":"#demo"}],"related_apps_title":"","related_apps_hidden":"","author":"","image":[],"title":"","job":"","social_networks":[]},"_links":{"self":[{"href":"https:\/\/elfsight.com\/de\/wp-json\/wp\/v2\/pages\/22910","targetHints":{"allow":["GET"]}}],"collection":[{"href":"https:\/\/elfsight.com\/de\/wp-json\/wp\/v2\/pages"}],"about":[{"href":"https:\/\/elfsight.com\/de\/wp-json\/wp\/v2\/types\/page"}],"author":[{"embeddable":true,"href":"https:\/\/elfsight.com\/de\/wp-json\/wp\/v2\/users\/9"}],"replies":[{"embeddable":true,"href":"https:\/\/elfsight.com\/de\/wp-json\/wp\/v2\/comments?post=22910"}],"version-history":[{"count":1,"href":"https:\/\/elfsight.com\/de\/wp-json\/wp\/v2\/pages\/22910\/revisions"}],"predecessor-version":[{"id":22914,"href":"https:\/\/elfsight.com\/de\/wp-json\/wp\/v2\/pages\/22910\/revisions\/22914"}],"up":[{"embeddable":true,"href":"https:\/\/elfsight.com\/de\/wp-json\/wp\/v2\/pages\/22477"}],"wp:attachment":[{"href":"https:\/\/elfsight.com\/de\/wp-json\/wp\/v2\/media?parent=22910"}],"curies":[{"name":"wp","href":"https:\/\/api.w.org\/{rel}","templated":true}]}}