{"id":22894,"date":"2024-09-30T18:27:29","date_gmt":"2024-09-30T18:27:29","guid":{"rendered":"https:\/\/elfsight.com\/de\/?page_id=22894"},"modified":"2025-07-09T14:13:33","modified_gmt":"2025-07-09T14:13:33","slug":"jimdo","status":"publish","type":"page","link":"https:\/\/elfsight.com\/de\/poll-widget\/jimdo\/","title":{"rendered":"poll &#8211; jimdo"},"content":{"rendered":"<div class=\"application-platform-content-item-description application-platform-content-item\" id=\"description\" data-nav-section=\"description\"> <h2>Umfrage mit einem Elfsight-Widget in Jimdo einbetten<\/h2> <p>F\u00fcgen Sie ganz einfach ein pers\u00f6nliches Umfrage-Widget zu jeder Website hinzu, um die Benutzerinteraktion zu erh\u00f6hen und Erkenntnisse sammeln. Mit nur wenigen Schritten k\u00f6nnen Sie interaktive Frageb\u00f6gen mit mehreren Fragetypen wie Multiple Choice und Bewertungsskalen erstellen. Das Einrichten Ihrer Umfrage ist schnell und einfach. <\/p><p>Mit nur einem Klick k\u00f6nnen Sie neue Umfragen erstellen und die Ergebnisse werden in Echtzeit pr\u00e4sentiert. Mit bedingter Logik k\u00f6nnen Sie Fragen basierend auf Kundenantworten anpassen. Das Widget funktioniert auch mit g\u00e4ngigen CRM- und E-Mail-Tools und erleichtert so die Organisation Ihrer Daten und die Verbesserung Ihrer Dienstleistungen entsprechend den Kundenerwartungen. <\/p><p><b>Erstellen Sie schnell individuelle Umfragen, um zu erfahren, was Ihre Zielgruppe von Ihrem Unternehmen erwartet! <\/b><\/p><\/div> <div class=\"application-platform-content-item-features application-platform-content-item\" id=\"features\" data-nav-section=\"features\"> <h2>Dies sind nur einige der umfangreichen Widget-Funktionen: <\/h2><ul><li><b>Machen Sie Ihre Umfragen flexibel mit bedingter Logik. <\/b> Sie k\u00f6nnen Folgefragen dynamisch anpassen und so f\u00fcr ein benutzerorientierteres und sinnvolleres Umfrageerlebnis sorgen. <\/li><li><b>Erstellen Sie ansprechende Umfragen mit nur wenigen Klicks. <\/b> Unser intuitiver Editor macht es einfach, ansprechende Umfragen zu starten, um problemlos Antworten und Feedback zu sammeln. <\/li><li><b>Verwandeln Sie Antworten in Echtzeit-Konvertierungen. <\/b> Verstehen Sie die Bed\u00fcrfnisse der Benutzer vor Ort und schlagen Sie sofort relevante L\u00f6sungen vor, um Antworten in Gesch\u00e4ftsm\u00f6glichkeiten umzuwandeln. <\/li><li><b>Verwenden Sie mehrere Arten von Feldern und Eingabedaten. <\/b> Erstellen Sie Ihre benutzerdefinierte Umfrage, um beliebige Daten mithilfe von Optionsfeldern, Dropdown-Listen, Kontrollk\u00e4stchen, Textfeldern und vielen anderen Elementen zu gewinnen. <\/li><li><b>Beginnen Sie mit einer geeigneten vorgefertigten Vorlage. <\/b> W\u00e4hlen Sie aus einer Vielzahl professionell gestalteter Umfragevorlagen, die f\u00fcr verschiedene Umfragetypen und Gesch\u00e4ftsaufgaben optimiert sind. <\/li><\/ul><p><a href=\"#demo\">Schauen Sie sich einfach alle St\u00e4rken unseres Widgets im Editor direkt auf dieser Seite an<\/a><\/p><\/div> <div class=\"application-platform-content-item-installation application-platform-content-item\" id=\"installation\" data-nav-section=\"installation\"> <h2>Wie kann ich Poll in meine Jimdo-Website einbetten? <\/h2><p>Hier ist eine einfache Anleitung, wie Sie das Widget auf Ihrer Jimdo-Website integrieren. Es dauert nur wenige Minuten und erfordert keine Programmierung. <\/p> <ol><li><strong>Erstellen Sie Ihr benutzerdefiniertes Umfrage-Widget<\/strong><br> Beginnen Sie mit einer beliebigen Vorlage im Editor, arbeiten Sie mit den benutzerfreundlichen Elementen des Editors und passen Sie das Widget an Ihre Bed\u00fcrfnisse an bevorzugtes Design und Optionen. <\/li><li><strong>Erhalten Sie den pers\u00f6nlichen Code zum Einbetten des Widgets<\/strong><br> Sobald Sie Ihr Widget erstellt haben, erhalten Sie einen individuellen HTML-Code in Ihrem Dashboard. Kopieren Sie die Datei, die alle Informationen zu Ihren Einstellungen enth\u00e4lt. <\/li> <li><strong>Pr\u00e4sentieren Sie das Widget auf Ihrer Jimdo-Website<\/strong><br> Definieren Sie die Abschnitte Ihrer Website, in denen Sie die Umfrage pr\u00e4sentieren m\u00f6chten, und f\u00fcgen Sie dort den Code ein. Speichern Sie die \u00c4nderungen. <\/li> <\/ol><p>Das ist es! \u00dcberpr\u00fcfen Sie nun, wie das Widget auf Ihrer Website funktioniert. <\/p><p>Wenn Sie beim Einbetten des Widgets in eine Website auf Unannehmlichkeiten sto\u00dfen, wenden Sie sich bitte an unser Hilfecenter. Wir erkl\u00e4ren Ihnen gerne, wie Sie Ihre Umfrage hinzuf\u00fcgen und verwalten. <\/p><\/div>","protected":false},"excerpt":{"rendered":"","protected":false},"author":9,"featured_media":0,"parent":22477,"menu_order":0,"comment_status":"closed","ping_status":"closed","template":"templates\/template-application-platform.php","meta":{"publish_to_discourse":"","publish_post_category":"","wpdc_auto_publish_overridden":"","wpdc_topic_tags":"","wpdc_pin_topic":"","wpdc_pin_until":"","discourse_post_id":"","discourse_permalink":"","wpdc_publishing_response":"","wpdc_publishing_error":"","footnotes":""},"class_list":["post-22894","page","type-page","status-publish","hentry"],"yoast_head":"<!-- This site is optimized with the Yoast SEO plugin v25.3.1 - https:\/\/yoast.com\/wordpress\/plugins\/seo\/ -->\n<title>Jimdo-Umfrage-Widget \u2013 Umfrage zu Ihrer Jimdo-Website hinzuf\u00fcgen [KOSTENLOS]<\/title>\n<meta name=\"description\" content=\"F\u00fcgen Sie Ihrer Jimdo-Website ein nahtloses Umfrage-Widget hinzu. Verwenden Sie den einfachen Editor von Elfsight, um m\u00fchelos Ihre individuelle L\u00f6sung zu erstellen.\" \/>\n<meta name=\"robots\" content=\"index, follow, max-snippet:-1, max-image-preview:large, max-video-preview:-1\" \/>\n<link rel=\"canonical\" href=\"https:\/\/elfsight.com\/de\/poll-widget\/jimdo\/\" \/>\n<meta property=\"og:locale\" content=\"de_DE\" \/>\n<meta property=\"og:type\" content=\"article\" \/>\n<meta property=\"og:title\" content=\"Jimdo-Umfrage-Widget \u2013 Umfrage zu Ihrer Jimdo-Website hinzuf\u00fcgen [KOSTENLOS]\" \/>\n<meta property=\"og:description\" content=\"F\u00fcgen Sie Ihrer Jimdo-Website ein nahtloses Umfrage-Widget hinzu. Verwenden Sie den einfachen Editor von Elfsight, um m\u00fchelos Ihre individuelle L\u00f6sung zu erstellen.\" \/>\n<meta property=\"og:url\" content=\"https:\/\/elfsight.com\/de\/poll-widget\/jimdo\/\" \/>\n<meta property=\"og:site_name\" content=\"Elfsight DE\" \/>\n<meta property=\"article:modified_time\" content=\"2025-07-09T14:13:33+00:00\" \/>\n<meta name=\"twitter:card\" content=\"summary_large_image\" \/>\n<meta name=\"twitter:label1\" content=\"Gesch\u00e4tzte Lesezeit\" \/>\n\t<meta name=\"twitter:data1\" content=\"2\u00a0Minuten\" \/>\n<!-- \/ Yoast SEO plugin. -->","yoast_head_json":{"title":"Jimdo-Umfrage-Widget \u2013 Umfrage zu Ihrer Jimdo-Website hinzuf\u00fcgen [KOSTENLOS]","description":"F\u00fcgen Sie Ihrer Jimdo-Website ein nahtloses Umfrage-Widget hinzu. Verwenden Sie den einfachen Editor von Elfsight, um m\u00fchelos Ihre individuelle L\u00f6sung zu erstellen.","robots":{"index":"index","follow":"follow","max-snippet":"max-snippet:-1","max-image-preview":"max-image-preview:large","max-video-preview":"max-video-preview:-1"},"canonical":"https:\/\/elfsight.com\/de\/poll-widget\/jimdo\/","og_locale":"de_DE","og_type":"article","og_title":"Jimdo-Umfrage-Widget \u2013 Umfrage zu Ihrer Jimdo-Website hinzuf\u00fcgen [KOSTENLOS]","og_description":"F\u00fcgen Sie Ihrer Jimdo-Website ein nahtloses Umfrage-Widget hinzu. Verwenden Sie den einfachen Editor von Elfsight, um m\u00fchelos Ihre individuelle L\u00f6sung zu erstellen.","og_url":"https:\/\/elfsight.com\/de\/poll-widget\/jimdo\/","og_site_name":"Elfsight DE","article_modified_time":"2025-07-09T14:13:33+00:00","twitter_card":"summary_large_image","twitter_misc":{"Gesch\u00e4tzte Lesezeit":"2\u00a0Minuten"},"schema":{"@context":"https:\/\/schema.org","@graph":[{"@type":"WebPage","@id":"https:\/\/elfsight.com\/de\/poll-widget\/jimdo\/","url":"https:\/\/elfsight.com\/de\/poll-widget\/jimdo\/","name":"Jimdo-Umfrage-Widget \u2013 Umfrage zu Ihrer Jimdo-Website hinzuf\u00fcgen [KOSTENLOS]","isPartOf":{"@id":"https:\/\/elfsight.com\/de\/#website"},"datePublished":"2024-09-30T18:27:29+00:00","dateModified":"2025-07-09T14:13:33+00:00","description":"F\u00fcgen Sie Ihrer Jimdo-Website ein nahtloses Umfrage-Widget hinzu. Verwenden Sie den einfachen Editor von Elfsight, um m\u00fchelos Ihre individuelle L\u00f6sung zu erstellen.","breadcrumb":{"@id":"https:\/\/elfsight.com\/de\/poll-widget\/jimdo\/#breadcrumb"},"inLanguage":"de","potentialAction":[{"@type":"ReadAction","target":["https:\/\/elfsight.com\/de\/poll-widget\/jimdo\/"]}]},{"@type":"BreadcrumbList","@id":"https:\/\/elfsight.com\/de\/poll-widget\/jimdo\/#breadcrumb","itemListElement":[{"@type":"ListItem","position":1,"name":"Home","item":"https:\/\/elfsight.com\/de\/"},{"@type":"ListItem","position":2,"name":"Poll","item":"https:\/\/elfsight.com\/de\/poll-widget\/"},{"@type":"ListItem","position":3,"name":"poll &#8211; jimdo"}]},{"@type":"WebSite","@id":"https:\/\/elfsight.com\/de\/#website","url":"https:\/\/elfsight.com\/de\/","name":"Elfsight DE","description":"Just another Elfsight Sites site","potentialAction":[{"@type":"SearchAction","target":{"@type":"EntryPoint","urlTemplate":"https:\/\/elfsight.com\/de\/?s={search_term_string}"},"query-input":{"@type":"PropertyValueSpecification","valueRequired":true,"valueName":"search_term_string"}}],"inLanguage":"de"}]}},"meta_box":{"industry":"","seo_heading":"","heading":"","description":"","cta_heading":"","cta_description":"","application":"22467","h1":"Umfrage zur Jimdo-Website hinzuf\u00fcgen","h1_caption":"Binden Sie die Besucher Ihrer Jimdo-Website ein, indem Sie interaktive Umfragen erstellen, die Ihnen dabei helfen, wertvolles Feedback und Erkenntnisse zu sammeln, um Ihre Produkte und Dienstleistungen zu verbessern.","application_category":[],"applications_title":"","applications_request_title":"","applications_request_button_text":"","hero_text":"","hero_video":"","hero_video_schema_markup":"","selling_points_title":"","selling_points_caption":"","selling_points":[],"selling_points_cta_text":"","features_title":"","features":"","ed_cta_examples_text":"","ed_cta_examples_hidden":"","ed_cta_demo_text":"","ed_cta_demo_hidden":"","why_caption":"","why_editor_title":"","why_editor_text":"","why_team_title":"","why_team_text":"","why_service_title":"","why_service_text":"","template_catalog_visible":"0","template_catalog_title":"","template_catalog_text":"","template_catalog_categories_visible":"","demo_title":"Erstellen Sie Ihr Umfrage-Widget","demo_caption":"Configure your Poll and add it to your Jimdo website for free!","default_faq_hidden":"","app_template_category":[],"platform":"239","template_public_id":"","codecanyon_url":"","codecanyon_item_id":"","codecanyon_price":"","pricing_caption":"","pricing_elfsight_apps_hide_column":"","pricing_elfsight_apps_url":"","pricing_codecanyon_price_caption":"","integration_category":[],"integration_request_title":"","integration_request_cta":"","integration_platform":"","integrations":[],"platform_category":[],"video_schema_markup":"","price":"ab 0 $ \/ Monat","trial":"","benefits":[{"text":"Kostenlose Installationshilfe"},{"text":"Kompetenter Kundenservice"},{"text":"14-t\u00e4gige R\u00fcckerstattungsgarantie"},{"text":"Lebenslange Verbesserungen"}],"button_url":"#demo","button_target_blank":"","button_nofollow":"","attributes":[{"name":"Installieren","content":"50,000 - 100,000"},{"name":"Reaktionsfreudig","content":"Ja"},{"name":"Kompatible Browser","content":"Firefox, Safari, Opera, Chrome, Edge"}],"tags":[],"tags_disable_links":"","hide_more_platforms":"","video_object":"","demo_hide_cta":"","demo_hide_cloud_options":"","pricing_title":"","pricing":[{"pricing_icon":"platform","pricing_title":"Elfsight Apps","pricing_title_caption":"Multiplattform-L\u00f6sung, die auf jeder Site funktioniert","pricing_price":"ab 0 $ \/ Monat","pricing_price_caption":"Beginnen Sie mit einem kostenlosen Plan","pricing_benefits":[{"text":"Unbegrenzte Domains"},{"text":"Professionelle Unterst\u00fctzung"},{"text":"Kostenloser Installationsservice"},{"text":"V\u00f6llig anpassbar"}],"pricing_button_text":"Zur Website hinzuf\u00fcgen","pricing_button_url":"#demo"}],"related_apps_title":"","related_apps_hidden":"","author":"","image":[],"title":"","job":"","social_networks":[]},"_links":{"self":[{"href":"https:\/\/elfsight.com\/de\/wp-json\/wp\/v2\/pages\/22894","targetHints":{"allow":["GET"]}}],"collection":[{"href":"https:\/\/elfsight.com\/de\/wp-json\/wp\/v2\/pages"}],"about":[{"href":"https:\/\/elfsight.com\/de\/wp-json\/wp\/v2\/types\/page"}],"author":[{"embeddable":true,"href":"https:\/\/elfsight.com\/de\/wp-json\/wp\/v2\/users\/9"}],"replies":[{"embeddable":true,"href":"https:\/\/elfsight.com\/de\/wp-json\/wp\/v2\/comments?post=22894"}],"version-history":[{"count":1,"href":"https:\/\/elfsight.com\/de\/wp-json\/wp\/v2\/pages\/22894\/revisions"}],"predecessor-version":[{"id":22898,"href":"https:\/\/elfsight.com\/de\/wp-json\/wp\/v2\/pages\/22894\/revisions\/22898"}],"up":[{"embeddable":true,"href":"https:\/\/elfsight.com\/de\/wp-json\/wp\/v2\/pages\/22477"}],"wp:attachment":[{"href":"https:\/\/elfsight.com\/de\/wp-json\/wp\/v2\/media?parent=22894"}],"curies":[{"name":"wp","href":"https:\/\/api.w.org\/{rel}","templated":true}]}}