{"id":22883,"date":"2024-09-30T18:27:29","date_gmt":"2024-09-30T18:27:29","guid":{"rendered":"https:\/\/elfsight.com\/de\/?page_id=22883"},"modified":"2025-07-10T08:24:45","modified_gmt":"2025-07-10T08:24:45","slug":"bigcommerce","status":"publish","type":"page","link":"https:\/\/elfsight.com\/de\/spinning-wheel-widget\/bigcommerce\/","title":{"rendered":"spinning wheel &#8211; bigcommerce"},"content":{"rendered":"<div class=\"application-platform-content-item-description application-platform-content-item\" id=\"description\" data-nav-section=\"description\"><h2>Spinning Wheel mit der Elfsight-App einbetten<\/h2> <p>Integrieren Sie ein dynamisches Spinning Wheel in Ihre Website! Personalisieren Sie bis zu 10 verschiedene Preise mit ma\u00dfgeschneiderten Inhalten, Bildern, exklusiven Rabattcodes und Handlungsaufforderungen. Sammeln Sie E-Mails, bevor Benutzer das Rad drehen, senden Sie automatische Benachrichtigungen an Gewinner, erhalten Sie Benutzeraktualisierungen in Echtzeit und kontrollieren Sie die Gewinnchancen f\u00fcr jeden Preis. Optimieren Sie die Anzeige mit intelligenten Triggern und ger\u00e4tespezifischem Targeting. Die App unterst\u00fctzt \u00fcber 70 Sprachen und reagiert vollst\u00e4ndig. Passen Sie das Erscheinungsbild und Verhalten mit Ihrem eigenen CSS und JavaScript an.<\/p> <p><b>Steigern Sie das Engagement und steigern Sie die Conversions, indem Sie Ihren Besuchern attraktive Belohnungen anbieten!<\/b><\/p> <\/div> <div class=\"application-platform-content-item-features application-platform-content-item\" id=\"features\" data-nav-section=\"features\"> <h2>Hauptfunktionen der Spinning Wheel-App f\u00fcr Bigcommerce<\/h2> <p>Hier ist eine umfassende Liste der Funktionen f\u00fcr die Spinning Wheel-App, die auf Bigcommerce zugeschnitten ist. Diese Tools stehen im Editor zur Verf\u00fcgung, um Ihnen bei der Konfiguration der App f\u00fcr Ihre speziellen Anforderungen zu helfen.<\/p> <ul> <li>F\u00fcgen Sie dem fesselnden Spinnrad bis zu 10 einzigartige Preise hinzu.<\/li> <li>Benutzerdefinierte Inhalte f\u00fcr Jeder einzelne Preis.<\/li> <li>Jeder Preis kann seinen eigenen exklusiven Aktionscode haben.<\/li> <li>Spezielle Aktionsschaltfl\u00e4che f\u00fcr jeden Preis.<\/li> <li>Option zum Sammeln der E-Mails der Benutzer vor ihnen Drehen Sie das Rad.<\/li> <\/ul> <p>Diese App ist ideal f\u00fcr Bigcommerce-Benutzer, die interaktive Elemente zu ihrer Website hinzuf\u00fcgen m\u00f6chten.<\/p><p><a href=\"#demo\">Alles erkunden zus\u00e4tzliche Funktionen in der Demo<\/a><\/p> <\/div> <div class=\"application-platform-content-item-installation application-platform-content-item\" id=\"installation\" data-nav-section=\"installation\"> <h2>Wie bette ich das Spinning Wheel auf meiner Bigcommerce-Site ein?<\/h2> <p>Um das zu implementieren Um die App auf Ihrer Bigcommerce-Website zu installieren, f\u00fchren Sie einfach die folgenden Schritte aus:<\/p> <ul> <li><b>Erstellen Sie Ihre personalisierte Spinning Wheel-App<\/b><br> Nutzen Sie unsere kostenlose Demo, um die App mit Ihrem bevorzugten Look zu gestalten und Funktionen.<\/li> <li><b>Kopieren Sie den eindeutigen Code, um die App bereitzustellen<\/b><br> Nach der Konfiguration der App erhalten Sie einen pers\u00f6nlichen Code aus der Popup-Benachrichtigung in Elfsight Apps. Stellen Sie sicher, dass Sie diesen Code zur sp\u00e4teren Verwendung speichern.<\/li> <li><b>F\u00fcgen Sie die Spinning Wheel-App zu Ihrer Bigcommerce-Website hinzu<\/b><br> Navigieren Sie zu dem Abschnitt, in dem Sie die App platzieren m\u00f6chten, und f\u00fcgen Sie die ein Kopieren Sie den Code und \u00fcbernehmen Sie die \u00c4nderungen.<\/li> <li><b>App erfolgreich eingebettet!<\/b><br> Besuchen Sie Ihre Bigcommerce-Website, um Ihre App live in Aktion zu sehen.<\/li> <\/ul> <p>Wenn Sie Hilfe ben\u00f6tigen oder Fragen haben, z\u00f6gern Sie nicht, sich an unser Kundensupport-Team zu wenden. Wir sind immer bereit, Ihnen zu helfen, insbesondere wenn Sie Bigcommerce verwenden.<\/p> <div class=\"faq\" data-component=\"FAQ\"><div class=\"faq-item\">\r\n\t\t\t\t\t<div class=\"faq-item-question\">\r\n\t\t\t\t\t\t<h3 class=\"faq-item-question-text\">Wie kann ich das Spinning Wheel ohne Programmiererfahrung zu meiner Bigcommerce-Website hinzuf\u00fcgen?<\/h3>\r\n\r\n\t\t\t\t\t\t<div class=\"faq-item-question-icon\"><\/div>\r\n\t\t\t\t\t<\/div>\r\n\r\n\t\t\t\t\t<div class=\"faq-item-answer\">\r\n\t\t\t\t\t\t<div class=\"faq-item-answer-text\"> <p>Elfsight bietet eine SaaS-L\u00f6sung, mit der Sie ohne Programmierkenntnisse eine Spinning Wheel-App erstellen k\u00f6nnen. Nutzen Sie einfach den Online-Editor, um Ihre App einzurichten. W\u00e4hlen Sie eine Vorlage, passen Sie die Einstellungen an, f\u00fcgen Sie Ihren eigenen Inhalt hinzu und passen Sie das Layout und die Farben an. Wenn Sie fertig sind, speichern Sie die App und kopieren Sie den Installationscode, um ihn in Ihre Bigcommerce-Site einzubetten. F\u00fcr den Zugriff auf den Dienst sind weder ein kostenpflichtiges Abonnement noch Kreditkarteninformationen erforderlich. Wenn Sie auf Probleme sto\u00dfen, steht Ihnen unser technisches Support-Team zur Verf\u00fcgung.<\/p> <\/div>\r\n\t\t\t\t\t<\/div>\r\n\t\t\t\t<\/div> <\/div> <\/div>","protected":false},"excerpt":{"rendered":"","protected":false},"author":9,"featured_media":0,"parent":22470,"menu_order":0,"comment_status":"closed","ping_status":"closed","template":"templates\/template-application-platform.php","meta":{"publish_to_discourse":"","publish_post_category":"","wpdc_auto_publish_overridden":"","wpdc_topic_tags":"","wpdc_pin_topic":"","wpdc_pin_until":"","discourse_post_id":"","discourse_permalink":"","wpdc_publishing_response":"","wpdc_publishing_error":"","footnotes":""},"class_list":["post-22883","page","type-page","status-publish","hentry"],"yoast_head":"<!-- This site is optimized with the Yoast SEO plugin v25.3.1 - https:\/\/yoast.com\/wordpress\/plugins\/seo\/ -->\n<title>Spinning Wheel-Widget \u2013 Luck Spin auf der Website einbetten [KOSTENLOS]<\/title>\n<meta name=\"description\" content=\"Betten Sie ein interaktives Spinning Wheel auf der BigCommerce-Website ein. Sehen Sie sich alle Funktionen des BigCommerce Spinning Wheel-Plugins an, die Sie zur Website hinzuf\u00fcgen k\u00f6nnen.\" \/>\n<meta name=\"robots\" content=\"index, follow, max-snippet:-1, max-image-preview:large, max-video-preview:-1\" \/>\n<link rel=\"canonical\" href=\"https:\/\/elfsight.com\/de\/spinning-wheel-widget\/bigcommerce\/\" \/>\n<meta property=\"og:locale\" content=\"de_DE\" \/>\n<meta property=\"og:type\" content=\"article\" \/>\n<meta property=\"og:title\" content=\"Spinning Wheel-Widget \u2013 Luck Spin auf der Website einbetten [KOSTENLOS]\" \/>\n<meta property=\"og:description\" content=\"Betten Sie ein interaktives Spinning Wheel auf der BigCommerce-Website ein. Sehen Sie sich alle Funktionen des BigCommerce Spinning Wheel-Plugins an, die Sie zur Website hinzuf\u00fcgen k\u00f6nnen.\" \/>\n<meta property=\"og:url\" content=\"https:\/\/elfsight.com\/de\/spinning-wheel-widget\/bigcommerce\/\" \/>\n<meta property=\"og:site_name\" content=\"Elfsight DE\" \/>\n<meta property=\"article:modified_time\" content=\"2025-07-10T08:24:45+00:00\" \/>\n<meta name=\"twitter:card\" content=\"summary_large_image\" \/>\n<meta name=\"twitter:label1\" content=\"Gesch\u00e4tzte Lesezeit\" \/>\n\t<meta name=\"twitter:data1\" content=\"3\u00a0Minuten\" \/>\n<!-- \/ Yoast SEO plugin. -->","yoast_head_json":{"title":"Spinning Wheel-Widget \u2013 Luck Spin auf der Website einbetten [KOSTENLOS]","description":"Betten Sie ein interaktives Spinning Wheel auf der BigCommerce-Website ein. Sehen Sie sich alle Funktionen des BigCommerce Spinning Wheel-Plugins an, die Sie zur Website hinzuf\u00fcgen k\u00f6nnen.","robots":{"index":"index","follow":"follow","max-snippet":"max-snippet:-1","max-image-preview":"max-image-preview:large","max-video-preview":"max-video-preview:-1"},"canonical":"https:\/\/elfsight.com\/de\/spinning-wheel-widget\/bigcommerce\/","og_locale":"de_DE","og_type":"article","og_title":"Spinning Wheel-Widget \u2013 Luck Spin auf der Website einbetten [KOSTENLOS]","og_description":"Betten Sie ein interaktives Spinning Wheel auf der BigCommerce-Website ein. Sehen Sie sich alle Funktionen des BigCommerce Spinning Wheel-Plugins an, die Sie zur Website hinzuf\u00fcgen k\u00f6nnen.","og_url":"https:\/\/elfsight.com\/de\/spinning-wheel-widget\/bigcommerce\/","og_site_name":"Elfsight DE","article_modified_time":"2025-07-10T08:24:45+00:00","twitter_card":"summary_large_image","twitter_misc":{"Gesch\u00e4tzte Lesezeit":"3\u00a0Minuten"},"schema":{"@context":"https:\/\/schema.org","@graph":[{"@type":"WebPage","@id":"https:\/\/elfsight.com\/de\/spinning-wheel-widget\/bigcommerce\/","url":"https:\/\/elfsight.com\/de\/spinning-wheel-widget\/bigcommerce\/","name":"Spinning Wheel-Widget \u2013 Luck Spin auf der Website einbetten [KOSTENLOS]","isPartOf":{"@id":"https:\/\/elfsight.com\/de\/#website"},"datePublished":"2024-09-30T18:27:29+00:00","dateModified":"2025-07-10T08:24:45+00:00","description":"Betten Sie ein interaktives Spinning Wheel auf der BigCommerce-Website ein. Sehen Sie sich alle Funktionen des BigCommerce Spinning Wheel-Plugins an, die Sie zur Website hinzuf\u00fcgen k\u00f6nnen.","breadcrumb":{"@id":"https:\/\/elfsight.com\/de\/spinning-wheel-widget\/bigcommerce\/#breadcrumb"},"inLanguage":"de","potentialAction":[{"@type":"ReadAction","target":["https:\/\/elfsight.com\/de\/spinning-wheel-widget\/bigcommerce\/"]}]},{"@type":"BreadcrumbList","@id":"https:\/\/elfsight.com\/de\/spinning-wheel-widget\/bigcommerce\/#breadcrumb","itemListElement":[{"@type":"ListItem","position":1,"name":"Home","item":"https:\/\/elfsight.com\/de\/"},{"@type":"ListItem","position":2,"name":"Spinning Wheel","item":"https:\/\/elfsight.com\/de\/spinning-wheel-widget\/"},{"@type":"ListItem","position":3,"name":"spinning wheel &#8211; bigcommerce"}]},{"@type":"WebSite","@id":"https:\/\/elfsight.com\/de\/#website","url":"https:\/\/elfsight.com\/de\/","name":"Elfsight DE","description":"Just another Elfsight Sites site","potentialAction":[{"@type":"SearchAction","target":{"@type":"EntryPoint","urlTemplate":"https:\/\/elfsight.com\/de\/?s={search_term_string}"},"query-input":{"@type":"PropertyValueSpecification","valueRequired":true,"valueName":"search_term_string"}}],"inLanguage":"de"}]}},"meta_box":{"industry":"","seo_heading":"","heading":"","description":"","cta_heading":"","cta_description":"","application":"22465","h1":"Spinning Wheel-App f\u00fcr BigCommerce","h1_caption":"Steigern Sie das Engagement und die Conversions mit einem unterhaltsamen Spinning Wheel f\u00fcr BigCommerce, das Besuchern die Chance bietet, Rabatte, Pr\u00e4mien oder andere Anreize zu gewinnen.","application_category":[],"applications_title":"","applications_request_title":"","applications_request_button_text":"","hero_text":"","hero_video":"","hero_video_schema_markup":"","selling_points_title":"","selling_points_caption":"","selling_points":[],"selling_points_cta_text":"","features_title":"","features":"","ed_cta_examples_text":"","ed_cta_examples_hidden":"","ed_cta_demo_text":"","ed_cta_demo_hidden":"","why_caption":"","why_editor_title":"","why_editor_text":"","why_team_title":"","why_team_text":"","why_service_title":"","why_service_text":"","template_catalog_visible":"0","template_catalog_title":"","template_catalog_text":"","template_catalog_categories_visible":"","demo_title":"Erstellen Sie Ihre Spinning Wheel-App","demo_caption":"Configure your Spinning Wheel and add it to your BigCommerce website for free!","default_faq_hidden":"","app_template_category":[],"platform":"268","template_public_id":"","codecanyon_url":"","codecanyon_item_id":"","codecanyon_price":"","pricing_caption":"","pricing_elfsight_apps_hide_column":"","pricing_elfsight_apps_url":"","pricing_codecanyon_price_caption":"","integration_category":[],"integration_request_title":"","integration_request_cta":"","integration_platform":"","integrations":[],"platform_category":[],"video_schema_markup":"","price":"ab 0 $ \/ Monat","trial":"","benefits":[{"text":"Kostenlose Installationshilfe"},{"text":"Premium-Support"},{"text":"14-t\u00e4gige Geld-zur\u00fcck-Garantie"},{"text":"Kontinuierliche kostenlose Verbesserungen"}],"button_url":"#demo","button_target_blank":"","button_nofollow":"","attributes":[{"name":"Installiert","content":"1,000 - 5,000"},{"name":"Reaktionsfreudig","content":"Ja"},{"name":"Kompatible Browser","content":"IE11, Firefox, Safari, Opera, Chrome, Edge"}],"tags":[],"tags_disable_links":"","hide_more_platforms":"","video_object":"","demo_hide_cta":"","demo_hide_cloud_options":"","pricing_title":"","pricing":[{"pricing_icon":"platform","pricing_title":"Elfsight Apps","pricing_title_caption":"Plattformunabh\u00e4ngige L\u00f6sung, die auf jeder Website funktioniert","pricing_price":"ab 0 $ \/ Monat","pricing_price_caption":"Beginnen Sie mit einem kostenlosen Plan","pricing_benefits":[{"text":"Unbegrenzte Domains"},{"text":"Premium-Support"},{"text":"Kostenlose Installationshilfe"},{"text":"Sonderpreis f\u00fcr mehrere Apps"}],"pricing_button_text":"Zur Website hinzuf\u00fcgen","pricing_button_url":"#demo"}],"related_apps_title":"","related_apps_hidden":"","author":"","image":[],"title":"","job":"","social_networks":[]},"_links":{"self":[{"href":"https:\/\/elfsight.com\/de\/wp-json\/wp\/v2\/pages\/22883","targetHints":{"allow":["GET"]}}],"collection":[{"href":"https:\/\/elfsight.com\/de\/wp-json\/wp\/v2\/pages"}],"about":[{"href":"https:\/\/elfsight.com\/de\/wp-json\/wp\/v2\/types\/page"}],"author":[{"embeddable":true,"href":"https:\/\/elfsight.com\/de\/wp-json\/wp\/v2\/users\/9"}],"replies":[{"embeddable":true,"href":"https:\/\/elfsight.com\/de\/wp-json\/wp\/v2\/comments?post=22883"}],"version-history":[{"count":1,"href":"https:\/\/elfsight.com\/de\/wp-json\/wp\/v2\/pages\/22883\/revisions"}],"predecessor-version":[{"id":22887,"href":"https:\/\/elfsight.com\/de\/wp-json\/wp\/v2\/pages\/22883\/revisions\/22887"}],"up":[{"embeddable":true,"href":"https:\/\/elfsight.com\/de\/wp-json\/wp\/v2\/pages\/22470"}],"wp:attachment":[{"href":"https:\/\/elfsight.com\/de\/wp-json\/wp\/v2\/media?parent=22883"}],"curies":[{"name":"wp","href":"https:\/\/api.w.org\/{rel}","templated":true}]}}