{"id":22857,"date":"2024-07-10T17:01:08","date_gmt":"2024-07-10T17:01:08","guid":{"rendered":"https:\/\/elfsight.com\/de\/?page_id=22857"},"modified":"2025-01-09T07:56:03","modified_gmt":"2025-01-09T07:56:03","slug":"create","status":"publish","type":"page","link":"https:\/\/elfsight.com\/de\/appointment-booking-widget\/create\/","title":{"rendered":"Appointment Booking &#8211; Create"},"content":{"rendered":"<div class=\"faq\" data-component=\"FAQ\"><div class=\"faq\" data-component=\"FAQ\"><\/div><div class=\"faq-item\">\r\n\t\t\t\t\t<div class=\"faq-item-question\">\r\n\t\t\t\t\t\t<h3 class=\"faq-item-question-text\">Gibt es eine M\u00f6glichkeit, den Stil des Widgets zu \u00e4ndern?<\/h3>\r\n\r\n\t\t\t\t\t\t<div class=\"faq-item-question-icon\"><\/div>\r\n\t\t\t\t\t<\/div>\r\n\r\n\t\t\t\t\t<div class=\"faq-item-answer\">\r\n\t\t\t\t\t\t<div class=\"faq-item-answer-text\">Auf jeden Fall! Alle erforderlichen \u00c4nderungen k\u00f6nnen Sie in unserem Live-Editor durchf\u00fchren. Sie m\u00fcssen lediglich die Registerkarte \u201eDesign\u201c \u00f6ffnen und alle erforderlichen \u00c4nderungen vornehmen. Wenn Sie fertig sind, speichern Sie die Anpassungen.<\/div>\r\n\t\t\t\t\t<\/div>\r\n\t\t\t\t<\/div><div class=\"faq-item\">\r\n\t\t\t\t\t<div class=\"faq-item-question\">\r\n\t\t\t\t\t\t<h3 class=\"faq-item-question-text\">Wie kann ich die Terminbuchung in meine Website-Vorlage einbetten?<\/h3>\r\n\r\n\t\t\t\t\t\t<div class=\"faq-item-question-icon\"><\/div>\r\n\t\t\t\t\t<\/div>\r\n\r\n\t\t\t\t\t<div class=\"faq-item-answer\">\r\n\t\t\t\t\t\t<div class=\"faq-item-answer-text\">Erstellen Sie Ihr Tool, passen Sie seinen Stil an und speichern Sie die Ergebnisse. Kopieren Sie dann den Code des Tools, das Sie gerade geformt haben, und f\u00fcgen Sie ihn in die Vorlage ein, die Sie gerade verwenden.<\/div>\r\n\t\t\t\t\t<\/div>\r\n\t\t\t\t<\/div><div class=\"faq-item\">\r\n\t\t\t\t\t<div class=\"faq-item-question\">\r\n\t\t\t\t\t\t<h3 class=\"faq-item-question-text\">Funktionieren alle Ihre Widgets mit meiner Website-Plattform?<\/h3>\r\n\r\n\t\t\t\t\t\t<div class=\"faq-item-question-icon\"><\/div>\r\n\t\t\t\t\t<\/div>\r\n\r\n\t\t\t\t\t<div class=\"faq-item-answer\">\r\n\t\t\t\t\t\t<div class=\"faq-item-answer-text\">Nat\u00fcrlich! Unsere Widgets sind so konzipiert, dass sie auf allen bekannten Website-Plattformen, zum Beispiel Shopify, und auf allen Plattformen mit benutzerdefiniertem HTML (Blogger und viele mehr) hervorragend funktionieren. Sollten Sie auf Schwierigkeiten sto\u00dfen, k\u00f6nnen Sie sich jederzeit gerne an unsere Support-Mitarbeiter wenden.<\/div>\r\n\t\t\t\t\t<\/div>\r\n\t\t\t\t<\/div><div class=\"faq-item\">\r\n\t\t\t\t\t<div class=\"faq-item-question\">\r\n\t\t\t\t\t\t<h3 class=\"faq-item-question-text\">Reagiert Ihr Widget auf Mobilger\u00e4ten?<\/h3>\r\n\r\n\t\t\t\t\t\t<div class=\"faq-item-question-icon\"><\/div>\r\n\t\t\t\t\t<\/div>\r\n\r\n\t\t\t\t\t<div class=\"faq-item-answer\">\r\n\t\t\t\t\t\t<div class=\"faq-item-answer-text\">Sicherlich! Sie m\u00fcssen sich keine Sorgen um die Effizienz machen: Unsere Plugins sind stabil und sehen auf jedem von Ihnen verwendeten Ger\u00e4t reibungslos aus.<\/div>\r\n\t\t\t\t\t<\/div>\r\n\t\t\t\t<\/div><div class=\"faq-item\">\r\n\t\t\t\t\t<div class=\"faq-item-question\">\r\n\t\t\t\t\t\t<h3 class=\"faq-item-question-text\">Kann ich die Gr\u00f6\u00dfe der Terminbuchung \u00e4ndern?<\/h3>\r\n\r\n\t\t\t\t\t\t<div class=\"faq-item-question-icon\"><\/div>\r\n\t\t\t\t\t<\/div>\r\n\r\n\t\t\t\t\t<div class=\"faq-item-answer\">\r\n\t\t\t\t\t\t<div class=\"faq-item-answer-text\">Ja. Hier m\u00fcssen Sie lediglich zum Editor gehen und die Breite des Plugins in Pixel \u00e4ndern. Sie k\u00f6nnen auch die Option \u201eAutomatisch\u201c ausw\u00e4hlen, damit sie schnell an die verf\u00fcgbare Stelle auf Ihrer Seite passt.<\/div>\r\n\t\t\t\t\t<\/div>\r\n\t\t\t\t<\/div><\/div>","protected":false},"excerpt":{"rendered":"","protected":false},"author":9,"featured_media":0,"parent":22850,"menu_order":0,"comment_status":"closed","ping_status":"closed","template":"templates\/template-application-create.php","meta":{"publish_to_discourse":"","publish_post_category":"","wpdc_auto_publish_overridden":"","wpdc_topic_tags":"","wpdc_pin_topic":"","wpdc_pin_until":"","discourse_post_id":"","discourse_permalink":"","wpdc_publishing_response":"","wpdc_publishing_error":"","footnotes":""},"class_list":["post-22857","page","type-page","status-publish","hentry"],"yoast_head":"<!-- This site is optimized with the Yoast SEO plugin v25.3.1 - https:\/\/yoast.com\/wordpress\/plugins\/seo\/ -->\n<title>Erstellen Sie ein Terminbuchungs-Widget f\u00fcr die Website [kostenlos]<\/title>\n<meta name=\"description\" content=\"Erstellen Sie mit dem Online-Editor Ihr eigenes Terminbuchungs-Widget f\u00fcr Ihre Website. Mit Elfsight ist es kostenlos und schnell.\" \/>\n<meta name=\"robots\" content=\"index, follow, max-snippet:-1, max-image-preview:large, max-video-preview:-1\" \/>\n<link rel=\"canonical\" href=\"https:\/\/elfsight.com\/de\/appointment-booking-widget\/create\/\" \/>\n<meta property=\"og:locale\" content=\"de_DE\" \/>\n<meta property=\"og:type\" content=\"article\" \/>\n<meta property=\"og:title\" content=\"Erstellen Sie ein Terminbuchungs-Widget f\u00fcr die Website [kostenlos]\" \/>\n<meta property=\"og:description\" content=\"Erstellen Sie mit dem Online-Editor Ihr eigenes Terminbuchungs-Widget f\u00fcr Ihre Website. Mit Elfsight ist es kostenlos und schnell.\" \/>\n<meta property=\"og:url\" content=\"https:\/\/elfsight.com\/de\/appointment-booking-widget\/create\/\" \/>\n<meta property=\"og:site_name\" content=\"Elfsight DE\" \/>\n<meta property=\"article:modified_time\" content=\"2025-01-09T07:56:03+00:00\" \/>\n<meta name=\"twitter:card\" content=\"summary_large_image\" \/>\n<meta name=\"twitter:label1\" content=\"Gesch\u00e4tzte Lesezeit\" \/>\n\t<meta name=\"twitter:data1\" content=\"2\u00a0Minuten\" \/>\n<!-- \/ Yoast SEO plugin. -->","yoast_head_json":{"title":"Erstellen Sie ein Terminbuchungs-Widget f\u00fcr die Website [kostenlos]","description":"Erstellen Sie mit dem Online-Editor Ihr eigenes Terminbuchungs-Widget f\u00fcr Ihre Website. Mit Elfsight ist es kostenlos und schnell.","robots":{"index":"index","follow":"follow","max-snippet":"max-snippet:-1","max-image-preview":"max-image-preview:large","max-video-preview":"max-video-preview:-1"},"canonical":"https:\/\/elfsight.com\/de\/appointment-booking-widget\/create\/","og_locale":"de_DE","og_type":"article","og_title":"Erstellen Sie ein Terminbuchungs-Widget f\u00fcr die Website [kostenlos]","og_description":"Erstellen Sie mit dem Online-Editor Ihr eigenes Terminbuchungs-Widget f\u00fcr Ihre Website. Mit Elfsight ist es kostenlos und schnell.","og_url":"https:\/\/elfsight.com\/de\/appointment-booking-widget\/create\/","og_site_name":"Elfsight DE","article_modified_time":"2025-01-09T07:56:03+00:00","twitter_card":"summary_large_image","twitter_misc":{"Gesch\u00e4tzte Lesezeit":"2\u00a0Minuten"},"schema":{"@context":"https:\/\/schema.org","@graph":[{"@type":"WebPage","@id":"https:\/\/elfsight.com\/de\/appointment-booking-widget\/create\/","url":"https:\/\/elfsight.com\/de\/appointment-booking-widget\/create\/","name":"Erstellen Sie ein Terminbuchungs-Widget f\u00fcr die Website [kostenlos]","isPartOf":{"@id":"https:\/\/elfsight.com\/de\/#website"},"datePublished":"2024-07-10T17:01:08+00:00","dateModified":"2025-01-09T07:56:03+00:00","description":"Erstellen Sie mit dem Online-Editor Ihr eigenes Terminbuchungs-Widget f\u00fcr Ihre Website. Mit Elfsight ist es kostenlos und schnell.","breadcrumb":{"@id":"https:\/\/elfsight.com\/de\/appointment-booking-widget\/create\/#breadcrumb"},"inLanguage":"de","potentialAction":[{"@type":"ReadAction","target":["https:\/\/elfsight.com\/de\/appointment-booking-widget\/create\/"]}]},{"@type":"BreadcrumbList","@id":"https:\/\/elfsight.com\/de\/appointment-booking-widget\/create\/#breadcrumb","itemListElement":[{"@type":"ListItem","position":1,"name":"Home","item":"https:\/\/elfsight.com\/de\/"},{"@type":"ListItem","position":2,"name":"Appointment Booking","item":"https:\/\/elfsight.com\/de\/appointment-booking-widget\/"},{"@type":"ListItem","position":3,"name":"Appointment Booking &#8211; Create"}]},{"@type":"WebSite","@id":"https:\/\/elfsight.com\/de\/#website","url":"https:\/\/elfsight.com\/de\/","name":"Elfsight DE","description":"Just another Elfsight Sites site","potentialAction":[{"@type":"SearchAction","target":{"@type":"EntryPoint","urlTemplate":"https:\/\/elfsight.com\/de\/?s={search_term_string}"},"query-input":{"@type":"PropertyValueSpecification","valueRequired":true,"valueName":"search_term_string"}}],"inLanguage":"de"}]}},"meta_box":{"industry":"","seo_heading":"","heading":"","description":"","cta_heading":"","cta_description":"","application":"22849","h1":"","h1_caption":"","application_category":[],"applications_title":"","applications_request_title":"","applications_request_button_text":"","hero_text":"","hero_video":"","hero_video_schema_markup":"","selling_points_title":"","selling_points_caption":"","selling_points":[],"selling_points_cta_text":"","features_title":"","features":"","ed_cta_examples_text":"","ed_cta_examples_hidden":"","ed_cta_demo_text":"","ed_cta_demo_hidden":"","why_caption":"","why_editor_title":"","why_editor_text":"","why_team_title":"","why_team_text":"","why_service_title":"","why_service_text":"","template_catalog_visible":"","template_catalog_title":"","template_catalog_text":"","template_catalog_categories_visible":"","demo_title":"","demo_caption":"","default_faq_hidden":"","app_template_category":[],"platform":"","template_public_id":"","codecanyon_url":"","codecanyon_item_id":"","codecanyon_price":"","pricing_caption":"","pricing_elfsight_apps_hide_column":"","pricing_elfsight_apps_url":"","pricing_codecanyon_price_caption":"","integration_category":[],"integration_request_title":"","integration_request_cta":"","integration_platform":"","integrations":[],"platform_category":[],"video_schema_markup":"","price":"","trial":"","benefits":[],"button_url":"","button_target_blank":"0","button_nofollow":"","attributes":[],"tags":[],"tags_disable_links":"","hide_more_platforms":"","video_object":"","demo_hide_cta":"","demo_hide_cloud_options":"","pricing_title":"","pricing":[],"related_apps_title":"","related_apps_hidden":"","author":"","image":[],"title":"","job":"","social_networks":[]},"_links":{"self":[{"href":"https:\/\/elfsight.com\/de\/wp-json\/wp\/v2\/pages\/22857","targetHints":{"allow":["GET"]}}],"collection":[{"href":"https:\/\/elfsight.com\/de\/wp-json\/wp\/v2\/pages"}],"about":[{"href":"https:\/\/elfsight.com\/de\/wp-json\/wp\/v2\/types\/page"}],"author":[{"embeddable":true,"href":"https:\/\/elfsight.com\/de\/wp-json\/wp\/v2\/users\/9"}],"replies":[{"embeddable":true,"href":"https:\/\/elfsight.com\/de\/wp-json\/wp\/v2\/comments?post=22857"}],"version-history":[{"count":1,"href":"https:\/\/elfsight.com\/de\/wp-json\/wp\/v2\/pages\/22857\/revisions"}],"predecessor-version":[{"id":22858,"href":"https:\/\/elfsight.com\/de\/wp-json\/wp\/v2\/pages\/22857\/revisions\/22858"}],"up":[{"embeddable":true,"href":"https:\/\/elfsight.com\/de\/wp-json\/wp\/v2\/pages\/22850"}],"wp:attachment":[{"href":"https:\/\/elfsight.com\/de\/wp-json\/wp\/v2\/media?parent=22857"}],"curies":[{"name":"wp","href":"https:\/\/api.w.org\/{rel}","templated":true}]}}