{"id":2262,"date":"2020-08-17T07:49:04","date_gmt":"2020-08-17T07:49:04","guid":{"rendered":"https:\/\/elfsight.com\/de\/?page_id=2262"},"modified":"2022-03-21T09:54:20","modified_gmt":"2022-03-21T09:54:20","slug":"pricing","status":"publish","type":"page","link":"https:\/\/elfsight.com\/de\/radio-player-widget\/pricing\/","title":{"rendered":"Radio Player &#8211; Pricing"},"content":{"rendered":"\n<div class=\"faq\" data-component=\"FAQ\">\n<div class=\"faq-item\">\r\n\t\t\t\t\t<div class=\"faq-item-question\">\r\n\t\t\t\t\t\t<h3 class=\"faq-item-question-text\"> Bieten Sie ein kostenloses Abonnement f\u00fcr Ihre Widgets?<\/h3>\r\n\r\n\t\t\t\t\t\t<div class=\"faq-item-question-icon\"><\/div>\r\n\t\t\t\t\t<\/div>\r\n\r\n\t\t\t\t\t<div class=\"faq-item-answer\">\r\n\t\t\t\t\t\t<div class=\"faq-item-answer-text\">\nJa, nat\u00fcrlich. Unsere Firma liefert einen kostenlosen Plan f\u00fcr alle Apps. Zudem begrenzen wir die wichtigen Funktionsvielfalt und die Bearbeitungsoptionen nicht. Z\u00f6gern Sie nicht alle Vorteile kostenfreier Elfsight-Plugins f\u00fcr Ihre Website zu nutzen. \n<\/div>\r\n\t\t\t\t\t<\/div>\r\n\t\t\t\t<\/div>\n\n<div class=\"faq-item\">\r\n\t\t\t\t\t<div class=\"faq-item-question\">\r\n\t\t\t\t\t\t<h3 class=\"faq-item-question-text\">Gibt es eine Nachfrist f\u00fcr Ihre Radio Widgets?<\/h3>\r\n\r\n\t\t\t\t\t\t<div class=\"faq-item-question-icon\"><\/div>\r\n\t\t\t\t\t<\/div>\r\n\r\n\t\t\t\t\t<div class=\"faq-item-answer\">\r\n\t\t\t\t\t\t<div class=\"faq-item-answer-text\">\n\nElfsight kostenloser Plan hat keine Nutzungsbeschr\u00e4nkung. Kunden k\u00f6nnen das App auf der Website so lange anwenden, wie Sie es wollen. \n<\/div>\r\n\t\t\t\t\t<\/div>\r\n\t\t\t\t<\/div>\n\n<div class=\"faq-item\">\r\n\t\t\t\t\t<div class=\"faq-item-question\">\r\n\t\t\t\t\t\t<h3 class=\"faq-item-question-text\">Bietet Elfsight einige Rabattgutscheine?<\/h3>\r\n\r\n\t\t\t\t\t\t<div class=\"faq-item-question-icon\"><\/div>\r\n\t\t\t\t\t<\/div>\r\n\r\n\t\t\t\t\t<div class=\"faq-item-answer\">\r\n\t\t\t\t\t\t<div class=\"faq-item-answer-text\">\n\nSicher, Sie k\u00f6nnen 20% Willkommens-Rabattcode f\u00fcr Ihr erstes Zahlung haben. Bitte achten Sie darauf, dass Sie es innerhalb von 24 Stunden benutzen sollen. Dann bekommen Sie 30% Rabatt f\u00fcr den n\u00e4chsten Kauf eines bezahlten Abonnements. \n<\/div>\r\n\t\t\t\t\t<\/div>\r\n\t\t\t\t<\/div>\n\n<div class=\"faq-item\">\r\n\t\t\t\t\t<div class=\"faq-item-question\">\r\n\t\t\t\t\t\t<h3 class=\"faq-item-question-text\">Kann ich mein Abonnement f\u00fcr das App sp\u00e4ter \u00e4ndern?<\/h3>\r\n\r\n\t\t\t\t\t\t<div class=\"faq-item-question-icon\"><\/div>\r\n\t\t\t\t\t<\/div>\r\n\r\n\t\t\t\t\t<div class=\"faq-item-answer\">\r\n\t\t\t\t\t\t<div class=\"faq-item-answer-text\">\n\nNat\u00fcrlich! Sie k\u00f6nnen das Tarif jeder Stunde \u00e4ndern oder k\u00fcndigen. Die Kosten geschenkt f\u00fcr fr\u00fcheren Plan wird zu einem neuen Kauf erneut berechnet. \n<\/div>\r\n\t\t\t\t\t<\/div>\r\n\t\t\t\t<\/div>\n\n<div class=\"faq-item\">\r\n\t\t\t\t\t<div class=\"faq-item-question\">\r\n\t\t\t\t\t\t<h3 class=\"faq-item-question-text\">Was ist die Beschr\u00e4nkung von der Anzahl der App-Views?<\/h3>\r\n\r\n\t\t\t\t\t\t<div class=\"faq-item-question-icon\"><\/div>\r\n\t\t\t\t\t<\/div>\r\n\r\n\t\t\t\t\t<div class=\"faq-item-answer\">\r\n\t\t\t\t\t\t<div class=\"faq-item-answer-text\">\n\nDie Anzahl der Aufrufe zeigt die Anzahl der Widget-Laden auf Ihrer Seite. Dies bezeichnet die Menge der einzelne Benutzer auf Ihre Seite mit den Widgets nicht. \nDas Limit der Views betr\u00e4gt pro Monat und wird jeden Monat ersetzt und liegt an Ihrem Plan. \n<\/div>\r\n\t\t\t\t\t<\/div>\r\n\t\t\t\t<\/div>\n\n<div class=\"faq-item\">\r\n\t\t\t\t\t<div class=\"faq-item-question\">\r\n\t\t\t\t\t\t<h3 class=\"faq-item-question-text\">Auf wie viele Webseiten kann man das Widget einbetten?<\/h3>\r\n\r\n\t\t\t\t\t\t<div class=\"faq-item-question-icon\"><\/div>\r\n\t\t\t\t\t<\/div>\r\n\r\n\t\t\t\t\t<div class=\"faq-item-answer\">\r\n\t\t\t\t\t\t<div class=\"faq-item-answer-text\">\n\nWenn Sie einen kostenlosen Abonnement haben, k\u00f6nnen Sie das App nur auf einer Seite generieren. \nIn den bezahlten Abonnements gibt es keine Einschr\u00e4nkungen &#8211; Sie k\u00f6nnen so viele Apps f\u00fcr Ihre Website einbinden wie Sie brauchen. \n<\/div>\r\n\t\t\t\t\t<\/div>\r\n\t\t\t\t<\/div>\n\n<div class=\"faq-item\">\r\n\t\t\t\t\t<div class=\"faq-item-question\">\r\n\t\t\t\t\t\t<h3 class=\"faq-item-question-text\">Kann ich eine kostenlose Installationshilfe von Ihrem Support-Team erhalten?<\/h3>\r\n\r\n\t\t\t\t\t\t<div class=\"faq-item-question-icon\"><\/div>\r\n\t\t\t\t\t<\/div>\r\n\r\n\t\t\t\t\t<div class=\"faq-item-answer\">\r\n\t\t\t\t\t\t<div class=\"faq-item-answer-text\">\n\nJa, wir garantiert allen unseren Benutzern kostenfreien Support bei der Anpassung und Installation des Apps. Unsere Kunden k\u00f6nnen Elfsight freundliches Support-Team E-Mail senden. \n<\/div>\r\n\t\t\t\t\t<\/div>\r\n\t\t\t\t<\/div>\n<\/div>\n","protected":false},"excerpt":{"rendered":"","protected":false},"author":9,"featured_media":0,"parent":2242,"menu_order":0,"comment_status":"closed","ping_status":"closed","template":"templates\/template-application-pricing.php","meta":{"publish_to_discourse":"","publish_post_category":"","wpdc_auto_publish_overridden":"","wpdc_topic_tags":"","wpdc_pin_topic":"","wpdc_pin_until":"","discourse_post_id":"","discourse_permalink":"","wpdc_publishing_response":"","wpdc_publishing_error":"","footnotes":""},"class_list":["post-2262","page","type-page","status-publish","hentry"],"yoast_head":"<!-- This site is optimized with the Yoast SEO plugin v25.3.1 - https:\/\/yoast.com\/wordpress\/plugins\/seo\/ -->\n<title>Elfsight Radio Player Widget - Preise (kostenlose und Premium-Angebote)<\/title>\n<meta name=\"description\" content=\"Erstellen Sie Ihr Streaming Music Player-Widget f\u00fcr die Website zum g\u00fcnstigsten Preis! Die Tarife f\u00fcr das Online-Radio reichen von kostenlos bis Premium.\" \/>\n<meta name=\"robots\" content=\"index, follow, max-snippet:-1, max-image-preview:large, max-video-preview:-1\" \/>\n<link rel=\"canonical\" href=\"https:\/\/elfsight.com\/de\/radio-player-widget\/pricing\/\" \/>\n<meta property=\"og:locale\" content=\"de_DE\" \/>\n<meta property=\"og:type\" content=\"article\" \/>\n<meta property=\"og:title\" content=\"Elfsight Radio Player Widget - Preise (kostenlose und Premium-Angebote)\" \/>\n<meta property=\"og:description\" content=\"Erstellen Sie Ihr Streaming Music Player-Widget f\u00fcr die Website zum g\u00fcnstigsten Preis! Die Tarife f\u00fcr das Online-Radio reichen von kostenlos bis Premium.\" \/>\n<meta property=\"og:url\" content=\"https:\/\/elfsight.com\/de\/radio-player-widget\/pricing\/\" \/>\n<meta property=\"og:site_name\" content=\"Elfsight DE\" \/>\n<meta property=\"article:modified_time\" content=\"2022-03-21T09:54:20+00:00\" \/>\n<meta name=\"twitter:card\" content=\"summary_large_image\" \/>\n<meta name=\"twitter:label1\" content=\"Gesch\u00e4tzte Lesezeit\" \/>\n\t<meta name=\"twitter:data1\" content=\"2\u00a0Minuten\" \/>\n<!-- \/ Yoast SEO plugin. -->","yoast_head_json":{"title":"Elfsight Radio Player Widget - Preise (kostenlose und Premium-Angebote)","description":"Erstellen Sie Ihr Streaming Music Player-Widget f\u00fcr die Website zum g\u00fcnstigsten Preis! Die Tarife f\u00fcr das Online-Radio reichen von kostenlos bis Premium.","robots":{"index":"index","follow":"follow","max-snippet":"max-snippet:-1","max-image-preview":"max-image-preview:large","max-video-preview":"max-video-preview:-1"},"canonical":"https:\/\/elfsight.com\/de\/radio-player-widget\/pricing\/","og_locale":"de_DE","og_type":"article","og_title":"Elfsight Radio Player Widget - Preise (kostenlose und Premium-Angebote)","og_description":"Erstellen Sie Ihr Streaming Music Player-Widget f\u00fcr die Website zum g\u00fcnstigsten Preis! Die Tarife f\u00fcr das Online-Radio reichen von kostenlos bis Premium.","og_url":"https:\/\/elfsight.com\/de\/radio-player-widget\/pricing\/","og_site_name":"Elfsight DE","article_modified_time":"2022-03-21T09:54:20+00:00","twitter_card":"summary_large_image","twitter_misc":{"Gesch\u00e4tzte Lesezeit":"2\u00a0Minuten"},"schema":{"@context":"https:\/\/schema.org","@graph":[{"@type":"WebPage","@id":"https:\/\/elfsight.com\/de\/radio-player-widget\/pricing\/","url":"https:\/\/elfsight.com\/de\/radio-player-widget\/pricing\/","name":"Elfsight Radio Player Widget - Preise (kostenlose und Premium-Angebote)","isPartOf":{"@id":"https:\/\/elfsight.com\/de\/#website"},"datePublished":"2020-08-17T07:49:04+00:00","dateModified":"2022-03-21T09:54:20+00:00","description":"Erstellen Sie Ihr Streaming Music Player-Widget f\u00fcr die Website zum g\u00fcnstigsten Preis! Die Tarife f\u00fcr das Online-Radio reichen von kostenlos bis Premium.","breadcrumb":{"@id":"https:\/\/elfsight.com\/de\/radio-player-widget\/pricing\/#breadcrumb"},"inLanguage":"de","potentialAction":[{"@type":"ReadAction","target":["https:\/\/elfsight.com\/de\/radio-player-widget\/pricing\/"]}]},{"@type":"BreadcrumbList","@id":"https:\/\/elfsight.com\/de\/radio-player-widget\/pricing\/#breadcrumb","itemListElement":[{"@type":"ListItem","position":1,"name":"Home","item":"https:\/\/elfsight.com\/de\/"},{"@type":"ListItem","position":2,"name":"Radio Player","item":"https:\/\/elfsight.com\/de\/radio-player-widget\/"},{"@type":"ListItem","position":3,"name":"Radio Player &#8211; Pricing"}]},{"@type":"WebSite","@id":"https:\/\/elfsight.com\/de\/#website","url":"https:\/\/elfsight.com\/de\/","name":"Elfsight DE","description":"Just another Elfsight Sites site","potentialAction":[{"@type":"SearchAction","target":{"@type":"EntryPoint","urlTemplate":"https:\/\/elfsight.com\/de\/?s={search_term_string}"},"query-input":{"@type":"PropertyValueSpecification","valueRequired":true,"valueName":"search_term_string"}}],"inLanguage":"de"}]}},"meta_box":{"industry":"","seo_heading":"","heading":"","description":"","cta_heading":"","cta_description":"","application":"2241","h1":"Preise f\u00fcr Radio Player Widget","h1_caption":"","application_category":[],"applications_title":"","applications_request_title":"","applications_request_button_text":"","hero_text":"","hero_video":"","hero_video_schema_markup":"","selling_points_title":"","selling_points_caption":"","selling_points":[],"selling_points_cta_text":"","features_title":"","features":"","ed_cta_examples_text":"","ed_cta_examples_hidden":"","ed_cta_demo_text":"","ed_cta_demo_hidden":"","why_caption":"","why_editor_title":"","why_editor_text":"","why_team_title":"","why_team_text":"","why_service_title":"","why_service_text":"","template_catalog_visible":"","template_catalog_title":"","template_catalog_text":"","template_catalog_categories_visible":"","demo_title":"","demo_caption":"","default_faq_hidden":"1","app_template_category":[],"platform":"","template_public_id":"","codecanyon_url":"","codecanyon_item_id":"","codecanyon_price":"","pricing_caption":"","pricing_elfsight_apps_hide_column":"","pricing_elfsight_apps_url":"","pricing_codecanyon_price_caption":"","integration_category":[],"integration_request_title":"","integration_request_cta":"","integration_platform":"","integrations":[],"platform_category":[],"video_schema_markup":"","price":"","trial":"","benefits":[],"button_url":"","button_target_blank":"","button_nofollow":"","attributes":[],"tags":[],"tags_disable_links":"","hide_more_platforms":"","video_object":"","demo_hide_cta":"","demo_hide_cloud_options":"","pricing_title":"","pricing":[],"related_apps_title":"","related_apps_hidden":"","author":"","image":[],"title":"","job":"","social_networks":[]},"_links":{"self":[{"href":"https:\/\/elfsight.com\/de\/wp-json\/wp\/v2\/pages\/2262","targetHints":{"allow":["GET"]}}],"collection":[{"href":"https:\/\/elfsight.com\/de\/wp-json\/wp\/v2\/pages"}],"about":[{"href":"https:\/\/elfsight.com\/de\/wp-json\/wp\/v2\/types\/page"}],"author":[{"embeddable":true,"href":"https:\/\/elfsight.com\/de\/wp-json\/wp\/v2\/users\/9"}],"replies":[{"embeddable":true,"href":"https:\/\/elfsight.com\/de\/wp-json\/wp\/v2\/comments?post=2262"}],"version-history":[{"count":7,"href":"https:\/\/elfsight.com\/de\/wp-json\/wp\/v2\/pages\/2262\/revisions"}],"predecessor-version":[{"id":7031,"href":"https:\/\/elfsight.com\/de\/wp-json\/wp\/v2\/pages\/2262\/revisions\/7031"}],"up":[{"embeddable":true,"href":"https:\/\/elfsight.com\/de\/wp-json\/wp\/v2\/pages\/2242"}],"wp:attachment":[{"href":"https:\/\/elfsight.com\/de\/wp-json\/wp\/v2\/media?parent=2262"}],"curies":[{"name":"wp","href":"https:\/\/api.w.org\/{rel}","templated":true}]}}