{"id":2252,"date":"2020-08-17T07:49:22","date_gmt":"2020-08-17T07:49:22","guid":{"rendered":"https:\/\/elfsight.com\/de\/?page_id=2252"},"modified":"2024-07-16T14:53:58","modified_gmt":"2024-07-16T14:53:58","slug":"examples","status":"publish","type":"page","link":"https:\/\/elfsight.com\/de\/radio-player-widget\/examples\/","title":{"rendered":"Radio Player &#8211; Examples"},"content":{"rendered":"\n<div class=\"application-examples-item application-examples-item-loading\">\n                            <div class=\"col-row\">\n                                <div class=\"col-6 col-m-8 col-s-12\"><h3 class=\"application-examples-item-title\">Example 1. News Radio<\/h3><div class=\"application-examples-item-description\">Informieren Sie Ihre G\u00e4ste \u00fcber die neuesten Nachrichten. Bilden die Playliste mit Nachrichtensender. Mithilfe die Floatin Layout k\u00f6nnen Sie die Funktion am unten Ihre Webseite einstellen.<\/div><\/div>\n                <\/div>\n\n                <div class=\"application-examples-item-iframe-container browser-frame\">\n                    <div class=\"application-examples-item-iframe-wrapper\">\n                        <iframe class=\"application-examples-item-iframe application-examples-item-iframe-fixed-height\" data-src=\"https:\/\/elfsight.com\/examples?widget_id=1974fe4f-5cb6-4368-9bcb-9cfde88f93c3\" width=\"100%\" height=\"500\" allow=\"autoplay; fullscreen\"><\/iframe>\n                    <\/div>\n\n                    <div class=\"application-examples-item-loader\"><\/div>\n                <\/div>\n            <\/div>\n\n<div class=\"application-examples-item application-examples-item-loading\">\n                            <div class=\"col-row\">\n                                <div class=\"col-6 col-m-8 col-s-12\"><h3 class=\"application-examples-item-title\">Example 2. Hintergrund Radio<\/h3><div class=\"application-examples-item-description\">N\u00fctzen Sie Ihre Radio Player als eine Hintergrund Musik Quelle. F\u00fcgen Sie die Play-Taste und das Hintergrundbild hinzu, um es gut mit Ihre Website-Styling zu vermischen.<\/div><\/div>\n                <\/div>\n\n                <div class=\"application-examples-item-iframe-container browser-frame\">\n                    <div class=\"application-examples-item-iframe-wrapper\">\n                        <iframe class=\"application-examples-item-iframe application-examples-item-iframe-fixed-height\" data-src=\"https:\/\/elfsight.com\/examples?widget_id=f88f9da6-56b8-4f3e-824d-5192eabfafc3\" width=\"100%\" height=\"500\" allow=\"autoplay; fullscreen\"><\/iframe>\n                    <\/div>\n\n                    <div class=\"application-examples-item-loader\"><\/div>\n                <\/div>\n            <\/div>\n\n<div class=\"application-examples-item application-examples-item-loading\">\n                            <div class=\"col-row\">\n                                <div class=\"col-6 col-m-8 col-s-12\"><h3 class=\"application-examples-item-title\">Example 3. Die Liste der Musik Radiosender<\/h3><div class=\"application-examples-item-description\">Versorgen Sie Ihre Besucher mit eine Auswahl von Stationen. Bilden Sie ein attraktives Angebot und organisieren es in der Playliste f\u00fcr bessere Benutzerfreundlichkeit.<\/div><\/div>\n                <\/div>\n\n                <div class=\"application-examples-item-iframe-container browser-frame\">\n                    <div class=\"application-examples-item-iframe-wrapper\">\n                        <iframe class=\"application-examples-item-iframe application-examples-item-iframe-fixed-height\" data-src=\"https:\/\/elfsight.com\/examples?widget_id=324528aa-ccdd-43ec-996b-4a9fe4632ec9\" width=\"100%\" height=\"500\" allow=\"autoplay; fullscreen\"><\/iframe>\n                    <\/div>\n\n                    <div class=\"application-examples-item-loader\"><\/div>\n                <\/div>\n            <\/div>\n\n<div class=\"application-cta-create\">\n                    <div class=\"application-cta-create-bg\">\n                        <div class=\"application-cta-create-bg-left\"><\/div>\n\n                        <div class=\"application-cta-create-bg-right\">\n                            <img decoding=\"async\" src=\"https:\/\/elfsight.com\/de\/wp-content\/themes\/elfsight\/frontend\/assets\/img\/application-cta-create.jpg\" alt=\"Beginnen Sie mit der Erstellung Ihres Widgets\">\n                        <\/div>\n                    <\/div>\n\n                    <div class=\"application-cta-create-content inner\">\n                        <div class=\"application-cta-create-content-inner\">\n                            <div class=\"application-cta-create-content-icon\">\n                                <svg viewBox=\"0 0 25 25\" width=\"100%\" height=\"100%\">\n                                    <use xlink:href=\"#icon-settings\"><\/use>\n                                <\/svg>\n                            <\/div>\n\n                            <div class=\"application-cta-create-content-title\">Beginnen Sie mit der Erstellung Ihres Widgets<\/div>\n\n                            <div class=\"application-cta-create-content-text\">Schnell. Einfach. Keine Codierung.<\/div>\n\n                            <a class=\"application-cta-create-content-button button-48 button-has-right-icon button-black button\" href=\"\">\n                                <span class=\"button-label\">Widget erstellen<\/span>\n\n                                <svg class=\"button-icon\">\n                                    <use xlink:href=\"#icon-arrow-link\"><\/use>\n                                <\/svg>\n                            <\/a>\n                        <\/div>\n                    <\/div>\n                <\/div>\n\n<div class=\"application-examples-item application-examples-item-loading\">\n                            <div class=\"col-row\">\n                                <div class=\"col-6 col-m-8 col-s-12\"><h3 class=\"application-examples-item-title\">Example 4. Wirtschaftssendungen<\/h3><div class=\"application-examples-item-description\">Wollen Sie, dass Ihre Besucher auf dem Laufenden \u00fcber die Wirtschaftsnachrichten sein? N\u00fctzen Sie die Embed Layout f\u00fcr Ihre ehrf\u00fcrchtig Playliste, und stellen Ihre Radiosendungen vor aller Augen ein. <\/div><\/div>\n                <\/div>\n\n                <div class=\"application-examples-item-iframe-container browser-frame\">\n                    <div class=\"application-examples-item-iframe-wrapper\">\n                        <iframe class=\"application-examples-item-iframe application-examples-item-iframe-fixed-height\" data-src=\"https:\/\/elfsight.com\/examples?widget_id=4810e0df-901c-4002-9586-cc4684b87433\" width=\"100%\" height=\"500\" allow=\"autoplay; fullscreen\"><\/iframe>\n                    <\/div>\n\n                    <div class=\"application-examples-item-loader\"><\/div>\n                <\/div>\n            <\/div>\n\n<div class=\"application-examples-item application-examples-item-loading\">\n                            <div class=\"col-row\">\n                                <div class=\"col-6 col-m-8 col-s-12\"><h3 class=\"application-examples-item-title\">Example 5. Meditation<\/h3><div class=\"application-examples-item-description\">Falls Sie wollen, Ihre Benutzer eine entspannende ununterbrochene Musik zu genie\u00dfen, Sie k\u00f6nnen ein Player bilden, die enthaltet nur zwei Bedientasten. Wenn es in der oberen rechten Ecke der Website eingestellten ist, es wird nicht bei Ihre Besucher vermisst.<\/div><\/div>\n                <\/div>\n\n                <div class=\"application-examples-item-iframe-container browser-frame\">\n                    <div class=\"application-examples-item-iframe-wrapper\">\n                        <iframe class=\"application-examples-item-iframe application-examples-item-iframe-fixed-height\" data-src=\"https:\/\/elfsight.com\/examples?widget_id=73ee1f59-b1cb-4b1c-a574-c3f13a4674aa\" width=\"100%\" height=\"500\" allow=\"autoplay; fullscreen\"><\/iframe>\n                    <\/div>\n\n                    <div class=\"application-examples-item-loader\"><\/div>\n                <\/div>\n            <\/div>\n\n<div class=\"application-examples-item application-examples-item-loading\">\n                            <div class=\"col-row\">\n                                <div class=\"col-6 col-m-8 col-s-12\"><h3 class=\"application-examples-item-title\">Example 6. Sportsendungen<\/h3><div class=\"application-examples-item-description\">Lassen Sie Ihre Besucher keine von den wichtigsten Sportnachrichten zu vermissen. Bilden Sie ein attraktives Angebot von Radiostationen und organisieren Sie ihnen via eine umschaltbare Playliste.<\/div><\/div>\n                <\/div>\n\n                <div class=\"application-examples-item-iframe-container browser-frame\">\n                    <div class=\"application-examples-item-iframe-wrapper\">\n                        <iframe class=\"application-examples-item-iframe application-examples-item-iframe-fixed-height\" data-src=\"https:\/\/elfsight.com\/examples?widget_id=65de7cbc-03ee-4834-af7a-c6829616f024\" width=\"100%\" height=\"500\" allow=\"autoplay; fullscreen\"><\/iframe>\n                    <\/div>\n\n                    <div class=\"application-examples-item-loader\"><\/div>\n                <\/div>\n            <\/div>\n","protected":false},"excerpt":{"rendered":"","protected":false},"author":9,"featured_media":0,"parent":2242,"menu_order":0,"comment_status":"closed","ping_status":"closed","template":"templates\/template-application-examples.php","meta":{"publish_to_discourse":"","publish_post_category":"","wpdc_auto_publish_overridden":"","wpdc_topic_tags":"","wpdc_pin_topic":"","wpdc_pin_until":"","discourse_post_id":"","discourse_permalink":"","wpdc_publishing_response":"","wpdc_publishing_error":"","footnotes":""},"class_list":["post-2252","page","type-page","status-publish","hentry"],"yoast_head":"<!-- This site is optimized with the Yoast SEO plugin v25.3.1 - https:\/\/yoast.com\/wordpress\/plugins\/seo\/ -->\n<title>Die besten Beispiele f\u00fcr Radio Player-Widgets auf einer Website (TOP 6)<\/title>\n<meta name=\"description\" content=\"TOP 6-Website Radio Player-Beispiele: Hintergrundradio, Business-Sendungen und andere Vorlagen. Beispiel eines Radio-Widgets f\u00fcr Ihre Website.\" \/>\n<meta name=\"robots\" content=\"index, follow, max-snippet:-1, max-image-preview:large, max-video-preview:-1\" \/>\n<link rel=\"canonical\" href=\"https:\/\/elfsight.com\/de\/radio-player-widget\/examples\/\" \/>\n<meta property=\"og:locale\" content=\"de_DE\" \/>\n<meta property=\"og:type\" content=\"article\" \/>\n<meta property=\"og:title\" content=\"Die besten Beispiele f\u00fcr Radio Player-Widgets auf einer Website (TOP 6)\" \/>\n<meta property=\"og:description\" content=\"TOP 6-Website Radio Player-Beispiele: Hintergrundradio, Business-Sendungen und andere Vorlagen. Beispiel eines Radio-Widgets f\u00fcr Ihre Website.\" \/>\n<meta property=\"og:url\" content=\"https:\/\/elfsight.com\/de\/radio-player-widget\/examples\/\" \/>\n<meta property=\"og:site_name\" content=\"Elfsight DE\" \/>\n<meta property=\"article:modified_time\" content=\"2024-07-16T14:53:58+00:00\" \/>\n<meta name=\"twitter:card\" content=\"summary_large_image\" \/>\n<meta name=\"twitter:label1\" content=\"Gesch\u00e4tzte Lesezeit\" \/>\n\t<meta name=\"twitter:data1\" content=\"2\u00a0Minuten\" \/>\n<!-- \/ Yoast SEO plugin. -->","yoast_head_json":{"title":"Die besten Beispiele f\u00fcr Radio Player-Widgets auf einer Website (TOP 6)","description":"TOP 6-Website Radio Player-Beispiele: Hintergrundradio, Business-Sendungen und andere Vorlagen. Beispiel eines Radio-Widgets f\u00fcr Ihre Website.","robots":{"index":"index","follow":"follow","max-snippet":"max-snippet:-1","max-image-preview":"max-image-preview:large","max-video-preview":"max-video-preview:-1"},"canonical":"https:\/\/elfsight.com\/de\/radio-player-widget\/examples\/","og_locale":"de_DE","og_type":"article","og_title":"Die besten Beispiele f\u00fcr Radio Player-Widgets auf einer Website (TOP 6)","og_description":"TOP 6-Website Radio Player-Beispiele: Hintergrundradio, Business-Sendungen und andere Vorlagen. Beispiel eines Radio-Widgets f\u00fcr Ihre Website.","og_url":"https:\/\/elfsight.com\/de\/radio-player-widget\/examples\/","og_site_name":"Elfsight DE","article_modified_time":"2024-07-16T14:53:58+00:00","twitter_card":"summary_large_image","twitter_misc":{"Gesch\u00e4tzte Lesezeit":"2\u00a0Minuten"},"schema":{"@context":"https:\/\/schema.org","@graph":[{"@type":"WebPage","@id":"https:\/\/elfsight.com\/de\/radio-player-widget\/examples\/","url":"https:\/\/elfsight.com\/de\/radio-player-widget\/examples\/","name":"Die besten Beispiele f\u00fcr Radio Player-Widgets auf einer Website (TOP 6)","isPartOf":{"@id":"https:\/\/elfsight.com\/de\/#website"},"datePublished":"2020-08-17T07:49:22+00:00","dateModified":"2024-07-16T14:53:58+00:00","description":"TOP 6-Website Radio Player-Beispiele: Hintergrundradio, Business-Sendungen und andere Vorlagen. Beispiel eines Radio-Widgets f\u00fcr Ihre Website.","breadcrumb":{"@id":"https:\/\/elfsight.com\/de\/radio-player-widget\/examples\/#breadcrumb"},"inLanguage":"de","potentialAction":[{"@type":"ReadAction","target":["https:\/\/elfsight.com\/de\/radio-player-widget\/examples\/"]}]},{"@type":"BreadcrumbList","@id":"https:\/\/elfsight.com\/de\/radio-player-widget\/examples\/#breadcrumb","itemListElement":[{"@type":"ListItem","position":1,"name":"Home","item":"https:\/\/elfsight.com\/de\/"},{"@type":"ListItem","position":2,"name":"Radio Player","item":"https:\/\/elfsight.com\/de\/radio-player-widget\/"},{"@type":"ListItem","position":3,"name":"Radio Player &#8211; Examples"}]},{"@type":"WebSite","@id":"https:\/\/elfsight.com\/de\/#website","url":"https:\/\/elfsight.com\/de\/","name":"Elfsight DE","description":"Just another Elfsight Sites site","potentialAction":[{"@type":"SearchAction","target":{"@type":"EntryPoint","urlTemplate":"https:\/\/elfsight.com\/de\/?s={search_term_string}"},"query-input":{"@type":"PropertyValueSpecification","valueRequired":true,"valueName":"search_term_string"}}],"inLanguage":"de"}]}},"meta_box":{"industry":"","seo_heading":"","heading":"","description":"","cta_heading":"","cta_description":"","application":"2241","h1":"Beispiele f\u00fcr das Radio Player Widget auf Ihre Seite","h1_caption":"Sehen Sie alle Beispiele f\u00fcr Radio Player Plugin, um das volle Potenzial des Widgets zu erkennen.","application_category":[],"applications_title":"","applications_request_title":"","applications_request_button_text":"","hero_text":"","hero_video":"","hero_video_schema_markup":"","selling_points_title":"","selling_points_caption":"","selling_points":[],"selling_points_cta_text":"","features_title":"","features":"","ed_cta_examples_text":"","ed_cta_examples_hidden":"","ed_cta_demo_text":"","ed_cta_demo_hidden":"","why_caption":"","why_editor_title":"","why_editor_text":"","why_team_title":"","why_team_text":"","why_service_title":"","why_service_text":"","template_catalog_visible":"","template_catalog_title":"","template_catalog_text":"","template_catalog_categories_visible":"","demo_title":"","demo_caption":"","default_faq_hidden":"","app_template_category":[],"platform":"","template_public_id":"","codecanyon_url":"","codecanyon_item_id":"","codecanyon_price":"","pricing_caption":"","pricing_elfsight_apps_hide_column":"","pricing_elfsight_apps_url":"","pricing_codecanyon_price_caption":"","integration_category":[],"integration_request_title":"","integration_request_cta":"","integration_platform":"","integrations":[],"platform_category":[],"video_schema_markup":"","price":"","trial":"","benefits":[],"button_url":"","button_target_blank":"","button_nofollow":"","attributes":[],"tags":[],"tags_disable_links":"","hide_more_platforms":"","video_object":"","demo_hide_cta":"","demo_hide_cloud_options":"","pricing_title":"","pricing":[],"related_apps_title":"","related_apps_hidden":"","author":"","image":[],"title":"","job":"","social_networks":[]},"_links":{"self":[{"href":"https:\/\/elfsight.com\/de\/wp-json\/wp\/v2\/pages\/2252","targetHints":{"allow":["GET"]}}],"collection":[{"href":"https:\/\/elfsight.com\/de\/wp-json\/wp\/v2\/pages"}],"about":[{"href":"https:\/\/elfsight.com\/de\/wp-json\/wp\/v2\/types\/page"}],"author":[{"embeddable":true,"href":"https:\/\/elfsight.com\/de\/wp-json\/wp\/v2\/users\/9"}],"replies":[{"embeddable":true,"href":"https:\/\/elfsight.com\/de\/wp-json\/wp\/v2\/comments?post=2252"}],"version-history":[{"count":3,"href":"https:\/\/elfsight.com\/de\/wp-json\/wp\/v2\/pages\/2252\/revisions"}],"predecessor-version":[{"id":22335,"href":"https:\/\/elfsight.com\/de\/wp-json\/wp\/v2\/pages\/2252\/revisions\/22335"}],"up":[{"embeddable":true,"href":"https:\/\/elfsight.com\/de\/wp-json\/wp\/v2\/pages\/2242"}],"wp:attachment":[{"href":"https:\/\/elfsight.com\/de\/wp-json\/wp\/v2\/media?parent=2252"}],"curies":[{"name":"wp","href":"https:\/\/api.w.org\/{rel}","templated":true}]}}